{"id":9464,"date":"2023-03-26T14:20:38","date_gmt":"2023-03-26T18:20:38","guid":{"rendered":"https:\/\/www.belleflamme.ca\/?post_type=product&#038;p=9464"},"modified":"2025-03-24T12:55:34","modified_gmt":"2025-03-24T16:55:34","slug":"poele-au-bois-hes170","status":"publish","type":"product","link":"https:\/\/staging.belleflamme.ca\/fr\/produit\/poele-au-bois-hes170\/","title":{"rendered":"Po\u00eale au bois HES170"},"content":{"rendered":"<h3>Po\u00eales \u00e0 bois Ventis<\/h3>\n<p>\u25aaPo\u00eale \u00e0 bois sur pi\u00e9destal<br \/>\n\u25aaTaille moyenne convenant aux espaces plus petits<br \/>\n\u25aaCertifi\u00e9 EPA \u00e0 seulement 1.26 g\/h<br \/>\n\u25aaSolidit\u00e9 et qualit\u00e9 de fabrication<br \/>\n\u25aaTechnologie de combustion non catalytique<br \/>\n\u25aaInstallation permise sur l\u2019\u00eele de Montr\u00e9al<br \/>\n\u25aaPorte en fonte<br \/>\n\u25aaD\u00e9flecteur de chaleur sup\u00e9rieur et panneaux lat\u00e9raux<br \/>\n\u25aaBouclier thermique en acier inoxydable additionn\u00e9 au coupe-feu<\/p>\n<h3>Performance de l&#8217;appareil<\/h3>\n<p>Type de combustible B\u00fbches de bois sec (16&#8243; recommand\u00e9e)<br \/>\nSuperficie de chauffage recommand\u00e9e (9) 500 &#8211; 1,800 pi\u00b2<br \/>\nVolume de chargement EPA 1.44 pi\u00b3<br \/>\nTemps de combustion maximal (9) 6 h<br \/>\nPuissance thermique maximale-b\u00fbches de bois sec (4) 65,000 BTU\/h<br \/>\nPuissance thermique minimale globale (4) (5) 15,650 BTU\/h (4.6 kW)<br \/>\nPuissance thermique maximale globale (4) (5) 23,300 BTU\/h (6.83 kW)<br \/>\nRendement moyen global-b\u00fbches de bois sec (PCS) (5) (6) 70 %<br \/>\nRendement moyen global-b\u00fbches de bois sec (PCI) (5) (7) 75 %<br \/>\nRendement optimal (1) (2) 78 %<br \/>\nRendement optimal du transfert de chaleur (8) 74 %<br \/>\nTaux moyen d&#8217;\u00e9missions de particules (3) 1.26 g\/h<br \/>\nTaux moyen de CO (10) 58 g\/h<br \/>\n1. Les performances sont bas\u00e9es sur une charge d&#8217;essai prescrite par la norme \u00e0 7 lb\/pi\u00b3 et dont l\u2019humidit\u00e9 varie entre 19% et 25%.<br \/>\n2. Rendement optimal \u00e0 un taux de combustion sp\u00e9cifique (PCI).<br \/>\n3. Cet appareil est officiellement test\u00e9 et certifi\u00e9 par un organisme ind\u00e9pendant.<br \/>\n4. La puissance thermique maximale (b\u00fbches de bois sec) tient compte d\u2019une densit\u00e9 de chargement variant entre 15 lb\/pi\u00b3 et 20 lb\/pi\u00b3. Les autres donn\u00e9es de performance sont bas\u00e9es sur une charge d&#8217;essai prescrite par la norme. La densit\u00e9 de chargement sp\u00e9cifi\u00e9e varie entre 7 lb\/pi\u00b3 et 12 lb\/pi\u00b3. L\u2019humidit\u00e9 varie entre 19% et 25%.<br \/>\n5. Telle que mesur\u00e9e selon la m\u00e9thode CSA B415.1-10.<br \/>\n6. Pouvoir Calorifique Sup\u00e9rieur du combustible.<br \/>\n7. Pouvoir Calorifique Inf\u00e9rieur du combustible.<br \/>\n8. Le rendement optimal du transfert thermique est pour le mode combustion lente (utilisant le PCS) et repr\u00e9sente la capacit\u00e9 de l\u2019appareil \u00e0 convertir l\u2019\u00e9nergie contenue dans le combustible solide en \u00e9nergie transf\u00e9r\u00e9e \u00e0 la pi\u00e8ce sous forme de chaleur et ne tient pas compte des pertes chimiques lors de la combustion.<br \/>\n9. La superficie de chauffage recommand\u00e9e et le temps de combustion maximal peuvent varier selon la localisation de l&#8217;appareil dans l\u2019habitation, la qualit\u00e9 du tirage de la chemin\u00e9e, le climat, les facteurs de perte de chaleur ou le type de bois utilis\u00e9 et d\u2019autres variables. La superficie de chauffage recommand\u00e9e pour un appareil est d\u00e9finie par le manufacturier comme sa capacit\u00e9 \u00e0 conserver une temp\u00e9rature minimale acceptable dans l\u2019espace d\u00e9sign\u00e9e en cas de panne de courant.<br \/>\n10. Monoxyde de carbone.<\/p>\n<h3>Caract\u00e9ristique g\u00e9n\u00e9rales<\/h3>\n<p>Installation approuv\u00e9e &#8211; alc\u00f4ve Oui<br \/>\nInstallation approuv\u00e9e &#8211; maison mobile Oui, avec l&#8217;entr\u00e9e d&#8217;air frais<br \/>\nCertifi\u00e9 selon les standards applicables Laboratoire accr\u00e9dit\u00e9 (CAN\/\u00c9.-U.)<br \/>\nDimension hors-tout (Largeur) 24 7\/8&#8243;<br \/>\nDimension hors-tout (Hauteur) 29 1\/2&#8243;<br \/>\nDimension hors-tout (Profondeur) 22 3\/4&#8243;<br \/>\nVentilateur de premi\u00e8re qualit\u00e9 inclus (PCM) Optionnel<br \/>\nTechnologie de combustion Non catalytique<br \/>\nSyst\u00e8me d&#8217;air secondaire en acier inoxydable Oui<br \/>\nDiam\u00e8tre de la buse de raccordement 6&#8243;<br \/>\nDiam\u00e8tre de chemin\u00e9e recommand\u00e9e 6&#8243;<br \/>\nType de chemin\u00e9e CAN\/ULC S629, UL 103 HT (2100 \u00b0F)<br \/>\nHauteur minimale de la chemin\u00e9e 12&#8242;<br \/>\nType de porte Simple, vitr\u00e9e, avec cadre en fonte<br \/>\nOuverture de porte (Largeur) 17 1\/4&#8243;<br \/>\nOuverture de porte (Hauteur) 8&#8243;<br \/>\nType de vitre Verre c\u00e9ramique<br \/>\nSurface vitr\u00e9e &#8211; L x H 15 5\/8&#8243; x 9 1\/4&#8243;<br \/>\n\u00c9paisseur de l&#8217;acier-contour 3\/16&#8243;<br \/>\n\u00c9paisseur de l&#8217;acier-dessus 5\/16&#8243;<br \/>\nLargeur de la chambre \u00e0 combustion 19 5\/8&#8243;<br \/>\nHauteur de la chambre \u00e0 combustion 11 7\/8&#8243;<br \/>\nProfondeur de la chambre \u00e0 combustion 13 1\/2&#8243;<br \/>\nPositionnement des b\u00fbches Chargement en largeur<br \/>\nLongueur maximale des b\u00fbches 18&#8243;<br \/>\nChambre \u00e0 combustion recouverte de briques r\u00e9fractaires Oui<br \/>\nMat\u00e9riel du coupe-feu Vermiculite de haute qualit\u00e9<br \/>\nAppareil haute efficacit\u00e9 certifi\u00e9 Oui, approuv\u00e9 EPA 2020<br \/>\nNorme canadienne (\u00e9missions) CSA B415.1-10<br \/>\nNorme am\u00e9ricaine (\u00e9missions) EPA<br \/>\nNorme canadienne (s\u00e9curit\u00e9) ULC S627<br \/>\nNorme am\u00e9ricaine (s\u00e9curit\u00e9) UL 1482, UL 737<br \/>\nGarantie Limit\u00e9e \u00e0 vie<br \/>\nPoids \u00e0 l&#8217;exp\u00e9dition 328 lb (149 kg)<\/p>\n<h4>D\u00e9gagements<\/h4>\n<p>D\u00e9gagements aux mat\u00e9riaux combustibles*<br \/>\n(Donn\u00e9es exprim\u00e9es en pouces. 1 pouce = 25,4 mm)<\/p>\n<table>\n<tbody>\n<tr>\n<th><\/th>\n<td class=\"country\" colspan=\"2\">Canada<\/td>\n<td class=\"country\" colspan=\"2\">\u00c9tats-Unis<\/td>\n<\/tr>\n<tr>\n<th><\/th>\n<td class=\"pipe\">Tuyau simple<\/td>\n<td class=\"pipe\">Tuyau double<\/td>\n<td class=\"pipe\">Tuyau simple<\/td>\n<td class=\"pipe\">Tuyau double<\/td>\n<\/tr>\n<tr>\n<th class=\"clearance-title\">D\u00e9gagements &#8211; Base de l&#8217;appareil au plafond**<\/th>\n<td>84&#8243;<\/td>\n<td>84&#8243;<\/td>\n<td>84&#8243;<\/td>\n<td>84&#8243;<\/td>\n<\/tr>\n<tr>\n<th class=\"clearance-title\">D\u00e9gagements &#8211; Coin<\/th>\n<td>12&#8243;<\/td>\n<td>12&#8243;<\/td>\n<td>12&#8243;<\/td>\n<td>12&#8243;<\/td>\n<\/tr>\n<tr>\n<th class=\"clearance-title\">D\u00e9gagements &#8211; Mur arri\u00e8re<\/th>\n<td>14 1\/2&#8243;<\/td>\n<td>7 1\/2&#8243;<\/td>\n<td>13&#8243;<\/td>\n<td>7 1\/2&#8243;<\/td>\n<\/tr>\n<tr>\n<th class=\"clearance-title\">D\u00e9gagements &#8211; Mur c\u00f4t\u00e9<\/th>\n<td>10&#8243;<\/td>\n<td>10&#8243;<\/td>\n<td>10&#8243;<\/td>\n<td>10&#8243;<\/td>\n<\/tr>\n<tr>\n<td class=\"empty\"><\/td>\n<\/tr>\n<tr class=\"footnote\">\n<td class=\"clearance-footer\" colspan=\"5\">*Important : Les informations inscrites sur la plaque d&#8217;homologation de l&#8217;appareil ont toujours pr\u00e9s\u00e9ance sur les informations contenues dans tout autre m\u00e9dia publi\u00e9 (manuels, catalogues, circulaires, revues ou sites Web).<\/p>\n<p>**Certains appareils ont \u00e9t\u00e9 test\u00e9s avec une hauteur de plafond r\u00e9duite. Avant la mise en place de votre unit\u00e9, consultez le manuel d&#8217;installation.<\/td>\n<\/tr>\n<\/tbody>\n<\/table>\n","protected":false},"excerpt":{"rendered":"<p>Po\u00eales \u00e0 bois Ventis \u25aaPo\u00eale \u00e0 bois sur pi\u00e9destal \u25aaTaille moyenne convenant aux espaces plus petits \u25aaCertifi\u00e9 EPA \u00e0 seulement 1.26 g\/h \u25aaSolidit\u00e9 et qualit\u00e9 de fabrication \u25aaTechnologie de combustion non catalytique \u25aaInstallation permise sur l\u2019\u00eele de Montr\u00e9al \u25aaPorte en fonte \u25aaD\u00e9flecteur de chaleur sup\u00e9rieur et panneaux lat\u00e9raux \u25aaBouclier thermique en acier inoxydable additionn\u00e9 au [&hellip;]<\/p>\n","protected":false},"featured_media":9465,"template":"","meta":{"inline_featured_image":false},"product_brand":[367],"product_cat":[197,33,34],"product_tag":[],"class_list":{"0":"post-9464","1":"product","2":"type-product","3":"status-publish","4":"has-post-thumbnail","6":"product_brand-ventis","7":"product_cat-poele-au-bois","8":"product_cat-poeles-et-foyers","9":"product_cat-poeles-et-foyers-au-bois","11":"first","12":"instock","13":"taxable","14":"shipping-taxable","15":"product-type-simple"},"yoast_head":"<!-- This site is optimized with the Yoast SEO Premium plugin v24.2 (Yoast SEO v24.2) - https:\/\/yoast.com\/wordpress\/plugins\/seo\/ -->\n<title>Po\u00eale au bois HES170 - Groupe BelleFlamme<\/title>\n<meta name=\"description\" content=\"Po\u00eale au bois HES170 vendu et install\u00e9 par le Groupe Belleflamme. Laval, Montr\u00e9al, Gatineau, Drummondville et Saint-Sauveur.\" \/>\n<meta name=\"robots\" content=\"index, follow, max-snippet:-1, max-image-preview:large, max-video-preview:-1\" \/>\n<link rel=\"canonical\" href=\"https:\/\/staging.belleflamme.ca\/fr\/produit\/poele-au-bois-hes170\/\" \/>\n<meta property=\"og:locale\" content=\"fr_FR\" \/>\n<meta property=\"og:type\" content=\"article\" \/>\n<meta property=\"og:title\" content=\"Po\u00eale au bois HES170\" \/>\n<meta property=\"og:description\" content=\"Po\u00eale au bois HES170 vendu et install\u00e9 par le Groupe Belleflamme. Laval, Montr\u00e9al, Gatineau, Drummondville et Saint-Sauveur.\" \/>\n<meta property=\"og:url\" content=\"https:\/\/staging.belleflamme.ca\/fr\/produit\/poele-au-bois-hes170\/\" \/>\n<meta property=\"og:site_name\" content=\"Groupe BelleFlamme\" \/>\n<meta property=\"article:publisher\" content=\"https:\/\/www.facebook.com\/belleflamme.ca\/\" \/>\n<meta property=\"article:modified_time\" content=\"2025-03-24T16:55:34+00:00\" \/>\n<meta property=\"og:image\" content=\"https:\/\/www.belleflamme.ca\/wp-content\/uploads\/2023\/03\/VB00013_HES170_web.webp\" \/>\n\t<meta property=\"og:image:width\" content=\"2202\" \/>\n\t<meta property=\"og:image:height\" content=\"1593\" \/>\n\t<meta property=\"og:image:type\" content=\"image\/webp\" \/>\n<meta name=\"twitter:card\" content=\"summary_large_image\" \/>\n<meta name=\"twitter:label1\" content=\"Prix\" \/>\n\t<meta name=\"twitter:data1\" content=\"\" \/>\n\t<meta name=\"twitter:label2\" content=\"Disponibilit\u00e9\" \/>\n\t<meta name=\"twitter:data2\" content=\"En stock\" \/>\n<script type=\"application\/ld+json\" class=\"yoast-schema-graph\">{\"@context\":\"https:\/\/schema.org\",\"@graph\":[{\"@type\":[\"WebPage\",\"ItemPage\"],\"@id\":\"https:\/\/staging.belleflamme.ca\/fr\/produit\/poele-au-bois-hes170\/\",\"url\":\"https:\/\/staging.belleflamme.ca\/fr\/produit\/poele-au-bois-hes170\/\",\"name\":\"Po\u00eale au bois HES170 - Groupe BelleFlamme\",\"isPartOf\":{\"@id\":\"https:\/\/www.belleflamme.ca\/fr\/#website\"},\"primaryImageOfPage\":{\"@id\":\"https:\/\/staging.belleflamme.ca\/fr\/produit\/poele-au-bois-hes170\/#primaryimage\"},\"image\":{\"@id\":\"https:\/\/staging.belleflamme.ca\/fr\/produit\/poele-au-bois-hes170\/#primaryimage\"},\"thumbnailUrl\":\"https:\/\/staging.belleflamme.ca\/wp-content\/uploads\/2023\/03\/VB00013_HES170_web.webp\",\"datePublished\":\"2023-03-26T18:20:38+00:00\",\"dateModified\":\"2025-03-24T16:55:34+00:00\",\"description\":\"Po\u00eale au bois HES170 [get_meta_en_fr]\",\"breadcrumb\":{\"@id\":\"https:\/\/staging.belleflamme.ca\/fr\/produit\/poele-au-bois-hes170\/#breadcrumb\"},\"inLanguage\":\"fr-FR\",\"potentialAction\":[{\"@type\":\"ReadAction\",\"target\":[\"https:\/\/staging.belleflamme.ca\/fr\/produit\/poele-au-bois-hes170\/\"]}]},{\"@type\":\"ImageObject\",\"inLanguage\":\"fr-FR\",\"@id\":\"https:\/\/staging.belleflamme.ca\/fr\/produit\/poele-au-bois-hes170\/#primaryimage\",\"url\":\"https:\/\/staging.belleflamme.ca\/wp-content\/uploads\/2023\/03\/VB00013_HES170_web.webp\",\"contentUrl\":\"https:\/\/staging.belleflamme.ca\/wp-content\/uploads\/2023\/03\/VB00013_HES170_web.webp\",\"width\":2202,\"height\":1593,\"caption\":\"Ventis HES170\"},{\"@type\":\"BreadcrumbList\",\"@id\":\"https:\/\/staging.belleflamme.ca\/fr\/produit\/poele-au-bois-hes170\/#breadcrumb\",\"itemListElement\":[{\"@type\":\"ListItem\",\"position\":1,\"name\":\"Accueil\",\"item\":\"https:\/\/www.belleflamme.ca\/fr\/\"},{\"@type\":\"ListItem\",\"position\":2,\"name\":\"Boutique\",\"item\":\"https:\/\/www.belleflamme.ca\/fr\/boutique\/\"},{\"@type\":\"ListItem\",\"position\":3,\"name\":\"Po\u00eales &amp; Foyers\",\"item\":\"https:\/\/staging.belleflamme.ca\/fr\/categories\/poeles-et-foyers\/\"},{\"@type\":\"ListItem\",\"position\":4,\"name\":\"Po\u00eales &amp; Foyers au Bois\",\"item\":\"https:\/\/staging.belleflamme.ca\/fr\/categories\/poeles-et-foyers\/poeles-et-foyers-au-bois\/\"},{\"@type\":\"ListItem\",\"position\":5,\"name\":\"Po\u00eale au Bois\",\"item\":\"https:\/\/staging.belleflamme.ca\/fr\/categories\/poeles-et-foyers\/poeles-et-foyers-au-bois\/poele-au-bois\/\"},{\"@type\":\"ListItem\",\"position\":6,\"name\":\"Po\u00eale au bois HES170\"}]},{\"@type\":\"WebSite\",\"@id\":\"https:\/\/www.belleflamme.ca\/fr\/#website\",\"url\":\"https:\/\/www.belleflamme.ca\/fr\/\",\"name\":\"Groupe Belleflamme\",\"description\":\"La m\u00e9canique du b\u00e2timent dans le sang.\",\"publisher\":{\"@id\":\"https:\/\/www.belleflamme.ca\/fr\/#organization\"},\"potentialAction\":[{\"@type\":\"SearchAction\",\"target\":{\"@type\":\"EntryPoint\",\"urlTemplate\":\"https:\/\/www.belleflamme.ca\/fr\/?s={search_term_string}\"},\"query-input\":{\"@type\":\"PropertyValueSpecification\",\"valueRequired\":true,\"valueName\":\"search_term_string\"}}],\"inLanguage\":\"fr-FR\"},{\"@type\":[\"Organization\",\"Place\"],\"@id\":\"https:\/\/www.belleflamme.ca\/fr\/#organization\",\"name\":\"Groupe Belleflamme\",\"alternateName\":\"Belleflamme\",\"url\":\"https:\/\/www.belleflamme.ca\/fr\/\",\"logo\":{\"@type\":\"ImageObject\",\"inLanguage\":\"fr-FR\",\"@id\":\"https:\/\/www.belleflamme.ca\/fr\/#\/schema\/logo\/image\/\",\"url\":\"https:\/\/staging.belleflamme.ca\/wp-content\/uploads\/2023\/01\/og-image.jpg\",\"contentUrl\":\"https:\/\/staging.belleflamme.ca\/wp-content\/uploads\/2023\/01\/og-image.jpg\",\"width\":1200,\"height\":630,\"caption\":\"Groupe Belleflamme\"},\"image\":{\"@id\":\"https:\/\/www.belleflamme.ca\/fr\/#\/schema\/logo\/image\/\"},\"sameAs\":[\"https:\/\/www.facebook.com\/belleflamme.ca\/\",\"https:\/\/www.linkedin.com\/company\/belleflamme\/\",\"https:\/\/www.pinterest.ca\/groupebelleflamme\/\",\"https:\/\/www.instagram.com\/legroupebelleflamme\/\"],\"mainEntityOfPage\":{\"@id\":\"https:\/\/staging.belleflamme.ca\/fr\/produit\/poele-au-bois-hes170\/\"}}]}<\/script>\n<meta property=\"product:brand\" content=\"Ventis\" \/>\n<meta property=\"product:price:amount\" content=\"0.00\" \/>\n<meta property=\"product:price:currency\" content=\"CAD\" \/>\n<meta property=\"og:availability\" content=\"instock\" \/>\n<meta property=\"product:availability\" content=\"instock\" \/>\n<meta property=\"product:retailer_item_id\" content=\"VB00013\" \/>\n<meta property=\"product:condition\" content=\"new\" \/>\n<!-- \/ Yoast SEO Premium plugin. -->","yoast_head_json":{"title":"Po\u00eale au bois HES170 - Groupe BelleFlamme","description":"Po\u00eale au bois HES170 vendu et install\u00e9 par le Groupe Belleflamme. Laval, Montr\u00e9al, Gatineau, Drummondville et Saint-Sauveur.","robots":{"index":"index","follow":"follow","max-snippet":"max-snippet:-1","max-image-preview":"max-image-preview:large","max-video-preview":"max-video-preview:-1"},"canonical":"https:\/\/staging.belleflamme.ca\/fr\/produit\/poele-au-bois-hes170\/","og_locale":"fr_FR","og_type":"article","og_title":"Po\u00eale au bois HES170","og_description":"Po\u00eale au bois HES170 vendu et install\u00e9 par le Groupe Belleflamme. Laval, Montr\u00e9al, Gatineau, Drummondville et Saint-Sauveur.","og_url":"https:\/\/staging.belleflamme.ca\/fr\/produit\/poele-au-bois-hes170\/","og_site_name":"Groupe BelleFlamme","article_publisher":"https:\/\/www.facebook.com\/belleflamme.ca\/","article_modified_time":"2025-03-24T16:55:34+00:00","og_image":[{"width":2202,"height":1593,"url":"https:\/\/www.belleflamme.ca\/wp-content\/uploads\/2023\/03\/VB00013_HES170_web.webp","type":"image\/webp"}],"twitter_card":"summary_large_image","twitter_misc":{"Prix":"","Disponibilit\u00e9":"En stock"},"schema":{"@context":"https:\/\/schema.org","@graph":[{"@type":["WebPage","ItemPage"],"@id":"https:\/\/staging.belleflamme.ca\/fr\/produit\/poele-au-bois-hes170\/","url":"https:\/\/staging.belleflamme.ca\/fr\/produit\/poele-au-bois-hes170\/","name":"Po\u00eale au bois HES170 - Groupe BelleFlamme","isPartOf":{"@id":"https:\/\/www.belleflamme.ca\/fr\/#website"},"primaryImageOfPage":{"@id":"https:\/\/staging.belleflamme.ca\/fr\/produit\/poele-au-bois-hes170\/#primaryimage"},"image":{"@id":"https:\/\/staging.belleflamme.ca\/fr\/produit\/poele-au-bois-hes170\/#primaryimage"},"thumbnailUrl":"https:\/\/staging.belleflamme.ca\/wp-content\/uploads\/2023\/03\/VB00013_HES170_web.webp","datePublished":"2023-03-26T18:20:38+00:00","dateModified":"2025-03-24T16:55:34+00:00","description":"Po\u00eale au bois HES170 [get_meta_en_fr]","breadcrumb":{"@id":"https:\/\/staging.belleflamme.ca\/fr\/produit\/poele-au-bois-hes170\/#breadcrumb"},"inLanguage":"fr-FR","potentialAction":[{"@type":"ReadAction","target":["https:\/\/staging.belleflamme.ca\/fr\/produit\/poele-au-bois-hes170\/"]}]},{"@type":"ImageObject","inLanguage":"fr-FR","@id":"https:\/\/staging.belleflamme.ca\/fr\/produit\/poele-au-bois-hes170\/#primaryimage","url":"https:\/\/staging.belleflamme.ca\/wp-content\/uploads\/2023\/03\/VB00013_HES170_web.webp","contentUrl":"https:\/\/staging.belleflamme.ca\/wp-content\/uploads\/2023\/03\/VB00013_HES170_web.webp","width":2202,"height":1593,"caption":"Ventis HES170"},{"@type":"BreadcrumbList","@id":"https:\/\/staging.belleflamme.ca\/fr\/produit\/poele-au-bois-hes170\/#breadcrumb","itemListElement":[{"@type":"ListItem","position":1,"name":"Accueil","item":"https:\/\/www.belleflamme.ca\/fr\/"},{"@type":"ListItem","position":2,"name":"Boutique","item":"https:\/\/www.belleflamme.ca\/fr\/boutique\/"},{"@type":"ListItem","position":3,"name":"Po\u00eales &amp; Foyers","item":"https:\/\/staging.belleflamme.ca\/fr\/categories\/poeles-et-foyers\/"},{"@type":"ListItem","position":4,"name":"Po\u00eales &amp; Foyers au Bois","item":"https:\/\/staging.belleflamme.ca\/fr\/categories\/poeles-et-foyers\/poeles-et-foyers-au-bois\/"},{"@type":"ListItem","position":5,"name":"Po\u00eale au Bois","item":"https:\/\/staging.belleflamme.ca\/fr\/categories\/poeles-et-foyers\/poeles-et-foyers-au-bois\/poele-au-bois\/"},{"@type":"ListItem","position":6,"name":"Po\u00eale au bois HES170"}]},{"@type":"WebSite","@id":"https:\/\/www.belleflamme.ca\/fr\/#website","url":"https:\/\/www.belleflamme.ca\/fr\/","name":"Groupe Belleflamme","description":"La m\u00e9canique du b\u00e2timent dans le sang.","publisher":{"@id":"https:\/\/www.belleflamme.ca\/fr\/#organization"},"potentialAction":[{"@type":"SearchAction","target":{"@type":"EntryPoint","urlTemplate":"https:\/\/www.belleflamme.ca\/fr\/?s={search_term_string}"},"query-input":{"@type":"PropertyValueSpecification","valueRequired":true,"valueName":"search_term_string"}}],"inLanguage":"fr-FR"},{"@type":["Organization","Place"],"@id":"https:\/\/www.belleflamme.ca\/fr\/#organization","name":"Groupe Belleflamme","alternateName":"Belleflamme","url":"https:\/\/www.belleflamme.ca\/fr\/","logo":{"@type":"ImageObject","inLanguage":"fr-FR","@id":"https:\/\/www.belleflamme.ca\/fr\/#\/schema\/logo\/image\/","url":"https:\/\/staging.belleflamme.ca\/wp-content\/uploads\/2023\/01\/og-image.jpg","contentUrl":"https:\/\/staging.belleflamme.ca\/wp-content\/uploads\/2023\/01\/og-image.jpg","width":1200,"height":630,"caption":"Groupe Belleflamme"},"image":{"@id":"https:\/\/www.belleflamme.ca\/fr\/#\/schema\/logo\/image\/"},"sameAs":["https:\/\/www.facebook.com\/belleflamme.ca\/","https:\/\/www.linkedin.com\/company\/belleflamme\/","https:\/\/www.pinterest.ca\/groupebelleflamme\/","https:\/\/www.instagram.com\/legroupebelleflamme\/"],"mainEntityOfPage":{"@id":"https:\/\/staging.belleflamme.ca\/fr\/produit\/poele-au-bois-hes170\/"}}]},"product_brand":"Ventis","product_price_amount":"0.00","product_price_currency":"CAD","og_availability":"instock","product_availability":"instock","product_retailer_item_id":"VB00013","product_condition":"new"},"_links":{"self":[{"href":"https:\/\/staging.belleflamme.ca\/fr\/wp-json\/wp\/v2\/product\/9464","targetHints":{"allow":["GET"]}}],"collection":[{"href":"https:\/\/staging.belleflamme.ca\/fr\/wp-json\/wp\/v2\/product"}],"about":[{"href":"https:\/\/staging.belleflamme.ca\/fr\/wp-json\/wp\/v2\/types\/product"}],"version-history":[{"count":1,"href":"https:\/\/staging.belleflamme.ca\/fr\/wp-json\/wp\/v2\/product\/9464\/revisions"}],"predecessor-version":[{"id":9474,"href":"https:\/\/staging.belleflamme.ca\/fr\/wp-json\/wp\/v2\/product\/9464\/revisions\/9474"}],"wp:featuredmedia":[{"embeddable":true,"href":"https:\/\/staging.belleflamme.ca\/fr\/wp-json\/wp\/v2\/media\/9465"}],"wp:attachment":[{"href":"https:\/\/staging.belleflamme.ca\/fr\/wp-json\/wp\/v2\/media?parent=9464"}],"wp:term":[{"taxonomy":"product_brand","embeddable":true,"href":"https:\/\/staging.belleflamme.ca\/fr\/wp-json\/wp\/v2\/product_brand?post=9464"},{"taxonomy":"product_cat","embeddable":true,"href":"https:\/\/staging.belleflamme.ca\/fr\/wp-json\/wp\/v2\/product_cat?post=9464"},{"taxonomy":"product_tag","embeddable":true,"href":"https:\/\/staging.belleflamme.ca\/fr\/wp-json\/wp\/v2\/product_tag?post=9464"}],"curies":[{"name":"wp","href":"https:\/\/api.w.org\/{rel}","templated":true}]}}