{"id":9418,"date":"2023-03-26T14:02:36","date_gmt":"2023-03-26T18:02:36","guid":{"rendered":"https:\/\/www.belleflamme.ca\/?post_type=product&#038;p=9418"},"modified":"2025-03-24T12:55:04","modified_gmt":"2025-03-24T16:55:04","slug":"foyer-au-bois-me150","status":"publish","type":"product","link":"https:\/\/staging.belleflamme.ca\/fr\/produit\/foyer-au-bois-me150\/","title":{"rendered":"Foyer au bois ME150"},"content":{"rendered":"<h3>Foyer d\u00e9coratif Ventis<\/h3>\n<p>\u25aaCon\u00e7u principalement pour l\u2019ambiance<br \/>\n\u25aaD\u00e9gage suffisamment de chaleur en cas de panne \u00e9lectrique<br \/>\n\u25aaExempt\u00e9 EPA<br \/>\n\u25aaFabrication de qualit\u00e9 sup\u00e9rieure<br \/>\n\u25aaPierres r\u00e9fractaires moul\u00e9es<br \/>\n\u25aaPortes et fa\u00e7ade incluses install\u00e9es en usine<br \/>\n\u25aaPortes pare-\u00e9tincelles incluses<br \/>\n\u25aaChenet inclinable en fonte inclus<br \/>\n\u25aaPlaque d&#8217;ancrage 7&#8243; Ventis (inox) incluse<br \/>\n\u25aaAdaptateur d&#8217;entr\u00e9e d&#8217;air frais inclus<\/p>\n<h3>Performance de l&#8217;appareil<\/h3>\n<p>Type de combustible B\u00fbches de bois sec<br \/>\nSuperficie de chauffage recommand\u00e9e (1) &lt; 1,000 pi\u00b2 Volume total de la chambre \u00e0 combustion 3 pi\u00b3 Taux de combustion &gt; 5 kg\/h (&gt; 11 lb\/h)<br \/>\n1. La superficie de chauffage recommand\u00e9e et le temps de combustion maximal peuvent varier selon la localisation de l&#8217;appareil dans l\u2019habitation, la qualit\u00e9 du tirage de la chemin\u00e9e, le climat, les facteurs de perte de chaleur ou le type de bois utilis\u00e9 et d\u2019autres variables. La superficie de chauffage recommand\u00e9e pour un appareil est d\u00e9finie par le manufacturier comme sa capacit\u00e9 \u00e0 conserver une temp\u00e9rature minimale acceptable dans l\u2019espace d\u00e9sign\u00e9e en cas de panne de courant.<\/p>\n<h3>Caract\u00e9ristique g\u00e9n\u00e9rales<\/h3>\n<p>Ventilateur de premi\u00e8re qualit\u00e9 inclus (PCM) Optionnel<br \/>\nCertifi\u00e9 selon les standards applicables Laboratoire accr\u00e9dit\u00e9 (CAN\/\u00c9.-U.)<br \/>\nDiam\u00e8tre de la buse de raccordement 7&#8243;<br \/>\nDiam\u00e8tre de chemin\u00e9e recommand\u00e9e 7&#8243;<br \/>\nType de chemin\u00e9e ULC S604, ULC S629, UL 103 HT (2100 \u00b0F)<br \/>\nHauteur minimale de la chemin\u00e9e 15&#8243;<br \/>\nDimension hors-tout (Largeur) 40 1\/4&#8243;<br \/>\nDimension hors-tout (Hauteur) 40 5\/8&#8243;<br \/>\nDimension hors-tout (Profondeur) 26 1\/4&#8243;<br \/>\nType de porte Double, vitr\u00e9e, avec cadre en acier<br \/>\nOuverture de porte (Largeur) 28 1\/4&#8243;<br \/>\nOuverture de porte (Hauteur) 14 1\/4&#8243;<br \/>\nType de vitre Verre c\u00e9ramique<br \/>\nSurface vitr\u00e9e &#8211; L x H 28 3\/4&#8243; x 16 1\/2&#8243;<br \/>\nLargeur de la chambre \u00e0 combustion 19 5\/8&#8243;<br \/>\nHauteur de la chambre \u00e0 combustion 19&#8243;<br \/>\nProfondeur de la chambre \u00e0 combustion 14 1\/4&#8243;<br \/>\nLongueur maximale des b\u00fbches 16&#8243;<br \/>\nPositionnement des b\u00fbches Chargement en largeur<br \/>\nAppareil haute efficacit\u00e9 certifi\u00e9 Exempt\u00e9 des normes EPA<br \/>\nNorme canadienne (s\u00e9curit\u00e9) ULC S610<br \/>\nNorme am\u00e9ricaine (s\u00e9curit\u00e9) UL 127<br \/>\nGarantie Limit\u00e9e \u00e0 vie<br \/>\nPoids \u00e0 l&#8217;exp\u00e9dition 444 lb (201 kg)<br \/>\nTechnologie de combustion Non catalytique<\/p>\n<h4>D\u00e9gagements<\/h4>\n<p>D\u00e9gagements aux mat\u00e9riaux combustibles*<br \/>\n(Donn\u00e9es exprim\u00e9es en pouces. 1 pouce = 25,4 mm)<\/p>\n<table>\n<tbody>\n<tr>\n<th><\/th>\n<td class=\"country\" colspan=\"2\">Canada<\/td>\n<td class=\"country\" colspan=\"2\">\u00c9tats-Unis<\/td>\n<\/tr>\n<tr>\n<th class=\"clearance-title\">D\u00e9gagements &#8211; Base de l&#8217;appareil au plafond**<\/th>\n<td colspan=\"2\">84&#8243;<\/td>\n<td colspan=\"2\">84&#8243;<\/td>\n<\/tr>\n<tr>\n<th class=\"clearance-title\">D\u00e9gagements &#8211; Parement sup\u00e9rieur combustible<\/th>\n<td colspan=\"2\">0&#8243;<\/td>\n<td colspan=\"2\">0&#8243;<\/td>\n<\/tr>\n<tr>\n<th class=\"clearance-title\">D\u00e9gagements &#8211; Parement lat\u00e9ral combustible<\/th>\n<td colspan=\"2\">0&#8243;<\/td>\n<td colspan=\"2\">0&#8243;<\/td>\n<\/tr>\n<tr>\n<th class=\"clearance-title\">D\u00e9gagements &#8211; Mur combustible de c\u00f4t\u00e9 (pi\u00e8ce)<\/th>\n<td colspan=\"2\">24&#8243;<\/td>\n<td colspan=\"2\">24&#8243;<\/td>\n<\/tr>\n<tr>\n<th class=\"clearance-title\">D\u00e9gagements &#8211; Base de l&#8217;unit\u00e9 \u00e0 une tablette combustible<\/th>\n<td colspan=\"2\">48&#8243;<\/td>\n<td colspan=\"2\">48&#8243;<\/td>\n<\/tr>\n<tr>\n<td class=\"empty\"><\/td>\n<\/tr>\n<tr class=\"footnote\">\n<td class=\"clearance-footer\" colspan=\"5\">*Important : Les informations inscrites sur la plaque d&#8217;homologation de l&#8217;appareil ont toujours pr\u00e9s\u00e9ance sur les informations contenues dans tout autre m\u00e9dia publi\u00e9 (manuels, catalogues, circulaires, revues ou sites Web).<\/p>\n<p>**Certains appareils ont \u00e9t\u00e9 test\u00e9s avec une hauteur de plafond r\u00e9duite. Avant la mise en place de votre unit\u00e9, consultez le manuel d&#8217;installation.<\/td>\n<\/tr>\n<\/tbody>\n<\/table>\n","protected":false},"excerpt":{"rendered":"<p>Foyer d\u00e9coratif Ventis \u25aaCon\u00e7u principalement pour l\u2019ambiance \u25aaD\u00e9gage suffisamment de chaleur en cas de panne \u00e9lectrique \u25aaExempt\u00e9 EPA \u25aaFabrication de qualit\u00e9 sup\u00e9rieure \u25aaPierres r\u00e9fractaires moul\u00e9es \u25aaPortes et fa\u00e7ade incluses install\u00e9es en usine \u25aaPortes pare-\u00e9tincelles incluses \u25aaChenet inclinable en fonte inclus \u25aaPlaque d&#8217;ancrage 7&#8243; Ventis (inox) incluse \u25aaAdaptateur d&#8217;entr\u00e9e d&#8217;air frais inclus Performance de l&#8217;appareil Type [&hellip;]<\/p>\n","protected":false},"featured_media":9419,"template":"","meta":{"inline_featured_image":false},"product_brand":[367],"product_cat":[33,34,40],"product_tag":[],"class_list":{"0":"post-9418","1":"product","2":"type-product","3":"status-publish","4":"has-post-thumbnail","6":"product_brand-ventis","7":"product_cat-poeles-et-foyers","8":"product_cat-poeles-et-foyers-au-bois","9":"product_cat-foyer-au-bois","11":"first","12":"instock","13":"taxable","14":"shipping-taxable","15":"product-type-simple"},"yoast_head":"<!-- This site is optimized with the Yoast SEO Premium plugin v24.2 (Yoast SEO v24.2) - https:\/\/yoast.com\/wordpress\/plugins\/seo\/ -->\n<title>Foyer au bois ME150 - Groupe BelleFlamme<\/title>\n<meta name=\"description\" content=\"Foyer au bois ME150 vendu et install\u00e9 par le Groupe Belleflamme. Laval, Montr\u00e9al, Gatineau, Drummondville et Saint-Sauveur.\" \/>\n<meta name=\"robots\" content=\"index, follow, max-snippet:-1, max-image-preview:large, max-video-preview:-1\" \/>\n<link rel=\"canonical\" href=\"https:\/\/staging.belleflamme.ca\/fr\/produit\/foyer-au-bois-me150\/\" \/>\n<meta property=\"og:locale\" content=\"fr_FR\" \/>\n<meta property=\"og:type\" content=\"article\" \/>\n<meta property=\"og:title\" content=\"Foyer au bois ME150\" \/>\n<meta property=\"og:description\" content=\"Foyer au bois ME150 vendu et install\u00e9 par le Groupe Belleflamme. Laval, Montr\u00e9al, Gatineau, Drummondville et Saint-Sauveur.\" \/>\n<meta property=\"og:url\" content=\"https:\/\/staging.belleflamme.ca\/fr\/produit\/foyer-au-bois-me150\/\" \/>\n<meta property=\"og:site_name\" content=\"Groupe BelleFlamme\" \/>\n<meta property=\"article:publisher\" content=\"https:\/\/www.facebook.com\/belleflamme.ca\/\" \/>\n<meta property=\"article:modified_time\" content=\"2025-03-24T16:55:04+00:00\" \/>\n<meta property=\"og:image\" content=\"https:\/\/www.belleflamme.ca\/wp-content\/uploads\/2023\/03\/VB00004_ME150_web.webp\" \/>\n\t<meta property=\"og:image:width\" content=\"2202\" \/>\n\t<meta property=\"og:image:height\" content=\"1593\" \/>\n\t<meta property=\"og:image:type\" content=\"image\/webp\" \/>\n<meta name=\"twitter:card\" content=\"summary_large_image\" \/>\n<meta name=\"twitter:label1\" content=\"Prix\" \/>\n\t<meta name=\"twitter:data1\" content=\"\" \/>\n\t<meta name=\"twitter:label2\" content=\"Disponibilit\u00e9\" \/>\n\t<meta name=\"twitter:data2\" content=\"En stock\" \/>\n<script type=\"application\/ld+json\" class=\"yoast-schema-graph\">{\"@context\":\"https:\/\/schema.org\",\"@graph\":[{\"@type\":[\"WebPage\",\"ItemPage\"],\"@id\":\"https:\/\/staging.belleflamme.ca\/fr\/produit\/foyer-au-bois-me150\/\",\"url\":\"https:\/\/staging.belleflamme.ca\/fr\/produit\/foyer-au-bois-me150\/\",\"name\":\"Foyer au bois ME150 - Groupe BelleFlamme\",\"isPartOf\":{\"@id\":\"https:\/\/www.belleflamme.ca\/fr\/#website\"},\"primaryImageOfPage\":{\"@id\":\"https:\/\/staging.belleflamme.ca\/fr\/produit\/foyer-au-bois-me150\/#primaryimage\"},\"image\":{\"@id\":\"https:\/\/staging.belleflamme.ca\/fr\/produit\/foyer-au-bois-me150\/#primaryimage\"},\"thumbnailUrl\":\"https:\/\/staging.belleflamme.ca\/wp-content\/uploads\/2023\/03\/VB00004_ME150_web.webp\",\"datePublished\":\"2023-03-26T18:02:36+00:00\",\"dateModified\":\"2025-03-24T16:55:04+00:00\",\"description\":\"Foyer au bois ME150 [get_meta_en_fr]\",\"breadcrumb\":{\"@id\":\"https:\/\/staging.belleflamme.ca\/fr\/produit\/foyer-au-bois-me150\/#breadcrumb\"},\"inLanguage\":\"fr-FR\",\"potentialAction\":[{\"@type\":\"ReadAction\",\"target\":[\"https:\/\/staging.belleflamme.ca\/fr\/produit\/foyer-au-bois-me150\/\"]}]},{\"@type\":\"ImageObject\",\"inLanguage\":\"fr-FR\",\"@id\":\"https:\/\/staging.belleflamme.ca\/fr\/produit\/foyer-au-bois-me150\/#primaryimage\",\"url\":\"https:\/\/staging.belleflamme.ca\/wp-content\/uploads\/2023\/03\/VB00004_ME150_web.webp\",\"contentUrl\":\"https:\/\/staging.belleflamme.ca\/wp-content\/uploads\/2023\/03\/VB00004_ME150_web.webp\",\"width\":2202,\"height\":1593,\"caption\":\"Ventis ME150\"},{\"@type\":\"BreadcrumbList\",\"@id\":\"https:\/\/staging.belleflamme.ca\/fr\/produit\/foyer-au-bois-me150\/#breadcrumb\",\"itemListElement\":[{\"@type\":\"ListItem\",\"position\":1,\"name\":\"Accueil\",\"item\":\"https:\/\/www.belleflamme.ca\/fr\/\"},{\"@type\":\"ListItem\",\"position\":2,\"name\":\"Boutique\",\"item\":\"https:\/\/www.belleflamme.ca\/fr\/boutique\/\"},{\"@type\":\"ListItem\",\"position\":3,\"name\":\"Po\u00eales &amp; Foyers\",\"item\":\"https:\/\/staging.belleflamme.ca\/fr\/categories\/poeles-et-foyers\/\"},{\"@type\":\"ListItem\",\"position\":4,\"name\":\"Po\u00eales &amp; Foyers au Bois\",\"item\":\"https:\/\/staging.belleflamme.ca\/fr\/categories\/poeles-et-foyers\/poeles-et-foyers-au-bois\/\"},{\"@type\":\"ListItem\",\"position\":5,\"name\":\"Foyer au Bois\",\"item\":\"https:\/\/staging.belleflamme.ca\/fr\/categories\/poeles-et-foyers\/poeles-et-foyers-au-bois\/foyer-au-bois\/\"},{\"@type\":\"ListItem\",\"position\":6,\"name\":\"Foyer au bois ME150\"}]},{\"@type\":\"WebSite\",\"@id\":\"https:\/\/www.belleflamme.ca\/fr\/#website\",\"url\":\"https:\/\/www.belleflamme.ca\/fr\/\",\"name\":\"Groupe Belleflamme\",\"description\":\"La m\u00e9canique du b\u00e2timent dans le sang.\",\"publisher\":{\"@id\":\"https:\/\/www.belleflamme.ca\/fr\/#organization\"},\"potentialAction\":[{\"@type\":\"SearchAction\",\"target\":{\"@type\":\"EntryPoint\",\"urlTemplate\":\"https:\/\/www.belleflamme.ca\/fr\/?s={search_term_string}\"},\"query-input\":{\"@type\":\"PropertyValueSpecification\",\"valueRequired\":true,\"valueName\":\"search_term_string\"}}],\"inLanguage\":\"fr-FR\"},{\"@type\":[\"Organization\",\"Place\"],\"@id\":\"https:\/\/www.belleflamme.ca\/fr\/#organization\",\"name\":\"Groupe Belleflamme\",\"alternateName\":\"Belleflamme\",\"url\":\"https:\/\/www.belleflamme.ca\/fr\/\",\"logo\":{\"@type\":\"ImageObject\",\"inLanguage\":\"fr-FR\",\"@id\":\"https:\/\/www.belleflamme.ca\/fr\/#\/schema\/logo\/image\/\",\"url\":\"https:\/\/staging.belleflamme.ca\/wp-content\/uploads\/2023\/01\/og-image.jpg\",\"contentUrl\":\"https:\/\/staging.belleflamme.ca\/wp-content\/uploads\/2023\/01\/og-image.jpg\",\"width\":1200,\"height\":630,\"caption\":\"Groupe Belleflamme\"},\"image\":{\"@id\":\"https:\/\/www.belleflamme.ca\/fr\/#\/schema\/logo\/image\/\"},\"sameAs\":[\"https:\/\/www.facebook.com\/belleflamme.ca\/\",\"https:\/\/www.linkedin.com\/company\/belleflamme\/\",\"https:\/\/www.pinterest.ca\/groupebelleflamme\/\",\"https:\/\/www.instagram.com\/legroupebelleflamme\/\"],\"mainEntityOfPage\":{\"@id\":\"https:\/\/staging.belleflamme.ca\/fr\/produit\/foyer-au-bois-me150\/\"}}]}<\/script>\n<meta property=\"product:brand\" content=\"Ventis\" \/>\n<meta property=\"product:price:amount\" content=\"0.00\" \/>\n<meta property=\"product:price:currency\" content=\"CAD\" \/>\n<meta property=\"og:availability\" content=\"instock\" \/>\n<meta property=\"product:availability\" content=\"instock\" \/>\n<meta property=\"product:retailer_item_id\" content=\"VB00004\" \/>\n<meta property=\"product:condition\" content=\"new\" \/>\n<!-- \/ Yoast SEO Premium plugin. -->","yoast_head_json":{"title":"Foyer au bois ME150 - Groupe BelleFlamme","description":"Foyer au bois ME150 vendu et install\u00e9 par le Groupe Belleflamme. Laval, Montr\u00e9al, Gatineau, Drummondville et Saint-Sauveur.","robots":{"index":"index","follow":"follow","max-snippet":"max-snippet:-1","max-image-preview":"max-image-preview:large","max-video-preview":"max-video-preview:-1"},"canonical":"https:\/\/staging.belleflamme.ca\/fr\/produit\/foyer-au-bois-me150\/","og_locale":"fr_FR","og_type":"article","og_title":"Foyer au bois ME150","og_description":"Foyer au bois ME150 vendu et install\u00e9 par le Groupe Belleflamme. Laval, Montr\u00e9al, Gatineau, Drummondville et Saint-Sauveur.","og_url":"https:\/\/staging.belleflamme.ca\/fr\/produit\/foyer-au-bois-me150\/","og_site_name":"Groupe BelleFlamme","article_publisher":"https:\/\/www.facebook.com\/belleflamme.ca\/","article_modified_time":"2025-03-24T16:55:04+00:00","og_image":[{"width":2202,"height":1593,"url":"https:\/\/www.belleflamme.ca\/wp-content\/uploads\/2023\/03\/VB00004_ME150_web.webp","type":"image\/webp"}],"twitter_card":"summary_large_image","twitter_misc":{"Prix":"","Disponibilit\u00e9":"En stock"},"schema":{"@context":"https:\/\/schema.org","@graph":[{"@type":["WebPage","ItemPage"],"@id":"https:\/\/staging.belleflamme.ca\/fr\/produit\/foyer-au-bois-me150\/","url":"https:\/\/staging.belleflamme.ca\/fr\/produit\/foyer-au-bois-me150\/","name":"Foyer au bois ME150 - Groupe BelleFlamme","isPartOf":{"@id":"https:\/\/www.belleflamme.ca\/fr\/#website"},"primaryImageOfPage":{"@id":"https:\/\/staging.belleflamme.ca\/fr\/produit\/foyer-au-bois-me150\/#primaryimage"},"image":{"@id":"https:\/\/staging.belleflamme.ca\/fr\/produit\/foyer-au-bois-me150\/#primaryimage"},"thumbnailUrl":"https:\/\/staging.belleflamme.ca\/wp-content\/uploads\/2023\/03\/VB00004_ME150_web.webp","datePublished":"2023-03-26T18:02:36+00:00","dateModified":"2025-03-24T16:55:04+00:00","description":"Foyer au bois ME150 [get_meta_en_fr]","breadcrumb":{"@id":"https:\/\/staging.belleflamme.ca\/fr\/produit\/foyer-au-bois-me150\/#breadcrumb"},"inLanguage":"fr-FR","potentialAction":[{"@type":"ReadAction","target":["https:\/\/staging.belleflamme.ca\/fr\/produit\/foyer-au-bois-me150\/"]}]},{"@type":"ImageObject","inLanguage":"fr-FR","@id":"https:\/\/staging.belleflamme.ca\/fr\/produit\/foyer-au-bois-me150\/#primaryimage","url":"https:\/\/staging.belleflamme.ca\/wp-content\/uploads\/2023\/03\/VB00004_ME150_web.webp","contentUrl":"https:\/\/staging.belleflamme.ca\/wp-content\/uploads\/2023\/03\/VB00004_ME150_web.webp","width":2202,"height":1593,"caption":"Ventis ME150"},{"@type":"BreadcrumbList","@id":"https:\/\/staging.belleflamme.ca\/fr\/produit\/foyer-au-bois-me150\/#breadcrumb","itemListElement":[{"@type":"ListItem","position":1,"name":"Accueil","item":"https:\/\/www.belleflamme.ca\/fr\/"},{"@type":"ListItem","position":2,"name":"Boutique","item":"https:\/\/www.belleflamme.ca\/fr\/boutique\/"},{"@type":"ListItem","position":3,"name":"Po\u00eales &amp; Foyers","item":"https:\/\/staging.belleflamme.ca\/fr\/categories\/poeles-et-foyers\/"},{"@type":"ListItem","position":4,"name":"Po\u00eales &amp; Foyers au Bois","item":"https:\/\/staging.belleflamme.ca\/fr\/categories\/poeles-et-foyers\/poeles-et-foyers-au-bois\/"},{"@type":"ListItem","position":5,"name":"Foyer au Bois","item":"https:\/\/staging.belleflamme.ca\/fr\/categories\/poeles-et-foyers\/poeles-et-foyers-au-bois\/foyer-au-bois\/"},{"@type":"ListItem","position":6,"name":"Foyer au bois ME150"}]},{"@type":"WebSite","@id":"https:\/\/www.belleflamme.ca\/fr\/#website","url":"https:\/\/www.belleflamme.ca\/fr\/","name":"Groupe Belleflamme","description":"La m\u00e9canique du b\u00e2timent dans le sang.","publisher":{"@id":"https:\/\/www.belleflamme.ca\/fr\/#organization"},"potentialAction":[{"@type":"SearchAction","target":{"@type":"EntryPoint","urlTemplate":"https:\/\/www.belleflamme.ca\/fr\/?s={search_term_string}"},"query-input":{"@type":"PropertyValueSpecification","valueRequired":true,"valueName":"search_term_string"}}],"inLanguage":"fr-FR"},{"@type":["Organization","Place"],"@id":"https:\/\/www.belleflamme.ca\/fr\/#organization","name":"Groupe Belleflamme","alternateName":"Belleflamme","url":"https:\/\/www.belleflamme.ca\/fr\/","logo":{"@type":"ImageObject","inLanguage":"fr-FR","@id":"https:\/\/www.belleflamme.ca\/fr\/#\/schema\/logo\/image\/","url":"https:\/\/staging.belleflamme.ca\/wp-content\/uploads\/2023\/01\/og-image.jpg","contentUrl":"https:\/\/staging.belleflamme.ca\/wp-content\/uploads\/2023\/01\/og-image.jpg","width":1200,"height":630,"caption":"Groupe Belleflamme"},"image":{"@id":"https:\/\/www.belleflamme.ca\/fr\/#\/schema\/logo\/image\/"},"sameAs":["https:\/\/www.facebook.com\/belleflamme.ca\/","https:\/\/www.linkedin.com\/company\/belleflamme\/","https:\/\/www.pinterest.ca\/groupebelleflamme\/","https:\/\/www.instagram.com\/legroupebelleflamme\/"],"mainEntityOfPage":{"@id":"https:\/\/staging.belleflamme.ca\/fr\/produit\/foyer-au-bois-me150\/"}}]},"product_brand":"Ventis","product_price_amount":"0.00","product_price_currency":"CAD","og_availability":"instock","product_availability":"instock","product_retailer_item_id":"VB00004","product_condition":"new"},"_links":{"self":[{"href":"https:\/\/staging.belleflamme.ca\/fr\/wp-json\/wp\/v2\/product\/9418","targetHints":{"allow":["GET"]}}],"collection":[{"href":"https:\/\/staging.belleflamme.ca\/fr\/wp-json\/wp\/v2\/product"}],"about":[{"href":"https:\/\/staging.belleflamme.ca\/fr\/wp-json\/wp\/v2\/types\/product"}],"version-history":[{"count":2,"href":"https:\/\/staging.belleflamme.ca\/fr\/wp-json\/wp\/v2\/product\/9418\/revisions"}],"predecessor-version":[{"id":9427,"href":"https:\/\/staging.belleflamme.ca\/fr\/wp-json\/wp\/v2\/product\/9418\/revisions\/9427"}],"wp:featuredmedia":[{"embeddable":true,"href":"https:\/\/staging.belleflamme.ca\/fr\/wp-json\/wp\/v2\/media\/9419"}],"wp:attachment":[{"href":"https:\/\/staging.belleflamme.ca\/fr\/wp-json\/wp\/v2\/media?parent=9418"}],"wp:term":[{"taxonomy":"product_brand","embeddable":true,"href":"https:\/\/staging.belleflamme.ca\/fr\/wp-json\/wp\/v2\/product_brand?post=9418"},{"taxonomy":"product_cat","embeddable":true,"href":"https:\/\/staging.belleflamme.ca\/fr\/wp-json\/wp\/v2\/product_cat?post=9418"},{"taxonomy":"product_tag","embeddable":true,"href":"https:\/\/staging.belleflamme.ca\/fr\/wp-json\/wp\/v2\/product_tag?post=9418"}],"curies":[{"name":"wp","href":"https:\/\/api.w.org\/{rel}","templated":true}]}}