{"id":9078,"date":"2023-03-25T13:50:12","date_gmt":"2023-03-25T17:50:12","guid":{"rendered":"https:\/\/www.belleflamme.ca\/?post_type=product&#038;p=9078"},"modified":"2024-02-07T14:40:52","modified_gmt":"2024-02-07T19:40:52","slug":"garniture-pour-baignoire-romaine-axo43tmb","status":"publish","type":"product","link":"https:\/\/staging.belleflamme.ca\/fr\/produit\/garniture-pour-baignoire-romaine-axo43tmb\/","title":{"rendered":"Garniture pour baignoire romaine AXO43TMB"},"content":{"rendered":"\t\t<div data-elementor-type=\"product-post\" data-elementor-id=\"9078\" class=\"elementor elementor-9078\" data-elementor-post-type=\"product\">\n\t\t\t\t\t\t<section class=\"elementor-section elementor-top-section elementor-element elementor-element-4806a0f7 elementor-section-boxed elementor-section-height-default elementor-section-height-default\" data-id=\"4806a0f7\" data-element_type=\"section\">\n\t\t\t\t\t\t<div class=\"elementor-container elementor-column-gap-default\">\n\t\t\t\t\t<div class=\"elementor-column elementor-col-100 elementor-top-column elementor-element elementor-element-1563fdca\" data-id=\"1563fdca\" data-element_type=\"column\">\n\t\t\t<div class=\"elementor-widget-wrap elementor-element-populated\">\n\t\t\t\t\t\t<div class=\"elementor-element elementor-element-43ce7cd6 elementor-widget elementor-widget-text-editor\" data-id=\"43ce7cd6\" data-element_type=\"widget\" data-widget_type=\"text-editor.default\">\n\t\t\t\t<div class=\"elementor-widget-container\">\n\t\t\t\t\t\t\t\t\t<h3>Caract\u00e9ristiques<\/h3>\r\n\u2022 Installation \u00e0 entraxe ajustable variant de 8 \u00e0 14 pouces c\/c\r\n\u2022 Garniture compatible avec l\u2019installation primaire 43RBR\r\n\u2022 Pression \u00e9quilibr\u00e9e int\u00e9gr\u00e9e \u00e0 la cartouche\r\n\u2022 Limiteur de temp\u00e9rature\r\n\u2022 Fermeture automatique du d\u00e9bit si l\u2019alimentation d\u2019eau froide est interrompue\r\n\r\n\u2022 Bec de baignoire :\r\n&#8211; De type Slip-on avec inverseur int\u00e9gr\u00e9\r\n&#8211; D\u00e9bit maximal de 22,5 L\/min (6 gpm) \u00e0 60 psi\r\n\r\n\u2022 Douche \u00e0 main :\r\n&#8211; \u00c0 1 type de jet\r\n&#8211; Buses souples faciles \u00e0 nettoyer\r\n&#8211; Boyau de 59 pouces en m\u00e9tal chrom\u00e9 inclus avec l&#8217;installation primaire\r\n&#8211; D\u00e9bit maximal de 6,8 L\/min (1,8 gpm) \u00e0 80 psi\r\n\u2022 Corps en laiton\r\n<h3>Cartouche<\/h3>\r\n\u2022 C\u00e9ramique (FC9AC010)\r\n<h3>Fini<\/h3>\r\n\u2022 Noir mat\t\t\t\t\t\t\t\t<\/div>\n\t\t\t\t<\/div>\n\t\t\t\t\t<\/div>\n\t\t<\/div>\n\t\t\t\t\t<\/div>\n\t\t<\/section>\n\t\t\t\t<section class=\"elementor-section elementor-top-section elementor-element elementor-element-4d1fb11 elementor-section-boxed elementor-section-height-default elementor-section-height-default\" data-id=\"4d1fb11\" data-element_type=\"section\">\n\t\t\t\t\t\t<div class=\"elementor-container elementor-column-gap-default\">\n\t\t\t\t\t<div class=\"elementor-column elementor-col-100 elementor-top-column elementor-element elementor-element-b923565\" data-id=\"b923565\" data-element_type=\"column\">\n\t\t\t<div class=\"elementor-widget-wrap elementor-element-populated\">\n\t\t\t\t\t\t<div class=\"elementor-element elementor-element-4c07dd5 elementor-tabs-view-horizontal elementor-widget elementor-widget-tabs\" data-id=\"4c07dd5\" data-element_type=\"widget\" data-widget_type=\"tabs.default\">\n\t\t\t\t<div class=\"elementor-widget-container\">\n\t\t\t\t\t\t\t<div class=\"elementor-tabs\">\n\t\t\t<div class=\"elementor-tabs-wrapper\" role=\"tablist\" >\n\t\t\t\t\t\t\t\t\t<div id=\"elementor-tab-title-7971\" class=\"elementor-tab-title elementor-tab-desktop-title\" aria-selected=\"true\" data-tab=\"1\" role=\"tab\" tabindex=\"0\" aria-controls=\"elementor-tab-content-7971\" aria-expanded=\"false\">Fichiers<\/div>\n\t\t\t\t\t\t\t<\/div>\n\t\t\t<div class=\"elementor-tabs-content-wrapper\" role=\"tablist\" aria-orientation=\"vertical\">\n\t\t\t\t\t\t\t\t\t<div class=\"elementor-tab-title elementor-tab-mobile-title\" aria-selected=\"true\" data-tab=\"1\" role=\"tab\" tabindex=\"0\" aria-controls=\"elementor-tab-content-7971\" aria-expanded=\"false\">Fichiers<\/div>\n\t\t\t\t\t<div id=\"elementor-tab-content-7971\" class=\"elementor-tab-content elementor-clearfix\" data-tab=\"1\" role=\"tabpanel\" aria-labelledby=\"elementor-tab-title-7971\" tabindex=\"0\" hidden=\"false\"><i class=\"far fa-file-pdf fa-xl\" style=\"font-size:35px\"><\/i><a href=\"https:\/\/www.belleflamme.ca\/wp-content\/uploads\/2023\/03\/SPECAXO43TMB_v210202.pdf\"> Brochure<\/a><\/br><\/div>\n\t\t\t\t\t\t\t<\/div>\n\t\t<\/div>\n\t\t\t\t\t\t<\/div>\n\t\t\t\t<\/div>\n\t\t\t\t\t<\/div>\n\t\t<\/div>\n\t\t\t\t\t<\/div>\n\t\t<\/section>\n\t\t\t\t<\/div>\n\t\t","protected":false},"excerpt":{"rendered":"<p>Caract\u00e9ristiques \u2022 Installation \u00e0 entraxe ajustable variant de 8 \u00e0 14 pouces c\/c \u2022 Garniture compatible avec l\u2019installation primaire 43RBR \u2022 Pression \u00e9quilibr\u00e9e int\u00e9gr\u00e9e \u00e0 la cartouche \u2022 Limiteur de temp\u00e9rature \u2022 Fermeture automatique du d\u00e9bit si l\u2019alimentation d\u2019eau froide est interrompue \u2022 Bec de baignoire : &#8211; De type Slip-on avec inverseur int\u00e9gr\u00e9 &#8211; [&hellip;]<\/p>\n","protected":false},"featured_media":9079,"template":"","meta":{"inline_featured_image":false},"product_brand":[364],"product_cat":[97,102],"product_tag":[],"class_list":{"0":"post-9078","1":"product","2":"type-product","3":"status-publish","4":"has-post-thumbnail","6":"product_brand-belanger","7":"product_cat-plomberie-gaz","8":"product_cat-robinetterie-accessoires","10":"first","11":"instock","12":"taxable","13":"shipping-taxable","14":"product-type-simple"},"yoast_head":"<!-- This site is optimized with the Yoast SEO Premium plugin v24.2 (Yoast SEO v24.2) - https:\/\/yoast.com\/wordpress\/plugins\/seo\/ -->\n<title>Garniture pour baignoire romaine AXO43TMB - Groupe BelleFlamme<\/title>\n<meta name=\"description\" content=\"Garniture pour baignoire romaine AXO43TMB vendu et install\u00e9 par le Groupe Belleflamme. Laval, Montr\u00e9al, Gatineau, Drummondville et Saint-Sauveur.\" \/>\n<meta name=\"robots\" content=\"index, follow, max-snippet:-1, max-image-preview:large, max-video-preview:-1\" \/>\n<link rel=\"canonical\" href=\"https:\/\/staging.belleflamme.ca\/fr\/produit\/garniture-pour-baignoire-romaine-axo43tmb\/\" \/>\n<meta property=\"og:locale\" content=\"fr_FR\" \/>\n<meta property=\"og:type\" content=\"article\" \/>\n<meta property=\"og:title\" content=\"Garniture pour baignoire romaine AXO43TMB\" \/>\n<meta property=\"og:description\" content=\"Garniture pour baignoire romaine AXO43TMB vendu et install\u00e9 par le Groupe Belleflamme. Laval, Montr\u00e9al, Gatineau, Drummondville et Saint-Sauveur.\" \/>\n<meta property=\"og:url\" content=\"https:\/\/staging.belleflamme.ca\/fr\/produit\/garniture-pour-baignoire-romaine-axo43tmb\/\" \/>\n<meta property=\"og:site_name\" content=\"Groupe BelleFlamme\" \/>\n<meta property=\"article:publisher\" content=\"https:\/\/www.facebook.com\/belleflamme.ca\/\" \/>\n<meta property=\"article:modified_time\" content=\"2024-02-07T19:40:52+00:00\" \/>\n<meta property=\"og:image\" content=\"https:\/\/www.belleflamme.ca\/wp-content\/uploads\/2023\/03\/1-7.jpg\" \/>\n\t<meta property=\"og:image:width\" content=\"2048\" \/>\n\t<meta property=\"og:image:height\" content=\"2048\" \/>\n\t<meta property=\"og:image:type\" content=\"image\/jpeg\" \/>\n<meta name=\"twitter:card\" content=\"summary_large_image\" \/>\n<meta name=\"twitter:label1\" content=\"Prix\" \/>\n\t<meta name=\"twitter:data1\" content=\"\" \/>\n\t<meta name=\"twitter:label2\" content=\"Disponibilit\u00e9\" \/>\n\t<meta name=\"twitter:data2\" content=\"En stock\" \/>\n<script type=\"application\/ld+json\" class=\"yoast-schema-graph\">{\"@context\":\"https:\/\/schema.org\",\"@graph\":[{\"@type\":[\"WebPage\",\"ItemPage\"],\"@id\":\"https:\/\/staging.belleflamme.ca\/fr\/produit\/garniture-pour-baignoire-romaine-axo43tmb\/\",\"url\":\"https:\/\/staging.belleflamme.ca\/fr\/produit\/garniture-pour-baignoire-romaine-axo43tmb\/\",\"name\":\"Garniture pour baignoire romaine AXO43TMB - Groupe BelleFlamme\",\"isPartOf\":{\"@id\":\"https:\/\/www.belleflamme.ca\/fr\/#website\"},\"primaryImageOfPage\":{\"@id\":\"https:\/\/staging.belleflamme.ca\/fr\/produit\/garniture-pour-baignoire-romaine-axo43tmb\/#primaryimage\"},\"image\":{\"@id\":\"https:\/\/staging.belleflamme.ca\/fr\/produit\/garniture-pour-baignoire-romaine-axo43tmb\/#primaryimage\"},\"thumbnailUrl\":\"https:\/\/staging.belleflamme.ca\/wp-content\/uploads\/2023\/03\/1-7.jpg\",\"datePublished\":\"2023-03-25T17:50:12+00:00\",\"dateModified\":\"2024-02-07T19:40:52+00:00\",\"description\":\"Garniture pour baignoire romaine AXO43TMB [get_meta_en_fr]\",\"breadcrumb\":{\"@id\":\"https:\/\/staging.belleflamme.ca\/fr\/produit\/garniture-pour-baignoire-romaine-axo43tmb\/#breadcrumb\"},\"inLanguage\":\"fr-FR\",\"potentialAction\":[{\"@type\":\"ReadAction\",\"target\":[\"https:\/\/staging.belleflamme.ca\/fr\/produit\/garniture-pour-baignoire-romaine-axo43tmb\/\"]}]},{\"@type\":\"ImageObject\",\"inLanguage\":\"fr-FR\",\"@id\":\"https:\/\/staging.belleflamme.ca\/fr\/produit\/garniture-pour-baignoire-romaine-axo43tmb\/#primaryimage\",\"url\":\"https:\/\/staging.belleflamme.ca\/wp-content\/uploads\/2023\/03\/1-7.jpg\",\"contentUrl\":\"https:\/\/staging.belleflamme.ca\/wp-content\/uploads\/2023\/03\/1-7.jpg\",\"width\":2048,\"height\":2048,\"caption\":\"b\u00e9langer AXO43TMB\"},{\"@type\":\"BreadcrumbList\",\"@id\":\"https:\/\/staging.belleflamme.ca\/fr\/produit\/garniture-pour-baignoire-romaine-axo43tmb\/#breadcrumb\",\"itemListElement\":[{\"@type\":\"ListItem\",\"position\":1,\"name\":\"Accueil\",\"item\":\"https:\/\/www.belleflamme.ca\/fr\/\"},{\"@type\":\"ListItem\",\"position\":2,\"name\":\"Boutique\",\"item\":\"https:\/\/www.belleflamme.ca\/fr\/boutique\/\"},{\"@type\":\"ListItem\",\"position\":3,\"name\":\"Plomberie &amp; Gaz\",\"item\":\"https:\/\/staging.belleflamme.ca\/fr\/categories\/plomberie-gaz\/\"},{\"@type\":\"ListItem\",\"position\":4,\"name\":\"Robinetterie &amp; Accessoires\",\"item\":\"https:\/\/staging.belleflamme.ca\/fr\/categories\/plomberie-gaz\/robinetterie-accessoires\/\"},{\"@type\":\"ListItem\",\"position\":5,\"name\":\"Garniture pour baignoire romaine AXO43TMB\"}]},{\"@type\":\"WebSite\",\"@id\":\"https:\/\/www.belleflamme.ca\/fr\/#website\",\"url\":\"https:\/\/www.belleflamme.ca\/fr\/\",\"name\":\"Groupe Belleflamme\",\"description\":\"La m\u00e9canique du b\u00e2timent dans le sang.\",\"publisher\":{\"@id\":\"https:\/\/www.belleflamme.ca\/fr\/#organization\"},\"potentialAction\":[{\"@type\":\"SearchAction\",\"target\":{\"@type\":\"EntryPoint\",\"urlTemplate\":\"https:\/\/www.belleflamme.ca\/fr\/?s={search_term_string}\"},\"query-input\":{\"@type\":\"PropertyValueSpecification\",\"valueRequired\":true,\"valueName\":\"search_term_string\"}}],\"inLanguage\":\"fr-FR\"},{\"@type\":[\"Organization\",\"Place\"],\"@id\":\"https:\/\/www.belleflamme.ca\/fr\/#organization\",\"name\":\"Groupe Belleflamme\",\"alternateName\":\"Belleflamme\",\"url\":\"https:\/\/www.belleflamme.ca\/fr\/\",\"logo\":{\"@type\":\"ImageObject\",\"inLanguage\":\"fr-FR\",\"@id\":\"https:\/\/www.belleflamme.ca\/fr\/#\/schema\/logo\/image\/\",\"url\":\"https:\/\/staging.belleflamme.ca\/wp-content\/uploads\/2023\/01\/og-image.jpg\",\"contentUrl\":\"https:\/\/staging.belleflamme.ca\/wp-content\/uploads\/2023\/01\/og-image.jpg\",\"width\":1200,\"height\":630,\"caption\":\"Groupe Belleflamme\"},\"image\":{\"@id\":\"https:\/\/www.belleflamme.ca\/fr\/#\/schema\/logo\/image\/\"},\"sameAs\":[\"https:\/\/www.facebook.com\/belleflamme.ca\/\",\"https:\/\/www.linkedin.com\/company\/belleflamme\/\",\"https:\/\/www.pinterest.ca\/groupebelleflamme\/\",\"https:\/\/www.instagram.com\/legroupebelleflamme\/\"],\"mainEntityOfPage\":{\"@id\":\"https:\/\/staging.belleflamme.ca\/fr\/produit\/garniture-pour-baignoire-romaine-axo43tmb\/\"}}]}<\/script>\n<meta property=\"product:brand\" content=\"B\u00e9langer\" \/>\n<meta property=\"product:price:amount\" content=\"0.00\" \/>\n<meta property=\"product:price:currency\" content=\"CAD\" \/>\n<meta property=\"og:availability\" content=\"instock\" \/>\n<meta property=\"product:availability\" content=\"instock\" \/>\n<meta property=\"product:condition\" content=\"new\" \/>\n<!-- \/ Yoast SEO Premium plugin. -->","yoast_head_json":{"title":"Garniture pour baignoire romaine AXO43TMB - Groupe BelleFlamme","description":"Garniture pour baignoire romaine AXO43TMB vendu et install\u00e9 par le Groupe Belleflamme. Laval, Montr\u00e9al, Gatineau, Drummondville et Saint-Sauveur.","robots":{"index":"index","follow":"follow","max-snippet":"max-snippet:-1","max-image-preview":"max-image-preview:large","max-video-preview":"max-video-preview:-1"},"canonical":"https:\/\/staging.belleflamme.ca\/fr\/produit\/garniture-pour-baignoire-romaine-axo43tmb\/","og_locale":"fr_FR","og_type":"article","og_title":"Garniture pour baignoire romaine AXO43TMB","og_description":"Garniture pour baignoire romaine AXO43TMB vendu et install\u00e9 par le Groupe Belleflamme. Laval, Montr\u00e9al, Gatineau, Drummondville et Saint-Sauveur.","og_url":"https:\/\/staging.belleflamme.ca\/fr\/produit\/garniture-pour-baignoire-romaine-axo43tmb\/","og_site_name":"Groupe BelleFlamme","article_publisher":"https:\/\/www.facebook.com\/belleflamme.ca\/","article_modified_time":"2024-02-07T19:40:52+00:00","og_image":[{"width":2048,"height":2048,"url":"https:\/\/www.belleflamme.ca\/wp-content\/uploads\/2023\/03\/1-7.jpg","type":"image\/jpeg"}],"twitter_card":"summary_large_image","twitter_misc":{"Prix":"","Disponibilit\u00e9":"En stock"},"schema":{"@context":"https:\/\/schema.org","@graph":[{"@type":["WebPage","ItemPage"],"@id":"https:\/\/staging.belleflamme.ca\/fr\/produit\/garniture-pour-baignoire-romaine-axo43tmb\/","url":"https:\/\/staging.belleflamme.ca\/fr\/produit\/garniture-pour-baignoire-romaine-axo43tmb\/","name":"Garniture pour baignoire romaine AXO43TMB - Groupe BelleFlamme","isPartOf":{"@id":"https:\/\/www.belleflamme.ca\/fr\/#website"},"primaryImageOfPage":{"@id":"https:\/\/staging.belleflamme.ca\/fr\/produit\/garniture-pour-baignoire-romaine-axo43tmb\/#primaryimage"},"image":{"@id":"https:\/\/staging.belleflamme.ca\/fr\/produit\/garniture-pour-baignoire-romaine-axo43tmb\/#primaryimage"},"thumbnailUrl":"https:\/\/staging.belleflamme.ca\/wp-content\/uploads\/2023\/03\/1-7.jpg","datePublished":"2023-03-25T17:50:12+00:00","dateModified":"2024-02-07T19:40:52+00:00","description":"Garniture pour baignoire romaine AXO43TMB [get_meta_en_fr]","breadcrumb":{"@id":"https:\/\/staging.belleflamme.ca\/fr\/produit\/garniture-pour-baignoire-romaine-axo43tmb\/#breadcrumb"},"inLanguage":"fr-FR","potentialAction":[{"@type":"ReadAction","target":["https:\/\/staging.belleflamme.ca\/fr\/produit\/garniture-pour-baignoire-romaine-axo43tmb\/"]}]},{"@type":"ImageObject","inLanguage":"fr-FR","@id":"https:\/\/staging.belleflamme.ca\/fr\/produit\/garniture-pour-baignoire-romaine-axo43tmb\/#primaryimage","url":"https:\/\/staging.belleflamme.ca\/wp-content\/uploads\/2023\/03\/1-7.jpg","contentUrl":"https:\/\/staging.belleflamme.ca\/wp-content\/uploads\/2023\/03\/1-7.jpg","width":2048,"height":2048,"caption":"b\u00e9langer AXO43TMB"},{"@type":"BreadcrumbList","@id":"https:\/\/staging.belleflamme.ca\/fr\/produit\/garniture-pour-baignoire-romaine-axo43tmb\/#breadcrumb","itemListElement":[{"@type":"ListItem","position":1,"name":"Accueil","item":"https:\/\/www.belleflamme.ca\/fr\/"},{"@type":"ListItem","position":2,"name":"Boutique","item":"https:\/\/www.belleflamme.ca\/fr\/boutique\/"},{"@type":"ListItem","position":3,"name":"Plomberie &amp; Gaz","item":"https:\/\/staging.belleflamme.ca\/fr\/categories\/plomberie-gaz\/"},{"@type":"ListItem","position":4,"name":"Robinetterie &amp; Accessoires","item":"https:\/\/staging.belleflamme.ca\/fr\/categories\/plomberie-gaz\/robinetterie-accessoires\/"},{"@type":"ListItem","position":5,"name":"Garniture pour baignoire romaine AXO43TMB"}]},{"@type":"WebSite","@id":"https:\/\/www.belleflamme.ca\/fr\/#website","url":"https:\/\/www.belleflamme.ca\/fr\/","name":"Groupe Belleflamme","description":"La m\u00e9canique du b\u00e2timent dans le sang.","publisher":{"@id":"https:\/\/www.belleflamme.ca\/fr\/#organization"},"potentialAction":[{"@type":"SearchAction","target":{"@type":"EntryPoint","urlTemplate":"https:\/\/www.belleflamme.ca\/fr\/?s={search_term_string}"},"query-input":{"@type":"PropertyValueSpecification","valueRequired":true,"valueName":"search_term_string"}}],"inLanguage":"fr-FR"},{"@type":["Organization","Place"],"@id":"https:\/\/www.belleflamme.ca\/fr\/#organization","name":"Groupe Belleflamme","alternateName":"Belleflamme","url":"https:\/\/www.belleflamme.ca\/fr\/","logo":{"@type":"ImageObject","inLanguage":"fr-FR","@id":"https:\/\/www.belleflamme.ca\/fr\/#\/schema\/logo\/image\/","url":"https:\/\/staging.belleflamme.ca\/wp-content\/uploads\/2023\/01\/og-image.jpg","contentUrl":"https:\/\/staging.belleflamme.ca\/wp-content\/uploads\/2023\/01\/og-image.jpg","width":1200,"height":630,"caption":"Groupe Belleflamme"},"image":{"@id":"https:\/\/www.belleflamme.ca\/fr\/#\/schema\/logo\/image\/"},"sameAs":["https:\/\/www.facebook.com\/belleflamme.ca\/","https:\/\/www.linkedin.com\/company\/belleflamme\/","https:\/\/www.pinterest.ca\/groupebelleflamme\/","https:\/\/www.instagram.com\/legroupebelleflamme\/"],"mainEntityOfPage":{"@id":"https:\/\/staging.belleflamme.ca\/fr\/produit\/garniture-pour-baignoire-romaine-axo43tmb\/"}}]},"product_brand":"B\u00e9langer","product_price_amount":"0.00","product_price_currency":"CAD","og_availability":"instock","product_availability":"instock","product_condition":"new"},"_links":{"self":[{"href":"https:\/\/staging.belleflamme.ca\/fr\/wp-json\/wp\/v2\/product\/9078","targetHints":{"allow":["GET"]}}],"collection":[{"href":"https:\/\/staging.belleflamme.ca\/fr\/wp-json\/wp\/v2\/product"}],"about":[{"href":"https:\/\/staging.belleflamme.ca\/fr\/wp-json\/wp\/v2\/types\/product"}],"version-history":[{"count":4,"href":"https:\/\/staging.belleflamme.ca\/fr\/wp-json\/wp\/v2\/product\/9078\/revisions"}],"predecessor-version":[{"id":9208,"href":"https:\/\/staging.belleflamme.ca\/fr\/wp-json\/wp\/v2\/product\/9078\/revisions\/9208"}],"wp:featuredmedia":[{"embeddable":true,"href":"https:\/\/staging.belleflamme.ca\/fr\/wp-json\/wp\/v2\/media\/9079"}],"wp:attachment":[{"href":"https:\/\/staging.belleflamme.ca\/fr\/wp-json\/wp\/v2\/media?parent=9078"}],"wp:term":[{"taxonomy":"product_brand","embeddable":true,"href":"https:\/\/staging.belleflamme.ca\/fr\/wp-json\/wp\/v2\/product_brand?post=9078"},{"taxonomy":"product_cat","embeddable":true,"href":"https:\/\/staging.belleflamme.ca\/fr\/wp-json\/wp\/v2\/product_cat?post=9078"},{"taxonomy":"product_tag","embeddable":true,"href":"https:\/\/staging.belleflamme.ca\/fr\/wp-json\/wp\/v2\/product_tag?post=9078"}],"curies":[{"name":"wp","href":"https:\/\/api.w.org\/{rel}","templated":true}]}}