{"id":9068,"date":"2023-03-25T13:39:21","date_gmt":"2023-03-25T17:39:21","guid":{"rendered":"https:\/\/www.belleflamme.ca\/?post_type=product&#038;p=9068"},"modified":"2024-02-07T14:41:54","modified_gmt":"2024-02-07T19:41:54","slug":"robinet-pour-evier-de-cuisine-avec-bec-amovible-slm78mb2","status":"publish","type":"product","link":"https:\/\/staging.belleflamme.ca\/fr\/produit\/robinet-pour-evier-de-cuisine-avec-bec-amovible-slm78mb2\/","title":{"rendered":"Robinet pour \u00e9vier de cuisine avec bec amovible SLM78MB2"},"content":{"rendered":"\t\t<div data-elementor-type=\"product-post\" data-elementor-id=\"9068\" class=\"elementor elementor-9068\" data-elementor-post-type=\"product\">\n\t\t\t\t\t\t<section class=\"elementor-section elementor-top-section elementor-element elementor-element-555ca4c2 elementor-section-boxed elementor-section-height-default elementor-section-height-default\" data-id=\"555ca4c2\" data-element_type=\"section\">\n\t\t\t\t\t\t<div class=\"elementor-container elementor-column-gap-default\">\n\t\t\t\t\t<div class=\"elementor-column elementor-col-100 elementor-top-column elementor-element elementor-element-15e80ee\" data-id=\"15e80ee\" data-element_type=\"column\">\n\t\t\t<div class=\"elementor-widget-wrap elementor-element-populated\">\n\t\t\t\t\t\t<div class=\"elementor-element elementor-element-3a3b2ac1 elementor-widget elementor-widget-text-editor\" data-id=\"3a3b2ac1\" data-element_type=\"widget\" data-widget_type=\"text-editor.default\">\n\t\t\t\t<div class=\"elementor-widget-container\">\n\t\t\t\t\t\t\t\t\t<h3>Caract\u00e9ristiques<\/h3>\r\n\u2022 Installation monotrou\r\n\u2022 Soupape anti-retour int\u00e9gr\u00e9e\r\n\u2022 Connexion KliK\r\n\u2022 Rotation de la poign\u00e9e vers l\u2019avant\r\n\u2022 Plaque de recouvrement optionnelle (FCKTS3036MB vendue s\u00e9par\u00e9ment)\r\n\u2022 Bec pivotant int\u00e9grant douchette amovible avec bouton inverseur de jets (concentr\u00e9, diffus) et boyau de 59 pouces en nylon tress\u00e9\r\n\u2022 D\u00e9bit maximal de 6,8 L\/min (1.8 gpm) \u00e0 60 psi\r\n\u2022 Enveloppe ext\u00e9rieure en m\u00e9tal\r\n\u2022 Voies d\u2019alimentation en laiton\r\n\u2022 Faible teneur en plomb (moins de 0,25%)\r\n\u2022 Raccordements 3\/8 pouce (9\/16-24 UNEF) avec connecteurs flexibles tress\u00e9s nylon\r\n<h3>Cartouche<\/h3>\r\n\u2022 C\u00e9ramique (FC9M6)\r\n<h3>Fini<\/h3>\r\n\u2022 Noir mat\t\t\t\t\t\t\t\t<\/div>\n\t\t\t\t<\/div>\n\t\t\t\t\t<\/div>\n\t\t<\/div>\n\t\t\t\t\t<\/div>\n\t\t<\/section>\n\t\t\t\t<section class=\"elementor-section elementor-top-section elementor-element elementor-element-64250ef elementor-section-boxed elementor-section-height-default elementor-section-height-default\" data-id=\"64250ef\" data-element_type=\"section\">\n\t\t\t\t\t\t<div class=\"elementor-container elementor-column-gap-default\">\n\t\t\t\t\t<div class=\"elementor-column elementor-col-100 elementor-top-column elementor-element elementor-element-52c49d8\" data-id=\"52c49d8\" data-element_type=\"column\">\n\t\t\t<div class=\"elementor-widget-wrap elementor-element-populated\">\n\t\t\t\t\t\t<div class=\"elementor-element elementor-element-57d5ff1 elementor-tabs-view-horizontal elementor-widget elementor-widget-tabs\" data-id=\"57d5ff1\" data-element_type=\"widget\" data-widget_type=\"tabs.default\">\n\t\t\t\t<div class=\"elementor-widget-container\">\n\t\t\t\t\t\t\t<div class=\"elementor-tabs\">\n\t\t\t<div class=\"elementor-tabs-wrapper\" role=\"tablist\" >\n\t\t\t\t\t\t\t\t\t<div id=\"elementor-tab-title-9211\" class=\"elementor-tab-title elementor-tab-desktop-title\" aria-selected=\"true\" data-tab=\"1\" role=\"tab\" tabindex=\"0\" aria-controls=\"elementor-tab-content-9211\" aria-expanded=\"false\">Fichiers<\/div>\n\t\t\t\t\t\t\t<\/div>\n\t\t\t<div class=\"elementor-tabs-content-wrapper\" role=\"tablist\" aria-orientation=\"vertical\">\n\t\t\t\t\t\t\t\t\t<div class=\"elementor-tab-title elementor-tab-mobile-title\" aria-selected=\"true\" data-tab=\"1\" role=\"tab\" tabindex=\"0\" aria-controls=\"elementor-tab-content-9211\" aria-expanded=\"false\">Fichiers<\/div>\n\t\t\t\t\t<div id=\"elementor-tab-content-9211\" class=\"elementor-tab-content elementor-clearfix\" data-tab=\"1\" role=\"tabpanel\" aria-labelledby=\"elementor-tab-title-9211\" tabindex=\"0\" hidden=\"false\"><i class=\"far fa-file-pdf fa-xl\" style=\"font-size:35px\"><\/i><a href=\"https:\/\/www.belleflamme.ca\/wp-content\/uploads\/2023\/03\/SPEC_SLM78MB2_v220128.pdf\"> Brochure<\/a><\/br><\/div>\n\t\t\t\t\t\t\t<\/div>\n\t\t<\/div>\n\t\t\t\t\t\t<\/div>\n\t\t\t\t<\/div>\n\t\t\t\t\t<\/div>\n\t\t<\/div>\n\t\t\t\t\t<\/div>\n\t\t<\/section>\n\t\t\t\t<\/div>\n\t\t","protected":false},"excerpt":{"rendered":"<p>Caract\u00e9ristiques \u2022 Installation monotrou \u2022 Soupape anti-retour int\u00e9gr\u00e9e \u2022 Connexion KliK \u2022 Rotation de la poign\u00e9e vers l\u2019avant \u2022 Plaque de recouvrement optionnelle (FCKTS3036MB vendue s\u00e9par\u00e9ment) \u2022 Bec pivotant int\u00e9grant douchette amovible avec bouton inverseur de jets (concentr\u00e9, diffus) et boyau de 59 pouces en nylon tress\u00e9 \u2022 D\u00e9bit maximal de 6,8 L\/min (1.8 gpm) [&hellip;]<\/p>\n","protected":false},"featured_media":9069,"template":"","meta":{"inline_featured_image":false},"product_brand":[364],"product_cat":[97,102],"product_tag":[],"class_list":{"0":"post-9068","1":"product","2":"type-product","3":"status-publish","4":"has-post-thumbnail","6":"product_brand-belanger","7":"product_cat-plomberie-gaz","8":"product_cat-robinetterie-accessoires","10":"first","11":"instock","12":"taxable","13":"shipping-taxable","14":"product-type-simple"},"yoast_head":"<!-- This site is optimized with the Yoast SEO Premium plugin v24.2 (Yoast SEO v24.2) - https:\/\/yoast.com\/wordpress\/plugins\/seo\/ -->\n<title>Robinet pour \u00e9vier de cuisine avec bec amovible SLM78MB2 - Groupe BelleFlamme<\/title>\n<meta name=\"description\" content=\"Robinet pour \u00e9vier de cuisine avec bec amovible SLM78MB2 vendu et install\u00e9 par le Groupe Belleflamme. Laval, Montr\u00e9al, Gatineau, Drummondville et Saint-Sauveur.\" \/>\n<meta name=\"robots\" content=\"index, follow, max-snippet:-1, max-image-preview:large, max-video-preview:-1\" \/>\n<link rel=\"canonical\" href=\"https:\/\/staging.belleflamme.ca\/fr\/produit\/robinet-pour-evier-de-cuisine-avec-bec-amovible-slm78mb2\/\" \/>\n<meta property=\"og:locale\" content=\"fr_FR\" \/>\n<meta property=\"og:type\" content=\"article\" \/>\n<meta property=\"og:title\" content=\"Robinet pour \u00e9vier de cuisine avec bec amovible SLM78MB2\" \/>\n<meta property=\"og:description\" content=\"Robinet pour \u00e9vier de cuisine avec bec amovible SLM78MB2 vendu et install\u00e9 par le Groupe Belleflamme. Laval, Montr\u00e9al, Gatineau, Drummondville et Saint-Sauveur.\" \/>\n<meta property=\"og:url\" content=\"https:\/\/staging.belleflamme.ca\/fr\/produit\/robinet-pour-evier-de-cuisine-avec-bec-amovible-slm78mb2\/\" \/>\n<meta property=\"og:site_name\" content=\"Groupe BelleFlamme\" \/>\n<meta property=\"article:publisher\" content=\"https:\/\/www.facebook.com\/belleflamme.ca\/\" \/>\n<meta property=\"article:modified_time\" content=\"2024-02-07T19:41:54+00:00\" \/>\n<meta property=\"og:image\" content=\"https:\/\/www.belleflamme.ca\/wp-content\/uploads\/2023\/03\/1-5.jpg\" \/>\n\t<meta property=\"og:image:width\" content=\"2000\" \/>\n\t<meta property=\"og:image:height\" content=\"2000\" \/>\n\t<meta property=\"og:image:type\" content=\"image\/jpeg\" \/>\n<meta name=\"twitter:card\" content=\"summary_large_image\" \/>\n<meta name=\"twitter:label1\" content=\"Prix\" \/>\n\t<meta name=\"twitter:data1\" content=\"\" \/>\n\t<meta name=\"twitter:label2\" content=\"Disponibilit\u00e9\" \/>\n\t<meta name=\"twitter:data2\" content=\"En stock\" \/>\n<script type=\"application\/ld+json\" class=\"yoast-schema-graph\">{\"@context\":\"https:\/\/schema.org\",\"@graph\":[{\"@type\":[\"WebPage\",\"ItemPage\"],\"@id\":\"https:\/\/staging.belleflamme.ca\/fr\/produit\/robinet-pour-evier-de-cuisine-avec-bec-amovible-slm78mb2\/\",\"url\":\"https:\/\/staging.belleflamme.ca\/fr\/produit\/robinet-pour-evier-de-cuisine-avec-bec-amovible-slm78mb2\/\",\"name\":\"Robinet pour \u00e9vier de cuisine avec bec amovible SLM78MB2 - Groupe BelleFlamme\",\"isPartOf\":{\"@id\":\"https:\/\/www.belleflamme.ca\/fr\/#website\"},\"primaryImageOfPage\":{\"@id\":\"https:\/\/staging.belleflamme.ca\/fr\/produit\/robinet-pour-evier-de-cuisine-avec-bec-amovible-slm78mb2\/#primaryimage\"},\"image\":{\"@id\":\"https:\/\/staging.belleflamme.ca\/fr\/produit\/robinet-pour-evier-de-cuisine-avec-bec-amovible-slm78mb2\/#primaryimage\"},\"thumbnailUrl\":\"https:\/\/staging.belleflamme.ca\/wp-content\/uploads\/2023\/03\/1-5.jpg\",\"datePublished\":\"2023-03-25T17:39:21+00:00\",\"dateModified\":\"2024-02-07T19:41:54+00:00\",\"description\":\"Robinet pour \u00e9vier de cuisine avec bec amovible SLM78MB2 [get_meta_en_fr]\",\"breadcrumb\":{\"@id\":\"https:\/\/staging.belleflamme.ca\/fr\/produit\/robinet-pour-evier-de-cuisine-avec-bec-amovible-slm78mb2\/#breadcrumb\"},\"inLanguage\":\"fr-FR\",\"potentialAction\":[{\"@type\":\"ReadAction\",\"target\":[\"https:\/\/staging.belleflamme.ca\/fr\/produit\/robinet-pour-evier-de-cuisine-avec-bec-amovible-slm78mb2\/\"]}]},{\"@type\":\"ImageObject\",\"inLanguage\":\"fr-FR\",\"@id\":\"https:\/\/staging.belleflamme.ca\/fr\/produit\/robinet-pour-evier-de-cuisine-avec-bec-amovible-slm78mb2\/#primaryimage\",\"url\":\"https:\/\/staging.belleflamme.ca\/wp-content\/uploads\/2023\/03\/1-5.jpg\",\"contentUrl\":\"https:\/\/staging.belleflamme.ca\/wp-content\/uploads\/2023\/03\/1-5.jpg\",\"width\":2000,\"height\":2000,\"caption\":\"B\u00e9langer SLM78MB2\"},{\"@type\":\"BreadcrumbList\",\"@id\":\"https:\/\/staging.belleflamme.ca\/fr\/produit\/robinet-pour-evier-de-cuisine-avec-bec-amovible-slm78mb2\/#breadcrumb\",\"itemListElement\":[{\"@type\":\"ListItem\",\"position\":1,\"name\":\"Accueil\",\"item\":\"https:\/\/www.belleflamme.ca\/fr\/\"},{\"@type\":\"ListItem\",\"position\":2,\"name\":\"Boutique\",\"item\":\"https:\/\/www.belleflamme.ca\/fr\/boutique\/\"},{\"@type\":\"ListItem\",\"position\":3,\"name\":\"Plomberie &amp; Gaz\",\"item\":\"https:\/\/staging.belleflamme.ca\/fr\/categories\/plomberie-gaz\/\"},{\"@type\":\"ListItem\",\"position\":4,\"name\":\"Robinetterie &amp; Accessoires\",\"item\":\"https:\/\/staging.belleflamme.ca\/fr\/categories\/plomberie-gaz\/robinetterie-accessoires\/\"},{\"@type\":\"ListItem\",\"position\":5,\"name\":\"Robinet pour \u00e9vier de cuisine avec bec amovible SLM78MB2\"}]},{\"@type\":\"WebSite\",\"@id\":\"https:\/\/www.belleflamme.ca\/fr\/#website\",\"url\":\"https:\/\/www.belleflamme.ca\/fr\/\",\"name\":\"Groupe Belleflamme\",\"description\":\"La m\u00e9canique du b\u00e2timent dans le sang.\",\"publisher\":{\"@id\":\"https:\/\/www.belleflamme.ca\/fr\/#organization\"},\"potentialAction\":[{\"@type\":\"SearchAction\",\"target\":{\"@type\":\"EntryPoint\",\"urlTemplate\":\"https:\/\/www.belleflamme.ca\/fr\/?s={search_term_string}\"},\"query-input\":{\"@type\":\"PropertyValueSpecification\",\"valueRequired\":true,\"valueName\":\"search_term_string\"}}],\"inLanguage\":\"fr-FR\"},{\"@type\":[\"Organization\",\"Place\"],\"@id\":\"https:\/\/www.belleflamme.ca\/fr\/#organization\",\"name\":\"Groupe Belleflamme\",\"alternateName\":\"Belleflamme\",\"url\":\"https:\/\/www.belleflamme.ca\/fr\/\",\"logo\":{\"@type\":\"ImageObject\",\"inLanguage\":\"fr-FR\",\"@id\":\"https:\/\/www.belleflamme.ca\/fr\/#\/schema\/logo\/image\/\",\"url\":\"https:\/\/staging.belleflamme.ca\/wp-content\/uploads\/2023\/01\/og-image.jpg\",\"contentUrl\":\"https:\/\/staging.belleflamme.ca\/wp-content\/uploads\/2023\/01\/og-image.jpg\",\"width\":1200,\"height\":630,\"caption\":\"Groupe Belleflamme\"},\"image\":{\"@id\":\"https:\/\/www.belleflamme.ca\/fr\/#\/schema\/logo\/image\/\"},\"sameAs\":[\"https:\/\/www.facebook.com\/belleflamme.ca\/\",\"https:\/\/www.linkedin.com\/company\/belleflamme\/\",\"https:\/\/www.pinterest.ca\/groupebelleflamme\/\",\"https:\/\/www.instagram.com\/legroupebelleflamme\/\"],\"mainEntityOfPage\":{\"@id\":\"https:\/\/staging.belleflamme.ca\/fr\/produit\/robinet-pour-evier-de-cuisine-avec-bec-amovible-slm78mb2\/\"}}]}<\/script>\n<meta property=\"product:brand\" content=\"B\u00e9langer\" \/>\n<meta property=\"product:price:amount\" content=\"0.00\" \/>\n<meta property=\"product:price:currency\" content=\"CAD\" \/>\n<meta property=\"og:availability\" content=\"instock\" \/>\n<meta property=\"product:availability\" content=\"instock\" \/>\n<meta property=\"product:condition\" content=\"new\" \/>\n<!-- \/ Yoast SEO Premium plugin. -->","yoast_head_json":{"title":"Robinet pour \u00e9vier de cuisine avec bec amovible SLM78MB2 - Groupe BelleFlamme","description":"Robinet pour \u00e9vier de cuisine avec bec amovible SLM78MB2 vendu et install\u00e9 par le Groupe Belleflamme. Laval, Montr\u00e9al, Gatineau, Drummondville et Saint-Sauveur.","robots":{"index":"index","follow":"follow","max-snippet":"max-snippet:-1","max-image-preview":"max-image-preview:large","max-video-preview":"max-video-preview:-1"},"canonical":"https:\/\/staging.belleflamme.ca\/fr\/produit\/robinet-pour-evier-de-cuisine-avec-bec-amovible-slm78mb2\/","og_locale":"fr_FR","og_type":"article","og_title":"Robinet pour \u00e9vier de cuisine avec bec amovible SLM78MB2","og_description":"Robinet pour \u00e9vier de cuisine avec bec amovible SLM78MB2 vendu et install\u00e9 par le Groupe Belleflamme. Laval, Montr\u00e9al, Gatineau, Drummondville et Saint-Sauveur.","og_url":"https:\/\/staging.belleflamme.ca\/fr\/produit\/robinet-pour-evier-de-cuisine-avec-bec-amovible-slm78mb2\/","og_site_name":"Groupe BelleFlamme","article_publisher":"https:\/\/www.facebook.com\/belleflamme.ca\/","article_modified_time":"2024-02-07T19:41:54+00:00","og_image":[{"width":2000,"height":2000,"url":"https:\/\/www.belleflamme.ca\/wp-content\/uploads\/2023\/03\/1-5.jpg","type":"image\/jpeg"}],"twitter_card":"summary_large_image","twitter_misc":{"Prix":"","Disponibilit\u00e9":"En stock"},"schema":{"@context":"https:\/\/schema.org","@graph":[{"@type":["WebPage","ItemPage"],"@id":"https:\/\/staging.belleflamme.ca\/fr\/produit\/robinet-pour-evier-de-cuisine-avec-bec-amovible-slm78mb2\/","url":"https:\/\/staging.belleflamme.ca\/fr\/produit\/robinet-pour-evier-de-cuisine-avec-bec-amovible-slm78mb2\/","name":"Robinet pour \u00e9vier de cuisine avec bec amovible SLM78MB2 - Groupe BelleFlamme","isPartOf":{"@id":"https:\/\/www.belleflamme.ca\/fr\/#website"},"primaryImageOfPage":{"@id":"https:\/\/staging.belleflamme.ca\/fr\/produit\/robinet-pour-evier-de-cuisine-avec-bec-amovible-slm78mb2\/#primaryimage"},"image":{"@id":"https:\/\/staging.belleflamme.ca\/fr\/produit\/robinet-pour-evier-de-cuisine-avec-bec-amovible-slm78mb2\/#primaryimage"},"thumbnailUrl":"https:\/\/staging.belleflamme.ca\/wp-content\/uploads\/2023\/03\/1-5.jpg","datePublished":"2023-03-25T17:39:21+00:00","dateModified":"2024-02-07T19:41:54+00:00","description":"Robinet pour \u00e9vier de cuisine avec bec amovible SLM78MB2 [get_meta_en_fr]","breadcrumb":{"@id":"https:\/\/staging.belleflamme.ca\/fr\/produit\/robinet-pour-evier-de-cuisine-avec-bec-amovible-slm78mb2\/#breadcrumb"},"inLanguage":"fr-FR","potentialAction":[{"@type":"ReadAction","target":["https:\/\/staging.belleflamme.ca\/fr\/produit\/robinet-pour-evier-de-cuisine-avec-bec-amovible-slm78mb2\/"]}]},{"@type":"ImageObject","inLanguage":"fr-FR","@id":"https:\/\/staging.belleflamme.ca\/fr\/produit\/robinet-pour-evier-de-cuisine-avec-bec-amovible-slm78mb2\/#primaryimage","url":"https:\/\/staging.belleflamme.ca\/wp-content\/uploads\/2023\/03\/1-5.jpg","contentUrl":"https:\/\/staging.belleflamme.ca\/wp-content\/uploads\/2023\/03\/1-5.jpg","width":2000,"height":2000,"caption":"B\u00e9langer SLM78MB2"},{"@type":"BreadcrumbList","@id":"https:\/\/staging.belleflamme.ca\/fr\/produit\/robinet-pour-evier-de-cuisine-avec-bec-amovible-slm78mb2\/#breadcrumb","itemListElement":[{"@type":"ListItem","position":1,"name":"Accueil","item":"https:\/\/www.belleflamme.ca\/fr\/"},{"@type":"ListItem","position":2,"name":"Boutique","item":"https:\/\/www.belleflamme.ca\/fr\/boutique\/"},{"@type":"ListItem","position":3,"name":"Plomberie &amp; Gaz","item":"https:\/\/staging.belleflamme.ca\/fr\/categories\/plomberie-gaz\/"},{"@type":"ListItem","position":4,"name":"Robinetterie &amp; Accessoires","item":"https:\/\/staging.belleflamme.ca\/fr\/categories\/plomberie-gaz\/robinetterie-accessoires\/"},{"@type":"ListItem","position":5,"name":"Robinet pour \u00e9vier de cuisine avec bec amovible SLM78MB2"}]},{"@type":"WebSite","@id":"https:\/\/www.belleflamme.ca\/fr\/#website","url":"https:\/\/www.belleflamme.ca\/fr\/","name":"Groupe Belleflamme","description":"La m\u00e9canique du b\u00e2timent dans le sang.","publisher":{"@id":"https:\/\/www.belleflamme.ca\/fr\/#organization"},"potentialAction":[{"@type":"SearchAction","target":{"@type":"EntryPoint","urlTemplate":"https:\/\/www.belleflamme.ca\/fr\/?s={search_term_string}"},"query-input":{"@type":"PropertyValueSpecification","valueRequired":true,"valueName":"search_term_string"}}],"inLanguage":"fr-FR"},{"@type":["Organization","Place"],"@id":"https:\/\/www.belleflamme.ca\/fr\/#organization","name":"Groupe Belleflamme","alternateName":"Belleflamme","url":"https:\/\/www.belleflamme.ca\/fr\/","logo":{"@type":"ImageObject","inLanguage":"fr-FR","@id":"https:\/\/www.belleflamme.ca\/fr\/#\/schema\/logo\/image\/","url":"https:\/\/staging.belleflamme.ca\/wp-content\/uploads\/2023\/01\/og-image.jpg","contentUrl":"https:\/\/staging.belleflamme.ca\/wp-content\/uploads\/2023\/01\/og-image.jpg","width":1200,"height":630,"caption":"Groupe Belleflamme"},"image":{"@id":"https:\/\/www.belleflamme.ca\/fr\/#\/schema\/logo\/image\/"},"sameAs":["https:\/\/www.facebook.com\/belleflamme.ca\/","https:\/\/www.linkedin.com\/company\/belleflamme\/","https:\/\/www.pinterest.ca\/groupebelleflamme\/","https:\/\/www.instagram.com\/legroupebelleflamme\/"],"mainEntityOfPage":{"@id":"https:\/\/staging.belleflamme.ca\/fr\/produit\/robinet-pour-evier-de-cuisine-avec-bec-amovible-slm78mb2\/"}}]},"product_brand":"B\u00e9langer","product_price_amount":"0.00","product_price_currency":"CAD","og_availability":"instock","product_availability":"instock","product_condition":"new"},"_links":{"self":[{"href":"https:\/\/staging.belleflamme.ca\/fr\/wp-json\/wp\/v2\/product\/9068","targetHints":{"allow":["GET"]}}],"collection":[{"href":"https:\/\/staging.belleflamme.ca\/fr\/wp-json\/wp\/v2\/product"}],"about":[{"href":"https:\/\/staging.belleflamme.ca\/fr\/wp-json\/wp\/v2\/types\/product"}],"version-history":[{"count":4,"href":"https:\/\/staging.belleflamme.ca\/fr\/wp-json\/wp\/v2\/product\/9068\/revisions"}],"predecessor-version":[{"id":9190,"href":"https:\/\/staging.belleflamme.ca\/fr\/wp-json\/wp\/v2\/product\/9068\/revisions\/9190"}],"wp:featuredmedia":[{"embeddable":true,"href":"https:\/\/staging.belleflamme.ca\/fr\/wp-json\/wp\/v2\/media\/9069"}],"wp:attachment":[{"href":"https:\/\/staging.belleflamme.ca\/fr\/wp-json\/wp\/v2\/media?parent=9068"}],"wp:term":[{"taxonomy":"product_brand","embeddable":true,"href":"https:\/\/staging.belleflamme.ca\/fr\/wp-json\/wp\/v2\/product_brand?post=9068"},{"taxonomy":"product_cat","embeddable":true,"href":"https:\/\/staging.belleflamme.ca\/fr\/wp-json\/wp\/v2\/product_cat?post=9068"},{"taxonomy":"product_tag","embeddable":true,"href":"https:\/\/staging.belleflamme.ca\/fr\/wp-json\/wp\/v2\/product_tag?post=9068"}],"curies":[{"name":"wp","href":"https:\/\/api.w.org\/{rel}","templated":true}]}}