{"id":8728,"date":"2023-03-23T11:19:24","date_gmt":"2023-03-23T15:19:24","guid":{"rendered":"https:\/\/www.belleflamme.ca\/?post_type=product&#038;p=8728"},"modified":"2025-01-17T10:23:38","modified_gmt":"2025-01-17T15:23:38","slug":"poele-aux-gaz-s40","status":"publish","type":"product","link":"https:\/\/staging.belleflamme.ca\/fr\/produit\/poele-aux-gaz-s40\/","title":{"rendered":"Po\u00eale au gaz S40 par Enviro"},"content":{"rendered":"\t\t<div data-elementor-type=\"product-post\" data-elementor-id=\"8728\" class=\"elementor elementor-8728\" data-elementor-post-type=\"product\">\n\t\t\t\t\t\t<section class=\"elementor-section elementor-top-section elementor-element elementor-element-31d3660c elementor-section-boxed elementor-section-height-default elementor-section-height-default\" data-id=\"31d3660c\" data-element_type=\"section\">\n\t\t\t\t\t\t<div class=\"elementor-container elementor-column-gap-default\">\n\t\t\t\t\t<div class=\"elementor-column elementor-col-100 elementor-top-column elementor-element elementor-element-3c8b7b31\" data-id=\"3c8b7b31\" data-element_type=\"column\">\n\t\t\t<div class=\"elementor-widget-wrap elementor-element-populated\">\n\t\t\t\t\t\t<div class=\"elementor-element elementor-element-32b110b9 elementor-widget elementor-widget-text-editor\" data-id=\"32b110b9\" data-element_type=\"widget\" data-widget_type=\"text-editor.default\">\n\t\t\t\t<div class=\"elementor-widget-container\">\n\t\t\t\t\t\t\t\t\t<p><iframe title=\"YouTube video player\" src=\"https:\/\/www.youtube.com\/embed\/WoNUupy9PCA?si=F1LwLUjEl_0JIWMJ\" width=\"560\" height=\"315\" frameborder=\"0\" allowfullscreen=\"allowfullscreen\"><\/iframe><\/p><h3>Caract\u00e9ristiques<\/h3><p>Ensemble de b\u00fbches et br\u00fbleur en c\u00e9ramique.<br \/>Doublure cannel\u00e9e anthracite.<br \/>\u00c9changeur de chaleur \u00e0 usage intensif.<br \/>Commandes d&#8217;acc\u00e8s facile.<br \/>\u00c9cran de s\u00e9curit\u00e9 Clear View.<\/p><h3>Choix<\/h3><p>Doublure cannel\u00e9e<br \/>Compatible thermostat ou t\u00e9l\u00e9commande.<br \/>Kit de conversion NG \u00e0 LP.<br \/>B Adaptateur d&#8217;\u00e9vent.<\/p><h3>Caract\u00e9ristiques<\/h3><p>Superficie de chauffage 2 000 pi\u00b2<br \/>Entr\u00e9e maximale BTU (NG) 40\u00a0000<br \/>Efficacit\u00e9 P4 65,9 %<br \/>Taille du verre 353 po\u00b2<br \/>Dimensions de l&#8217;unit\u00e9* 26&#8243; L x 29&#8243; H x 23&#8243; P<\/p><p><br \/>*Consultez le manuel pour les dimensions d\u00e9taill\u00e9es et les d\u00e9gagements. Les sp\u00e9cifications peuvent varier en fonction des options s\u00e9lectionn\u00e9es.<\/p>\t\t\t\t\t\t\t\t<\/div>\n\t\t\t\t<\/div>\n\t\t\t\t\t<\/div>\n\t\t<\/div>\n\t\t\t\t\t<\/div>\n\t\t<\/section>\n\t\t\t\t<section class=\"elementor-section elementor-top-section elementor-element elementor-element-f2271af elementor-section-boxed elementor-section-height-default elementor-section-height-default\" data-id=\"f2271af\" data-element_type=\"section\">\n\t\t\t\t\t\t<div class=\"elementor-container elementor-column-gap-default\">\n\t\t\t\t\t<div class=\"elementor-column elementor-col-100 elementor-top-column elementor-element elementor-element-e60f910\" data-id=\"e60f910\" data-element_type=\"column\">\n\t\t\t<div class=\"elementor-widget-wrap elementor-element-populated\">\n\t\t\t\t\t\t<div class=\"elementor-element elementor-element-cb44dfb elementor-tabs-view-horizontal elementor-widget elementor-widget-tabs\" data-id=\"cb44dfb\" data-element_type=\"widget\" data-widget_type=\"tabs.default\">\n\t\t\t\t<div class=\"elementor-widget-container\">\n\t\t\t\t\t\t\t<div class=\"elementor-tabs\">\n\t\t\t<div class=\"elementor-tabs-wrapper\" role=\"tablist\" >\n\t\t\t\t\t\t\t\t\t<div id=\"elementor-tab-title-2131\" class=\"elementor-tab-title elementor-tab-desktop-title\" aria-selected=\"true\" data-tab=\"1\" role=\"tab\" tabindex=\"0\" aria-controls=\"elementor-tab-content-2131\" aria-expanded=\"false\">Fichiers<\/div>\n\t\t\t\t\t\t\t<\/div>\n\t\t\t<div class=\"elementor-tabs-content-wrapper\" role=\"tablist\" aria-orientation=\"vertical\">\n\t\t\t\t\t\t\t\t\t<div class=\"elementor-tab-title elementor-tab-mobile-title\" aria-selected=\"true\" data-tab=\"1\" role=\"tab\" tabindex=\"0\" aria-controls=\"elementor-tab-content-2131\" aria-expanded=\"false\">Fichiers<\/div>\n\t\t\t\t\t<div id=\"elementor-tab-content-2131\" class=\"elementor-tab-content elementor-clearfix\" data-tab=\"1\" role=\"tabpanel\" aria-labelledby=\"elementor-tab-title-2131\" tabindex=\"0\" hidden=\"false\"><i class=\"far fa-file-pdf fa-xl\" style=\"font-size:35px\"><\/i><a href=\"https:\/\/www.belleflamme.ca\/wp-content\/uploads\/2025\/01\/Enviro-Gas-Freestanding-Brochure.pdf\"> Brochure<\/a><\/br>\n<i class=\"far fa-file-pdf fa-xl\" style=\"font-size:35px\"><\/i><a href=\"https:\/\/www.belleflamme.ca\/wp-content\/uploads\/2025\/01\/S40-Features.pdf\"> Options<\/a><\/br>\n<i class=\"far fa-file-pdf fa-xl\" style=\"font-size:35px\"><\/i><a href=\"https:\/\/www.belleflamme.ca\/wp-content\/uploads\/2025\/01\/C-16085-Instruction-S40I-Owners-Manual-French.pdf\"> Manuel I<\/a><\/br>\n<i class=\"far fa-file-pdf fa-xl\" style=\"font-size:35px\"><\/i><a href=\"https:\/\/www.belleflamme.ca\/wp-content\/uploads\/2025\/01\/C-14868-Instruction-S40-Manuel-du-Proprietaire.pdf\"> Manuel<\/a><\/br>\n<i class=\"far fa-file-pdf fa-xl\" style=\"font-size:35px\"><\/i><a href=\"https:\/\/www.belleflamme.ca\/wp-content\/uploads\/2025\/01\/S40-Dimensions.pdf\"> Dimensions<\/a><\/br><\/div>\n\t\t\t\t\t\t\t<\/div>\n\t\t<\/div>\n\t\t\t\t\t\t<\/div>\n\t\t\t\t<\/div>\n\t\t\t\t\t<\/div>\n\t\t<\/div>\n\t\t\t\t\t<\/div>\n\t\t<\/section>\n\t\t\t\t<\/div>\n\t\t","protected":false},"excerpt":{"rendered":"<p>Caract\u00e9ristiques Ensemble de b\u00fbches et br\u00fbleur en c\u00e9ramique. Doublure cannel\u00e9e anthracite. \u00c9changeur de chaleur \u00e0 usage intensif. Commandes d&#8217;acc\u00e8s facile. \u00c9cran de s\u00e9curit\u00e9 Clear View. Choix Doublure cannel\u00e9e Compatible thermostat ou t\u00e9l\u00e9commande. Kit de conversion NG \u00e0 LP. B Adaptateur d&#8217;\u00e9vent. Caract\u00e9ristiques Superficie de chauffage 2 000 pi\u00b2 Entr\u00e9e maximale BTU (NG) 40\u00a0000 Efficacit\u00e9 P4 [&hellip;]<\/p>\n","protected":false},"featured_media":8730,"template":"","meta":{"inline_featured_image":false},"product_brand":[223],"product_cat":[33,35,38],"product_tag":[],"class_list":{"0":"post-8728","1":"product","2":"type-product","3":"status-publish","4":"has-post-thumbnail","6":"product_brand-enviro","7":"product_cat-poeles-et-foyers","8":"product_cat-poeles-foyer-au-gaz","9":"product_cat-poeles-au-gaz","11":"first","12":"instock","13":"taxable","14":"shipping-taxable","15":"purchasable","16":"product-type-simple"},"yoast_head":"<!-- This site is optimized with the Yoast SEO Premium plugin v24.2 (Yoast SEO v24.2) - https:\/\/yoast.com\/wordpress\/plugins\/seo\/ -->\n<title>Po\u00eale au gaz S40 par Enviro - Groupe BelleFlamme<\/title>\n<meta name=\"description\" content=\"Po\u00eale au gaz S40 par Enviro vendu et install\u00e9 par le Groupe Belleflamme. Laval, Montr\u00e9al, Gatineau, Drummondville et Saint-Sauveur.\" \/>\n<meta name=\"robots\" content=\"index, follow, max-snippet:-1, max-image-preview:large, max-video-preview:-1\" \/>\n<link rel=\"canonical\" href=\"https:\/\/staging.belleflamme.ca\/fr\/produit\/poele-aux-gaz-s40\/\" \/>\n<meta property=\"og:locale\" content=\"fr_FR\" \/>\n<meta property=\"og:type\" content=\"article\" \/>\n<meta property=\"og:title\" content=\"Po\u00eale au gaz S40 par Enviro\" \/>\n<meta property=\"og:description\" content=\"Po\u00eale au gaz S40 par Enviro vendu et install\u00e9 par le Groupe Belleflamme. Laval, Montr\u00e9al, Gatineau, Drummondville et Saint-Sauveur.\" \/>\n<meta property=\"og:url\" content=\"https:\/\/staging.belleflamme.ca\/fr\/produit\/poele-aux-gaz-s40\/\" \/>\n<meta property=\"og:site_name\" content=\"Groupe BelleFlamme\" \/>\n<meta property=\"article:publisher\" content=\"https:\/\/www.facebook.com\/belleflamme.ca\/\" \/>\n<meta property=\"article:modified_time\" content=\"2025-01-17T15:23:38+00:00\" \/>\n<meta property=\"og:image\" content=\"https:\/\/www.belleflamme.ca\/wp-content\/uploads\/2023\/03\/enviro-s40-gaz.webp\" \/>\n\t<meta property=\"og:image:width\" content=\"600\" \/>\n\t<meta property=\"og:image:height\" content=\"600\" \/>\n\t<meta property=\"og:image:type\" content=\"image\/webp\" \/>\n<meta name=\"twitter:card\" content=\"summary_large_image\" \/>\n<meta name=\"twitter:label1\" content=\"Prix\" \/>\n\t<meta name=\"twitter:data1\" content=\"&#036;5,495.00\" \/>\n\t<meta name=\"twitter:label2\" content=\"Disponibilit\u00e9\" \/>\n\t<meta name=\"twitter:data2\" content=\"En stock\" \/>\n<script type=\"application\/ld+json\" class=\"yoast-schema-graph\">{\"@context\":\"https:\/\/schema.org\",\"@graph\":[{\"@type\":[\"WebPage\",\"ItemPage\"],\"@id\":\"https:\/\/staging.belleflamme.ca\/fr\/produit\/poele-aux-gaz-s40\/\",\"url\":\"https:\/\/staging.belleflamme.ca\/fr\/produit\/poele-aux-gaz-s40\/\",\"name\":\"Po\u00eale au gaz S40 par Enviro - Groupe BelleFlamme\",\"isPartOf\":{\"@id\":\"https:\/\/www.belleflamme.ca\/fr\/#website\"},\"primaryImageOfPage\":{\"@id\":\"https:\/\/staging.belleflamme.ca\/fr\/produit\/poele-aux-gaz-s40\/#primaryimage\"},\"image\":{\"@id\":\"https:\/\/staging.belleflamme.ca\/fr\/produit\/poele-aux-gaz-s40\/#primaryimage\"},\"thumbnailUrl\":\"https:\/\/staging.belleflamme.ca\/wp-content\/uploads\/2023\/03\/enviro-s40-gaz.webp\",\"datePublished\":\"2023-03-23T15:19:24+00:00\",\"dateModified\":\"2025-01-17T15:23:38+00:00\",\"description\":\"Po\u00eale au gaz S40 par Enviro [get_meta_en_fr]\",\"breadcrumb\":{\"@id\":\"https:\/\/staging.belleflamme.ca\/fr\/produit\/poele-aux-gaz-s40\/#breadcrumb\"},\"inLanguage\":\"fr-FR\",\"potentialAction\":[{\"@type\":\"ReadAction\",\"target\":[\"https:\/\/staging.belleflamme.ca\/fr\/produit\/poele-aux-gaz-s40\/\"]}]},{\"@type\":\"ImageObject\",\"inLanguage\":\"fr-FR\",\"@id\":\"https:\/\/staging.belleflamme.ca\/fr\/produit\/poele-aux-gaz-s40\/#primaryimage\",\"url\":\"https:\/\/staging.belleflamme.ca\/wp-content\/uploads\/2023\/03\/enviro-s40-gaz.webp\",\"contentUrl\":\"https:\/\/staging.belleflamme.ca\/wp-content\/uploads\/2023\/03\/enviro-s40-gaz.webp\",\"width\":600,\"height\":600,\"caption\":\"enviro s40 gaz\"},{\"@type\":\"BreadcrumbList\",\"@id\":\"https:\/\/staging.belleflamme.ca\/fr\/produit\/poele-aux-gaz-s40\/#breadcrumb\",\"itemListElement\":[{\"@type\":\"ListItem\",\"position\":1,\"name\":\"Accueil\",\"item\":\"https:\/\/www.belleflamme.ca\/fr\/\"},{\"@type\":\"ListItem\",\"position\":2,\"name\":\"Boutique\",\"item\":\"https:\/\/www.belleflamme.ca\/fr\/boutique\/\"},{\"@type\":\"ListItem\",\"position\":3,\"name\":\"Po\u00eales &amp; Foyers\",\"item\":\"https:\/\/staging.belleflamme.ca\/fr\/categories\/poeles-et-foyers\/\"},{\"@type\":\"ListItem\",\"position\":4,\"name\":\"Po\u00eale &amp; Foyer au Gaz\",\"item\":\"https:\/\/staging.belleflamme.ca\/fr\/categories\/poeles-et-foyers\/poeles-foyer-au-gaz\/\"},{\"@type\":\"ListItem\",\"position\":5,\"name\":\"Po\u00eales au Gaz\",\"item\":\"https:\/\/staging.belleflamme.ca\/fr\/categories\/poeles-et-foyers\/poeles-foyer-au-gaz\/poeles-au-gaz\/\"},{\"@type\":\"ListItem\",\"position\":6,\"name\":\"Po\u00eale au gaz S40 par Enviro\"}]},{\"@type\":\"WebSite\",\"@id\":\"https:\/\/www.belleflamme.ca\/fr\/#website\",\"url\":\"https:\/\/www.belleflamme.ca\/fr\/\",\"name\":\"Groupe Belleflamme\",\"description\":\"La m\u00e9canique du b\u00e2timent dans le sang.\",\"publisher\":{\"@id\":\"https:\/\/www.belleflamme.ca\/fr\/#organization\"},\"potentialAction\":[{\"@type\":\"SearchAction\",\"target\":{\"@type\":\"EntryPoint\",\"urlTemplate\":\"https:\/\/www.belleflamme.ca\/fr\/?s={search_term_string}\"},\"query-input\":{\"@type\":\"PropertyValueSpecification\",\"valueRequired\":true,\"valueName\":\"search_term_string\"}}],\"inLanguage\":\"fr-FR\"},{\"@type\":[\"Organization\",\"Place\"],\"@id\":\"https:\/\/www.belleflamme.ca\/fr\/#organization\",\"name\":\"Groupe Belleflamme\",\"alternateName\":\"Belleflamme\",\"url\":\"https:\/\/www.belleflamme.ca\/fr\/\",\"logo\":{\"@type\":\"ImageObject\",\"inLanguage\":\"fr-FR\",\"@id\":\"https:\/\/www.belleflamme.ca\/fr\/#\/schema\/logo\/image\/\",\"url\":\"https:\/\/staging.belleflamme.ca\/wp-content\/uploads\/2023\/01\/og-image.jpg\",\"contentUrl\":\"https:\/\/staging.belleflamme.ca\/wp-content\/uploads\/2023\/01\/og-image.jpg\",\"width\":1200,\"height\":630,\"caption\":\"Groupe Belleflamme\"},\"image\":{\"@id\":\"https:\/\/www.belleflamme.ca\/fr\/#\/schema\/logo\/image\/\"},\"sameAs\":[\"https:\/\/www.facebook.com\/belleflamme.ca\/\",\"https:\/\/www.linkedin.com\/company\/belleflamme\/\",\"https:\/\/www.pinterest.ca\/groupebelleflamme\/\",\"https:\/\/www.instagram.com\/legroupebelleflamme\/\"],\"mainEntityOfPage\":{\"@id\":\"https:\/\/staging.belleflamme.ca\/fr\/produit\/poele-aux-gaz-s40\/\"}}]}<\/script>\n<meta property=\"product:brand\" content=\"Enviro\" \/>\n<meta property=\"product:price:amount\" content=\"5495.00\" \/>\n<meta property=\"product:price:currency\" content=\"CAD\" \/>\n<meta property=\"og:availability\" content=\"instock\" \/>\n<meta property=\"product:availability\" content=\"instock\" \/>\n<meta property=\"product:retailer_item_id\" content=\"S40ID\" \/>\n<meta property=\"product:condition\" content=\"new\" \/>\n<!-- \/ Yoast SEO Premium plugin. -->","yoast_head_json":{"title":"Po\u00eale au gaz S40 par Enviro - Groupe BelleFlamme","description":"Po\u00eale au gaz S40 par Enviro vendu et install\u00e9 par le Groupe Belleflamme. Laval, Montr\u00e9al, Gatineau, Drummondville et Saint-Sauveur.","robots":{"index":"index","follow":"follow","max-snippet":"max-snippet:-1","max-image-preview":"max-image-preview:large","max-video-preview":"max-video-preview:-1"},"canonical":"https:\/\/staging.belleflamme.ca\/fr\/produit\/poele-aux-gaz-s40\/","og_locale":"fr_FR","og_type":"article","og_title":"Po\u00eale au gaz S40 par Enviro","og_description":"Po\u00eale au gaz S40 par Enviro vendu et install\u00e9 par le Groupe Belleflamme. Laval, Montr\u00e9al, Gatineau, Drummondville et Saint-Sauveur.","og_url":"https:\/\/staging.belleflamme.ca\/fr\/produit\/poele-aux-gaz-s40\/","og_site_name":"Groupe BelleFlamme","article_publisher":"https:\/\/www.facebook.com\/belleflamme.ca\/","article_modified_time":"2025-01-17T15:23:38+00:00","og_image":[{"width":600,"height":600,"url":"https:\/\/www.belleflamme.ca\/wp-content\/uploads\/2023\/03\/enviro-s40-gaz.webp","type":"image\/webp"}],"twitter_card":"summary_large_image","twitter_misc":{"Prix":"&#36;5,495.00","Disponibilit\u00e9":"En stock"},"schema":{"@context":"https:\/\/schema.org","@graph":[{"@type":["WebPage","ItemPage"],"@id":"https:\/\/staging.belleflamme.ca\/fr\/produit\/poele-aux-gaz-s40\/","url":"https:\/\/staging.belleflamme.ca\/fr\/produit\/poele-aux-gaz-s40\/","name":"Po\u00eale au gaz S40 par Enviro - Groupe BelleFlamme","isPartOf":{"@id":"https:\/\/www.belleflamme.ca\/fr\/#website"},"primaryImageOfPage":{"@id":"https:\/\/staging.belleflamme.ca\/fr\/produit\/poele-aux-gaz-s40\/#primaryimage"},"image":{"@id":"https:\/\/staging.belleflamme.ca\/fr\/produit\/poele-aux-gaz-s40\/#primaryimage"},"thumbnailUrl":"https:\/\/staging.belleflamme.ca\/wp-content\/uploads\/2023\/03\/enviro-s40-gaz.webp","datePublished":"2023-03-23T15:19:24+00:00","dateModified":"2025-01-17T15:23:38+00:00","description":"Po\u00eale au gaz S40 par Enviro [get_meta_en_fr]","breadcrumb":{"@id":"https:\/\/staging.belleflamme.ca\/fr\/produit\/poele-aux-gaz-s40\/#breadcrumb"},"inLanguage":"fr-FR","potentialAction":[{"@type":"ReadAction","target":["https:\/\/staging.belleflamme.ca\/fr\/produit\/poele-aux-gaz-s40\/"]}]},{"@type":"ImageObject","inLanguage":"fr-FR","@id":"https:\/\/staging.belleflamme.ca\/fr\/produit\/poele-aux-gaz-s40\/#primaryimage","url":"https:\/\/staging.belleflamme.ca\/wp-content\/uploads\/2023\/03\/enviro-s40-gaz.webp","contentUrl":"https:\/\/staging.belleflamme.ca\/wp-content\/uploads\/2023\/03\/enviro-s40-gaz.webp","width":600,"height":600,"caption":"enviro s40 gaz"},{"@type":"BreadcrumbList","@id":"https:\/\/staging.belleflamme.ca\/fr\/produit\/poele-aux-gaz-s40\/#breadcrumb","itemListElement":[{"@type":"ListItem","position":1,"name":"Accueil","item":"https:\/\/www.belleflamme.ca\/fr\/"},{"@type":"ListItem","position":2,"name":"Boutique","item":"https:\/\/www.belleflamme.ca\/fr\/boutique\/"},{"@type":"ListItem","position":3,"name":"Po\u00eales &amp; Foyers","item":"https:\/\/staging.belleflamme.ca\/fr\/categories\/poeles-et-foyers\/"},{"@type":"ListItem","position":4,"name":"Po\u00eale &amp; Foyer au Gaz","item":"https:\/\/staging.belleflamme.ca\/fr\/categories\/poeles-et-foyers\/poeles-foyer-au-gaz\/"},{"@type":"ListItem","position":5,"name":"Po\u00eales au Gaz","item":"https:\/\/staging.belleflamme.ca\/fr\/categories\/poeles-et-foyers\/poeles-foyer-au-gaz\/poeles-au-gaz\/"},{"@type":"ListItem","position":6,"name":"Po\u00eale au gaz S40 par Enviro"}]},{"@type":"WebSite","@id":"https:\/\/www.belleflamme.ca\/fr\/#website","url":"https:\/\/www.belleflamme.ca\/fr\/","name":"Groupe Belleflamme","description":"La m\u00e9canique du b\u00e2timent dans le sang.","publisher":{"@id":"https:\/\/www.belleflamme.ca\/fr\/#organization"},"potentialAction":[{"@type":"SearchAction","target":{"@type":"EntryPoint","urlTemplate":"https:\/\/www.belleflamme.ca\/fr\/?s={search_term_string}"},"query-input":{"@type":"PropertyValueSpecification","valueRequired":true,"valueName":"search_term_string"}}],"inLanguage":"fr-FR"},{"@type":["Organization","Place"],"@id":"https:\/\/www.belleflamme.ca\/fr\/#organization","name":"Groupe Belleflamme","alternateName":"Belleflamme","url":"https:\/\/www.belleflamme.ca\/fr\/","logo":{"@type":"ImageObject","inLanguage":"fr-FR","@id":"https:\/\/www.belleflamme.ca\/fr\/#\/schema\/logo\/image\/","url":"https:\/\/staging.belleflamme.ca\/wp-content\/uploads\/2023\/01\/og-image.jpg","contentUrl":"https:\/\/staging.belleflamme.ca\/wp-content\/uploads\/2023\/01\/og-image.jpg","width":1200,"height":630,"caption":"Groupe Belleflamme"},"image":{"@id":"https:\/\/www.belleflamme.ca\/fr\/#\/schema\/logo\/image\/"},"sameAs":["https:\/\/www.facebook.com\/belleflamme.ca\/","https:\/\/www.linkedin.com\/company\/belleflamme\/","https:\/\/www.pinterest.ca\/groupebelleflamme\/","https:\/\/www.instagram.com\/legroupebelleflamme\/"],"mainEntityOfPage":{"@id":"https:\/\/staging.belleflamme.ca\/fr\/produit\/poele-aux-gaz-s40\/"}}]},"product_brand":"Enviro","product_price_amount":"5495.00","product_price_currency":"CAD","og_availability":"instock","product_availability":"instock","product_retailer_item_id":"S40ID","product_condition":"new"},"_links":{"self":[{"href":"https:\/\/staging.belleflamme.ca\/fr\/wp-json\/wp\/v2\/product\/8728","targetHints":{"allow":["GET"]}}],"collection":[{"href":"https:\/\/staging.belleflamme.ca\/fr\/wp-json\/wp\/v2\/product"}],"about":[{"href":"https:\/\/staging.belleflamme.ca\/fr\/wp-json\/wp\/v2\/types\/product"}],"version-history":[{"count":13,"href":"https:\/\/staging.belleflamme.ca\/fr\/wp-json\/wp\/v2\/product\/8728\/revisions"}],"predecessor-version":[{"id":48957,"href":"https:\/\/staging.belleflamme.ca\/fr\/wp-json\/wp\/v2\/product\/8728\/revisions\/48957"}],"wp:featuredmedia":[{"embeddable":true,"href":"https:\/\/staging.belleflamme.ca\/fr\/wp-json\/wp\/v2\/media\/8730"}],"wp:attachment":[{"href":"https:\/\/staging.belleflamme.ca\/fr\/wp-json\/wp\/v2\/media?parent=8728"}],"wp:term":[{"taxonomy":"product_brand","embeddable":true,"href":"https:\/\/staging.belleflamme.ca\/fr\/wp-json\/wp\/v2\/product_brand?post=8728"},{"taxonomy":"product_cat","embeddable":true,"href":"https:\/\/staging.belleflamme.ca\/fr\/wp-json\/wp\/v2\/product_cat?post=8728"},{"taxonomy":"product_tag","embeddable":true,"href":"https:\/\/staging.belleflamme.ca\/fr\/wp-json\/wp\/v2\/product_tag?post=8728"}],"curies":[{"name":"wp","href":"https:\/\/api.w.org\/{rel}","templated":true}]}}