{"id":8538,"date":"2023-03-22T12:10:38","date_gmt":"2023-03-22T16:10:38","guid":{"rendered":"https:\/\/www.belleflamme.ca\/?post_type=product&#038;p=8538"},"modified":"2024-11-28T15:32:13","modified_gmt":"2024-11-28T20:32:13","slug":"thermopompe-serie-multizone-de-napoleon","status":"publish","type":"product","link":"https:\/\/staging.belleflamme.ca\/fr\/produit\/thermopompe-serie-multizone-de-napoleon\/","title":{"rendered":"Thermopompe S\u00c9RIE MULTIZONE de Napoleon"},"content":{"rendered":"\t\t<div data-elementor-type=\"product-post\" data-elementor-id=\"8538\" class=\"elementor elementor-8538\" data-elementor-post-type=\"product\">\n\t\t\t\t\t\t<section class=\"elementor-section elementor-top-section elementor-element elementor-element-76e721b6 elementor-section-boxed elementor-section-height-default elementor-section-height-default\" data-id=\"76e721b6\" data-element_type=\"section\">\n\t\t\t\t\t\t<div class=\"elementor-container elementor-column-gap-default\">\n\t\t\t\t\t<div class=\"elementor-column elementor-col-100 elementor-top-column elementor-element elementor-element-26bdc11\" data-id=\"26bdc11\" data-element_type=\"column\">\n\t\t\t<div class=\"elementor-widget-wrap elementor-element-populated\">\n\t\t\t\t\t\t<div class=\"elementor-element elementor-element-171f61f7 elementor-widget elementor-widget-text-editor\" data-id=\"171f61f7\" data-element_type=\"widget\" data-widget_type=\"text-editor.default\">\n\t\t\t\t<div class=\"elementor-widget-container\">\n\t\t\t\t\t\t\t\t\t<h2>Les experts de la circulation d\u2019air<\/h2><h3>Chauffage et de climatisation<br \/>Jusqu&#8217;\u00e0 16,5 SEER<br \/>Jusqu&#8217;\u00e0 4 unit\u00e9s int\u00e9rieures<\/h3><p>La thermopompe murale multizone (NMZO-B) de Napoleon est une unit\u00e9 sans conduit polyvalente qui offre une vari\u00e9t\u00e9 d\u2019options d\u2019installation int\u00e9rieure. La NMZO-B est une unit\u00e9 ext\u00e9rieure \u00e9l\u00e9gante qui s\u2019harmonise \u00e0 une multitude de d\u00e9cors ext\u00e9rieurs. La NMZO-B offre des options de chauffage et de climatisation, ce qui vous permet de l\u2019utiliser toute l\u2019ann\u00e9e. Cette unit\u00e9 peut facilement alterner entre le chauffage et la climatisation. Vivez des hivers sans souci gr\u00e2ce \u00e0 cette thermopompe murale qui peut fonctionner \u00e0 des temp\u00e9ratures aussi basses que -25 \u00b0C\/-13 \u00b0F. La NMZO-B peut faire fonctionner jusqu\u2019\u00e0 quatre unit\u00e9s int\u00e9rieures, qui peuvent \u00eatre assorties de diff\u00e9rentes t\u00eates et diffuseurs plafonniers. Chaque unit\u00e9 int\u00e9rieure offre des niveaux de confort individuels, de sorte que chacun peut profiter de r\u00e9glages de temp\u00e9rature personnalis\u00e9s. Ajoutez facilement la commodit\u00e9 et le confort de la climatisation \u00e0 votre maison avec la thermopompe murale multizone.<\/p><ul class=\"field field--name-field-banner-features field--type-string field--label-hidden field__items\"><li class=\"field__item\">Chauffage et de climatisation<\/li><li class=\"field__item\">Jusqu&#8217;\u00e0 16,5 SEER<\/li><li class=\"field__item\">Jusqu&#8217;\u00e0 4 unit\u00e9s int\u00e9rieures<\/li><\/ul><h2>Red\u00e9marrage automatique<\/h2><h3>Confort automatique<\/h3><p>Red\u00e9marre automatiquement et r\u00e9initialise les param\u00e8tres d\u2019origine une fois le courant r\u00e9tabli<\/p><h2>Fonctionnement \u00e0 basse temp\u00e9rature<\/h2><h3>Des hivers sans souci<\/h3><p>Capable de fonctionner \u00e0 des temp\u00e9ratures aussi basses que -30 \u00b0C (-22 \u00b0F) sans probl\u00e8me<\/p><h3>SP\u00c9CIFICATIONS<\/h3><p>Taux d\u2019efficacit\u00e9 :<\/p><p>Up to 16.5 SEER<br \/><br \/>Caract\u00e9ristiques :<\/p><p>Chauffage<br \/>Climatisation<br \/>Climatiseur mural<br \/><br \/>Plage de BTU :<\/p><p>12 000 BTU &#8211; 39 000 BTU<\/p><h3 class=\"options-section-title\">Liste compl\u00e8te des caract\u00e9ristiques<\/h3><div class=\"clearfix text-formatted field field--name-field-summary-features field--type-text field--label-hidden field__items\"><ul><li class=\"field__item\">Jusqu&#8217;\u00e0 36 000 BTU<\/li><li class=\"field__item\">Multizone<\/li><li class=\"field__item\">Chauffage et refroidissement<\/li><li class=\"field__item\">D\u00e9givrage automatique<\/li><li class=\"field__item\">Red\u00e9marrage automatique<\/li><li class=\"field__item\">Fonctionne \u00e0 des temp\u00e9ratures aussi basses que -30 \u00b0C (varie selon la configuration int\u00e9rieure et ext\u00e9rieure)<\/li><li class=\"field__item\">Compatible Wi-Fi (NDWC-KT inclus)<\/li><\/ul><p style=\"text-align: center;\"><img fetchpriority=\"high\" decoding=\"async\" class=\"alignnone size-full wp-image-44227\" src=\"https:\/\/www.belleflamme.ca\/wp-content\/uploads\/2024\/11\/Garantie-Belleflamme-FR-10-ans.png\" alt=\"\" width=\"250\" height=\"250\" srcset=\"https:\/\/staging.belleflamme.ca\/wp-content\/uploads\/2024\/11\/Garantie-Belleflamme-FR-10-ans.png 250w, https:\/\/staging.belleflamme.ca\/wp-content\/uploads\/2024\/11\/Garantie-Belleflamme-FR-10-ans-150x150.png 150w, https:\/\/staging.belleflamme.ca\/wp-content\/uploads\/2024\/11\/Garantie-Belleflamme-FR-10-ans-100x100.png 100w\" sizes=\"(max-width: 250px) 100vw, 250px\" \/><\/p><p style=\"text-align: center;\"><img decoding=\"async\" class=\"alignnone size-full wp-image-44377\" src=\"https:\/\/www.belleflamme.ca\/wp-content\/uploads\/2024\/11\/2024-11-28-15_31_13-MultiZone_Tech-Sheet_DIGITAL.pdf.png\" alt=\"\" width=\"1055\" height=\"365\" srcset=\"https:\/\/staging.belleflamme.ca\/wp-content\/uploads\/2024\/11\/2024-11-28-15_31_13-MultiZone_Tech-Sheet_DIGITAL.pdf.png 1055w, https:\/\/staging.belleflamme.ca\/wp-content\/uploads\/2024\/11\/2024-11-28-15_31_13-MultiZone_Tech-Sheet_DIGITAL.pdf-300x104.png 300w, https:\/\/staging.belleflamme.ca\/wp-content\/uploads\/2024\/11\/2024-11-28-15_31_13-MultiZone_Tech-Sheet_DIGITAL.pdf-1024x354.png 1024w, https:\/\/staging.belleflamme.ca\/wp-content\/uploads\/2024\/11\/2024-11-28-15_31_13-MultiZone_Tech-Sheet_DIGITAL.pdf-768x266.png 768w, https:\/\/staging.belleflamme.ca\/wp-content\/uploads\/2024\/11\/2024-11-28-15_31_13-MultiZone_Tech-Sheet_DIGITAL.pdf-900x311.png 900w\" sizes=\"(max-width: 1055px) 100vw, 1055px\" \/> <img decoding=\"async\" class=\"alignnone size-full wp-image-44375\" src=\"https:\/\/www.belleflamme.ca\/wp-content\/uploads\/2024\/11\/2024-11-28-15_31_30-MultiZone_Tech-Sheet_DIGITAL.pdf.png\" alt=\"\" width=\"1054\" height=\"602\" srcset=\"https:\/\/staging.belleflamme.ca\/wp-content\/uploads\/2024\/11\/2024-11-28-15_31_30-MultiZone_Tech-Sheet_DIGITAL.pdf.png 1054w, https:\/\/staging.belleflamme.ca\/wp-content\/uploads\/2024\/11\/2024-11-28-15_31_30-MultiZone_Tech-Sheet_DIGITAL.pdf-300x171.png 300w, https:\/\/staging.belleflamme.ca\/wp-content\/uploads\/2024\/11\/2024-11-28-15_31_30-MultiZone_Tech-Sheet_DIGITAL.pdf-1024x585.png 1024w, https:\/\/staging.belleflamme.ca\/wp-content\/uploads\/2024\/11\/2024-11-28-15_31_30-MultiZone_Tech-Sheet_DIGITAL.pdf-768x439.png 768w, https:\/\/staging.belleflamme.ca\/wp-content\/uploads\/2024\/11\/2024-11-28-15_31_30-MultiZone_Tech-Sheet_DIGITAL.pdf-900x514.png 900w\" sizes=\"(max-width: 1054px) 100vw, 1054px\" \/><\/p><p>\u00a0<\/p><\/div>\t\t\t\t\t\t\t\t<\/div>\n\t\t\t\t<\/div>\n\t\t\t\t\t<\/div>\n\t\t<\/div>\n\t\t\t\t\t<\/div>\n\t\t<\/section>\n\t\t\t\t<section class=\"elementor-section elementor-top-section elementor-element elementor-element-6e3e22d elementor-section-boxed elementor-section-height-default elementor-section-height-default\" data-id=\"6e3e22d\" data-element_type=\"section\">\n\t\t\t\t\t\t<div class=\"elementor-container elementor-column-gap-default\">\n\t\t\t\t\t<div class=\"elementor-column elementor-col-100 elementor-top-column elementor-element elementor-element-5d7e87f\" data-id=\"5d7e87f\" data-element_type=\"column\">\n\t\t\t<div class=\"elementor-widget-wrap elementor-element-populated\">\n\t\t\t\t\t\t<div class=\"elementor-element elementor-element-fa7a6f7 elementor-tabs-view-horizontal elementor-widget elementor-widget-tabs\" data-id=\"fa7a6f7\" data-element_type=\"widget\" data-widget_type=\"tabs.default\">\n\t\t\t\t<div class=\"elementor-widget-container\">\n\t\t\t\t\t\t\t<div class=\"elementor-tabs\">\n\t\t\t<div class=\"elementor-tabs-wrapper\" role=\"tablist\" >\n\t\t\t\t\t\t\t\t\t<div id=\"elementor-tab-title-2621\" class=\"elementor-tab-title elementor-tab-desktop-title\" aria-selected=\"true\" data-tab=\"1\" role=\"tab\" tabindex=\"0\" aria-controls=\"elementor-tab-content-2621\" aria-expanded=\"false\">Fichiers<\/div>\n\t\t\t\t\t\t\t<\/div>\n\t\t\t<div class=\"elementor-tabs-content-wrapper\" role=\"tablist\" aria-orientation=\"vertical\">\n\t\t\t\t\t\t\t\t\t<div class=\"elementor-tab-title elementor-tab-mobile-title\" aria-selected=\"true\" data-tab=\"1\" role=\"tab\" tabindex=\"0\" aria-controls=\"elementor-tab-content-2621\" aria-expanded=\"false\">Fichiers<\/div>\n\t\t\t\t\t<div id=\"elementor-tab-content-2621\" class=\"elementor-tab-content elementor-clearfix\" data-tab=\"1\" role=\"tabpanel\" aria-labelledby=\"elementor-tab-title-2621\" tabindex=\"0\" hidden=\"false\"><i class=\"far fa-file-pdf fa-xl\" style=\"font-size:35px\"><\/i><a href=\"https:\/\/www.belleflamme.ca\/wp-content\/uploads\/2024\/05\/Ductless_Brochure-ADBRN3-DLSS_12_13_23.pdf-1.pdf\"> Brochure<\/a><\/br>\n<i class=\"far fa-file-pdf fa-xl\" style=\"font-size:35px\"><\/i><a href=\"https:\/\/www.belleflamme.ca\/wp-content\/uploads\/2024\/05\/Final-User-Manual-Multi-zone-Outdoor-Units-English.pdf\"> Manuel<\/a><\/br>\n<i class=\"far fa-file-pdf fa-xl\" style=\"font-size:35px\"><\/i><a href=\"https:\/\/www.belleflamme.ca\/wp-content\/uploads\/2024\/05\/MultiZone_Tech-Sheet_DIGITAL.pdf\"> Sp\u00e9cifications<\/a><\/br><\/div>\n\t\t\t\t\t\t\t<\/div>\n\t\t<\/div>\n\t\t\t\t\t\t<\/div>\n\t\t\t\t<\/div>\n\t\t\t\t\t<\/div>\n\t\t<\/div>\n\t\t\t\t\t<\/div>\n\t\t<\/section>\n\t\t\t\t<\/div>\n\t\t","protected":false},"excerpt":{"rendered":"<p>Les experts de la circulation d\u2019air Chauffage et de climatisationJusqu&#8217;\u00e0 16,5 SEERJusqu&#8217;\u00e0 4 unit\u00e9s int\u00e9rieures La thermopompe murale multizone (NMZO-B) de Napoleon est une unit\u00e9 sans conduit polyvalente qui offre une vari\u00e9t\u00e9 d\u2019options d\u2019installation int\u00e9rieure. La NMZO-B est une unit\u00e9 ext\u00e9rieure \u00e9l\u00e9gante qui s\u2019harmonise \u00e0 une multitude de d\u00e9cors ext\u00e9rieurs. La NMZO-B offre des options [&hellip;]<\/p>\n","protected":false},"featured_media":44368,"template":"","meta":{"inline_featured_image":false},"product_brand":[359],"product_cat":[70,312,313],"product_tag":[],"class_list":{"0":"post-8538","1":"product","2":"type-product","3":"status-publish","4":"has-post-thumbnail","6":"product_brand-napoleon-climatisation-chauffage","7":"product_cat-climatisation-chauffage","8":"product_cat-systeme-mutli-zones","9":"product_cat-thermopompes-multi-zones","11":"first","12":"instock","13":"taxable","14":"shipping-taxable","15":"product-type-variable"},"yoast_head":"<!-- This site is optimized with the Yoast SEO Premium plugin v24.2 (Yoast SEO v24.2) - https:\/\/yoast.com\/wordpress\/plugins\/seo\/ -->\n<title>Thermopompe S\u00c9RIE MULTIZONE de Napoleon - Groupe BelleFlamme<\/title>\n<meta name=\"description\" content=\"Thermopompe S\u00c9RIE MULTIZONE de Napoleon vendu et install\u00e9 par le Groupe Belleflamme. Laval, Montr\u00e9al, Gatineau et Saint-Sauveur.\" \/>\n<meta name=\"robots\" content=\"index, follow, max-snippet:-1, max-image-preview:large, max-video-preview:-1\" \/>\n<link rel=\"canonical\" href=\"https:\/\/staging.belleflamme.ca\/fr\/produit\/thermopompe-serie-multizone-de-napoleon\/\" \/>\n<meta property=\"og:locale\" content=\"fr_FR\" \/>\n<meta property=\"og:type\" content=\"article\" \/>\n<meta property=\"og:title\" content=\"Thermopompe S\u00c9RIE MULTIZONE de Napoleon\" \/>\n<meta property=\"og:description\" content=\"Thermopompe S\u00c9RIE MULTIZONE de Napoleon vendu et install\u00e9 par le Groupe Belleflamme. Laval, Montr\u00e9al, Gatineau et Saint-Sauveur.\" \/>\n<meta property=\"og:url\" content=\"https:\/\/staging.belleflamme.ca\/fr\/produit\/thermopompe-serie-multizone-de-napoleon\/\" \/>\n<meta property=\"og:site_name\" content=\"Groupe BelleFlamme\" \/>\n<meta property=\"article:publisher\" content=\"https:\/\/www.facebook.com\/belleflamme.ca\/\" \/>\n<meta property=\"article:modified_time\" content=\"2024-11-28T20:32:13+00:00\" \/>\n<meta property=\"og:image\" content=\"https:\/\/www.belleflamme.ca\/wp-content\/uploads\/2023\/03\/Thermopompe-SERIE-MULTIZONE-de-Napoleon.png\" \/>\n\t<meta property=\"og:image:width\" content=\"600\" \/>\n\t<meta property=\"og:image:height\" content=\"600\" \/>\n\t<meta property=\"og:image:type\" content=\"image\/png\" \/>\n<meta name=\"twitter:card\" content=\"summary_large_image\" \/>\n<meta name=\"twitter:label1\" content=\"Disponibilit\u00e9\" \/>\n\t<meta name=\"twitter:data1\" content=\"En stock\" \/>\n<script type=\"application\/ld+json\" class=\"yoast-schema-graph\">{\"@context\":\"https:\/\/schema.org\",\"@graph\":[{\"@type\":[\"WebPage\",\"ItemPage\"],\"@id\":\"https:\/\/staging.belleflamme.ca\/fr\/produit\/thermopompe-serie-multizone-de-napoleon\/\",\"url\":\"https:\/\/staging.belleflamme.ca\/fr\/produit\/thermopompe-serie-multizone-de-napoleon\/\",\"name\":\"Thermopompe S\u00c9RIE MULTIZONE de Napoleon - Groupe BelleFlamme\",\"isPartOf\":{\"@id\":\"https:\/\/www.belleflamme.ca\/fr\/#website\"},\"primaryImageOfPage\":{\"@id\":\"https:\/\/staging.belleflamme.ca\/fr\/produit\/thermopompe-serie-multizone-de-napoleon\/#primaryimage\"},\"image\":{\"@id\":\"https:\/\/staging.belleflamme.ca\/fr\/produit\/thermopompe-serie-multizone-de-napoleon\/#primaryimage\"},\"thumbnailUrl\":\"https:\/\/staging.belleflamme.ca\/wp-content\/uploads\/2023\/03\/Thermopompe-SERIE-MULTIZONE-de-Napoleon.png\",\"datePublished\":\"2023-03-22T16:10:38+00:00\",\"dateModified\":\"2024-11-28T20:32:13+00:00\",\"description\":\"Thermopompe S\u00c9RIE MULTIZONE de Napoleon vendu et install\u00e9 par le Groupe Belleflamme. Laval, Montr\u00e9al, Gatineau et Saint-Sauveur.\",\"breadcrumb\":{\"@id\":\"https:\/\/staging.belleflamme.ca\/fr\/produit\/thermopompe-serie-multizone-de-napoleon\/#breadcrumb\"},\"inLanguage\":\"fr-FR\",\"potentialAction\":[{\"@type\":\"ReadAction\",\"target\":[\"https:\/\/staging.belleflamme.ca\/fr\/produit\/thermopompe-serie-multizone-de-napoleon\/\"]}]},{\"@type\":\"ImageObject\",\"inLanguage\":\"fr-FR\",\"@id\":\"https:\/\/staging.belleflamme.ca\/fr\/produit\/thermopompe-serie-multizone-de-napoleon\/#primaryimage\",\"url\":\"https:\/\/staging.belleflamme.ca\/wp-content\/uploads\/2023\/03\/Thermopompe-SERIE-MULTIZONE-de-Napoleon.png\",\"contentUrl\":\"https:\/\/staging.belleflamme.ca\/wp-content\/uploads\/2023\/03\/Thermopompe-SERIE-MULTIZONE-de-Napoleon.png\",\"width\":600,\"height\":600,\"caption\":\"Thermopompe S\u00c9RIE MULTIZONE de Napoleon\"},{\"@type\":\"BreadcrumbList\",\"@id\":\"https:\/\/staging.belleflamme.ca\/fr\/produit\/thermopompe-serie-multizone-de-napoleon\/#breadcrumb\",\"itemListElement\":[{\"@type\":\"ListItem\",\"position\":1,\"name\":\"Accueil\",\"item\":\"https:\/\/www.belleflamme.ca\/fr\/\"},{\"@type\":\"ListItem\",\"position\":2,\"name\":\"Boutique\",\"item\":\"https:\/\/www.belleflamme.ca\/fr\/boutique\/\"},{\"@type\":\"ListItem\",\"position\":3,\"name\":\"Climatisation &amp; Chauffage\",\"item\":\"https:\/\/staging.belleflamme.ca\/fr\/categories\/climatisation-chauffage\/\"},{\"@type\":\"ListItem\",\"position\":4,\"name\":\"Syst\u00e8me Multi-Zone\",\"item\":\"https:\/\/staging.belleflamme.ca\/fr\/categories\/climatisation-chauffage\/systeme-mutli-zones\/\"},{\"@type\":\"ListItem\",\"position\":5,\"name\":\"Thermopompes Multi-Zones\",\"item\":\"https:\/\/staging.belleflamme.ca\/fr\/categories\/climatisation-chauffage\/systeme-mutli-zones\/thermopompes-multi-zones\/\"},{\"@type\":\"ListItem\",\"position\":6,\"name\":\"Thermopompe S\u00c9RIE MULTIZONE de Napoleon\"}]},{\"@type\":\"WebSite\",\"@id\":\"https:\/\/www.belleflamme.ca\/fr\/#website\",\"url\":\"https:\/\/www.belleflamme.ca\/fr\/\",\"name\":\"Groupe Belleflamme\",\"description\":\"La m\u00e9canique du b\u00e2timent dans le sang.\",\"publisher\":{\"@id\":\"https:\/\/www.belleflamme.ca\/fr\/#organization\"},\"potentialAction\":[{\"@type\":\"SearchAction\",\"target\":{\"@type\":\"EntryPoint\",\"urlTemplate\":\"https:\/\/www.belleflamme.ca\/fr\/?s={search_term_string}\"},\"query-input\":{\"@type\":\"PropertyValueSpecification\",\"valueRequired\":true,\"valueName\":\"search_term_string\"}}],\"inLanguage\":\"fr-FR\"},{\"@type\":[\"Organization\",\"Place\"],\"@id\":\"https:\/\/www.belleflamme.ca\/fr\/#organization\",\"name\":\"Groupe Belleflamme\",\"alternateName\":\"Belleflamme\",\"url\":\"https:\/\/www.belleflamme.ca\/fr\/\",\"logo\":{\"@type\":\"ImageObject\",\"inLanguage\":\"fr-FR\",\"@id\":\"https:\/\/www.belleflamme.ca\/fr\/#\/schema\/logo\/image\/\",\"url\":\"https:\/\/staging.belleflamme.ca\/wp-content\/uploads\/2023\/01\/og-image.jpg\",\"contentUrl\":\"https:\/\/staging.belleflamme.ca\/wp-content\/uploads\/2023\/01\/og-image.jpg\",\"width\":1200,\"height\":630,\"caption\":\"Groupe Belleflamme\"},\"image\":{\"@id\":\"https:\/\/www.belleflamme.ca\/fr\/#\/schema\/logo\/image\/\"},\"sameAs\":[\"https:\/\/www.facebook.com\/belleflamme.ca\/\",\"https:\/\/www.linkedin.com\/company\/belleflamme\/\",\"https:\/\/www.pinterest.ca\/groupebelleflamme\/\",\"https:\/\/www.instagram.com\/legroupebelleflamme\/\"],\"mainEntityOfPage\":{\"@id\":\"https:\/\/staging.belleflamme.ca\/fr\/produit\/thermopompe-serie-multizone-de-napoleon\/\"}}]}<\/script>\n<meta property=\"product:brand\" content=\"Napoleon climatisation chauffage\" \/>\n<meta property=\"og:availability\" content=\"instock\" \/>\n<meta property=\"product:availability\" content=\"instock\" \/>\n<meta property=\"product:condition\" content=\"new\" \/>\n<!-- \/ Yoast SEO Premium plugin. -->","yoast_head_json":{"title":"Thermopompe S\u00c9RIE MULTIZONE de Napoleon - Groupe BelleFlamme","description":"Thermopompe S\u00c9RIE MULTIZONE de Napoleon vendu et install\u00e9 par le Groupe Belleflamme. Laval, Montr\u00e9al, Gatineau et Saint-Sauveur.","robots":{"index":"index","follow":"follow","max-snippet":"max-snippet:-1","max-image-preview":"max-image-preview:large","max-video-preview":"max-video-preview:-1"},"canonical":"https:\/\/staging.belleflamme.ca\/fr\/produit\/thermopompe-serie-multizone-de-napoleon\/","og_locale":"fr_FR","og_type":"article","og_title":"Thermopompe S\u00c9RIE MULTIZONE de Napoleon","og_description":"Thermopompe S\u00c9RIE MULTIZONE de Napoleon vendu et install\u00e9 par le Groupe Belleflamme. Laval, Montr\u00e9al, Gatineau et Saint-Sauveur.","og_url":"https:\/\/staging.belleflamme.ca\/fr\/produit\/thermopompe-serie-multizone-de-napoleon\/","og_site_name":"Groupe BelleFlamme","article_publisher":"https:\/\/www.facebook.com\/belleflamme.ca\/","article_modified_time":"2024-11-28T20:32:13+00:00","og_image":[{"width":600,"height":600,"url":"https:\/\/www.belleflamme.ca\/wp-content\/uploads\/2023\/03\/Thermopompe-SERIE-MULTIZONE-de-Napoleon.png","type":"image\/png"}],"twitter_card":"summary_large_image","twitter_misc":{"Disponibilit\u00e9":"En stock"},"schema":{"@context":"https:\/\/schema.org","@graph":[{"@type":["WebPage","ItemPage"],"@id":"https:\/\/staging.belleflamme.ca\/fr\/produit\/thermopompe-serie-multizone-de-napoleon\/","url":"https:\/\/staging.belleflamme.ca\/fr\/produit\/thermopompe-serie-multizone-de-napoleon\/","name":"Thermopompe S\u00c9RIE MULTIZONE de Napoleon - Groupe BelleFlamme","isPartOf":{"@id":"https:\/\/www.belleflamme.ca\/fr\/#website"},"primaryImageOfPage":{"@id":"https:\/\/staging.belleflamme.ca\/fr\/produit\/thermopompe-serie-multizone-de-napoleon\/#primaryimage"},"image":{"@id":"https:\/\/staging.belleflamme.ca\/fr\/produit\/thermopompe-serie-multizone-de-napoleon\/#primaryimage"},"thumbnailUrl":"https:\/\/staging.belleflamme.ca\/wp-content\/uploads\/2023\/03\/Thermopompe-SERIE-MULTIZONE-de-Napoleon.png","datePublished":"2023-03-22T16:10:38+00:00","dateModified":"2024-11-28T20:32:13+00:00","description":"Thermopompe S\u00c9RIE MULTIZONE de Napoleon vendu et install\u00e9 par le Groupe Belleflamme. Laval, Montr\u00e9al, Gatineau et Saint-Sauveur.","breadcrumb":{"@id":"https:\/\/staging.belleflamme.ca\/fr\/produit\/thermopompe-serie-multizone-de-napoleon\/#breadcrumb"},"inLanguage":"fr-FR","potentialAction":[{"@type":"ReadAction","target":["https:\/\/staging.belleflamme.ca\/fr\/produit\/thermopompe-serie-multizone-de-napoleon\/"]}]},{"@type":"ImageObject","inLanguage":"fr-FR","@id":"https:\/\/staging.belleflamme.ca\/fr\/produit\/thermopompe-serie-multizone-de-napoleon\/#primaryimage","url":"https:\/\/staging.belleflamme.ca\/wp-content\/uploads\/2023\/03\/Thermopompe-SERIE-MULTIZONE-de-Napoleon.png","contentUrl":"https:\/\/staging.belleflamme.ca\/wp-content\/uploads\/2023\/03\/Thermopompe-SERIE-MULTIZONE-de-Napoleon.png","width":600,"height":600,"caption":"Thermopompe S\u00c9RIE MULTIZONE de Napoleon"},{"@type":"BreadcrumbList","@id":"https:\/\/staging.belleflamme.ca\/fr\/produit\/thermopompe-serie-multizone-de-napoleon\/#breadcrumb","itemListElement":[{"@type":"ListItem","position":1,"name":"Accueil","item":"https:\/\/www.belleflamme.ca\/fr\/"},{"@type":"ListItem","position":2,"name":"Boutique","item":"https:\/\/www.belleflamme.ca\/fr\/boutique\/"},{"@type":"ListItem","position":3,"name":"Climatisation &amp; Chauffage","item":"https:\/\/staging.belleflamme.ca\/fr\/categories\/climatisation-chauffage\/"},{"@type":"ListItem","position":4,"name":"Syst\u00e8me Multi-Zone","item":"https:\/\/staging.belleflamme.ca\/fr\/categories\/climatisation-chauffage\/systeme-mutli-zones\/"},{"@type":"ListItem","position":5,"name":"Thermopompes Multi-Zones","item":"https:\/\/staging.belleflamme.ca\/fr\/categories\/climatisation-chauffage\/systeme-mutli-zones\/thermopompes-multi-zones\/"},{"@type":"ListItem","position":6,"name":"Thermopompe S\u00c9RIE MULTIZONE de Napoleon"}]},{"@type":"WebSite","@id":"https:\/\/www.belleflamme.ca\/fr\/#website","url":"https:\/\/www.belleflamme.ca\/fr\/","name":"Groupe Belleflamme","description":"La m\u00e9canique du b\u00e2timent dans le sang.","publisher":{"@id":"https:\/\/www.belleflamme.ca\/fr\/#organization"},"potentialAction":[{"@type":"SearchAction","target":{"@type":"EntryPoint","urlTemplate":"https:\/\/www.belleflamme.ca\/fr\/?s={search_term_string}"},"query-input":{"@type":"PropertyValueSpecification","valueRequired":true,"valueName":"search_term_string"}}],"inLanguage":"fr-FR"},{"@type":["Organization","Place"],"@id":"https:\/\/www.belleflamme.ca\/fr\/#organization","name":"Groupe Belleflamme","alternateName":"Belleflamme","url":"https:\/\/www.belleflamme.ca\/fr\/","logo":{"@type":"ImageObject","inLanguage":"fr-FR","@id":"https:\/\/www.belleflamme.ca\/fr\/#\/schema\/logo\/image\/","url":"https:\/\/staging.belleflamme.ca\/wp-content\/uploads\/2023\/01\/og-image.jpg","contentUrl":"https:\/\/staging.belleflamme.ca\/wp-content\/uploads\/2023\/01\/og-image.jpg","width":1200,"height":630,"caption":"Groupe Belleflamme"},"image":{"@id":"https:\/\/www.belleflamme.ca\/fr\/#\/schema\/logo\/image\/"},"sameAs":["https:\/\/www.facebook.com\/belleflamme.ca\/","https:\/\/www.linkedin.com\/company\/belleflamme\/","https:\/\/www.pinterest.ca\/groupebelleflamme\/","https:\/\/www.instagram.com\/legroupebelleflamme\/"],"mainEntityOfPage":{"@id":"https:\/\/staging.belleflamme.ca\/fr\/produit\/thermopompe-serie-multizone-de-napoleon\/"}}]},"product_brand":"Napoleon climatisation chauffage","og_availability":"instock","product_availability":"instock","product_condition":"new"},"_links":{"self":[{"href":"https:\/\/staging.belleflamme.ca\/fr\/wp-json\/wp\/v2\/product\/8538","targetHints":{"allow":["GET"]}}],"collection":[{"href":"https:\/\/staging.belleflamme.ca\/fr\/wp-json\/wp\/v2\/product"}],"about":[{"href":"https:\/\/staging.belleflamme.ca\/fr\/wp-json\/wp\/v2\/types\/product"}],"version-history":[{"count":16,"href":"https:\/\/staging.belleflamme.ca\/fr\/wp-json\/wp\/v2\/product\/8538\/revisions"}],"predecessor-version":[{"id":44381,"href":"https:\/\/staging.belleflamme.ca\/fr\/wp-json\/wp\/v2\/product\/8538\/revisions\/44381"}],"wp:featuredmedia":[{"embeddable":true,"href":"https:\/\/staging.belleflamme.ca\/fr\/wp-json\/wp\/v2\/media\/44368"}],"wp:attachment":[{"href":"https:\/\/staging.belleflamme.ca\/fr\/wp-json\/wp\/v2\/media?parent=8538"}],"wp:term":[{"taxonomy":"product_brand","embeddable":true,"href":"https:\/\/staging.belleflamme.ca\/fr\/wp-json\/wp\/v2\/product_brand?post=8538"},{"taxonomy":"product_cat","embeddable":true,"href":"https:\/\/staging.belleflamme.ca\/fr\/wp-json\/wp\/v2\/product_cat?post=8538"},{"taxonomy":"product_tag","embeddable":true,"href":"https:\/\/staging.belleflamme.ca\/fr\/wp-json\/wp\/v2\/product_tag?post=8538"}],"curies":[{"name":"wp","href":"https:\/\/api.w.org\/{rel}","templated":true}]}}