{"id":8536,"date":"2023-03-22T12:05:05","date_gmt":"2023-03-22T16:05:05","guid":{"rendered":"https:\/\/www.belleflamme.ca\/?post_type=product&#038;p=8536"},"modified":"2024-11-28T15:14:05","modified_gmt":"2024-11-28T20:14:05","slug":"climatiseur-murale-21-seer-serie-ndcas21-de-napoleon","status":"publish","type":"product","link":"https:\/\/staging.belleflamme.ca\/fr\/produit\/climatiseur-murale-21-seer-serie-ndcas21-de-napoleon\/","title":{"rendered":"Climatiseur Murale 21 SEER S\u00c9RIE NDCAS21 de Napoleon"},"content":{"rendered":"\t\t<div data-elementor-type=\"product-post\" data-elementor-id=\"8536\" class=\"elementor elementor-8536\" data-elementor-post-type=\"product\">\n\t\t\t\t\t\t<section class=\"elementor-section elementor-top-section elementor-element elementor-element-2b098ffe elementor-section-boxed elementor-section-height-default elementor-section-height-default\" data-id=\"2b098ffe\" data-element_type=\"section\">\n\t\t\t\t\t\t<div class=\"elementor-container elementor-column-gap-default\">\n\t\t\t\t\t<div class=\"elementor-column elementor-col-100 elementor-top-column elementor-element elementor-element-3adf9d1a\" data-id=\"3adf9d1a\" data-element_type=\"column\">\n\t\t\t<div class=\"elementor-widget-wrap elementor-element-populated\">\n\t\t\t\t\t\t<div class=\"elementor-element elementor-element-37cb5343 elementor-widget elementor-widget-text-editor\" data-id=\"37cb5343\" data-element_type=\"widget\" data-widget_type=\"text-editor.default\">\n\t\t\t\t<div class=\"elementor-widget-container\">\n\t\t\t\t\t\t\t\t\t<h2>Climatisation avec style<\/h2><div><p><img decoding=\"async\" class=\"size-full wp-image-44316\" src=\"https:\/\/www.belleflamme.ca\/wp-content\/uploads\/2024\/11\/neep-et-energy-star.webp\" alt=\"\" width=\"228\" height=\"101\" \/><\/p><\/div><h3>Red\u00e9marrage automatique<br \/>Mode veille<br \/>Large plage de refroidissement<\/h3><p>Le climatiseur mural de la s\u00e9rie NDCAS21 est la solution parfaite pour ajouter le confort et la commodit\u00e9 de la climatisation \u00e0 votre domicile, sans avoir \u00e0 installer de conduits.<\/p><ul class=\"field field--name-field-banner-features field--type-string field--label-hidden field__items\"><li class=\"field__item\">Red\u00e9marrage automatique<\/li><li class=\"field__item\">Mode veille<\/li><li class=\"field__item\">Large plage de refroidissement<\/li><\/ul><h3>Mode veille<\/h3><h3>Dormez tranquille<\/h3><p>La thermopompe peut r\u00e9duire sa consommation \u00e9nerg\u00e9tique pendant que vous dormez tout en maintenant le niveau de votre confort<\/p><h3>Red\u00e9marrage automatique<\/h3><h3>Confort automatique<\/h3><p>Red\u00e9marre automatiquement et r\u00e9initialise les param\u00e8tres d\u2019origine une fois le courant r\u00e9tabli<\/p><p>\u00a0<\/p><p>SP\u00c9CIFICATIONS<br \/>Taux d\u2019efficacit\u00e9 :<\/p><p>Jusqu&#8217;\u00e0 21 SEER<\/p><p>Caract\u00e9ristiques :<\/p><p>Climatisation<br \/>Climatiseur mural<\/p><p>Plage de BTU :<\/p><p>12 000 BTU &#8211; 22 000 BTU<\/p><h3 class=\"options-section-title\">Liste compl\u00e8te des caract\u00e9ristiques<\/h3><div class=\"clearfix text-formatted field field--name-field-summary-features field--type-text field--label-hidden field__items\"><ul><li class=\"field__item\">Unit\u00e9s int\u00e9rieures \u00e0 haut rendement et d&#8217;aspect contemporain<\/li><li class=\"field__item\">La solution de climatisation id\u00e9ale pour les maisons ne poss\u00e9dant pas de syst\u00e8me de conduits<\/li><li class=\"field__item\">Disponibles en capacit\u00e9s de 1 tonne, 1,5 tonne et 2 tonnes pour diff\u00e9rentes tailles de pi\u00e8ces<\/li><li class=\"field__item\">Fonctionne m\u00eame \u00e0 50 \u00b0C (122 \u00b0F)<\/li><li class=\"field__item\">Compatible Wi-Fi: Surveillez, contr\u00f4lez et programmez votre climatiseur de n&#8217;importe o\u00f9 dans la maison gr\u00e2ce \u00e0 une application (fonctionnalit\u00e9 optionnelle)<\/li><li class=\"field__item\">Wifi Capable : monitor, control and schedule your AC from anywhere in the house through an App (Optional feature)<\/li><li class=\"field__item\">Syst\u00e8me de 21 SEER qui assure une meilleure efficacit\u00e9<\/li><li class=\"field__item\">T\u00e9l\u00e9commande :<\/li><li class=\"field__item\">\u00c9l\u00e9gante t\u00e9l\u00e9commande avec fonction d&#8217;autor\u00e9glage et contr\u00f4le intelligent de la d\u00e9shumidification pour un confort optimal<\/li><\/ul><p style=\"text-align: center;\"><img fetchpriority=\"high\" decoding=\"async\" class=\"alignnone size-full wp-image-44227\" src=\"https:\/\/www.belleflamme.ca\/wp-content\/uploads\/2024\/11\/Garantie-Belleflamme-FR-10-ans.png\" alt=\"\" width=\"250\" height=\"250\" srcset=\"https:\/\/staging.belleflamme.ca\/wp-content\/uploads\/2024\/11\/Garantie-Belleflamme-FR-10-ans.png 250w, https:\/\/staging.belleflamme.ca\/wp-content\/uploads\/2024\/11\/Garantie-Belleflamme-FR-10-ans-150x150.png 150w, https:\/\/staging.belleflamme.ca\/wp-content\/uploads\/2024\/11\/Garantie-Belleflamme-FR-10-ans-100x100.png 100w\" sizes=\"(max-width: 250px) 100vw, 250px\" \/><\/p><p><img decoding=\"async\" class=\"alignnone size-full wp-image-44353\" src=\"https:\/\/www.belleflamme.ca\/wp-content\/uploads\/2024\/11\/2024-11-28-15_09_07-NDCAS21_Tech-Sheet_DIGITAL.pdf.png\" alt=\"\" width=\"1061\" height=\"372\" srcset=\"https:\/\/staging.belleflamme.ca\/wp-content\/uploads\/2024\/11\/2024-11-28-15_09_07-NDCAS21_Tech-Sheet_DIGITAL.pdf.png 1061w, https:\/\/staging.belleflamme.ca\/wp-content\/uploads\/2024\/11\/2024-11-28-15_09_07-NDCAS21_Tech-Sheet_DIGITAL.pdf-300x105.png 300w, https:\/\/staging.belleflamme.ca\/wp-content\/uploads\/2024\/11\/2024-11-28-15_09_07-NDCAS21_Tech-Sheet_DIGITAL.pdf-1024x359.png 1024w, https:\/\/staging.belleflamme.ca\/wp-content\/uploads\/2024\/11\/2024-11-28-15_09_07-NDCAS21_Tech-Sheet_DIGITAL.pdf-768x269.png 768w, https:\/\/staging.belleflamme.ca\/wp-content\/uploads\/2024\/11\/2024-11-28-15_09_07-NDCAS21_Tech-Sheet_DIGITAL.pdf-900x316.png 900w\" sizes=\"(max-width: 1061px) 100vw, 1061px\" \/> <img loading=\"lazy\" decoding=\"async\" class=\"alignnone size-full wp-image-44351\" src=\"https:\/\/www.belleflamme.ca\/wp-content\/uploads\/2024\/11\/2024-11-28-15_09_21-NDCAS21_Tech-Sheet_DIGITAL.pdf.png\" alt=\"\" width=\"1059\" height=\"744\" srcset=\"https:\/\/staging.belleflamme.ca\/wp-content\/uploads\/2024\/11\/2024-11-28-15_09_21-NDCAS21_Tech-Sheet_DIGITAL.pdf.png 1059w, https:\/\/staging.belleflamme.ca\/wp-content\/uploads\/2024\/11\/2024-11-28-15_09_21-NDCAS21_Tech-Sheet_DIGITAL.pdf-300x211.png 300w, https:\/\/staging.belleflamme.ca\/wp-content\/uploads\/2024\/11\/2024-11-28-15_09_21-NDCAS21_Tech-Sheet_DIGITAL.pdf-1024x719.png 1024w, https:\/\/staging.belleflamme.ca\/wp-content\/uploads\/2024\/11\/2024-11-28-15_09_21-NDCAS21_Tech-Sheet_DIGITAL.pdf-768x540.png 768w, https:\/\/staging.belleflamme.ca\/wp-content\/uploads\/2024\/11\/2024-11-28-15_09_21-NDCAS21_Tech-Sheet_DIGITAL.pdf-900x632.png 900w\" sizes=\"(max-width: 1059px) 100vw, 1059px\" \/><\/p><\/div><p>\u00a0<\/p>\t\t\t\t\t\t\t\t<\/div>\n\t\t\t\t<\/div>\n\t\t\t\t\t<\/div>\n\t\t<\/div>\n\t\t\t\t\t<\/div>\n\t\t<\/section>\n\t\t\t\t<section class=\"elementor-section elementor-top-section elementor-element elementor-element-f4bbfcf elementor-section-boxed elementor-section-height-default elementor-section-height-default\" data-id=\"f4bbfcf\" data-element_type=\"section\">\n\t\t\t\t\t\t<div class=\"elementor-container elementor-column-gap-default\">\n\t\t\t\t\t<div class=\"elementor-column elementor-col-100 elementor-top-column elementor-element elementor-element-1506416\" data-id=\"1506416\" data-element_type=\"column\">\n\t\t\t<div class=\"elementor-widget-wrap elementor-element-populated\">\n\t\t\t\t\t\t<div class=\"elementor-element elementor-element-1d294b1 elementor-tabs-view-horizontal elementor-widget elementor-widget-tabs\" data-id=\"1d294b1\" data-element_type=\"widget\" data-widget_type=\"tabs.default\">\n\t\t\t\t<div class=\"elementor-widget-container\">\n\t\t\t\t\t\t\t<div class=\"elementor-tabs\">\n\t\t\t<div class=\"elementor-tabs-wrapper\" role=\"tablist\" >\n\t\t\t\t\t\t\t\t\t<div id=\"elementor-tab-title-3051\" class=\"elementor-tab-title elementor-tab-desktop-title\" aria-selected=\"true\" data-tab=\"1\" role=\"tab\" tabindex=\"0\" aria-controls=\"elementor-tab-content-3051\" aria-expanded=\"false\">Fichiers<\/div>\n\t\t\t\t\t\t\t<\/div>\n\t\t\t<div class=\"elementor-tabs-content-wrapper\" role=\"tablist\" aria-orientation=\"vertical\">\n\t\t\t\t\t\t\t\t\t<div class=\"elementor-tab-title elementor-tab-mobile-title\" aria-selected=\"true\" data-tab=\"1\" role=\"tab\" tabindex=\"0\" aria-controls=\"elementor-tab-content-3051\" aria-expanded=\"false\">Fichiers<\/div>\n\t\t\t\t\t<div id=\"elementor-tab-content-3051\" class=\"elementor-tab-content elementor-clearfix\" data-tab=\"1\" role=\"tabpanel\" aria-labelledby=\"elementor-tab-title-3051\" tabindex=\"0\" hidden=\"false\"><i class=\"far fa-file-pdf fa-xl\" style=\"font-size:35px\"><\/i><a href=\"https:\/\/www.belleflamme.ca\/wp-content\/uploads\/2024\/05\/ADBRN3-DLSS-2023_FR_10-08-23_LowRes.pdf\"> Brochure<\/a><\/br>\n<i class=\"far fa-file-pdf fa-xl\" style=\"font-size:35px\"><\/i><a href=\"https:\/\/www.belleflamme.ca\/wp-content\/uploads\/2024\/05\/Final-User-Manual-NDCAS21_NDHB20_NDHAS22-Series-Units-French-1.pdf\"> Manuel<\/a><\/br>\n<i class=\"far fa-file-pdf fa-xl\" style=\"font-size:35px\"><\/i><a href=\"https:\/\/www.belleflamme.ca\/wp-content\/uploads\/2024\/05\/NDCAS21_Tech-Sheet_DIGITAL.pdf\"> Sp\u00e9cifications<\/a><\/br><\/div>\n\t\t\t\t\t\t\t<\/div>\n\t\t<\/div>\n\t\t\t\t\t\t<\/div>\n\t\t\t\t<\/div>\n\t\t\t\t\t<\/div>\n\t\t<\/div>\n\t\t\t\t\t<\/div>\n\t\t<\/section>\n\t\t\t\t<\/div>\n\t\t","protected":false},"excerpt":{"rendered":"<p>Climatisation avec style Red\u00e9marrage automatique Mode veille Large plage de refroidissement Le climatiseur mural de la s\u00e9rie NDCAS21 est la solution parfaite pour ajouter le confort et la commodit\u00e9 de la climatisation \u00e0 votre domicile, sans avoir \u00e0 installer de conduits. Red\u00e9marrage automatique Mode veille Large plage de refroidissement Mode veille Dormez tranquille La thermopompe [&hellip;]<\/p>\n","protected":false},"featured_media":44328,"template":"","meta":{"inline_featured_image":false},"product_brand":[359],"product_cat":[70,85,72],"product_tag":[],"class_list":{"0":"post-8536","1":"product","2":"type-product","3":"status-publish","4":"has-post-thumbnail","6":"product_brand-napoleon-climatisation-chauffage","7":"product_cat-climatisation-chauffage","8":"product_cat-climatisation-murale","9":"product_cat-systeme-mural","11":"first","12":"instock","13":"taxable","14":"shipping-taxable","15":"product-type-variable"},"yoast_head":"<!-- This site is optimized with the Yoast SEO Premium plugin v24.2 (Yoast SEO v24.2) - https:\/\/yoast.com\/wordpress\/plugins\/seo\/ -->\n<title>Climatiseur Murale 21 SEER S\u00c9RIE NDCAS21 de Napoleon - Groupe BelleFlamme<\/title>\n<meta name=\"description\" content=\"Climatiseur Murale 21 SEER S\u00c9RIE NDCAS21 de Napoleon vendu et install\u00e9 par le Groupe Belleflamme. Laval, Montr\u00e9al, Gatineau et Saint-Sauveur.\" \/>\n<meta name=\"robots\" content=\"index, follow, max-snippet:-1, max-image-preview:large, max-video-preview:-1\" \/>\n<link rel=\"canonical\" href=\"https:\/\/staging.belleflamme.ca\/fr\/produit\/climatiseur-murale-21-seer-serie-ndcas21-de-napoleon\/\" \/>\n<meta property=\"og:locale\" content=\"fr_FR\" \/>\n<meta property=\"og:type\" content=\"article\" \/>\n<meta property=\"og:title\" content=\"Climatiseur Murale 21 SEER S\u00c9RIE NDCAS21 de Napoleon\" \/>\n<meta property=\"og:description\" content=\"Climatiseur Murale 21 SEER S\u00c9RIE NDCAS21 de Napoleon vendu et install\u00e9 par le Groupe Belleflamme. Laval, Montr\u00e9al, Gatineau et Saint-Sauveur.\" \/>\n<meta property=\"og:url\" content=\"https:\/\/staging.belleflamme.ca\/fr\/produit\/climatiseur-murale-21-seer-serie-ndcas21-de-napoleon\/\" \/>\n<meta property=\"og:site_name\" content=\"Groupe BelleFlamme\" \/>\n<meta property=\"article:publisher\" content=\"https:\/\/www.facebook.com\/belleflamme.ca\/\" \/>\n<meta property=\"article:modified_time\" content=\"2024-11-28T20:14:05+00:00\" \/>\n<meta property=\"og:image\" content=\"https:\/\/www.belleflamme.ca\/wp-content\/uploads\/2023\/03\/Thermopompe-Murale-SERIE-NDHAS22-22-SEER-de-Napoleon.png\" \/>\n\t<meta property=\"og:image:width\" content=\"600\" \/>\n\t<meta property=\"og:image:height\" content=\"600\" \/>\n\t<meta property=\"og:image:type\" content=\"image\/png\" \/>\n<meta name=\"twitter:card\" content=\"summary_large_image\" \/>\n<meta name=\"twitter:label1\" content=\"Disponibilit\u00e9\" \/>\n\t<meta name=\"twitter:data1\" content=\"En stock\" \/>\n<script type=\"application\/ld+json\" class=\"yoast-schema-graph\">{\"@context\":\"https:\/\/schema.org\",\"@graph\":[{\"@type\":[\"WebPage\",\"ItemPage\"],\"@id\":\"https:\/\/staging.belleflamme.ca\/fr\/produit\/climatiseur-murale-21-seer-serie-ndcas21-de-napoleon\/\",\"url\":\"https:\/\/staging.belleflamme.ca\/fr\/produit\/climatiseur-murale-21-seer-serie-ndcas21-de-napoleon\/\",\"name\":\"Climatiseur Murale 21 SEER S\u00c9RIE NDCAS21 de Napoleon - Groupe BelleFlamme\",\"isPartOf\":{\"@id\":\"https:\/\/www.belleflamme.ca\/fr\/#website\"},\"primaryImageOfPage\":{\"@id\":\"https:\/\/staging.belleflamme.ca\/fr\/produit\/climatiseur-murale-21-seer-serie-ndcas21-de-napoleon\/#primaryimage\"},\"image\":{\"@id\":\"https:\/\/staging.belleflamme.ca\/fr\/produit\/climatiseur-murale-21-seer-serie-ndcas21-de-napoleon\/#primaryimage\"},\"thumbnailUrl\":\"https:\/\/staging.belleflamme.ca\/wp-content\/uploads\/2023\/03\/Thermopompe-Murale-SERIE-NDHAS22-22-SEER-de-Napoleon.png\",\"datePublished\":\"2023-03-22T16:05:05+00:00\",\"dateModified\":\"2024-11-28T20:14:05+00:00\",\"description\":\"Climatiseur Murale 21 SEER S\u00c9RIE NDCAS21 de Napoleon vendu et install\u00e9 par le Groupe Belleflamme. Laval, Montr\u00e9al, Gatineau et Saint-Sauveur.\",\"breadcrumb\":{\"@id\":\"https:\/\/staging.belleflamme.ca\/fr\/produit\/climatiseur-murale-21-seer-serie-ndcas21-de-napoleon\/#breadcrumb\"},\"inLanguage\":\"fr-FR\",\"potentialAction\":[{\"@type\":\"ReadAction\",\"target\":[\"https:\/\/staging.belleflamme.ca\/fr\/produit\/climatiseur-murale-21-seer-serie-ndcas21-de-napoleon\/\"]}]},{\"@type\":\"ImageObject\",\"inLanguage\":\"fr-FR\",\"@id\":\"https:\/\/staging.belleflamme.ca\/fr\/produit\/climatiseur-murale-21-seer-serie-ndcas21-de-napoleon\/#primaryimage\",\"url\":\"https:\/\/staging.belleflamme.ca\/wp-content\/uploads\/2023\/03\/Thermopompe-Murale-SERIE-NDHAS22-22-SEER-de-Napoleon.png\",\"contentUrl\":\"https:\/\/staging.belleflamme.ca\/wp-content\/uploads\/2023\/03\/Thermopompe-Murale-SERIE-NDHAS22-22-SEER-de-Napoleon.png\",\"width\":600,\"height\":600,\"caption\":\"Thermopompe Murale S\u00c9RIE NDHAS22 22 SEER de Napoleon\"},{\"@type\":\"BreadcrumbList\",\"@id\":\"https:\/\/staging.belleflamme.ca\/fr\/produit\/climatiseur-murale-21-seer-serie-ndcas21-de-napoleon\/#breadcrumb\",\"itemListElement\":[{\"@type\":\"ListItem\",\"position\":1,\"name\":\"Accueil\",\"item\":\"https:\/\/www.belleflamme.ca\/fr\/\"},{\"@type\":\"ListItem\",\"position\":2,\"name\":\"Boutique\",\"item\":\"https:\/\/www.belleflamme.ca\/fr\/boutique\/\"},{\"@type\":\"ListItem\",\"position\":3,\"name\":\"Climatisation &amp; Chauffage\",\"item\":\"https:\/\/staging.belleflamme.ca\/fr\/categories\/climatisation-chauffage\/\"},{\"@type\":\"ListItem\",\"position\":4,\"name\":\"Syst\u00e8me Mural\",\"item\":\"https:\/\/staging.belleflamme.ca\/fr\/categories\/climatisation-chauffage\/systeme-mural\/\"},{\"@type\":\"ListItem\",\"position\":5,\"name\":\"Climatisation murale\",\"item\":\"https:\/\/staging.belleflamme.ca\/fr\/categories\/climatisation-chauffage\/systeme-mural\/climatisation-murale\/\"},{\"@type\":\"ListItem\",\"position\":6,\"name\":\"Climatiseur Murale 21 SEER S\u00c9RIE NDCAS21 de Napoleon\"}]},{\"@type\":\"WebSite\",\"@id\":\"https:\/\/www.belleflamme.ca\/fr\/#website\",\"url\":\"https:\/\/www.belleflamme.ca\/fr\/\",\"name\":\"Groupe Belleflamme\",\"description\":\"La m\u00e9canique du b\u00e2timent dans le sang.\",\"publisher\":{\"@id\":\"https:\/\/www.belleflamme.ca\/fr\/#organization\"},\"potentialAction\":[{\"@type\":\"SearchAction\",\"target\":{\"@type\":\"EntryPoint\",\"urlTemplate\":\"https:\/\/www.belleflamme.ca\/fr\/?s={search_term_string}\"},\"query-input\":{\"@type\":\"PropertyValueSpecification\",\"valueRequired\":true,\"valueName\":\"search_term_string\"}}],\"inLanguage\":\"fr-FR\"},{\"@type\":[\"Organization\",\"Place\"],\"@id\":\"https:\/\/www.belleflamme.ca\/fr\/#organization\",\"name\":\"Groupe Belleflamme\",\"alternateName\":\"Belleflamme\",\"url\":\"https:\/\/www.belleflamme.ca\/fr\/\",\"logo\":{\"@type\":\"ImageObject\",\"inLanguage\":\"fr-FR\",\"@id\":\"https:\/\/www.belleflamme.ca\/fr\/#\/schema\/logo\/image\/\",\"url\":\"https:\/\/staging.belleflamme.ca\/wp-content\/uploads\/2023\/01\/og-image.jpg\",\"contentUrl\":\"https:\/\/staging.belleflamme.ca\/wp-content\/uploads\/2023\/01\/og-image.jpg\",\"width\":1200,\"height\":630,\"caption\":\"Groupe Belleflamme\"},\"image\":{\"@id\":\"https:\/\/www.belleflamme.ca\/fr\/#\/schema\/logo\/image\/\"},\"sameAs\":[\"https:\/\/www.facebook.com\/belleflamme.ca\/\",\"https:\/\/www.linkedin.com\/company\/belleflamme\/\",\"https:\/\/www.pinterest.ca\/groupebelleflamme\/\",\"https:\/\/www.instagram.com\/legroupebelleflamme\/\"],\"mainEntityOfPage\":{\"@id\":\"https:\/\/staging.belleflamme.ca\/fr\/produit\/climatiseur-murale-21-seer-serie-ndcas21-de-napoleon\/\"}}]}<\/script>\n<meta property=\"product:brand\" content=\"Napoleon climatisation chauffage\" \/>\n<meta property=\"og:availability\" content=\"instock\" \/>\n<meta property=\"product:availability\" content=\"instock\" \/>\n<meta property=\"product:condition\" content=\"new\" \/>\n<!-- \/ Yoast SEO Premium plugin. -->","yoast_head_json":{"title":"Climatiseur Murale 21 SEER S\u00c9RIE NDCAS21 de Napoleon - Groupe BelleFlamme","description":"Climatiseur Murale 21 SEER S\u00c9RIE NDCAS21 de Napoleon vendu et install\u00e9 par le Groupe Belleflamme. Laval, Montr\u00e9al, Gatineau et Saint-Sauveur.","robots":{"index":"index","follow":"follow","max-snippet":"max-snippet:-1","max-image-preview":"max-image-preview:large","max-video-preview":"max-video-preview:-1"},"canonical":"https:\/\/staging.belleflamme.ca\/fr\/produit\/climatiseur-murale-21-seer-serie-ndcas21-de-napoleon\/","og_locale":"fr_FR","og_type":"article","og_title":"Climatiseur Murale 21 SEER S\u00c9RIE NDCAS21 de Napoleon","og_description":"Climatiseur Murale 21 SEER S\u00c9RIE NDCAS21 de Napoleon vendu et install\u00e9 par le Groupe Belleflamme. Laval, Montr\u00e9al, Gatineau et Saint-Sauveur.","og_url":"https:\/\/staging.belleflamme.ca\/fr\/produit\/climatiseur-murale-21-seer-serie-ndcas21-de-napoleon\/","og_site_name":"Groupe BelleFlamme","article_publisher":"https:\/\/www.facebook.com\/belleflamme.ca\/","article_modified_time":"2024-11-28T20:14:05+00:00","og_image":[{"width":600,"height":600,"url":"https:\/\/www.belleflamme.ca\/wp-content\/uploads\/2023\/03\/Thermopompe-Murale-SERIE-NDHAS22-22-SEER-de-Napoleon.png","type":"image\/png"}],"twitter_card":"summary_large_image","twitter_misc":{"Disponibilit\u00e9":"En stock"},"schema":{"@context":"https:\/\/schema.org","@graph":[{"@type":["WebPage","ItemPage"],"@id":"https:\/\/staging.belleflamme.ca\/fr\/produit\/climatiseur-murale-21-seer-serie-ndcas21-de-napoleon\/","url":"https:\/\/staging.belleflamme.ca\/fr\/produit\/climatiseur-murale-21-seer-serie-ndcas21-de-napoleon\/","name":"Climatiseur Murale 21 SEER S\u00c9RIE NDCAS21 de Napoleon - Groupe BelleFlamme","isPartOf":{"@id":"https:\/\/www.belleflamme.ca\/fr\/#website"},"primaryImageOfPage":{"@id":"https:\/\/staging.belleflamme.ca\/fr\/produit\/climatiseur-murale-21-seer-serie-ndcas21-de-napoleon\/#primaryimage"},"image":{"@id":"https:\/\/staging.belleflamme.ca\/fr\/produit\/climatiseur-murale-21-seer-serie-ndcas21-de-napoleon\/#primaryimage"},"thumbnailUrl":"https:\/\/staging.belleflamme.ca\/wp-content\/uploads\/2023\/03\/Thermopompe-Murale-SERIE-NDHAS22-22-SEER-de-Napoleon.png","datePublished":"2023-03-22T16:05:05+00:00","dateModified":"2024-11-28T20:14:05+00:00","description":"Climatiseur Murale 21 SEER S\u00c9RIE NDCAS21 de Napoleon vendu et install\u00e9 par le Groupe Belleflamme. Laval, Montr\u00e9al, Gatineau et Saint-Sauveur.","breadcrumb":{"@id":"https:\/\/staging.belleflamme.ca\/fr\/produit\/climatiseur-murale-21-seer-serie-ndcas21-de-napoleon\/#breadcrumb"},"inLanguage":"fr-FR","potentialAction":[{"@type":"ReadAction","target":["https:\/\/staging.belleflamme.ca\/fr\/produit\/climatiseur-murale-21-seer-serie-ndcas21-de-napoleon\/"]}]},{"@type":"ImageObject","inLanguage":"fr-FR","@id":"https:\/\/staging.belleflamme.ca\/fr\/produit\/climatiseur-murale-21-seer-serie-ndcas21-de-napoleon\/#primaryimage","url":"https:\/\/staging.belleflamme.ca\/wp-content\/uploads\/2023\/03\/Thermopompe-Murale-SERIE-NDHAS22-22-SEER-de-Napoleon.png","contentUrl":"https:\/\/staging.belleflamme.ca\/wp-content\/uploads\/2023\/03\/Thermopompe-Murale-SERIE-NDHAS22-22-SEER-de-Napoleon.png","width":600,"height":600,"caption":"Thermopompe Murale S\u00c9RIE NDHAS22 22 SEER de Napoleon"},{"@type":"BreadcrumbList","@id":"https:\/\/staging.belleflamme.ca\/fr\/produit\/climatiseur-murale-21-seer-serie-ndcas21-de-napoleon\/#breadcrumb","itemListElement":[{"@type":"ListItem","position":1,"name":"Accueil","item":"https:\/\/www.belleflamme.ca\/fr\/"},{"@type":"ListItem","position":2,"name":"Boutique","item":"https:\/\/www.belleflamme.ca\/fr\/boutique\/"},{"@type":"ListItem","position":3,"name":"Climatisation &amp; Chauffage","item":"https:\/\/staging.belleflamme.ca\/fr\/categories\/climatisation-chauffage\/"},{"@type":"ListItem","position":4,"name":"Syst\u00e8me Mural","item":"https:\/\/staging.belleflamme.ca\/fr\/categories\/climatisation-chauffage\/systeme-mural\/"},{"@type":"ListItem","position":5,"name":"Climatisation murale","item":"https:\/\/staging.belleflamme.ca\/fr\/categories\/climatisation-chauffage\/systeme-mural\/climatisation-murale\/"},{"@type":"ListItem","position":6,"name":"Climatiseur Murale 21 SEER S\u00c9RIE NDCAS21 de Napoleon"}]},{"@type":"WebSite","@id":"https:\/\/www.belleflamme.ca\/fr\/#website","url":"https:\/\/www.belleflamme.ca\/fr\/","name":"Groupe Belleflamme","description":"La m\u00e9canique du b\u00e2timent dans le sang.","publisher":{"@id":"https:\/\/www.belleflamme.ca\/fr\/#organization"},"potentialAction":[{"@type":"SearchAction","target":{"@type":"EntryPoint","urlTemplate":"https:\/\/www.belleflamme.ca\/fr\/?s={search_term_string}"},"query-input":{"@type":"PropertyValueSpecification","valueRequired":true,"valueName":"search_term_string"}}],"inLanguage":"fr-FR"},{"@type":["Organization","Place"],"@id":"https:\/\/www.belleflamme.ca\/fr\/#organization","name":"Groupe Belleflamme","alternateName":"Belleflamme","url":"https:\/\/www.belleflamme.ca\/fr\/","logo":{"@type":"ImageObject","inLanguage":"fr-FR","@id":"https:\/\/www.belleflamme.ca\/fr\/#\/schema\/logo\/image\/","url":"https:\/\/staging.belleflamme.ca\/wp-content\/uploads\/2023\/01\/og-image.jpg","contentUrl":"https:\/\/staging.belleflamme.ca\/wp-content\/uploads\/2023\/01\/og-image.jpg","width":1200,"height":630,"caption":"Groupe Belleflamme"},"image":{"@id":"https:\/\/www.belleflamme.ca\/fr\/#\/schema\/logo\/image\/"},"sameAs":["https:\/\/www.facebook.com\/belleflamme.ca\/","https:\/\/www.linkedin.com\/company\/belleflamme\/","https:\/\/www.pinterest.ca\/groupebelleflamme\/","https:\/\/www.instagram.com\/legroupebelleflamme\/"],"mainEntityOfPage":{"@id":"https:\/\/staging.belleflamme.ca\/fr\/produit\/climatiseur-murale-21-seer-serie-ndcas21-de-napoleon\/"}}]},"product_brand":"Napoleon climatisation chauffage","og_availability":"instock","product_availability":"instock","product_condition":"new"},"_links":{"self":[{"href":"https:\/\/staging.belleflamme.ca\/fr\/wp-json\/wp\/v2\/product\/8536","targetHints":{"allow":["GET"]}}],"collection":[{"href":"https:\/\/staging.belleflamme.ca\/fr\/wp-json\/wp\/v2\/product"}],"about":[{"href":"https:\/\/staging.belleflamme.ca\/fr\/wp-json\/wp\/v2\/types\/product"}],"version-history":[{"count":13,"href":"https:\/\/staging.belleflamme.ca\/fr\/wp-json\/wp\/v2\/product\/8536\/revisions"}],"predecessor-version":[{"id":44361,"href":"https:\/\/staging.belleflamme.ca\/fr\/wp-json\/wp\/v2\/product\/8536\/revisions\/44361"}],"wp:featuredmedia":[{"embeddable":true,"href":"https:\/\/staging.belleflamme.ca\/fr\/wp-json\/wp\/v2\/media\/44328"}],"wp:attachment":[{"href":"https:\/\/staging.belleflamme.ca\/fr\/wp-json\/wp\/v2\/media?parent=8536"}],"wp:term":[{"taxonomy":"product_brand","embeddable":true,"href":"https:\/\/staging.belleflamme.ca\/fr\/wp-json\/wp\/v2\/product_brand?post=8536"},{"taxonomy":"product_cat","embeddable":true,"href":"https:\/\/staging.belleflamme.ca\/fr\/wp-json\/wp\/v2\/product_cat?post=8536"},{"taxonomy":"product_tag","embeddable":true,"href":"https:\/\/staging.belleflamme.ca\/fr\/wp-json\/wp\/v2\/product_tag?post=8536"}],"curies":[{"name":"wp","href":"https:\/\/api.w.org\/{rel}","templated":true}]}}