{"id":8531,"date":"2023-03-22T12:01:51","date_gmt":"2023-03-22T16:01:51","guid":{"rendered":"https:\/\/www.belleflamme.ca\/?post_type=product&#038;p=8531"},"modified":"2024-11-28T15:01:05","modified_gmt":"2024-11-28T20:01:05","slug":"thermopompe-murale-serie-ndhas22-22-seer-de-napoleon","status":"publish","type":"product","link":"https:\/\/staging.belleflamme.ca\/fr\/produit\/thermopompe-murale-serie-ndhas22-22-seer-de-napoleon\/","title":{"rendered":"Thermopompe Murale S\u00c9RIE NDHAS22 22 SEER de Napoleon"},"content":{"rendered":"\t\t<div data-elementor-type=\"product-post\" data-elementor-id=\"8531\" class=\"elementor elementor-8531\" data-elementor-post-type=\"product\">\n\t\t\t\t\t\t<section class=\"elementor-section elementor-top-section elementor-element elementor-element-6f829a5b elementor-section-boxed elementor-section-height-default elementor-section-height-default\" data-id=\"6f829a5b\" data-element_type=\"section\">\n\t\t\t\t\t\t<div class=\"elementor-container elementor-column-gap-default\">\n\t\t\t\t\t<div class=\"elementor-column elementor-col-100 elementor-top-column elementor-element elementor-element-18dd835d\" data-id=\"18dd835d\" data-element_type=\"column\">\n\t\t\t<div class=\"elementor-widget-wrap elementor-element-populated\">\n\t\t\t\t\t\t<div class=\"elementor-element elementor-element-40643634 elementor-widget elementor-widget-text-editor\" data-id=\"40643634\" data-element_type=\"widget\" data-widget_type=\"text-editor.default\">\n\t\t\t\t<div class=\"elementor-widget-container\">\n\t\t\t\t\t\t\t\t\t<h2>Le style jumel\u00e9 \u00e0 l\u2019efficacit\u00e9<\/h2><p><img decoding=\"async\" class=\"size-full wp-image-44316\" src=\"https:\/\/www.belleflamme.ca\/wp-content\/uploads\/2024\/11\/neep-et-energy-star.webp\" alt=\"\" width=\"228\" height=\"101\" \/><\/p><h3>Chauffage et de climatisation<br \/>Homologu\u00e9 ENERGY STAR\u00ae<br \/>Approuv\u00e9 NEEP<br \/>Jusqu&#8217;\u00e0 22 SEER<\/h3><p>Les thermopompes murales de la s\u00e9rie NDHAS22 sont id\u00e9ales pour toute maison sans conduit. Elles sont \u00e9l\u00e9gantes, faciles \u00e0 utiliser et r\u00e9pondent \u00e0 tous vos besoins en mati\u00e8re de confort.<\/p><h2>Fonction Hyper Heat<\/h2><h3>Des hivers sans souci<\/h3><p>Capable de fonctionner \u00e0 des temp\u00e9ratures aussi basses que -30\u00b0C (-22\u00b0F) sans probl\u00e8me<\/p><h3>Mode veille<\/h3><h3>Dormez tranquille<\/h3><p>La thermopompe peut r\u00e9duire sa consommation \u00e9nerg\u00e9tique pendant que vous dormez tout en maintenant le niveau de votre confort<\/p><h2 class=\"feature-name\">Homologu\u00e9 Energy Star<\/h2><h3 class=\"field field--name-field-feature-lead field--type-string field--label-hidden field__item\">La norme d\u2019excellence<\/h3><div class=\"clearfix text-formatted field field--name-field-feature-description field--type-text-long field--label-hidden field__item\"><p>Norme de rendement \u00e9nerg\u00e9tique fix\u00e9e par le gouvernement. Ces normes ont \u00e9t\u00e9 mises en place pour favoriser la r\u00e9duction des \u00e9missions de gaz \u00e0 effet de serre.<\/p><h2>Red\u00e9marrage automatique<\/h2><h3>Confort automatique<\/h3><p>Red\u00e9marre automatiquement et r\u00e9initialise les param\u00e8tres d\u2019origine une fois le courant r\u00e9tabli<\/p><\/div><h3 class=\"title-tab title-desktop\">Sp\u00e9cifications<\/h3><div class=\"specification tab-item tab-on\"><div class=\"efficiency\"><p class=\"field\">Taux d\u2019efficacit\u00e9 :<\/p><div class=\"field field--name-field-efficiency-rating field--type-entity-reference field--label-hidden field__item\">Jusqu&#8217;\u00e0 22 SEER<\/div><\/div><div class=\"features\"><p class=\"field\">Caract\u00e9ristiques :<\/p><div class=\"field field--name-field-parent-search-features field--type-entity-reference field--label-hidden field__items\"><div class=\"field__item\">Chauffage<\/div><div class=\"field__item\">Climatisation<\/div><div class=\"field__item\">Climatiseur mural<\/div><div class=\"field__item\">Homologu\u00e9e ENERGY STAR<\/div><div class=\"field__item\">Approuv\u00e9 NEEP<\/div><\/div><\/div><div class=\"btu-range\"><p class=\"field\">Plage de BTU :<\/p><div class=\"field\">12 000 BTU &#8211; 24 000 BTU<\/div><\/div><div><h3 class=\"options-section-title\">Liste compl\u00e8te des caract\u00e9ristiques<\/h3><div class=\"clearfix text-formatted field field--name-field-summary-features field--type-text field--label-hidden field__items\"><ul><li class=\"field__item\">Unit\u00e9s int\u00e9rieures \u00e0 haut rendement et d&#8217;aspect contemporain<\/li><li class=\"field__item\">Cr\u00e9ez des zones de temp\u00e9rature ind\u00e9pendantes dans diff\u00e9rentes pi\u00e8ces<\/li><li class=\"field__item\">Disponibles en capacit\u00e9s de 1 tonne, 1,5 tonne et 2 tonnes pour diff\u00e9rentes tailles de pi\u00e8ces<\/li><li class=\"field__item\">Homologu\u00e9 Energy Star<\/li><li class=\"field__item\">Certifi\u00e9 et approuv\u00e9 NEEP<\/li><li class=\"field__item\">Assure le chauffage de votre maison \u00e0 des temp\u00e9ratures aussi basses que -25 \u00b0C (-13\u00b0F) et le refroidissement \u00e0 des temp\u00e9ratures ext\u00e9rieures jusqu\u2019\u00e0 50 \u00b0C (122 \u00b0F)<\/li><li class=\"field__item\">Compatible Wi-Fi: Surveillez, contr\u00f4lez et programmez votre thermopompe de n&#8217;importe o\u00f9 dans la maison gr\u00e2ce \u00e0 une application (fonctionnalit\u00e9 optionnelle)<\/li><li class=\"field__item\">Syst\u00e8me de 22 SEER qui assure une meilleure efficacit\u00e9<\/li><li class=\"field__item\">T\u00e9l\u00e9commande :<\/li><li class=\"field__item\">\u00c9l\u00e9gante t\u00e9l\u00e9commande avec fonction d&#8217;autor\u00e9glage et contr\u00f4le intelligent de la d\u00e9shumidification pour un confort optimal<\/li><\/ul><\/div><\/div><\/div><div style=\"text-align: center;\"><img fetchpriority=\"high\" decoding=\"async\" class=\"alignnone size-full wp-image-44227\" src=\"https:\/\/www.belleflamme.ca\/wp-content\/uploads\/2024\/11\/Garantie-Belleflamme-FR-10-ans.png\" alt=\"\" width=\"250\" height=\"250\" srcset=\"https:\/\/staging.belleflamme.ca\/wp-content\/uploads\/2024\/11\/Garantie-Belleflamme-FR-10-ans.png 250w, https:\/\/staging.belleflamme.ca\/wp-content\/uploads\/2024\/11\/Garantie-Belleflamme-FR-10-ans-150x150.png 150w, https:\/\/staging.belleflamme.ca\/wp-content\/uploads\/2024\/11\/Garantie-Belleflamme-FR-10-ans-100x100.png 100w\" sizes=\"(max-width: 250px) 100vw, 250px\" \/><\/div><div style=\"text-align: center;\"><img decoding=\"async\" class=\"alignnone size-full wp-image-44333\" src=\"https:\/\/www.belleflamme.ca\/wp-content\/uploads\/2024\/11\/2024-11-28-14_49_39-NDHAS22_Tech-Sheet_DIGITAL.pdf.png\" alt=\"\" width=\"1140\" height=\"370\" srcset=\"https:\/\/staging.belleflamme.ca\/wp-content\/uploads\/2024\/11\/2024-11-28-14_49_39-NDHAS22_Tech-Sheet_DIGITAL.pdf.png 1140w, https:\/\/staging.belleflamme.ca\/wp-content\/uploads\/2024\/11\/2024-11-28-14_49_39-NDHAS22_Tech-Sheet_DIGITAL.pdf-300x97.png 300w, https:\/\/staging.belleflamme.ca\/wp-content\/uploads\/2024\/11\/2024-11-28-14_49_39-NDHAS22_Tech-Sheet_DIGITAL.pdf-1024x332.png 1024w, https:\/\/staging.belleflamme.ca\/wp-content\/uploads\/2024\/11\/2024-11-28-14_49_39-NDHAS22_Tech-Sheet_DIGITAL.pdf-768x249.png 768w, https:\/\/staging.belleflamme.ca\/wp-content\/uploads\/2024\/11\/2024-11-28-14_49_39-NDHAS22_Tech-Sheet_DIGITAL.pdf-900x292.png 900w\" sizes=\"(max-width: 1140px) 100vw, 1140px\" \/> <img loading=\"lazy\" decoding=\"async\" class=\"alignnone size-full wp-image-44331\" src=\"https:\/\/www.belleflamme.ca\/wp-content\/uploads\/2024\/11\/2024-11-28-14_50_09-NDHAS22_Tech-Sheet_DIGITAL.pdf.png\" alt=\"\" width=\"1130\" height=\"963\" srcset=\"https:\/\/staging.belleflamme.ca\/wp-content\/uploads\/2024\/11\/2024-11-28-14_50_09-NDHAS22_Tech-Sheet_DIGITAL.pdf.png 1130w, https:\/\/staging.belleflamme.ca\/wp-content\/uploads\/2024\/11\/2024-11-28-14_50_09-NDHAS22_Tech-Sheet_DIGITAL.pdf-300x256.png 300w, https:\/\/staging.belleflamme.ca\/wp-content\/uploads\/2024\/11\/2024-11-28-14_50_09-NDHAS22_Tech-Sheet_DIGITAL.pdf-1024x873.png 1024w, https:\/\/staging.belleflamme.ca\/wp-content\/uploads\/2024\/11\/2024-11-28-14_50_09-NDHAS22_Tech-Sheet_DIGITAL.pdf-768x654.png 768w, https:\/\/staging.belleflamme.ca\/wp-content\/uploads\/2024\/11\/2024-11-28-14_50_09-NDHAS22_Tech-Sheet_DIGITAL.pdf-900x767.png 900w\" sizes=\"(max-width: 1130px) 100vw, 1130px\" \/><\/div>\t\t\t\t\t\t\t\t<\/div>\n\t\t\t\t<\/div>\n\t\t\t\t\t<\/div>\n\t\t<\/div>\n\t\t\t\t\t<\/div>\n\t\t<\/section>\n\t\t\t\t<section class=\"elementor-section elementor-top-section elementor-element elementor-element-5bf19f4 elementor-section-boxed elementor-section-height-default elementor-section-height-default\" data-id=\"5bf19f4\" data-element_type=\"section\">\n\t\t\t\t\t\t<div class=\"elementor-container elementor-column-gap-default\">\n\t\t\t\t\t<div class=\"elementor-column elementor-col-100 elementor-top-column elementor-element elementor-element-907fde1\" data-id=\"907fde1\" data-element_type=\"column\">\n\t\t\t<div class=\"elementor-widget-wrap elementor-element-populated\">\n\t\t\t\t\t\t<div class=\"elementor-element elementor-element-42ff526 elementor-tabs-view-horizontal elementor-widget elementor-widget-tabs\" data-id=\"42ff526\" data-element_type=\"widget\" data-widget_type=\"tabs.default\">\n\t\t\t\t<div class=\"elementor-widget-container\">\n\t\t\t\t\t\t\t<div class=\"elementor-tabs\">\n\t\t\t<div class=\"elementor-tabs-wrapper\" role=\"tablist\" >\n\t\t\t\t\t\t\t\t\t<div id=\"elementor-tab-title-7021\" class=\"elementor-tab-title elementor-tab-desktop-title\" aria-selected=\"true\" data-tab=\"1\" role=\"tab\" tabindex=\"0\" aria-controls=\"elementor-tab-content-7021\" aria-expanded=\"false\">Fichiers<\/div>\n\t\t\t\t\t\t\t<\/div>\n\t\t\t<div class=\"elementor-tabs-content-wrapper\" role=\"tablist\" aria-orientation=\"vertical\">\n\t\t\t\t\t\t\t\t\t<div class=\"elementor-tab-title elementor-tab-mobile-title\" aria-selected=\"true\" data-tab=\"1\" role=\"tab\" tabindex=\"0\" aria-controls=\"elementor-tab-content-7021\" aria-expanded=\"false\">Fichiers<\/div>\n\t\t\t\t\t<div id=\"elementor-tab-content-7021\" class=\"elementor-tab-content elementor-clearfix\" data-tab=\"1\" role=\"tabpanel\" aria-labelledby=\"elementor-tab-title-7021\" tabindex=\"0\" hidden=\"false\"><i class=\"far fa-file-pdf fa-xl\" style=\"font-size:35px\"><\/i><a href=\"https:\/\/www.belleflamme.ca\/wp-content\/uploads\/2024\/05\/ADBRN3-DLSS-2023_FR_10-08-23_LowRes.pdf\"> Brochure<\/a><\/br>\n<i class=\"far fa-file-pdf fa-xl\" style=\"font-size:35px\"><\/i><a href=\"https:\/\/www.belleflamme.ca\/wp-content\/uploads\/2024\/05\/Final-User-Manual-NDCAS21_NDHB20_NDHAS22-Series-Units-French.pdf\"> Manuel<\/a><\/br>\n<i class=\"far fa-file-pdf fa-xl\" style=\"font-size:35px\"><\/i><a href=\"https:\/\/www.belleflamme.ca\/wp-content\/uploads\/2024\/05\/NDHAS22_Tech-Sheet_DIGITAL.pdf\"> Sp\u00e9cifications<\/a><\/br><\/div>\n\t\t\t\t\t\t\t<\/div>\n\t\t<\/div>\n\t\t\t\t\t\t<\/div>\n\t\t\t\t<\/div>\n\t\t\t\t\t<\/div>\n\t\t<\/div>\n\t\t\t\t\t<\/div>\n\t\t<\/section>\n\t\t\t\t<\/div>\n\t\t","protected":false},"excerpt":{"rendered":"<p>Le style jumel\u00e9 \u00e0 l\u2019efficacit\u00e9 Chauffage et de climatisation Homologu\u00e9 ENERGY STAR\u00ae Approuv\u00e9 NEEP Jusqu&#8217;\u00e0 22 SEER Les thermopompes murales de la s\u00e9rie NDHAS22 sont id\u00e9ales pour toute maison sans conduit. Elles sont \u00e9l\u00e9gantes, faciles \u00e0 utiliser et r\u00e9pondent \u00e0 tous vos besoins en mati\u00e8re de confort. Fonction Hyper Heat Des hivers sans souci Capable [&hellip;]<\/p>\n","protected":false},"featured_media":44328,"template":"","meta":{"inline_featured_image":false},"product_brand":[359],"product_cat":[70,72,86],"product_tag":[],"class_list":{"0":"post-8531","1":"product","2":"type-product","3":"status-publish","4":"has-post-thumbnail","6":"product_brand-napoleon-climatisation-chauffage","7":"product_cat-climatisation-chauffage","8":"product_cat-systeme-mural","9":"product_cat-thermopompes-murales","11":"first","12":"instock","13":"taxable","14":"shipping-taxable","15":"product-type-variable"},"yoast_head":"<!-- This site is optimized with the Yoast SEO Premium plugin v24.2 (Yoast SEO v24.2) - https:\/\/yoast.com\/wordpress\/plugins\/seo\/ -->\n<title>Thermopompe Murale S\u00c9RIE NDHAS22 22 SEER de Napoleon - Groupe BelleFlamme<\/title>\n<meta name=\"description\" content=\"Thermopompe Murale S\u00c9RIE NDHAS22 22 SEER de Napoleon vendu et install\u00e9 par le Groupe Belleflamme. Laval, Montr\u00e9al, Gatineau et Saint-Sauveur.\" \/>\n<meta name=\"robots\" content=\"index, follow, max-snippet:-1, max-image-preview:large, max-video-preview:-1\" \/>\n<link rel=\"canonical\" href=\"https:\/\/staging.belleflamme.ca\/fr\/produit\/thermopompe-murale-serie-ndhas22-22-seer-de-napoleon\/\" \/>\n<meta property=\"og:locale\" content=\"fr_FR\" \/>\n<meta property=\"og:type\" content=\"article\" \/>\n<meta property=\"og:title\" content=\"Thermopompe Murale S\u00c9RIE NDHAS22 22 SEER de Napoleon\" \/>\n<meta property=\"og:description\" content=\"Thermopompe Murale S\u00c9RIE NDHAS22 22 SEER de Napoleon vendu et install\u00e9 par le Groupe Belleflamme. Laval, Montr\u00e9al, Gatineau et Saint-Sauveur.\" \/>\n<meta property=\"og:url\" content=\"https:\/\/staging.belleflamme.ca\/fr\/produit\/thermopompe-murale-serie-ndhas22-22-seer-de-napoleon\/\" \/>\n<meta property=\"og:site_name\" content=\"Groupe BelleFlamme\" \/>\n<meta property=\"article:publisher\" content=\"https:\/\/www.facebook.com\/belleflamme.ca\/\" \/>\n<meta property=\"article:modified_time\" content=\"2024-11-28T20:01:05+00:00\" \/>\n<meta property=\"og:image\" content=\"https:\/\/www.belleflamme.ca\/wp-content\/uploads\/2023\/03\/Thermopompe-Murale-SERIE-NDHAS22-22-SEER-de-Napoleon.png\" \/>\n\t<meta property=\"og:image:width\" content=\"600\" \/>\n\t<meta property=\"og:image:height\" content=\"600\" \/>\n\t<meta property=\"og:image:type\" content=\"image\/png\" \/>\n<meta name=\"twitter:card\" content=\"summary_large_image\" \/>\n<meta name=\"twitter:label1\" content=\"Disponibilit\u00e9\" \/>\n\t<meta name=\"twitter:data1\" content=\"En stock\" \/>\n<script type=\"application\/ld+json\" class=\"yoast-schema-graph\">{\"@context\":\"https:\/\/schema.org\",\"@graph\":[{\"@type\":[\"WebPage\",\"ItemPage\"],\"@id\":\"https:\/\/staging.belleflamme.ca\/fr\/produit\/thermopompe-murale-serie-ndhas22-22-seer-de-napoleon\/\",\"url\":\"https:\/\/staging.belleflamme.ca\/fr\/produit\/thermopompe-murale-serie-ndhas22-22-seer-de-napoleon\/\",\"name\":\"Thermopompe Murale S\u00c9RIE NDHAS22 22 SEER de Napoleon - Groupe BelleFlamme\",\"isPartOf\":{\"@id\":\"https:\/\/www.belleflamme.ca\/fr\/#website\"},\"primaryImageOfPage\":{\"@id\":\"https:\/\/staging.belleflamme.ca\/fr\/produit\/thermopompe-murale-serie-ndhas22-22-seer-de-napoleon\/#primaryimage\"},\"image\":{\"@id\":\"https:\/\/staging.belleflamme.ca\/fr\/produit\/thermopompe-murale-serie-ndhas22-22-seer-de-napoleon\/#primaryimage\"},\"thumbnailUrl\":\"https:\/\/staging.belleflamme.ca\/wp-content\/uploads\/2023\/03\/Thermopompe-Murale-SERIE-NDHAS22-22-SEER-de-Napoleon.png\",\"datePublished\":\"2023-03-22T16:01:51+00:00\",\"dateModified\":\"2024-11-28T20:01:05+00:00\",\"description\":\"Thermopompe Murale S\u00c9RIE NDHAS22 22 SEER de Napoleon vendu et install\u00e9 par le Groupe Belleflamme. Laval, Montr\u00e9al, Gatineau et Saint-Sauveur.\",\"breadcrumb\":{\"@id\":\"https:\/\/staging.belleflamme.ca\/fr\/produit\/thermopompe-murale-serie-ndhas22-22-seer-de-napoleon\/#breadcrumb\"},\"inLanguage\":\"fr-FR\",\"potentialAction\":[{\"@type\":\"ReadAction\",\"target\":[\"https:\/\/staging.belleflamme.ca\/fr\/produit\/thermopompe-murale-serie-ndhas22-22-seer-de-napoleon\/\"]}]},{\"@type\":\"ImageObject\",\"inLanguage\":\"fr-FR\",\"@id\":\"https:\/\/staging.belleflamme.ca\/fr\/produit\/thermopompe-murale-serie-ndhas22-22-seer-de-napoleon\/#primaryimage\",\"url\":\"https:\/\/staging.belleflamme.ca\/wp-content\/uploads\/2023\/03\/Thermopompe-Murale-SERIE-NDHAS22-22-SEER-de-Napoleon.png\",\"contentUrl\":\"https:\/\/staging.belleflamme.ca\/wp-content\/uploads\/2023\/03\/Thermopompe-Murale-SERIE-NDHAS22-22-SEER-de-Napoleon.png\",\"width\":600,\"height\":600,\"caption\":\"Thermopompe Murale S\u00c9RIE NDHAS22 22 SEER de Napoleon\"},{\"@type\":\"BreadcrumbList\",\"@id\":\"https:\/\/staging.belleflamme.ca\/fr\/produit\/thermopompe-murale-serie-ndhas22-22-seer-de-napoleon\/#breadcrumb\",\"itemListElement\":[{\"@type\":\"ListItem\",\"position\":1,\"name\":\"Accueil\",\"item\":\"https:\/\/www.belleflamme.ca\/fr\/\"},{\"@type\":\"ListItem\",\"position\":2,\"name\":\"Boutique\",\"item\":\"https:\/\/www.belleflamme.ca\/fr\/boutique\/\"},{\"@type\":\"ListItem\",\"position\":3,\"name\":\"Climatisation &amp; Chauffage\",\"item\":\"https:\/\/staging.belleflamme.ca\/fr\/categories\/climatisation-chauffage\/\"},{\"@type\":\"ListItem\",\"position\":4,\"name\":\"Syst\u00e8me Mural\",\"item\":\"https:\/\/staging.belleflamme.ca\/fr\/categories\/climatisation-chauffage\/systeme-mural\/\"},{\"@type\":\"ListItem\",\"position\":5,\"name\":\"Thermopompes Murales\",\"item\":\"https:\/\/staging.belleflamme.ca\/fr\/categories\/climatisation-chauffage\/systeme-mural\/thermopompes-murales\/\"},{\"@type\":\"ListItem\",\"position\":6,\"name\":\"Thermopompe Murale S\u00c9RIE NDHAS22 22 SEER de Napoleon\"}]},{\"@type\":\"WebSite\",\"@id\":\"https:\/\/www.belleflamme.ca\/fr\/#website\",\"url\":\"https:\/\/www.belleflamme.ca\/fr\/\",\"name\":\"Groupe Belleflamme\",\"description\":\"La m\u00e9canique du b\u00e2timent dans le sang.\",\"publisher\":{\"@id\":\"https:\/\/www.belleflamme.ca\/fr\/#organization\"},\"potentialAction\":[{\"@type\":\"SearchAction\",\"target\":{\"@type\":\"EntryPoint\",\"urlTemplate\":\"https:\/\/www.belleflamme.ca\/fr\/?s={search_term_string}\"},\"query-input\":{\"@type\":\"PropertyValueSpecification\",\"valueRequired\":true,\"valueName\":\"search_term_string\"}}],\"inLanguage\":\"fr-FR\"},{\"@type\":[\"Organization\",\"Place\"],\"@id\":\"https:\/\/www.belleflamme.ca\/fr\/#organization\",\"name\":\"Groupe Belleflamme\",\"alternateName\":\"Belleflamme\",\"url\":\"https:\/\/www.belleflamme.ca\/fr\/\",\"logo\":{\"@type\":\"ImageObject\",\"inLanguage\":\"fr-FR\",\"@id\":\"https:\/\/www.belleflamme.ca\/fr\/#\/schema\/logo\/image\/\",\"url\":\"https:\/\/staging.belleflamme.ca\/wp-content\/uploads\/2023\/01\/og-image.jpg\",\"contentUrl\":\"https:\/\/staging.belleflamme.ca\/wp-content\/uploads\/2023\/01\/og-image.jpg\",\"width\":1200,\"height\":630,\"caption\":\"Groupe Belleflamme\"},\"image\":{\"@id\":\"https:\/\/www.belleflamme.ca\/fr\/#\/schema\/logo\/image\/\"},\"sameAs\":[\"https:\/\/www.facebook.com\/belleflamme.ca\/\",\"https:\/\/www.linkedin.com\/company\/belleflamme\/\",\"https:\/\/www.pinterest.ca\/groupebelleflamme\/\",\"https:\/\/www.instagram.com\/legroupebelleflamme\/\"],\"mainEntityOfPage\":{\"@id\":\"https:\/\/staging.belleflamme.ca\/fr\/produit\/thermopompe-murale-serie-ndhas22-22-seer-de-napoleon\/\"}}]}<\/script>\n<meta property=\"product:brand\" content=\"Napoleon climatisation chauffage\" \/>\n<meta property=\"og:availability\" content=\"instock\" \/>\n<meta property=\"product:availability\" content=\"instock\" \/>\n<meta property=\"product:condition\" content=\"new\" \/>\n<!-- \/ Yoast SEO Premium plugin. -->","yoast_head_json":{"title":"Thermopompe Murale S\u00c9RIE NDHAS22 22 SEER de Napoleon - Groupe BelleFlamme","description":"Thermopompe Murale S\u00c9RIE NDHAS22 22 SEER de Napoleon vendu et install\u00e9 par le Groupe Belleflamme. Laval, Montr\u00e9al, Gatineau et Saint-Sauveur.","robots":{"index":"index","follow":"follow","max-snippet":"max-snippet:-1","max-image-preview":"max-image-preview:large","max-video-preview":"max-video-preview:-1"},"canonical":"https:\/\/staging.belleflamme.ca\/fr\/produit\/thermopompe-murale-serie-ndhas22-22-seer-de-napoleon\/","og_locale":"fr_FR","og_type":"article","og_title":"Thermopompe Murale S\u00c9RIE NDHAS22 22 SEER de Napoleon","og_description":"Thermopompe Murale S\u00c9RIE NDHAS22 22 SEER de Napoleon vendu et install\u00e9 par le Groupe Belleflamme. Laval, Montr\u00e9al, Gatineau et Saint-Sauveur.","og_url":"https:\/\/staging.belleflamme.ca\/fr\/produit\/thermopompe-murale-serie-ndhas22-22-seer-de-napoleon\/","og_site_name":"Groupe BelleFlamme","article_publisher":"https:\/\/www.facebook.com\/belleflamme.ca\/","article_modified_time":"2024-11-28T20:01:05+00:00","og_image":[{"width":600,"height":600,"url":"https:\/\/www.belleflamme.ca\/wp-content\/uploads\/2023\/03\/Thermopompe-Murale-SERIE-NDHAS22-22-SEER-de-Napoleon.png","type":"image\/png"}],"twitter_card":"summary_large_image","twitter_misc":{"Disponibilit\u00e9":"En stock"},"schema":{"@context":"https:\/\/schema.org","@graph":[{"@type":["WebPage","ItemPage"],"@id":"https:\/\/staging.belleflamme.ca\/fr\/produit\/thermopompe-murale-serie-ndhas22-22-seer-de-napoleon\/","url":"https:\/\/staging.belleflamme.ca\/fr\/produit\/thermopompe-murale-serie-ndhas22-22-seer-de-napoleon\/","name":"Thermopompe Murale S\u00c9RIE NDHAS22 22 SEER de Napoleon - Groupe BelleFlamme","isPartOf":{"@id":"https:\/\/www.belleflamme.ca\/fr\/#website"},"primaryImageOfPage":{"@id":"https:\/\/staging.belleflamme.ca\/fr\/produit\/thermopompe-murale-serie-ndhas22-22-seer-de-napoleon\/#primaryimage"},"image":{"@id":"https:\/\/staging.belleflamme.ca\/fr\/produit\/thermopompe-murale-serie-ndhas22-22-seer-de-napoleon\/#primaryimage"},"thumbnailUrl":"https:\/\/staging.belleflamme.ca\/wp-content\/uploads\/2023\/03\/Thermopompe-Murale-SERIE-NDHAS22-22-SEER-de-Napoleon.png","datePublished":"2023-03-22T16:01:51+00:00","dateModified":"2024-11-28T20:01:05+00:00","description":"Thermopompe Murale S\u00c9RIE NDHAS22 22 SEER de Napoleon vendu et install\u00e9 par le Groupe Belleflamme. Laval, Montr\u00e9al, Gatineau et Saint-Sauveur.","breadcrumb":{"@id":"https:\/\/staging.belleflamme.ca\/fr\/produit\/thermopompe-murale-serie-ndhas22-22-seer-de-napoleon\/#breadcrumb"},"inLanguage":"fr-FR","potentialAction":[{"@type":"ReadAction","target":["https:\/\/staging.belleflamme.ca\/fr\/produit\/thermopompe-murale-serie-ndhas22-22-seer-de-napoleon\/"]}]},{"@type":"ImageObject","inLanguage":"fr-FR","@id":"https:\/\/staging.belleflamme.ca\/fr\/produit\/thermopompe-murale-serie-ndhas22-22-seer-de-napoleon\/#primaryimage","url":"https:\/\/staging.belleflamme.ca\/wp-content\/uploads\/2023\/03\/Thermopompe-Murale-SERIE-NDHAS22-22-SEER-de-Napoleon.png","contentUrl":"https:\/\/staging.belleflamme.ca\/wp-content\/uploads\/2023\/03\/Thermopompe-Murale-SERIE-NDHAS22-22-SEER-de-Napoleon.png","width":600,"height":600,"caption":"Thermopompe Murale S\u00c9RIE NDHAS22 22 SEER de Napoleon"},{"@type":"BreadcrumbList","@id":"https:\/\/staging.belleflamme.ca\/fr\/produit\/thermopompe-murale-serie-ndhas22-22-seer-de-napoleon\/#breadcrumb","itemListElement":[{"@type":"ListItem","position":1,"name":"Accueil","item":"https:\/\/www.belleflamme.ca\/fr\/"},{"@type":"ListItem","position":2,"name":"Boutique","item":"https:\/\/www.belleflamme.ca\/fr\/boutique\/"},{"@type":"ListItem","position":3,"name":"Climatisation &amp; Chauffage","item":"https:\/\/staging.belleflamme.ca\/fr\/categories\/climatisation-chauffage\/"},{"@type":"ListItem","position":4,"name":"Syst\u00e8me Mural","item":"https:\/\/staging.belleflamme.ca\/fr\/categories\/climatisation-chauffage\/systeme-mural\/"},{"@type":"ListItem","position":5,"name":"Thermopompes Murales","item":"https:\/\/staging.belleflamme.ca\/fr\/categories\/climatisation-chauffage\/systeme-mural\/thermopompes-murales\/"},{"@type":"ListItem","position":6,"name":"Thermopompe Murale S\u00c9RIE NDHAS22 22 SEER de Napoleon"}]},{"@type":"WebSite","@id":"https:\/\/www.belleflamme.ca\/fr\/#website","url":"https:\/\/www.belleflamme.ca\/fr\/","name":"Groupe Belleflamme","description":"La m\u00e9canique du b\u00e2timent dans le sang.","publisher":{"@id":"https:\/\/www.belleflamme.ca\/fr\/#organization"},"potentialAction":[{"@type":"SearchAction","target":{"@type":"EntryPoint","urlTemplate":"https:\/\/www.belleflamme.ca\/fr\/?s={search_term_string}"},"query-input":{"@type":"PropertyValueSpecification","valueRequired":true,"valueName":"search_term_string"}}],"inLanguage":"fr-FR"},{"@type":["Organization","Place"],"@id":"https:\/\/www.belleflamme.ca\/fr\/#organization","name":"Groupe Belleflamme","alternateName":"Belleflamme","url":"https:\/\/www.belleflamme.ca\/fr\/","logo":{"@type":"ImageObject","inLanguage":"fr-FR","@id":"https:\/\/www.belleflamme.ca\/fr\/#\/schema\/logo\/image\/","url":"https:\/\/staging.belleflamme.ca\/wp-content\/uploads\/2023\/01\/og-image.jpg","contentUrl":"https:\/\/staging.belleflamme.ca\/wp-content\/uploads\/2023\/01\/og-image.jpg","width":1200,"height":630,"caption":"Groupe Belleflamme"},"image":{"@id":"https:\/\/www.belleflamme.ca\/fr\/#\/schema\/logo\/image\/"},"sameAs":["https:\/\/www.facebook.com\/belleflamme.ca\/","https:\/\/www.linkedin.com\/company\/belleflamme\/","https:\/\/www.pinterest.ca\/groupebelleflamme\/","https:\/\/www.instagram.com\/legroupebelleflamme\/"],"mainEntityOfPage":{"@id":"https:\/\/staging.belleflamme.ca\/fr\/produit\/thermopompe-murale-serie-ndhas22-22-seer-de-napoleon\/"}}]},"product_brand":"Napoleon climatisation chauffage","og_availability":"instock","product_availability":"instock","product_condition":"new"},"_links":{"self":[{"href":"https:\/\/staging.belleflamme.ca\/fr\/wp-json\/wp\/v2\/product\/8531","targetHints":{"allow":["GET"]}}],"collection":[{"href":"https:\/\/staging.belleflamme.ca\/fr\/wp-json\/wp\/v2\/product"}],"about":[{"href":"https:\/\/staging.belleflamme.ca\/fr\/wp-json\/wp\/v2\/types\/product"}],"version-history":[{"count":14,"href":"https:\/\/staging.belleflamme.ca\/fr\/wp-json\/wp\/v2\/product\/8531\/revisions"}],"predecessor-version":[{"id":44344,"href":"https:\/\/staging.belleflamme.ca\/fr\/wp-json\/wp\/v2\/product\/8531\/revisions\/44344"}],"wp:featuredmedia":[{"embeddable":true,"href":"https:\/\/staging.belleflamme.ca\/fr\/wp-json\/wp\/v2\/media\/44328"}],"wp:attachment":[{"href":"https:\/\/staging.belleflamme.ca\/fr\/wp-json\/wp\/v2\/media?parent=8531"}],"wp:term":[{"taxonomy":"product_brand","embeddable":true,"href":"https:\/\/staging.belleflamme.ca\/fr\/wp-json\/wp\/v2\/product_brand?post=8531"},{"taxonomy":"product_cat","embeddable":true,"href":"https:\/\/staging.belleflamme.ca\/fr\/wp-json\/wp\/v2\/product_cat?post=8531"},{"taxonomy":"product_tag","embeddable":true,"href":"https:\/\/staging.belleflamme.ca\/fr\/wp-json\/wp\/v2\/product_tag?post=8531"}],"curies":[{"name":"wp","href":"https:\/\/api.w.org\/{rel}","templated":true}]}}