{"id":8503,"date":"2023-03-22T11:33:32","date_gmt":"2023-03-22T15:33:32","guid":{"rendered":"https:\/\/www.belleflamme.ca\/?post_type=product&#038;p=8503"},"modified":"2024-12-02T13:16:27","modified_gmt":"2024-12-02T18:16:27","slug":"thermopompe-centrale-serie-ns18-de-napoleon","status":"publish","type":"product","link":"https:\/\/staging.belleflamme.ca\/fr\/produit\/thermopompe-centrale-serie-ns18-de-napoleon\/","title":{"rendered":"Thermopompe Centrale S\u00c9RIE NS18 de Napoleon"},"content":{"rendered":"\t\t<div data-elementor-type=\"product-post\" data-elementor-id=\"8503\" class=\"elementor elementor-8503\" data-elementor-post-type=\"product\">\n\t\t\t\t\t\t<section class=\"elementor-section elementor-top-section elementor-element elementor-element-1551e3ad elementor-section-boxed elementor-section-height-default elementor-section-height-default\" data-id=\"1551e3ad\" data-element_type=\"section\">\n\t\t\t\t\t\t<div class=\"elementor-container elementor-column-gap-default\">\n\t\t\t\t\t<div class=\"elementor-column elementor-col-100 elementor-top-column elementor-element elementor-element-66c1b176\" data-id=\"66c1b176\" data-element_type=\"column\">\n\t\t\t<div class=\"elementor-widget-wrap elementor-element-populated\">\n\t\t\t\t\t\t<div class=\"elementor-element elementor-element-c5072c1 elementor-widget elementor-widget-text-editor\" data-id=\"c5072c1\" data-element_type=\"widget\" data-widget_type=\"text-editor.default\">\n\t\t\t\t<div class=\"elementor-widget-container\">\n\t\t\t\t\t\t\t\t\t<p><iframe title=\"YouTube video player\" src=\"https:\/\/www.youtube.com\/embed\/P0r-rmth48Q?si=eiwCJb6ZdP4AsXBK\" width=\"560\" height=\"315\" frameborder=\"0\" allowfullscreen=\"allowfullscreen\"><\/iframe><\/p><h2>Le confort en toute saison<\/h2><h3>Une pompe \u00e0 chaleur fonctionne toujours sur 100% d&#8217;efficacit\u00e9<br \/>Se connecte \u00e0 un thermostat Wi-Fi<br \/>Rabais suppl\u00e9mentaires disponibles<\/h3><p><img decoding=\"async\" class=\"alignnone size-full wp-image-44316\" src=\"https:\/\/www.belleflamme.ca\/wp-content\/uploads\/2024\/11\/neep-et-energy-star.webp\" alt=\"\" width=\"228\" height=\"101\" \/><\/p><p>La thermopompe 18 SEER de la s\u00e9rie NS est la solution parfaite pour le chauffage et la climatisation des demeures en climats temp\u00e9r\u00e9s. Les unit\u00e9s ext\u00e9rieures \u00e0 condensation lat\u00e9rale et \u00e0 profil bas peuvent \u00eatre install\u00e9es en tout lieu, y compris dans les espaces restreints. Ces thermopompes faciles \u00e0 installer sauront r\u00e9pondre \u00e0 tous vos besoins en mati\u00e8re de confort gr\u00e2ce \u00e0 leur technologie Inverter de pointe. Un compresseur \u00e0 deux stages et \u00e0 injection de vapeur am\u00e9lior\u00e9e fournit une plus large \u00e9tendue de chauffage et de climatisation, chauffant plus facilement votre maison \u00e0 des temp\u00e9ratures plus froides et la refroidissant plus facilement \u00e0 des temp\u00e9ratures plus chaudes que les autres thermopompes et appareils de traitement d&#8217;air. Ces unit\u00e9s homologu\u00e9es Energy Star sont assorties d&#8217;une garantie limit\u00e9e de 10 ans pour des ann\u00e9es d&#8217;utilisation sans souci. Assurez le confort total de votre espace avec la thermopompe 18 SEER de la s\u00e9rie NS.<\/p><h2>Chauffage et climatisation<\/h2><h3>Le confort \u00e0 la maison en toute saison<\/h3><p>Id\u00e9ale pour les climats plus temp\u00e9r\u00e9s, avec la plus large \u00e9tendue de chauffage et de refroidissement de l&#8217;industrie.<\/p><h2 class=\"feature-name\">Technologie Inverter<\/h2><h3 class=\"field field--name-field-feature-lead field--type-string field--label-hidden field__item\">Mod\u00e8le \u00e0 haut rendement et \u00e0 faible vibration<\/h3><div class=\"clearfix text-formatted field field--name-field-feature-description field--type-text-long field--label-hidden field__item\"><p>Avec une efficacit\u00e9 de climatisation de 17 SEER2 et une efficacit\u00e9 de chauffage de 9 CPSC2, notre technologie Inverter r\u00e9duit le gaspillage d&#8217;\u00e9nergie et les co\u00fbts de fonctionnement.<\/p><h2>Pales de ventilateur en fl\u00e8che<\/h2><h3>Fonctionnement silencieux<\/h3><p>R\u00e9duction du bruit \u00e0 la pointe de l&#8217;industrie<\/p><\/div><h2>SP\u00c9CIFICATIONS<\/h2><p>Taux d\u2019efficacit\u00e9 :<\/p><p>Jusqu&#8217;\u00e0 18 SEER<br \/><br \/>Caract\u00e9ristiques :<\/p><p>Chauffage<br \/>Climatisation<br \/>Solution hybride<br \/>Wi-Fi activ\u00e9<br \/><br \/>Plage de BTU :<\/p><p>36 000 BTU &#8211; 54 000 BTU<\/p><h3 class=\"options-section-title\">Liste compl\u00e8te des caract\u00e9ristiques<\/h3><div class=\"clearfix text-formatted field field--name-field-summary-features field--type-text field--label-hidden field__items\"><ul><li class=\"field__item\">Jusqu&#8217;\u00e0 54 000 BTU<\/li><li class=\"field__item\">Efficacit\u00e9 jusqu&#8217;\u00e0 17 SEER2<\/li><li class=\"field__item\">9 HSPF2 (Region IV), 7 HSPF2 (Region V)<\/li><li class=\"field__item\">Capacit\u00e9s allant de 2,0 \u00e0 5,0 tonnes<\/li><li class=\"field__item\">R\u00e9frig\u00e9rant R-410A \u00e9cologique<\/li><li class=\"field__item\">Compresseurs \u00e0 haut rendement<\/li><li class=\"field__item\">Fonctionnement silencieux<\/li><\/ul><p style=\"text-align: center;\"><img fetchpriority=\"high\" decoding=\"async\" class=\"alignnone size-full wp-image-44227\" src=\"https:\/\/www.belleflamme.ca\/wp-content\/uploads\/2024\/11\/Garantie-Belleflamme-FR-10-ans.png\" alt=\"\" width=\"250\" height=\"250\" srcset=\"https:\/\/staging.belleflamme.ca\/wp-content\/uploads\/2024\/11\/Garantie-Belleflamme-FR-10-ans.png 250w, https:\/\/staging.belleflamme.ca\/wp-content\/uploads\/2024\/11\/Garantie-Belleflamme-FR-10-ans-150x150.png 150w, https:\/\/staging.belleflamme.ca\/wp-content\/uploads\/2024\/11\/Garantie-Belleflamme-FR-10-ans-100x100.png 100w\" sizes=\"(max-width: 250px) 100vw, 250px\" \/><\/p><p style=\"text-align: center;\"><img decoding=\"async\" class=\"alignnone size-full wp-image-44612\" src=\"https:\/\/www.belleflamme.ca\/wp-content\/uploads\/2024\/12\/2024-12-02-13_15_53-Napoleon-SEER2-Tech-Sheet_DIGITAL.pdf.png\" alt=\"\" width=\"822\" height=\"1022\" srcset=\"https:\/\/staging.belleflamme.ca\/wp-content\/uploads\/2024\/12\/2024-12-02-13_15_53-Napoleon-SEER2-Tech-Sheet_DIGITAL.pdf.png 822w, https:\/\/staging.belleflamme.ca\/wp-content\/uploads\/2024\/12\/2024-12-02-13_15_53-Napoleon-SEER2-Tech-Sheet_DIGITAL.pdf-241x300.png 241w, https:\/\/staging.belleflamme.ca\/wp-content\/uploads\/2024\/12\/2024-12-02-13_15_53-Napoleon-SEER2-Tech-Sheet_DIGITAL.pdf-768x955.png 768w\" sizes=\"(max-width: 822px) 100vw, 822px\" \/><\/p><\/div><p>\u00a0<\/p>\t\t\t\t\t\t\t\t<\/div>\n\t\t\t\t<\/div>\n\t\t\t\t\t<\/div>\n\t\t<\/div>\n\t\t\t\t\t<\/div>\n\t\t<\/section>\n\t\t\t\t<section class=\"elementor-section elementor-top-section elementor-element elementor-element-7bffb6a elementor-section-boxed elementor-section-height-default elementor-section-height-default\" data-id=\"7bffb6a\" data-element_type=\"section\">\n\t\t\t\t\t\t<div class=\"elementor-container elementor-column-gap-default\">\n\t\t\t\t\t<div class=\"elementor-column elementor-col-100 elementor-top-column elementor-element elementor-element-4491b3c\" data-id=\"4491b3c\" data-element_type=\"column\">\n\t\t\t<div class=\"elementor-widget-wrap elementor-element-populated\">\n\t\t\t\t\t\t<div class=\"elementor-element elementor-element-c8da941 elementor-tabs-view-horizontal elementor-widget elementor-widget-tabs\" data-id=\"c8da941\" data-element_type=\"widget\" data-widget_type=\"tabs.default\">\n\t\t\t\t<div class=\"elementor-widget-container\">\n\t\t\t\t\t\t\t<div class=\"elementor-tabs\">\n\t\t\t<div class=\"elementor-tabs-wrapper\" role=\"tablist\" >\n\t\t\t\t\t\t\t\t\t<div id=\"elementor-tab-title-2101\" class=\"elementor-tab-title elementor-tab-desktop-title\" aria-selected=\"true\" data-tab=\"1\" role=\"tab\" tabindex=\"0\" aria-controls=\"elementor-tab-content-2101\" aria-expanded=\"false\">Fichiers<\/div>\n\t\t\t\t\t\t\t<\/div>\n\t\t\t<div class=\"elementor-tabs-content-wrapper\" role=\"tablist\" aria-orientation=\"vertical\">\n\t\t\t\t\t\t\t\t\t<div class=\"elementor-tab-title elementor-tab-mobile-title\" aria-selected=\"true\" data-tab=\"1\" role=\"tab\" tabindex=\"0\" aria-controls=\"elementor-tab-content-2101\" aria-expanded=\"false\">Fichiers<\/div>\n\t\t\t\t\t<div id=\"elementor-tab-content-2101\" class=\"elementor-tab-content elementor-clearfix\" data-tab=\"1\" role=\"tabpanel\" aria-labelledby=\"elementor-tab-title-2101\" tabindex=\"0\" hidden=\"false\"><i class=\"far fa-file-pdf fa-xl\" style=\"font-size:35px\"><\/i><a href=\"https:\/\/www.belleflamme.ca\/wp-content\/uploads\/2023\/03\/Heat-Pump-Air-Handler-Brochure-May-2022.pdf\"> Brochure<\/a><\/br>\n\n<i class=\"far fa-file-pdf fa-xl\" style=\"font-size:35px\"><\/i><a href=\"https:\/\/www.belleflamme.ca\/wp-content\/uploads\/2023\/03\/Napoleon-NS18-Heat-Pump-Technical-Spec-Sheet.pdf\"> Specification<\/a><\/br><\/div>\n\t\t\t\t\t\t\t<\/div>\n\t\t<\/div>\n\t\t\t\t\t\t<\/div>\n\t\t\t\t<\/div>\n\t\t\t\t\t<\/div>\n\t\t<\/div>\n\t\t\t\t\t<\/div>\n\t\t<\/section>\n\t\t\t\t<\/div>\n\t\t","protected":false},"excerpt":{"rendered":"<p>Le confort en toute saison Une pompe \u00e0 chaleur fonctionne toujours sur 100% d&#8217;efficacit\u00e9Se connecte \u00e0 un thermostat Wi-FiRabais suppl\u00e9mentaires disponibles La thermopompe 18 SEER de la s\u00e9rie NS est la solution parfaite pour le chauffage et la climatisation des demeures en climats temp\u00e9r\u00e9s. Les unit\u00e9s ext\u00e9rieures \u00e0 condensation lat\u00e9rale et \u00e0 profil bas peuvent [&hellip;]<\/p>\n","protected":false},"featured_media":44610,"template":"","meta":{"inline_featured_image":false},"product_brand":[359],"product_cat":[70,71,78],"product_tag":[],"class_list":{"0":"post-8503","1":"product","2":"type-product","3":"status-publish","4":"has-post-thumbnail","6":"product_brand-napoleon-climatisation-chauffage","7":"product_cat-climatisation-chauffage","8":"product_cat-systeme-central","9":"product_cat-thermopompes-centrales","11":"first","12":"instock","13":"taxable","14":"shipping-taxable","15":"product-type-variable"},"yoast_head":"<!-- This site is optimized with the Yoast SEO Premium plugin v24.2 (Yoast SEO v24.2) - https:\/\/yoast.com\/wordpress\/plugins\/seo\/ -->\n<title>Thermopompe Centrale S\u00c9RIE NS18 de Napoleon - Groupe BelleFlamme<\/title>\n<meta name=\"description\" content=\"Thermopompe Centrale S\u00c9RIE NS18 de Napoleon vendu et install\u00e9 par le Groupe Belleflamme. Laval, Montr\u00e9al, Gatineau et Saint-Sauveur\" \/>\n<meta name=\"robots\" content=\"index, follow, max-snippet:-1, max-image-preview:large, max-video-preview:-1\" \/>\n<link rel=\"canonical\" href=\"https:\/\/staging.belleflamme.ca\/fr\/produit\/thermopompe-centrale-serie-ns18-de-napoleon\/\" \/>\n<meta property=\"og:locale\" content=\"fr_FR\" \/>\n<meta property=\"og:type\" content=\"article\" \/>\n<meta property=\"og:title\" content=\"Thermopompe Centrale S\u00c9RIE NS18 de Napoleon\" \/>\n<meta property=\"og:description\" content=\"Thermopompe Centrale S\u00c9RIE NS18 de Napoleon vendu et install\u00e9 par le Groupe Belleflamme. Laval, Montr\u00e9al, Gatineau et Saint-Sauveur\" \/>\n<meta property=\"og:url\" content=\"https:\/\/staging.belleflamme.ca\/fr\/produit\/thermopompe-centrale-serie-ns18-de-napoleon\/\" \/>\n<meta property=\"og:site_name\" content=\"Groupe BelleFlamme\" \/>\n<meta property=\"article:publisher\" content=\"https:\/\/www.facebook.com\/belleflamme.ca\/\" \/>\n<meta property=\"article:modified_time\" content=\"2024-12-02T18:16:27+00:00\" \/>\n<meta property=\"og:image\" content=\"https:\/\/www.belleflamme.ca\/wp-content\/uploads\/2023\/03\/Thermopompe-Centrale-SERIE-NS18-de-Napoleon.webp\" \/>\n\t<meta property=\"og:image:width\" content=\"600\" \/>\n\t<meta property=\"og:image:height\" content=\"600\" \/>\n\t<meta property=\"og:image:type\" content=\"image\/webp\" \/>\n<meta name=\"twitter:card\" content=\"summary_large_image\" \/>\n<meta name=\"twitter:label1\" content=\"Disponibilit\u00e9\" \/>\n\t<meta name=\"twitter:data1\" content=\"En stock\" \/>\n<script type=\"application\/ld+json\" class=\"yoast-schema-graph\">{\"@context\":\"https:\/\/schema.org\",\"@graph\":[{\"@type\":[\"WebPage\",\"ItemPage\"],\"@id\":\"https:\/\/staging.belleflamme.ca\/fr\/produit\/thermopompe-centrale-serie-ns18-de-napoleon\/\",\"url\":\"https:\/\/staging.belleflamme.ca\/fr\/produit\/thermopompe-centrale-serie-ns18-de-napoleon\/\",\"name\":\"Thermopompe Centrale S\u00c9RIE NS18 de Napoleon - Groupe BelleFlamme\",\"isPartOf\":{\"@id\":\"https:\/\/www.belleflamme.ca\/fr\/#website\"},\"primaryImageOfPage\":{\"@id\":\"https:\/\/staging.belleflamme.ca\/fr\/produit\/thermopompe-centrale-serie-ns18-de-napoleon\/#primaryimage\"},\"image\":{\"@id\":\"https:\/\/staging.belleflamme.ca\/fr\/produit\/thermopompe-centrale-serie-ns18-de-napoleon\/#primaryimage\"},\"thumbnailUrl\":\"https:\/\/staging.belleflamme.ca\/wp-content\/uploads\/2023\/03\/Thermopompe-Centrale-SERIE-NS18-de-Napoleon.webp\",\"datePublished\":\"2023-03-22T15:33:32+00:00\",\"dateModified\":\"2024-12-02T18:16:27+00:00\",\"description\":\"Thermopompe Centrale S\u00c9RIE NS18 de Napoleon vendu et install\u00e9 par le Groupe Belleflamme. Laval, Montr\u00e9al, Gatineau et Saint-Sauveur\",\"breadcrumb\":{\"@id\":\"https:\/\/staging.belleflamme.ca\/fr\/produit\/thermopompe-centrale-serie-ns18-de-napoleon\/#breadcrumb\"},\"inLanguage\":\"fr-FR\",\"potentialAction\":[{\"@type\":\"ReadAction\",\"target\":[\"https:\/\/staging.belleflamme.ca\/fr\/produit\/thermopompe-centrale-serie-ns18-de-napoleon\/\"]}]},{\"@type\":\"ImageObject\",\"inLanguage\":\"fr-FR\",\"@id\":\"https:\/\/staging.belleflamme.ca\/fr\/produit\/thermopompe-centrale-serie-ns18-de-napoleon\/#primaryimage\",\"url\":\"https:\/\/staging.belleflamme.ca\/wp-content\/uploads\/2023\/03\/Thermopompe-Centrale-SERIE-NS18-de-Napoleon.webp\",\"contentUrl\":\"https:\/\/staging.belleflamme.ca\/wp-content\/uploads\/2023\/03\/Thermopompe-Centrale-SERIE-NS18-de-Napoleon.webp\",\"width\":600,\"height\":600,\"caption\":\"Thermopompe Centrale S\u00c9RIE NS18 de Napoleon\"},{\"@type\":\"BreadcrumbList\",\"@id\":\"https:\/\/staging.belleflamme.ca\/fr\/produit\/thermopompe-centrale-serie-ns18-de-napoleon\/#breadcrumb\",\"itemListElement\":[{\"@type\":\"ListItem\",\"position\":1,\"name\":\"Accueil\",\"item\":\"https:\/\/www.belleflamme.ca\/fr\/\"},{\"@type\":\"ListItem\",\"position\":2,\"name\":\"Boutique\",\"item\":\"https:\/\/www.belleflamme.ca\/fr\/boutique\/\"},{\"@type\":\"ListItem\",\"position\":3,\"name\":\"Climatisation &amp; Chauffage\",\"item\":\"https:\/\/staging.belleflamme.ca\/fr\/categories\/climatisation-chauffage\/\"},{\"@type\":\"ListItem\",\"position\":4,\"name\":\"Syst\u00e8me central\",\"item\":\"https:\/\/staging.belleflamme.ca\/fr\/categories\/climatisation-chauffage\/systeme-central\/\"},{\"@type\":\"ListItem\",\"position\":5,\"name\":\"Thermopompes Centrales\",\"item\":\"https:\/\/staging.belleflamme.ca\/fr\/categories\/climatisation-chauffage\/systeme-central\/thermopompes-centrales\/\"},{\"@type\":\"ListItem\",\"position\":6,\"name\":\"Thermopompe Centrale S\u00c9RIE NS18 de Napoleon\"}]},{\"@type\":\"WebSite\",\"@id\":\"https:\/\/www.belleflamme.ca\/fr\/#website\",\"url\":\"https:\/\/www.belleflamme.ca\/fr\/\",\"name\":\"Groupe Belleflamme\",\"description\":\"La m\u00e9canique du b\u00e2timent dans le sang.\",\"publisher\":{\"@id\":\"https:\/\/www.belleflamme.ca\/fr\/#organization\"},\"potentialAction\":[{\"@type\":\"SearchAction\",\"target\":{\"@type\":\"EntryPoint\",\"urlTemplate\":\"https:\/\/www.belleflamme.ca\/fr\/?s={search_term_string}\"},\"query-input\":{\"@type\":\"PropertyValueSpecification\",\"valueRequired\":true,\"valueName\":\"search_term_string\"}}],\"inLanguage\":\"fr-FR\"},{\"@type\":[\"Organization\",\"Place\"],\"@id\":\"https:\/\/www.belleflamme.ca\/fr\/#organization\",\"name\":\"Groupe Belleflamme\",\"alternateName\":\"Belleflamme\",\"url\":\"https:\/\/www.belleflamme.ca\/fr\/\",\"logo\":{\"@type\":\"ImageObject\",\"inLanguage\":\"fr-FR\",\"@id\":\"https:\/\/www.belleflamme.ca\/fr\/#\/schema\/logo\/image\/\",\"url\":\"https:\/\/staging.belleflamme.ca\/wp-content\/uploads\/2023\/01\/og-image.jpg\",\"contentUrl\":\"https:\/\/staging.belleflamme.ca\/wp-content\/uploads\/2023\/01\/og-image.jpg\",\"width\":1200,\"height\":630,\"caption\":\"Groupe Belleflamme\"},\"image\":{\"@id\":\"https:\/\/www.belleflamme.ca\/fr\/#\/schema\/logo\/image\/\"},\"sameAs\":[\"https:\/\/www.facebook.com\/belleflamme.ca\/\",\"https:\/\/www.linkedin.com\/company\/belleflamme\/\",\"https:\/\/www.pinterest.ca\/groupebelleflamme\/\",\"https:\/\/www.instagram.com\/legroupebelleflamme\/\"],\"mainEntityOfPage\":{\"@id\":\"https:\/\/staging.belleflamme.ca\/fr\/produit\/thermopompe-centrale-serie-ns18-de-napoleon\/\"}}]}<\/script>\n<meta property=\"product:brand\" content=\"Napoleon climatisation chauffage\" \/>\n<meta property=\"og:availability\" content=\"instock\" \/>\n<meta property=\"product:availability\" content=\"instock\" \/>\n<meta property=\"product:condition\" content=\"new\" \/>\n<!-- \/ Yoast SEO Premium plugin. -->","yoast_head_json":{"title":"Thermopompe Centrale S\u00c9RIE NS18 de Napoleon - Groupe BelleFlamme","description":"Thermopompe Centrale S\u00c9RIE NS18 de Napoleon vendu et install\u00e9 par le Groupe Belleflamme. Laval, Montr\u00e9al, Gatineau et Saint-Sauveur","robots":{"index":"index","follow":"follow","max-snippet":"max-snippet:-1","max-image-preview":"max-image-preview:large","max-video-preview":"max-video-preview:-1"},"canonical":"https:\/\/staging.belleflamme.ca\/fr\/produit\/thermopompe-centrale-serie-ns18-de-napoleon\/","og_locale":"fr_FR","og_type":"article","og_title":"Thermopompe Centrale S\u00c9RIE NS18 de Napoleon","og_description":"Thermopompe Centrale S\u00c9RIE NS18 de Napoleon vendu et install\u00e9 par le Groupe Belleflamme. Laval, Montr\u00e9al, Gatineau et Saint-Sauveur","og_url":"https:\/\/staging.belleflamme.ca\/fr\/produit\/thermopompe-centrale-serie-ns18-de-napoleon\/","og_site_name":"Groupe BelleFlamme","article_publisher":"https:\/\/www.facebook.com\/belleflamme.ca\/","article_modified_time":"2024-12-02T18:16:27+00:00","og_image":[{"width":600,"height":600,"url":"https:\/\/www.belleflamme.ca\/wp-content\/uploads\/2023\/03\/Thermopompe-Centrale-SERIE-NS18-de-Napoleon.webp","type":"image\/webp"}],"twitter_card":"summary_large_image","twitter_misc":{"Disponibilit\u00e9":"En stock"},"schema":{"@context":"https:\/\/schema.org","@graph":[{"@type":["WebPage","ItemPage"],"@id":"https:\/\/staging.belleflamme.ca\/fr\/produit\/thermopompe-centrale-serie-ns18-de-napoleon\/","url":"https:\/\/staging.belleflamme.ca\/fr\/produit\/thermopompe-centrale-serie-ns18-de-napoleon\/","name":"Thermopompe Centrale S\u00c9RIE NS18 de Napoleon - Groupe BelleFlamme","isPartOf":{"@id":"https:\/\/www.belleflamme.ca\/fr\/#website"},"primaryImageOfPage":{"@id":"https:\/\/staging.belleflamme.ca\/fr\/produit\/thermopompe-centrale-serie-ns18-de-napoleon\/#primaryimage"},"image":{"@id":"https:\/\/staging.belleflamme.ca\/fr\/produit\/thermopompe-centrale-serie-ns18-de-napoleon\/#primaryimage"},"thumbnailUrl":"https:\/\/staging.belleflamme.ca\/wp-content\/uploads\/2023\/03\/Thermopompe-Centrale-SERIE-NS18-de-Napoleon.webp","datePublished":"2023-03-22T15:33:32+00:00","dateModified":"2024-12-02T18:16:27+00:00","description":"Thermopompe Centrale S\u00c9RIE NS18 de Napoleon vendu et install\u00e9 par le Groupe Belleflamme. Laval, Montr\u00e9al, Gatineau et Saint-Sauveur","breadcrumb":{"@id":"https:\/\/staging.belleflamme.ca\/fr\/produit\/thermopompe-centrale-serie-ns18-de-napoleon\/#breadcrumb"},"inLanguage":"fr-FR","potentialAction":[{"@type":"ReadAction","target":["https:\/\/staging.belleflamme.ca\/fr\/produit\/thermopompe-centrale-serie-ns18-de-napoleon\/"]}]},{"@type":"ImageObject","inLanguage":"fr-FR","@id":"https:\/\/staging.belleflamme.ca\/fr\/produit\/thermopompe-centrale-serie-ns18-de-napoleon\/#primaryimage","url":"https:\/\/staging.belleflamme.ca\/wp-content\/uploads\/2023\/03\/Thermopompe-Centrale-SERIE-NS18-de-Napoleon.webp","contentUrl":"https:\/\/staging.belleflamme.ca\/wp-content\/uploads\/2023\/03\/Thermopompe-Centrale-SERIE-NS18-de-Napoleon.webp","width":600,"height":600,"caption":"Thermopompe Centrale S\u00c9RIE NS18 de Napoleon"},{"@type":"BreadcrumbList","@id":"https:\/\/staging.belleflamme.ca\/fr\/produit\/thermopompe-centrale-serie-ns18-de-napoleon\/#breadcrumb","itemListElement":[{"@type":"ListItem","position":1,"name":"Accueil","item":"https:\/\/www.belleflamme.ca\/fr\/"},{"@type":"ListItem","position":2,"name":"Boutique","item":"https:\/\/www.belleflamme.ca\/fr\/boutique\/"},{"@type":"ListItem","position":3,"name":"Climatisation &amp; Chauffage","item":"https:\/\/staging.belleflamme.ca\/fr\/categories\/climatisation-chauffage\/"},{"@type":"ListItem","position":4,"name":"Syst\u00e8me central","item":"https:\/\/staging.belleflamme.ca\/fr\/categories\/climatisation-chauffage\/systeme-central\/"},{"@type":"ListItem","position":5,"name":"Thermopompes Centrales","item":"https:\/\/staging.belleflamme.ca\/fr\/categories\/climatisation-chauffage\/systeme-central\/thermopompes-centrales\/"},{"@type":"ListItem","position":6,"name":"Thermopompe Centrale S\u00c9RIE NS18 de Napoleon"}]},{"@type":"WebSite","@id":"https:\/\/www.belleflamme.ca\/fr\/#website","url":"https:\/\/www.belleflamme.ca\/fr\/","name":"Groupe Belleflamme","description":"La m\u00e9canique du b\u00e2timent dans le sang.","publisher":{"@id":"https:\/\/www.belleflamme.ca\/fr\/#organization"},"potentialAction":[{"@type":"SearchAction","target":{"@type":"EntryPoint","urlTemplate":"https:\/\/www.belleflamme.ca\/fr\/?s={search_term_string}"},"query-input":{"@type":"PropertyValueSpecification","valueRequired":true,"valueName":"search_term_string"}}],"inLanguage":"fr-FR"},{"@type":["Organization","Place"],"@id":"https:\/\/www.belleflamme.ca\/fr\/#organization","name":"Groupe Belleflamme","alternateName":"Belleflamme","url":"https:\/\/www.belleflamme.ca\/fr\/","logo":{"@type":"ImageObject","inLanguage":"fr-FR","@id":"https:\/\/www.belleflamme.ca\/fr\/#\/schema\/logo\/image\/","url":"https:\/\/staging.belleflamme.ca\/wp-content\/uploads\/2023\/01\/og-image.jpg","contentUrl":"https:\/\/staging.belleflamme.ca\/wp-content\/uploads\/2023\/01\/og-image.jpg","width":1200,"height":630,"caption":"Groupe Belleflamme"},"image":{"@id":"https:\/\/www.belleflamme.ca\/fr\/#\/schema\/logo\/image\/"},"sameAs":["https:\/\/www.facebook.com\/belleflamme.ca\/","https:\/\/www.linkedin.com\/company\/belleflamme\/","https:\/\/www.pinterest.ca\/groupebelleflamme\/","https:\/\/www.instagram.com\/legroupebelleflamme\/"],"mainEntityOfPage":{"@id":"https:\/\/staging.belleflamme.ca\/fr\/produit\/thermopompe-centrale-serie-ns18-de-napoleon\/"}}]},"product_brand":"Napoleon climatisation chauffage","og_availability":"instock","product_availability":"instock","product_condition":"new"},"_links":{"self":[{"href":"https:\/\/staging.belleflamme.ca\/fr\/wp-json\/wp\/v2\/product\/8503","targetHints":{"allow":["GET"]}}],"collection":[{"href":"https:\/\/staging.belleflamme.ca\/fr\/wp-json\/wp\/v2\/product"}],"about":[{"href":"https:\/\/staging.belleflamme.ca\/fr\/wp-json\/wp\/v2\/types\/product"}],"version-history":[{"count":13,"href":"https:\/\/staging.belleflamme.ca\/fr\/wp-json\/wp\/v2\/product\/8503\/revisions"}],"predecessor-version":[{"id":44616,"href":"https:\/\/staging.belleflamme.ca\/fr\/wp-json\/wp\/v2\/product\/8503\/revisions\/44616"}],"wp:featuredmedia":[{"embeddable":true,"href":"https:\/\/staging.belleflamme.ca\/fr\/wp-json\/wp\/v2\/media\/44610"}],"wp:attachment":[{"href":"https:\/\/staging.belleflamme.ca\/fr\/wp-json\/wp\/v2\/media?parent=8503"}],"wp:term":[{"taxonomy":"product_brand","embeddable":true,"href":"https:\/\/staging.belleflamme.ca\/fr\/wp-json\/wp\/v2\/product_brand?post=8503"},{"taxonomy":"product_cat","embeddable":true,"href":"https:\/\/staging.belleflamme.ca\/fr\/wp-json\/wp\/v2\/product_cat?post=8503"},{"taxonomy":"product_tag","embeddable":true,"href":"https:\/\/staging.belleflamme.ca\/fr\/wp-json\/wp\/v2\/product_tag?post=8503"}],"curies":[{"name":"wp","href":"https:\/\/api.w.org\/{rel}","templated":true}]}}