{"id":8397,"date":"2023-03-22T10:42:10","date_gmt":"2023-03-22T14:42:10","guid":{"rendered":"https:\/\/www.belleflamme.ca\/?post_type=product&#038;p=8397"},"modified":"2024-12-02T12:30:55","modified_gmt":"2024-12-02T17:30:55","slug":"serie-13-4-seer2","status":"publish","type":"product","link":"https:\/\/staging.belleflamme.ca\/fr\/produit\/serie-13-4-seer2\/","title":{"rendered":"Climatiseur Central S\u00c9RIE 13.4 SEER2 de Napoleon"},"content":{"rendered":"\t\t<div data-elementor-type=\"product-post\" data-elementor-id=\"8397\" class=\"elementor elementor-8397\" data-elementor-post-type=\"product\">\n\t\t\t\t\t\t<section class=\"elementor-section elementor-top-section elementor-element elementor-element-475048b3 elementor-section-boxed elementor-section-height-default elementor-section-height-default\" data-id=\"475048b3\" data-element_type=\"section\">\n\t\t\t\t\t\t<div class=\"elementor-container elementor-column-gap-default\">\n\t\t\t\t\t<div class=\"elementor-column elementor-col-100 elementor-top-column elementor-element elementor-element-13999dbb\" data-id=\"13999dbb\" data-element_type=\"column\">\n\t\t\t<div class=\"elementor-widget-wrap elementor-element-populated\">\n\t\t\t\t\t\t<div class=\"elementor-element elementor-element-43ca94f elementor-widget elementor-widget-text-editor\" data-id=\"43ca94f\" data-element_type=\"widget\" data-widget_type=\"text-editor.default\">\n\t\t\t\t<div class=\"elementor-widget-container\">\n\t\t\t\t\t\t\t\t\t<h2>Ce n&#8217;est pas gris. C&#8217;est CharCOOL.<\/h2><h3>Jusqu&#8217;\u00e0 13.4 SEER<br \/>1,5 \u00e0 5 tonnes<br \/>Fonctionnement silencieux<\/h3><p>Fi\u00e8rement fabriqu\u00e9 en Ontario, au Canada, le climatiseur central 13.4 SEER2 de la s\u00e9rie NT assure une climatisation efficace et silencieuse de votre maison lors des journ\u00e9es chaudes. Les pales de ventilateur sp\u00e9cialement con\u00e7ues en fl\u00e8che assurent une efficacit\u00e9 sup\u00e9rieure et att\u00e9nuent le bruit gr\u00e2ce au fonctionnement silencieux. Gage de qualit\u00e9 et de long\u00e9vit\u00e9, les pales de ventilateur en fl\u00e8che sont faites en aluminium et leur moyeu est en acier. Les serpentins de condensation plus durables et plus compacts permettent de r\u00e9duire la quantit\u00e9 de r\u00e9frig\u00e9rant et d\u2019allonger la dur\u00e9e de vie des climatiseurs. Pour garantir davantage la durabilit\u00e9, le r\u00e9frig\u00e9rant R-410A sans chlore est utilis\u00e9; celui-ci ne contribue pas \u00e0 l\u2019appauvrissement de la couche d\u2019ozone et offre des indices SEER2 plus \u00e9lev\u00e9s. La couleur grise neutre du climatiseur central 13.4 SEER2 de la s\u00e9rie NT s\u2019harmonise naturellement \u00e0 tous les d\u00e9cors. Pour les chaudes journ\u00e9es d\u2019\u00e9t\u00e9, c\u2019est le choix parfait et \u00e9cologique qui r\u00e9pondra \u00e0 vos besoins en mati\u00e8re de confort \u00e0 la maison.<\/p><h2>Usin\u00e9 avec pr\u00e9cision<\/h2><h3>Haute efficacit\u00e9<\/h3><p>Le compresseur fait circuler le r\u00e9frig\u00e9rant entre les serpentins de l\u2019\u00e9vaporateur et du condenseur<\/p><h2 class=\"feature-name\">Pales de ventilateur en fl\u00e8che<\/h2><h3 class=\"field field--name-field-feature-lead field--type-string field--label-hidden field__item\">Fonctionnement silencieux<\/h3><div class=\"clearfix text-formatted field field--name-field-feature-description field--type-text-long field--label-hidden field__item\"><p>Les pales du ventilateur en fl\u00e8che sont fabriqu\u00e9es avec un moyeu en plaques d\u2019acier et des pales en aluminium pour une efficacit\u00e9 et une durabilit\u00e9 accrues<\/p><h2 class=\"feature-name\">Technologie durable<\/h2><h3 class=\"field field--name-field-feature-lead field--type-string field--label-hidden field__item\">R\u00e9frig\u00e9rant R-410A \u00e9cologique<\/h3><\/div><div class=\"clearfix text-formatted field field--name-field-feature-description field--type-text-long field--label-hidden field__item\"><div class=\"clearfix text-formatted field field--name-field-feature-description field--type-text-long field--label-hidden field__item\"><p>Le r\u00e9frig\u00e9rant sans chlore ne contribue pas \u00e0 l\u2019appauvrissement de la couche d\u2019ozone, obtient une cote plus \u00e9lev\u00e9e, r\u00e9duit la consommation \u00e9nerg\u00e9tique et augmente la durabilit\u00e9<\/p><\/div><\/div><h2>SP\u00c9CIFICATIONS<\/h2><p>Taux d\u2019efficacit\u00e9 :<\/p><p>Up to 13.4 SEER<br \/><br \/>Caract\u00e9ristiques :<\/p><p>Climatisation<br \/><br \/>Plage de BTU :<\/p><p>18 600 BTU &#8211; 53 000 BTU<\/p><h3 class=\"options-section-title\">Liste compl\u00e8te des caract\u00e9ristiques<\/h3><div class=\"clearfix text-formatted field field--name-field-summary-features field--type-text field--label-hidden field__items\"><ul><li class=\"field__item\">Jusqu&#8217;\u00e0 53 000 BTU<\/li><li class=\"field__item\">Efficacit\u00e9 de 13.4 SEER2<\/li><li class=\"field__item\">Capacit\u00e9s allant de 1,5 \u00e0 5,0 tonnes (1.5-3.0 tons available with rotary compressor)<\/li><li class=\"field__item\">R\u00e9frig\u00e9rant R-410A \u00e9cologique<\/li><li class=\"field__item\">Compresseur \u00e0 haut rendement<\/li><li class=\"field__item\">Fonctionnement silencieux<\/li><li class=\"field__item\">Le filtre d\u00e9shydrateur le plus performant de l\u2019industrie<\/li><li class=\"field__item\">Pales de ventilateur en fl\u00e8che<\/li><li class=\"field__item\">Moteur PSC \u00e0 lubrification permanente<\/li><li class=\"field__item\">Le moteur peut \u00eatre retir\u00e9 par le haut de l\u2019unit\u00e9<\/li><li class=\"field__item\">Valves de service et connexions de r\u00e9frig\u00e9rant situ\u00e9es \u00e0 l\u2019ext\u00e9rieur du cabinet pour un acc\u00e8s et un entretien faciles<\/li><li class=\"field__item\">Connexions \u00e9lectriques accessibles par un panneau amovible<\/li><\/ul><p style=\"text-align: center;\"><img fetchpriority=\"high\" decoding=\"async\" class=\"alignnone size-full wp-image-44228\" src=\"https:\/\/www.belleflamme.ca\/wp-content\/uploads\/2024\/11\/Garantie-Belleflamme-FR-10-ans.png\" alt=\"\" width=\"250\" height=\"250\" srcset=\"https:\/\/staging.belleflamme.ca\/wp-content\/uploads\/2024\/11\/Garantie-Belleflamme-FR-10-ans.png 250w, https:\/\/staging.belleflamme.ca\/wp-content\/uploads\/2024\/11\/Garantie-Belleflamme-FR-10-ans-150x150.png 150w, https:\/\/staging.belleflamme.ca\/wp-content\/uploads\/2024\/11\/Garantie-Belleflamme-FR-10-ans-100x100.png 100w\" sizes=\"(max-width: 250px) 100vw, 250px\" \/><\/p><\/div><p style=\"text-align: center;\"><img decoding=\"async\" class=\"alignnone size-full wp-image-44545\" src=\"https:\/\/www.belleflamme.ca\/wp-content\/uploads\/2024\/12\/2024-12-02-12_30_24-W620-0005_13.4_14.3-SEER2-Tech-Spec_-e_09.28.22.pdf.png\" alt=\"\" width=\"728\" height=\"956\" srcset=\"https:\/\/staging.belleflamme.ca\/wp-content\/uploads\/2024\/12\/2024-12-02-12_30_24-W620-0005_13.4_14.3-SEER2-Tech-Spec_-e_09.28.22.pdf.png 728w, https:\/\/staging.belleflamme.ca\/wp-content\/uploads\/2024\/12\/2024-12-02-12_30_24-W620-0005_13.4_14.3-SEER2-Tech-Spec_-e_09.28.22.pdf-228x300.png 228w\" sizes=\"(max-width: 728px) 100vw, 728px\" \/><\/p><p>\u00a0<\/p>\t\t\t\t\t\t\t\t<\/div>\n\t\t\t\t<\/div>\n\t\t\t\t\t<\/div>\n\t\t<\/div>\n\t\t\t\t\t<\/div>\n\t\t<\/section>\n\t\t\t\t<section class=\"elementor-section elementor-top-section elementor-element elementor-element-3460481 elementor-section-boxed elementor-section-height-default elementor-section-height-default\" data-id=\"3460481\" data-element_type=\"section\">\n\t\t\t\t\t\t<div class=\"elementor-container elementor-column-gap-default\">\n\t\t\t\t\t<div class=\"elementor-column elementor-col-100 elementor-top-column elementor-element elementor-element-d11e17c\" data-id=\"d11e17c\" data-element_type=\"column\">\n\t\t\t<div class=\"elementor-widget-wrap elementor-element-populated\">\n\t\t\t\t\t\t<div class=\"elementor-element elementor-element-988eb96 elementor-tabs-view-horizontal elementor-widget elementor-widget-tabs\" data-id=\"988eb96\" data-element_type=\"widget\" data-widget_type=\"tabs.default\">\n\t\t\t\t<div class=\"elementor-widget-container\">\n\t\t\t\t\t\t\t<div class=\"elementor-tabs\">\n\t\t\t<div class=\"elementor-tabs-wrapper\" role=\"tablist\" >\n\t\t\t\t\t\t\t\t\t<div id=\"elementor-tab-title-1591\" class=\"elementor-tab-title elementor-tab-desktop-title\" aria-selected=\"true\" data-tab=\"1\" role=\"tab\" tabindex=\"0\" aria-controls=\"elementor-tab-content-1591\" aria-expanded=\"false\">Fichiers<\/div>\n\t\t\t\t\t\t\t<\/div>\n\t\t\t<div class=\"elementor-tabs-content-wrapper\" role=\"tablist\" aria-orientation=\"vertical\">\n\t\t\t\t\t\t\t\t\t<div class=\"elementor-tab-title elementor-tab-mobile-title\" aria-selected=\"true\" data-tab=\"1\" role=\"tab\" tabindex=\"0\" aria-controls=\"elementor-tab-content-1591\" aria-expanded=\"false\">Fichiers<\/div>\n\t\t\t\t\t<div id=\"elementor-tab-content-1591\" class=\"elementor-tab-content elementor-clearfix\" data-tab=\"1\" role=\"tabpanel\" aria-labelledby=\"elementor-tab-title-1591\" tabindex=\"0\" hidden=\"false\"><i class=\"far fa-file-pdf fa-xl\" style=\"font-size:35px\"><\/i><a href=\"https:\/\/www.belleflamme.ca\/wp-content\/uploads\/2023\/03\/Brochure_ADBRN3-ACFL-2022-12-22-1.pdf\"> Brochure<\/a><\/br>\n\n<i class=\"far fa-file-pdf fa-xl\" style=\"font-size:35px\"><\/i><a href=\"https:\/\/www.belleflamme.ca\/wp-content\/uploads\/2023\/03\/W620-0005_13.4_14.3-SEER2-Tech-Spec_-e_09.28.22-1.pdf\"> Fiche Technique<\/a><\/br><\/div>\n\t\t\t\t\t\t\t<\/div>\n\t\t<\/div>\n\t\t\t\t\t\t<\/div>\n\t\t\t\t<\/div>\n\t\t\t\t\t<\/div>\n\t\t<\/div>\n\t\t\t\t\t<\/div>\n\t\t<\/section>\n\t\t\t\t<\/div>\n\t\t","protected":false},"excerpt":{"rendered":"<p>Ce n&#8217;est pas gris. C&#8217;est CharCOOL. Jusqu&#8217;\u00e0 13.4 SEER1,5 \u00e0 5 tonnesFonctionnement silencieux Fi\u00e8rement fabriqu\u00e9 en Ontario, au Canada, le climatiseur central 13.4 SEER2 de la s\u00e9rie NT assure une climatisation efficace et silencieuse de votre maison lors des journ\u00e9es chaudes. Les pales de ventilateur sp\u00e9cialement con\u00e7ues en fl\u00e8che assurent une efficacit\u00e9 sup\u00e9rieure et att\u00e9nuent [&hellip;]<\/p>\n","protected":false},"featured_media":8394,"template":"","meta":{"inline_featured_image":false},"product_brand":[359],"product_cat":[77,70,71],"product_tag":[],"class_list":{"0":"post-8397","1":"product","2":"type-product","3":"status-publish","4":"has-post-thumbnail","6":"product_brand-napoleon-climatisation-chauffage","7":"product_cat-climatisation","8":"product_cat-climatisation-chauffage","9":"product_cat-systeme-central","11":"first","12":"instock","13":"taxable","14":"shipping-taxable","15":"product-type-variable"},"yoast_head":"<!-- This site is optimized with the Yoast SEO Premium plugin v24.2 (Yoast SEO v24.2) - https:\/\/yoast.com\/wordpress\/plugins\/seo\/ -->\n<title>Climatiseur Central S\u00c9RIE 13.4 SEER2 de Napoleon - Groupe BelleFlamme<\/title>\n<meta name=\"description\" content=\"Climatiseur Central S\u00c9RIE 13.4 SEER2 de Napoleon vendu et install\u00e9 par le Groupe Belleflamme. Laval, Montr\u00e9al, Gatineau et Saint-Sauveur.\" \/>\n<meta name=\"robots\" content=\"index, follow, max-snippet:-1, max-image-preview:large, max-video-preview:-1\" \/>\n<link rel=\"canonical\" href=\"https:\/\/staging.belleflamme.ca\/fr\/produit\/serie-13-4-seer2\/\" \/>\n<meta property=\"og:locale\" content=\"fr_FR\" \/>\n<meta property=\"og:type\" content=\"article\" \/>\n<meta property=\"og:title\" content=\"Climatiseur Central S\u00c9RIE 13.4 SEER2 de Napoleon\" \/>\n<meta property=\"og:description\" content=\"Climatiseur Central S\u00c9RIE 13.4 SEER2 de Napoleon vendu et install\u00e9 par le Groupe Belleflamme. Laval, Montr\u00e9al, Gatineau et Saint-Sauveur.\" \/>\n<meta property=\"og:url\" content=\"https:\/\/staging.belleflamme.ca\/fr\/produit\/serie-13-4-seer2\/\" \/>\n<meta property=\"og:site_name\" content=\"Groupe BelleFlamme\" \/>\n<meta property=\"article:publisher\" content=\"https:\/\/www.facebook.com\/belleflamme.ca\/\" \/>\n<meta property=\"article:modified_time\" content=\"2024-12-02T17:30:55+00:00\" \/>\n<meta property=\"og:image\" content=\"https:\/\/www.belleflamme.ca\/wp-content\/uploads\/2023\/03\/SERIE-14.3-SEER2-napoleon.webp\" \/>\n\t<meta property=\"og:image:width\" content=\"600\" \/>\n\t<meta property=\"og:image:height\" content=\"600\" \/>\n\t<meta property=\"og:image:type\" content=\"image\/webp\" \/>\n<meta name=\"twitter:card\" content=\"summary_large_image\" \/>\n<meta name=\"twitter:label1\" content=\"Disponibilit\u00e9\" \/>\n\t<meta name=\"twitter:data1\" content=\"En stock\" \/>\n<script type=\"application\/ld+json\" class=\"yoast-schema-graph\">{\"@context\":\"https:\/\/schema.org\",\"@graph\":[{\"@type\":[\"WebPage\",\"ItemPage\"],\"@id\":\"https:\/\/staging.belleflamme.ca\/fr\/produit\/serie-13-4-seer2\/\",\"url\":\"https:\/\/staging.belleflamme.ca\/fr\/produit\/serie-13-4-seer2\/\",\"name\":\"Climatiseur Central S\u00c9RIE 13.4 SEER2 de Napoleon - Groupe BelleFlamme\",\"isPartOf\":{\"@id\":\"https:\/\/www.belleflamme.ca\/fr\/#website\"},\"primaryImageOfPage\":{\"@id\":\"https:\/\/staging.belleflamme.ca\/fr\/produit\/serie-13-4-seer2\/#primaryimage\"},\"image\":{\"@id\":\"https:\/\/staging.belleflamme.ca\/fr\/produit\/serie-13-4-seer2\/#primaryimage\"},\"thumbnailUrl\":\"https:\/\/staging.belleflamme.ca\/wp-content\/uploads\/2023\/03\/SERIE-14.3-SEER2-napoleon.webp\",\"datePublished\":\"2023-03-22T14:42:10+00:00\",\"dateModified\":\"2024-12-02T17:30:55+00:00\",\"description\":\"Climatiseur Central S\u00c9RIE 13.4 SEER2 de Napoleon vendu et install\u00e9 par le Groupe Belleflamme. Laval, Montr\u00e9al, Gatineau et Saint-Sauveur.\",\"breadcrumb\":{\"@id\":\"https:\/\/staging.belleflamme.ca\/fr\/produit\/serie-13-4-seer2\/#breadcrumb\"},\"inLanguage\":\"fr-FR\",\"potentialAction\":[{\"@type\":\"ReadAction\",\"target\":[\"https:\/\/staging.belleflamme.ca\/fr\/produit\/serie-13-4-seer2\/\"]}]},{\"@type\":\"ImageObject\",\"inLanguage\":\"fr-FR\",\"@id\":\"https:\/\/staging.belleflamme.ca\/fr\/produit\/serie-13-4-seer2\/#primaryimage\",\"url\":\"https:\/\/staging.belleflamme.ca\/wp-content\/uploads\/2023\/03\/SERIE-14.3-SEER2-napoleon.webp\",\"contentUrl\":\"https:\/\/staging.belleflamme.ca\/wp-content\/uploads\/2023\/03\/SERIE-14.3-SEER2-napoleon.webp\",\"width\":600,\"height\":600,\"caption\":\"Climatiseur Central S\u00c9RIE 13.4 SEER2 de Napoleon\"},{\"@type\":\"BreadcrumbList\",\"@id\":\"https:\/\/staging.belleflamme.ca\/fr\/produit\/serie-13-4-seer2\/#breadcrumb\",\"itemListElement\":[{\"@type\":\"ListItem\",\"position\":1,\"name\":\"Accueil\",\"item\":\"https:\/\/www.belleflamme.ca\/fr\/\"},{\"@type\":\"ListItem\",\"position\":2,\"name\":\"Boutique\",\"item\":\"https:\/\/www.belleflamme.ca\/fr\/boutique\/\"},{\"@type\":\"ListItem\",\"position\":3,\"name\":\"Climatisation &amp; Chauffage\",\"item\":\"https:\/\/staging.belleflamme.ca\/fr\/categories\/climatisation-chauffage\/\"},{\"@type\":\"ListItem\",\"position\":4,\"name\":\"Syst\u00e8me central\",\"item\":\"https:\/\/staging.belleflamme.ca\/fr\/categories\/climatisation-chauffage\/systeme-central\/\"},{\"@type\":\"ListItem\",\"position\":5,\"name\":\"Climatisation\",\"item\":\"https:\/\/staging.belleflamme.ca\/fr\/categories\/climatisation-chauffage\/systeme-central\/climatisation\/\"},{\"@type\":\"ListItem\",\"position\":6,\"name\":\"Climatiseur Central S\u00c9RIE 13.4 SEER2 de Napoleon\"}]},{\"@type\":\"WebSite\",\"@id\":\"https:\/\/www.belleflamme.ca\/fr\/#website\",\"url\":\"https:\/\/www.belleflamme.ca\/fr\/\",\"name\":\"Groupe Belleflamme\",\"description\":\"La m\u00e9canique du b\u00e2timent dans le sang.\",\"publisher\":{\"@id\":\"https:\/\/www.belleflamme.ca\/fr\/#organization\"},\"potentialAction\":[{\"@type\":\"SearchAction\",\"target\":{\"@type\":\"EntryPoint\",\"urlTemplate\":\"https:\/\/www.belleflamme.ca\/fr\/?s={search_term_string}\"},\"query-input\":{\"@type\":\"PropertyValueSpecification\",\"valueRequired\":true,\"valueName\":\"search_term_string\"}}],\"inLanguage\":\"fr-FR\"},{\"@type\":[\"Organization\",\"Place\"],\"@id\":\"https:\/\/www.belleflamme.ca\/fr\/#organization\",\"name\":\"Groupe Belleflamme\",\"alternateName\":\"Belleflamme\",\"url\":\"https:\/\/www.belleflamme.ca\/fr\/\",\"logo\":{\"@type\":\"ImageObject\",\"inLanguage\":\"fr-FR\",\"@id\":\"https:\/\/www.belleflamme.ca\/fr\/#\/schema\/logo\/image\/\",\"url\":\"https:\/\/staging.belleflamme.ca\/wp-content\/uploads\/2023\/01\/og-image.jpg\",\"contentUrl\":\"https:\/\/staging.belleflamme.ca\/wp-content\/uploads\/2023\/01\/og-image.jpg\",\"width\":1200,\"height\":630,\"caption\":\"Groupe Belleflamme\"},\"image\":{\"@id\":\"https:\/\/www.belleflamme.ca\/fr\/#\/schema\/logo\/image\/\"},\"sameAs\":[\"https:\/\/www.facebook.com\/belleflamme.ca\/\",\"https:\/\/www.linkedin.com\/company\/belleflamme\/\",\"https:\/\/www.pinterest.ca\/groupebelleflamme\/\",\"https:\/\/www.instagram.com\/legroupebelleflamme\/\"],\"mainEntityOfPage\":{\"@id\":\"https:\/\/staging.belleflamme.ca\/fr\/produit\/serie-13-4-seer2\/\"}}]}<\/script>\n<meta property=\"product:brand\" content=\"Napoleon climatisation chauffage\" \/>\n<meta property=\"og:availability\" content=\"instock\" \/>\n<meta property=\"product:availability\" content=\"instock\" \/>\n<meta property=\"product:condition\" content=\"new\" \/>\n<!-- \/ Yoast SEO Premium plugin. -->","yoast_head_json":{"title":"Climatiseur Central S\u00c9RIE 13.4 SEER2 de Napoleon - Groupe BelleFlamme","description":"Climatiseur Central S\u00c9RIE 13.4 SEER2 de Napoleon vendu et install\u00e9 par le Groupe Belleflamme. Laval, Montr\u00e9al, Gatineau et Saint-Sauveur.","robots":{"index":"index","follow":"follow","max-snippet":"max-snippet:-1","max-image-preview":"max-image-preview:large","max-video-preview":"max-video-preview:-1"},"canonical":"https:\/\/staging.belleflamme.ca\/fr\/produit\/serie-13-4-seer2\/","og_locale":"fr_FR","og_type":"article","og_title":"Climatiseur Central S\u00c9RIE 13.4 SEER2 de Napoleon","og_description":"Climatiseur Central S\u00c9RIE 13.4 SEER2 de Napoleon vendu et install\u00e9 par le Groupe Belleflamme. Laval, Montr\u00e9al, Gatineau et Saint-Sauveur.","og_url":"https:\/\/staging.belleflamme.ca\/fr\/produit\/serie-13-4-seer2\/","og_site_name":"Groupe BelleFlamme","article_publisher":"https:\/\/www.facebook.com\/belleflamme.ca\/","article_modified_time":"2024-12-02T17:30:55+00:00","og_image":[{"width":600,"height":600,"url":"https:\/\/www.belleflamme.ca\/wp-content\/uploads\/2023\/03\/SERIE-14.3-SEER2-napoleon.webp","type":"image\/webp"}],"twitter_card":"summary_large_image","twitter_misc":{"Disponibilit\u00e9":"En stock"},"schema":{"@context":"https:\/\/schema.org","@graph":[{"@type":["WebPage","ItemPage"],"@id":"https:\/\/staging.belleflamme.ca\/fr\/produit\/serie-13-4-seer2\/","url":"https:\/\/staging.belleflamme.ca\/fr\/produit\/serie-13-4-seer2\/","name":"Climatiseur Central S\u00c9RIE 13.4 SEER2 de Napoleon - Groupe BelleFlamme","isPartOf":{"@id":"https:\/\/www.belleflamme.ca\/fr\/#website"},"primaryImageOfPage":{"@id":"https:\/\/staging.belleflamme.ca\/fr\/produit\/serie-13-4-seer2\/#primaryimage"},"image":{"@id":"https:\/\/staging.belleflamme.ca\/fr\/produit\/serie-13-4-seer2\/#primaryimage"},"thumbnailUrl":"https:\/\/staging.belleflamme.ca\/wp-content\/uploads\/2023\/03\/SERIE-14.3-SEER2-napoleon.webp","datePublished":"2023-03-22T14:42:10+00:00","dateModified":"2024-12-02T17:30:55+00:00","description":"Climatiseur Central S\u00c9RIE 13.4 SEER2 de Napoleon vendu et install\u00e9 par le Groupe Belleflamme. Laval, Montr\u00e9al, Gatineau et Saint-Sauveur.","breadcrumb":{"@id":"https:\/\/staging.belleflamme.ca\/fr\/produit\/serie-13-4-seer2\/#breadcrumb"},"inLanguage":"fr-FR","potentialAction":[{"@type":"ReadAction","target":["https:\/\/staging.belleflamme.ca\/fr\/produit\/serie-13-4-seer2\/"]}]},{"@type":"ImageObject","inLanguage":"fr-FR","@id":"https:\/\/staging.belleflamme.ca\/fr\/produit\/serie-13-4-seer2\/#primaryimage","url":"https:\/\/staging.belleflamme.ca\/wp-content\/uploads\/2023\/03\/SERIE-14.3-SEER2-napoleon.webp","contentUrl":"https:\/\/staging.belleflamme.ca\/wp-content\/uploads\/2023\/03\/SERIE-14.3-SEER2-napoleon.webp","width":600,"height":600,"caption":"Climatiseur Central S\u00c9RIE 13.4 SEER2 de Napoleon"},{"@type":"BreadcrumbList","@id":"https:\/\/staging.belleflamme.ca\/fr\/produit\/serie-13-4-seer2\/#breadcrumb","itemListElement":[{"@type":"ListItem","position":1,"name":"Accueil","item":"https:\/\/www.belleflamme.ca\/fr\/"},{"@type":"ListItem","position":2,"name":"Boutique","item":"https:\/\/www.belleflamme.ca\/fr\/boutique\/"},{"@type":"ListItem","position":3,"name":"Climatisation &amp; Chauffage","item":"https:\/\/staging.belleflamme.ca\/fr\/categories\/climatisation-chauffage\/"},{"@type":"ListItem","position":4,"name":"Syst\u00e8me central","item":"https:\/\/staging.belleflamme.ca\/fr\/categories\/climatisation-chauffage\/systeme-central\/"},{"@type":"ListItem","position":5,"name":"Climatisation","item":"https:\/\/staging.belleflamme.ca\/fr\/categories\/climatisation-chauffage\/systeme-central\/climatisation\/"},{"@type":"ListItem","position":6,"name":"Climatiseur Central S\u00c9RIE 13.4 SEER2 de Napoleon"}]},{"@type":"WebSite","@id":"https:\/\/www.belleflamme.ca\/fr\/#website","url":"https:\/\/www.belleflamme.ca\/fr\/","name":"Groupe Belleflamme","description":"La m\u00e9canique du b\u00e2timent dans le sang.","publisher":{"@id":"https:\/\/www.belleflamme.ca\/fr\/#organization"},"potentialAction":[{"@type":"SearchAction","target":{"@type":"EntryPoint","urlTemplate":"https:\/\/www.belleflamme.ca\/fr\/?s={search_term_string}"},"query-input":{"@type":"PropertyValueSpecification","valueRequired":true,"valueName":"search_term_string"}}],"inLanguage":"fr-FR"},{"@type":["Organization","Place"],"@id":"https:\/\/www.belleflamme.ca\/fr\/#organization","name":"Groupe Belleflamme","alternateName":"Belleflamme","url":"https:\/\/www.belleflamme.ca\/fr\/","logo":{"@type":"ImageObject","inLanguage":"fr-FR","@id":"https:\/\/www.belleflamme.ca\/fr\/#\/schema\/logo\/image\/","url":"https:\/\/staging.belleflamme.ca\/wp-content\/uploads\/2023\/01\/og-image.jpg","contentUrl":"https:\/\/staging.belleflamme.ca\/wp-content\/uploads\/2023\/01\/og-image.jpg","width":1200,"height":630,"caption":"Groupe Belleflamme"},"image":{"@id":"https:\/\/www.belleflamme.ca\/fr\/#\/schema\/logo\/image\/"},"sameAs":["https:\/\/www.facebook.com\/belleflamme.ca\/","https:\/\/www.linkedin.com\/company\/belleflamme\/","https:\/\/www.pinterest.ca\/groupebelleflamme\/","https:\/\/www.instagram.com\/legroupebelleflamme\/"],"mainEntityOfPage":{"@id":"https:\/\/staging.belleflamme.ca\/fr\/produit\/serie-13-4-seer2\/"}}]},"product_brand":"Napoleon climatisation chauffage","og_availability":"instock","product_availability":"instock","product_condition":"new"},"_links":{"self":[{"href":"https:\/\/staging.belleflamme.ca\/fr\/wp-json\/wp\/v2\/product\/8397","targetHints":{"allow":["GET"]}}],"collection":[{"href":"https:\/\/staging.belleflamme.ca\/fr\/wp-json\/wp\/v2\/product"}],"about":[{"href":"https:\/\/staging.belleflamme.ca\/fr\/wp-json\/wp\/v2\/types\/product"}],"version-history":[{"count":13,"href":"https:\/\/staging.belleflamme.ca\/fr\/wp-json\/wp\/v2\/product\/8397\/revisions"}],"predecessor-version":[{"id":44549,"href":"https:\/\/staging.belleflamme.ca\/fr\/wp-json\/wp\/v2\/product\/8397\/revisions\/44549"}],"wp:featuredmedia":[{"embeddable":true,"href":"https:\/\/staging.belleflamme.ca\/fr\/wp-json\/wp\/v2\/media\/8394"}],"wp:attachment":[{"href":"https:\/\/staging.belleflamme.ca\/fr\/wp-json\/wp\/v2\/media?parent=8397"}],"wp:term":[{"taxonomy":"product_brand","embeddable":true,"href":"https:\/\/staging.belleflamme.ca\/fr\/wp-json\/wp\/v2\/product_brand?post=8397"},{"taxonomy":"product_cat","embeddable":true,"href":"https:\/\/staging.belleflamme.ca\/fr\/wp-json\/wp\/v2\/product_cat?post=8397"},{"taxonomy":"product_tag","embeddable":true,"href":"https:\/\/staging.belleflamme.ca\/fr\/wp-json\/wp\/v2\/product_tag?post=8397"}],"curies":[{"name":"wp","href":"https:\/\/api.w.org\/{rel}","templated":true}]}}