{"id":8329,"date":"2023-03-22T10:09:13","date_gmt":"2023-03-22T14:09:13","guid":{"rendered":"https:\/\/www.belleflamme.ca\/?post_type=product&#038;p=8329"},"modified":"2024-12-02T11:17:08","modified_gmt":"2024-12-02T16:17:08","slug":"serie-9600","status":"publish","type":"product","link":"https:\/\/staging.belleflamme.ca\/fr\/produit\/serie-9600\/","title":{"rendered":"Fournaise au Gaz S\u00c9RIE 9600 de Napoleon"},"content":{"rendered":"\t\t<div data-elementor-type=\"product-post\" data-elementor-id=\"8329\" class=\"elementor elementor-8329\" data-elementor-post-type=\"product\">\n\t\t\t\t\t\t<section class=\"elementor-section elementor-top-section elementor-element elementor-element-50b9f059 elementor-section-boxed elementor-section-height-default elementor-section-height-default\" data-id=\"50b9f059\" data-element_type=\"section\">\n\t\t\t\t\t\t<div class=\"elementor-container elementor-column-gap-default\">\n\t\t\t\t\t<div class=\"elementor-column elementor-col-100 elementor-top-column elementor-element elementor-element-7f1e4c85\" data-id=\"7f1e4c85\" data-element_type=\"column\">\n\t\t\t<div class=\"elementor-widget-wrap elementor-element-populated\">\n\t\t\t\t\t\t<div class=\"elementor-element elementor-element-697fd0fb elementor-widget elementor-widget-text-editor\" data-id=\"697fd0fb\" data-element_type=\"widget\" data-widget_type=\"text-editor.default\">\n\t\t\t\t<div class=\"elementor-widget-container\">\n\t\t\t\t\t\t\t\t\t<h2>Faites confiance aux meilleurs<\/h2><h3>Rendement AFUE de 96 %<br \/>Deux phase, vitesse variable<br \/>Fonctionnement silencieux<\/h3><p><img decoding=\"async\" src=\"https:\/\/www.belleflamme.ca\/wp-content\/uploads\/2024\/12\/logo-Energy-Star-logo.png\" alt=\"\" width=\"100\" height=\"100\" \/><\/p><p>Munies d\u2019un moteur de soufflerie \u00e0 deux stages \u00e0 vitesse variable EnerSave Pro, les fournaises de la s\u00e9rie 9600 de Napol\u00e9on r\u00e9pondront \u00e0 tous vos besoins en mati\u00e8re de chauffage. Les fournaises de la s\u00e9rie 9600 de Napol\u00e9on sont les fournaises les plus efficaces et \u00e9l\u00e9gantes offertes sur le march\u00e9. Munies d\u2019un moteur de soufflerie \u00e0 deux stages \u00e0 vitesse variable EnerSave Pro, les fournaises de la s\u00e9rie 9600 de Napol\u00e9on r\u00e9pondront \u00e0 tous vos besoins en mati\u00e8re de chauffage. Elles fonctionnent principalement \u00e0 feu bas, au premier stage, pour une meilleure efficacit\u00e9 durant la saison de chauffage. Lors des jours plus froids, elles passent automatiquement au deuxi\u00e8me stage, \u00e0 feu \u00e9lev\u00e9, pour produire plus de chaleur dans votre demeure. Ce syst\u00e8me efficace \u00e0 deux stages \u00e9quivaut \u00e0 avoir deux fournaises en une. La conception et la fabrication sup\u00e9rieures de Napol\u00e9on vous garantissent une temp\u00e9rature int\u00e9rieure uniforme et confortable pour les nombreux hivers \u00e0 venir. Avec votre fournaise de la s\u00e9rie 9600, vous oublierez que c\u2019est l\u2019hiver.<\/p><h2>AFUE<\/h2><h3>Plus de confort pour chaque dollar d\u00e9pens\u00e9<\/h3><div><p>Comme pour le ratio kilom\u00e8tres\/litre, plus le rendement AFUE est \u00e9lev\u00e9, plus les co\u00fbts \u00e9nerg\u00e9tiques sont bas, et les mod\u00e8les 9600 sont tr\u00e8s efficaces \u00e0 96 %<\/p><h2>Vitre SureView<\/h2><h3>Voyez votre fournaise en marche<\/h3><p>La vitre brevet\u00e9e SureView du syst\u00e8me de br\u00fbleur qui permet d\u2019observer les flammes durant le fonctionnement de l\u2019appareil est une premi\u00e8re dans l\u2019industrie<\/p><h2>Technologie de purification de l&#8217;air (en option)<\/h2><h3>D\u00e9sinfection sans agent chimique<\/h3><div><p>La technologie de purification de l&#8217;air par rayons UVC est d\u00e9j\u00e0 install\u00e9e pour emp\u00eacher les agents pathog\u00e8nes et les virus de se propager dans l\u2019air de votre maison<\/p><h2>WHISPER QUIET\u1d39\u1d30<\/h2><h3>Fournaise tr\u00e8s silencieuse<\/h3><p>Le cabinet enti\u00e8rement isol\u00e9 et le moteur qui change progressivement de vitesse r\u00e9duit les pouss\u00e9es d\u2019air initiales pour un fonctionnement quasi silencieux<\/p><h2>Le syst\u00e8me de turbulence Vortex<\/h2><h3>Perturbez la circulation<\/h3><p>Augmente l\u2019efficacit\u00e9 en perturbant la circulation naturelle de l&#8217;air, ce qui permet d\u2019extraire le maximum de chaleur des gaz de combustion<\/p><\/div><\/div><h2>SP\u00c9CIFICATIONS<\/h2><p>Taux d\u2019efficacit\u00e9 :<\/p><p>AFUE jusqu\u2019\u00e0 96 %<\/p><p>Caract\u00e9ristiques :<\/p><p>Chauffage<br \/>Deux stages<br \/>Homologu\u00e9e ENERGY STAR<br \/>Vitesse variable<br \/>Options d\u2019installation flexibles<br \/>Solution hybride<br \/>Wi-Fi activ\u00e9<\/p><p>Plage de BTU :<\/p><p>35 000 BTU &#8211; 120 000 BTU<\/p><h2>Liste compl\u00e8te des caract\u00e9ristiques<\/h2><ul><li>Rendement AFUE jusqu\u2019\u00e0 96 %<\/li><li>Lampe UV HomeShield pour fournaises en option<\/li><li>Fonctionnement silencieux<\/li><li>Composants modulaires<\/li><li>Technologie \u00e0 vitesse variable<\/li><li>Technologie Vortex brevet\u00e9e<\/li><li>Chauffage \u00e0 deux stages<\/li><li>Installation flexible \u2013 Circulation ascendante,droite, gauche, bas<\/li><\/ul><div style=\"text-align: center;\"><img fetchpriority=\"high\" decoding=\"async\" class=\"alignnone size-full wp-image-44416\" src=\"https:\/\/www.belleflamme.ca\/wp-content\/uploads\/2024\/12\/Garantie-Belleflamme-FR.png\" alt=\"\" width=\"250\" height=\"250\" srcset=\"https:\/\/staging.belleflamme.ca\/wp-content\/uploads\/2024\/12\/Garantie-Belleflamme-FR.png 250w, https:\/\/staging.belleflamme.ca\/wp-content\/uploads\/2024\/12\/Garantie-Belleflamme-FR-150x150.png 150w, https:\/\/staging.belleflamme.ca\/wp-content\/uploads\/2024\/12\/Garantie-Belleflamme-FR-100x100.png 100w\" sizes=\"(max-width: 250px) 100vw, 250px\" \/> <img decoding=\"async\" class=\"alignnone size-full wp-image-44451\" src=\"https:\/\/www.belleflamme.ca\/wp-content\/uploads\/2024\/12\/Garantie-Belleflamme-FR-3.png\" alt=\"\" width=\"250\" height=\"250\" srcset=\"https:\/\/staging.belleflamme.ca\/wp-content\/uploads\/2024\/12\/Garantie-Belleflamme-FR-3.png 250w, https:\/\/staging.belleflamme.ca\/wp-content\/uploads\/2024\/12\/Garantie-Belleflamme-FR-3-150x150.png 150w, https:\/\/staging.belleflamme.ca\/wp-content\/uploads\/2024\/12\/Garantie-Belleflamme-FR-3-100x100.png 100w\" sizes=\"(max-width: 250px) 100vw, 250px\" \/> <img loading=\"lazy\" decoding=\"async\" class=\"alignnone size-full wp-image-44414\" src=\"https:\/\/www.belleflamme.ca\/wp-content\/uploads\/2024\/12\/Garantie-Belleflamme-FR-2.png\" alt=\"\" width=\"250\" height=\"250\" srcset=\"https:\/\/staging.belleflamme.ca\/wp-content\/uploads\/2024\/12\/Garantie-Belleflamme-FR-2.png 250w, https:\/\/staging.belleflamme.ca\/wp-content\/uploads\/2024\/12\/Garantie-Belleflamme-FR-2-150x150.png 150w, https:\/\/staging.belleflamme.ca\/wp-content\/uploads\/2024\/12\/Garantie-Belleflamme-FR-2-100x100.png 100w\" sizes=\"(max-width: 250px) 100vw, 250px\" \/><\/div><div style=\"text-align: center;\"><img loading=\"lazy\" decoding=\"async\" class=\"alignnone size-full wp-image-44455\" src=\"https:\/\/www.belleflamme.ca\/wp-content\/uploads\/2024\/12\/2024-12-02-11_16_05-9600-Spec-sheet.pdf.png\" alt=\"\" width=\"838\" height=\"935\" srcset=\"https:\/\/staging.belleflamme.ca\/wp-content\/uploads\/2024\/12\/2024-12-02-11_16_05-9600-Spec-sheet.pdf.png 838w, https:\/\/staging.belleflamme.ca\/wp-content\/uploads\/2024\/12\/2024-12-02-11_16_05-9600-Spec-sheet.pdf-269x300.png 269w, https:\/\/staging.belleflamme.ca\/wp-content\/uploads\/2024\/12\/2024-12-02-11_16_05-9600-Spec-sheet.pdf-768x857.png 768w\" sizes=\"(max-width: 838px) 100vw, 838px\" \/> <img loading=\"lazy\" decoding=\"async\" class=\"alignnone size-full wp-image-44453\" src=\"https:\/\/www.belleflamme.ca\/wp-content\/uploads\/2024\/12\/2024-12-02-11_16_23-9600-Spec-sheet.pdf.png\" alt=\"\" width=\"856\" height=\"533\" srcset=\"https:\/\/staging.belleflamme.ca\/wp-content\/uploads\/2024\/12\/2024-12-02-11_16_23-9600-Spec-sheet.pdf.png 856w, https:\/\/staging.belleflamme.ca\/wp-content\/uploads\/2024\/12\/2024-12-02-11_16_23-9600-Spec-sheet.pdf-300x187.png 300w, https:\/\/staging.belleflamme.ca\/wp-content\/uploads\/2024\/12\/2024-12-02-11_16_23-9600-Spec-sheet.pdf-768x478.png 768w\" sizes=\"(max-width: 856px) 100vw, 856px\" \/><\/div><div>\u00a0<\/div>\t\t\t\t\t\t\t\t<\/div>\n\t\t\t\t<\/div>\n\t\t\t\t\t<\/div>\n\t\t<\/div>\n\t\t\t\t\t<\/div>\n\t\t<\/section>\n\t\t\t\t<section class=\"elementor-section elementor-top-section elementor-element elementor-element-b3ccff8 elementor-section-boxed elementor-section-height-default elementor-section-height-default\" data-id=\"b3ccff8\" data-element_type=\"section\">\n\t\t\t\t\t\t<div class=\"elementor-container elementor-column-gap-default\">\n\t\t\t\t\t<div class=\"elementor-column elementor-col-100 elementor-top-column elementor-element elementor-element-0e4e98b\" data-id=\"0e4e98b\" data-element_type=\"column\">\n\t\t\t<div class=\"elementor-widget-wrap elementor-element-populated\">\n\t\t\t\t\t\t<div class=\"elementor-element elementor-element-2f458b7 elementor-tabs-view-horizontal elementor-widget elementor-widget-tabs\" data-id=\"2f458b7\" data-element_type=\"widget\" data-widget_type=\"tabs.default\">\n\t\t\t\t<div class=\"elementor-widget-container\">\n\t\t\t\t\t\t\t<div class=\"elementor-tabs\">\n\t\t\t<div class=\"elementor-tabs-wrapper\" role=\"tablist\" >\n\t\t\t\t\t\t\t\t\t<div id=\"elementor-tab-title-4951\" class=\"elementor-tab-title elementor-tab-desktop-title\" aria-selected=\"true\" data-tab=\"1\" role=\"tab\" tabindex=\"0\" aria-controls=\"elementor-tab-content-4951\" aria-expanded=\"false\">Fichiers<\/div>\n\t\t\t\t\t\t\t<\/div>\n\t\t\t<div class=\"elementor-tabs-content-wrapper\" role=\"tablist\" aria-orientation=\"vertical\">\n\t\t\t\t\t\t\t\t\t<div class=\"elementor-tab-title elementor-tab-mobile-title\" aria-selected=\"true\" data-tab=\"1\" role=\"tab\" tabindex=\"0\" aria-controls=\"elementor-tab-content-4951\" aria-expanded=\"false\">Fichiers<\/div>\n\t\t\t\t\t<div id=\"elementor-tab-content-4951\" class=\"elementor-tab-content elementor-clearfix\" data-tab=\"1\" role=\"tabpanel\" aria-labelledby=\"elementor-tab-title-4951\" tabindex=\"0\" hidden=\"false\"><i class=\"far fa-file-pdf fa-xl\" style=\"font-size:35px\"><\/i><a href=\"https:\/\/www.belleflamme.ca\/wp-content\/uploads\/2023\/03\/9600-Series-Brochure-FR-May2021.pdf\"> Brochure(Fr)<\/a><\/br>\n\n<i class=\"far fa-file-pdf fa-xl\" style=\"font-size:35px\"><\/i><a href=\"https:\/\/www.belleflamme.ca\/wp-content\/uploads\/2023\/03\/9600-Spec-sheet.pdf\"> Fiche de Specification<\/a><\/br><\/div>\n\t\t\t\t\t\t\t<\/div>\n\t\t<\/div>\n\t\t\t\t\t\t<\/div>\n\t\t\t\t<\/div>\n\t\t\t\t\t<\/div>\n\t\t<\/div>\n\t\t\t\t\t<\/div>\n\t\t<\/section>\n\t\t\t\t<\/div>\n\t\t","protected":false},"excerpt":{"rendered":"<p>Faites confiance aux meilleurs Rendement AFUE de 96 %Deux phase, vitesse variableFonctionnement silencieux Munies d\u2019un moteur de soufflerie \u00e0 deux stages \u00e0 vitesse variable EnerSave Pro, les fournaises de la s\u00e9rie 9600 de Napol\u00e9on r\u00e9pondront \u00e0 tous vos besoins en mati\u00e8re de chauffage. Les fournaises de la s\u00e9rie 9600 de Napol\u00e9on sont les fournaises les [&hellip;]<\/p>\n","protected":false},"featured_media":8339,"template":"","meta":{"inline_featured_image":false},"product_brand":[359],"product_cat":[70,76,80,71],"product_tag":[],"class_list":{"0":"post-8329","1":"product","2":"type-product","3":"status-publish","4":"has-post-thumbnail","6":"product_brand-napoleon-climatisation-chauffage","7":"product_cat-climatisation-chauffage","8":"product_cat-fournaise","9":"product_cat-fournaises-aux-gaz","10":"product_cat-systeme-central","12":"first","13":"instock","14":"taxable","15":"shipping-taxable","16":"product-type-variable"},"yoast_head":"<!-- This site is optimized with the Yoast SEO Premium plugin v24.2 (Yoast SEO v24.2) - https:\/\/yoast.com\/wordpress\/plugins\/seo\/ -->\n<title>Fournaise au Gaz S\u00c9RIE 9600 de Napoleon - Groupe BelleFlamme<\/title>\n<meta name=\"description\" content=\"Fournaise au Gaz S\u00c9RIE 9600 de Napoleon vendu et install\u00e9 par le Groupe Belleflamme. Laval, Montr\u00e9al, Gatineau et Saint-Sauveur.\" \/>\n<meta name=\"robots\" content=\"index, follow, max-snippet:-1, max-image-preview:large, max-video-preview:-1\" \/>\n<link rel=\"canonical\" href=\"https:\/\/staging.belleflamme.ca\/fr\/produit\/serie-9600\/\" \/>\n<meta property=\"og:locale\" content=\"fr_FR\" \/>\n<meta property=\"og:type\" content=\"article\" \/>\n<meta property=\"og:title\" content=\"Fournaise au Gaz S\u00c9RIE 9600 de Napoleon\" \/>\n<meta property=\"og:description\" content=\"Fournaise au Gaz S\u00c9RIE 9600 de Napoleon vendu et install\u00e9 par le Groupe Belleflamme. Laval, Montr\u00e9al, Gatineau et Saint-Sauveur.\" \/>\n<meta property=\"og:url\" content=\"https:\/\/staging.belleflamme.ca\/fr\/produit\/serie-9600\/\" \/>\n<meta property=\"og:site_name\" content=\"Groupe BelleFlamme\" \/>\n<meta property=\"article:publisher\" content=\"https:\/\/www.facebook.com\/belleflamme.ca\/\" \/>\n<meta property=\"article:modified_time\" content=\"2024-12-02T16:17:08+00:00\" \/>\n<meta property=\"og:image\" content=\"https:\/\/www.belleflamme.ca\/wp-content\/uploads\/2023\/03\/serie-9600-napoleon.webp\" \/>\n\t<meta property=\"og:image:width\" content=\"600\" \/>\n\t<meta property=\"og:image:height\" content=\"600\" \/>\n\t<meta property=\"og:image:type\" content=\"image\/webp\" \/>\n<meta name=\"twitter:card\" content=\"summary_large_image\" \/>\n<meta name=\"twitter:label1\" content=\"Disponibilit\u00e9\" \/>\n\t<meta name=\"twitter:data1\" content=\"En stock\" \/>\n<script type=\"application\/ld+json\" class=\"yoast-schema-graph\">{\"@context\":\"https:\/\/schema.org\",\"@graph\":[{\"@type\":[\"WebPage\",\"ItemPage\"],\"@id\":\"https:\/\/staging.belleflamme.ca\/fr\/produit\/serie-9600\/\",\"url\":\"https:\/\/staging.belleflamme.ca\/fr\/produit\/serie-9600\/\",\"name\":\"Fournaise au Gaz S\u00c9RIE 9600 de Napoleon - Groupe BelleFlamme\",\"isPartOf\":{\"@id\":\"https:\/\/www.belleflamme.ca\/fr\/#website\"},\"primaryImageOfPage\":{\"@id\":\"https:\/\/staging.belleflamme.ca\/fr\/produit\/serie-9600\/#primaryimage\"},\"image\":{\"@id\":\"https:\/\/staging.belleflamme.ca\/fr\/produit\/serie-9600\/#primaryimage\"},\"thumbnailUrl\":\"https:\/\/staging.belleflamme.ca\/wp-content\/uploads\/2023\/03\/serie-9600-napoleon.webp\",\"datePublished\":\"2023-03-22T14:09:13+00:00\",\"dateModified\":\"2024-12-02T16:17:08+00:00\",\"description\":\"Fournaise au Gaz S\u00c9RIE 9600 de Napoleon vendu et install\u00e9 par le Groupe Belleflamme. Laval, Montr\u00e9al, Gatineau et Saint-Sauveur.\",\"breadcrumb\":{\"@id\":\"https:\/\/staging.belleflamme.ca\/fr\/produit\/serie-9600\/#breadcrumb\"},\"inLanguage\":\"fr-FR\",\"potentialAction\":[{\"@type\":\"ReadAction\",\"target\":[\"https:\/\/staging.belleflamme.ca\/fr\/produit\/serie-9600\/\"]}]},{\"@type\":\"ImageObject\",\"inLanguage\":\"fr-FR\",\"@id\":\"https:\/\/staging.belleflamme.ca\/fr\/produit\/serie-9600\/#primaryimage\",\"url\":\"https:\/\/staging.belleflamme.ca\/wp-content\/uploads\/2023\/03\/serie-9600-napoleon.webp\",\"contentUrl\":\"https:\/\/staging.belleflamme.ca\/wp-content\/uploads\/2023\/03\/serie-9600-napoleon.webp\",\"width\":600,\"height\":600,\"caption\":\"s\u00e9rie 9600 napol\u00e9on\"},{\"@type\":\"BreadcrumbList\",\"@id\":\"https:\/\/staging.belleflamme.ca\/fr\/produit\/serie-9600\/#breadcrumb\",\"itemListElement\":[{\"@type\":\"ListItem\",\"position\":1,\"name\":\"Accueil\",\"item\":\"https:\/\/www.belleflamme.ca\/fr\/\"},{\"@type\":\"ListItem\",\"position\":2,\"name\":\"Boutique\",\"item\":\"https:\/\/www.belleflamme.ca\/fr\/boutique\/\"},{\"@type\":\"ListItem\",\"position\":3,\"name\":\"Climatisation &amp; Chauffage\",\"item\":\"https:\/\/staging.belleflamme.ca\/fr\/categories\/climatisation-chauffage\/\"},{\"@type\":\"ListItem\",\"position\":4,\"name\":\"Syst\u00e8me central\",\"item\":\"https:\/\/staging.belleflamme.ca\/fr\/categories\/climatisation-chauffage\/systeme-central\/\"},{\"@type\":\"ListItem\",\"position\":5,\"name\":\"Fournaise\",\"item\":\"https:\/\/staging.belleflamme.ca\/fr\/categories\/climatisation-chauffage\/systeme-central\/fournaise\/\"},{\"@type\":\"ListItem\",\"position\":6,\"name\":\"Fournaises au Gaz\",\"item\":\"https:\/\/staging.belleflamme.ca\/fr\/categories\/climatisation-chauffage\/systeme-central\/fournaise\/fournaises-aux-gaz\/\"},{\"@type\":\"ListItem\",\"position\":7,\"name\":\"Fournaise au Gaz S\u00c9RIE 9600 de Napoleon\"}]},{\"@type\":\"WebSite\",\"@id\":\"https:\/\/www.belleflamme.ca\/fr\/#website\",\"url\":\"https:\/\/www.belleflamme.ca\/fr\/\",\"name\":\"Groupe Belleflamme\",\"description\":\"La m\u00e9canique du b\u00e2timent dans le sang.\",\"publisher\":{\"@id\":\"https:\/\/www.belleflamme.ca\/fr\/#organization\"},\"potentialAction\":[{\"@type\":\"SearchAction\",\"target\":{\"@type\":\"EntryPoint\",\"urlTemplate\":\"https:\/\/www.belleflamme.ca\/fr\/?s={search_term_string}\"},\"query-input\":{\"@type\":\"PropertyValueSpecification\",\"valueRequired\":true,\"valueName\":\"search_term_string\"}}],\"inLanguage\":\"fr-FR\"},{\"@type\":[\"Organization\",\"Place\"],\"@id\":\"https:\/\/www.belleflamme.ca\/fr\/#organization\",\"name\":\"Groupe Belleflamme\",\"alternateName\":\"Belleflamme\",\"url\":\"https:\/\/www.belleflamme.ca\/fr\/\",\"logo\":{\"@type\":\"ImageObject\",\"inLanguage\":\"fr-FR\",\"@id\":\"https:\/\/www.belleflamme.ca\/fr\/#\/schema\/logo\/image\/\",\"url\":\"https:\/\/staging.belleflamme.ca\/wp-content\/uploads\/2023\/01\/og-image.jpg\",\"contentUrl\":\"https:\/\/staging.belleflamme.ca\/wp-content\/uploads\/2023\/01\/og-image.jpg\",\"width\":1200,\"height\":630,\"caption\":\"Groupe Belleflamme\"},\"image\":{\"@id\":\"https:\/\/www.belleflamme.ca\/fr\/#\/schema\/logo\/image\/\"},\"sameAs\":[\"https:\/\/www.facebook.com\/belleflamme.ca\/\",\"https:\/\/www.linkedin.com\/company\/belleflamme\/\",\"https:\/\/www.pinterest.ca\/groupebelleflamme\/\",\"https:\/\/www.instagram.com\/legroupebelleflamme\/\"],\"mainEntityOfPage\":{\"@id\":\"https:\/\/staging.belleflamme.ca\/fr\/produit\/serie-9600\/\"}}]}<\/script>\n<meta property=\"product:brand\" content=\"Napoleon climatisation chauffage\" \/>\n<meta property=\"og:availability\" content=\"instock\" \/>\n<meta property=\"product:availability\" content=\"instock\" \/>\n<meta property=\"product:condition\" content=\"new\" \/>\n<!-- \/ Yoast SEO Premium plugin. -->","yoast_head_json":{"title":"Fournaise au Gaz S\u00c9RIE 9600 de Napoleon - Groupe BelleFlamme","description":"Fournaise au Gaz S\u00c9RIE 9600 de Napoleon vendu et install\u00e9 par le Groupe Belleflamme. Laval, Montr\u00e9al, Gatineau et Saint-Sauveur.","robots":{"index":"index","follow":"follow","max-snippet":"max-snippet:-1","max-image-preview":"max-image-preview:large","max-video-preview":"max-video-preview:-1"},"canonical":"https:\/\/staging.belleflamme.ca\/fr\/produit\/serie-9600\/","og_locale":"fr_FR","og_type":"article","og_title":"Fournaise au Gaz S\u00c9RIE 9600 de Napoleon","og_description":"Fournaise au Gaz S\u00c9RIE 9600 de Napoleon vendu et install\u00e9 par le Groupe Belleflamme. Laval, Montr\u00e9al, Gatineau et Saint-Sauveur.","og_url":"https:\/\/staging.belleflamme.ca\/fr\/produit\/serie-9600\/","og_site_name":"Groupe BelleFlamme","article_publisher":"https:\/\/www.facebook.com\/belleflamme.ca\/","article_modified_time":"2024-12-02T16:17:08+00:00","og_image":[{"width":600,"height":600,"url":"https:\/\/www.belleflamme.ca\/wp-content\/uploads\/2023\/03\/serie-9600-napoleon.webp","type":"image\/webp"}],"twitter_card":"summary_large_image","twitter_misc":{"Disponibilit\u00e9":"En stock"},"schema":{"@context":"https:\/\/schema.org","@graph":[{"@type":["WebPage","ItemPage"],"@id":"https:\/\/staging.belleflamme.ca\/fr\/produit\/serie-9600\/","url":"https:\/\/staging.belleflamme.ca\/fr\/produit\/serie-9600\/","name":"Fournaise au Gaz S\u00c9RIE 9600 de Napoleon - Groupe BelleFlamme","isPartOf":{"@id":"https:\/\/www.belleflamme.ca\/fr\/#website"},"primaryImageOfPage":{"@id":"https:\/\/staging.belleflamme.ca\/fr\/produit\/serie-9600\/#primaryimage"},"image":{"@id":"https:\/\/staging.belleflamme.ca\/fr\/produit\/serie-9600\/#primaryimage"},"thumbnailUrl":"https:\/\/staging.belleflamme.ca\/wp-content\/uploads\/2023\/03\/serie-9600-napoleon.webp","datePublished":"2023-03-22T14:09:13+00:00","dateModified":"2024-12-02T16:17:08+00:00","description":"Fournaise au Gaz S\u00c9RIE 9600 de Napoleon vendu et install\u00e9 par le Groupe Belleflamme. Laval, Montr\u00e9al, Gatineau et Saint-Sauveur.","breadcrumb":{"@id":"https:\/\/staging.belleflamme.ca\/fr\/produit\/serie-9600\/#breadcrumb"},"inLanguage":"fr-FR","potentialAction":[{"@type":"ReadAction","target":["https:\/\/staging.belleflamme.ca\/fr\/produit\/serie-9600\/"]}]},{"@type":"ImageObject","inLanguage":"fr-FR","@id":"https:\/\/staging.belleflamme.ca\/fr\/produit\/serie-9600\/#primaryimage","url":"https:\/\/staging.belleflamme.ca\/wp-content\/uploads\/2023\/03\/serie-9600-napoleon.webp","contentUrl":"https:\/\/staging.belleflamme.ca\/wp-content\/uploads\/2023\/03\/serie-9600-napoleon.webp","width":600,"height":600,"caption":"s\u00e9rie 9600 napol\u00e9on"},{"@type":"BreadcrumbList","@id":"https:\/\/staging.belleflamme.ca\/fr\/produit\/serie-9600\/#breadcrumb","itemListElement":[{"@type":"ListItem","position":1,"name":"Accueil","item":"https:\/\/www.belleflamme.ca\/fr\/"},{"@type":"ListItem","position":2,"name":"Boutique","item":"https:\/\/www.belleflamme.ca\/fr\/boutique\/"},{"@type":"ListItem","position":3,"name":"Climatisation &amp; Chauffage","item":"https:\/\/staging.belleflamme.ca\/fr\/categories\/climatisation-chauffage\/"},{"@type":"ListItem","position":4,"name":"Syst\u00e8me central","item":"https:\/\/staging.belleflamme.ca\/fr\/categories\/climatisation-chauffage\/systeme-central\/"},{"@type":"ListItem","position":5,"name":"Fournaise","item":"https:\/\/staging.belleflamme.ca\/fr\/categories\/climatisation-chauffage\/systeme-central\/fournaise\/"},{"@type":"ListItem","position":6,"name":"Fournaises au Gaz","item":"https:\/\/staging.belleflamme.ca\/fr\/categories\/climatisation-chauffage\/systeme-central\/fournaise\/fournaises-aux-gaz\/"},{"@type":"ListItem","position":7,"name":"Fournaise au Gaz S\u00c9RIE 9600 de Napoleon"}]},{"@type":"WebSite","@id":"https:\/\/www.belleflamme.ca\/fr\/#website","url":"https:\/\/www.belleflamme.ca\/fr\/","name":"Groupe Belleflamme","description":"La m\u00e9canique du b\u00e2timent dans le sang.","publisher":{"@id":"https:\/\/www.belleflamme.ca\/fr\/#organization"},"potentialAction":[{"@type":"SearchAction","target":{"@type":"EntryPoint","urlTemplate":"https:\/\/www.belleflamme.ca\/fr\/?s={search_term_string}"},"query-input":{"@type":"PropertyValueSpecification","valueRequired":true,"valueName":"search_term_string"}}],"inLanguage":"fr-FR"},{"@type":["Organization","Place"],"@id":"https:\/\/www.belleflamme.ca\/fr\/#organization","name":"Groupe Belleflamme","alternateName":"Belleflamme","url":"https:\/\/www.belleflamme.ca\/fr\/","logo":{"@type":"ImageObject","inLanguage":"fr-FR","@id":"https:\/\/www.belleflamme.ca\/fr\/#\/schema\/logo\/image\/","url":"https:\/\/staging.belleflamme.ca\/wp-content\/uploads\/2023\/01\/og-image.jpg","contentUrl":"https:\/\/staging.belleflamme.ca\/wp-content\/uploads\/2023\/01\/og-image.jpg","width":1200,"height":630,"caption":"Groupe Belleflamme"},"image":{"@id":"https:\/\/www.belleflamme.ca\/fr\/#\/schema\/logo\/image\/"},"sameAs":["https:\/\/www.facebook.com\/belleflamme.ca\/","https:\/\/www.linkedin.com\/company\/belleflamme\/","https:\/\/www.pinterest.ca\/groupebelleflamme\/","https:\/\/www.instagram.com\/legroupebelleflamme\/"],"mainEntityOfPage":{"@id":"https:\/\/staging.belleflamme.ca\/fr\/produit\/serie-9600\/"}}]},"product_brand":"Napoleon climatisation chauffage","og_availability":"instock","product_availability":"instock","product_condition":"new"},"_links":{"self":[{"href":"https:\/\/staging.belleflamme.ca\/fr\/wp-json\/wp\/v2\/product\/8329","targetHints":{"allow":["GET"]}}],"collection":[{"href":"https:\/\/staging.belleflamme.ca\/fr\/wp-json\/wp\/v2\/product"}],"about":[{"href":"https:\/\/staging.belleflamme.ca\/fr\/wp-json\/wp\/v2\/types\/product"}],"version-history":[{"count":9,"href":"https:\/\/staging.belleflamme.ca\/fr\/wp-json\/wp\/v2\/product\/8329\/revisions"}],"predecessor-version":[{"id":44463,"href":"https:\/\/staging.belleflamme.ca\/fr\/wp-json\/wp\/v2\/product\/8329\/revisions\/44463"}],"wp:featuredmedia":[{"embeddable":true,"href":"https:\/\/staging.belleflamme.ca\/fr\/wp-json\/wp\/v2\/media\/8339"}],"wp:attachment":[{"href":"https:\/\/staging.belleflamme.ca\/fr\/wp-json\/wp\/v2\/media?parent=8329"}],"wp:term":[{"taxonomy":"product_brand","embeddable":true,"href":"https:\/\/staging.belleflamme.ca\/fr\/wp-json\/wp\/v2\/product_brand?post=8329"},{"taxonomy":"product_cat","embeddable":true,"href":"https:\/\/staging.belleflamme.ca\/fr\/wp-json\/wp\/v2\/product_cat?post=8329"},{"taxonomy":"product_tag","embeddable":true,"href":"https:\/\/staging.belleflamme.ca\/fr\/wp-json\/wp\/v2\/product_tag?post=8329"}],"curies":[{"name":"wp","href":"https:\/\/api.w.org\/{rel}","templated":true}]}}