{"id":8325,"date":"2023-03-22T09:55:12","date_gmt":"2023-03-22T13:55:12","guid":{"rendered":"https:\/\/www.belleflamme.ca\/?post_type=product&#038;p=8325"},"modified":"2024-12-02T10:55:40","modified_gmt":"2024-12-02T15:55:40","slug":"serie-9700","status":"publish","type":"product","link":"https:\/\/staging.belleflamme.ca\/fr\/produit\/serie-9700\/","title":{"rendered":"Fournaise au Gaz S\u00c9RIE 9700 de Napoleon"},"content":{"rendered":"\t\t<div data-elementor-type=\"product-post\" data-elementor-id=\"8325\" class=\"elementor elementor-8325\" data-elementor-post-type=\"product\">\n\t\t\t\t\t\t<section class=\"elementor-section elementor-top-section elementor-element elementor-element-4b5d9f2d elementor-section-boxed elementor-section-height-default elementor-section-height-default\" data-id=\"4b5d9f2d\" data-element_type=\"section\">\n\t\t\t\t\t\t<div class=\"elementor-container elementor-column-gap-default\">\n\t\t\t\t\t<div class=\"elementor-column elementor-col-100 elementor-top-column elementor-element elementor-element-d2c2f44\" data-id=\"d2c2f44\" data-element_type=\"column\">\n\t\t\t<div class=\"elementor-widget-wrap elementor-element-populated\">\n\t\t\t\t\t\t<div class=\"elementor-element elementor-element-2b90e9fe elementor-widget elementor-widget-text-editor\" data-id=\"2b90e9fe\" data-element_type=\"widget\" data-widget_type=\"text-editor.default\">\n\t\t\t\t<div class=\"elementor-widget-container\">\n\t\t\t\t\t\t\t\t\t<h2 style=\"text-align: center;\">La fournaise r\u00e9invent\u00e9e<\/h2><h3>Rendement AFUE de 97 %<br \/>Deux phase, vitesse variable<br \/>Lampe UV pour fournaise inclus<\/h3><p>\u00c9quip\u00e9e d\u2019un puissant moteur \u00e0 deux stages et du fonctionnement le plus silencieux de l\u2019industrie, la s\u00e9rie 9700 est notre fournaise au gaz la plus efficace. Fi\u00e8rement fabriqu\u00e9e en Ontario, au Canada, la fournaise au gaz de la s\u00e9rie Ultimate 9700 est la plus \u00e9l\u00e9gante de l\u2019industrie. R\u00e9pondant \u00e0 tous vos besoins en mati\u00e8re de chauffage, le puissant syst\u00e8me \u00e0 deux stages fournit des temp\u00e9ratures constantes et confortables. Pour un plus grand confort et une meilleure efficacit\u00e9, le stage \u00e0 faible r\u00e9gime r\u00e9pondra \u00e0 la plupart de vos besoins en mati\u00e8re de chauffage, r\u00e9duisant consid\u00e9rablement la consommation d\u2019\u00e9lectricit\u00e9. Les journ\u00e9es plus froides, cette fournaise fournit un suppl\u00e9ment de chaleur gr\u00e2ce au r\u00e9gime \u00e9lev\u00e9 du moteur, c\u2019est-\u00e0-dire le deuxi\u00e8me stage, limitant les variations du niveau de confort. Le fonctionnement silencieux du moteur effectue un d\u00e9marrage et un arr\u00eat en douceur, c\u2019est-\u00e0-dire qu\u2019il augmente et diminue progressivement la vitesse, laissant entrer silencieusement l\u2019air et r\u00e9duisant le bruit. Le cabinet est enti\u00e8rement isol\u00e9 pour r\u00e9duire encore plus la transmission du son. Le syst\u00e8me d\u2019\u00e9clairage interne automatique \u00e0 DEL et la conception modulaire de l\u2019appareil facilitent grandement sa r\u00e9paration et son entretien. Gr\u00e2ce \u00e0 la chaleur et au confort fiables que procure la s\u00e9rie 9700, vous oublierez qu\u2019il fait froid dehors.<\/p><h2 class=\"feature-name\">AFUE<\/h2><h3 class=\"field field--name-field-feature-lead field--type-string field--label-hidden field__item\">Plus de confort pour chaque dollar d\u00e9pens\u00e9<\/h3><div class=\"clearfix text-formatted field field--name-field-feature-description field--type-text-long field--label-hidden field__item\"><p>Comme pour le ratio kilom\u00e8tres\/litre, plus le rendement AFUE est \u00e9lev\u00e9, plus les co\u00fbts \u00e9nerg\u00e9tiques sont bas, et les mod\u00e8les 9700 sont les plus efficaces \u00e0 97 %<\/p><h2>Vitre SureView<\/h2><h3>Voyez votre fournaise en marche<\/h3><p>La vitre brevet\u00e9e SureView du syst\u00e8me de br\u00fbleur qui permet d\u2019observer les flammes durant le fonctionnement de l\u2019appareil est une premi\u00e8re dans l\u2019industrie<\/p><h2 class=\"feature-name\">Technologie de purification de l&#8217;air<\/h2><h3 class=\"field field--name-field-feature-lead field--type-string field--label-hidden field__item\">D\u00e9sinfection sans agent chimique<\/h3><div class=\"clearfix text-formatted field field--name-field-feature-description field--type-text-long field--label-hidden field__item\"><p>La technologie de purification de l&#8217;air par rayons UVC est d\u00e9j\u00e0 install\u00e9e pour emp\u00eacher les agents pathog\u00e8nes et les virus de se propager dans l\u2019air de votre maison<\/p><h2>Technologie \u00e0 vitesse variable<\/h2><h3>\u00c9conomisez du combustible et de l\u2019argent<\/h3><p>Le moteur de la soufflerie fonctionne au premier stage la plupart du temps, ce qui r\u00e9duit la consommation d\u2019\u00e9lectricit\u00e9. Il passe au deuxi\u00e8me stage pour augmenter la chaleur, si n\u00e9cessaire<\/p><h2>WHISPER QUIET\u1d39\u1d30<\/h2><h3>Fournaise tr\u00e8s silencieuse<\/h3><p>Le cabinet enti\u00e8rement isol\u00e9 et le moteur qui change progressivement de vitesse r\u00e9duit les pouss\u00e9es d\u2019air initiales pour un fonctionnement quasi silencieux<\/p><h2>Le syst\u00e8me de turbulence Vortex<\/h2><h3>Perturbez la circulation<\/h3><p>Augmente l\u2019efficacit\u00e9 en perturbant la circulation naturelle de l&#8217;air, ce qui permet d\u2019extraire le maximum de chaleur des gaz de combustion<\/p><h2>Entretien flexible<\/h2><h3>Retirez ou remplacez facilement les composants principaux<\/h3><p>La conception modulaire et les composants garantissent un entretien et un service incroyablement simples<\/p><h2>Liste compl\u00e8te des caract\u00e9ristiques<\/h2><ul><li>Rendement AFUE jusqu\u2019\u00e0 97 %<\/li><li>Technologie Vortex<\/li><li>Technologie \u00e0 vitesse variable<\/li><li>Fonctionnement silencieux<\/li><li>Technologie de purification de l&#8217;air<\/li><li>Vitre SureView<\/li><li>Faits saillants<\/li><li>Composants modulaires<\/li><li>Chauffage \u00e0 deux stages<\/li><\/ul><\/div><\/div><p><strong>SP\u00c9CIFICATIONS<br \/><\/strong><br \/>Taux d\u2019efficacit\u00e9 :<\/p><p>AFUE jusqu\u2019\u00e0 97 %<\/p><p>Caract\u00e9ristiques :<\/p><p>Chauffage<br \/>Deux stages<br \/>Vitesse variable<br \/>Technologie UVC<br \/>Solution hybride<br \/>Wi-Fi activ\u00e9<\/p><p>Plage de BTU :<\/p><p>35 000 BTU &#8211; 105 000 BTU<\/p><p style=\"text-align: center;\"><img fetchpriority=\"high\" decoding=\"async\" class=\"alignnone size-full wp-image-44416\" src=\"https:\/\/www.belleflamme.ca\/wp-content\/uploads\/2024\/12\/Garantie-Belleflamme-FR.png\" alt=\"\" width=\"250\" height=\"250\" srcset=\"https:\/\/staging.belleflamme.ca\/wp-content\/uploads\/2024\/12\/Garantie-Belleflamme-FR.png 250w, https:\/\/staging.belleflamme.ca\/wp-content\/uploads\/2024\/12\/Garantie-Belleflamme-FR-150x150.png 150w, https:\/\/staging.belleflamme.ca\/wp-content\/uploads\/2024\/12\/Garantie-Belleflamme-FR-100x100.png 100w\" sizes=\"(max-width: 250px) 100vw, 250px\" \/> <img decoding=\"async\" class=\"alignnone size-full wp-image-44412\" src=\"https:\/\/www.belleflamme.ca\/wp-content\/uploads\/2024\/12\/Garantie-Belleflamme-FR-1.png\" alt=\"\" width=\"250\" height=\"250\" srcset=\"https:\/\/staging.belleflamme.ca\/wp-content\/uploads\/2024\/12\/Garantie-Belleflamme-FR-1.png 250w, https:\/\/staging.belleflamme.ca\/wp-content\/uploads\/2024\/12\/Garantie-Belleflamme-FR-1-150x150.png 150w, https:\/\/staging.belleflamme.ca\/wp-content\/uploads\/2024\/12\/Garantie-Belleflamme-FR-1-100x100.png 100w\" sizes=\"(max-width: 250px) 100vw, 250px\" \/> <img decoding=\"async\" class=\"alignnone size-full wp-image-44414\" src=\"https:\/\/www.belleflamme.ca\/wp-content\/uploads\/2024\/12\/Garantie-Belleflamme-FR-2.png\" alt=\"\" width=\"250\" height=\"250\" srcset=\"https:\/\/staging.belleflamme.ca\/wp-content\/uploads\/2024\/12\/Garantie-Belleflamme-FR-2.png 250w, https:\/\/staging.belleflamme.ca\/wp-content\/uploads\/2024\/12\/Garantie-Belleflamme-FR-2-150x150.png 150w, https:\/\/staging.belleflamme.ca\/wp-content\/uploads\/2024\/12\/Garantie-Belleflamme-FR-2-100x100.png 100w\" sizes=\"(max-width: 250px) 100vw, 250px\" \/><\/p><p style=\"text-align: center;\"><img loading=\"lazy\" decoding=\"async\" class=\"alignnone size-full wp-image-44420\" src=\"https:\/\/www.belleflamme.ca\/wp-content\/uploads\/2024\/12\/2024-12-02-10_54_30-9700-Spec-sheet.pdf.png\" alt=\"\" width=\"831\" height=\"1007\" srcset=\"https:\/\/staging.belleflamme.ca\/wp-content\/uploads\/2024\/12\/2024-12-02-10_54_30-9700-Spec-sheet.pdf.png 831w, https:\/\/staging.belleflamme.ca\/wp-content\/uploads\/2024\/12\/2024-12-02-10_54_30-9700-Spec-sheet.pdf-248x300.png 248w, https:\/\/staging.belleflamme.ca\/wp-content\/uploads\/2024\/12\/2024-12-02-10_54_30-9700-Spec-sheet.pdf-768x931.png 768w\" sizes=\"(max-width: 831px) 100vw, 831px\" \/> <img loading=\"lazy\" decoding=\"async\" class=\"alignnone size-full wp-image-44418\" src=\"https:\/\/www.belleflamme.ca\/wp-content\/uploads\/2024\/12\/2024-12-02-10_54_53-9700-Spec-sheet.pdf.png\" alt=\"\" width=\"863\" height=\"547\" srcset=\"https:\/\/staging.belleflamme.ca\/wp-content\/uploads\/2024\/12\/2024-12-02-10_54_53-9700-Spec-sheet.pdf.png 863w, https:\/\/staging.belleflamme.ca\/wp-content\/uploads\/2024\/12\/2024-12-02-10_54_53-9700-Spec-sheet.pdf-300x190.png 300w, https:\/\/staging.belleflamme.ca\/wp-content\/uploads\/2024\/12\/2024-12-02-10_54_53-9700-Spec-sheet.pdf-768x487.png 768w\" sizes=\"(max-width: 863px) 100vw, 863px\" \/><\/p><p>\u00a0<\/p>\t\t\t\t\t\t\t\t<\/div>\n\t\t\t\t<\/div>\n\t\t\t\t\t<\/div>\n\t\t<\/div>\n\t\t\t\t\t<\/div>\n\t\t<\/section>\n\t\t\t\t<section class=\"elementor-section elementor-top-section elementor-element elementor-element-331fe57 elementor-section-boxed elementor-section-height-default elementor-section-height-default\" data-id=\"331fe57\" data-element_type=\"section\">\n\t\t\t\t\t\t<div class=\"elementor-container elementor-column-gap-default\">\n\t\t\t\t\t<div class=\"elementor-column elementor-col-100 elementor-top-column elementor-element elementor-element-2c63924\" data-id=\"2c63924\" data-element_type=\"column\">\n\t\t\t<div class=\"elementor-widget-wrap elementor-element-populated\">\n\t\t\t\t\t\t<div class=\"elementor-element elementor-element-4857ba4 elementor-tabs-view-horizontal elementor-widget elementor-widget-tabs\" data-id=\"4857ba4\" data-element_type=\"widget\" data-widget_type=\"tabs.default\">\n\t\t\t\t<div class=\"elementor-widget-container\">\n\t\t\t\t\t\t\t<div class=\"elementor-tabs\">\n\t\t\t<div class=\"elementor-tabs-wrapper\" role=\"tablist\" >\n\t\t\t\t\t\t\t\t\t<div id=\"elementor-tab-title-7581\" class=\"elementor-tab-title elementor-tab-desktop-title\" aria-selected=\"true\" data-tab=\"1\" role=\"tab\" tabindex=\"0\" aria-controls=\"elementor-tab-content-7581\" aria-expanded=\"false\">Fichiers<\/div>\n\t\t\t\t\t\t\t<\/div>\n\t\t\t<div class=\"elementor-tabs-content-wrapper\" role=\"tablist\" aria-orientation=\"vertical\">\n\t\t\t\t\t\t\t\t\t<div class=\"elementor-tab-title elementor-tab-mobile-title\" aria-selected=\"true\" data-tab=\"1\" role=\"tab\" tabindex=\"0\" aria-controls=\"elementor-tab-content-7581\" aria-expanded=\"false\">Fichiers<\/div>\n\t\t\t\t\t<div id=\"elementor-tab-content-7581\" class=\"elementor-tab-content elementor-clearfix\" data-tab=\"1\" role=\"tabpanel\" aria-labelledby=\"elementor-tab-title-7581\" tabindex=\"0\" hidden=\"false\"><i class=\"far fa-file-pdf fa-xl\" style=\"font-size:35px\"><\/i><a href=\"https:\/\/www.belleflamme.ca\/wp-content\/uploads\/2023\/03\/krefecdzirq2tadixk18.pdf\"> Brochure(Fr)<\/a><\/br>\n\n<i class=\"far fa-file-pdf fa-xl\" style=\"font-size:35px\"><\/i><a href=\"https:\/\/www.belleflamme.ca\/wp-content\/uploads\/2023\/03\/9700-Spec-sheet.pdf\"> Fiche de Specification<\/a><\/br><\/div>\n\t\t\t\t\t\t\t<\/div>\n\t\t<\/div>\n\t\t\t\t\t\t<\/div>\n\t\t\t\t<\/div>\n\t\t\t\t\t<\/div>\n\t\t<\/div>\n\t\t\t\t\t<\/div>\n\t\t<\/section>\n\t\t\t\t<\/div>\n\t\t","protected":false},"excerpt":{"rendered":"<p>La fournaise r\u00e9invent\u00e9e Rendement AFUE de 97 %Deux phase, vitesse variableLampe UV pour fournaise inclus \u00c9quip\u00e9e d\u2019un puissant moteur \u00e0 deux stages et du fonctionnement le plus silencieux de l\u2019industrie, la s\u00e9rie 9700 est notre fournaise au gaz la plus efficace. Fi\u00e8rement fabriqu\u00e9e en Ontario, au Canada, la fournaise au gaz de la s\u00e9rie Ultimate [&hellip;]<\/p>\n","protected":false},"featured_media":8326,"template":"","meta":{"inline_featured_image":false},"product_brand":[359],"product_cat":[70,76,80,71],"product_tag":[],"class_list":{"0":"post-8325","1":"product","2":"type-product","3":"status-publish","4":"has-post-thumbnail","6":"product_brand-napoleon-climatisation-chauffage","7":"product_cat-climatisation-chauffage","8":"product_cat-fournaise","9":"product_cat-fournaises-aux-gaz","10":"product_cat-systeme-central","12":"first","13":"instock","14":"taxable","15":"shipping-taxable","16":"product-type-variable"},"yoast_head":"<!-- This site is optimized with the Yoast SEO Premium plugin v24.2 (Yoast SEO v24.2) - https:\/\/yoast.com\/wordpress\/plugins\/seo\/ -->\n<title>Fournaise au Gaz S\u00c9RIE 9700 de Napoleon - Groupe BelleFlamme<\/title>\n<meta name=\"description\" content=\"Fournaise au Gaz S\u00c9RIE 9700 de Napoleon vendu et install\u00e9 par le Groupe Belleflamme. Laval, Montr\u00e9al, Gatineau et Saint-Sauveur.\" \/>\n<meta name=\"robots\" content=\"index, follow, max-snippet:-1, max-image-preview:large, max-video-preview:-1\" \/>\n<link rel=\"canonical\" href=\"https:\/\/staging.belleflamme.ca\/fr\/produit\/serie-9700\/\" \/>\n<meta property=\"og:locale\" content=\"fr_FR\" \/>\n<meta property=\"og:type\" content=\"article\" \/>\n<meta property=\"og:title\" content=\"Fournaise au Gaz S\u00c9RIE 9700 de Napoleon\" \/>\n<meta property=\"og:description\" content=\"Fournaise au Gaz S\u00c9RIE 9700 de Napoleon vendu et install\u00e9 par le Groupe Belleflamme. Laval, Montr\u00e9al, Gatineau et Saint-Sauveur.\" \/>\n<meta property=\"og:url\" content=\"https:\/\/staging.belleflamme.ca\/fr\/produit\/serie-9700\/\" \/>\n<meta property=\"og:site_name\" content=\"Groupe BelleFlamme\" \/>\n<meta property=\"article:publisher\" content=\"https:\/\/www.facebook.com\/belleflamme.ca\/\" \/>\n<meta property=\"article:modified_time\" content=\"2024-12-02T15:55:40+00:00\" \/>\n<meta property=\"og:image\" content=\"https:\/\/www.belleflamme.ca\/wp-content\/uploads\/2023\/03\/serie-9700-napoleon.webp\" \/>\n\t<meta property=\"og:image:width\" content=\"600\" \/>\n\t<meta property=\"og:image:height\" content=\"600\" \/>\n\t<meta property=\"og:image:type\" content=\"image\/webp\" \/>\n<meta name=\"twitter:card\" content=\"summary_large_image\" \/>\n<meta name=\"twitter:label1\" content=\"Disponibilit\u00e9\" \/>\n\t<meta name=\"twitter:data1\" content=\"En stock\" \/>\n<script type=\"application\/ld+json\" class=\"yoast-schema-graph\">{\"@context\":\"https:\/\/schema.org\",\"@graph\":[{\"@type\":[\"WebPage\",\"ItemPage\"],\"@id\":\"https:\/\/staging.belleflamme.ca\/fr\/produit\/serie-9700\/\",\"url\":\"https:\/\/staging.belleflamme.ca\/fr\/produit\/serie-9700\/\",\"name\":\"Fournaise au Gaz S\u00c9RIE 9700 de Napoleon - Groupe BelleFlamme\",\"isPartOf\":{\"@id\":\"https:\/\/www.belleflamme.ca\/fr\/#website\"},\"primaryImageOfPage\":{\"@id\":\"https:\/\/staging.belleflamme.ca\/fr\/produit\/serie-9700\/#primaryimage\"},\"image\":{\"@id\":\"https:\/\/staging.belleflamme.ca\/fr\/produit\/serie-9700\/#primaryimage\"},\"thumbnailUrl\":\"https:\/\/staging.belleflamme.ca\/wp-content\/uploads\/2023\/03\/serie-9700-napoleon.webp\",\"datePublished\":\"2023-03-22T13:55:12+00:00\",\"dateModified\":\"2024-12-02T15:55:40+00:00\",\"description\":\"Fournaise au Gaz S\u00c9RIE 9700 de Napoleon vendu et install\u00e9 par le Groupe Belleflamme. Laval, Montr\u00e9al, Gatineau et Saint-Sauveur.\",\"breadcrumb\":{\"@id\":\"https:\/\/staging.belleflamme.ca\/fr\/produit\/serie-9700\/#breadcrumb\"},\"inLanguage\":\"fr-FR\",\"potentialAction\":[{\"@type\":\"ReadAction\",\"target\":[\"https:\/\/staging.belleflamme.ca\/fr\/produit\/serie-9700\/\"]}]},{\"@type\":\"ImageObject\",\"inLanguage\":\"fr-FR\",\"@id\":\"https:\/\/staging.belleflamme.ca\/fr\/produit\/serie-9700\/#primaryimage\",\"url\":\"https:\/\/staging.belleflamme.ca\/wp-content\/uploads\/2023\/03\/serie-9700-napoleon.webp\",\"contentUrl\":\"https:\/\/staging.belleflamme.ca\/wp-content\/uploads\/2023\/03\/serie-9700-napoleon.webp\",\"width\":600,\"height\":600,\"caption\":\"s\u00e9rie 9700 napol\u00e9on\"},{\"@type\":\"BreadcrumbList\",\"@id\":\"https:\/\/staging.belleflamme.ca\/fr\/produit\/serie-9700\/#breadcrumb\",\"itemListElement\":[{\"@type\":\"ListItem\",\"position\":1,\"name\":\"Accueil\",\"item\":\"https:\/\/www.belleflamme.ca\/fr\/\"},{\"@type\":\"ListItem\",\"position\":2,\"name\":\"Boutique\",\"item\":\"https:\/\/www.belleflamme.ca\/fr\/boutique\/\"},{\"@type\":\"ListItem\",\"position\":3,\"name\":\"Climatisation &amp; Chauffage\",\"item\":\"https:\/\/staging.belleflamme.ca\/fr\/categories\/climatisation-chauffage\/\"},{\"@type\":\"ListItem\",\"position\":4,\"name\":\"Syst\u00e8me central\",\"item\":\"https:\/\/staging.belleflamme.ca\/fr\/categories\/climatisation-chauffage\/systeme-central\/\"},{\"@type\":\"ListItem\",\"position\":5,\"name\":\"Fournaise\",\"item\":\"https:\/\/staging.belleflamme.ca\/fr\/categories\/climatisation-chauffage\/systeme-central\/fournaise\/\"},{\"@type\":\"ListItem\",\"position\":6,\"name\":\"Fournaises au Gaz\",\"item\":\"https:\/\/staging.belleflamme.ca\/fr\/categories\/climatisation-chauffage\/systeme-central\/fournaise\/fournaises-aux-gaz\/\"},{\"@type\":\"ListItem\",\"position\":7,\"name\":\"Fournaise au Gaz S\u00c9RIE 9700 de Napoleon\"}]},{\"@type\":\"WebSite\",\"@id\":\"https:\/\/www.belleflamme.ca\/fr\/#website\",\"url\":\"https:\/\/www.belleflamme.ca\/fr\/\",\"name\":\"Groupe Belleflamme\",\"description\":\"La m\u00e9canique du b\u00e2timent dans le sang.\",\"publisher\":{\"@id\":\"https:\/\/www.belleflamme.ca\/fr\/#organization\"},\"potentialAction\":[{\"@type\":\"SearchAction\",\"target\":{\"@type\":\"EntryPoint\",\"urlTemplate\":\"https:\/\/www.belleflamme.ca\/fr\/?s={search_term_string}\"},\"query-input\":{\"@type\":\"PropertyValueSpecification\",\"valueRequired\":true,\"valueName\":\"search_term_string\"}}],\"inLanguage\":\"fr-FR\"},{\"@type\":[\"Organization\",\"Place\"],\"@id\":\"https:\/\/www.belleflamme.ca\/fr\/#organization\",\"name\":\"Groupe Belleflamme\",\"alternateName\":\"Belleflamme\",\"url\":\"https:\/\/www.belleflamme.ca\/fr\/\",\"logo\":{\"@type\":\"ImageObject\",\"inLanguage\":\"fr-FR\",\"@id\":\"https:\/\/www.belleflamme.ca\/fr\/#\/schema\/logo\/image\/\",\"url\":\"https:\/\/staging.belleflamme.ca\/wp-content\/uploads\/2023\/01\/og-image.jpg\",\"contentUrl\":\"https:\/\/staging.belleflamme.ca\/wp-content\/uploads\/2023\/01\/og-image.jpg\",\"width\":1200,\"height\":630,\"caption\":\"Groupe Belleflamme\"},\"image\":{\"@id\":\"https:\/\/www.belleflamme.ca\/fr\/#\/schema\/logo\/image\/\"},\"sameAs\":[\"https:\/\/www.facebook.com\/belleflamme.ca\/\",\"https:\/\/www.linkedin.com\/company\/belleflamme\/\",\"https:\/\/www.pinterest.ca\/groupebelleflamme\/\",\"https:\/\/www.instagram.com\/legroupebelleflamme\/\"],\"mainEntityOfPage\":{\"@id\":\"https:\/\/staging.belleflamme.ca\/fr\/produit\/serie-9700\/\"}}]}<\/script>\n<meta property=\"product:brand\" content=\"Napoleon climatisation chauffage\" \/>\n<meta property=\"og:availability\" content=\"instock\" \/>\n<meta property=\"product:availability\" content=\"instock\" \/>\n<meta property=\"product:condition\" content=\"new\" \/>\n<!-- \/ Yoast SEO Premium plugin. -->","yoast_head_json":{"title":"Fournaise au Gaz S\u00c9RIE 9700 de Napoleon - Groupe BelleFlamme","description":"Fournaise au Gaz S\u00c9RIE 9700 de Napoleon vendu et install\u00e9 par le Groupe Belleflamme. Laval, Montr\u00e9al, Gatineau et Saint-Sauveur.","robots":{"index":"index","follow":"follow","max-snippet":"max-snippet:-1","max-image-preview":"max-image-preview:large","max-video-preview":"max-video-preview:-1"},"canonical":"https:\/\/staging.belleflamme.ca\/fr\/produit\/serie-9700\/","og_locale":"fr_FR","og_type":"article","og_title":"Fournaise au Gaz S\u00c9RIE 9700 de Napoleon","og_description":"Fournaise au Gaz S\u00c9RIE 9700 de Napoleon vendu et install\u00e9 par le Groupe Belleflamme. Laval, Montr\u00e9al, Gatineau et Saint-Sauveur.","og_url":"https:\/\/staging.belleflamme.ca\/fr\/produit\/serie-9700\/","og_site_name":"Groupe BelleFlamme","article_publisher":"https:\/\/www.facebook.com\/belleflamme.ca\/","article_modified_time":"2024-12-02T15:55:40+00:00","og_image":[{"width":600,"height":600,"url":"https:\/\/www.belleflamme.ca\/wp-content\/uploads\/2023\/03\/serie-9700-napoleon.webp","type":"image\/webp"}],"twitter_card":"summary_large_image","twitter_misc":{"Disponibilit\u00e9":"En stock"},"schema":{"@context":"https:\/\/schema.org","@graph":[{"@type":["WebPage","ItemPage"],"@id":"https:\/\/staging.belleflamme.ca\/fr\/produit\/serie-9700\/","url":"https:\/\/staging.belleflamme.ca\/fr\/produit\/serie-9700\/","name":"Fournaise au Gaz S\u00c9RIE 9700 de Napoleon - Groupe BelleFlamme","isPartOf":{"@id":"https:\/\/www.belleflamme.ca\/fr\/#website"},"primaryImageOfPage":{"@id":"https:\/\/staging.belleflamme.ca\/fr\/produit\/serie-9700\/#primaryimage"},"image":{"@id":"https:\/\/staging.belleflamme.ca\/fr\/produit\/serie-9700\/#primaryimage"},"thumbnailUrl":"https:\/\/staging.belleflamme.ca\/wp-content\/uploads\/2023\/03\/serie-9700-napoleon.webp","datePublished":"2023-03-22T13:55:12+00:00","dateModified":"2024-12-02T15:55:40+00:00","description":"Fournaise au Gaz S\u00c9RIE 9700 de Napoleon vendu et install\u00e9 par le Groupe Belleflamme. Laval, Montr\u00e9al, Gatineau et Saint-Sauveur.","breadcrumb":{"@id":"https:\/\/staging.belleflamme.ca\/fr\/produit\/serie-9700\/#breadcrumb"},"inLanguage":"fr-FR","potentialAction":[{"@type":"ReadAction","target":["https:\/\/staging.belleflamme.ca\/fr\/produit\/serie-9700\/"]}]},{"@type":"ImageObject","inLanguage":"fr-FR","@id":"https:\/\/staging.belleflamme.ca\/fr\/produit\/serie-9700\/#primaryimage","url":"https:\/\/staging.belleflamme.ca\/wp-content\/uploads\/2023\/03\/serie-9700-napoleon.webp","contentUrl":"https:\/\/staging.belleflamme.ca\/wp-content\/uploads\/2023\/03\/serie-9700-napoleon.webp","width":600,"height":600,"caption":"s\u00e9rie 9700 napol\u00e9on"},{"@type":"BreadcrumbList","@id":"https:\/\/staging.belleflamme.ca\/fr\/produit\/serie-9700\/#breadcrumb","itemListElement":[{"@type":"ListItem","position":1,"name":"Accueil","item":"https:\/\/www.belleflamme.ca\/fr\/"},{"@type":"ListItem","position":2,"name":"Boutique","item":"https:\/\/www.belleflamme.ca\/fr\/boutique\/"},{"@type":"ListItem","position":3,"name":"Climatisation &amp; Chauffage","item":"https:\/\/staging.belleflamme.ca\/fr\/categories\/climatisation-chauffage\/"},{"@type":"ListItem","position":4,"name":"Syst\u00e8me central","item":"https:\/\/staging.belleflamme.ca\/fr\/categories\/climatisation-chauffage\/systeme-central\/"},{"@type":"ListItem","position":5,"name":"Fournaise","item":"https:\/\/staging.belleflamme.ca\/fr\/categories\/climatisation-chauffage\/systeme-central\/fournaise\/"},{"@type":"ListItem","position":6,"name":"Fournaises au Gaz","item":"https:\/\/staging.belleflamme.ca\/fr\/categories\/climatisation-chauffage\/systeme-central\/fournaise\/fournaises-aux-gaz\/"},{"@type":"ListItem","position":7,"name":"Fournaise au Gaz S\u00c9RIE 9700 de Napoleon"}]},{"@type":"WebSite","@id":"https:\/\/www.belleflamme.ca\/fr\/#website","url":"https:\/\/www.belleflamme.ca\/fr\/","name":"Groupe Belleflamme","description":"La m\u00e9canique du b\u00e2timent dans le sang.","publisher":{"@id":"https:\/\/www.belleflamme.ca\/fr\/#organization"},"potentialAction":[{"@type":"SearchAction","target":{"@type":"EntryPoint","urlTemplate":"https:\/\/www.belleflamme.ca\/fr\/?s={search_term_string}"},"query-input":{"@type":"PropertyValueSpecification","valueRequired":true,"valueName":"search_term_string"}}],"inLanguage":"fr-FR"},{"@type":["Organization","Place"],"@id":"https:\/\/www.belleflamme.ca\/fr\/#organization","name":"Groupe Belleflamme","alternateName":"Belleflamme","url":"https:\/\/www.belleflamme.ca\/fr\/","logo":{"@type":"ImageObject","inLanguage":"fr-FR","@id":"https:\/\/www.belleflamme.ca\/fr\/#\/schema\/logo\/image\/","url":"https:\/\/staging.belleflamme.ca\/wp-content\/uploads\/2023\/01\/og-image.jpg","contentUrl":"https:\/\/staging.belleflamme.ca\/wp-content\/uploads\/2023\/01\/og-image.jpg","width":1200,"height":630,"caption":"Groupe Belleflamme"},"image":{"@id":"https:\/\/www.belleflamme.ca\/fr\/#\/schema\/logo\/image\/"},"sameAs":["https:\/\/www.facebook.com\/belleflamme.ca\/","https:\/\/www.linkedin.com\/company\/belleflamme\/","https:\/\/www.pinterest.ca\/groupebelleflamme\/","https:\/\/www.instagram.com\/legroupebelleflamme\/"],"mainEntityOfPage":{"@id":"https:\/\/staging.belleflamme.ca\/fr\/produit\/serie-9700\/"}}]},"product_brand":"Napoleon climatisation chauffage","og_availability":"instock","product_availability":"instock","product_condition":"new"},"_links":{"self":[{"href":"https:\/\/staging.belleflamme.ca\/fr\/wp-json\/wp\/v2\/product\/8325","targetHints":{"allow":["GET"]}}],"collection":[{"href":"https:\/\/staging.belleflamme.ca\/fr\/wp-json\/wp\/v2\/product"}],"about":[{"href":"https:\/\/staging.belleflamme.ca\/fr\/wp-json\/wp\/v2\/types\/product"}],"version-history":[{"count":10,"href":"https:\/\/staging.belleflamme.ca\/fr\/wp-json\/wp\/v2\/product\/8325\/revisions"}],"predecessor-version":[{"id":44477,"href":"https:\/\/staging.belleflamme.ca\/fr\/wp-json\/wp\/v2\/product\/8325\/revisions\/44477"}],"wp:featuredmedia":[{"embeddable":true,"href":"https:\/\/staging.belleflamme.ca\/fr\/wp-json\/wp\/v2\/media\/8326"}],"wp:attachment":[{"href":"https:\/\/staging.belleflamme.ca\/fr\/wp-json\/wp\/v2\/media?parent=8325"}],"wp:term":[{"taxonomy":"product_brand","embeddable":true,"href":"https:\/\/staging.belleflamme.ca\/fr\/wp-json\/wp\/v2\/product_brand?post=8325"},{"taxonomy":"product_cat","embeddable":true,"href":"https:\/\/staging.belleflamme.ca\/fr\/wp-json\/wp\/v2\/product_cat?post=8325"},{"taxonomy":"product_tag","embeddable":true,"href":"https:\/\/staging.belleflamme.ca\/fr\/wp-json\/wp\/v2\/product_tag?post=8325"}],"curies":[{"name":"wp","href":"https:\/\/api.w.org\/{rel}","templated":true}]}}