{"id":6461,"date":"2023-03-05T12:57:10","date_gmt":"2023-03-05T17:57:10","guid":{"rendered":"https:\/\/www.belleflamme.ca\/?post_type=product&#038;p=6461"},"modified":"2024-09-24T14:15:23","modified_gmt":"2024-09-24T18:15:23","slug":"foyer-au-bois-varia-b-fdh","status":"publish","type":"product","link":"https:\/\/staging.belleflamme.ca\/fr\/produit\/foyer-au-bois-varia-b-fdh\/","title":{"rendered":"Foyer au bois Varia B-FDh de Spartherm"},"content":{"rendered":"\t\t<div data-elementor-type=\"product-post\" data-elementor-id=\"6461\" class=\"elementor elementor-6461\" data-elementor-post-type=\"product\">\n\t\t\t\t\t\t<section class=\"elementor-section elementor-top-section elementor-element elementor-element-3043042f elementor-section-boxed elementor-section-height-default elementor-section-height-default\" data-id=\"3043042f\" data-element_type=\"section\">\n\t\t\t\t\t\t<div class=\"elementor-container elementor-column-gap-default\">\n\t\t\t\t\t<div class=\"elementor-column elementor-col-100 elementor-top-column elementor-element elementor-element-6424d254\" data-id=\"6424d254\" data-element_type=\"column\">\n\t\t\t<div class=\"elementor-widget-wrap elementor-element-populated\">\n\t\t\t\t\t\t<div class=\"elementor-element elementor-element-324dc31a elementor-widget elementor-widget-text-editor\" data-id=\"324dc31a\" data-element_type=\"widget\" data-widget_type=\"text-editor.default\">\n\t\t\t\t<div class=\"elementor-widget-container\">\n\t\t\t\t\t\t\t\t\tLe Varia B-FDh permet de relier deux pi\u00e8ces avec style gr\u00e2ce \u00e0 l\u2019\u00e9l\u00e9gance d\u2019une vue \u00e9largie sur le feu. Le foyer est dot\u00e9 d\u2019une porte relevable pour permettre de r\u00e9alimenter la chambre de combustion et d\u2018une porte \u00e0 charni\u00e8re pour faciliter le nettoyage de la vitre. Ce foyer encastrable est un foyer d\u00e9coratif exempt\u00e9 des tests EPA.\n\nCARACT\u00c9RISTIQUES TECHNIQUES\n\nCombustible : Bois\nForme de vitre : Transparent\nCharni\u00e8re de porte : bas\nCharni\u00e8re de porte : gauche\nEPA EPA : exon\u00e9r\u00e9\nType d&#8217;installation : le z\u00e9ro point\u00e9\nPuissance thermique (BTU) : 26500 \u00e0 49000 BTU\t\t\t\t\t\t\t\t<\/div>\n\t\t\t\t<\/div>\n\t\t\t\t\t<\/div>\n\t\t<\/div>\n\t\t\t\t\t<\/div>\n\t\t<\/section>\n\t\t\t\t<section class=\"elementor-section elementor-top-section elementor-element elementor-element-956532d elementor-section-boxed elementor-section-height-default elementor-section-height-default\" data-id=\"956532d\" data-element_type=\"section\">\n\t\t\t\t\t\t<div class=\"elementor-container elementor-column-gap-default\">\n\t\t\t\t\t<div class=\"elementor-column elementor-col-100 elementor-top-column elementor-element elementor-element-bcb0bdd\" data-id=\"bcb0bdd\" data-element_type=\"column\">\n\t\t\t<div class=\"elementor-widget-wrap elementor-element-populated\">\n\t\t\t\t\t\t<div class=\"elementor-element elementor-element-4356e19 elementor-tabs-view-horizontal elementor-widget elementor-widget-tabs\" data-id=\"4356e19\" data-element_type=\"widget\" data-widget_type=\"tabs.default\">\n\t\t\t\t<div class=\"elementor-widget-container\">\n\t\t\t\t\t\t\t<div class=\"elementor-tabs\">\n\t\t\t<div class=\"elementor-tabs-wrapper\" role=\"tablist\" >\n\t\t\t\t\t\t\t\t\t<div id=\"elementor-tab-title-7061\" class=\"elementor-tab-title elementor-tab-desktop-title\" aria-selected=\"true\" data-tab=\"1\" role=\"tab\" tabindex=\"0\" aria-controls=\"elementor-tab-content-7061\" aria-expanded=\"false\">Fichiers<\/div>\n\t\t\t\t\t\t\t<\/div>\n\t\t\t<div class=\"elementor-tabs-content-wrapper\" role=\"tablist\" aria-orientation=\"vertical\">\n\t\t\t\t\t\t\t\t\t<div class=\"elementor-tab-title elementor-tab-mobile-title\" aria-selected=\"true\" data-tab=\"1\" role=\"tab\" tabindex=\"0\" aria-controls=\"elementor-tab-content-7061\" aria-expanded=\"false\">Fichiers<\/div>\n\t\t\t\t\t<div id=\"elementor-tab-content-7061\" class=\"elementor-tab-content elementor-clearfix\" data-tab=\"1\" role=\"tabpanel\" aria-labelledby=\"elementor-tab-title-7061\" tabindex=\"0\" hidden=\"false\"><i class=\"far fa-file-pdf fa-xl\" style=\"font-size:35px\"><\/i><a href=\"https:\/\/www.belleflamme.ca\/wp-content\/uploads\/2023\/03\/CAN_FR_Installation_Operating_Instructions_Woodburning_Fireplace-11.pdf\"> Instruction(Fr)<\/a><\/br>\n\n<i class=\"far fa-file-pdf fa-xl\" style=\"font-size:35px\"><\/i><a href=\"https:\/\/www.belleflamme.ca\/wp-content\/uploads\/2023\/03\/TD_Varia_B-FDh_Blende_Spacer_inch_US-letter_FR.pdf\"> Dessin Technique(Fr)<\/a><\/br><\/div>\n\t\t\t\t\t\t\t<\/div>\n\t\t<\/div>\n\t\t\t\t\t\t<\/div>\n\t\t\t\t<\/div>\n\t\t\t\t\t<\/div>\n\t\t<\/div>\n\t\t\t\t\t<\/div>\n\t\t<\/section>\n\t\t\t\t<\/div>\n\t\t","protected":false},"excerpt":{"rendered":"<p>Le Varia B-FDh permet de relier deux pi\u00e8ces avec style gr\u00e2ce \u00e0 l\u2019\u00e9l\u00e9gance d\u2019une vue \u00e9largie sur le feu. Le foyer est dot\u00e9 d\u2019une porte relevable pour permettre de r\u00e9alimenter la chambre de combustion et d\u2018une porte \u00e0 charni\u00e8re pour faciliter le nettoyage de la vitre. Ce foyer encastrable est un foyer d\u00e9coratif exempt\u00e9 des [&hellip;]<\/p>\n","protected":false},"featured_media":6463,"template":"","meta":{"inline_featured_image":false},"product_brand":[221],"product_cat":[33,34,40],"product_tag":[],"class_list":{"0":"post-6461","1":"product","2":"type-product","3":"status-publish","4":"has-post-thumbnail","6":"product_brand-spartherm","7":"product_cat-poeles-et-foyers","8":"product_cat-poeles-et-foyers-au-bois","9":"product_cat-foyer-au-bois","11":"first","12":"instock","13":"taxable","14":"shipping-taxable","15":"purchasable","16":"product-type-simple"},"yoast_head":"<!-- This site is optimized with the Yoast SEO Premium plugin v24.2 (Yoast SEO v24.2) - https:\/\/yoast.com\/wordpress\/plugins\/seo\/ -->\n<title>Foyer au bois Varia B-FDh de Spartherm - Groupe BelleFlamme<\/title>\n<meta name=\"description\" content=\"Foyer au bois Varia B-FDh de Spartherm vendu et install\u00e9 par le Groupe Belleflamme. Laval, Montr\u00e9al, Gatineau, Drummondville et Saint-Sauveur.\" \/>\n<meta name=\"robots\" content=\"index, follow, max-snippet:-1, max-image-preview:large, max-video-preview:-1\" \/>\n<link rel=\"canonical\" href=\"https:\/\/staging.belleflamme.ca\/fr\/produit\/foyer-au-bois-varia-b-fdh\/\" \/>\n<meta property=\"og:locale\" content=\"fr_FR\" \/>\n<meta property=\"og:type\" content=\"article\" \/>\n<meta property=\"og:title\" content=\"Foyer au bois Varia B-FDh de Spartherm\" \/>\n<meta property=\"og:description\" content=\"Foyer au bois Varia B-FDh de Spartherm vendu et install\u00e9 par le Groupe Belleflamme. Laval, Montr\u00e9al, Gatineau, Drummondville et Saint-Sauveur.\" \/>\n<meta property=\"og:url\" content=\"https:\/\/staging.belleflamme.ca\/fr\/produit\/foyer-au-bois-varia-b-fdh\/\" \/>\n<meta property=\"og:site_name\" content=\"Groupe BelleFlamme\" \/>\n<meta property=\"article:publisher\" content=\"https:\/\/www.facebook.com\/belleflamme.ca\/\" \/>\n<meta property=\"article:modified_time\" content=\"2024-09-24T18:15:23+00:00\" \/>\n<meta property=\"og:image\" content=\"https:\/\/www.belleflamme.ca\/wp-content\/uploads\/2023\/03\/csm_Varia_B-FDh_USA_9fdebaf221.jpg\" \/>\n\t<meta property=\"og:image:width\" content=\"1920\" \/>\n\t<meta property=\"og:image:height\" content=\"1080\" \/>\n\t<meta property=\"og:image:type\" content=\"image\/jpeg\" \/>\n<meta name=\"twitter:card\" content=\"summary_large_image\" \/>\n<meta name=\"twitter:label1\" content=\"Prix\" \/>\n\t<meta name=\"twitter:data1\" content=\"&#036;15,176.00\" \/>\n\t<meta name=\"twitter:label2\" content=\"Disponibilit\u00e9\" \/>\n\t<meta name=\"twitter:data2\" content=\"En stock\" \/>\n<script type=\"application\/ld+json\" class=\"yoast-schema-graph\">{\"@context\":\"https:\/\/schema.org\",\"@graph\":[{\"@type\":[\"WebPage\",\"ItemPage\"],\"@id\":\"https:\/\/staging.belleflamme.ca\/fr\/produit\/foyer-au-bois-varia-b-fdh\/\",\"url\":\"https:\/\/staging.belleflamme.ca\/fr\/produit\/foyer-au-bois-varia-b-fdh\/\",\"name\":\"Foyer au bois Varia B-FDh de Spartherm - Groupe BelleFlamme\",\"isPartOf\":{\"@id\":\"https:\/\/www.belleflamme.ca\/fr\/#website\"},\"primaryImageOfPage\":{\"@id\":\"https:\/\/staging.belleflamme.ca\/fr\/produit\/foyer-au-bois-varia-b-fdh\/#primaryimage\"},\"image\":{\"@id\":\"https:\/\/staging.belleflamme.ca\/fr\/produit\/foyer-au-bois-varia-b-fdh\/#primaryimage\"},\"thumbnailUrl\":\"https:\/\/staging.belleflamme.ca\/wp-content\/uploads\/2023\/03\/csm_Varia_B-FDh_USA_9fdebaf221.jpg\",\"datePublished\":\"2023-03-05T17:57:10+00:00\",\"dateModified\":\"2024-09-24T18:15:23+00:00\",\"description\":\"Foyer au bois Varia B-FDh de Spartherm [get_meta_en_fr]\",\"breadcrumb\":{\"@id\":\"https:\/\/staging.belleflamme.ca\/fr\/produit\/foyer-au-bois-varia-b-fdh\/#breadcrumb\"},\"inLanguage\":\"fr-FR\",\"potentialAction\":[{\"@type\":\"ReadAction\",\"target\":[\"https:\/\/staging.belleflamme.ca\/fr\/produit\/foyer-au-bois-varia-b-fdh\/\"]}]},{\"@type\":\"ImageObject\",\"inLanguage\":\"fr-FR\",\"@id\":\"https:\/\/staging.belleflamme.ca\/fr\/produit\/foyer-au-bois-varia-b-fdh\/#primaryimage\",\"url\":\"https:\/\/staging.belleflamme.ca\/wp-content\/uploads\/2023\/03\/csm_Varia_B-FDh_USA_9fdebaf221.jpg\",\"contentUrl\":\"https:\/\/staging.belleflamme.ca\/wp-content\/uploads\/2023\/03\/csm_Varia_B-FDh_USA_9fdebaf221.jpg\",\"width\":1920,\"height\":1080,\"caption\":\"spartherm Varia B-FDh\"},{\"@type\":\"BreadcrumbList\",\"@id\":\"https:\/\/staging.belleflamme.ca\/fr\/produit\/foyer-au-bois-varia-b-fdh\/#breadcrumb\",\"itemListElement\":[{\"@type\":\"ListItem\",\"position\":1,\"name\":\"Accueil\",\"item\":\"https:\/\/www.belleflamme.ca\/fr\/\"},{\"@type\":\"ListItem\",\"position\":2,\"name\":\"Boutique\",\"item\":\"https:\/\/www.belleflamme.ca\/fr\/boutique\/\"},{\"@type\":\"ListItem\",\"position\":3,\"name\":\"Po\u00eales &amp; Foyers\",\"item\":\"https:\/\/staging.belleflamme.ca\/fr\/categories\/poeles-et-foyers\/\"},{\"@type\":\"ListItem\",\"position\":4,\"name\":\"Po\u00eales &amp; Foyers au Bois\",\"item\":\"https:\/\/staging.belleflamme.ca\/fr\/categories\/poeles-et-foyers\/poeles-et-foyers-au-bois\/\"},{\"@type\":\"ListItem\",\"position\":5,\"name\":\"Foyer au Bois\",\"item\":\"https:\/\/staging.belleflamme.ca\/fr\/categories\/poeles-et-foyers\/poeles-et-foyers-au-bois\/foyer-au-bois\/\"},{\"@type\":\"ListItem\",\"position\":6,\"name\":\"Foyer au bois Varia B-FDh de Spartherm\"}]},{\"@type\":\"WebSite\",\"@id\":\"https:\/\/www.belleflamme.ca\/fr\/#website\",\"url\":\"https:\/\/www.belleflamme.ca\/fr\/\",\"name\":\"Groupe Belleflamme\",\"description\":\"La m\u00e9canique du b\u00e2timent dans le sang.\",\"publisher\":{\"@id\":\"https:\/\/www.belleflamme.ca\/fr\/#organization\"},\"potentialAction\":[{\"@type\":\"SearchAction\",\"target\":{\"@type\":\"EntryPoint\",\"urlTemplate\":\"https:\/\/www.belleflamme.ca\/fr\/?s={search_term_string}\"},\"query-input\":{\"@type\":\"PropertyValueSpecification\",\"valueRequired\":true,\"valueName\":\"search_term_string\"}}],\"inLanguage\":\"fr-FR\"},{\"@type\":[\"Organization\",\"Place\"],\"@id\":\"https:\/\/www.belleflamme.ca\/fr\/#organization\",\"name\":\"Groupe Belleflamme\",\"alternateName\":\"Belleflamme\",\"url\":\"https:\/\/www.belleflamme.ca\/fr\/\",\"logo\":{\"@type\":\"ImageObject\",\"inLanguage\":\"fr-FR\",\"@id\":\"https:\/\/www.belleflamme.ca\/fr\/#\/schema\/logo\/image\/\",\"url\":\"https:\/\/staging.belleflamme.ca\/wp-content\/uploads\/2023\/01\/og-image.jpg\",\"contentUrl\":\"https:\/\/staging.belleflamme.ca\/wp-content\/uploads\/2023\/01\/og-image.jpg\",\"width\":1200,\"height\":630,\"caption\":\"Groupe Belleflamme\"},\"image\":{\"@id\":\"https:\/\/www.belleflamme.ca\/fr\/#\/schema\/logo\/image\/\"},\"sameAs\":[\"https:\/\/www.facebook.com\/belleflamme.ca\/\",\"https:\/\/www.linkedin.com\/company\/belleflamme\/\",\"https:\/\/www.pinterest.ca\/groupebelleflamme\/\",\"https:\/\/www.instagram.com\/legroupebelleflamme\/\"],\"mainEntityOfPage\":{\"@id\":\"https:\/\/staging.belleflamme.ca\/fr\/produit\/foyer-au-bois-varia-b-fdh\/\"}}]}<\/script>\n<meta property=\"product:brand\" content=\"SparTherm\" \/>\n<meta property=\"product:price:amount\" content=\"15176.00\" \/>\n<meta property=\"product:price:currency\" content=\"CAD\" \/>\n<meta property=\"og:availability\" content=\"instock\" \/>\n<meta property=\"product:availability\" content=\"instock\" \/>\n<meta property=\"product:retailer_item_id\" content=\"1061430fbv\" \/>\n<meta property=\"product:condition\" content=\"new\" \/>\n<!-- \/ Yoast SEO Premium plugin. -->","yoast_head_json":{"title":"Foyer au bois Varia B-FDh de Spartherm - Groupe BelleFlamme","description":"Foyer au bois Varia B-FDh de Spartherm vendu et install\u00e9 par le Groupe Belleflamme. Laval, Montr\u00e9al, Gatineau, Drummondville et Saint-Sauveur.","robots":{"index":"index","follow":"follow","max-snippet":"max-snippet:-1","max-image-preview":"max-image-preview:large","max-video-preview":"max-video-preview:-1"},"canonical":"https:\/\/staging.belleflamme.ca\/fr\/produit\/foyer-au-bois-varia-b-fdh\/","og_locale":"fr_FR","og_type":"article","og_title":"Foyer au bois Varia B-FDh de Spartherm","og_description":"Foyer au bois Varia B-FDh de Spartherm vendu et install\u00e9 par le Groupe Belleflamme. Laval, Montr\u00e9al, Gatineau, Drummondville et Saint-Sauveur.","og_url":"https:\/\/staging.belleflamme.ca\/fr\/produit\/foyer-au-bois-varia-b-fdh\/","og_site_name":"Groupe BelleFlamme","article_publisher":"https:\/\/www.facebook.com\/belleflamme.ca\/","article_modified_time":"2024-09-24T18:15:23+00:00","og_image":[{"width":1920,"height":1080,"url":"https:\/\/www.belleflamme.ca\/wp-content\/uploads\/2023\/03\/csm_Varia_B-FDh_USA_9fdebaf221.jpg","type":"image\/jpeg"}],"twitter_card":"summary_large_image","twitter_misc":{"Prix":"&#36;15,176.00","Disponibilit\u00e9":"En stock"},"schema":{"@context":"https:\/\/schema.org","@graph":[{"@type":["WebPage","ItemPage"],"@id":"https:\/\/staging.belleflamme.ca\/fr\/produit\/foyer-au-bois-varia-b-fdh\/","url":"https:\/\/staging.belleflamme.ca\/fr\/produit\/foyer-au-bois-varia-b-fdh\/","name":"Foyer au bois Varia B-FDh de Spartherm - Groupe BelleFlamme","isPartOf":{"@id":"https:\/\/www.belleflamme.ca\/fr\/#website"},"primaryImageOfPage":{"@id":"https:\/\/staging.belleflamme.ca\/fr\/produit\/foyer-au-bois-varia-b-fdh\/#primaryimage"},"image":{"@id":"https:\/\/staging.belleflamme.ca\/fr\/produit\/foyer-au-bois-varia-b-fdh\/#primaryimage"},"thumbnailUrl":"https:\/\/staging.belleflamme.ca\/wp-content\/uploads\/2023\/03\/csm_Varia_B-FDh_USA_9fdebaf221.jpg","datePublished":"2023-03-05T17:57:10+00:00","dateModified":"2024-09-24T18:15:23+00:00","description":"Foyer au bois Varia B-FDh de Spartherm [get_meta_en_fr]","breadcrumb":{"@id":"https:\/\/staging.belleflamme.ca\/fr\/produit\/foyer-au-bois-varia-b-fdh\/#breadcrumb"},"inLanguage":"fr-FR","potentialAction":[{"@type":"ReadAction","target":["https:\/\/staging.belleflamme.ca\/fr\/produit\/foyer-au-bois-varia-b-fdh\/"]}]},{"@type":"ImageObject","inLanguage":"fr-FR","@id":"https:\/\/staging.belleflamme.ca\/fr\/produit\/foyer-au-bois-varia-b-fdh\/#primaryimage","url":"https:\/\/staging.belleflamme.ca\/wp-content\/uploads\/2023\/03\/csm_Varia_B-FDh_USA_9fdebaf221.jpg","contentUrl":"https:\/\/staging.belleflamme.ca\/wp-content\/uploads\/2023\/03\/csm_Varia_B-FDh_USA_9fdebaf221.jpg","width":1920,"height":1080,"caption":"spartherm Varia B-FDh"},{"@type":"BreadcrumbList","@id":"https:\/\/staging.belleflamme.ca\/fr\/produit\/foyer-au-bois-varia-b-fdh\/#breadcrumb","itemListElement":[{"@type":"ListItem","position":1,"name":"Accueil","item":"https:\/\/www.belleflamme.ca\/fr\/"},{"@type":"ListItem","position":2,"name":"Boutique","item":"https:\/\/www.belleflamme.ca\/fr\/boutique\/"},{"@type":"ListItem","position":3,"name":"Po\u00eales &amp; Foyers","item":"https:\/\/staging.belleflamme.ca\/fr\/categories\/poeles-et-foyers\/"},{"@type":"ListItem","position":4,"name":"Po\u00eales &amp; Foyers au Bois","item":"https:\/\/staging.belleflamme.ca\/fr\/categories\/poeles-et-foyers\/poeles-et-foyers-au-bois\/"},{"@type":"ListItem","position":5,"name":"Foyer au Bois","item":"https:\/\/staging.belleflamme.ca\/fr\/categories\/poeles-et-foyers\/poeles-et-foyers-au-bois\/foyer-au-bois\/"},{"@type":"ListItem","position":6,"name":"Foyer au bois Varia B-FDh de Spartherm"}]},{"@type":"WebSite","@id":"https:\/\/www.belleflamme.ca\/fr\/#website","url":"https:\/\/www.belleflamme.ca\/fr\/","name":"Groupe Belleflamme","description":"La m\u00e9canique du b\u00e2timent dans le sang.","publisher":{"@id":"https:\/\/www.belleflamme.ca\/fr\/#organization"},"potentialAction":[{"@type":"SearchAction","target":{"@type":"EntryPoint","urlTemplate":"https:\/\/www.belleflamme.ca\/fr\/?s={search_term_string}"},"query-input":{"@type":"PropertyValueSpecification","valueRequired":true,"valueName":"search_term_string"}}],"inLanguage":"fr-FR"},{"@type":["Organization","Place"],"@id":"https:\/\/www.belleflamme.ca\/fr\/#organization","name":"Groupe Belleflamme","alternateName":"Belleflamme","url":"https:\/\/www.belleflamme.ca\/fr\/","logo":{"@type":"ImageObject","inLanguage":"fr-FR","@id":"https:\/\/www.belleflamme.ca\/fr\/#\/schema\/logo\/image\/","url":"https:\/\/staging.belleflamme.ca\/wp-content\/uploads\/2023\/01\/og-image.jpg","contentUrl":"https:\/\/staging.belleflamme.ca\/wp-content\/uploads\/2023\/01\/og-image.jpg","width":1200,"height":630,"caption":"Groupe Belleflamme"},"image":{"@id":"https:\/\/www.belleflamme.ca\/fr\/#\/schema\/logo\/image\/"},"sameAs":["https:\/\/www.facebook.com\/belleflamme.ca\/","https:\/\/www.linkedin.com\/company\/belleflamme\/","https:\/\/www.pinterest.ca\/groupebelleflamme\/","https:\/\/www.instagram.com\/legroupebelleflamme\/"],"mainEntityOfPage":{"@id":"https:\/\/staging.belleflamme.ca\/fr\/produit\/foyer-au-bois-varia-b-fdh\/"}}]},"product_brand":"SparTherm","product_price_amount":"15176.00","product_price_currency":"CAD","og_availability":"instock","product_availability":"instock","product_retailer_item_id":"1061430fbv","product_condition":"new"},"_links":{"self":[{"href":"https:\/\/staging.belleflamme.ca\/fr\/wp-json\/wp\/v2\/product\/6461","targetHints":{"allow":["GET"]}}],"collection":[{"href":"https:\/\/staging.belleflamme.ca\/fr\/wp-json\/wp\/v2\/product"}],"about":[{"href":"https:\/\/staging.belleflamme.ca\/fr\/wp-json\/wp\/v2\/types\/product"}],"version-history":[{"count":6,"href":"https:\/\/staging.belleflamme.ca\/fr\/wp-json\/wp\/v2\/product\/6461\/revisions"}],"predecessor-version":[{"id":43246,"href":"https:\/\/staging.belleflamme.ca\/fr\/wp-json\/wp\/v2\/product\/6461\/revisions\/43246"}],"wp:featuredmedia":[{"embeddable":true,"href":"https:\/\/staging.belleflamme.ca\/fr\/wp-json\/wp\/v2\/media\/6463"}],"wp:attachment":[{"href":"https:\/\/staging.belleflamme.ca\/fr\/wp-json\/wp\/v2\/media?parent=6461"}],"wp:term":[{"taxonomy":"product_brand","embeddable":true,"href":"https:\/\/staging.belleflamme.ca\/fr\/wp-json\/wp\/v2\/product_brand?post=6461"},{"taxonomy":"product_cat","embeddable":true,"href":"https:\/\/staging.belleflamme.ca\/fr\/wp-json\/wp\/v2\/product_cat?post=6461"},{"taxonomy":"product_tag","embeddable":true,"href":"https:\/\/staging.belleflamme.ca\/fr\/wp-json\/wp\/v2\/product_tag?post=6461"}],"curies":[{"name":"wp","href":"https:\/\/api.w.org\/{rel}","templated":true}]}}