{"id":5644,"date":"2023-02-21T12:01:34","date_gmt":"2023-02-21T17:01:34","guid":{"rendered":"https:\/\/www.belleflamme.ca\/product\/louisiana-grill-800-black-label\/"},"modified":"2024-05-16T12:33:11","modified_gmt":"2024-05-16T16:33:11","slug":"louisiana-grill-800-black-label","status":"publish","type":"product","link":"https:\/\/staging.belleflamme.ca\/fr\/produit\/louisiana-grill-800-black-label\/","title":{"rendered":"Louisiana Grill 800 Black Label"},"content":{"rendered":"<p>La s\u00e9rie Black Label de Louisiana Grills est une saveur red\u00e9finie.<\/p>\n<p>Il r\u00e9invente la gamme originale de grillades de la s\u00e9rie Louisiana en incluant des conceptions<br \/>\nhaut de gamme et des mises \u00e0 niveau technologiques haut de gamme.<br \/>\nProfitez d&#8217;un tableau de commande num\u00e9rique intelligent avec capacit\u00e9 Wi-Fi et Bluetooth int\u00e9gr\u00e9e.<br \/>\nTout ce que vous pouvez faire sur votre tableau de commande num\u00e9rique peut \u00eatre fait dans la paume<br \/>\nde votre main \u00e0 l&#8217;aide d&#8217;un smartphone et de l&#8217;application Louisiana Grills.<br \/>\nLa s\u00e9rie Black Label fait \u00e9galement un pas audacieux vers l&#8217;avenir avec un syst\u00e8me<br \/>\nd&#8217;\u00e9chappement exclusif robuste et enti\u00e8rement con\u00e7u. Bienvenue \u00e0 l&#8217;\u00e9chelon sup\u00e9rieur du gril<br \/>\nen atteignant des temp\u00e9ratures de gril plus chaudes \u00e0 des vitesses plus rapides que jamais.<br \/>\nLa s\u00e9rie Black Label offre une exp\u00e9rience r\u00e9fl\u00e9chie et centr\u00e9e sur<br \/>\nle gril qui vous permet de contr\u00f4ler la cuisine ext\u00e9rieure de luxe.<\/p>\n<p>Avec une multitude d&#8217;accompagnements innovants, le 800 Black Label Grill est<br \/>\nle grill parfait pour g\u00e9rer des repas complets pour 7 \u00e0 8 personnes.<br \/>\nIl offre une polyvalence robuste dans un format familial. Entre 809 pouces carr\u00e9s d&#8217;espace<br \/>\nde cuisson, une plage de temp\u00e9rature de 180 \u00b0 \u00e0 600 \u00b0 F et une tr\u00e9mie de 18 livres,<br \/>\nle LG800BL va au-del\u00e0 du gril pr\u00e9visible de grande taille.<br \/>\nIl est \u00e9galement \u00e9quip\u00e9 de deux sondes \u00e0 viande programmables enti\u00e8rement fonctionnelles,<br \/>\nd&#8217;un levier de gril \u00e0 plaque coulissante ouvert et ferm\u00e9 pour une chaleur directe et indirecte,<br \/>\nde grilles de cuisson recouvertes de porcelaine, d&#8217;une technologie de circulation<br \/>\nd&#8217;air \u00e0 convection forc\u00e9e par ventilateur, d&#8217;un allumage automatique du gril \u00e0 une touche.<br \/>\nD\u00e9marrage et refroidissement automatiques.<\/p>\n<p>-809 pouces carr\u00e9s<br \/>\n-Tr\u00e9mie de 18 livres<br \/>\n-Plage de temp\u00e9rature de 180\u00b0 \u00e0 600\u00b0F<br \/>\n-construction en acier robuste de calibre 14<br \/>\n-finition en poudre de sable noir haute temp\u00e9rature<br \/>\n-\u00c9tag\u00e8re avant pliante en acier massif<br \/>\n-\u00c9tag\u00e8re inf\u00e9rieure en acier massif<br \/>\n-Quatre roulettes verrouillables<br \/>\n-Poign\u00e9es en acier inoxydable nickel\u00e9 noir<br \/>\n-\u00c9tag\u00e8re inf\u00e9rieure en acier massif<\/p>\n","protected":false},"excerpt":{"rendered":"<p>La s\u00e9rie Black Label de Louisiana Grills est une saveur red\u00e9finie. Il r\u00e9invente la gamme originale de grillades de la s\u00e9rie Louisiana en incluant des conceptions haut de gamme et des mises \u00e0 niveau technologiques haut de gamme. Profitez d&#8217;un tableau de commande num\u00e9rique intelligent avec capacit\u00e9 Wi-Fi et Bluetooth int\u00e9gr\u00e9e. Tout ce que vous [&hellip;]<\/p>\n","protected":false},"featured_media":5694,"template":"","meta":{"inline_featured_image":false},"product_brand":[349],"product_cat":[113,115],"product_tag":[],"class_list":{"0":"post-5644","1":"product","2":"type-product","3":"status-publish","4":"has-post-thumbnail","6":"product_brand-louisiana-grills","7":"product_cat-bbq-produits-exterieurs","8":"product_cat-bbq-grills-et-fumoirs","10":"first","11":"instock","12":"taxable","13":"shipping-taxable","14":"product-type-simple"},"yoast_head":"<!-- This site is optimized with the Yoast SEO Premium plugin v24.2 (Yoast SEO v24.2) - https:\/\/yoast.com\/wordpress\/plugins\/seo\/ -->\n<title>Louisiana Grill 800 Black Label - Groupe BelleFlamme<\/title>\n<meta name=\"description\" content=\"Louisiana Grill 800 Black Label vendu et install\u00e9 par le Groupe Belleflamme. Laval, Montr\u00e9al, Gatineau, Drummondville et Saint-Sauveur.\" \/>\n<meta name=\"robots\" content=\"index, follow, max-snippet:-1, max-image-preview:large, max-video-preview:-1\" \/>\n<link rel=\"canonical\" href=\"https:\/\/staging.belleflamme.ca\/fr\/produit\/louisiana-grill-800-black-label\/\" \/>\n<meta property=\"og:locale\" content=\"fr_FR\" \/>\n<meta property=\"og:type\" content=\"article\" \/>\n<meta property=\"og:title\" content=\"Louisiana Grill 800 Black Label\" \/>\n<meta property=\"og:description\" content=\"Louisiana Grill 800 Black Label vendu et install\u00e9 par le Groupe Belleflamme. Laval, Montr\u00e9al, Gatineau, Drummondville et Saint-Sauveur.\" \/>\n<meta property=\"og:url\" content=\"https:\/\/staging.belleflamme.ca\/fr\/produit\/louisiana-grill-800-black-label\/\" \/>\n<meta property=\"og:site_name\" content=\"Groupe BelleFlamme\" \/>\n<meta property=\"article:publisher\" content=\"https:\/\/www.facebook.com\/belleflamme.ca\/\" \/>\n<meta property=\"article:modified_time\" content=\"2024-05-16T16:33:11+00:00\" \/>\n<meta property=\"og:image\" content=\"https:\/\/www.belleflamme.ca\/wp-content\/uploads\/2023\/02\/louisiana-grilss-800-black-label.webp\" \/>\n\t<meta property=\"og:image:width\" content=\"1000\" \/>\n\t<meta property=\"og:image:height\" content=\"1000\" \/>\n\t<meta property=\"og:image:type\" content=\"image\/webp\" \/>\n<meta name=\"twitter:card\" content=\"summary_large_image\" \/>\n<meta name=\"twitter:label1\" content=\"Prix\" \/>\n\t<meta name=\"twitter:data1\" content=\"\" \/>\n\t<meta name=\"twitter:label2\" content=\"Disponibilit\u00e9\" \/>\n\t<meta name=\"twitter:data2\" content=\"En stock\" \/>\n<script type=\"application\/ld+json\" class=\"yoast-schema-graph\">{\"@context\":\"https:\/\/schema.org\",\"@graph\":[{\"@type\":[\"WebPage\",\"ItemPage\"],\"@id\":\"https:\/\/staging.belleflamme.ca\/fr\/produit\/louisiana-grill-800-black-label\/\",\"url\":\"https:\/\/staging.belleflamme.ca\/fr\/produit\/louisiana-grill-800-black-label\/\",\"name\":\"Louisiana Grill 800 Black Label - Groupe BelleFlamme\",\"isPartOf\":{\"@id\":\"https:\/\/www.belleflamme.ca\/fr\/#website\"},\"primaryImageOfPage\":{\"@id\":\"https:\/\/staging.belleflamme.ca\/fr\/produit\/louisiana-grill-800-black-label\/#primaryimage\"},\"image\":{\"@id\":\"https:\/\/staging.belleflamme.ca\/fr\/produit\/louisiana-grill-800-black-label\/#primaryimage\"},\"thumbnailUrl\":\"https:\/\/staging.belleflamme.ca\/wp-content\/uploads\/2023\/02\/louisiana-grilss-800-black-label.webp\",\"datePublished\":\"2023-02-21T17:01:34+00:00\",\"dateModified\":\"2024-05-16T16:33:11+00:00\",\"description\":\"Louisiana Grill 800 Black Label [get_meta_en_fr]\",\"breadcrumb\":{\"@id\":\"https:\/\/staging.belleflamme.ca\/fr\/produit\/louisiana-grill-800-black-label\/#breadcrumb\"},\"inLanguage\":\"fr-FR\",\"potentialAction\":[{\"@type\":\"ReadAction\",\"target\":[\"https:\/\/staging.belleflamme.ca\/fr\/produit\/louisiana-grill-800-black-label\/\"]}]},{\"@type\":\"ImageObject\",\"inLanguage\":\"fr-FR\",\"@id\":\"https:\/\/staging.belleflamme.ca\/fr\/produit\/louisiana-grill-800-black-label\/#primaryimage\",\"url\":\"https:\/\/staging.belleflamme.ca\/wp-content\/uploads\/2023\/02\/louisiana-grilss-800-black-label.webp\",\"contentUrl\":\"https:\/\/staging.belleflamme.ca\/wp-content\/uploads\/2023\/02\/louisiana-grilss-800-black-label.webp\",\"width\":1000,\"height\":1000,\"caption\":\"louisiana grilss 800 black label\"},{\"@type\":\"BreadcrumbList\",\"@id\":\"https:\/\/staging.belleflamme.ca\/fr\/produit\/louisiana-grill-800-black-label\/#breadcrumb\",\"itemListElement\":[{\"@type\":\"ListItem\",\"position\":1,\"name\":\"Accueil\",\"item\":\"https:\/\/www.belleflamme.ca\/fr\/\"},{\"@type\":\"ListItem\",\"position\":2,\"name\":\"Boutique\",\"item\":\"https:\/\/www.belleflamme.ca\/fr\/boutique\/\"},{\"@type\":\"ListItem\",\"position\":3,\"name\":\"BBQ &amp; Produits Ext\u00e9rieurs\",\"item\":\"https:\/\/staging.belleflamme.ca\/fr\/categories\/bbq-produits-exterieurs\/\"},{\"@type\":\"ListItem\",\"position\":4,\"name\":\"BBQ Grills et Fumoirs\",\"item\":\"https:\/\/staging.belleflamme.ca\/fr\/categories\/bbq-produits-exterieurs\/bbq-grills-et-fumoirs\/\"},{\"@type\":\"ListItem\",\"position\":5,\"name\":\"Louisiana Grill 800 Black Label\"}]},{\"@type\":\"WebSite\",\"@id\":\"https:\/\/www.belleflamme.ca\/fr\/#website\",\"url\":\"https:\/\/www.belleflamme.ca\/fr\/\",\"name\":\"Groupe Belleflamme\",\"description\":\"La m\u00e9canique du b\u00e2timent dans le sang.\",\"publisher\":{\"@id\":\"https:\/\/www.belleflamme.ca\/fr\/#organization\"},\"potentialAction\":[{\"@type\":\"SearchAction\",\"target\":{\"@type\":\"EntryPoint\",\"urlTemplate\":\"https:\/\/www.belleflamme.ca\/fr\/?s={search_term_string}\"},\"query-input\":{\"@type\":\"PropertyValueSpecification\",\"valueRequired\":true,\"valueName\":\"search_term_string\"}}],\"inLanguage\":\"fr-FR\"},{\"@type\":[\"Organization\",\"Place\"],\"@id\":\"https:\/\/www.belleflamme.ca\/fr\/#organization\",\"name\":\"Groupe Belleflamme\",\"alternateName\":\"Belleflamme\",\"url\":\"https:\/\/www.belleflamme.ca\/fr\/\",\"logo\":{\"@type\":\"ImageObject\",\"inLanguage\":\"fr-FR\",\"@id\":\"https:\/\/www.belleflamme.ca\/fr\/#\/schema\/logo\/image\/\",\"url\":\"https:\/\/staging.belleflamme.ca\/wp-content\/uploads\/2023\/01\/og-image.jpg\",\"contentUrl\":\"https:\/\/staging.belleflamme.ca\/wp-content\/uploads\/2023\/01\/og-image.jpg\",\"width\":1200,\"height\":630,\"caption\":\"Groupe Belleflamme\"},\"image\":{\"@id\":\"https:\/\/www.belleflamme.ca\/fr\/#\/schema\/logo\/image\/\"},\"sameAs\":[\"https:\/\/www.facebook.com\/belleflamme.ca\/\",\"https:\/\/www.linkedin.com\/company\/belleflamme\/\",\"https:\/\/www.pinterest.ca\/groupebelleflamme\/\",\"https:\/\/www.instagram.com\/legroupebelleflamme\/\"],\"mainEntityOfPage\":{\"@id\":\"https:\/\/staging.belleflamme.ca\/fr\/produit\/louisiana-grill-800-black-label\/\"}}]}<\/script>\n<meta property=\"product:brand\" content=\"Louisiana Grills\" \/>\n<meta property=\"product:price:amount\" content=\"0.00\" \/>\n<meta property=\"product:price:currency\" content=\"CAD\" \/>\n<meta property=\"og:availability\" content=\"instock\" \/>\n<meta property=\"product:availability\" content=\"instock\" \/>\n<meta property=\"product:condition\" content=\"new\" \/>\n<!-- \/ Yoast SEO Premium plugin. -->","yoast_head_json":{"title":"Louisiana Grill 800 Black Label - Groupe BelleFlamme","description":"Louisiana Grill 800 Black Label vendu et install\u00e9 par le Groupe Belleflamme. Laval, Montr\u00e9al, Gatineau, Drummondville et Saint-Sauveur.","robots":{"index":"index","follow":"follow","max-snippet":"max-snippet:-1","max-image-preview":"max-image-preview:large","max-video-preview":"max-video-preview:-1"},"canonical":"https:\/\/staging.belleflamme.ca\/fr\/produit\/louisiana-grill-800-black-label\/","og_locale":"fr_FR","og_type":"article","og_title":"Louisiana Grill 800 Black Label","og_description":"Louisiana Grill 800 Black Label vendu et install\u00e9 par le Groupe Belleflamme. Laval, Montr\u00e9al, Gatineau, Drummondville et Saint-Sauveur.","og_url":"https:\/\/staging.belleflamme.ca\/fr\/produit\/louisiana-grill-800-black-label\/","og_site_name":"Groupe BelleFlamme","article_publisher":"https:\/\/www.facebook.com\/belleflamme.ca\/","article_modified_time":"2024-05-16T16:33:11+00:00","og_image":[{"width":1000,"height":1000,"url":"https:\/\/www.belleflamme.ca\/wp-content\/uploads\/2023\/02\/louisiana-grilss-800-black-label.webp","type":"image\/webp"}],"twitter_card":"summary_large_image","twitter_misc":{"Prix":"","Disponibilit\u00e9":"En stock"},"schema":{"@context":"https:\/\/schema.org","@graph":[{"@type":["WebPage","ItemPage"],"@id":"https:\/\/staging.belleflamme.ca\/fr\/produit\/louisiana-grill-800-black-label\/","url":"https:\/\/staging.belleflamme.ca\/fr\/produit\/louisiana-grill-800-black-label\/","name":"Louisiana Grill 800 Black Label - Groupe BelleFlamme","isPartOf":{"@id":"https:\/\/www.belleflamme.ca\/fr\/#website"},"primaryImageOfPage":{"@id":"https:\/\/staging.belleflamme.ca\/fr\/produit\/louisiana-grill-800-black-label\/#primaryimage"},"image":{"@id":"https:\/\/staging.belleflamme.ca\/fr\/produit\/louisiana-grill-800-black-label\/#primaryimage"},"thumbnailUrl":"https:\/\/staging.belleflamme.ca\/wp-content\/uploads\/2023\/02\/louisiana-grilss-800-black-label.webp","datePublished":"2023-02-21T17:01:34+00:00","dateModified":"2024-05-16T16:33:11+00:00","description":"Louisiana Grill 800 Black Label [get_meta_en_fr]","breadcrumb":{"@id":"https:\/\/staging.belleflamme.ca\/fr\/produit\/louisiana-grill-800-black-label\/#breadcrumb"},"inLanguage":"fr-FR","potentialAction":[{"@type":"ReadAction","target":["https:\/\/staging.belleflamme.ca\/fr\/produit\/louisiana-grill-800-black-label\/"]}]},{"@type":"ImageObject","inLanguage":"fr-FR","@id":"https:\/\/staging.belleflamme.ca\/fr\/produit\/louisiana-grill-800-black-label\/#primaryimage","url":"https:\/\/staging.belleflamme.ca\/wp-content\/uploads\/2023\/02\/louisiana-grilss-800-black-label.webp","contentUrl":"https:\/\/staging.belleflamme.ca\/wp-content\/uploads\/2023\/02\/louisiana-grilss-800-black-label.webp","width":1000,"height":1000,"caption":"louisiana grilss 800 black label"},{"@type":"BreadcrumbList","@id":"https:\/\/staging.belleflamme.ca\/fr\/produit\/louisiana-grill-800-black-label\/#breadcrumb","itemListElement":[{"@type":"ListItem","position":1,"name":"Accueil","item":"https:\/\/www.belleflamme.ca\/fr\/"},{"@type":"ListItem","position":2,"name":"Boutique","item":"https:\/\/www.belleflamme.ca\/fr\/boutique\/"},{"@type":"ListItem","position":3,"name":"BBQ &amp; Produits Ext\u00e9rieurs","item":"https:\/\/staging.belleflamme.ca\/fr\/categories\/bbq-produits-exterieurs\/"},{"@type":"ListItem","position":4,"name":"BBQ Grills et Fumoirs","item":"https:\/\/staging.belleflamme.ca\/fr\/categories\/bbq-produits-exterieurs\/bbq-grills-et-fumoirs\/"},{"@type":"ListItem","position":5,"name":"Louisiana Grill 800 Black Label"}]},{"@type":"WebSite","@id":"https:\/\/www.belleflamme.ca\/fr\/#website","url":"https:\/\/www.belleflamme.ca\/fr\/","name":"Groupe Belleflamme","description":"La m\u00e9canique du b\u00e2timent dans le sang.","publisher":{"@id":"https:\/\/www.belleflamme.ca\/fr\/#organization"},"potentialAction":[{"@type":"SearchAction","target":{"@type":"EntryPoint","urlTemplate":"https:\/\/www.belleflamme.ca\/fr\/?s={search_term_string}"},"query-input":{"@type":"PropertyValueSpecification","valueRequired":true,"valueName":"search_term_string"}}],"inLanguage":"fr-FR"},{"@type":["Organization","Place"],"@id":"https:\/\/www.belleflamme.ca\/fr\/#organization","name":"Groupe Belleflamme","alternateName":"Belleflamme","url":"https:\/\/www.belleflamme.ca\/fr\/","logo":{"@type":"ImageObject","inLanguage":"fr-FR","@id":"https:\/\/www.belleflamme.ca\/fr\/#\/schema\/logo\/image\/","url":"https:\/\/staging.belleflamme.ca\/wp-content\/uploads\/2023\/01\/og-image.jpg","contentUrl":"https:\/\/staging.belleflamme.ca\/wp-content\/uploads\/2023\/01\/og-image.jpg","width":1200,"height":630,"caption":"Groupe Belleflamme"},"image":{"@id":"https:\/\/www.belleflamme.ca\/fr\/#\/schema\/logo\/image\/"},"sameAs":["https:\/\/www.facebook.com\/belleflamme.ca\/","https:\/\/www.linkedin.com\/company\/belleflamme\/","https:\/\/www.pinterest.ca\/groupebelleflamme\/","https:\/\/www.instagram.com\/legroupebelleflamme\/"],"mainEntityOfPage":{"@id":"https:\/\/staging.belleflamme.ca\/fr\/produit\/louisiana-grill-800-black-label\/"}}]},"product_brand":"Louisiana Grills","product_price_amount":"0.00","product_price_currency":"CAD","og_availability":"instock","product_availability":"instock","product_condition":"new"},"_links":{"self":[{"href":"https:\/\/staging.belleflamme.ca\/fr\/wp-json\/wp\/v2\/product\/5644","targetHints":{"allow":["GET"]}}],"collection":[{"href":"https:\/\/staging.belleflamme.ca\/fr\/wp-json\/wp\/v2\/product"}],"about":[{"href":"https:\/\/staging.belleflamme.ca\/fr\/wp-json\/wp\/v2\/types\/product"}],"version-history":[{"count":2,"href":"https:\/\/staging.belleflamme.ca\/fr\/wp-json\/wp\/v2\/product\/5644\/revisions"}],"predecessor-version":[{"id":5880,"href":"https:\/\/staging.belleflamme.ca\/fr\/wp-json\/wp\/v2\/product\/5644\/revisions\/5880"}],"wp:featuredmedia":[{"embeddable":true,"href":"https:\/\/staging.belleflamme.ca\/fr\/wp-json\/wp\/v2\/media\/5694"}],"wp:attachment":[{"href":"https:\/\/staging.belleflamme.ca\/fr\/wp-json\/wp\/v2\/media?parent=5644"}],"wp:term":[{"taxonomy":"product_brand","embeddable":true,"href":"https:\/\/staging.belleflamme.ca\/fr\/wp-json\/wp\/v2\/product_brand?post=5644"},{"taxonomy":"product_cat","embeddable":true,"href":"https:\/\/staging.belleflamme.ca\/fr\/wp-json\/wp\/v2\/product_cat?post=5644"},{"taxonomy":"product_tag","embeddable":true,"href":"https:\/\/staging.belleflamme.ca\/fr\/wp-json\/wp\/v2\/product_tag?post=5644"}],"curies":[{"name":"wp","href":"https:\/\/api.w.org\/{rel}","templated":true}]}}