{"id":5643,"date":"2023-02-21T12:01:34","date_gmt":"2023-02-21T17:01:34","guid":{"rendered":"https:\/\/www.belleflamme.ca\/product\/bbq-et-grill-blaze-prelude-lbm-25%e2%80%b3-grill-a-gaz-a-3-bruleurs\/"},"modified":"2024-05-16T12:55:36","modified_gmt":"2024-05-16T16:55:36","slug":"bbq-et-grill-blaze-prelude-lbm-25%e2%80%b3-grill-a-gaz-a-3-bruleurs","status":"publish","type":"product","link":"https:\/\/staging.belleflamme.ca\/fr\/produit\/bbq-et-grill-blaze-prelude-lbm-25%e2%80%b3-grill-a-gaz-a-3-bruleurs\/","title":{"rendered":"Gril \u00e0 gaz \u00e0 3 br\u00fbleurs Prelude LBM de 25 pouces"},"content":{"rendered":"\t\t<div data-elementor-type=\"product-post\" data-elementor-id=\"5643\" class=\"elementor elementor-5643\" data-elementor-post-type=\"product\">\n\t\t\t\t\t\t<section class=\"elementor-section elementor-top-section elementor-element elementor-element-4611837c elementor-section-boxed elementor-section-height-default elementor-section-height-default\" data-id=\"4611837c\" data-element_type=\"section\">\n\t\t\t\t\t\t<div class=\"elementor-container elementor-column-gap-default\">\n\t\t\t\t\t<div class=\"elementor-column elementor-col-100 elementor-top-column elementor-element elementor-element-690eff4f\" data-id=\"690eff4f\" data-element_type=\"column\">\n\t\t\t<div class=\"elementor-widget-wrap elementor-element-populated\">\n\t\t\t\t\t\t<div class=\"elementor-element elementor-element-4fe5adbe elementor-widget elementor-widget-text-editor\" data-id=\"4fe5adbe\" data-element_type=\"widget\" data-widget_type=\"text-editor.default\">\n\t\t\t\t<div class=\"elementor-widget-container\">\n\t\t\t\t\t\t\t\t\t<ul>\n \t<li>Garantie \u00e0 vie<\/li>\n \t<li>Garantie multi-utilisateurs de 3 ans<\/li>\n \t<li>3 br\u00fbleurs tubulaires en acier inoxydable 304 de qualit\u00e9 commerciale<\/li>\n \t<li>14 000 BTU de puissance de cuisson par br\u00fbleur, pour une surface de cuisson totale de 42 000 BTU<\/li>\n \t<li>Tiges de cuisson arrondies en acier inoxydable lourd de 8 mm<\/li>\n \t<li>558 pouces carr\u00e9s d&#8217;espace de cuisson total<\/li>\n \t<li>Pousser et tourner le syst\u00e8me d&#8217;allumage principal du lance-flammes<\/li>\n \t<li>L&#8217;allumage du tube flash et les croisements offrent une option d&#8217;allumage alternative<\/li>\n \t<li>S\u00e9parateurs de zone de chaleur<\/li>\n \t<li>Les grilles de stabilisation des flammes minimisent les flamb\u00e9es<\/li>\n \t<li>Bac d&#8217;\u00e9gouttement pleine largeur pour un nettoyage rapide<\/li>\n \t<li>Capot de gril \u00e0 double paroi<\/li>\n<\/ul>\nLe gril Prelude LBM est parfait pour tous les niveaux de gril. Les tiges de saisie durables am\u00e9liorent votre exp\u00e9rience de grillade et vous permettent de saisir des steaks tout en emp\u00eachant vos l\u00e9gumes de rouler. Les s\u00e9parateurs de zone de chaleur en acier inoxydable permettent diff\u00e9rentes zones de cuisson sur la surface de cuisson. Cela ajoute \u00e0 votre exp\u00e9rience de grillade, cr\u00e9ant des zones s\u00e9par\u00e9es qui peuvent \u00eatre utilis\u00e9es pour diff\u00e9rents styles de cuisson. La grille stabilisatrice de flamme minimise les flamb\u00e9es pendant que vous profitez de votre gril Blaze et le bac d&#8217;\u00e9gouttement pleine largeur facilite le nettoyage. Le capot du gril en acier inoxydable 304 est doubl\u00e9 pour prot\u00e9ger la couche ext\u00e9rieure de la d\u00e9coloration par la chaleur, gardant votre gril Blaze brillant et neuf\u00a0! Ce gril robuste est con\u00e7u pour durer toute une vie et est \u00e9galement approuv\u00e9 pour le r\u00e9glage multi-utilisateurs afin que vous sachiez que peu importe o\u00f9 vous grillez, votre Blaze est con\u00e7u pour durer.\n\n*Les clients peuvent acheter des br\u00fbleurs en acier inoxydable moul\u00e9 am\u00e9lior\u00e9s pour remplacer les br\u00fbleurs tubulaires s&#8217;ils le souhaitent.\n\n&nbsp;\n<table class=\"woocommerce-product-attributes shop_attributes\">\n<tbody>\n<tr class=\"woocommerce-product-attributes-item woocommerce-product-attributes-item--weight\">\n<th class=\"woocommerce-product-attributes-item__label\">Poids<\/th>\n<td class=\"woocommerce-product-attributes-item__value\">114 lbs<\/td>\n<\/tr>\n<tr class=\"woocommerce-product-attributes-item woocommerce-product-attributes-item--attribute_overall-dimensions\">\n<th class=\"woocommerce-product-attributes-item__label\">Dimensions<\/th>\n<td class=\"woocommerce-product-attributes-item__value\">21\u00bc\u2033 H \u00d7 25\u2033 L \u00d7 25\u00be\u2033 P<\/td>\n<\/tr>\n<tr class=\"woocommerce-product-attributes-item woocommerce-product-attributes-item--attribute_cut-out-dimensions\">\n<th class=\"woocommerce-product-attributes-item__label\">Dimensions de d\u00e9coupe<\/th>\n<td class=\"woocommerce-product-attributes-item__value\">8\u00bd\u2033 H \u00d7 23\u00bc\u2033 L \u00d7 21\u00bc\u2033 P<\/td>\n<\/tr>\n<\/tbody>\n<\/table>\t\t\t\t\t\t\t\t<\/div>\n\t\t\t\t<\/div>\n\t\t\t\t\t<\/div>\n\t\t<\/div>\n\t\t\t\t\t<\/div>\n\t\t<\/section>\n\t\t\t\t<section class=\"elementor-section elementor-top-section elementor-element elementor-element-fb6d86f elementor-section-boxed elementor-section-height-default elementor-section-height-default\" data-id=\"fb6d86f\" data-element_type=\"section\">\n\t\t\t\t\t\t<div class=\"elementor-container elementor-column-gap-default\">\n\t\t\t\t\t<div class=\"elementor-column elementor-col-100 elementor-top-column elementor-element elementor-element-70eaf6c\" data-id=\"70eaf6c\" data-element_type=\"column\">\n\t\t\t<div class=\"elementor-widget-wrap elementor-element-populated\">\n\t\t\t\t\t\t<div class=\"elementor-element elementor-element-46023a9 elementor-tabs-view-horizontal elementor-widget elementor-widget-tabs\" data-id=\"46023a9\" data-element_type=\"widget\" data-widget_type=\"tabs.default\">\n\t\t\t\t<div class=\"elementor-widget-container\">\n\t\t\t\t\t\t\t<div class=\"elementor-tabs\">\n\t\t\t<div class=\"elementor-tabs-wrapper\" role=\"tablist\" >\n\t\t\t\t\t\t\t\t\t<div id=\"elementor-tab-title-7341\" class=\"elementor-tab-title elementor-tab-desktop-title\" aria-selected=\"true\" data-tab=\"1\" role=\"tab\" tabindex=\"0\" aria-controls=\"elementor-tab-content-7341\" aria-expanded=\"false\">Fichiers<\/div>\n\t\t\t\t\t\t\t<\/div>\n\t\t\t<div class=\"elementor-tabs-content-wrapper\" role=\"tablist\" aria-orientation=\"vertical\">\n\t\t\t\t\t\t\t\t\t<div class=\"elementor-tab-title elementor-tab-mobile-title\" aria-selected=\"true\" data-tab=\"1\" role=\"tab\" tabindex=\"0\" aria-controls=\"elementor-tab-content-7341\" aria-expanded=\"false\">Fichiers<\/div>\n\t\t\t\t\t<div id=\"elementor-tab-content-7341\" class=\"elementor-tab-content elementor-clearfix\" data-tab=\"1\" role=\"tabpanel\" aria-labelledby=\"elementor-tab-title-7341\" tabindex=\"0\" hidden=\"false\"><i class=\"far fa-file-pdf fa-xl\" style=\"font-size:35px\"><\/i><a href=\"https:\/\/www.belleflamme.ca\/wp-content\/uploads\/2023\/07\/Prelude-LBM-User-Manual-1.pdf\"> Manuel<\/a><\/br><\/div>\n\t\t\t\t\t\t\t<\/div>\n\t\t<\/div>\n\t\t\t\t\t\t<\/div>\n\t\t\t\t<\/div>\n\t\t\t\t\t<\/div>\n\t\t<\/div>\n\t\t\t\t\t<\/div>\n\t\t<\/section>\n\t\t\t\t<\/div>\n\t\t","protected":false},"excerpt":{"rendered":"<p>Garantie \u00e0 vie Garantie multi-utilisateurs de 3 ans 3 br\u00fbleurs tubulaires en acier inoxydable 304 de qualit\u00e9 commerciale 14 000 BTU de puissance de cuisson par br\u00fbleur, pour une surface de cuisson totale de 42 000 BTU Tiges de cuisson arrondies en acier inoxydable lourd de 8 mm 558 pouces carr\u00e9s d&#8217;espace de cuisson total [&hellip;]<\/p>\n","protected":false},"featured_media":5667,"template":"","meta":{"inline_featured_image":false},"product_brand":[346],"product_cat":[113,114,351,116],"product_tag":[],"class_list":{"0":"post-5643","1":"product","2":"type-product","3":"status-publish","4":"has-post-thumbnail","6":"product_brand-blaze","7":"product_cat-bbq-produits-exterieurs","8":"product_cat-bbq-au-gaz","9":"product_cat-bbq-exterieurs","10":"product_cat-cuisine-exterieure","12":"first","13":"instock","14":"taxable","15":"shipping-taxable","16":"purchasable","17":"product-type-simple"},"yoast_head":"<!-- This site is optimized with the Yoast SEO Premium plugin v24.2 (Yoast SEO v24.2) - https:\/\/yoast.com\/wordpress\/plugins\/seo\/ -->\n<title>Gril \u00e0 gaz \u00e0 3 br\u00fbleurs Prelude LBM de 25 pouces - Groupe BelleFlamme<\/title>\n<meta name=\"description\" content=\"Gril \u00e0 gaz \u00e0 3 br\u00fbleurs Prelude LBM de 25 pouces vendu et install\u00e9 par le Groupe Belleflamme. Laval, Montr\u00e9al, Gatineau, Drummondville et Saint-Sauveur.\" \/>\n<meta name=\"robots\" content=\"index, follow, max-snippet:-1, max-image-preview:large, max-video-preview:-1\" \/>\n<link rel=\"canonical\" href=\"https:\/\/staging.belleflamme.ca\/fr\/produit\/bbq-et-grill-blaze-prelude-lbm-25%e2%80%b3-grill-a-gaz-a-3-bruleurs\/\" \/>\n<meta property=\"og:locale\" content=\"fr_FR\" \/>\n<meta property=\"og:type\" content=\"article\" \/>\n<meta property=\"og:title\" content=\"Gril \u00e0 gaz \u00e0 3 br\u00fbleurs Prelude LBM de 25 pouces\" \/>\n<meta property=\"og:description\" content=\"Gril \u00e0 gaz \u00e0 3 br\u00fbleurs Prelude LBM de 25 pouces vendu et install\u00e9 par le Groupe Belleflamme. Laval, Montr\u00e9al, Gatineau, Drummondville et Saint-Sauveur.\" \/>\n<meta property=\"og:url\" content=\"https:\/\/staging.belleflamme.ca\/fr\/produit\/bbq-et-grill-blaze-prelude-lbm-25%e2%80%b3-grill-a-gaz-a-3-bruleurs\/\" \/>\n<meta property=\"og:site_name\" content=\"Groupe BelleFlamme\" \/>\n<meta property=\"article:publisher\" content=\"https:\/\/www.facebook.com\/belleflamme.ca\/\" \/>\n<meta property=\"article:modified_time\" content=\"2024-05-16T16:55:36+00:00\" \/>\n<meta property=\"og:image\" content=\"https:\/\/www.belleflamme.ca\/wp-content\/uploads\/2023\/02\/blaze-Prelude-LBM-25\u2033-3-Burner-Gas-Grill-1-1.webp\" \/>\n\t<meta property=\"og:image:width\" content=\"600\" \/>\n\t<meta property=\"og:image:height\" content=\"600\" \/>\n\t<meta property=\"og:image:type\" content=\"image\/webp\" \/>\n<meta name=\"twitter:card\" content=\"summary_large_image\" \/>\n<meta name=\"twitter:label1\" content=\"Prix\" \/>\n\t<meta name=\"twitter:data1\" content=\"&#036;2,024.00\" \/>\n\t<meta name=\"twitter:label2\" content=\"Disponibilit\u00e9\" \/>\n\t<meta name=\"twitter:data2\" content=\"En stock\" \/>\n<script type=\"application\/ld+json\" class=\"yoast-schema-graph\">{\"@context\":\"https:\/\/schema.org\",\"@graph\":[{\"@type\":[\"WebPage\",\"ItemPage\"],\"@id\":\"https:\/\/staging.belleflamme.ca\/fr\/produit\/bbq-et-grill-blaze-prelude-lbm-25%e2%80%b3-grill-a-gaz-a-3-bruleurs\/\",\"url\":\"https:\/\/staging.belleflamme.ca\/fr\/produit\/bbq-et-grill-blaze-prelude-lbm-25%e2%80%b3-grill-a-gaz-a-3-bruleurs\/\",\"name\":\"Gril \u00e0 gaz \u00e0 3 br\u00fbleurs Prelude LBM de 25 pouces - Groupe BelleFlamme\",\"isPartOf\":{\"@id\":\"https:\/\/www.belleflamme.ca\/fr\/#website\"},\"primaryImageOfPage\":{\"@id\":\"https:\/\/staging.belleflamme.ca\/fr\/produit\/bbq-et-grill-blaze-prelude-lbm-25%e2%80%b3-grill-a-gaz-a-3-bruleurs\/#primaryimage\"},\"image\":{\"@id\":\"https:\/\/staging.belleflamme.ca\/fr\/produit\/bbq-et-grill-blaze-prelude-lbm-25%e2%80%b3-grill-a-gaz-a-3-bruleurs\/#primaryimage\"},\"thumbnailUrl\":\"https:\/\/staging.belleflamme.ca\/wp-content\/uploads\/2023\/02\/blaze-Prelude-LBM-25\u2033-3-Burner-Gas-Grill-1-1.webp\",\"datePublished\":\"2023-02-21T17:01:34+00:00\",\"dateModified\":\"2024-05-16T16:55:36+00:00\",\"description\":\"Gril \u00e0 gaz \u00e0 3 br\u00fbleurs Prelude LBM de 25 pouces [get_meta_en_fr]\",\"breadcrumb\":{\"@id\":\"https:\/\/staging.belleflamme.ca\/fr\/produit\/bbq-et-grill-blaze-prelude-lbm-25%e2%80%b3-grill-a-gaz-a-3-bruleurs\/#breadcrumb\"},\"inLanguage\":\"fr-FR\",\"potentialAction\":[{\"@type\":\"ReadAction\",\"target\":[\"https:\/\/staging.belleflamme.ca\/fr\/produit\/bbq-et-grill-blaze-prelude-lbm-25%e2%80%b3-grill-a-gaz-a-3-bruleurs\/\"]}]},{\"@type\":\"ImageObject\",\"inLanguage\":\"fr-FR\",\"@id\":\"https:\/\/staging.belleflamme.ca\/fr\/produit\/bbq-et-grill-blaze-prelude-lbm-25%e2%80%b3-grill-a-gaz-a-3-bruleurs\/#primaryimage\",\"url\":\"https:\/\/staging.belleflamme.ca\/wp-content\/uploads\/2023\/02\/blaze-Prelude-LBM-25\u2033-3-Burner-Gas-Grill-1-1.webp\",\"contentUrl\":\"https:\/\/staging.belleflamme.ca\/wp-content\/uploads\/2023\/02\/blaze-Prelude-LBM-25\u2033-3-Burner-Gas-Grill-1-1.webp\",\"width\":600,\"height\":600,\"caption\":\"blaze Prelude LBM 25\u2033 3-Burner Gas Grill\"},{\"@type\":\"BreadcrumbList\",\"@id\":\"https:\/\/staging.belleflamme.ca\/fr\/produit\/bbq-et-grill-blaze-prelude-lbm-25%e2%80%b3-grill-a-gaz-a-3-bruleurs\/#breadcrumb\",\"itemListElement\":[{\"@type\":\"ListItem\",\"position\":1,\"name\":\"Accueil\",\"item\":\"https:\/\/www.belleflamme.ca\/fr\/\"},{\"@type\":\"ListItem\",\"position\":2,\"name\":\"Boutique\",\"item\":\"https:\/\/www.belleflamme.ca\/fr\/boutique\/\"},{\"@type\":\"ListItem\",\"position\":3,\"name\":\"BBQ &amp; Produits Ext\u00e9rieurs\",\"item\":\"https:\/\/staging.belleflamme.ca\/fr\/categories\/bbq-produits-exterieurs\/\"},{\"@type\":\"ListItem\",\"position\":4,\"name\":\"Cuisine Ext\u00e9rieure\",\"item\":\"https:\/\/staging.belleflamme.ca\/fr\/categories\/bbq-produits-exterieurs\/cuisine-exterieure\/\"},{\"@type\":\"ListItem\",\"position\":5,\"name\":\"BBQ Ext\u00e9rieurs\",\"item\":\"https:\/\/staging.belleflamme.ca\/fr\/categories\/bbq-produits-exterieurs\/cuisine-exterieure\/bbq-exterieurs\/\"},{\"@type\":\"ListItem\",\"position\":6,\"name\":\"Gril \u00e0 gaz \u00e0 3 br\u00fbleurs Prelude LBM de 25 pouces\"}]},{\"@type\":\"WebSite\",\"@id\":\"https:\/\/www.belleflamme.ca\/fr\/#website\",\"url\":\"https:\/\/www.belleflamme.ca\/fr\/\",\"name\":\"Groupe Belleflamme\",\"description\":\"La m\u00e9canique du b\u00e2timent dans le sang.\",\"publisher\":{\"@id\":\"https:\/\/www.belleflamme.ca\/fr\/#organization\"},\"potentialAction\":[{\"@type\":\"SearchAction\",\"target\":{\"@type\":\"EntryPoint\",\"urlTemplate\":\"https:\/\/www.belleflamme.ca\/fr\/?s={search_term_string}\"},\"query-input\":{\"@type\":\"PropertyValueSpecification\",\"valueRequired\":true,\"valueName\":\"search_term_string\"}}],\"inLanguage\":\"fr-FR\"},{\"@type\":[\"Organization\",\"Place\"],\"@id\":\"https:\/\/www.belleflamme.ca\/fr\/#organization\",\"name\":\"Groupe Belleflamme\",\"alternateName\":\"Belleflamme\",\"url\":\"https:\/\/www.belleflamme.ca\/fr\/\",\"logo\":{\"@type\":\"ImageObject\",\"inLanguage\":\"fr-FR\",\"@id\":\"https:\/\/www.belleflamme.ca\/fr\/#\/schema\/logo\/image\/\",\"url\":\"https:\/\/staging.belleflamme.ca\/wp-content\/uploads\/2023\/01\/og-image.jpg\",\"contentUrl\":\"https:\/\/staging.belleflamme.ca\/wp-content\/uploads\/2023\/01\/og-image.jpg\",\"width\":1200,\"height\":630,\"caption\":\"Groupe Belleflamme\"},\"image\":{\"@id\":\"https:\/\/www.belleflamme.ca\/fr\/#\/schema\/logo\/image\/\"},\"sameAs\":[\"https:\/\/www.facebook.com\/belleflamme.ca\/\",\"https:\/\/www.linkedin.com\/company\/belleflamme\/\",\"https:\/\/www.pinterest.ca\/groupebelleflamme\/\",\"https:\/\/www.instagram.com\/legroupebelleflamme\/\"],\"mainEntityOfPage\":{\"@id\":\"https:\/\/staging.belleflamme.ca\/fr\/produit\/bbq-et-grill-blaze-prelude-lbm-25%e2%80%b3-grill-a-gaz-a-3-bruleurs\/\"}}]}<\/script>\n<meta property=\"product:brand\" content=\"Blaze\" \/>\n<meta property=\"product:price:amount\" content=\"2024.00\" \/>\n<meta property=\"product:price:currency\" content=\"CAD\" \/>\n<meta property=\"og:availability\" content=\"instock\" \/>\n<meta property=\"product:availability\" content=\"instock\" \/>\n<meta property=\"product:condition\" content=\"new\" \/>\n<!-- \/ Yoast SEO Premium plugin. -->","yoast_head_json":{"title":"Gril \u00e0 gaz \u00e0 3 br\u00fbleurs Prelude LBM de 25 pouces - Groupe BelleFlamme","description":"Gril \u00e0 gaz \u00e0 3 br\u00fbleurs Prelude LBM de 25 pouces vendu et install\u00e9 par le Groupe Belleflamme. Laval, Montr\u00e9al, Gatineau, Drummondville et Saint-Sauveur.","robots":{"index":"index","follow":"follow","max-snippet":"max-snippet:-1","max-image-preview":"max-image-preview:large","max-video-preview":"max-video-preview:-1"},"canonical":"https:\/\/staging.belleflamme.ca\/fr\/produit\/bbq-et-grill-blaze-prelude-lbm-25%e2%80%b3-grill-a-gaz-a-3-bruleurs\/","og_locale":"fr_FR","og_type":"article","og_title":"Gril \u00e0 gaz \u00e0 3 br\u00fbleurs Prelude LBM de 25 pouces","og_description":"Gril \u00e0 gaz \u00e0 3 br\u00fbleurs Prelude LBM de 25 pouces vendu et install\u00e9 par le Groupe Belleflamme. Laval, Montr\u00e9al, Gatineau, Drummondville et Saint-Sauveur.","og_url":"https:\/\/staging.belleflamme.ca\/fr\/produit\/bbq-et-grill-blaze-prelude-lbm-25%e2%80%b3-grill-a-gaz-a-3-bruleurs\/","og_site_name":"Groupe BelleFlamme","article_publisher":"https:\/\/www.facebook.com\/belleflamme.ca\/","article_modified_time":"2024-05-16T16:55:36+00:00","og_image":[{"width":600,"height":600,"url":"https:\/\/www.belleflamme.ca\/wp-content\/uploads\/2023\/02\/blaze-Prelude-LBM-25\u2033-3-Burner-Gas-Grill-1-1.webp","type":"image\/webp"}],"twitter_card":"summary_large_image","twitter_misc":{"Prix":"&#36;2,024.00","Disponibilit\u00e9":"En stock"},"schema":{"@context":"https:\/\/schema.org","@graph":[{"@type":["WebPage","ItemPage"],"@id":"https:\/\/staging.belleflamme.ca\/fr\/produit\/bbq-et-grill-blaze-prelude-lbm-25%e2%80%b3-grill-a-gaz-a-3-bruleurs\/","url":"https:\/\/staging.belleflamme.ca\/fr\/produit\/bbq-et-grill-blaze-prelude-lbm-25%e2%80%b3-grill-a-gaz-a-3-bruleurs\/","name":"Gril \u00e0 gaz \u00e0 3 br\u00fbleurs Prelude LBM de 25 pouces - Groupe BelleFlamme","isPartOf":{"@id":"https:\/\/www.belleflamme.ca\/fr\/#website"},"primaryImageOfPage":{"@id":"https:\/\/staging.belleflamme.ca\/fr\/produit\/bbq-et-grill-blaze-prelude-lbm-25%e2%80%b3-grill-a-gaz-a-3-bruleurs\/#primaryimage"},"image":{"@id":"https:\/\/staging.belleflamme.ca\/fr\/produit\/bbq-et-grill-blaze-prelude-lbm-25%e2%80%b3-grill-a-gaz-a-3-bruleurs\/#primaryimage"},"thumbnailUrl":"https:\/\/staging.belleflamme.ca\/wp-content\/uploads\/2023\/02\/blaze-Prelude-LBM-25\u2033-3-Burner-Gas-Grill-1-1.webp","datePublished":"2023-02-21T17:01:34+00:00","dateModified":"2024-05-16T16:55:36+00:00","description":"Gril \u00e0 gaz \u00e0 3 br\u00fbleurs Prelude LBM de 25 pouces [get_meta_en_fr]","breadcrumb":{"@id":"https:\/\/staging.belleflamme.ca\/fr\/produit\/bbq-et-grill-blaze-prelude-lbm-25%e2%80%b3-grill-a-gaz-a-3-bruleurs\/#breadcrumb"},"inLanguage":"fr-FR","potentialAction":[{"@type":"ReadAction","target":["https:\/\/staging.belleflamme.ca\/fr\/produit\/bbq-et-grill-blaze-prelude-lbm-25%e2%80%b3-grill-a-gaz-a-3-bruleurs\/"]}]},{"@type":"ImageObject","inLanguage":"fr-FR","@id":"https:\/\/staging.belleflamme.ca\/fr\/produit\/bbq-et-grill-blaze-prelude-lbm-25%e2%80%b3-grill-a-gaz-a-3-bruleurs\/#primaryimage","url":"https:\/\/staging.belleflamme.ca\/wp-content\/uploads\/2023\/02\/blaze-Prelude-LBM-25\u2033-3-Burner-Gas-Grill-1-1.webp","contentUrl":"https:\/\/staging.belleflamme.ca\/wp-content\/uploads\/2023\/02\/blaze-Prelude-LBM-25\u2033-3-Burner-Gas-Grill-1-1.webp","width":600,"height":600,"caption":"blaze Prelude LBM 25\u2033 3-Burner Gas Grill"},{"@type":"BreadcrumbList","@id":"https:\/\/staging.belleflamme.ca\/fr\/produit\/bbq-et-grill-blaze-prelude-lbm-25%e2%80%b3-grill-a-gaz-a-3-bruleurs\/#breadcrumb","itemListElement":[{"@type":"ListItem","position":1,"name":"Accueil","item":"https:\/\/www.belleflamme.ca\/fr\/"},{"@type":"ListItem","position":2,"name":"Boutique","item":"https:\/\/www.belleflamme.ca\/fr\/boutique\/"},{"@type":"ListItem","position":3,"name":"BBQ &amp; Produits Ext\u00e9rieurs","item":"https:\/\/staging.belleflamme.ca\/fr\/categories\/bbq-produits-exterieurs\/"},{"@type":"ListItem","position":4,"name":"Cuisine Ext\u00e9rieure","item":"https:\/\/staging.belleflamme.ca\/fr\/categories\/bbq-produits-exterieurs\/cuisine-exterieure\/"},{"@type":"ListItem","position":5,"name":"BBQ Ext\u00e9rieurs","item":"https:\/\/staging.belleflamme.ca\/fr\/categories\/bbq-produits-exterieurs\/cuisine-exterieure\/bbq-exterieurs\/"},{"@type":"ListItem","position":6,"name":"Gril \u00e0 gaz \u00e0 3 br\u00fbleurs Prelude LBM de 25 pouces"}]},{"@type":"WebSite","@id":"https:\/\/www.belleflamme.ca\/fr\/#website","url":"https:\/\/www.belleflamme.ca\/fr\/","name":"Groupe Belleflamme","description":"La m\u00e9canique du b\u00e2timent dans le sang.","publisher":{"@id":"https:\/\/www.belleflamme.ca\/fr\/#organization"},"potentialAction":[{"@type":"SearchAction","target":{"@type":"EntryPoint","urlTemplate":"https:\/\/www.belleflamme.ca\/fr\/?s={search_term_string}"},"query-input":{"@type":"PropertyValueSpecification","valueRequired":true,"valueName":"search_term_string"}}],"inLanguage":"fr-FR"},{"@type":["Organization","Place"],"@id":"https:\/\/www.belleflamme.ca\/fr\/#organization","name":"Groupe Belleflamme","alternateName":"Belleflamme","url":"https:\/\/www.belleflamme.ca\/fr\/","logo":{"@type":"ImageObject","inLanguage":"fr-FR","@id":"https:\/\/www.belleflamme.ca\/fr\/#\/schema\/logo\/image\/","url":"https:\/\/staging.belleflamme.ca\/wp-content\/uploads\/2023\/01\/og-image.jpg","contentUrl":"https:\/\/staging.belleflamme.ca\/wp-content\/uploads\/2023\/01\/og-image.jpg","width":1200,"height":630,"caption":"Groupe Belleflamme"},"image":{"@id":"https:\/\/www.belleflamme.ca\/fr\/#\/schema\/logo\/image\/"},"sameAs":["https:\/\/www.facebook.com\/belleflamme.ca\/","https:\/\/www.linkedin.com\/company\/belleflamme\/","https:\/\/www.pinterest.ca\/groupebelleflamme\/","https:\/\/www.instagram.com\/legroupebelleflamme\/"],"mainEntityOfPage":{"@id":"https:\/\/staging.belleflamme.ca\/fr\/produit\/bbq-et-grill-blaze-prelude-lbm-25%e2%80%b3-grill-a-gaz-a-3-bruleurs\/"}}]},"product_brand":"Blaze","product_price_amount":"2024.00","product_price_currency":"CAD","og_availability":"instock","product_availability":"instock","product_condition":"new"},"_links":{"self":[{"href":"https:\/\/staging.belleflamme.ca\/fr\/wp-json\/wp\/v2\/product\/5643","targetHints":{"allow":["GET"]}}],"collection":[{"href":"https:\/\/staging.belleflamme.ca\/fr\/wp-json\/wp\/v2\/product"}],"about":[{"href":"https:\/\/staging.belleflamme.ca\/fr\/wp-json\/wp\/v2\/types\/product"}],"version-history":[{"count":6,"href":"https:\/\/staging.belleflamme.ca\/fr\/wp-json\/wp\/v2\/product\/5643\/revisions"}],"predecessor-version":[{"id":38814,"href":"https:\/\/staging.belleflamme.ca\/fr\/wp-json\/wp\/v2\/product\/5643\/revisions\/38814"}],"wp:featuredmedia":[{"embeddable":true,"href":"https:\/\/staging.belleflamme.ca\/fr\/wp-json\/wp\/v2\/media\/5667"}],"wp:attachment":[{"href":"https:\/\/staging.belleflamme.ca\/fr\/wp-json\/wp\/v2\/media?parent=5643"}],"wp:term":[{"taxonomy":"product_brand","embeddable":true,"href":"https:\/\/staging.belleflamme.ca\/fr\/wp-json\/wp\/v2\/product_brand?post=5643"},{"taxonomy":"product_cat","embeddable":true,"href":"https:\/\/staging.belleflamme.ca\/fr\/wp-json\/wp\/v2\/product_cat?post=5643"},{"taxonomy":"product_tag","embeddable":true,"href":"https:\/\/staging.belleflamme.ca\/fr\/wp-json\/wp\/v2\/product_tag?post=5643"}],"curies":[{"name":"wp","href":"https:\/\/api.w.org\/{rel}","templated":true}]}}