{"id":5584,"date":"2023-02-21T12:00:56","date_gmt":"2023-02-21T17:00:56","guid":{"rendered":"https:\/\/www.belleflamme.ca\/product\/saber-cast-black-2-burner-gas-grill\/"},"modified":"2024-06-20T11:48:19","modified_gmt":"2024-06-20T15:48:19","slug":"gril-a-gaz-deluxe-noir-a-2-bruleurs-saber","status":"publish","type":"product","link":"https:\/\/staging.belleflamme.ca\/fr\/produit\/gril-a-gaz-deluxe-noir-a-2-bruleurs-saber\/","title":{"rendered":"Gril \u00e0 gaz Deluxe noir \u00e0 2 br\u00fbleurs SABER"},"content":{"rendered":"<p>Le gril \u00e0 gaz SABRE\u00ae Deluxe Black \u00e0 2 br\u00fbleurs offre une exp\u00e9rience de grillade haut de gamme et un design \u00e9l\u00e9gant dans un format compact. Ce gril pr\u00e9sente une finition \u00e9l\u00e9gante avec rev\u00eatement en poudre et un couvercle avec des embouts en aluminium moul\u00e9 sous pression. Profitez de r\u00e9sultats de grillades constants gr\u00e2ce \u00e0 la technologie de cuisson brevet\u00e9e de SABRE qui garantit une chaleur uniforme \u00e0 chaque temp\u00e9rature tout en \u00e9liminant les flamb\u00e9es.<\/p>\n<div class=\"col-md-12 col-sm-12 feature-list__container-title\">\n<div class=\"category-header header-title\">\n<div class=\"category-header__title cb-title cb-title--large\">PRINCIPALES CARACT\u00c9RISTIQUES<\/div>\n<\/div>\n<\/div>\n<div class=\"col-md-6 col-sm-12 feature-list__container-list\">\n<div class=\"feature-list\" data-config=\"key_features\">\n<ul class=\"feature-list__list\">\n<li class=\"feature-list__line\">Le syst\u00e8me de gril brevet\u00e9 de SABRE chauffe uniform\u00e9ment, \u00e9limine les flamb\u00e9es et utilise 30 % moins de propane<\/li>\n<li class=\"feature-list__line\">Allumage \u00e9lectronique fiable \u00e0 chaque br\u00fbleur pour un d\u00e9marrage facile \u00e0 chaque fois<\/li>\n<li class=\"feature-list__line\">Les embouts en aluminium moul\u00e9 sous pression offrent r\u00e9sistance et durabilit\u00e9<\/li>\n<li class=\"feature-list__line\">Chariot enti\u00e8rement ferm\u00e9 \u00e0 rev\u00eatement en poudre avec porte simple pour un rangement pratique<\/li>\n<li class=\"feature-list__line\">La grille chauffante en \u00e9mail multi-positions ajoute de la polyvalence \u00e0 la cuisson<\/li>\n<\/ul>\n<div class=\"category-header header-title\">\n<div class=\"category-header__title cb-title cb-title--large\">CARACT\u00c9RISTIQUES SUPPL\u00c9MENTAIRES<\/div>\n<\/div>\n<div class=\"feature-list\" data-config=\"additional_features\">\n<ul class=\"feature-list__list\">\n<li class=\"feature-list__line\">Convertissez facilement du propane liquide au gaz naturel avec le kit de conversion au gaz naturel SABER\u00ae EZ (vendu s\u00e9par\u00e9ment)<\/li>\n<\/ul>\n<\/div>\n<\/div>\n<\/div>\n<table id=\"product-attribute-specs-table\" class=\"data table additional-attributes\">\n<caption class=\"table-caption\">\n<h2>Plus d&#8217;information<\/h2>\n<\/caption>\n<tbody>\n<tr>\n<th class=\"col label\" scope=\"row\">Profondeur assembl\u00e9e<\/th>\n<td class=\"col data\" data-th=\"Assembled Depth\">25<\/td>\n<\/tr>\n<tr>\n<th class=\"col label\" scope=\"row\">Dimensions assembl\u00e9es<\/th>\n<td class=\"col data\" data-th=\"Assembled Dimensions\">25&#215;48,4&#215;48,5<\/td>\n<\/tr>\n<tr>\n<th class=\"col label\" scope=\"row\">Hauteur assembl\u00e9e<\/th>\n<td class=\"col data\" data-th=\"Assembled Height\">48.4<\/td>\n<\/tr>\n<tr>\n<th class=\"col label\" scope=\"row\">Largeur assembl\u00e9e<\/th>\n<td class=\"col data\" data-th=\"Assembled Width\">48,5<\/td>\n<\/tr>\n<tr>\n<th class=\"col label\" scope=\"row\">Zone de cuisson principale<\/th>\n<td class=\"col data\" data-th=\"Primary Cooking Area\">330<\/td>\n<\/tr>\n<tr>\n<th class=\"col label\" scope=\"row\">Zone de cuisson secondaire<\/th>\n<td class=\"col data\" data-th=\"Secondary Cooking Area\">115<\/td>\n<\/tr>\n<tr>\n<th class=\"col label\" scope=\"row\">Caract\u00e9ristique 1<\/th>\n<td class=\"col data\" data-th=\"Feature 1\">Le syst\u00e8me de gril brevet\u00e9 de SABRE chauffe uniform\u00e9ment, \u00e9limine les flamb\u00e9es et utilise 30 % moins de propane<\/td>\n<\/tr>\n<tr>\n<th class=\"col label\" scope=\"row\">Caract\u00e9ristique 2<\/th>\n<td class=\"col data\" data-th=\"Feature 2\">Allumage \u00e9lectronique fiable \u00e0 chaque br\u00fbleur pour un d\u00e9marrage facile \u00e0 chaque fois<\/td>\n<\/tr>\n<tr>\n<th class=\"col label\" scope=\"row\">Caract\u00e9ristique 3<\/th>\n<td class=\"col data\" data-th=\"Feature 3\">Les embouts en aluminium moul\u00e9 sous pression offrent r\u00e9sistance et durabilit\u00e9<\/td>\n<\/tr>\n<tr>\n<th class=\"col label\" scope=\"row\">Caract\u00e9ristique 4<\/th>\n<td class=\"col data\" data-th=\"Feature 4\">Chariot enti\u00e8rement ferm\u00e9 \u00e0 rev\u00eatement en poudre avec porte simple pour un rangement pratique<\/td>\n<\/tr>\n<tr>\n<th class=\"col label\" scope=\"row\">Caract\u00e9ristique 5<\/th>\n<td class=\"col data\" data-th=\"Feature 5\">La grille chauffante en \u00e9mail multi-positions ajoute de la polyvalence \u00e0 la cuisson<\/td>\n<\/tr>\n<tr>\n<th class=\"col label\" scope=\"row\">Caract\u00e9ristique 6<\/th>\n<td class=\"col data\" data-th=\"Feature 6\">Convertissez facilement du propane liquide au gaz naturel avec le kit de conversion au gaz naturel SABER\u00ae EZ (vendu s\u00e9par\u00e9ment)<\/td>\n<\/tr>\n<tr>\n<th class=\"col label\" scope=\"row\">Dimensions de l&#8217;image<\/th>\n<td class=\"col data\" data-th=\"Dimensions image\">pas de choix<\/td>\n<\/tr>\n<tr>\n<th class=\"col label\" scope=\"row\">Image de la section Principales fonctionnalit\u00e9s<\/th>\n<td class=\"col data\" data-th=\"Key features section image\">pas de choix<\/td>\n<\/tr>\n<tr>\n<th class=\"col label\" scope=\"row\">Image mobile de fond de flamme de style de vie<\/th>\n<td class=\"col data\" data-th=\"Lifestyle Flame Background Mobile Image\">pas de choix<\/td>\n<\/tr>\n<tr>\n<th class=\"col label\" scope=\"row\">Image de bureau de fond de flamme de style de vie<\/th>\n<td class=\"col data\" data-th=\"Lifestyle Flame Background Desktop Image\">pas de choix<\/td>\n<\/tr>\n<tr>\n<th class=\"col label\" scope=\"row\">Dur\u00e9e de garantie du br\u00fbleur (ann\u00e9es)<\/th>\n<td class=\"col data\" data-th=\"Burner Warranty Term (Years)\">10 ann\u00e9es<\/td>\n<\/tr>\n<tr>\n<th class=\"col label\" scope=\"row\">Dur\u00e9e de garantie de la grille\/\u00e9metteur (ann\u00e9es)<\/th>\n<td class=\"col data\" data-th=\"Grate\/Emitter Warranty Term (Years)\">5 ann\u00e9es<\/td>\n<\/tr>\n<tr>\n<th class=\"col label\" scope=\"row\">Dur\u00e9e de garantie du couvercle\/du foyer (ann\u00e9es)<\/th>\n<td class=\"col data\" data-th=\"Lid\/Firebox Warranty Term (Years)\">Dur\u00e9e de vie limit\u00e9e<\/td>\n<\/tr>\n<tr>\n<th class=\"col label\" scope=\"row\">Dur\u00e9e de garantie des autres pi\u00e8ces (ann\u00e9es)<\/th>\n<td class=\"col data\" data-th=\"Other Parts Warranty Term (Years)\">2 ans<\/td>\n<\/tr>\n<tr>\n<th class=\"col label\" scope=\"row\">Miniature de la vid\u00e9o s\u00e9lectionn\u00e9e<\/th>\n<td class=\"col data\" data-th=\"Featured video thumbnail\">pas de choix<\/td>\n<\/tr>\n<tr>\n<th class=\"col label\" scope=\"row\">Num\u00e9ro de mod\u00e8le<\/th>\n<td class=\"col data\" data-th=\"Model Number\">R33CC1017<\/td>\n<\/tr>\n<tr>\n<th class=\"col label\" scope=\"row\">BTU du br\u00fbleur principal<\/th>\n<td class=\"col data\" data-th=\"Main Burner BTUs\">16000<\/td>\n<\/tr>\n<tr>\n<th class=\"col label\" scope=\"row\">Marque<\/th>\n<td class=\"col data\" data-th=\"Brand\">Grils SABRE<\/td>\n<\/tr>\n<tr>\n<th class=\"col label\" scope=\"row\">Assemblage requis<\/th>\n<td class=\"col data\" data-th=\"Assembly Required\">Oui<\/td>\n<\/tr>\n<tr>\n<th class=\"col label\" scope=\"row\">Nombre de br\u00fbleurs principaux<\/th>\n<td class=\"col data\" data-th=\"Number of Main Burners\">2<\/td>\n<\/tr>\n<tr>\n<th class=\"col label\" scope=\"row\">BTU totaux<\/th>\n<td class=\"col data\" data-th=\"Total BTUs\">16000<\/td>\n<\/tr>\n<tr>\n<th class=\"col label\" scope=\"row\">Syst\u00e8me de cuisson<\/th>\n<td class=\"col data\" data-th=\"Cooking System\">Syst\u00e8me de cuisson brevet\u00e9 SABRE<\/td>\n<\/tr>\n<tr>\n<th class=\"col label\" scope=\"row\">S\u00e9rie<\/th>\n<td class=\"col data\" data-th=\"Series\">De luxe<\/td>\n<\/tr>\n<tr>\n<th class=\"col label\" scope=\"row\">Type de carburant<\/th>\n<td class=\"col data\" data-th=\"Fuel Type\">Gaz propane<\/td>\n<\/tr>\n<tr>\n<th class=\"col label\" scope=\"row\">Bac \u00e0 graisse<\/th>\n<td class=\"col data\" data-th=\"Grease Tray\">1<\/td>\n<\/tr>\n<tr>\n<th class=\"col label\" scope=\"row\">Type d&#8217;allumage<\/th>\n<td class=\"col data\" data-th=\"Ignition Type\">\u00c9lectronique<\/td>\n<\/tr>\n<tr>\n<th class=\"col label\" scope=\"row\">Est vendable<\/th>\n<td class=\"col data\" data-th=\"Is sellable\">0<\/td>\n<\/tr>\n<tr>\n<th class=\"col label\" scope=\"row\">roues<\/th>\n<td class=\"col data\" data-th=\"Wheels\">Roulettes verrouillables (4)<\/td>\n<\/tr>\n<tr>\n<th class=\"col label\" scope=\"row\">Ma\u00eetre enfant configurable\u00a0?<\/th>\n<td class=\"col data\" data-th=\"Configurable Child Master?\">0<\/td>\n<\/tr>\n<tr>\n<th class=\"col label\" scope=\"row\">Mat\u00e9riau du br\u00fbleur<\/th>\n<td class=\"col data\" data-th=\"Burner Material\">Acier inoxydable 304<\/td>\n<\/tr>\n<tr>\n<th class=\"col label\" scope=\"row\">Mat\u00e9riau de la grille de cuisson<\/th>\n<td class=\"col data\" data-th=\"Cooking Grate Material\">Acier inoxydable 304<\/td>\n<\/tr>\n<tr>\n<th class=\"col label\" scope=\"row\">Mat\u00e9riau de la grille<\/th>\n<td class=\"col data\" data-th=\"Grate Material\">Acier inoxydable 304<\/td>\n<\/tr>\n<tr>\n<th class=\"col label\" scope=\"row\">Mat\u00e9riau de la tablette lat\u00e9rale<\/th>\n<td class=\"col data\" data-th=\"Side Shelf Material\">Couvert de poudre<\/td>\n<\/tr>\n<tr>\n<th class=\"col label\" scope=\"row\">Prop 65 Message<\/th>\n<td class=\"col data\" data-th=\"Prop 65 Message\">2.1.1.1<\/td>\n<\/tr>\n<\/tbody>\n<\/table>\n<p>&nbsp;<\/p>\n","protected":false},"excerpt":{"rendered":"<p>Le gril \u00e0 gaz SABRE\u00ae Deluxe Black \u00e0 2 br\u00fbleurs offre une exp\u00e9rience de grillade haut de gamme et un design \u00e9l\u00e9gant dans un format compact. Ce gril pr\u00e9sente une finition \u00e9l\u00e9gante avec rev\u00eatement en poudre et un couvercle avec des embouts en aluminium moul\u00e9 sous pression. Profitez de r\u00e9sultats de grillades constants gr\u00e2ce \u00e0 [&hellip;]<\/p>\n","protected":false},"featured_media":5869,"template":"","meta":{"inline_featured_image":false},"product_brand":[329],"product_cat":[113,114],"product_tag":[],"class_list":{"0":"post-5584","1":"product","2":"type-product","3":"status-publish","4":"has-post-thumbnail","6":"product_brand-saber","7":"product_cat-bbq-produits-exterieurs","8":"product_cat-bbq-au-gaz","10":"first","11":"instock","12":"taxable","13":"shipping-taxable","14":"purchasable","15":"product-type-simple"},"yoast_head":"<!-- This site is optimized with the Yoast SEO Premium plugin v24.2 (Yoast SEO v24.2) - https:\/\/yoast.com\/wordpress\/plugins\/seo\/ -->\n<title>Gril \u00e0 gaz Deluxe noir \u00e0 2 br\u00fbleurs SABER - Groupe BelleFlamme<\/title>\n<meta name=\"description\" content=\"Gril \u00e0 gaz Deluxe noir \u00e0 2 br\u00fbleurs SABER vendu et install\u00e9 par le Groupe Belleflamme. Laval, Montr\u00e9al, Gatineau, Drummondville et Saint-Sauveur.\" \/>\n<meta name=\"robots\" content=\"index, follow, max-snippet:-1, max-image-preview:large, max-video-preview:-1\" \/>\n<link rel=\"canonical\" href=\"https:\/\/staging.belleflamme.ca\/fr\/produit\/gril-a-gaz-deluxe-noir-a-2-bruleurs-saber\/\" \/>\n<meta property=\"og:locale\" content=\"fr_FR\" \/>\n<meta property=\"og:type\" content=\"article\" \/>\n<meta property=\"og:title\" content=\"Gril \u00e0 gaz Deluxe noir \u00e0 2 br\u00fbleurs SABER\" \/>\n<meta property=\"og:description\" content=\"Gril \u00e0 gaz Deluxe noir \u00e0 2 br\u00fbleurs SABER vendu et install\u00e9 par le Groupe Belleflamme. Laval, Montr\u00e9al, Gatineau, Drummondville et Saint-Sauveur.\" \/>\n<meta property=\"og:url\" content=\"https:\/\/staging.belleflamme.ca\/fr\/produit\/gril-a-gaz-deluxe-noir-a-2-bruleurs-saber\/\" \/>\n<meta property=\"og:site_name\" content=\"Groupe BelleFlamme\" \/>\n<meta property=\"article:publisher\" content=\"https:\/\/www.facebook.com\/belleflamme.ca\/\" \/>\n<meta property=\"article:modified_time\" content=\"2024-06-20T15:48:19+00:00\" \/>\n<meta property=\"og:image\" content=\"https:\/\/www.belleflamme.ca\/wp-content\/uploads\/2023\/02\/R33CC1017_SABER__Cast_Black_2-Burner_Gas_Grill_001.png\" \/>\n\t<meta property=\"og:image:width\" content=\"1800\" \/>\n\t<meta property=\"og:image:height\" content=\"1800\" \/>\n\t<meta property=\"og:image:type\" content=\"image\/png\" \/>\n<meta name=\"twitter:card\" content=\"summary_large_image\" \/>\n<meta name=\"twitter:label1\" content=\"Prix\" \/>\n\t<meta name=\"twitter:data1\" content=\"&#036;1,699.00\" \/>\n\t<meta name=\"twitter:label2\" content=\"Disponibilit\u00e9\" \/>\n\t<meta name=\"twitter:data2\" content=\"En stock\" \/>\n<script type=\"application\/ld+json\" class=\"yoast-schema-graph\">{\"@context\":\"https:\/\/schema.org\",\"@graph\":[{\"@type\":[\"WebPage\",\"ItemPage\"],\"@id\":\"https:\/\/staging.belleflamme.ca\/fr\/produit\/gril-a-gaz-deluxe-noir-a-2-bruleurs-saber\/\",\"url\":\"https:\/\/staging.belleflamme.ca\/fr\/produit\/gril-a-gaz-deluxe-noir-a-2-bruleurs-saber\/\",\"name\":\"Gril \u00e0 gaz Deluxe noir \u00e0 2 br\u00fbleurs SABER - Groupe BelleFlamme\",\"isPartOf\":{\"@id\":\"https:\/\/www.belleflamme.ca\/fr\/#website\"},\"primaryImageOfPage\":{\"@id\":\"https:\/\/staging.belleflamme.ca\/fr\/produit\/gril-a-gaz-deluxe-noir-a-2-bruleurs-saber\/#primaryimage\"},\"image\":{\"@id\":\"https:\/\/staging.belleflamme.ca\/fr\/produit\/gril-a-gaz-deluxe-noir-a-2-bruleurs-saber\/#primaryimage\"},\"thumbnailUrl\":\"https:\/\/staging.belleflamme.ca\/wp-content\/uploads\/2023\/02\/R33CC1017_SABER__Cast_Black_2-Burner_Gas_Grill_001.png\",\"datePublished\":\"2023-02-21T17:00:56+00:00\",\"dateModified\":\"2024-06-20T15:48:19+00:00\",\"description\":\"Gril \u00e0 gaz Deluxe noir \u00e0 2 br\u00fbleurs SABER [get_meta_en_fr]\",\"breadcrumb\":{\"@id\":\"https:\/\/staging.belleflamme.ca\/fr\/produit\/gril-a-gaz-deluxe-noir-a-2-bruleurs-saber\/#breadcrumb\"},\"inLanguage\":\"fr-FR\",\"potentialAction\":[{\"@type\":\"ReadAction\",\"target\":[\"https:\/\/staging.belleflamme.ca\/fr\/produit\/gril-a-gaz-deluxe-noir-a-2-bruleurs-saber\/\"]}]},{\"@type\":\"ImageObject\",\"inLanguage\":\"fr-FR\",\"@id\":\"https:\/\/staging.belleflamme.ca\/fr\/produit\/gril-a-gaz-deluxe-noir-a-2-bruleurs-saber\/#primaryimage\",\"url\":\"https:\/\/staging.belleflamme.ca\/wp-content\/uploads\/2023\/02\/R33CC1017_SABER__Cast_Black_2-Burner_Gas_Grill_001.png\",\"contentUrl\":\"https:\/\/staging.belleflamme.ca\/wp-content\/uploads\/2023\/02\/R33CC1017_SABER__Cast_Black_2-Burner_Gas_Grill_001.png\",\"width\":1800,\"height\":1800,\"caption\":\"SABER\u00ae Cast Black 2-Burner Gas Grill\"},{\"@type\":\"BreadcrumbList\",\"@id\":\"https:\/\/staging.belleflamme.ca\/fr\/produit\/gril-a-gaz-deluxe-noir-a-2-bruleurs-saber\/#breadcrumb\",\"itemListElement\":[{\"@type\":\"ListItem\",\"position\":1,\"name\":\"Accueil\",\"item\":\"https:\/\/www.belleflamme.ca\/fr\/\"},{\"@type\":\"ListItem\",\"position\":2,\"name\":\"Boutique\",\"item\":\"https:\/\/www.belleflamme.ca\/fr\/boutique\/\"},{\"@type\":\"ListItem\",\"position\":3,\"name\":\"BBQ &amp; Produits Ext\u00e9rieurs\",\"item\":\"https:\/\/staging.belleflamme.ca\/fr\/categories\/bbq-produits-exterieurs\/\"},{\"@type\":\"ListItem\",\"position\":4,\"name\":\"BBQ au Gaz\",\"item\":\"https:\/\/staging.belleflamme.ca\/fr\/categories\/bbq-produits-exterieurs\/bbq-au-gaz\/\"},{\"@type\":\"ListItem\",\"position\":5,\"name\":\"Gril \u00e0 gaz Deluxe noir \u00e0 2 br\u00fbleurs SABER\"}]},{\"@type\":\"WebSite\",\"@id\":\"https:\/\/www.belleflamme.ca\/fr\/#website\",\"url\":\"https:\/\/www.belleflamme.ca\/fr\/\",\"name\":\"Groupe Belleflamme\",\"description\":\"La m\u00e9canique du b\u00e2timent dans le sang.\",\"publisher\":{\"@id\":\"https:\/\/www.belleflamme.ca\/fr\/#organization\"},\"potentialAction\":[{\"@type\":\"SearchAction\",\"target\":{\"@type\":\"EntryPoint\",\"urlTemplate\":\"https:\/\/www.belleflamme.ca\/fr\/?s={search_term_string}\"},\"query-input\":{\"@type\":\"PropertyValueSpecification\",\"valueRequired\":true,\"valueName\":\"search_term_string\"}}],\"inLanguage\":\"fr-FR\"},{\"@type\":[\"Organization\",\"Place\"],\"@id\":\"https:\/\/www.belleflamme.ca\/fr\/#organization\",\"name\":\"Groupe Belleflamme\",\"alternateName\":\"Belleflamme\",\"url\":\"https:\/\/www.belleflamme.ca\/fr\/\",\"logo\":{\"@type\":\"ImageObject\",\"inLanguage\":\"fr-FR\",\"@id\":\"https:\/\/www.belleflamme.ca\/fr\/#\/schema\/logo\/image\/\",\"url\":\"https:\/\/staging.belleflamme.ca\/wp-content\/uploads\/2023\/01\/og-image.jpg\",\"contentUrl\":\"https:\/\/staging.belleflamme.ca\/wp-content\/uploads\/2023\/01\/og-image.jpg\",\"width\":1200,\"height\":630,\"caption\":\"Groupe Belleflamme\"},\"image\":{\"@id\":\"https:\/\/www.belleflamme.ca\/fr\/#\/schema\/logo\/image\/\"},\"sameAs\":[\"https:\/\/www.facebook.com\/belleflamme.ca\/\",\"https:\/\/www.linkedin.com\/company\/belleflamme\/\",\"https:\/\/www.pinterest.ca\/groupebelleflamme\/\",\"https:\/\/www.instagram.com\/legroupebelleflamme\/\"],\"mainEntityOfPage\":{\"@id\":\"https:\/\/staging.belleflamme.ca\/fr\/produit\/gril-a-gaz-deluxe-noir-a-2-bruleurs-saber\/\"}}]}<\/script>\n<meta property=\"product:brand\" content=\"Saber\" \/>\n<meta property=\"product:price:amount\" content=\"1699.00\" \/>\n<meta property=\"product:price:currency\" content=\"CAD\" \/>\n<meta property=\"og:availability\" content=\"instock\" \/>\n<meta property=\"product:availability\" content=\"instock\" \/>\n<meta property=\"product:retailer_item_id\" content=\"R33CC1017\" \/>\n<meta property=\"product:condition\" content=\"new\" \/>\n<!-- \/ Yoast SEO Premium plugin. -->","yoast_head_json":{"title":"Gril \u00e0 gaz Deluxe noir \u00e0 2 br\u00fbleurs SABER - Groupe BelleFlamme","description":"Gril \u00e0 gaz Deluxe noir \u00e0 2 br\u00fbleurs SABER vendu et install\u00e9 par le Groupe Belleflamme. Laval, Montr\u00e9al, Gatineau, Drummondville et Saint-Sauveur.","robots":{"index":"index","follow":"follow","max-snippet":"max-snippet:-1","max-image-preview":"max-image-preview:large","max-video-preview":"max-video-preview:-1"},"canonical":"https:\/\/staging.belleflamme.ca\/fr\/produit\/gril-a-gaz-deluxe-noir-a-2-bruleurs-saber\/","og_locale":"fr_FR","og_type":"article","og_title":"Gril \u00e0 gaz Deluxe noir \u00e0 2 br\u00fbleurs SABER","og_description":"Gril \u00e0 gaz Deluxe noir \u00e0 2 br\u00fbleurs SABER vendu et install\u00e9 par le Groupe Belleflamme. Laval, Montr\u00e9al, Gatineau, Drummondville et Saint-Sauveur.","og_url":"https:\/\/staging.belleflamme.ca\/fr\/produit\/gril-a-gaz-deluxe-noir-a-2-bruleurs-saber\/","og_site_name":"Groupe BelleFlamme","article_publisher":"https:\/\/www.facebook.com\/belleflamme.ca\/","article_modified_time":"2024-06-20T15:48:19+00:00","og_image":[{"width":1800,"height":1800,"url":"https:\/\/www.belleflamme.ca\/wp-content\/uploads\/2023\/02\/R33CC1017_SABER__Cast_Black_2-Burner_Gas_Grill_001.png","type":"image\/png"}],"twitter_card":"summary_large_image","twitter_misc":{"Prix":"&#36;1,699.00","Disponibilit\u00e9":"En stock"},"schema":{"@context":"https:\/\/schema.org","@graph":[{"@type":["WebPage","ItemPage"],"@id":"https:\/\/staging.belleflamme.ca\/fr\/produit\/gril-a-gaz-deluxe-noir-a-2-bruleurs-saber\/","url":"https:\/\/staging.belleflamme.ca\/fr\/produit\/gril-a-gaz-deluxe-noir-a-2-bruleurs-saber\/","name":"Gril \u00e0 gaz Deluxe noir \u00e0 2 br\u00fbleurs SABER - Groupe BelleFlamme","isPartOf":{"@id":"https:\/\/www.belleflamme.ca\/fr\/#website"},"primaryImageOfPage":{"@id":"https:\/\/staging.belleflamme.ca\/fr\/produit\/gril-a-gaz-deluxe-noir-a-2-bruleurs-saber\/#primaryimage"},"image":{"@id":"https:\/\/staging.belleflamme.ca\/fr\/produit\/gril-a-gaz-deluxe-noir-a-2-bruleurs-saber\/#primaryimage"},"thumbnailUrl":"https:\/\/staging.belleflamme.ca\/wp-content\/uploads\/2023\/02\/R33CC1017_SABER__Cast_Black_2-Burner_Gas_Grill_001.png","datePublished":"2023-02-21T17:00:56+00:00","dateModified":"2024-06-20T15:48:19+00:00","description":"Gril \u00e0 gaz Deluxe noir \u00e0 2 br\u00fbleurs SABER [get_meta_en_fr]","breadcrumb":{"@id":"https:\/\/staging.belleflamme.ca\/fr\/produit\/gril-a-gaz-deluxe-noir-a-2-bruleurs-saber\/#breadcrumb"},"inLanguage":"fr-FR","potentialAction":[{"@type":"ReadAction","target":["https:\/\/staging.belleflamme.ca\/fr\/produit\/gril-a-gaz-deluxe-noir-a-2-bruleurs-saber\/"]}]},{"@type":"ImageObject","inLanguage":"fr-FR","@id":"https:\/\/staging.belleflamme.ca\/fr\/produit\/gril-a-gaz-deluxe-noir-a-2-bruleurs-saber\/#primaryimage","url":"https:\/\/staging.belleflamme.ca\/wp-content\/uploads\/2023\/02\/R33CC1017_SABER__Cast_Black_2-Burner_Gas_Grill_001.png","contentUrl":"https:\/\/staging.belleflamme.ca\/wp-content\/uploads\/2023\/02\/R33CC1017_SABER__Cast_Black_2-Burner_Gas_Grill_001.png","width":1800,"height":1800,"caption":"SABER\u00ae Cast Black 2-Burner Gas Grill"},{"@type":"BreadcrumbList","@id":"https:\/\/staging.belleflamme.ca\/fr\/produit\/gril-a-gaz-deluxe-noir-a-2-bruleurs-saber\/#breadcrumb","itemListElement":[{"@type":"ListItem","position":1,"name":"Accueil","item":"https:\/\/www.belleflamme.ca\/fr\/"},{"@type":"ListItem","position":2,"name":"Boutique","item":"https:\/\/www.belleflamme.ca\/fr\/boutique\/"},{"@type":"ListItem","position":3,"name":"BBQ &amp; Produits Ext\u00e9rieurs","item":"https:\/\/staging.belleflamme.ca\/fr\/categories\/bbq-produits-exterieurs\/"},{"@type":"ListItem","position":4,"name":"BBQ au Gaz","item":"https:\/\/staging.belleflamme.ca\/fr\/categories\/bbq-produits-exterieurs\/bbq-au-gaz\/"},{"@type":"ListItem","position":5,"name":"Gril \u00e0 gaz Deluxe noir \u00e0 2 br\u00fbleurs SABER"}]},{"@type":"WebSite","@id":"https:\/\/www.belleflamme.ca\/fr\/#website","url":"https:\/\/www.belleflamme.ca\/fr\/","name":"Groupe Belleflamme","description":"La m\u00e9canique du b\u00e2timent dans le sang.","publisher":{"@id":"https:\/\/www.belleflamme.ca\/fr\/#organization"},"potentialAction":[{"@type":"SearchAction","target":{"@type":"EntryPoint","urlTemplate":"https:\/\/www.belleflamme.ca\/fr\/?s={search_term_string}"},"query-input":{"@type":"PropertyValueSpecification","valueRequired":true,"valueName":"search_term_string"}}],"inLanguage":"fr-FR"},{"@type":["Organization","Place"],"@id":"https:\/\/www.belleflamme.ca\/fr\/#organization","name":"Groupe Belleflamme","alternateName":"Belleflamme","url":"https:\/\/www.belleflamme.ca\/fr\/","logo":{"@type":"ImageObject","inLanguage":"fr-FR","@id":"https:\/\/www.belleflamme.ca\/fr\/#\/schema\/logo\/image\/","url":"https:\/\/staging.belleflamme.ca\/wp-content\/uploads\/2023\/01\/og-image.jpg","contentUrl":"https:\/\/staging.belleflamme.ca\/wp-content\/uploads\/2023\/01\/og-image.jpg","width":1200,"height":630,"caption":"Groupe Belleflamme"},"image":{"@id":"https:\/\/www.belleflamme.ca\/fr\/#\/schema\/logo\/image\/"},"sameAs":["https:\/\/www.facebook.com\/belleflamme.ca\/","https:\/\/www.linkedin.com\/company\/belleflamme\/","https:\/\/www.pinterest.ca\/groupebelleflamme\/","https:\/\/www.instagram.com\/legroupebelleflamme\/"],"mainEntityOfPage":{"@id":"https:\/\/staging.belleflamme.ca\/fr\/produit\/gril-a-gaz-deluxe-noir-a-2-bruleurs-saber\/"}}]},"product_brand":"Saber","product_price_amount":"1699.00","product_price_currency":"CAD","og_availability":"instock","product_availability":"instock","product_retailer_item_id":"R33CC1017","product_condition":"new"},"_links":{"self":[{"href":"https:\/\/staging.belleflamme.ca\/fr\/wp-json\/wp\/v2\/product\/5584","targetHints":{"allow":["GET"]}}],"collection":[{"href":"https:\/\/staging.belleflamme.ca\/fr\/wp-json\/wp\/v2\/product"}],"about":[{"href":"https:\/\/staging.belleflamme.ca\/fr\/wp-json\/wp\/v2\/types\/product"}],"version-history":[{"count":5,"href":"https:\/\/staging.belleflamme.ca\/fr\/wp-json\/wp\/v2\/product\/5584\/revisions"}],"predecessor-version":[{"id":41082,"href":"https:\/\/staging.belleflamme.ca\/fr\/wp-json\/wp\/v2\/product\/5584\/revisions\/41082"}],"wp:featuredmedia":[{"embeddable":true,"href":"https:\/\/staging.belleflamme.ca\/fr\/wp-json\/wp\/v2\/media\/5869"}],"wp:attachment":[{"href":"https:\/\/staging.belleflamme.ca\/fr\/wp-json\/wp\/v2\/media?parent=5584"}],"wp:term":[{"taxonomy":"product_brand","embeddable":true,"href":"https:\/\/staging.belleflamme.ca\/fr\/wp-json\/wp\/v2\/product_brand?post=5584"},{"taxonomy":"product_cat","embeddable":true,"href":"https:\/\/staging.belleflamme.ca\/fr\/wp-json\/wp\/v2\/product_cat?post=5584"},{"taxonomy":"product_tag","embeddable":true,"href":"https:\/\/staging.belleflamme.ca\/fr\/wp-json\/wp\/v2\/product_tag?post=5584"}],"curies":[{"name":"wp","href":"https:\/\/api.w.org\/{rel}","templated":true}]}}