{"id":54134,"date":"2025-04-10T10:14:56","date_gmt":"2025-04-10T14:14:56","guid":{"rendered":"https:\/\/www.belleflamme.ca\/?post_type=product&#038;p=54134"},"modified":"2025-04-10T10:24:11","modified_gmt":"2025-04-10T14:24:11","slug":"foyer-au-gaz-4-faces-enlight-de-stellar","status":"publish","type":"product","link":"https:\/\/staging.belleflamme.ca\/fr\/produit\/foyer-au-gaz-4-faces-enlight-de-stellar\/","title":{"rendered":"Foyer au Gaz 4 Faces Enlight de Stellar"},"content":{"rendered":"\t\t<div data-elementor-type=\"product-post\" data-elementor-id=\"54134\" class=\"elementor elementor-54134\" data-elementor-post-type=\"product\">\n\t\t\t\t\t\t<section class=\"elementor-section elementor-top-section elementor-element elementor-element-20df543 elementor-section-boxed elementor-section-height-default elementor-section-height-default\" data-id=\"20df543\" data-element_type=\"section\">\n\t\t\t\t\t\t<div class=\"elementor-container elementor-column-gap-default\">\n\t\t\t\t\t<div class=\"elementor-column elementor-col-100 elementor-top-column elementor-element elementor-element-f8ee071\" data-id=\"f8ee071\" data-element_type=\"column\">\n\t\t\t<div class=\"elementor-widget-wrap elementor-element-populated\">\n\t\t\t\t\t\t<div class=\"elementor-element elementor-element-1d32678 elementor-widget elementor-widget-text-editor\" data-id=\"1d32678\" data-element_type=\"widget\" data-widget_type=\"text-editor.default\">\n\t\t\t\t<div class=\"elementor-widget-container\">\n\t\t\t\t\t\t\t\t\t<h2 class=\"h100\"><span>\u00c9voquer l&#8217;extraordinaire<\/span><\/h2><p class=\"lead\"><span>Le foyer \u00e0 gaz Enlight Island cr\u00e9e une sculpture de feu que vous pouvez appr\u00e9cier de tous les c\u00f4t\u00e9s. Son foyer central rend vos r\u00e9ceptions inoubliables gr\u00e2ce \u00e0 son design qui permet de s\u00e9parer ou d&#8217;unifier votre espace.<\/span><\/p><div class=\"productFeatureListHeader\"><div class=\"productFeatureListHeader\"><h2 class=\"h200\"><span>Caract\u00e9ristiques<\/span><\/h2><\/div><div class=\"features\"><div class=\"featureItem\"><div class=\"featureDescription\"><h3 class=\"h600\"><span>Enti\u00e8rement personnalisable<\/span><\/h3><p><span>Vous ne trouvez pas ce qu&#8217;il vous faut ? Nos experts en design travaillent en \u00e9troite collaboration avec vous, de la premi\u00e8re consultation \u00e0 la livraison. Imaginez, nous r\u00e9alisons.<\/span><\/p><\/div><\/div><div class=\"featureItem\"><div class=\"featureDescription\"><h3 class=\"h600\"><span>Placez un foyer n&#8217;importe o\u00f9<\/span><\/h3><p><span>Vous pouvez ventiler n&#8217;importe quel foyer Stellar pour l&#8217;adapter \u00e0 l&#8217;architecture de votre b\u00e2timent. Vous souhaitez une fen\u00eatre au-dessus du foyer pour profiter d&#8217;une vue sur le lac, la montagne ou la ville ? Nous pouvons ventiler lat\u00e9ralement ou vers le bas, sans chasse d&#8217;air.<\/span><\/p><\/div><\/div><div class=\"featureItem\"><div class=\"featureDescription\"><h3 class=\"h600\"><span>Les plus hautes flammes<\/span><\/h3><p><span>Des flammes hautes, robustes et audacieuses sont cr\u00e9\u00e9es avec 20 000 BTU de gaz par pied lin\u00e9aire pour un impact important<\/span><\/p><\/div><\/div><div class=\"featureItem\"><div class=\"featureDescription\"><h3 class=\"h600\"><span>Sp\u00e9cifiez facilement votre conception<\/span><\/h3><p><span>Cliquez sur Ressources ci-dessus pour t\u00e9l\u00e9charger les sp\u00e9cifications CAO, Revit BIM, CSI et les outils de visualisation pour inclure Stellar dans vos plans de maison<\/span><\/p><\/div><\/div><div class=\"featureItem\"><div class=\"featureDescription\"><h3 class=\"h600\"><span>Vue d\u00e9gag\u00e9e sur le feu<\/span><\/h3><p><span>Canal le plus \u00e9troit entre les vitres pour une vue plus claire et aucun poteau d&#8217;angle dans le compartiment en verre pour une finition plus propre<\/span><\/p><\/div><\/div><div class=\"featureItem\"><div class=\"featureDescription\"><h3 class=\"h600\"><span>Des choix infinis<\/span><\/h3><p><span>Six longueurs et six hauteurs, ainsi que sept configurations, offrent des centaines de choix pr\u00eats \u00e0 l&#8217;emploi pour vos plans de maison<\/span><\/p><\/div><\/div><\/div><\/div><div class=\"features\"><div class=\"featureItem\"><div class=\"featureDescription\"><div class=\"productFeatureListHeader\">\u00a0<\/div><div class=\"features\"><div class=\"featureItem\"><div class=\"featureDescription\"><p>\u00a0<\/p><\/div><\/div><\/div><div class=\"features\"><div class=\"featureItem\"><div class=\"featureDescription\"><h1 class=\"h200\" style=\"text-align: center;\">Options<\/h1><p style=\"text-align: center;\">\u00a0<\/p><h2 style=\"text-align: center;\">Mat\u00e9riaux du lit de feu<\/h2><p style=\"text-align: center;\"><img fetchpriority=\"high\" decoding=\"async\" class=\"aligncenter wp-image-50275 size-large\" src=\"https:\/\/www.belleflamme.ca\/wp-content\/uploads\/2025\/02\/2025-02-13-10_03_47-Cheminee-de-luxe-simple-face-de-la-collection-Enlight-_-Stellar-1024x293.png\" alt=\"\" width=\"1024\" height=\"293\" srcset=\"https:\/\/staging.belleflamme.ca\/wp-content\/uploads\/2025\/02\/2025-02-13-10_03_47-Cheminee-de-luxe-simple-face-de-la-collection-Enlight-_-Stellar-1024x293.png 1024w, https:\/\/staging.belleflamme.ca\/wp-content\/uploads\/2025\/02\/2025-02-13-10_03_47-Cheminee-de-luxe-simple-face-de-la-collection-Enlight-_-Stellar-300x86.png 300w, https:\/\/staging.belleflamme.ca\/wp-content\/uploads\/2025\/02\/2025-02-13-10_03_47-Cheminee-de-luxe-simple-face-de-la-collection-Enlight-_-Stellar-768x220.png 768w, https:\/\/staging.belleflamme.ca\/wp-content\/uploads\/2025\/02\/2025-02-13-10_03_47-Cheminee-de-luxe-simple-face-de-la-collection-Enlight-_-Stellar-900x257.png 900w, https:\/\/staging.belleflamme.ca\/wp-content\/uploads\/2025\/02\/2025-02-13-10_03_47-Cheminee-de-luxe-simple-face-de-la-collection-Enlight-_-Stellar.png 1497w\" sizes=\"(max-width: 1024px) 100vw, 1024px\" \/> <img decoding=\"async\" class=\"aligncenter wp-image-50277 size-large\" src=\"https:\/\/www.belleflamme.ca\/wp-content\/uploads\/2025\/02\/2025-02-13-10_03_19-Cheminee-de-luxe-simple-face-de-la-collection-Enlight-_-Stellar-1024x285.png\" alt=\"\" width=\"1024\" height=\"285\" srcset=\"https:\/\/staging.belleflamme.ca\/wp-content\/uploads\/2025\/02\/2025-02-13-10_03_19-Cheminee-de-luxe-simple-face-de-la-collection-Enlight-_-Stellar-1024x285.png 1024w, https:\/\/staging.belleflamme.ca\/wp-content\/uploads\/2025\/02\/2025-02-13-10_03_19-Cheminee-de-luxe-simple-face-de-la-collection-Enlight-_-Stellar-300x83.png 300w, https:\/\/staging.belleflamme.ca\/wp-content\/uploads\/2025\/02\/2025-02-13-10_03_19-Cheminee-de-luxe-simple-face-de-la-collection-Enlight-_-Stellar-768x213.png 768w, https:\/\/staging.belleflamme.ca\/wp-content\/uploads\/2025\/02\/2025-02-13-10_03_19-Cheminee-de-luxe-simple-face-de-la-collection-Enlight-_-Stellar-900x250.png 900w, https:\/\/staging.belleflamme.ca\/wp-content\/uploads\/2025\/02\/2025-02-13-10_03_19-Cheminee-de-luxe-simple-face-de-la-collection-Enlight-_-Stellar.png 1497w\" sizes=\"(max-width: 1024px) 100vw, 1024px\" \/><\/p><p style=\"text-align: center;\">\u00a0<\/p><\/div><\/div><\/div><h2 style=\"text-align: center;\">B\u00fbches peintes \u00e0 la main<\/h2><p>\u00a0 \u00a0 \u00a0 \u00a0 \u00a0 \u00a0 \u00a0\u00a0<img decoding=\"async\" class=\"size-full wp-image-50279 aligncenter\" src=\"https:\/\/www.belleflamme.ca\/wp-content\/uploads\/2025\/02\/2025-02-13-10_06_20-Cheminee-de-luxe-simple-face-de-la-collection-Enlight-_-Stellar.png\" alt=\"\" width=\"821\" height=\"429\" srcset=\"https:\/\/staging.belleflamme.ca\/wp-content\/uploads\/2025\/02\/2025-02-13-10_06_20-Cheminee-de-luxe-simple-face-de-la-collection-Enlight-_-Stellar.png 821w, https:\/\/staging.belleflamme.ca\/wp-content\/uploads\/2025\/02\/2025-02-13-10_06_20-Cheminee-de-luxe-simple-face-de-la-collection-Enlight-_-Stellar-300x157.png 300w, https:\/\/staging.belleflamme.ca\/wp-content\/uploads\/2025\/02\/2025-02-13-10_06_20-Cheminee-de-luxe-simple-face-de-la-collection-Enlight-_-Stellar-768x401.png 768w\" sizes=\"(max-width: 821px) 100vw, 821px\" \/><\/p><\/div><\/div><\/div>\t\t\t\t\t\t\t\t<\/div>\n\t\t\t\t<\/div>\n\t\t\t\t\t<\/div>\n\t\t<\/div>\n\t\t\t\t\t<\/div>\n\t\t<\/section>\n\t\t\t\t<section class=\"elementor-section elementor-top-section elementor-element elementor-element-0fad332 elementor-section-boxed elementor-section-height-default elementor-section-height-default\" data-id=\"0fad332\" data-element_type=\"section\">\n\t\t\t\t\t\t<div class=\"elementor-container elementor-column-gap-default\">\n\t\t\t\t\t<div class=\"elementor-column elementor-col-100 elementor-top-column elementor-element elementor-element-ca256c8\" data-id=\"ca256c8\" data-element_type=\"column\">\n\t\t\t<div class=\"elementor-widget-wrap elementor-element-populated\">\n\t\t\t\t\t\t<div class=\"elementor-element elementor-element-a7dfc4a elementor-tabs-view-horizontal elementor-widget elementor-widget-tabs\" data-id=\"a7dfc4a\" data-element_type=\"widget\" data-widget_type=\"tabs.default\">\n\t\t\t\t<div class=\"elementor-widget-container\">\n\t\t\t\t\t\t\t<div class=\"elementor-tabs\">\n\t\t\t<div class=\"elementor-tabs-wrapper\" role=\"tablist\" >\n\t\t\t\t\t\t\t\t\t<div id=\"elementor-tab-title-1761\" class=\"elementor-tab-title elementor-tab-desktop-title\" aria-selected=\"true\" data-tab=\"1\" role=\"tab\" tabindex=\"0\" aria-controls=\"elementor-tab-content-1761\" aria-expanded=\"false\">Fichiers<\/div>\n\t\t\t\t\t\t\t<\/div>\n\t\t\t<div class=\"elementor-tabs-content-wrapper\" role=\"tablist\" aria-orientation=\"vertical\">\n\t\t\t\t\t\t\t\t\t<div class=\"elementor-tab-title elementor-tab-mobile-title\" aria-selected=\"true\" data-tab=\"1\" role=\"tab\" tabindex=\"0\" aria-controls=\"elementor-tab-content-1761\" aria-expanded=\"false\">Fichiers<\/div>\n\t\t\t\t\t<div id=\"elementor-tab-content-1761\" class=\"elementor-tab-content elementor-clearfix\" data-tab=\"1\" role=\"tabpanel\" aria-labelledby=\"elementor-tab-title-1761\" tabindex=\"0\" hidden=\"false\"><i class=\"far fa-file-pdf fa-xl\" style=\"font-size:35px\"><\/i><a href=\"https:\/\/www.belleflamme.ca\/wp-content\/uploads\/2025\/04\/STL-1000_StellarProductBrochure.pdf\"> Brochure Stellar<\/a><br>\n<i class=\"far fa-file-pdf fa-xl\" style=\"font-size:35px\"><\/i><a href=\"https:\/\/www.belleflamme.ca\/wp-content\/uploads\/2025\/04\/STL-1001_Enlight_Collection_Brochure.pdf\"> Brochure Enlight<\/a><br>\n<i class=\"far fa-file-pdf fa-xl\" style=\"font-size:35px\"><\/i><a href=\"https:\/\/www.belleflamme.ca\/wp-content\/uploads\/2025\/04\/3-4S-SERIES-ProductCut-Sheet.pdf\"> 3&#8242;<\/a><br>\n<i class=\"far fa-file-pdf fa-xl\" style=\"font-size:35px\"><\/i><a href=\"https:\/\/www.belleflamme.ca\/wp-content\/uploads\/2025\/04\/4-4S-SERIES-ProductCut-Sheet.pdf\"> 4&#8242;<\/a><br>\n<i class=\"far fa-file-pdf fa-xl\" style=\"font-size:35px\"><\/i><a href=\"https:\/\/www.belleflamme.ca\/wp-content\/uploads\/2025\/04\/5-4S-SERIES-ProductCut-Sheet.pdf\"> 5&#8242;<\/a><br>\n<i class=\"far fa-file-pdf fa-xl\" style=\"font-size:35px\"><\/i><a href=\"https:\/\/www.belleflamme.ca\/wp-content\/uploads\/2025\/04\/6-4S-SERIES-ProductCut-Sheet.pdf\"> 6&#8242;<\/a><br>\n<i class=\"far fa-file-pdf fa-xl\" style=\"font-size:35px\"><\/i><a href=\"https:\/\/www.belleflamme.ca\/wp-content\/uploads\/2025\/04\/7-4S-SERIES-ProductCut-Sheet.pdf\"> 7&#8242;<\/a><br>\n<i class=\"far fa-file-pdf fa-xl\" style=\"font-size:35px\"><\/i><a href=\"https:\/\/www.belleflamme.ca\/wp-content\/uploads\/2025\/04\/8-4S-SERIES-ProductCut-Sheet.pdf\"> 8&#8242;<\/a><br>\n<i class=\"far fa-file-pdf fa-xl\" style=\"font-size:35px\"><\/i><a href=\"https:\/\/www.belleflamme.ca\/wp-content\/uploads\/2025\/04\/INS_16400-7806_Enlight_Island.pdf\"> Installation<\/a><br><\/div>\n\t\t\t\t\t\t\t<\/div>\n\t\t<\/div>\n\t\t\t\t\t\t<\/div>\n\t\t\t\t<\/div>\n\t\t\t\t\t<\/div>\n\t\t<\/div>\n\t\t\t\t\t<\/div>\n\t\t<\/section>\n\t\t\t\t<\/div>\n\t\t","protected":false},"excerpt":{"rendered":"<p>\u00c9voquer l&#8217;extraordinaire Le foyer \u00e0 gaz Enlight Island cr\u00e9e une sculpture de feu que vous pouvez appr\u00e9cier de tous les c\u00f4t\u00e9s. Son foyer central rend vos r\u00e9ceptions inoubliables gr\u00e2ce \u00e0 son design qui permet de s\u00e9parer ou d&#8217;unifier votre espace. Caract\u00e9ristiques Enti\u00e8rement personnalisable Vous ne trouvez pas ce qu&#8217;il vous faut ? Nos experts en [&hellip;]<\/p>\n","protected":false},"featured_media":54135,"template":"","meta":{"inline_featured_image":false},"product_brand":[2020],"product_cat":[33,35,37],"product_tag":[],"class_list":{"0":"post-54134","1":"product","2":"type-product","3":"status-publish","4":"has-post-thumbnail","6":"product_brand-stellar","7":"product_cat-poeles-et-foyers","8":"product_cat-poeles-foyer-au-gaz","9":"product_cat-foyer-au-gaz","11":"first","12":"instock","13":"taxable","14":"shipping-taxable","15":"purchasable","16":"product-type-variable"},"yoast_head":"<!-- This site is optimized with the Yoast SEO Premium plugin v24.2 (Yoast SEO v24.2) - https:\/\/yoast.com\/wordpress\/plugins\/seo\/ -->\n<title>Foyer au Gaz 4 Faces Enlight de Stellar - Groupe BelleFlamme<\/title>\n<meta name=\"description\" content=\"Foyer au Gaz 4 Faces Enlight de Stellar vendu et install\u00e9 par le Groupe Belleflamme. Laval, Montr\u00e9al, Gatineau et Saint-Sauveur.\" \/>\n<meta name=\"robots\" content=\"index, follow, max-snippet:-1, max-image-preview:large, max-video-preview:-1\" \/>\n<link rel=\"canonical\" href=\"https:\/\/staging.belleflamme.ca\/fr\/produit\/foyer-au-gaz-4-faces-enlight-de-stellar\/\" \/>\n<meta property=\"og:locale\" content=\"fr_FR\" \/>\n<meta property=\"og:type\" content=\"article\" \/>\n<meta property=\"og:title\" content=\"Foyer au Gaz 4 Faces Enlight de Stellar\" \/>\n<meta property=\"og:description\" content=\"Foyer au Gaz 4 Faces Enlight de Stellar vendu et install\u00e9 par le Groupe Belleflamme. Laval, Montr\u00e9al, Gatineau et Saint-Sauveur.\" \/>\n<meta property=\"og:url\" content=\"https:\/\/staging.belleflamme.ca\/fr\/produit\/foyer-au-gaz-4-faces-enlight-de-stellar\/\" \/>\n<meta property=\"og:site_name\" content=\"Groupe BelleFlamme\" \/>\n<meta property=\"article:publisher\" content=\"https:\/\/www.facebook.com\/belleflamme.ca\/\" \/>\n<meta property=\"article:modified_time\" content=\"2025-04-10T14:24:11+00:00\" \/>\n<meta property=\"og:image\" content=\"https:\/\/www.belleflamme.ca\/wp-content\/uploads\/2025\/04\/Foyer-au-Gaz-4-Faces-Enlight-de-Stellar.webp\" \/>\n\t<meta property=\"og:image:width\" content=\"2000\" \/>\n\t<meta property=\"og:image:height\" content=\"1354\" \/>\n\t<meta property=\"og:image:type\" content=\"image\/webp\" \/>\n<meta name=\"twitter:card\" content=\"summary_large_image\" \/>\n<meta name=\"twitter:label1\" content=\"Disponibilit\u00e9\" \/>\n\t<meta name=\"twitter:data1\" content=\"En stock\" \/>\n<script type=\"application\/ld+json\" class=\"yoast-schema-graph\">{\"@context\":\"https:\/\/schema.org\",\"@graph\":[{\"@type\":[\"WebPage\",\"ItemPage\"],\"@id\":\"https:\/\/staging.belleflamme.ca\/fr\/produit\/foyer-au-gaz-4-faces-enlight-de-stellar\/\",\"url\":\"https:\/\/staging.belleflamme.ca\/fr\/produit\/foyer-au-gaz-4-faces-enlight-de-stellar\/\",\"name\":\"Foyer au Gaz 4 Faces Enlight de Stellar - Groupe BelleFlamme\",\"isPartOf\":{\"@id\":\"https:\/\/www.belleflamme.ca\/fr\/#website\"},\"primaryImageOfPage\":{\"@id\":\"https:\/\/staging.belleflamme.ca\/fr\/produit\/foyer-au-gaz-4-faces-enlight-de-stellar\/#primaryimage\"},\"image\":{\"@id\":\"https:\/\/staging.belleflamme.ca\/fr\/produit\/foyer-au-gaz-4-faces-enlight-de-stellar\/#primaryimage\"},\"thumbnailUrl\":\"https:\/\/staging.belleflamme.ca\/wp-content\/uploads\/2025\/04\/Foyer-au-Gaz-4-Faces-Enlight-de-Stellar.webp\",\"datePublished\":\"2025-04-10T14:14:56+00:00\",\"dateModified\":\"2025-04-10T14:24:11+00:00\",\"description\":\"Foyer au Gaz 4 Faces Enlight de Stellar vendu et install\u00e9 par le Groupe Belleflamme. Laval, Montr\u00e9al, Gatineau et Saint-Sauveur.\",\"breadcrumb\":{\"@id\":\"https:\/\/staging.belleflamme.ca\/fr\/produit\/foyer-au-gaz-4-faces-enlight-de-stellar\/#breadcrumb\"},\"inLanguage\":\"fr-FR\",\"potentialAction\":[{\"@type\":\"ReadAction\",\"target\":[\"https:\/\/staging.belleflamme.ca\/fr\/produit\/foyer-au-gaz-4-faces-enlight-de-stellar\/\"]}]},{\"@type\":\"ImageObject\",\"inLanguage\":\"fr-FR\",\"@id\":\"https:\/\/staging.belleflamme.ca\/fr\/produit\/foyer-au-gaz-4-faces-enlight-de-stellar\/#primaryimage\",\"url\":\"https:\/\/staging.belleflamme.ca\/wp-content\/uploads\/2025\/04\/Foyer-au-Gaz-4-Faces-Enlight-de-Stellar.webp\",\"contentUrl\":\"https:\/\/staging.belleflamme.ca\/wp-content\/uploads\/2025\/04\/Foyer-au-Gaz-4-Faces-Enlight-de-Stellar.webp\",\"width\":2000,\"height\":1354,\"caption\":\"Foyer au Gaz 4 Faces Enlight de Stellar\"},{\"@type\":\"BreadcrumbList\",\"@id\":\"https:\/\/staging.belleflamme.ca\/fr\/produit\/foyer-au-gaz-4-faces-enlight-de-stellar\/#breadcrumb\",\"itemListElement\":[{\"@type\":\"ListItem\",\"position\":1,\"name\":\"Accueil\",\"item\":\"https:\/\/www.belleflamme.ca\/fr\/\"},{\"@type\":\"ListItem\",\"position\":2,\"name\":\"Boutique\",\"item\":\"https:\/\/www.belleflamme.ca\/fr\/boutique\/\"},{\"@type\":\"ListItem\",\"position\":3,\"name\":\"Po\u00eales &amp; Foyers\",\"item\":\"https:\/\/staging.belleflamme.ca\/fr\/categories\/poeles-et-foyers\/\"},{\"@type\":\"ListItem\",\"position\":4,\"name\":\"Po\u00eale &amp; Foyer au Gaz\",\"item\":\"https:\/\/staging.belleflamme.ca\/fr\/categories\/poeles-et-foyers\/poeles-foyer-au-gaz\/\"},{\"@type\":\"ListItem\",\"position\":5,\"name\":\"Foyer au Gaz\",\"item\":\"https:\/\/staging.belleflamme.ca\/fr\/categories\/poeles-et-foyers\/poeles-foyer-au-gaz\/foyer-au-gaz\/\"},{\"@type\":\"ListItem\",\"position\":6,\"name\":\"Foyer au Gaz 4 Faces Enlight de Stellar\"}]},{\"@type\":\"WebSite\",\"@id\":\"https:\/\/www.belleflamme.ca\/fr\/#website\",\"url\":\"https:\/\/www.belleflamme.ca\/fr\/\",\"name\":\"Groupe Belleflamme\",\"description\":\"La m\u00e9canique du b\u00e2timent dans le sang.\",\"publisher\":{\"@id\":\"https:\/\/www.belleflamme.ca\/fr\/#organization\"},\"potentialAction\":[{\"@type\":\"SearchAction\",\"target\":{\"@type\":\"EntryPoint\",\"urlTemplate\":\"https:\/\/www.belleflamme.ca\/fr\/?s={search_term_string}\"},\"query-input\":{\"@type\":\"PropertyValueSpecification\",\"valueRequired\":true,\"valueName\":\"search_term_string\"}}],\"inLanguage\":\"fr-FR\"},{\"@type\":[\"Organization\",\"Place\"],\"@id\":\"https:\/\/www.belleflamme.ca\/fr\/#organization\",\"name\":\"Groupe Belleflamme\",\"alternateName\":\"Belleflamme\",\"url\":\"https:\/\/www.belleflamme.ca\/fr\/\",\"logo\":{\"@type\":\"ImageObject\",\"inLanguage\":\"fr-FR\",\"@id\":\"https:\/\/www.belleflamme.ca\/fr\/#\/schema\/logo\/image\/\",\"url\":\"https:\/\/staging.belleflamme.ca\/wp-content\/uploads\/2023\/01\/og-image.jpg\",\"contentUrl\":\"https:\/\/staging.belleflamme.ca\/wp-content\/uploads\/2023\/01\/og-image.jpg\",\"width\":1200,\"height\":630,\"caption\":\"Groupe Belleflamme\"},\"image\":{\"@id\":\"https:\/\/www.belleflamme.ca\/fr\/#\/schema\/logo\/image\/\"},\"sameAs\":[\"https:\/\/www.facebook.com\/belleflamme.ca\/\",\"https:\/\/www.linkedin.com\/company\/belleflamme\/\",\"https:\/\/www.pinterest.ca\/groupebelleflamme\/\",\"https:\/\/www.instagram.com\/legroupebelleflamme\/\"],\"mainEntityOfPage\":{\"@id\":\"https:\/\/staging.belleflamme.ca\/fr\/produit\/foyer-au-gaz-4-faces-enlight-de-stellar\/\"}}]}<\/script>\n<meta property=\"product:brand\" content=\"Stellar\" \/>\n<meta property=\"og:availability\" content=\"instock\" \/>\n<meta property=\"product:availability\" content=\"instock\" \/>\n<meta property=\"product:condition\" content=\"new\" \/>\n<!-- \/ Yoast SEO Premium plugin. -->","yoast_head_json":{"title":"Foyer au Gaz 4 Faces Enlight de Stellar - Groupe BelleFlamme","description":"Foyer au Gaz 4 Faces Enlight de Stellar vendu et install\u00e9 par le Groupe Belleflamme. Laval, Montr\u00e9al, Gatineau et Saint-Sauveur.","robots":{"index":"index","follow":"follow","max-snippet":"max-snippet:-1","max-image-preview":"max-image-preview:large","max-video-preview":"max-video-preview:-1"},"canonical":"https:\/\/staging.belleflamme.ca\/fr\/produit\/foyer-au-gaz-4-faces-enlight-de-stellar\/","og_locale":"fr_FR","og_type":"article","og_title":"Foyer au Gaz 4 Faces Enlight de Stellar","og_description":"Foyer au Gaz 4 Faces Enlight de Stellar vendu et install\u00e9 par le Groupe Belleflamme. Laval, Montr\u00e9al, Gatineau et Saint-Sauveur.","og_url":"https:\/\/staging.belleflamme.ca\/fr\/produit\/foyer-au-gaz-4-faces-enlight-de-stellar\/","og_site_name":"Groupe BelleFlamme","article_publisher":"https:\/\/www.facebook.com\/belleflamme.ca\/","article_modified_time":"2025-04-10T14:24:11+00:00","og_image":[{"width":2000,"height":1354,"url":"https:\/\/www.belleflamme.ca\/wp-content\/uploads\/2025\/04\/Foyer-au-Gaz-4-Faces-Enlight-de-Stellar.webp","type":"image\/webp"}],"twitter_card":"summary_large_image","twitter_misc":{"Disponibilit\u00e9":"En stock"},"schema":{"@context":"https:\/\/schema.org","@graph":[{"@type":["WebPage","ItemPage"],"@id":"https:\/\/staging.belleflamme.ca\/fr\/produit\/foyer-au-gaz-4-faces-enlight-de-stellar\/","url":"https:\/\/staging.belleflamme.ca\/fr\/produit\/foyer-au-gaz-4-faces-enlight-de-stellar\/","name":"Foyer au Gaz 4 Faces Enlight de Stellar - Groupe BelleFlamme","isPartOf":{"@id":"https:\/\/www.belleflamme.ca\/fr\/#website"},"primaryImageOfPage":{"@id":"https:\/\/staging.belleflamme.ca\/fr\/produit\/foyer-au-gaz-4-faces-enlight-de-stellar\/#primaryimage"},"image":{"@id":"https:\/\/staging.belleflamme.ca\/fr\/produit\/foyer-au-gaz-4-faces-enlight-de-stellar\/#primaryimage"},"thumbnailUrl":"https:\/\/staging.belleflamme.ca\/wp-content\/uploads\/2025\/04\/Foyer-au-Gaz-4-Faces-Enlight-de-Stellar.webp","datePublished":"2025-04-10T14:14:56+00:00","dateModified":"2025-04-10T14:24:11+00:00","description":"Foyer au Gaz 4 Faces Enlight de Stellar vendu et install\u00e9 par le Groupe Belleflamme. Laval, Montr\u00e9al, Gatineau et Saint-Sauveur.","breadcrumb":{"@id":"https:\/\/staging.belleflamme.ca\/fr\/produit\/foyer-au-gaz-4-faces-enlight-de-stellar\/#breadcrumb"},"inLanguage":"fr-FR","potentialAction":[{"@type":"ReadAction","target":["https:\/\/staging.belleflamme.ca\/fr\/produit\/foyer-au-gaz-4-faces-enlight-de-stellar\/"]}]},{"@type":"ImageObject","inLanguage":"fr-FR","@id":"https:\/\/staging.belleflamme.ca\/fr\/produit\/foyer-au-gaz-4-faces-enlight-de-stellar\/#primaryimage","url":"https:\/\/staging.belleflamme.ca\/wp-content\/uploads\/2025\/04\/Foyer-au-Gaz-4-Faces-Enlight-de-Stellar.webp","contentUrl":"https:\/\/staging.belleflamme.ca\/wp-content\/uploads\/2025\/04\/Foyer-au-Gaz-4-Faces-Enlight-de-Stellar.webp","width":2000,"height":1354,"caption":"Foyer au Gaz 4 Faces Enlight de Stellar"},{"@type":"BreadcrumbList","@id":"https:\/\/staging.belleflamme.ca\/fr\/produit\/foyer-au-gaz-4-faces-enlight-de-stellar\/#breadcrumb","itemListElement":[{"@type":"ListItem","position":1,"name":"Accueil","item":"https:\/\/www.belleflamme.ca\/fr\/"},{"@type":"ListItem","position":2,"name":"Boutique","item":"https:\/\/www.belleflamme.ca\/fr\/boutique\/"},{"@type":"ListItem","position":3,"name":"Po\u00eales &amp; Foyers","item":"https:\/\/staging.belleflamme.ca\/fr\/categories\/poeles-et-foyers\/"},{"@type":"ListItem","position":4,"name":"Po\u00eale &amp; Foyer au Gaz","item":"https:\/\/staging.belleflamme.ca\/fr\/categories\/poeles-et-foyers\/poeles-foyer-au-gaz\/"},{"@type":"ListItem","position":5,"name":"Foyer au Gaz","item":"https:\/\/staging.belleflamme.ca\/fr\/categories\/poeles-et-foyers\/poeles-foyer-au-gaz\/foyer-au-gaz\/"},{"@type":"ListItem","position":6,"name":"Foyer au Gaz 4 Faces Enlight de Stellar"}]},{"@type":"WebSite","@id":"https:\/\/www.belleflamme.ca\/fr\/#website","url":"https:\/\/www.belleflamme.ca\/fr\/","name":"Groupe Belleflamme","description":"La m\u00e9canique du b\u00e2timent dans le sang.","publisher":{"@id":"https:\/\/www.belleflamme.ca\/fr\/#organization"},"potentialAction":[{"@type":"SearchAction","target":{"@type":"EntryPoint","urlTemplate":"https:\/\/www.belleflamme.ca\/fr\/?s={search_term_string}"},"query-input":{"@type":"PropertyValueSpecification","valueRequired":true,"valueName":"search_term_string"}}],"inLanguage":"fr-FR"},{"@type":["Organization","Place"],"@id":"https:\/\/www.belleflamme.ca\/fr\/#organization","name":"Groupe Belleflamme","alternateName":"Belleflamme","url":"https:\/\/www.belleflamme.ca\/fr\/","logo":{"@type":"ImageObject","inLanguage":"fr-FR","@id":"https:\/\/www.belleflamme.ca\/fr\/#\/schema\/logo\/image\/","url":"https:\/\/staging.belleflamme.ca\/wp-content\/uploads\/2023\/01\/og-image.jpg","contentUrl":"https:\/\/staging.belleflamme.ca\/wp-content\/uploads\/2023\/01\/og-image.jpg","width":1200,"height":630,"caption":"Groupe Belleflamme"},"image":{"@id":"https:\/\/www.belleflamme.ca\/fr\/#\/schema\/logo\/image\/"},"sameAs":["https:\/\/www.facebook.com\/belleflamme.ca\/","https:\/\/www.linkedin.com\/company\/belleflamme\/","https:\/\/www.pinterest.ca\/groupebelleflamme\/","https:\/\/www.instagram.com\/legroupebelleflamme\/"],"mainEntityOfPage":{"@id":"https:\/\/staging.belleflamme.ca\/fr\/produit\/foyer-au-gaz-4-faces-enlight-de-stellar\/"}}]},"product_brand":"Stellar","og_availability":"instock","product_availability":"instock","product_condition":"new"},"_links":{"self":[{"href":"https:\/\/staging.belleflamme.ca\/fr\/wp-json\/wp\/v2\/product\/54134","targetHints":{"allow":["GET"]}}],"collection":[{"href":"https:\/\/staging.belleflamme.ca\/fr\/wp-json\/wp\/v2\/product"}],"about":[{"href":"https:\/\/staging.belleflamme.ca\/fr\/wp-json\/wp\/v2\/types\/product"}],"version-history":[{"count":4,"href":"https:\/\/staging.belleflamme.ca\/fr\/wp-json\/wp\/v2\/product\/54134\/revisions"}],"predecessor-version":[{"id":54190,"href":"https:\/\/staging.belleflamme.ca\/fr\/wp-json\/wp\/v2\/product\/54134\/revisions\/54190"}],"wp:featuredmedia":[{"embeddable":true,"href":"https:\/\/staging.belleflamme.ca\/fr\/wp-json\/wp\/v2\/media\/54135"}],"wp:attachment":[{"href":"https:\/\/staging.belleflamme.ca\/fr\/wp-json\/wp\/v2\/media?parent=54134"}],"wp:term":[{"taxonomy":"product_brand","embeddable":true,"href":"https:\/\/staging.belleflamme.ca\/fr\/wp-json\/wp\/v2\/product_brand?post=54134"},{"taxonomy":"product_cat","embeddable":true,"href":"https:\/\/staging.belleflamme.ca\/fr\/wp-json\/wp\/v2\/product_cat?post=54134"},{"taxonomy":"product_tag","embeddable":true,"href":"https:\/\/staging.belleflamme.ca\/fr\/wp-json\/wp\/v2\/product_tag?post=54134"}],"curies":[{"name":"wp","href":"https:\/\/api.w.org\/{rel}","templated":true}]}}