{"id":52256,"date":"2025-03-12T10:29:44","date_gmt":"2025-03-12T14:29:44","guid":{"rendered":"https:\/\/www.belleflamme.ca\/?post_type=product&#038;p=52256"},"modified":"2025-03-12T10:39:28","modified_gmt":"2025-03-12T14:39:28","slug":"foyer-encastrable-au-gaz-ri30i-de-enviro","status":"publish","type":"product","link":"https:\/\/staging.belleflamme.ca\/fr\/produit\/foyer-encastrable-au-gaz-ri30i-de-enviro\/","title":{"rendered":"Foyer Encastrable au Gaz Ri30i de Enviro"},"content":{"rendered":"\t\t<div data-elementor-type=\"product-post\" data-elementor-id=\"52256\" class=\"elementor elementor-52256\" data-elementor-post-type=\"product\">\n\t\t\t\t\t\t<section class=\"elementor-section elementor-top-section elementor-element elementor-element-85e1ff9 elementor-section-boxed elementor-section-height-default elementor-section-height-default\" data-id=\"85e1ff9\" data-element_type=\"section\">\n\t\t\t\t\t\t<div class=\"elementor-container elementor-column-gap-default\">\n\t\t\t\t\t<div class=\"elementor-column elementor-col-100 elementor-top-column elementor-element elementor-element-5c6b4653\" data-id=\"5c6b4653\" data-element_type=\"column\">\n\t\t\t<div class=\"elementor-widget-wrap elementor-element-populated\">\n\t\t\t\t\t\t<div class=\"elementor-element elementor-element-3d83d87f elementor-widget elementor-widget-text-editor\" data-id=\"3d83d87f\" data-element_type=\"widget\" data-widget_type=\"text-editor.default\">\n\t\t\t\t<div class=\"elementor-widget-container\">\n\t\t\t\t\t\t\t\t\t<iframe width=\"560\" height=\"315\" src=\"https:\/\/www.youtube.com\/embed\/z7DuN1PvQQA?si=qe1aS79bOffdPJwn\" title=\"YouTube video player\" frameborder=\"0\" allow=\"accelerometer; autoplay; clipboard-write; encrypted-media; gyroscope; picture-in-picture; web-share\" referrerpolicy=\"strict-origin-when-cross-origin\" allowfullscreen><\/iframe>\n<div class=\"prodInfo1\">\n<h2 class=\"subTitle\">Caract\u00e9ristiques<\/h2>\n<ul class=\"featureList\">\n \t<li class=\"featureList\">Technologie Fire-Under-Log<\/li>\n \t<li class=\"featureList\">\u00c9clairage du lit de braises<\/li>\n \t<li class=\"featureList\">Syst\u00e8me de ventilation silencieux<\/li>\n \t<li class=\"featureList\">Garantie \u00e0 vie limit\u00e9e<\/li>\n<\/ul>\n<\/div>\n<div class=\"prodInfo2\">\n<h2 class=\"subTitle\">Options<\/h2>\n<ul class=\"featureList\">\n \t<li class=\"featureList\">Entourage contemporain\n40&#8243; L x 25\u00a01\u00a0\u2044\u00a04\u00a0&#8221; H<\/li>\n \t<li class=\"featureList\">Fa\u00e7ade de forge\n40&#8243; L x 26\u00a03\u00a0\u2044\u00a08\u00a0&#8221; H<\/li>\n \t<li class=\"featureList\">Cadre Galiano\n40&#8243; L x 25\u00a01\u00a0\u2044\u00a04\u00a0&#8221; H<\/li>\n \t<li class=\"featureList\">Entourage mince\n33\u00a01\u00a0\u2044\u00a02\u00a0&#8221; L x 22&#8243; H<\/li>\n \t<li class=\"featureList\">Panneau d\u00e9coupable\n46&#8243; L x 38&#8243; H<\/li>\n \t<li class=\"featureList\">Rev\u00eatements disponibles\u00a0:\n\u00e9maill\u00e9 noir |\nchevrons brique | pierre de Ledge\npeinte en noir (inclus)<\/li>\n<\/ul>\n<\/div>\n<div class=\"prodInfo3\">\n<h2 class=\"subTitle\">Sp\u00e9cifications<\/h2>\n<div class=\"prodSpecsLeft\">Surface de chauffage\n1 700 pi\u00b2<\/div>\n<div><\/div>\n<div class=\"prodSpecsLeft\">Puissance d&#8217;entr\u00e9e maximale en BTU (GN)\n32 000<\/div>\n<div class=\"prodSpecsLeft\">Puissance minimale en BTU\n21 440<\/div>\n<div class=\"prodSpecsRight\">\n\nEfficacit\u00e9 P4\n64%\n\n<\/div>\n<div class=\"prodSpecsRight\">\n\nZone de visualisation\n26 3 \u2044 8 &#8221; L x 18 3 \u2044 8 &#8221; H\n\n<\/div>\n<div class=\"prodSpecsRight\">\n\nDimensions*\n30 1 \u2044 2 po L x 20 po H\n\nPlage de profondeur d&#8217;installation*\n15\u201d &#8211; 17\u201d\n\n<\/div>\n<div class=\"prodSpecsRight\">\n\n*Consultez le manuel pour conna\u00eetre les dimensions et les d\u00e9gagements d\u00e9taill\u00e9s.\n*La profondeur d&#8217;installation minimale peut varier selon le contour choisi. Les sp\u00e9cifications peuvent varier selon les options s\u00e9lectionn\u00e9es.\n\n<\/div>\n<\/div>\t\t\t\t\t\t\t\t<\/div>\n\t\t\t\t<\/div>\n\t\t\t\t\t<\/div>\n\t\t<\/div>\n\t\t\t\t\t<\/div>\n\t\t<\/section>\n\t\t\t\t<section class=\"elementor-section elementor-top-section elementor-element elementor-element-ba38731 elementor-section-boxed elementor-section-height-default elementor-section-height-default\" data-id=\"ba38731\" data-element_type=\"section\">\n\t\t\t\t\t\t<div class=\"elementor-container elementor-column-gap-default\">\n\t\t\t\t\t<div class=\"elementor-column elementor-col-100 elementor-top-column elementor-element elementor-element-160e8ac\" data-id=\"160e8ac\" data-element_type=\"column\">\n\t\t\t<div class=\"elementor-widget-wrap elementor-element-populated\">\n\t\t\t\t\t\t<div class=\"elementor-element elementor-element-8eddafe elementor-tabs-view-horizontal elementor-widget elementor-widget-tabs\" data-id=\"8eddafe\" data-element_type=\"widget\" data-widget_type=\"tabs.default\">\n\t\t\t\t<div class=\"elementor-widget-container\">\n\t\t\t\t\t\t\t<div class=\"elementor-tabs\">\n\t\t\t<div class=\"elementor-tabs-wrapper\" role=\"tablist\" >\n\t\t\t\t\t\t\t\t\t<div id=\"elementor-tab-title-1491\" class=\"elementor-tab-title elementor-tab-desktop-title\" aria-selected=\"true\" data-tab=\"1\" role=\"tab\" tabindex=\"0\" aria-controls=\"elementor-tab-content-1491\" aria-expanded=\"false\">Fichiers<\/div>\n\t\t\t\t\t\t\t<\/div>\n\t\t\t<div class=\"elementor-tabs-content-wrapper\" role=\"tablist\" aria-orientation=\"vertical\">\n\t\t\t\t\t\t\t\t\t<div class=\"elementor-tab-title elementor-tab-mobile-title\" aria-selected=\"true\" data-tab=\"1\" role=\"tab\" tabindex=\"0\" aria-controls=\"elementor-tab-content-1491\" aria-expanded=\"false\">Fichiers<\/div>\n\t\t\t\t\t<div id=\"elementor-tab-content-1491\" class=\"elementor-tab-content elementor-clearfix\" data-tab=\"1\" role=\"tabpanel\" aria-labelledby=\"elementor-tab-title-1491\" tabindex=\"0\" hidden=\"false\"><i class=\"far fa-file-pdf fa-xl\" style=\"font-size:35px\"><a href=\"https:\/\/www.belleflamme.ca\/wp-content\/uploads\/2025\/03\/Enviro-Gas-Insert-Brochure.pdf\"> Brochure<\/a><\/i><\/br>\n<i class=\"far fa-file-pdf fa-xl\" style=\"font-size:35px\"><a href=\"https:\/\/www.belleflamme.ca\/wp-content\/uploads\/2025\/03\/Ri30-Features.pdf\"> Caract\u00e9ristiques<\/a><\/i><\/br><\/div>\n\t\t\t\t\t\t\t<\/div>\n\t\t<\/div>\n\t\t\t\t\t\t<\/div>\n\t\t\t\t<\/div>\n\t\t\t\t\t<\/div>\n\t\t<\/div>\n\t\t\t\t\t<\/div>\n\t\t<\/section>\n\t\t\t\t<\/div>\n\t\t","protected":false},"excerpt":{"rendered":"<p>Caract\u00e9ristiques Technologie Fire-Under-Log \u00c9clairage du lit de braises Syst\u00e8me de ventilation silencieux Garantie \u00e0 vie limit\u00e9e Options Entourage contemporain 40&#8243; L x 25\u00a01\u00a0\u2044\u00a04\u00a0&#8221; H Fa\u00e7ade de forge 40&#8243; L x 26\u00a03\u00a0\u2044\u00a08\u00a0&#8221; H Cadre Galiano 40&#8243; L x 25\u00a01\u00a0\u2044\u00a04\u00a0&#8221; H Entourage mince 33\u00a01\u00a0\u2044\u00a02\u00a0&#8221; L x 22&#8243; H Panneau d\u00e9coupable 46&#8243; L x 38&#8243; H Rev\u00eatements disponibles\u00a0: [&hellip;]<\/p>\n","protected":false},"featured_media":52257,"template":"","meta":{"inline_featured_image":false},"product_brand":[223],"product_cat":[33,35,39],"product_tag":[],"class_list":{"0":"post-52256","1":"product","2":"type-product","3":"status-publish","4":"has-post-thumbnail","6":"product_brand-enviro","7":"product_cat-poeles-et-foyers","8":"product_cat-poeles-foyer-au-gaz","9":"product_cat-encastrables-au-gaz","11":"first","12":"instock","13":"taxable","14":"shipping-taxable","15":"purchasable","16":"product-type-simple"},"yoast_head":"<!-- This site is optimized with the Yoast SEO Premium plugin v24.2 (Yoast SEO v24.2) - https:\/\/yoast.com\/wordpress\/plugins\/seo\/ -->\n<title>Foyer Encastrable au Gaz Ri30i de Enviro - Groupe BelleFlamme<\/title>\n<meta name=\"description\" content=\"Foyer Encastrable au Gaz Ri30i de Enviro vendu et install\u00e9 par le Groupe Belleflamme. Laval, Montr\u00e9al, Gatineau et Saint-Sauveur.\" \/>\n<meta name=\"robots\" content=\"index, follow, max-snippet:-1, max-image-preview:large, max-video-preview:-1\" \/>\n<link rel=\"canonical\" href=\"https:\/\/staging.belleflamme.ca\/fr\/produit\/foyer-encastrable-au-gaz-ri30i-de-enviro\/\" \/>\n<meta property=\"og:locale\" content=\"fr_FR\" \/>\n<meta property=\"og:type\" content=\"article\" \/>\n<meta property=\"og:title\" content=\"Foyer Encastrable au Gaz Ri30i de Enviro\" \/>\n<meta property=\"og:description\" content=\"Foyer Encastrable au Gaz Ri30i de Enviro vendu et install\u00e9 par le Groupe Belleflamme. Laval, Montr\u00e9al, Gatineau et Saint-Sauveur.\" \/>\n<meta property=\"og:url\" content=\"https:\/\/staging.belleflamme.ca\/fr\/produit\/foyer-encastrable-au-gaz-ri30i-de-enviro\/\" \/>\n<meta property=\"og:site_name\" content=\"Groupe BelleFlamme\" \/>\n<meta property=\"article:publisher\" content=\"https:\/\/www.facebook.com\/belleflamme.ca\/\" \/>\n<meta property=\"article:modified_time\" content=\"2025-03-12T14:39:28+00:00\" \/>\n<meta property=\"og:image\" content=\"https:\/\/www.belleflamme.ca\/wp-content\/uploads\/2025\/03\/Foyer-Encastrable-au-Gaz-Ri30i-de-Enviro.webp\" \/>\n\t<meta property=\"og:image:width\" content=\"600\" \/>\n\t<meta property=\"og:image:height\" content=\"600\" \/>\n\t<meta property=\"og:image:type\" content=\"image\/webp\" \/>\n<meta name=\"twitter:card\" content=\"summary_large_image\" \/>\n<meta name=\"twitter:label1\" content=\"Prix\" \/>\n\t<meta name=\"twitter:data1\" content=\"&#036;4,540.00\" \/>\n\t<meta name=\"twitter:label2\" content=\"Disponibilit\u00e9\" \/>\n\t<meta name=\"twitter:data2\" content=\"En stock\" \/>\n<script type=\"application\/ld+json\" class=\"yoast-schema-graph\">{\"@context\":\"https:\/\/schema.org\",\"@graph\":[{\"@type\":[\"WebPage\",\"ItemPage\"],\"@id\":\"https:\/\/staging.belleflamme.ca\/fr\/produit\/foyer-encastrable-au-gaz-ri30i-de-enviro\/\",\"url\":\"https:\/\/staging.belleflamme.ca\/fr\/produit\/foyer-encastrable-au-gaz-ri30i-de-enviro\/\",\"name\":\"Foyer Encastrable au Gaz Ri30i de Enviro - Groupe BelleFlamme\",\"isPartOf\":{\"@id\":\"https:\/\/www.belleflamme.ca\/fr\/#website\"},\"primaryImageOfPage\":{\"@id\":\"https:\/\/staging.belleflamme.ca\/fr\/produit\/foyer-encastrable-au-gaz-ri30i-de-enviro\/#primaryimage\"},\"image\":{\"@id\":\"https:\/\/staging.belleflamme.ca\/fr\/produit\/foyer-encastrable-au-gaz-ri30i-de-enviro\/#primaryimage\"},\"thumbnailUrl\":\"https:\/\/staging.belleflamme.ca\/wp-content\/uploads\/2025\/03\/Foyer-Encastrable-au-Gaz-Ri30i-de-Enviro.webp\",\"datePublished\":\"2025-03-12T14:29:44+00:00\",\"dateModified\":\"2025-03-12T14:39:28+00:00\",\"description\":\"Foyer Encastrable au Gaz Ri30i de Enviro vendu et install\u00e9 par le Groupe Belleflamme. Laval, Montr\u00e9al, Gatineau et Saint-Sauveur.\",\"breadcrumb\":{\"@id\":\"https:\/\/staging.belleflamme.ca\/fr\/produit\/foyer-encastrable-au-gaz-ri30i-de-enviro\/#breadcrumb\"},\"inLanguage\":\"fr-FR\",\"potentialAction\":[{\"@type\":\"ReadAction\",\"target\":[\"https:\/\/staging.belleflamme.ca\/fr\/produit\/foyer-encastrable-au-gaz-ri30i-de-enviro\/\"]}]},{\"@type\":\"ImageObject\",\"inLanguage\":\"fr-FR\",\"@id\":\"https:\/\/staging.belleflamme.ca\/fr\/produit\/foyer-encastrable-au-gaz-ri30i-de-enviro\/#primaryimage\",\"url\":\"https:\/\/staging.belleflamme.ca\/wp-content\/uploads\/2025\/03\/Foyer-Encastrable-au-Gaz-Ri30i-de-Enviro.webp\",\"contentUrl\":\"https:\/\/staging.belleflamme.ca\/wp-content\/uploads\/2025\/03\/Foyer-Encastrable-au-Gaz-Ri30i-de-Enviro.webp\",\"width\":600,\"height\":600,\"caption\":\"Foyer Encastrable au Gaz Ri30i de Enviro\"},{\"@type\":\"BreadcrumbList\",\"@id\":\"https:\/\/staging.belleflamme.ca\/fr\/produit\/foyer-encastrable-au-gaz-ri30i-de-enviro\/#breadcrumb\",\"itemListElement\":[{\"@type\":\"ListItem\",\"position\":1,\"name\":\"Accueil\",\"item\":\"https:\/\/www.belleflamme.ca\/fr\/\"},{\"@type\":\"ListItem\",\"position\":2,\"name\":\"Boutique\",\"item\":\"https:\/\/www.belleflamme.ca\/fr\/boutique\/\"},{\"@type\":\"ListItem\",\"position\":3,\"name\":\"Po\u00eales &amp; Foyers\",\"item\":\"https:\/\/staging.belleflamme.ca\/fr\/categories\/poeles-et-foyers\/\"},{\"@type\":\"ListItem\",\"position\":4,\"name\":\"Po\u00eale &amp; Foyer au Gaz\",\"item\":\"https:\/\/staging.belleflamme.ca\/fr\/categories\/poeles-et-foyers\/poeles-foyer-au-gaz\/\"},{\"@type\":\"ListItem\",\"position\":5,\"name\":\"Encastrables au Gaz\",\"item\":\"https:\/\/staging.belleflamme.ca\/fr\/categories\/poeles-et-foyers\/poeles-foyer-au-gaz\/encastrables-au-gaz\/\"},{\"@type\":\"ListItem\",\"position\":6,\"name\":\"Foyer Encastrable au Gaz Ri30i de Enviro\"}]},{\"@type\":\"WebSite\",\"@id\":\"https:\/\/www.belleflamme.ca\/fr\/#website\",\"url\":\"https:\/\/www.belleflamme.ca\/fr\/\",\"name\":\"Groupe Belleflamme\",\"description\":\"La m\u00e9canique du b\u00e2timent dans le sang.\",\"publisher\":{\"@id\":\"https:\/\/www.belleflamme.ca\/fr\/#organization\"},\"potentialAction\":[{\"@type\":\"SearchAction\",\"target\":{\"@type\":\"EntryPoint\",\"urlTemplate\":\"https:\/\/www.belleflamme.ca\/fr\/?s={search_term_string}\"},\"query-input\":{\"@type\":\"PropertyValueSpecification\",\"valueRequired\":true,\"valueName\":\"search_term_string\"}}],\"inLanguage\":\"fr-FR\"},{\"@type\":[\"Organization\",\"Place\"],\"@id\":\"https:\/\/www.belleflamme.ca\/fr\/#organization\",\"name\":\"Groupe Belleflamme\",\"alternateName\":\"Belleflamme\",\"url\":\"https:\/\/www.belleflamme.ca\/fr\/\",\"logo\":{\"@type\":\"ImageObject\",\"inLanguage\":\"fr-FR\",\"@id\":\"https:\/\/www.belleflamme.ca\/fr\/#\/schema\/logo\/image\/\",\"url\":\"https:\/\/staging.belleflamme.ca\/wp-content\/uploads\/2023\/01\/og-image.jpg\",\"contentUrl\":\"https:\/\/staging.belleflamme.ca\/wp-content\/uploads\/2023\/01\/og-image.jpg\",\"width\":1200,\"height\":630,\"caption\":\"Groupe Belleflamme\"},\"image\":{\"@id\":\"https:\/\/www.belleflamme.ca\/fr\/#\/schema\/logo\/image\/\"},\"sameAs\":[\"https:\/\/www.facebook.com\/belleflamme.ca\/\",\"https:\/\/www.linkedin.com\/company\/belleflamme\/\",\"https:\/\/www.pinterest.ca\/groupebelleflamme\/\",\"https:\/\/www.instagram.com\/legroupebelleflamme\/\"],\"mainEntityOfPage\":{\"@id\":\"https:\/\/staging.belleflamme.ca\/fr\/produit\/foyer-encastrable-au-gaz-ri30i-de-enviro\/\"}}]}<\/script>\n<meta property=\"product:brand\" content=\"Enviro\" \/>\n<meta property=\"product:price:amount\" content=\"4540.00\" \/>\n<meta property=\"product:price:currency\" content=\"CAD\" \/>\n<meta property=\"og:availability\" content=\"instock\" \/>\n<meta property=\"product:availability\" content=\"instock\" \/>\n<meta property=\"product:retailer_item_id\" content=\"Ri30i\" \/>\n<meta property=\"product:condition\" content=\"new\" \/>\n<!-- \/ Yoast SEO Premium plugin. -->","yoast_head_json":{"title":"Foyer Encastrable au Gaz Ri30i de Enviro - Groupe BelleFlamme","description":"Foyer Encastrable au Gaz Ri30i de Enviro vendu et install\u00e9 par le Groupe Belleflamme. Laval, Montr\u00e9al, Gatineau et Saint-Sauveur.","robots":{"index":"index","follow":"follow","max-snippet":"max-snippet:-1","max-image-preview":"max-image-preview:large","max-video-preview":"max-video-preview:-1"},"canonical":"https:\/\/staging.belleflamme.ca\/fr\/produit\/foyer-encastrable-au-gaz-ri30i-de-enviro\/","og_locale":"fr_FR","og_type":"article","og_title":"Foyer Encastrable au Gaz Ri30i de Enviro","og_description":"Foyer Encastrable au Gaz Ri30i de Enviro vendu et install\u00e9 par le Groupe Belleflamme. Laval, Montr\u00e9al, Gatineau et Saint-Sauveur.","og_url":"https:\/\/staging.belleflamme.ca\/fr\/produit\/foyer-encastrable-au-gaz-ri30i-de-enviro\/","og_site_name":"Groupe BelleFlamme","article_publisher":"https:\/\/www.facebook.com\/belleflamme.ca\/","article_modified_time":"2025-03-12T14:39:28+00:00","og_image":[{"width":600,"height":600,"url":"https:\/\/www.belleflamme.ca\/wp-content\/uploads\/2025\/03\/Foyer-Encastrable-au-Gaz-Ri30i-de-Enviro.webp","type":"image\/webp"}],"twitter_card":"summary_large_image","twitter_misc":{"Prix":"&#36;4,540.00","Disponibilit\u00e9":"En stock"},"schema":{"@context":"https:\/\/schema.org","@graph":[{"@type":["WebPage","ItemPage"],"@id":"https:\/\/staging.belleflamme.ca\/fr\/produit\/foyer-encastrable-au-gaz-ri30i-de-enviro\/","url":"https:\/\/staging.belleflamme.ca\/fr\/produit\/foyer-encastrable-au-gaz-ri30i-de-enviro\/","name":"Foyer Encastrable au Gaz Ri30i de Enviro - Groupe BelleFlamme","isPartOf":{"@id":"https:\/\/www.belleflamme.ca\/fr\/#website"},"primaryImageOfPage":{"@id":"https:\/\/staging.belleflamme.ca\/fr\/produit\/foyer-encastrable-au-gaz-ri30i-de-enviro\/#primaryimage"},"image":{"@id":"https:\/\/staging.belleflamme.ca\/fr\/produit\/foyer-encastrable-au-gaz-ri30i-de-enviro\/#primaryimage"},"thumbnailUrl":"https:\/\/staging.belleflamme.ca\/wp-content\/uploads\/2025\/03\/Foyer-Encastrable-au-Gaz-Ri30i-de-Enviro.webp","datePublished":"2025-03-12T14:29:44+00:00","dateModified":"2025-03-12T14:39:28+00:00","description":"Foyer Encastrable au Gaz Ri30i de Enviro vendu et install\u00e9 par le Groupe Belleflamme. Laval, Montr\u00e9al, Gatineau et Saint-Sauveur.","breadcrumb":{"@id":"https:\/\/staging.belleflamme.ca\/fr\/produit\/foyer-encastrable-au-gaz-ri30i-de-enviro\/#breadcrumb"},"inLanguage":"fr-FR","potentialAction":[{"@type":"ReadAction","target":["https:\/\/staging.belleflamme.ca\/fr\/produit\/foyer-encastrable-au-gaz-ri30i-de-enviro\/"]}]},{"@type":"ImageObject","inLanguage":"fr-FR","@id":"https:\/\/staging.belleflamme.ca\/fr\/produit\/foyer-encastrable-au-gaz-ri30i-de-enviro\/#primaryimage","url":"https:\/\/staging.belleflamme.ca\/wp-content\/uploads\/2025\/03\/Foyer-Encastrable-au-Gaz-Ri30i-de-Enviro.webp","contentUrl":"https:\/\/staging.belleflamme.ca\/wp-content\/uploads\/2025\/03\/Foyer-Encastrable-au-Gaz-Ri30i-de-Enviro.webp","width":600,"height":600,"caption":"Foyer Encastrable au Gaz Ri30i de Enviro"},{"@type":"BreadcrumbList","@id":"https:\/\/staging.belleflamme.ca\/fr\/produit\/foyer-encastrable-au-gaz-ri30i-de-enviro\/#breadcrumb","itemListElement":[{"@type":"ListItem","position":1,"name":"Accueil","item":"https:\/\/www.belleflamme.ca\/fr\/"},{"@type":"ListItem","position":2,"name":"Boutique","item":"https:\/\/www.belleflamme.ca\/fr\/boutique\/"},{"@type":"ListItem","position":3,"name":"Po\u00eales &amp; Foyers","item":"https:\/\/staging.belleflamme.ca\/fr\/categories\/poeles-et-foyers\/"},{"@type":"ListItem","position":4,"name":"Po\u00eale &amp; Foyer au Gaz","item":"https:\/\/staging.belleflamme.ca\/fr\/categories\/poeles-et-foyers\/poeles-foyer-au-gaz\/"},{"@type":"ListItem","position":5,"name":"Encastrables au Gaz","item":"https:\/\/staging.belleflamme.ca\/fr\/categories\/poeles-et-foyers\/poeles-foyer-au-gaz\/encastrables-au-gaz\/"},{"@type":"ListItem","position":6,"name":"Foyer Encastrable au Gaz Ri30i de Enviro"}]},{"@type":"WebSite","@id":"https:\/\/www.belleflamme.ca\/fr\/#website","url":"https:\/\/www.belleflamme.ca\/fr\/","name":"Groupe Belleflamme","description":"La m\u00e9canique du b\u00e2timent dans le sang.","publisher":{"@id":"https:\/\/www.belleflamme.ca\/fr\/#organization"},"potentialAction":[{"@type":"SearchAction","target":{"@type":"EntryPoint","urlTemplate":"https:\/\/www.belleflamme.ca\/fr\/?s={search_term_string}"},"query-input":{"@type":"PropertyValueSpecification","valueRequired":true,"valueName":"search_term_string"}}],"inLanguage":"fr-FR"},{"@type":["Organization","Place"],"@id":"https:\/\/www.belleflamme.ca\/fr\/#organization","name":"Groupe Belleflamme","alternateName":"Belleflamme","url":"https:\/\/www.belleflamme.ca\/fr\/","logo":{"@type":"ImageObject","inLanguage":"fr-FR","@id":"https:\/\/www.belleflamme.ca\/fr\/#\/schema\/logo\/image\/","url":"https:\/\/staging.belleflamme.ca\/wp-content\/uploads\/2023\/01\/og-image.jpg","contentUrl":"https:\/\/staging.belleflamme.ca\/wp-content\/uploads\/2023\/01\/og-image.jpg","width":1200,"height":630,"caption":"Groupe Belleflamme"},"image":{"@id":"https:\/\/www.belleflamme.ca\/fr\/#\/schema\/logo\/image\/"},"sameAs":["https:\/\/www.facebook.com\/belleflamme.ca\/","https:\/\/www.linkedin.com\/company\/belleflamme\/","https:\/\/www.pinterest.ca\/groupebelleflamme\/","https:\/\/www.instagram.com\/legroupebelleflamme\/"],"mainEntityOfPage":{"@id":"https:\/\/staging.belleflamme.ca\/fr\/produit\/foyer-encastrable-au-gaz-ri30i-de-enviro\/"}}]},"product_brand":"Enviro","product_price_amount":"4540.00","product_price_currency":"CAD","og_availability":"instock","product_availability":"instock","product_retailer_item_id":"Ri30i","product_condition":"new"},"_links":{"self":[{"href":"https:\/\/staging.belleflamme.ca\/fr\/wp-json\/wp\/v2\/product\/52256","targetHints":{"allow":["GET"]}}],"collection":[{"href":"https:\/\/staging.belleflamme.ca\/fr\/wp-json\/wp\/v2\/product"}],"about":[{"href":"https:\/\/staging.belleflamme.ca\/fr\/wp-json\/wp\/v2\/types\/product"}],"version-history":[{"count":7,"href":"https:\/\/staging.belleflamme.ca\/fr\/wp-json\/wp\/v2\/product\/52256\/revisions"}],"predecessor-version":[{"id":52269,"href":"https:\/\/staging.belleflamme.ca\/fr\/wp-json\/wp\/v2\/product\/52256\/revisions\/52269"}],"wp:featuredmedia":[{"embeddable":true,"href":"https:\/\/staging.belleflamme.ca\/fr\/wp-json\/wp\/v2\/media\/52257"}],"wp:attachment":[{"href":"https:\/\/staging.belleflamme.ca\/fr\/wp-json\/wp\/v2\/media?parent=52256"}],"wp:term":[{"taxonomy":"product_brand","embeddable":true,"href":"https:\/\/staging.belleflamme.ca\/fr\/wp-json\/wp\/v2\/product_brand?post=52256"},{"taxonomy":"product_cat","embeddable":true,"href":"https:\/\/staging.belleflamme.ca\/fr\/wp-json\/wp\/v2\/product_cat?post=52256"},{"taxonomy":"product_tag","embeddable":true,"href":"https:\/\/staging.belleflamme.ca\/fr\/wp-json\/wp\/v2\/product_tag?post=52256"}],"curies":[{"name":"wp","href":"https:\/\/api.w.org\/{rel}","templated":true}]}}