{"id":51676,"date":"2025-02-27T16:44:28","date_gmt":"2025-02-27T21:44:28","guid":{"rendered":"https:\/\/www.belleflamme.ca\/?post_type=product&#038;p=51676"},"modified":"2025-02-27T16:46:13","modified_gmt":"2025-02-27T21:46:13","slug":"ensemble-porte-simple-tiroir-a-dechets-et-porte-essuie-tout-36-po-x-24-po-de-napoleon","status":"publish","type":"product","link":"https:\/\/staging.belleflamme.ca\/fr\/produit\/ensemble-porte-simple-tiroir-a-dechets-et-porte-essuie-tout-36-po-x-24-po-de-napoleon\/","title":{"rendered":"Ensemble porte simple, tiroir \u00e0 d\u00e9chets et porte-essuie-tout, 36 po x 24 po de Napoleon"},"content":{"rendered":"\t\t<div data-elementor-type=\"product-post\" data-elementor-id=\"51676\" class=\"elementor elementor-51676\" data-elementor-post-type=\"product\">\n\t\t\t\t\t\t<section class=\"elementor-section elementor-top-section elementor-element elementor-element-4aa3b579 elementor-section-boxed elementor-section-height-default elementor-section-height-default\" data-id=\"4aa3b579\" data-element_type=\"section\">\n\t\t\t\t\t\t<div class=\"elementor-container elementor-column-gap-default\">\n\t\t\t\t\t<div class=\"elementor-column elementor-col-100 elementor-top-column elementor-element elementor-element-5829db5b\" data-id=\"5829db5b\" data-element_type=\"column\">\n\t\t\t<div class=\"elementor-widget-wrap elementor-element-populated\">\n\t\t\t\t\t\t<div class=\"elementor-element elementor-element-38d29f6d elementor-widget elementor-widget-text-editor\" data-id=\"38d29f6d\" data-element_type=\"widget\" data-widget_type=\"text-editor.default\">\n\t\t\t\t<div class=\"elementor-widget-container\">\n\t\t\t\t\t\t\t\t\t<div class=\"field product-description show-more-container tab-item tab-on\"><h3 class=\"title hide-item-on-mobile\">Description<\/h3><div class=\"inner-wrapper\" data-max-height=\"360px\" data-fade=\"true\"><div class=\"clearfix text-formatted field field--name-body field--type-text-with-summary field--label-hidden field__item\"><p>Cr\u00e9er son propre \u00eelot ext\u00e9rieur personnalis\u00e9 n&#8217;a jamais \u00e9t\u00e9 aussi simple avec les composants pour grils encastr\u00e9s de Napoleon. Toute cuisine ext\u00e9rieure n\u00e9cessite du rangement; ce cabinet de 36 po x 24 po comprend tout ce dont vous avez besoin pour le rangement. Il comprend un tiroir avec bacs \u00e0 d\u00e9chets et \u00e0 recyclage qui peuvent servir comme rangement, un tiroir \u00e0 essuie-tout ainsi qu&#8217;une grande porte simple pour le rangement. La construction en acier inoxydable, le m\u00e9canisme de fermeture amortie, les moulures fluides et les poign\u00e9es en aluminium anodis\u00e9 garantissent une excellente durabilit\u00e9 ainsi que des possibilit\u00e9s d&#8217;installation illimit\u00e9es.<\/p><\/div><\/div><\/div><div class=\"field product-features show-more-container tab-item\"><h3 class=\"title hide-item-on-mobile\">Caract\u00e9ristiques<\/h3><div class=\"inner-wrapper\" data-max-height=\"360px\" data-fade=\"true\"><div class=\"clearfix text-formatted field field--name-field-summary-features field--type-text field--label-hidden field__items\"><div class=\"field__item\">La fabrication en acier inoxydable durable assure une longue dur\u00e9e de vie.<\/div><div class=\"field__item\">Tiroir sup\u00e9rieur simple de 8 pouces avec tiroir \u00e0 d\u00e9chets en dessous.<\/div><div class=\"field__item\">Porte lat\u00e9rale gauche pour le rangement d&#8217;accessoires plus volumineux.<\/div><div class=\"field__item\">Les poign\u00e9es en aluminium anodis\u00e9 fournissent une protection accrue contre la corrosion et l&#8217;usure, pour une plus grande durabilit\u00e9.<\/div><div class=\"field__item\">Les moulures fluides favorisent une installation polyvalente et impeccable.<\/div><div class=\"field__item\">Les charni\u00e8res \u00e0 fermeture amortie pr\u00e9viennent l&#8217;usure et les bruits de claquement lors de l&#8217;utilisation.<\/div><div class=\"field__item\">Parfait pour ranger vos accessoires Napoleon pr\u00e9f\u00e9r\u00e9s et vos \u00e9pices, et fournir un endroit pratique o\u00f9 jeter les d\u00e9chets quand vous cuisinez \u00e0 l&#8217;ext\u00e9rieur.<\/div><div class=\"field__item\">Cet ensemble de tiroirs avec tiroir \u00e0 d\u00e9chets est l&#8217;\u00e9l\u00e9ment id\u00e9al d&#8217;une cuisine ext\u00e9rieure parfaite et personnalis\u00e9e.<\/div><div class=\"field__item\">Hauteur : 27,75 pouces (70,50 cm), Largeur : 39,50 pouces (100,50 cm), Profondeur : 23,50 pouces (59,50 cm)<\/div><\/div><\/div><\/div><div>\u00a0<\/div><div>\u00a0<\/div><div><table class=\"specification-table\"><tbody><tr><th>Garantie<\/th><td>Garantie limit\u00e9e de 10\u00a0ans<sup>*<\/sup><\/td><\/tr><tr><th>Hauteur<\/th><td>27,75 in (70,50 cm)<\/td><\/tr><tr><th>Largeur<\/th><td>39,50 in (100,50 cm)<\/td><\/tr><tr><th>Profondeur<\/th><td>23,50 in (59,50 cm)<\/td><\/tr><tr><th>Hauteur de la bo\u00eete<\/th><td>31,80 in (80,77 cm)<\/td><\/tr><tr><th>Largeur de la bo\u00eete<\/th><td>29,40 in (74,68 cm)<\/td><\/tr><tr><th>Profondeur de la bo\u00eete<\/th><td>45,60 in (115,82 cm)<\/td><\/tr><tr><th>Poids de la bo\u00eete<\/th><td>132,50 lbs. (60,09 kg)<\/td><\/tr><\/tbody><\/table><\/div>\t\t\t\t\t\t\t\t<\/div>\n\t\t\t\t<\/div>\n\t\t\t\t\t<\/div>\n\t\t<\/div>\n\t\t\t\t\t<\/div>\n\t\t<\/section>\n\t\t\t\t<section class=\"elementor-section elementor-top-section elementor-element elementor-element-9f19325 elementor-section-boxed elementor-section-height-default elementor-section-height-default\" data-id=\"9f19325\" data-element_type=\"section\">\n\t\t\t\t\t\t<div class=\"elementor-container elementor-column-gap-default\">\n\t\t\t\t\t<div class=\"elementor-column elementor-col-100 elementor-top-column elementor-element elementor-element-8ebd4d1\" data-id=\"8ebd4d1\" data-element_type=\"column\">\n\t\t\t<div class=\"elementor-widget-wrap elementor-element-populated\">\n\t\t\t\t\t\t<div class=\"elementor-element elementor-element-dccc333 elementor-tabs-view-horizontal elementor-widget elementor-widget-tabs\" data-id=\"dccc333\" data-element_type=\"widget\" data-widget_type=\"tabs.default\">\n\t\t\t\t<div class=\"elementor-widget-container\">\n\t\t\t\t\t\t\t<div class=\"elementor-tabs\">\n\t\t\t<div class=\"elementor-tabs-wrapper\" role=\"tablist\" >\n\t\t\t\t\t\t\t\t\t<div id=\"elementor-tab-title-2311\" class=\"elementor-tab-title elementor-tab-desktop-title\" aria-selected=\"true\" data-tab=\"1\" role=\"tab\" tabindex=\"0\" aria-controls=\"elementor-tab-content-2311\" aria-expanded=\"false\">Fichiers<\/div>\n\t\t\t\t\t\t\t<\/div>\n\t\t\t<div class=\"elementor-tabs-content-wrapper\" role=\"tablist\" aria-orientation=\"vertical\">\n\t\t\t\t\t\t\t\t\t<div class=\"elementor-tab-title elementor-tab-mobile-title\" aria-selected=\"true\" data-tab=\"1\" role=\"tab\" tabindex=\"0\" aria-controls=\"elementor-tab-content-2311\" aria-expanded=\"false\">Fichiers<\/div>\n\t\t\t\t\t<div id=\"elementor-tab-content-2311\" class=\"elementor-tab-content elementor-clearfix\" data-tab=\"1\" role=\"tabpanel\" aria-labelledby=\"elementor-tab-title-2311\" tabindex=\"0\" hidden=\"false\"><i class=\"far fa-file-pdf fa-xl\" style=\"font-size:35px\"><\/i><a href=\"https:\/\/www.belleflamme.ca\/wp-content\/uploads\/2025\/02\/N415-0517.pdf\"> Manuel<\/a><\/br>\n<\/div>\n\t\t\t\t\t\t\t<\/div>\n\t\t<\/div>\n\t\t\t\t\t\t<\/div>\n\t\t\t\t<\/div>\n\t\t\t\t\t<\/div>\n\t\t<\/div>\n\t\t\t\t\t<\/div>\n\t\t<\/section>\n\t\t\t\t<\/div>\n\t\t","protected":false},"excerpt":{"rendered":"<p>Description Cr\u00e9er son propre \u00eelot ext\u00e9rieur personnalis\u00e9 n&#8217;a jamais \u00e9t\u00e9 aussi simple avec les composants pour grils encastr\u00e9s de Napoleon. Toute cuisine ext\u00e9rieure n\u00e9cessite du rangement; ce cabinet de 36 po x 24 po comprend tout ce dont vous avez besoin pour le rangement. Il comprend un tiroir avec bacs \u00e0 d\u00e9chets et \u00e0 recyclage [&hellip;]<\/p>\n","protected":false},"featured_media":51677,"template":"","meta":{"inline_featured_image":false},"product_brand":[1316],"product_cat":[113,352,116],"product_tag":[],"class_list":{"0":"post-51676","1":"product","2":"type-product","3":"status-publish","4":"has-post-thumbnail","6":"product_brand-bbq-napoleon","7":"product_cat-bbq-produits-exterieurs","8":"product_cat-cabinets-et-modules","9":"product_cat-cuisine-exterieure","11":"first","12":"instock","13":"taxable","14":"shipping-taxable","15":"purchasable","16":"product-type-simple"},"yoast_head":"<!-- This site is optimized with the Yoast SEO Premium plugin v24.2 (Yoast SEO v24.2) - https:\/\/yoast.com\/wordpress\/plugins\/seo\/ -->\n<title>Ensemble porte simple, tiroir \u00e0 d\u00e9chets et porte-essuie-tout, 36 po x 24 po de Napoleon - Groupe BelleFlamme<\/title>\n<meta name=\"description\" content=\"Ensemble porte simple, tiroir \u00e0 d\u00e9chets et porte-essuie-tout, 36 po x 24 po de Napoleon vendu et install\u00e9 par le Groupe Belleflamme. Laval, Montr\u00e9al, Gatineau et Saint-Sauveur.\" \/>\n<meta name=\"robots\" content=\"index, follow, max-snippet:-1, max-image-preview:large, max-video-preview:-1\" \/>\n<link rel=\"canonical\" href=\"https:\/\/staging.belleflamme.ca\/fr\/produit\/ensemble-porte-simple-tiroir-a-dechets-et-porte-essuie-tout-36-po-x-24-po-de-napoleon\/\" \/>\n<meta property=\"og:locale\" content=\"fr_FR\" \/>\n<meta property=\"og:type\" content=\"article\" \/>\n<meta property=\"og:title\" content=\"Ensemble porte simple, tiroir \u00e0 d\u00e9chets et porte-essuie-tout, 36 po x 24 po de Napoleon\" \/>\n<meta property=\"og:description\" content=\"Ensemble porte simple, tiroir \u00e0 d\u00e9chets et porte-essuie-tout, 36 po x 24 po de Napoleon vendu et install\u00e9 par le Groupe Belleflamme. Laval, Montr\u00e9al, Gatineau et Saint-Sauveur.\" \/>\n<meta property=\"og:url\" content=\"https:\/\/staging.belleflamme.ca\/fr\/produit\/ensemble-porte-simple-tiroir-a-dechets-et-porte-essuie-tout-36-po-x-24-po-de-napoleon\/\" \/>\n<meta property=\"og:site_name\" content=\"Groupe BelleFlamme\" \/>\n<meta property=\"article:publisher\" content=\"https:\/\/www.facebook.com\/belleflamme.ca\/\" \/>\n<meta property=\"article:modified_time\" content=\"2025-02-27T21:46:13+00:00\" \/>\n<meta property=\"og:image\" content=\"https:\/\/www.belleflamme.ca\/wp-content\/uploads\/2025\/02\/Ensemble-porte-simple-tiroir-a-dechets-et-porte-essuie-tout-36-po-x-24-po-de-Napoleon.webp\" \/>\n\t<meta property=\"og:image:width\" content=\"1000\" \/>\n\t<meta property=\"og:image:height\" content=\"1000\" \/>\n\t<meta property=\"og:image:type\" content=\"image\/webp\" \/>\n<meta name=\"twitter:card\" content=\"summary_large_image\" \/>\n<meta name=\"twitter:label1\" content=\"Prix\" \/>\n\t<meta name=\"twitter:data1\" content=\"&#036;1,349.00\" \/>\n\t<meta name=\"twitter:label2\" content=\"Disponibilit\u00e9\" \/>\n\t<meta name=\"twitter:data2\" content=\"En stock\" \/>\n<script type=\"application\/ld+json\" class=\"yoast-schema-graph\">{\"@context\":\"https:\/\/schema.org\",\"@graph\":[{\"@type\":[\"WebPage\",\"ItemPage\"],\"@id\":\"https:\/\/staging.belleflamme.ca\/fr\/produit\/ensemble-porte-simple-tiroir-a-dechets-et-porte-essuie-tout-36-po-x-24-po-de-napoleon\/\",\"url\":\"https:\/\/staging.belleflamme.ca\/fr\/produit\/ensemble-porte-simple-tiroir-a-dechets-et-porte-essuie-tout-36-po-x-24-po-de-napoleon\/\",\"name\":\"Ensemble porte simple, tiroir \u00e0 d\u00e9chets et porte-essuie-tout, 36 po x 24 po de Napoleon - Groupe BelleFlamme\",\"isPartOf\":{\"@id\":\"https:\/\/www.belleflamme.ca\/fr\/#website\"},\"primaryImageOfPage\":{\"@id\":\"https:\/\/staging.belleflamme.ca\/fr\/produit\/ensemble-porte-simple-tiroir-a-dechets-et-porte-essuie-tout-36-po-x-24-po-de-napoleon\/#primaryimage\"},\"image\":{\"@id\":\"https:\/\/staging.belleflamme.ca\/fr\/produit\/ensemble-porte-simple-tiroir-a-dechets-et-porte-essuie-tout-36-po-x-24-po-de-napoleon\/#primaryimage\"},\"thumbnailUrl\":\"https:\/\/staging.belleflamme.ca\/wp-content\/uploads\/2025\/02\/Ensemble-porte-simple-tiroir-a-dechets-et-porte-essuie-tout-36-po-x-24-po-de-Napoleon.webp\",\"datePublished\":\"2025-02-27T21:44:28+00:00\",\"dateModified\":\"2025-02-27T21:46:13+00:00\",\"description\":\"Ensemble porte simple, tiroir \u00e0 d\u00e9chets et porte-essuie-tout, 36 po x 24 po de Napoleon vendu et install\u00e9 par le Groupe Belleflamme. Laval, Montr\u00e9al, Gatineau et Saint-Sauveur.\",\"breadcrumb\":{\"@id\":\"https:\/\/staging.belleflamme.ca\/fr\/produit\/ensemble-porte-simple-tiroir-a-dechets-et-porte-essuie-tout-36-po-x-24-po-de-napoleon\/#breadcrumb\"},\"inLanguage\":\"fr-FR\",\"potentialAction\":[{\"@type\":\"ReadAction\",\"target\":[\"https:\/\/staging.belleflamme.ca\/fr\/produit\/ensemble-porte-simple-tiroir-a-dechets-et-porte-essuie-tout-36-po-x-24-po-de-napoleon\/\"]}]},{\"@type\":\"ImageObject\",\"inLanguage\":\"fr-FR\",\"@id\":\"https:\/\/staging.belleflamme.ca\/fr\/produit\/ensemble-porte-simple-tiroir-a-dechets-et-porte-essuie-tout-36-po-x-24-po-de-napoleon\/#primaryimage\",\"url\":\"https:\/\/staging.belleflamme.ca\/wp-content\/uploads\/2025\/02\/Ensemble-porte-simple-tiroir-a-dechets-et-porte-essuie-tout-36-po-x-24-po-de-Napoleon.webp\",\"contentUrl\":\"https:\/\/staging.belleflamme.ca\/wp-content\/uploads\/2025\/02\/Ensemble-porte-simple-tiroir-a-dechets-et-porte-essuie-tout-36-po-x-24-po-de-Napoleon.webp\",\"width\":1000,\"height\":1000,\"caption\":\"Ensemble porte simple, tiroir \u00e0 d\u00e9chets et porte-essuie-tout, 36 po x 24 po de Napoleon\"},{\"@type\":\"BreadcrumbList\",\"@id\":\"https:\/\/staging.belleflamme.ca\/fr\/produit\/ensemble-porte-simple-tiroir-a-dechets-et-porte-essuie-tout-36-po-x-24-po-de-napoleon\/#breadcrumb\",\"itemListElement\":[{\"@type\":\"ListItem\",\"position\":1,\"name\":\"Accueil\",\"item\":\"https:\/\/www.belleflamme.ca\/fr\/\"},{\"@type\":\"ListItem\",\"position\":2,\"name\":\"Boutique\",\"item\":\"https:\/\/www.belleflamme.ca\/fr\/boutique\/\"},{\"@type\":\"ListItem\",\"position\":3,\"name\":\"BBQ &amp; Produits Ext\u00e9rieurs\",\"item\":\"https:\/\/staging.belleflamme.ca\/fr\/categories\/bbq-produits-exterieurs\/\"},{\"@type\":\"ListItem\",\"position\":4,\"name\":\"Cuisine Ext\u00e9rieure\",\"item\":\"https:\/\/staging.belleflamme.ca\/fr\/categories\/bbq-produits-exterieurs\/cuisine-exterieure\/\"},{\"@type\":\"ListItem\",\"position\":5,\"name\":\"Cabinets et Modules\",\"item\":\"https:\/\/staging.belleflamme.ca\/fr\/categories\/bbq-produits-exterieurs\/cuisine-exterieure\/cabinets-et-modules\/\"},{\"@type\":\"ListItem\",\"position\":6,\"name\":\"Ensemble porte simple, tiroir \u00e0 d\u00e9chets et porte-essuie-tout, 36 po x 24 po de Napoleon\"}]},{\"@type\":\"WebSite\",\"@id\":\"https:\/\/www.belleflamme.ca\/fr\/#website\",\"url\":\"https:\/\/www.belleflamme.ca\/fr\/\",\"name\":\"Groupe Belleflamme\",\"description\":\"La m\u00e9canique du b\u00e2timent dans le sang.\",\"publisher\":{\"@id\":\"https:\/\/www.belleflamme.ca\/fr\/#organization\"},\"potentialAction\":[{\"@type\":\"SearchAction\",\"target\":{\"@type\":\"EntryPoint\",\"urlTemplate\":\"https:\/\/www.belleflamme.ca\/fr\/?s={search_term_string}\"},\"query-input\":{\"@type\":\"PropertyValueSpecification\",\"valueRequired\":true,\"valueName\":\"search_term_string\"}}],\"inLanguage\":\"fr-FR\"},{\"@type\":[\"Organization\",\"Place\"],\"@id\":\"https:\/\/www.belleflamme.ca\/fr\/#organization\",\"name\":\"Groupe Belleflamme\",\"alternateName\":\"Belleflamme\",\"url\":\"https:\/\/www.belleflamme.ca\/fr\/\",\"logo\":{\"@type\":\"ImageObject\",\"inLanguage\":\"fr-FR\",\"@id\":\"https:\/\/www.belleflamme.ca\/fr\/#\/schema\/logo\/image\/\",\"url\":\"https:\/\/staging.belleflamme.ca\/wp-content\/uploads\/2023\/01\/og-image.jpg\",\"contentUrl\":\"https:\/\/staging.belleflamme.ca\/wp-content\/uploads\/2023\/01\/og-image.jpg\",\"width\":1200,\"height\":630,\"caption\":\"Groupe Belleflamme\"},\"image\":{\"@id\":\"https:\/\/www.belleflamme.ca\/fr\/#\/schema\/logo\/image\/\"},\"sameAs\":[\"https:\/\/www.facebook.com\/belleflamme.ca\/\",\"https:\/\/www.linkedin.com\/company\/belleflamme\/\",\"https:\/\/www.pinterest.ca\/groupebelleflamme\/\",\"https:\/\/www.instagram.com\/legroupebelleflamme\/\"],\"mainEntityOfPage\":{\"@id\":\"https:\/\/staging.belleflamme.ca\/fr\/produit\/ensemble-porte-simple-tiroir-a-dechets-et-porte-essuie-tout-36-po-x-24-po-de-napoleon\/\"}}]}<\/script>\n<meta property=\"product:brand\" content=\"BBQ Napoleon\" \/>\n<meta property=\"product:price:amount\" content=\"1349.00\" \/>\n<meta property=\"product:price:currency\" content=\"CAD\" \/>\n<meta property=\"og:availability\" content=\"instock\" \/>\n<meta property=\"product:availability\" content=\"instock\" \/>\n<meta property=\"product:retailer_item_id\" content=\"BI-3624-1D1W\" \/>\n<meta property=\"product:condition\" content=\"new\" \/>\n<!-- \/ Yoast SEO Premium plugin. -->","yoast_head_json":{"title":"Ensemble porte simple, tiroir \u00e0 d\u00e9chets et porte-essuie-tout, 36 po x 24 po de Napoleon - Groupe BelleFlamme","description":"Ensemble porte simple, tiroir \u00e0 d\u00e9chets et porte-essuie-tout, 36 po x 24 po de Napoleon vendu et install\u00e9 par le Groupe Belleflamme. Laval, Montr\u00e9al, Gatineau et Saint-Sauveur.","robots":{"index":"index","follow":"follow","max-snippet":"max-snippet:-1","max-image-preview":"max-image-preview:large","max-video-preview":"max-video-preview:-1"},"canonical":"https:\/\/staging.belleflamme.ca\/fr\/produit\/ensemble-porte-simple-tiroir-a-dechets-et-porte-essuie-tout-36-po-x-24-po-de-napoleon\/","og_locale":"fr_FR","og_type":"article","og_title":"Ensemble porte simple, tiroir \u00e0 d\u00e9chets et porte-essuie-tout, 36 po x 24 po de Napoleon","og_description":"Ensemble porte simple, tiroir \u00e0 d\u00e9chets et porte-essuie-tout, 36 po x 24 po de Napoleon vendu et install\u00e9 par le Groupe Belleflamme. Laval, Montr\u00e9al, Gatineau et Saint-Sauveur.","og_url":"https:\/\/staging.belleflamme.ca\/fr\/produit\/ensemble-porte-simple-tiroir-a-dechets-et-porte-essuie-tout-36-po-x-24-po-de-napoleon\/","og_site_name":"Groupe BelleFlamme","article_publisher":"https:\/\/www.facebook.com\/belleflamme.ca\/","article_modified_time":"2025-02-27T21:46:13+00:00","og_image":[{"width":1000,"height":1000,"url":"https:\/\/www.belleflamme.ca\/wp-content\/uploads\/2025\/02\/Ensemble-porte-simple-tiroir-a-dechets-et-porte-essuie-tout-36-po-x-24-po-de-Napoleon.webp","type":"image\/webp"}],"twitter_card":"summary_large_image","twitter_misc":{"Prix":"&#36;1,349.00","Disponibilit\u00e9":"En stock"},"schema":{"@context":"https:\/\/schema.org","@graph":[{"@type":["WebPage","ItemPage"],"@id":"https:\/\/staging.belleflamme.ca\/fr\/produit\/ensemble-porte-simple-tiroir-a-dechets-et-porte-essuie-tout-36-po-x-24-po-de-napoleon\/","url":"https:\/\/staging.belleflamme.ca\/fr\/produit\/ensemble-porte-simple-tiroir-a-dechets-et-porte-essuie-tout-36-po-x-24-po-de-napoleon\/","name":"Ensemble porte simple, tiroir \u00e0 d\u00e9chets et porte-essuie-tout, 36 po x 24 po de Napoleon - Groupe BelleFlamme","isPartOf":{"@id":"https:\/\/www.belleflamme.ca\/fr\/#website"},"primaryImageOfPage":{"@id":"https:\/\/staging.belleflamme.ca\/fr\/produit\/ensemble-porte-simple-tiroir-a-dechets-et-porte-essuie-tout-36-po-x-24-po-de-napoleon\/#primaryimage"},"image":{"@id":"https:\/\/staging.belleflamme.ca\/fr\/produit\/ensemble-porte-simple-tiroir-a-dechets-et-porte-essuie-tout-36-po-x-24-po-de-napoleon\/#primaryimage"},"thumbnailUrl":"https:\/\/staging.belleflamme.ca\/wp-content\/uploads\/2025\/02\/Ensemble-porte-simple-tiroir-a-dechets-et-porte-essuie-tout-36-po-x-24-po-de-Napoleon.webp","datePublished":"2025-02-27T21:44:28+00:00","dateModified":"2025-02-27T21:46:13+00:00","description":"Ensemble porte simple, tiroir \u00e0 d\u00e9chets et porte-essuie-tout, 36 po x 24 po de Napoleon vendu et install\u00e9 par le Groupe Belleflamme. Laval, Montr\u00e9al, Gatineau et Saint-Sauveur.","breadcrumb":{"@id":"https:\/\/staging.belleflamme.ca\/fr\/produit\/ensemble-porte-simple-tiroir-a-dechets-et-porte-essuie-tout-36-po-x-24-po-de-napoleon\/#breadcrumb"},"inLanguage":"fr-FR","potentialAction":[{"@type":"ReadAction","target":["https:\/\/staging.belleflamme.ca\/fr\/produit\/ensemble-porte-simple-tiroir-a-dechets-et-porte-essuie-tout-36-po-x-24-po-de-napoleon\/"]}]},{"@type":"ImageObject","inLanguage":"fr-FR","@id":"https:\/\/staging.belleflamme.ca\/fr\/produit\/ensemble-porte-simple-tiroir-a-dechets-et-porte-essuie-tout-36-po-x-24-po-de-napoleon\/#primaryimage","url":"https:\/\/staging.belleflamme.ca\/wp-content\/uploads\/2025\/02\/Ensemble-porte-simple-tiroir-a-dechets-et-porte-essuie-tout-36-po-x-24-po-de-Napoleon.webp","contentUrl":"https:\/\/staging.belleflamme.ca\/wp-content\/uploads\/2025\/02\/Ensemble-porte-simple-tiroir-a-dechets-et-porte-essuie-tout-36-po-x-24-po-de-Napoleon.webp","width":1000,"height":1000,"caption":"Ensemble porte simple, tiroir \u00e0 d\u00e9chets et porte-essuie-tout, 36 po x 24 po de Napoleon"},{"@type":"BreadcrumbList","@id":"https:\/\/staging.belleflamme.ca\/fr\/produit\/ensemble-porte-simple-tiroir-a-dechets-et-porte-essuie-tout-36-po-x-24-po-de-napoleon\/#breadcrumb","itemListElement":[{"@type":"ListItem","position":1,"name":"Accueil","item":"https:\/\/www.belleflamme.ca\/fr\/"},{"@type":"ListItem","position":2,"name":"Boutique","item":"https:\/\/www.belleflamme.ca\/fr\/boutique\/"},{"@type":"ListItem","position":3,"name":"BBQ &amp; Produits Ext\u00e9rieurs","item":"https:\/\/staging.belleflamme.ca\/fr\/categories\/bbq-produits-exterieurs\/"},{"@type":"ListItem","position":4,"name":"Cuisine Ext\u00e9rieure","item":"https:\/\/staging.belleflamme.ca\/fr\/categories\/bbq-produits-exterieurs\/cuisine-exterieure\/"},{"@type":"ListItem","position":5,"name":"Cabinets et Modules","item":"https:\/\/staging.belleflamme.ca\/fr\/categories\/bbq-produits-exterieurs\/cuisine-exterieure\/cabinets-et-modules\/"},{"@type":"ListItem","position":6,"name":"Ensemble porte simple, tiroir \u00e0 d\u00e9chets et porte-essuie-tout, 36 po x 24 po de Napoleon"}]},{"@type":"WebSite","@id":"https:\/\/www.belleflamme.ca\/fr\/#website","url":"https:\/\/www.belleflamme.ca\/fr\/","name":"Groupe Belleflamme","description":"La m\u00e9canique du b\u00e2timent dans le sang.","publisher":{"@id":"https:\/\/www.belleflamme.ca\/fr\/#organization"},"potentialAction":[{"@type":"SearchAction","target":{"@type":"EntryPoint","urlTemplate":"https:\/\/www.belleflamme.ca\/fr\/?s={search_term_string}"},"query-input":{"@type":"PropertyValueSpecification","valueRequired":true,"valueName":"search_term_string"}}],"inLanguage":"fr-FR"},{"@type":["Organization","Place"],"@id":"https:\/\/www.belleflamme.ca\/fr\/#organization","name":"Groupe Belleflamme","alternateName":"Belleflamme","url":"https:\/\/www.belleflamme.ca\/fr\/","logo":{"@type":"ImageObject","inLanguage":"fr-FR","@id":"https:\/\/www.belleflamme.ca\/fr\/#\/schema\/logo\/image\/","url":"https:\/\/staging.belleflamme.ca\/wp-content\/uploads\/2023\/01\/og-image.jpg","contentUrl":"https:\/\/staging.belleflamme.ca\/wp-content\/uploads\/2023\/01\/og-image.jpg","width":1200,"height":630,"caption":"Groupe Belleflamme"},"image":{"@id":"https:\/\/www.belleflamme.ca\/fr\/#\/schema\/logo\/image\/"},"sameAs":["https:\/\/www.facebook.com\/belleflamme.ca\/","https:\/\/www.linkedin.com\/company\/belleflamme\/","https:\/\/www.pinterest.ca\/groupebelleflamme\/","https:\/\/www.instagram.com\/legroupebelleflamme\/"],"mainEntityOfPage":{"@id":"https:\/\/staging.belleflamme.ca\/fr\/produit\/ensemble-porte-simple-tiroir-a-dechets-et-porte-essuie-tout-36-po-x-24-po-de-napoleon\/"}}]},"product_brand":"BBQ Napoleon","product_price_amount":"1349.00","product_price_currency":"CAD","og_availability":"instock","product_availability":"instock","product_retailer_item_id":"BI-3624-1D1W","product_condition":"new"},"_links":{"self":[{"href":"https:\/\/staging.belleflamme.ca\/fr\/wp-json\/wp\/v2\/product\/51676","targetHints":{"allow":["GET"]}}],"collection":[{"href":"https:\/\/staging.belleflamme.ca\/fr\/wp-json\/wp\/v2\/product"}],"about":[{"href":"https:\/\/staging.belleflamme.ca\/fr\/wp-json\/wp\/v2\/types\/product"}],"version-history":[{"count":5,"href":"https:\/\/staging.belleflamme.ca\/fr\/wp-json\/wp\/v2\/product\/51676\/revisions"}],"predecessor-version":[{"id":51685,"href":"https:\/\/staging.belleflamme.ca\/fr\/wp-json\/wp\/v2\/product\/51676\/revisions\/51685"}],"wp:featuredmedia":[{"embeddable":true,"href":"https:\/\/staging.belleflamme.ca\/fr\/wp-json\/wp\/v2\/media\/51677"}],"wp:attachment":[{"href":"https:\/\/staging.belleflamme.ca\/fr\/wp-json\/wp\/v2\/media?parent=51676"}],"wp:term":[{"taxonomy":"product_brand","embeddable":true,"href":"https:\/\/staging.belleflamme.ca\/fr\/wp-json\/wp\/v2\/product_brand?post=51676"},{"taxonomy":"product_cat","embeddable":true,"href":"https:\/\/staging.belleflamme.ca\/fr\/wp-json\/wp\/v2\/product_cat?post=51676"},{"taxonomy":"product_tag","embeddable":true,"href":"https:\/\/staging.belleflamme.ca\/fr\/wp-json\/wp\/v2\/product_tag?post=51676"}],"curies":[{"name":"wp","href":"https:\/\/api.w.org\/{rel}","templated":true}]}}