{"id":51661,"date":"2025-02-27T16:35:32","date_gmt":"2025-02-27T21:35:32","guid":{"rendered":"https:\/\/www.belleflamme.ca\/?post_type=product&#038;p=51661"},"modified":"2025-02-27T16:36:44","modified_gmt":"2025-02-27T21:36:44","slug":"doublure-isolante-a-degagement-zero-pour-bruleurs-lateraux-encastres-de-12-po-de-napoleon","status":"publish","type":"product","link":"https:\/\/staging.belleflamme.ca\/fr\/produit\/doublure-isolante-a-degagement-zero-pour-bruleurs-lateraux-encastres-de-12-po-de-napoleon\/","title":{"rendered":"Doublure isolante \u00e0 d\u00e9gagement z\u00e9ro pour br\u00fbleurs lat\u00e9raux encastr\u00e9s de 12 po de Napoleon"},"content":{"rendered":"<div class=\"field product-description show-more-container tab-item tab-on\">\n<h3 class=\"title hide-item-on-mobile\">Description<\/h3>\n<div class=\"inner-wrapper\" data-max-height=\"360px\" data-fade=\"true\">\n<div class=\"clearfix text-formatted field field--name-body field--type-text-with-summary field--label-hidden field__item\">\n<p>Cette doublure isolante \u00e0 d\u00e9gagement z\u00e9ro est sp\u00e9cialement con\u00e7ue pour les cuisines ext\u00e9rieures fabriqu\u00e9es sur mesure. Sp\u00e9cialement con\u00e7ue pour le br\u00fbleur de cuisini\u00e8re double avant-arri\u00e8re de la s\u00e9rie 700, cette doublure isolante \u00e0 d\u00e9gagement z\u00e9ro permet d&#8217;installer des mat\u00e9riaux combustibles \u00e0 proximit\u00e9 ou contre la doublure sans risque de dommages li\u00e9s \u00e0 la combustion ou \u00e0 la chaleur. L&#8217;utilisation d&#8217;une doublure isolante \u00e0 d\u00e9gagement z\u00e9ro permet une plus grande flexibilit\u00e9 lors de l&#8217;installation d&#8217;un gril \u00e0 gaz et d&#8217;appareils dans une cuisine ext\u00e9rieure. Les moulures fluides conf\u00e8rent une finition impeccable \u00e0 l&#8217;installation. Veuillez consulter le manuel d\u2019instructions pour les directives d\u2019installation.<\/p>\n<\/div>\n<\/div>\n<\/div>\n<div class=\"field product-features show-more-container tab-item\">\n<h3 class=\"title hide-item-on-mobile\">Caract\u00e9ristiques<\/h3>\n<div class=\"inner-wrapper\" data-max-height=\"360px\" data-fade=\"true\">\n<div class=\"clearfix text-formatted field field--name-field-summary-features field--type-text field--label-hidden field__items\">\n<div class=\"field__item\">Doublure isolante \u00e0 d\u00e9gagement z\u00e9ro pour br\u00fbleurs lat\u00e9raux encastr\u00e9s de 12 po seulement<\/div>\n<div class=\"field__item\">La fabrication en acier inoxydable durable vous assure une longue dur\u00e9e de vie tout en \u00e9tant \u00e9l\u00e9gante<\/div>\n<div class=\"field__item\">Les supports permettent une installation \u00e9quilibr\u00e9e, assurant ainsi une installation plus polyvalente pour la doublure tout en r\u00e9duisant le d\u00e9gagement n\u00e9cessaire aux mat\u00e9riaux combustibles<\/div>\n<div class=\"field__item\">Les moulures fluides favorisent une installation polyvalente et impeccable<\/div>\n<\/div>\n<\/div>\n<\/div>\n<div><\/div>\n<div>\n<table class=\"specification-table\">\n<tbody>\n<tr>\n<th>Garantie<\/th>\n<td>Garantie limit\u00e9e de 10\u00a0ans<sup>*<\/sup><\/td>\n<\/tr>\n<tr>\n<th>Hauteur<\/th>\n<td>18,50 in<\/td>\n<\/tr>\n<tr>\n<th>Largeur<\/th>\n<td>28 in<\/td>\n<\/tr>\n<tr>\n<th>Profondeur<\/th>\n<td>25,50 in<\/td>\n<\/tr>\n<tr>\n<th>Hauteur de la bo\u00eete<\/th>\n<td>18,50 in (46,99 cm)<\/td>\n<\/tr>\n<tr>\n<th>Largeur de la bo\u00eete<\/th>\n<td>28 in (71,12 cm)<\/td>\n<\/tr>\n<tr>\n<th>Profondeur de la bo\u00eete<\/th>\n<td>25,50 in (64,77 cm)<\/td>\n<\/tr>\n<tr>\n<th>Poids de la bo\u00eete<\/th>\n<td>28,50 lbs. (12,93 kg)<\/td>\n<\/tr>\n<\/tbody>\n<\/table>\n<\/div>\n","protected":false},"excerpt":{"rendered":"<p>Description Cette doublure isolante \u00e0 d\u00e9gagement z\u00e9ro est sp\u00e9cialement con\u00e7ue pour les cuisines ext\u00e9rieures fabriqu\u00e9es sur mesure. Sp\u00e9cialement con\u00e7ue pour le br\u00fbleur de cuisini\u00e8re double avant-arri\u00e8re de la s\u00e9rie 700, cette doublure isolante \u00e0 d\u00e9gagement z\u00e9ro permet d&#8217;installer des mat\u00e9riaux combustibles \u00e0 proximit\u00e9 ou contre la doublure sans risque de dommages li\u00e9s \u00e0 la combustion [&hellip;]<\/p>\n","protected":false},"featured_media":51662,"template":"","meta":{"inline_featured_image":false},"product_brand":[1316],"product_cat":[113,352,116],"product_tag":[],"class_list":{"0":"post-51661","1":"product","2":"type-product","3":"status-publish","4":"has-post-thumbnail","6":"product_brand-bbq-napoleon","7":"product_cat-bbq-produits-exterieurs","8":"product_cat-cabinets-et-modules","9":"product_cat-cuisine-exterieure","11":"first","12":"instock","13":"taxable","14":"shipping-taxable","15":"purchasable","16":"product-type-simple"},"yoast_head":"<!-- This site is optimized with the Yoast SEO Premium plugin v24.2 (Yoast SEO v24.2) - https:\/\/yoast.com\/wordpress\/plugins\/seo\/ -->\n<title>Doublure isolante \u00e0 d\u00e9gagement z\u00e9ro pour br\u00fbleurs lat\u00e9raux encastr\u00e9s de 12 po de Napoleon - Groupe BelleFlamme<\/title>\n<meta name=\"description\" content=\"Doublure isolante \u00e0 d\u00e9gagement z\u00e9ro pour br\u00fbleurs lat\u00e9raux encastr\u00e9s de 12 po de Napoleon vendu et install\u00e9 par le Groupe Belleflamme. Laval, Montr\u00e9al, Gatineau et Saint-Sauveur.\" \/>\n<meta name=\"robots\" content=\"index, follow, max-snippet:-1, max-image-preview:large, max-video-preview:-1\" \/>\n<link rel=\"canonical\" href=\"https:\/\/staging.belleflamme.ca\/fr\/produit\/doublure-isolante-a-degagement-zero-pour-bruleurs-lateraux-encastres-de-12-po-de-napoleon\/\" \/>\n<meta property=\"og:locale\" content=\"fr_FR\" \/>\n<meta property=\"og:type\" content=\"article\" \/>\n<meta property=\"og:title\" content=\"Doublure isolante \u00e0 d\u00e9gagement z\u00e9ro pour br\u00fbleurs lat\u00e9raux encastr\u00e9s de 12 po de Napoleon\" \/>\n<meta property=\"og:description\" content=\"Doublure isolante \u00e0 d\u00e9gagement z\u00e9ro pour br\u00fbleurs lat\u00e9raux encastr\u00e9s de 12 po de Napoleon vendu et install\u00e9 par le Groupe Belleflamme. Laval, Montr\u00e9al, Gatineau et Saint-Sauveur.\" \/>\n<meta property=\"og:url\" content=\"https:\/\/staging.belleflamme.ca\/fr\/produit\/doublure-isolante-a-degagement-zero-pour-bruleurs-lateraux-encastres-de-12-po-de-napoleon\/\" \/>\n<meta property=\"og:site_name\" content=\"Groupe BelleFlamme\" \/>\n<meta property=\"article:publisher\" content=\"https:\/\/www.facebook.com\/belleflamme.ca\/\" \/>\n<meta property=\"article:modified_time\" content=\"2025-02-27T21:36:44+00:00\" \/>\n<meta property=\"og:image\" content=\"https:\/\/www.belleflamme.ca\/wp-content\/uploads\/2025\/02\/Doublure-isolante-a-degagement-zero-pour-bruleurs-lateraux-encastres-de-12-po-de-Napoleon.jpg\" \/>\n\t<meta property=\"og:image:width\" content=\"1234\" \/>\n\t<meta property=\"og:image:height\" content=\"1000\" \/>\n\t<meta property=\"og:image:type\" content=\"image\/jpeg\" \/>\n<meta name=\"twitter:card\" content=\"summary_large_image\" \/>\n<meta name=\"twitter:label1\" content=\"Prix\" \/>\n\t<meta name=\"twitter:data1\" content=\"&#036;599.00\" \/>\n\t<meta name=\"twitter:label2\" content=\"Disponibilit\u00e9\" \/>\n\t<meta name=\"twitter:data2\" content=\"En stock\" \/>\n<script type=\"application\/ld+json\" class=\"yoast-schema-graph\">{\"@context\":\"https:\/\/schema.org\",\"@graph\":[{\"@type\":[\"WebPage\",\"ItemPage\"],\"@id\":\"https:\/\/staging.belleflamme.ca\/fr\/produit\/doublure-isolante-a-degagement-zero-pour-bruleurs-lateraux-encastres-de-12-po-de-napoleon\/\",\"url\":\"https:\/\/staging.belleflamme.ca\/fr\/produit\/doublure-isolante-a-degagement-zero-pour-bruleurs-lateraux-encastres-de-12-po-de-napoleon\/\",\"name\":\"Doublure isolante \u00e0 d\u00e9gagement z\u00e9ro pour br\u00fbleurs lat\u00e9raux encastr\u00e9s de 12 po de Napoleon - Groupe BelleFlamme\",\"isPartOf\":{\"@id\":\"https:\/\/www.belleflamme.ca\/fr\/#website\"},\"primaryImageOfPage\":{\"@id\":\"https:\/\/staging.belleflamme.ca\/fr\/produit\/doublure-isolante-a-degagement-zero-pour-bruleurs-lateraux-encastres-de-12-po-de-napoleon\/#primaryimage\"},\"image\":{\"@id\":\"https:\/\/staging.belleflamme.ca\/fr\/produit\/doublure-isolante-a-degagement-zero-pour-bruleurs-lateraux-encastres-de-12-po-de-napoleon\/#primaryimage\"},\"thumbnailUrl\":\"https:\/\/staging.belleflamme.ca\/wp-content\/uploads\/2025\/02\/Doublure-isolante-a-degagement-zero-pour-bruleurs-lateraux-encastres-de-12-po-de-Napoleon.jpg\",\"datePublished\":\"2025-02-27T21:35:32+00:00\",\"dateModified\":\"2025-02-27T21:36:44+00:00\",\"description\":\"Doublure isolante \u00e0 d\u00e9gagement z\u00e9ro pour br\u00fbleurs lat\u00e9raux encastr\u00e9s de 12 po de Napoleon vendu et install\u00e9 par le Groupe Belleflamme. Laval, Montr\u00e9al, Gatineau et Saint-Sauveur.\",\"breadcrumb\":{\"@id\":\"https:\/\/staging.belleflamme.ca\/fr\/produit\/doublure-isolante-a-degagement-zero-pour-bruleurs-lateraux-encastres-de-12-po-de-napoleon\/#breadcrumb\"},\"inLanguage\":\"fr-FR\",\"potentialAction\":[{\"@type\":\"ReadAction\",\"target\":[\"https:\/\/staging.belleflamme.ca\/fr\/produit\/doublure-isolante-a-degagement-zero-pour-bruleurs-lateraux-encastres-de-12-po-de-napoleon\/\"]}]},{\"@type\":\"ImageObject\",\"inLanguage\":\"fr-FR\",\"@id\":\"https:\/\/staging.belleflamme.ca\/fr\/produit\/doublure-isolante-a-degagement-zero-pour-bruleurs-lateraux-encastres-de-12-po-de-napoleon\/#primaryimage\",\"url\":\"https:\/\/staging.belleflamme.ca\/wp-content\/uploads\/2025\/02\/Doublure-isolante-a-degagement-zero-pour-bruleurs-lateraux-encastres-de-12-po-de-Napoleon.jpg\",\"contentUrl\":\"https:\/\/staging.belleflamme.ca\/wp-content\/uploads\/2025\/02\/Doublure-isolante-a-degagement-zero-pour-bruleurs-lateraux-encastres-de-12-po-de-Napoleon.jpg\",\"width\":1234,\"height\":1000,\"caption\":\"Doublure isolante \u00e0 d\u00e9gagement z\u00e9ro pour br\u00fbleurs lat\u00e9raux encastr\u00e9s de 12 po de Napoleon\"},{\"@type\":\"BreadcrumbList\",\"@id\":\"https:\/\/staging.belleflamme.ca\/fr\/produit\/doublure-isolante-a-degagement-zero-pour-bruleurs-lateraux-encastres-de-12-po-de-napoleon\/#breadcrumb\",\"itemListElement\":[{\"@type\":\"ListItem\",\"position\":1,\"name\":\"Accueil\",\"item\":\"https:\/\/www.belleflamme.ca\/fr\/\"},{\"@type\":\"ListItem\",\"position\":2,\"name\":\"Boutique\",\"item\":\"https:\/\/www.belleflamme.ca\/fr\/boutique\/\"},{\"@type\":\"ListItem\",\"position\":3,\"name\":\"BBQ &amp; Produits Ext\u00e9rieurs\",\"item\":\"https:\/\/staging.belleflamme.ca\/fr\/categories\/bbq-produits-exterieurs\/\"},{\"@type\":\"ListItem\",\"position\":4,\"name\":\"Cuisine Ext\u00e9rieure\",\"item\":\"https:\/\/staging.belleflamme.ca\/fr\/categories\/bbq-produits-exterieurs\/cuisine-exterieure\/\"},{\"@type\":\"ListItem\",\"position\":5,\"name\":\"Cabinets et Modules\",\"item\":\"https:\/\/staging.belleflamme.ca\/fr\/categories\/bbq-produits-exterieurs\/cuisine-exterieure\/cabinets-et-modules\/\"},{\"@type\":\"ListItem\",\"position\":6,\"name\":\"Doublure isolante \u00e0 d\u00e9gagement z\u00e9ro pour br\u00fbleurs lat\u00e9raux encastr\u00e9s de 12 po de Napoleon\"}]},{\"@type\":\"WebSite\",\"@id\":\"https:\/\/www.belleflamme.ca\/fr\/#website\",\"url\":\"https:\/\/www.belleflamme.ca\/fr\/\",\"name\":\"Groupe Belleflamme\",\"description\":\"La m\u00e9canique du b\u00e2timent dans le sang.\",\"publisher\":{\"@id\":\"https:\/\/www.belleflamme.ca\/fr\/#organization\"},\"potentialAction\":[{\"@type\":\"SearchAction\",\"target\":{\"@type\":\"EntryPoint\",\"urlTemplate\":\"https:\/\/www.belleflamme.ca\/fr\/?s={search_term_string}\"},\"query-input\":{\"@type\":\"PropertyValueSpecification\",\"valueRequired\":true,\"valueName\":\"search_term_string\"}}],\"inLanguage\":\"fr-FR\"},{\"@type\":[\"Organization\",\"Place\"],\"@id\":\"https:\/\/www.belleflamme.ca\/fr\/#organization\",\"name\":\"Groupe Belleflamme\",\"alternateName\":\"Belleflamme\",\"url\":\"https:\/\/www.belleflamme.ca\/fr\/\",\"logo\":{\"@type\":\"ImageObject\",\"inLanguage\":\"fr-FR\",\"@id\":\"https:\/\/www.belleflamme.ca\/fr\/#\/schema\/logo\/image\/\",\"url\":\"https:\/\/staging.belleflamme.ca\/wp-content\/uploads\/2023\/01\/og-image.jpg\",\"contentUrl\":\"https:\/\/staging.belleflamme.ca\/wp-content\/uploads\/2023\/01\/og-image.jpg\",\"width\":1200,\"height\":630,\"caption\":\"Groupe Belleflamme\"},\"image\":{\"@id\":\"https:\/\/www.belleflamme.ca\/fr\/#\/schema\/logo\/image\/\"},\"sameAs\":[\"https:\/\/www.facebook.com\/belleflamme.ca\/\",\"https:\/\/www.linkedin.com\/company\/belleflamme\/\",\"https:\/\/www.pinterest.ca\/groupebelleflamme\/\",\"https:\/\/www.instagram.com\/legroupebelleflamme\/\"],\"mainEntityOfPage\":{\"@id\":\"https:\/\/staging.belleflamme.ca\/fr\/produit\/doublure-isolante-a-degagement-zero-pour-bruleurs-lateraux-encastres-de-12-po-de-napoleon\/\"}}]}<\/script>\n<meta property=\"product:brand\" content=\"BBQ Napoleon\" \/>\n<meta property=\"product:price:amount\" content=\"599.00\" \/>\n<meta property=\"product:price:currency\" content=\"CAD\" \/>\n<meta property=\"og:availability\" content=\"instock\" \/>\n<meta property=\"product:availability\" content=\"instock\" \/>\n<meta property=\"product:retailer_item_id\" content=\"BI-1823-ZCL\" \/>\n<meta property=\"product:condition\" content=\"new\" \/>\n<!-- \/ Yoast SEO Premium plugin. -->","yoast_head_json":{"title":"Doublure isolante \u00e0 d\u00e9gagement z\u00e9ro pour br\u00fbleurs lat\u00e9raux encastr\u00e9s de 12 po de Napoleon - Groupe BelleFlamme","description":"Doublure isolante \u00e0 d\u00e9gagement z\u00e9ro pour br\u00fbleurs lat\u00e9raux encastr\u00e9s de 12 po de Napoleon vendu et install\u00e9 par le Groupe Belleflamme. Laval, Montr\u00e9al, Gatineau et Saint-Sauveur.","robots":{"index":"index","follow":"follow","max-snippet":"max-snippet:-1","max-image-preview":"max-image-preview:large","max-video-preview":"max-video-preview:-1"},"canonical":"https:\/\/staging.belleflamme.ca\/fr\/produit\/doublure-isolante-a-degagement-zero-pour-bruleurs-lateraux-encastres-de-12-po-de-napoleon\/","og_locale":"fr_FR","og_type":"article","og_title":"Doublure isolante \u00e0 d\u00e9gagement z\u00e9ro pour br\u00fbleurs lat\u00e9raux encastr\u00e9s de 12 po de Napoleon","og_description":"Doublure isolante \u00e0 d\u00e9gagement z\u00e9ro pour br\u00fbleurs lat\u00e9raux encastr\u00e9s de 12 po de Napoleon vendu et install\u00e9 par le Groupe Belleflamme. Laval, Montr\u00e9al, Gatineau et Saint-Sauveur.","og_url":"https:\/\/staging.belleflamme.ca\/fr\/produit\/doublure-isolante-a-degagement-zero-pour-bruleurs-lateraux-encastres-de-12-po-de-napoleon\/","og_site_name":"Groupe BelleFlamme","article_publisher":"https:\/\/www.facebook.com\/belleflamme.ca\/","article_modified_time":"2025-02-27T21:36:44+00:00","og_image":[{"width":1234,"height":1000,"url":"https:\/\/www.belleflamme.ca\/wp-content\/uploads\/2025\/02\/Doublure-isolante-a-degagement-zero-pour-bruleurs-lateraux-encastres-de-12-po-de-Napoleon.jpg","type":"image\/jpeg"}],"twitter_card":"summary_large_image","twitter_misc":{"Prix":"&#36;599.00","Disponibilit\u00e9":"En stock"},"schema":{"@context":"https:\/\/schema.org","@graph":[{"@type":["WebPage","ItemPage"],"@id":"https:\/\/staging.belleflamme.ca\/fr\/produit\/doublure-isolante-a-degagement-zero-pour-bruleurs-lateraux-encastres-de-12-po-de-napoleon\/","url":"https:\/\/staging.belleflamme.ca\/fr\/produit\/doublure-isolante-a-degagement-zero-pour-bruleurs-lateraux-encastres-de-12-po-de-napoleon\/","name":"Doublure isolante \u00e0 d\u00e9gagement z\u00e9ro pour br\u00fbleurs lat\u00e9raux encastr\u00e9s de 12 po de Napoleon - Groupe BelleFlamme","isPartOf":{"@id":"https:\/\/www.belleflamme.ca\/fr\/#website"},"primaryImageOfPage":{"@id":"https:\/\/staging.belleflamme.ca\/fr\/produit\/doublure-isolante-a-degagement-zero-pour-bruleurs-lateraux-encastres-de-12-po-de-napoleon\/#primaryimage"},"image":{"@id":"https:\/\/staging.belleflamme.ca\/fr\/produit\/doublure-isolante-a-degagement-zero-pour-bruleurs-lateraux-encastres-de-12-po-de-napoleon\/#primaryimage"},"thumbnailUrl":"https:\/\/staging.belleflamme.ca\/wp-content\/uploads\/2025\/02\/Doublure-isolante-a-degagement-zero-pour-bruleurs-lateraux-encastres-de-12-po-de-Napoleon.jpg","datePublished":"2025-02-27T21:35:32+00:00","dateModified":"2025-02-27T21:36:44+00:00","description":"Doublure isolante \u00e0 d\u00e9gagement z\u00e9ro pour br\u00fbleurs lat\u00e9raux encastr\u00e9s de 12 po de Napoleon vendu et install\u00e9 par le Groupe Belleflamme. Laval, Montr\u00e9al, Gatineau et Saint-Sauveur.","breadcrumb":{"@id":"https:\/\/staging.belleflamme.ca\/fr\/produit\/doublure-isolante-a-degagement-zero-pour-bruleurs-lateraux-encastres-de-12-po-de-napoleon\/#breadcrumb"},"inLanguage":"fr-FR","potentialAction":[{"@type":"ReadAction","target":["https:\/\/staging.belleflamme.ca\/fr\/produit\/doublure-isolante-a-degagement-zero-pour-bruleurs-lateraux-encastres-de-12-po-de-napoleon\/"]}]},{"@type":"ImageObject","inLanguage":"fr-FR","@id":"https:\/\/staging.belleflamme.ca\/fr\/produit\/doublure-isolante-a-degagement-zero-pour-bruleurs-lateraux-encastres-de-12-po-de-napoleon\/#primaryimage","url":"https:\/\/staging.belleflamme.ca\/wp-content\/uploads\/2025\/02\/Doublure-isolante-a-degagement-zero-pour-bruleurs-lateraux-encastres-de-12-po-de-Napoleon.jpg","contentUrl":"https:\/\/staging.belleflamme.ca\/wp-content\/uploads\/2025\/02\/Doublure-isolante-a-degagement-zero-pour-bruleurs-lateraux-encastres-de-12-po-de-Napoleon.jpg","width":1234,"height":1000,"caption":"Doublure isolante \u00e0 d\u00e9gagement z\u00e9ro pour br\u00fbleurs lat\u00e9raux encastr\u00e9s de 12 po de Napoleon"},{"@type":"BreadcrumbList","@id":"https:\/\/staging.belleflamme.ca\/fr\/produit\/doublure-isolante-a-degagement-zero-pour-bruleurs-lateraux-encastres-de-12-po-de-napoleon\/#breadcrumb","itemListElement":[{"@type":"ListItem","position":1,"name":"Accueil","item":"https:\/\/www.belleflamme.ca\/fr\/"},{"@type":"ListItem","position":2,"name":"Boutique","item":"https:\/\/www.belleflamme.ca\/fr\/boutique\/"},{"@type":"ListItem","position":3,"name":"BBQ &amp; Produits Ext\u00e9rieurs","item":"https:\/\/staging.belleflamme.ca\/fr\/categories\/bbq-produits-exterieurs\/"},{"@type":"ListItem","position":4,"name":"Cuisine Ext\u00e9rieure","item":"https:\/\/staging.belleflamme.ca\/fr\/categories\/bbq-produits-exterieurs\/cuisine-exterieure\/"},{"@type":"ListItem","position":5,"name":"Cabinets et Modules","item":"https:\/\/staging.belleflamme.ca\/fr\/categories\/bbq-produits-exterieurs\/cuisine-exterieure\/cabinets-et-modules\/"},{"@type":"ListItem","position":6,"name":"Doublure isolante \u00e0 d\u00e9gagement z\u00e9ro pour br\u00fbleurs lat\u00e9raux encastr\u00e9s de 12 po de Napoleon"}]},{"@type":"WebSite","@id":"https:\/\/www.belleflamme.ca\/fr\/#website","url":"https:\/\/www.belleflamme.ca\/fr\/","name":"Groupe Belleflamme","description":"La m\u00e9canique du b\u00e2timent dans le sang.","publisher":{"@id":"https:\/\/www.belleflamme.ca\/fr\/#organization"},"potentialAction":[{"@type":"SearchAction","target":{"@type":"EntryPoint","urlTemplate":"https:\/\/www.belleflamme.ca\/fr\/?s={search_term_string}"},"query-input":{"@type":"PropertyValueSpecification","valueRequired":true,"valueName":"search_term_string"}}],"inLanguage":"fr-FR"},{"@type":["Organization","Place"],"@id":"https:\/\/www.belleflamme.ca\/fr\/#organization","name":"Groupe Belleflamme","alternateName":"Belleflamme","url":"https:\/\/www.belleflamme.ca\/fr\/","logo":{"@type":"ImageObject","inLanguage":"fr-FR","@id":"https:\/\/www.belleflamme.ca\/fr\/#\/schema\/logo\/image\/","url":"https:\/\/staging.belleflamme.ca\/wp-content\/uploads\/2023\/01\/og-image.jpg","contentUrl":"https:\/\/staging.belleflamme.ca\/wp-content\/uploads\/2023\/01\/og-image.jpg","width":1200,"height":630,"caption":"Groupe Belleflamme"},"image":{"@id":"https:\/\/www.belleflamme.ca\/fr\/#\/schema\/logo\/image\/"},"sameAs":["https:\/\/www.facebook.com\/belleflamme.ca\/","https:\/\/www.linkedin.com\/company\/belleflamme\/","https:\/\/www.pinterest.ca\/groupebelleflamme\/","https:\/\/www.instagram.com\/legroupebelleflamme\/"],"mainEntityOfPage":{"@id":"https:\/\/staging.belleflamme.ca\/fr\/produit\/doublure-isolante-a-degagement-zero-pour-bruleurs-lateraux-encastres-de-12-po-de-napoleon\/"}}]},"product_brand":"BBQ Napoleon","product_price_amount":"599.00","product_price_currency":"CAD","og_availability":"instock","product_availability":"instock","product_retailer_item_id":"BI-1823-ZCL","product_condition":"new"},"_links":{"self":[{"href":"https:\/\/staging.belleflamme.ca\/fr\/wp-json\/wp\/v2\/product\/51661","targetHints":{"allow":["GET"]}}],"collection":[{"href":"https:\/\/staging.belleflamme.ca\/fr\/wp-json\/wp\/v2\/product"}],"about":[{"href":"https:\/\/staging.belleflamme.ca\/fr\/wp-json\/wp\/v2\/types\/product"}],"version-history":[{"count":2,"href":"https:\/\/staging.belleflamme.ca\/fr\/wp-json\/wp\/v2\/product\/51661\/revisions"}],"predecessor-version":[{"id":51667,"href":"https:\/\/staging.belleflamme.ca\/fr\/wp-json\/wp\/v2\/product\/51661\/revisions\/51667"}],"wp:featuredmedia":[{"embeddable":true,"href":"https:\/\/staging.belleflamme.ca\/fr\/wp-json\/wp\/v2\/media\/51662"}],"wp:attachment":[{"href":"https:\/\/staging.belleflamme.ca\/fr\/wp-json\/wp\/v2\/media?parent=51661"}],"wp:term":[{"taxonomy":"product_brand","embeddable":true,"href":"https:\/\/staging.belleflamme.ca\/fr\/wp-json\/wp\/v2\/product_brand?post=51661"},{"taxonomy":"product_cat","embeddable":true,"href":"https:\/\/staging.belleflamme.ca\/fr\/wp-json\/wp\/v2\/product_cat?post=51661"},{"taxonomy":"product_tag","embeddable":true,"href":"https:\/\/staging.belleflamme.ca\/fr\/wp-json\/wp\/v2\/product_tag?post=51661"}],"curies":[{"name":"wp","href":"https:\/\/api.w.org\/{rel}","templated":true}]}}