{"id":51614,"date":"2025-02-27T15:33:49","date_gmt":"2025-02-27T20:33:49","guid":{"rendered":"https:\/\/www.belleflamme.ca\/?post_type=product&#038;p=51614"},"modified":"2025-02-27T15:37:03","modified_gmt":"2025-02-27T20:37:03","slug":"bbq-portatif-au-gaz-travelq%e1%b4%b9%e1%b4%b0-285-de-napoleon","status":"publish","type":"product","link":"https:\/\/staging.belleflamme.ca\/fr\/produit\/bbq-portatif-au-gaz-travelq%e1%b4%b9%e1%b4%b0-285-de-napoleon\/","title":{"rendered":"BBQ Portatif au Gaz TravelQ\u1d39\u1d30 285 de Napoleon"},"content":{"rendered":"\t\t<div data-elementor-type=\"product-post\" data-elementor-id=\"51614\" class=\"elementor elementor-51614\" data-elementor-post-type=\"product\">\n\t\t\t\t\t\t<section class=\"elementor-section elementor-top-section elementor-element elementor-element-17ef5471 elementor-section-boxed elementor-section-height-default elementor-section-height-default\" data-id=\"17ef5471\" data-element_type=\"section\">\n\t\t\t\t\t\t<div class=\"elementor-container elementor-column-gap-default\">\n\t\t\t\t\t<div class=\"elementor-column elementor-col-100 elementor-top-column elementor-element elementor-element-529bb5ea\" data-id=\"529bb5ea\" data-element_type=\"column\">\n\t\t\t<div class=\"elementor-widget-wrap elementor-element-populated\">\n\t\t\t\t\t\t<div class=\"elementor-element elementor-element-3d97b89f elementor-widget elementor-widget-text-editor\" data-id=\"3d97b89f\" data-element_type=\"widget\" data-widget_type=\"text-editor.default\">\n\t\t\t\t<div class=\"elementor-widget-container\">\n\t\t\t\t\t\t\t\t\t<div class=\"field product-description show-more-container tab-item tab-on\"><h3 class=\"title hide-item-on-mobile\">Description<\/h3><div class=\"inner-wrapper open\" data-max-height=\"360px\" data-fade=\"true\" data-height=\"438px\"><div class=\"clearfix text-formatted field field--name-body field--type-text-with-summary field--label-hidden field__item\"><p>Le gril portatif rouge TravelQ 285 au propane de Napoleon \u00e9tablit une nouvelle norme d\u2019excellence. Ne vous laissez pas avoir par sa petite taille : il offre une surface de cuisson totale de 285 po\u00b2, assez pour 18 gros hamburgers, ou deux petits poulets ou r\u00f4tis gr\u00e2ce au couvercle de haut format en fonte d&#8217;aluminium. Les 2 br\u00fbleurs \u00e0 contr\u00f4le ind\u00e9pendant permettent un contr\u00f4le pr\u00e9cis de la temp\u00e9rature. Vous reconna\u00eetrez la touche Napoleon avec les grilles de cuisson WAVE\u1d39\u1d30 embl\u00e9matiques qui cr\u00e9ent nos marques de grillage distinctes. Les grilles en porcelaine \u00e9maill\u00e9e vous offriront une surface antiadh\u00e9sive en les conditionnant comme une po\u00eale en fonte. Remplacez les grilles de cuisson par une plaque pour caram\u00e9liser vos oignons ou faire \u00e0 d\u00e9jeuner. Ce gril est fait en fonte d\u2019aluminium afin de demeurer l\u00e9ger et portatif et les pattes se replient pour le rangement. Le plateau d\u2019\u00e9gouttement est amovible pour un nettoyage facile. Le TravelQ\u1d39\u1d30 est la solution parfaite pour profiter d\u2019un gril gastronomique partout o\u00f9 vous allez.<\/p><\/div><\/div><\/div><div class=\"field product-features show-more-container tab-item\"><h3 class=\"title hide-item-on-mobile\">Caract\u00e9ristiques<\/h3><div class=\"inner-wrapper open\" data-max-height=\"360px\" data-fade=\"true\" data-height=\"440px\"><div class=\"clearfix text-formatted field field--name-field-summary-features field--type-text field--label-hidden field__items\"><div class=\"field__item\">Le gril TravelQ est dot\u00e9 de deux br\u00fbleurs \u00e0 contr\u00f4le ind\u00e9pendant en acier inoxydable, d&#8217;une puissance de 12 000 BTU et d&#8217;une surface de cuisson totale de 285 pouces carr\u00e9s qui permet de pr\u00e9parer jusqu&#8217;\u00e0 17 hamburgers \u00e0 la fois<\/div><div class=\"field__item\">La plaque de cuisson en fonte r\u00e9versible remplace l&#8217;une des grilles de cuisson et est id\u00e9ale pour tout cuisiner, du d\u00e9jeuner aux plats d&#8217;accompagnement, aux fruits de mer<\/div><div class=\"field__item\">Les grilles de cuisson embl\u00e9matiques en fonte de Napoleon assurent un transfert de chaleur uniforme, emp\u00eachent les aliments de tomber dans le gril et cr\u00e9ent nos marques de grillade distinctes<\/div><div class=\"field__item\">Un gril professionnel portatif, parfait pour le camping, les pique-niques, les r\u00e9ceptions et les petits espaces de vie ext\u00e9rieurs<\/div><div class=\"field__item\">Deux br\u00fbleurs ind\u00e9pendants permettent un contr\u00f4le pr\u00e9cis de la temp\u00e9rature, ce qui vous permet de tout faire, du r\u00f4tissage et de la fumaison \u00e0 feu doux et \u00e0 chaleur indirecte, en passant par la cuisson \u00e0 feu vif<\/div><div class=\"field__item\">Que vous soyez en voyage, en train de faire un pique-nique ou de faire un barbecue dans votre cour, la conception r\u00e9sistante au vent emp\u00eache les intemp\u00e9ries de nuire \u00e0 la pr\u00e9paration de votre prochain repas<\/div><div class=\"field__item\">Le couvercle en fonte d&#8217;aluminium est suffisamment haut pour permettre la cuisson de r\u00f4tis et de poulets entiers et m\u00eame les dindes<\/div><div class=\"field__item\">Installez ou rangez le TravelQ en quelques secondes gr\u00e2ce aux pattes pliantes<\/div><div class=\"field__item\">Sachez exactement \u00e0 quelle temp\u00e9rature vous cuisiner gr\u00e2ce \u00e0 la jauge de temp\u00e9rature int\u00e9gr\u00e9e et pr\u00e9cise<\/div><div class=\"field__item\">Allumez chaque br\u00fbleur individuellement avec un jet de flamme pour des d\u00e9marrages instantan\u00e9s \u00e0 tout coup<\/div><div>\u00a0<\/div><\/div><\/div><\/div><div>\u00a0<\/div><div><table class=\"specification-table\"><tbody><tr><th>Garantie<\/th><td>Garantie limit\u00e9e de 10\u00a0ans<sup>*<\/sup><\/td><\/tr><tr><th>Type de carburant<\/th><td>Propane<\/td><\/tr><tr><th>D\u00e9bit de chaleur<\/th><td>12 000 BTU (4,10 kW)<\/td><\/tr><tr><th>Surface de cuisson principale<\/th><td>21.25 x 14.5 in (54 x 37 cm) \u00a0|\u00a0 17 hamburgers<\/td><\/tr><tr><th>Surface de cuisson totale<\/th><td>285 sq.in (1 840 cm\u00b2)<\/td><\/tr><tr><th>R\u00f4tissoire incluse<\/th><td>Non<\/td><\/tr><tr><th>Hauteur<\/th><td>15,50 in (39 cm) \u00a0|\u00a0 28,25 in (72 cm) avec le couvercle ouvert<\/td><\/tr><tr><th>Largeur<\/th><td>24 in (61 cm)<\/td><\/tr><tr><th>Profondeur<\/th><td>19,25 in (49 cm)<\/td><\/tr><tr><th>Hauteur de la bo\u00eete<\/th><td>21,75 in (55,25 cm)<\/td><\/tr><tr><th>Largeur de la bo\u00eete<\/th><td>13,75 in (34,93 cm)<\/td><\/tr><tr><th>Profondeur de la bo\u00eete<\/th><td>25,25 in (64,14 cm)<\/td><\/tr><tr><th>Poids de la bo\u00eete<\/th><td>44,42 lbs. (20,15 kg)<\/td><\/tr><\/tbody><\/table><p><img fetchpriority=\"high\" decoding=\"async\" class=\"\" src=\"https:\/\/www.napoleon.com\/sites\/default\/files\/products\/WebGallery_Dimensional_TQ285_dual.jpg\" width=\"390\" height=\"390\" \/><\/p><\/div>\t\t\t\t\t\t\t\t<\/div>\n\t\t\t\t<\/div>\n\t\t\t\t\t<\/div>\n\t\t<\/div>\n\t\t\t\t\t<\/div>\n\t\t<\/section>\n\t\t\t\t<section class=\"elementor-section elementor-top-section elementor-element elementor-element-b53c09a elementor-section-boxed elementor-section-height-default elementor-section-height-default\" data-id=\"b53c09a\" data-element_type=\"section\">\n\t\t\t\t\t\t<div class=\"elementor-container elementor-column-gap-default\">\n\t\t\t\t\t<div class=\"elementor-column elementor-col-100 elementor-top-column elementor-element elementor-element-73548d5\" data-id=\"73548d5\" data-element_type=\"column\">\n\t\t\t<div class=\"elementor-widget-wrap elementor-element-populated\">\n\t\t\t\t\t\t<div class=\"elementor-element elementor-element-c39f371 elementor-tabs-view-horizontal elementor-widget elementor-widget-tabs\" data-id=\"c39f371\" data-element_type=\"widget\" data-widget_type=\"tabs.default\">\n\t\t\t\t<div class=\"elementor-widget-container\">\n\t\t\t\t\t\t\t<div class=\"elementor-tabs\">\n\t\t\t<div class=\"elementor-tabs-wrapper\" role=\"tablist\" >\n\t\t\t\t\t\t\t\t\t<div id=\"elementor-tab-title-2051\" class=\"elementor-tab-title elementor-tab-desktop-title\" aria-selected=\"true\" data-tab=\"1\" role=\"tab\" tabindex=\"0\" aria-controls=\"elementor-tab-content-2051\" aria-expanded=\"false\">Fichiers<\/div>\n\t\t\t\t\t\t\t<\/div>\n\t\t\t<div class=\"elementor-tabs-content-wrapper\" role=\"tablist\" aria-orientation=\"vertical\">\n\t\t\t\t\t\t\t\t\t<div class=\"elementor-tab-title elementor-tab-mobile-title\" aria-selected=\"true\" data-tab=\"1\" role=\"tab\" tabindex=\"0\" aria-controls=\"elementor-tab-content-2051\" aria-expanded=\"false\">Fichiers<\/div>\n\t\t\t\t\t<div id=\"elementor-tab-content-2051\" class=\"elementor-tab-content elementor-clearfix\" data-tab=\"1\" role=\"tabpanel\" aria-labelledby=\"elementor-tab-title-2051\" tabindex=\"0\" hidden=\"false\"><i class=\"far fa-file-pdf fa-xl\" style=\"font-size:35px\"><\/i><a href=\"https:\/\/www.belleflamme.ca\/wp-content\/uploads\/2025\/02\/ADBRN2-TRVQ-FR-2022-FRN-LoRes-1.pdf\"> Brochure<\/a><\/br>\n<i class=\"far fa-file-pdf fa-xl\" style=\"font-size:35px\"><\/i><a href=\"https:\/\/www.belleflamme.ca\/wp-content\/uploads\/2025\/02\/N425-0535-TravelQ285-1-NA-2Nov2020.pdf\"> Manuel<\/a><\/br><\/div>\n\t\t\t\t\t\t\t<\/div>\n\t\t<\/div>\n\t\t\t\t\t\t<\/div>\n\t\t\t\t<\/div>\n\t\t\t\t\t<\/div>\n\t\t<\/div>\n\t\t\t\t\t<\/div>\n\t\t<\/section>\n\t\t\t\t<\/div>\n\t\t","protected":false},"excerpt":{"rendered":"<p>Description Le gril portatif rouge TravelQ 285 au propane de Napoleon \u00e9tablit une nouvelle norme d\u2019excellence. Ne vous laissez pas avoir par sa petite taille : il offre une surface de cuisson totale de 285 po\u00b2, assez pour 18 gros hamburgers, ou deux petits poulets ou r\u00f4tis gr\u00e2ce au couvercle de haut format en fonte [&hellip;]<\/p>\n","protected":false},"featured_media":51617,"template":"","meta":{"inline_featured_image":false},"product_brand":[1316],"product_cat":[113,114],"product_tag":[],"class_list":{"0":"post-51614","1":"product","2":"type-product","3":"status-publish","4":"has-post-thumbnail","6":"product_brand-bbq-napoleon","7":"product_cat-bbq-produits-exterieurs","8":"product_cat-bbq-au-gaz","10":"first","11":"instock","12":"taxable","13":"shipping-taxable","14":"purchasable","15":"product-type-simple"},"yoast_head":"<!-- This site is optimized with the Yoast SEO Premium plugin v24.2 (Yoast SEO v24.2) - https:\/\/yoast.com\/wordpress\/plugins\/seo\/ -->\n<title>BBQ Portatif au Gaz TravelQ\u1d39\u1d30 285 de Napoleon - Groupe BelleFlamme<\/title>\n<meta name=\"description\" content=\"BBQ Portatif au Gaz TravelQ\u1d39\u1d30 285 de Napoleon vendu et install\u00e9 par le Groupe Belleflamme. Laval, Montr\u00e9al, Gatineau et Saint-Sauveur.\" \/>\n<meta name=\"robots\" content=\"index, follow, max-snippet:-1, max-image-preview:large, max-video-preview:-1\" \/>\n<link rel=\"canonical\" href=\"https:\/\/staging.belleflamme.ca\/fr\/produit\/bbq-portatif-au-gaz-travelq%e1%b4%b9%e1%b4%b0-285-de-napoleon\/\" \/>\n<meta property=\"og:locale\" content=\"fr_FR\" \/>\n<meta property=\"og:type\" content=\"article\" \/>\n<meta property=\"og:title\" content=\"BBQ Portatif au Gaz TravelQ\u1d39\u1d30 285 de Napoleon\" \/>\n<meta property=\"og:description\" content=\"BBQ Portatif au Gaz TravelQ\u1d39\u1d30 285 de Napoleon vendu et install\u00e9 par le Groupe Belleflamme. Laval, Montr\u00e9al, Gatineau et Saint-Sauveur.\" \/>\n<meta property=\"og:url\" content=\"https:\/\/staging.belleflamme.ca\/fr\/produit\/bbq-portatif-au-gaz-travelq%e1%b4%b9%e1%b4%b0-285-de-napoleon\/\" \/>\n<meta property=\"og:site_name\" content=\"Groupe BelleFlamme\" \/>\n<meta property=\"article:publisher\" content=\"https:\/\/www.facebook.com\/belleflamme.ca\/\" \/>\n<meta property=\"article:modified_time\" content=\"2025-02-27T20:37:03+00:00\" \/>\n<meta property=\"og:image\" content=\"https:\/\/www.belleflamme.ca\/wp-content\/uploads\/2025\/02\/BBQ-Portatif-au-Gaz-TravelQ\u1d39\u1d30-285-de-Napoleon.webp\" \/>\n\t<meta property=\"og:image:width\" content=\"1000\" \/>\n\t<meta property=\"og:image:height\" content=\"1000\" \/>\n\t<meta property=\"og:image:type\" content=\"image\/webp\" \/>\n<meta name=\"twitter:card\" content=\"summary_large_image\" \/>\n<meta name=\"twitter:label1\" content=\"Prix\" \/>\n\t<meta name=\"twitter:data1\" content=\"&#036;329.00\" \/>\n\t<meta name=\"twitter:label2\" content=\"Disponibilit\u00e9\" \/>\n\t<meta name=\"twitter:data2\" content=\"En stock\" \/>\n<script type=\"application\/ld+json\" class=\"yoast-schema-graph\">{\"@context\":\"https:\/\/schema.org\",\"@graph\":[{\"@type\":[\"WebPage\",\"ItemPage\"],\"@id\":\"https:\/\/staging.belleflamme.ca\/fr\/produit\/bbq-portatif-au-gaz-travelq%e1%b4%b9%e1%b4%b0-285-de-napoleon\/\",\"url\":\"https:\/\/staging.belleflamme.ca\/fr\/produit\/bbq-portatif-au-gaz-travelq%e1%b4%b9%e1%b4%b0-285-de-napoleon\/\",\"name\":\"BBQ Portatif au Gaz TravelQ\u1d39\u1d30 285 de Napoleon - Groupe BelleFlamme\",\"isPartOf\":{\"@id\":\"https:\/\/www.belleflamme.ca\/fr\/#website\"},\"primaryImageOfPage\":{\"@id\":\"https:\/\/staging.belleflamme.ca\/fr\/produit\/bbq-portatif-au-gaz-travelq%e1%b4%b9%e1%b4%b0-285-de-napoleon\/#primaryimage\"},\"image\":{\"@id\":\"https:\/\/staging.belleflamme.ca\/fr\/produit\/bbq-portatif-au-gaz-travelq%e1%b4%b9%e1%b4%b0-285-de-napoleon\/#primaryimage\"},\"thumbnailUrl\":\"https:\/\/staging.belleflamme.ca\/wp-content\/uploads\/2025\/02\/BBQ-Portatif-au-Gaz-TravelQ\u1d39\u1d30-285-de-Napoleon.webp\",\"datePublished\":\"2025-02-27T20:33:49+00:00\",\"dateModified\":\"2025-02-27T20:37:03+00:00\",\"description\":\"BBQ Portatif au Gaz TravelQ\u1d39\u1d30 285 de Napoleon vendu et install\u00e9 par le Groupe Belleflamme. Laval, Montr\u00e9al, Gatineau et Saint-Sauveur.\",\"breadcrumb\":{\"@id\":\"https:\/\/staging.belleflamme.ca\/fr\/produit\/bbq-portatif-au-gaz-travelq%e1%b4%b9%e1%b4%b0-285-de-napoleon\/#breadcrumb\"},\"inLanguage\":\"fr-FR\",\"potentialAction\":[{\"@type\":\"ReadAction\",\"target\":[\"https:\/\/staging.belleflamme.ca\/fr\/produit\/bbq-portatif-au-gaz-travelq%e1%b4%b9%e1%b4%b0-285-de-napoleon\/\"]}]},{\"@type\":\"ImageObject\",\"inLanguage\":\"fr-FR\",\"@id\":\"https:\/\/staging.belleflamme.ca\/fr\/produit\/bbq-portatif-au-gaz-travelq%e1%b4%b9%e1%b4%b0-285-de-napoleon\/#primaryimage\",\"url\":\"https:\/\/staging.belleflamme.ca\/wp-content\/uploads\/2025\/02\/BBQ-Portatif-au-Gaz-TravelQ\u1d39\u1d30-285-de-Napoleon.webp\",\"contentUrl\":\"https:\/\/staging.belleflamme.ca\/wp-content\/uploads\/2025\/02\/BBQ-Portatif-au-Gaz-TravelQ\u1d39\u1d30-285-de-Napoleon.webp\",\"width\":1000,\"height\":1000,\"caption\":\"BBQ Portatif au Gaz TravelQ\u1d39\u1d30 285 de Napoleon\"},{\"@type\":\"BreadcrumbList\",\"@id\":\"https:\/\/staging.belleflamme.ca\/fr\/produit\/bbq-portatif-au-gaz-travelq%e1%b4%b9%e1%b4%b0-285-de-napoleon\/#breadcrumb\",\"itemListElement\":[{\"@type\":\"ListItem\",\"position\":1,\"name\":\"Accueil\",\"item\":\"https:\/\/www.belleflamme.ca\/fr\/\"},{\"@type\":\"ListItem\",\"position\":2,\"name\":\"Boutique\",\"item\":\"https:\/\/www.belleflamme.ca\/fr\/boutique\/\"},{\"@type\":\"ListItem\",\"position\":3,\"name\":\"BBQ &amp; Produits Ext\u00e9rieurs\",\"item\":\"https:\/\/staging.belleflamme.ca\/fr\/categories\/bbq-produits-exterieurs\/\"},{\"@type\":\"ListItem\",\"position\":4,\"name\":\"BBQ au Gaz\",\"item\":\"https:\/\/staging.belleflamme.ca\/fr\/categories\/bbq-produits-exterieurs\/bbq-au-gaz\/\"},{\"@type\":\"ListItem\",\"position\":5,\"name\":\"BBQ Portatif au Gaz TravelQ\u1d39\u1d30 285 de Napoleon\"}]},{\"@type\":\"WebSite\",\"@id\":\"https:\/\/www.belleflamme.ca\/fr\/#website\",\"url\":\"https:\/\/www.belleflamme.ca\/fr\/\",\"name\":\"Groupe Belleflamme\",\"description\":\"La m\u00e9canique du b\u00e2timent dans le sang.\",\"publisher\":{\"@id\":\"https:\/\/www.belleflamme.ca\/fr\/#organization\"},\"potentialAction\":[{\"@type\":\"SearchAction\",\"target\":{\"@type\":\"EntryPoint\",\"urlTemplate\":\"https:\/\/www.belleflamme.ca\/fr\/?s={search_term_string}\"},\"query-input\":{\"@type\":\"PropertyValueSpecification\",\"valueRequired\":true,\"valueName\":\"search_term_string\"}}],\"inLanguage\":\"fr-FR\"},{\"@type\":[\"Organization\",\"Place\"],\"@id\":\"https:\/\/www.belleflamme.ca\/fr\/#organization\",\"name\":\"Groupe Belleflamme\",\"alternateName\":\"Belleflamme\",\"url\":\"https:\/\/www.belleflamme.ca\/fr\/\",\"logo\":{\"@type\":\"ImageObject\",\"inLanguage\":\"fr-FR\",\"@id\":\"https:\/\/www.belleflamme.ca\/fr\/#\/schema\/logo\/image\/\",\"url\":\"https:\/\/staging.belleflamme.ca\/wp-content\/uploads\/2023\/01\/og-image.jpg\",\"contentUrl\":\"https:\/\/staging.belleflamme.ca\/wp-content\/uploads\/2023\/01\/og-image.jpg\",\"width\":1200,\"height\":630,\"caption\":\"Groupe Belleflamme\"},\"image\":{\"@id\":\"https:\/\/www.belleflamme.ca\/fr\/#\/schema\/logo\/image\/\"},\"sameAs\":[\"https:\/\/www.facebook.com\/belleflamme.ca\/\",\"https:\/\/www.linkedin.com\/company\/belleflamme\/\",\"https:\/\/www.pinterest.ca\/groupebelleflamme\/\",\"https:\/\/www.instagram.com\/legroupebelleflamme\/\"],\"mainEntityOfPage\":{\"@id\":\"https:\/\/staging.belleflamme.ca\/fr\/produit\/bbq-portatif-au-gaz-travelq%e1%b4%b9%e1%b4%b0-285-de-napoleon\/\"}}]}<\/script>\n<meta property=\"product:brand\" content=\"BBQ Napoleon\" \/>\n<meta property=\"product:price:amount\" content=\"329.00\" \/>\n<meta property=\"product:price:currency\" content=\"CAD\" \/>\n<meta property=\"og:availability\" content=\"instock\" \/>\n<meta property=\"product:availability\" content=\"instock\" \/>\n<meta property=\"product:retailer_item_id\" content=\"TQ285-RD-1-A\" \/>\n<meta property=\"product:condition\" content=\"new\" \/>\n<!-- \/ Yoast SEO Premium plugin. -->","yoast_head_json":{"title":"BBQ Portatif au Gaz TravelQ\u1d39\u1d30 285 de Napoleon - Groupe BelleFlamme","description":"BBQ Portatif au Gaz TravelQ\u1d39\u1d30 285 de Napoleon vendu et install\u00e9 par le Groupe Belleflamme. Laval, Montr\u00e9al, Gatineau et Saint-Sauveur.","robots":{"index":"index","follow":"follow","max-snippet":"max-snippet:-1","max-image-preview":"max-image-preview:large","max-video-preview":"max-video-preview:-1"},"canonical":"https:\/\/staging.belleflamme.ca\/fr\/produit\/bbq-portatif-au-gaz-travelq%e1%b4%b9%e1%b4%b0-285-de-napoleon\/","og_locale":"fr_FR","og_type":"article","og_title":"BBQ Portatif au Gaz TravelQ\u1d39\u1d30 285 de Napoleon","og_description":"BBQ Portatif au Gaz TravelQ\u1d39\u1d30 285 de Napoleon vendu et install\u00e9 par le Groupe Belleflamme. Laval, Montr\u00e9al, Gatineau et Saint-Sauveur.","og_url":"https:\/\/staging.belleflamme.ca\/fr\/produit\/bbq-portatif-au-gaz-travelq%e1%b4%b9%e1%b4%b0-285-de-napoleon\/","og_site_name":"Groupe BelleFlamme","article_publisher":"https:\/\/www.facebook.com\/belleflamme.ca\/","article_modified_time":"2025-02-27T20:37:03+00:00","og_image":[{"width":1000,"height":1000,"url":"https:\/\/www.belleflamme.ca\/wp-content\/uploads\/2025\/02\/BBQ-Portatif-au-Gaz-TravelQ\u1d39\u1d30-285-de-Napoleon.webp","type":"image\/webp"}],"twitter_card":"summary_large_image","twitter_misc":{"Prix":"&#36;329.00","Disponibilit\u00e9":"En stock"},"schema":{"@context":"https:\/\/schema.org","@graph":[{"@type":["WebPage","ItemPage"],"@id":"https:\/\/staging.belleflamme.ca\/fr\/produit\/bbq-portatif-au-gaz-travelq%e1%b4%b9%e1%b4%b0-285-de-napoleon\/","url":"https:\/\/staging.belleflamme.ca\/fr\/produit\/bbq-portatif-au-gaz-travelq%e1%b4%b9%e1%b4%b0-285-de-napoleon\/","name":"BBQ Portatif au Gaz TravelQ\u1d39\u1d30 285 de Napoleon - Groupe BelleFlamme","isPartOf":{"@id":"https:\/\/www.belleflamme.ca\/fr\/#website"},"primaryImageOfPage":{"@id":"https:\/\/staging.belleflamme.ca\/fr\/produit\/bbq-portatif-au-gaz-travelq%e1%b4%b9%e1%b4%b0-285-de-napoleon\/#primaryimage"},"image":{"@id":"https:\/\/staging.belleflamme.ca\/fr\/produit\/bbq-portatif-au-gaz-travelq%e1%b4%b9%e1%b4%b0-285-de-napoleon\/#primaryimage"},"thumbnailUrl":"https:\/\/staging.belleflamme.ca\/wp-content\/uploads\/2025\/02\/BBQ-Portatif-au-Gaz-TravelQ\u1d39\u1d30-285-de-Napoleon.webp","datePublished":"2025-02-27T20:33:49+00:00","dateModified":"2025-02-27T20:37:03+00:00","description":"BBQ Portatif au Gaz TravelQ\u1d39\u1d30 285 de Napoleon vendu et install\u00e9 par le Groupe Belleflamme. Laval, Montr\u00e9al, Gatineau et Saint-Sauveur.","breadcrumb":{"@id":"https:\/\/staging.belleflamme.ca\/fr\/produit\/bbq-portatif-au-gaz-travelq%e1%b4%b9%e1%b4%b0-285-de-napoleon\/#breadcrumb"},"inLanguage":"fr-FR","potentialAction":[{"@type":"ReadAction","target":["https:\/\/staging.belleflamme.ca\/fr\/produit\/bbq-portatif-au-gaz-travelq%e1%b4%b9%e1%b4%b0-285-de-napoleon\/"]}]},{"@type":"ImageObject","inLanguage":"fr-FR","@id":"https:\/\/staging.belleflamme.ca\/fr\/produit\/bbq-portatif-au-gaz-travelq%e1%b4%b9%e1%b4%b0-285-de-napoleon\/#primaryimage","url":"https:\/\/staging.belleflamme.ca\/wp-content\/uploads\/2025\/02\/BBQ-Portatif-au-Gaz-TravelQ\u1d39\u1d30-285-de-Napoleon.webp","contentUrl":"https:\/\/staging.belleflamme.ca\/wp-content\/uploads\/2025\/02\/BBQ-Portatif-au-Gaz-TravelQ\u1d39\u1d30-285-de-Napoleon.webp","width":1000,"height":1000,"caption":"BBQ Portatif au Gaz TravelQ\u1d39\u1d30 285 de Napoleon"},{"@type":"BreadcrumbList","@id":"https:\/\/staging.belleflamme.ca\/fr\/produit\/bbq-portatif-au-gaz-travelq%e1%b4%b9%e1%b4%b0-285-de-napoleon\/#breadcrumb","itemListElement":[{"@type":"ListItem","position":1,"name":"Accueil","item":"https:\/\/www.belleflamme.ca\/fr\/"},{"@type":"ListItem","position":2,"name":"Boutique","item":"https:\/\/www.belleflamme.ca\/fr\/boutique\/"},{"@type":"ListItem","position":3,"name":"BBQ &amp; Produits Ext\u00e9rieurs","item":"https:\/\/staging.belleflamme.ca\/fr\/categories\/bbq-produits-exterieurs\/"},{"@type":"ListItem","position":4,"name":"BBQ au Gaz","item":"https:\/\/staging.belleflamme.ca\/fr\/categories\/bbq-produits-exterieurs\/bbq-au-gaz\/"},{"@type":"ListItem","position":5,"name":"BBQ Portatif au Gaz TravelQ\u1d39\u1d30 285 de Napoleon"}]},{"@type":"WebSite","@id":"https:\/\/www.belleflamme.ca\/fr\/#website","url":"https:\/\/www.belleflamme.ca\/fr\/","name":"Groupe Belleflamme","description":"La m\u00e9canique du b\u00e2timent dans le sang.","publisher":{"@id":"https:\/\/www.belleflamme.ca\/fr\/#organization"},"potentialAction":[{"@type":"SearchAction","target":{"@type":"EntryPoint","urlTemplate":"https:\/\/www.belleflamme.ca\/fr\/?s={search_term_string}"},"query-input":{"@type":"PropertyValueSpecification","valueRequired":true,"valueName":"search_term_string"}}],"inLanguage":"fr-FR"},{"@type":["Organization","Place"],"@id":"https:\/\/www.belleflamme.ca\/fr\/#organization","name":"Groupe Belleflamme","alternateName":"Belleflamme","url":"https:\/\/www.belleflamme.ca\/fr\/","logo":{"@type":"ImageObject","inLanguage":"fr-FR","@id":"https:\/\/www.belleflamme.ca\/fr\/#\/schema\/logo\/image\/","url":"https:\/\/staging.belleflamme.ca\/wp-content\/uploads\/2023\/01\/og-image.jpg","contentUrl":"https:\/\/staging.belleflamme.ca\/wp-content\/uploads\/2023\/01\/og-image.jpg","width":1200,"height":630,"caption":"Groupe Belleflamme"},"image":{"@id":"https:\/\/www.belleflamme.ca\/fr\/#\/schema\/logo\/image\/"},"sameAs":["https:\/\/www.facebook.com\/belleflamme.ca\/","https:\/\/www.linkedin.com\/company\/belleflamme\/","https:\/\/www.pinterest.ca\/groupebelleflamme\/","https:\/\/www.instagram.com\/legroupebelleflamme\/"],"mainEntityOfPage":{"@id":"https:\/\/staging.belleflamme.ca\/fr\/produit\/bbq-portatif-au-gaz-travelq%e1%b4%b9%e1%b4%b0-285-de-napoleon\/"}}]},"product_brand":"BBQ Napoleon","product_price_amount":"329.00","product_price_currency":"CAD","og_availability":"instock","product_availability":"instock","product_retailer_item_id":"TQ285-RD-1-A","product_condition":"new"},"_links":{"self":[{"href":"https:\/\/staging.belleflamme.ca\/fr\/wp-json\/wp\/v2\/product\/51614","targetHints":{"allow":["GET"]}}],"collection":[{"href":"https:\/\/staging.belleflamme.ca\/fr\/wp-json\/wp\/v2\/product"}],"about":[{"href":"https:\/\/staging.belleflamme.ca\/fr\/wp-json\/wp\/v2\/types\/product"}],"version-history":[{"count":5,"href":"https:\/\/staging.belleflamme.ca\/fr\/wp-json\/wp\/v2\/product\/51614\/revisions"}],"predecessor-version":[{"id":51628,"href":"https:\/\/staging.belleflamme.ca\/fr\/wp-json\/wp\/v2\/product\/51614\/revisions\/51628"}],"wp:featuredmedia":[{"embeddable":true,"href":"https:\/\/staging.belleflamme.ca\/fr\/wp-json\/wp\/v2\/media\/51617"}],"wp:attachment":[{"href":"https:\/\/staging.belleflamme.ca\/fr\/wp-json\/wp\/v2\/media?parent=51614"}],"wp:term":[{"taxonomy":"product_brand","embeddable":true,"href":"https:\/\/staging.belleflamme.ca\/fr\/wp-json\/wp\/v2\/product_brand?post=51614"},{"taxonomy":"product_cat","embeddable":true,"href":"https:\/\/staging.belleflamme.ca\/fr\/wp-json\/wp\/v2\/product_cat?post=51614"},{"taxonomy":"product_tag","embeddable":true,"href":"https:\/\/staging.belleflamme.ca\/fr\/wp-json\/wp\/v2\/product_tag?post=51614"}],"curies":[{"name":"wp","href":"https:\/\/api.w.org\/{rel}","templated":true}]}}