{"id":51559,"date":"2025-02-27T14:44:32","date_gmt":"2025-02-27T19:44:32","guid":{"rendered":"https:\/\/www.belleflamme.ca\/?post_type=product&#038;p=51559"},"modified":"2025-02-27T14:48:05","modified_gmt":"2025-02-27T19:48:05","slug":"bruleur-au-gaz-avec-plaque-de-cuisson-integree-de-napoleon","status":"publish","type":"product","link":"https:\/\/staging.belleflamme.ca\/fr\/produit\/bruleur-au-gaz-avec-plaque-de-cuisson-integree-de-napoleon\/","title":{"rendered":"Br\u00fbleur au gaz avec plaque de cuisson int\u00e9gr\u00e9e de Napoleon"},"content":{"rendered":"\t\t<div data-elementor-type=\"product-post\" data-elementor-id=\"51559\" class=\"elementor elementor-51559\" data-elementor-post-type=\"product\">\n\t\t\t\t\t\t<section class=\"elementor-section elementor-top-section elementor-element elementor-element-603e3af elementor-section-boxed elementor-section-height-default elementor-section-height-default\" data-id=\"603e3af\" data-element_type=\"section\">\n\t\t\t\t\t\t<div class=\"elementor-container elementor-column-gap-default\">\n\t\t\t\t\t<div class=\"elementor-column elementor-col-100 elementor-top-column elementor-element elementor-element-55ed0305\" data-id=\"55ed0305\" data-element_type=\"column\">\n\t\t\t<div class=\"elementor-widget-wrap elementor-element-populated\">\n\t\t\t\t\t\t<div class=\"elementor-element elementor-element-30d4a7fc elementor-widget elementor-widget-text-editor\" data-id=\"30d4a7fc\" data-element_type=\"widget\" data-widget_type=\"text-editor.default\">\n\t\t\t\t<div class=\"elementor-widget-container\">\n\t\t\t\t\t\t\t\t\t<div class=\"field product-description show-more-container tab-item tab-on\">\r\n<h3 class=\"title hide-item-on-mobile\">Description<\/h3>\r\n<div class=\"inner-wrapper open\" data-max-height=\"360px\" data-fade=\"true\" data-height=\"468px\">\r\n<div class=\"clearfix text-formatted field field--name-body field--type-text-with-summary field--label-hidden field__item\">\r\n\r\nTransformez votre cuisine en plein air avec notre br\u00fbleur dot\u00e9 d&#8217;une plaque de cuisson int\u00e9gr\u00e9e. Fabriqu\u00e9 en acier inoxydable 304 de qualit\u00e9, ce br\u00fbleur est dot\u00e9 d&#8217;une plaque de cuisson robuste en acier inoxydable 430 et d&#8217;un couvercle amovible pratique. L&#8217;allumage se fait sans effort gr\u00e2ce au syst\u00e8me d&#8217;allumage int\u00e9gr\u00e9 \u00e0 une touche. Pour plus de s\u00e9curit\u00e9, les boutons de commande SafetyGlow avec d\u00e9tecteur de flamme deviennent rouges lorsque le gaz est allum\u00e9 et clignotent si la flamme s&#8217;\u00e9teint. L&#8217;installation est simple, avec un gabarit standard de 32 pouces. Les deux br\u00fbleurs en acier inoxydable en forme de U garantissent une r\u00e9partition uniforme de la chaleur et des r\u00e9sultats de cuisson exceptionnels. Le syst\u00e8me de commande de chaleur \u00e0 deux zones permet de contr\u00f4ler la temp\u00e9rature avec pr\u00e9cision, ce qui est parfait pour pr\u00e9parer plusieurs plats \u00e0 la fois. Grillez jusqu\u2019\u00e0 28 hamburgers en m\u00eame temps sur cette grande surface de cuisson. Le nettoyage est simple gr\u00e2ce au syst\u00e8me de r\u00e9cup\u00e9ration de la graisse accessible par l&#8217;avant qui comprend un plateau d&#8217;\u00e9gouttement facile \u00e0 retirer et un outil de raclage int\u00e9gr\u00e9.\r\n\r\n<\/div>\r\n<\/div>\r\n<\/div>\r\n<div class=\"field product-features show-more-container tab-item\">\r\n<h3 class=\"title hide-item-on-mobile\">Caract\u00e9ristiques<\/h3>\r\n<div class=\"inner-wrapper open\" data-max-height=\"360px\" data-fade=\"true\" data-height=\"448px\">\r\n<div class=\"clearfix text-formatted field field--name-field-summary-features field--type-text field--label-hidden field__items\">\r\n<div class=\"field__item\">24\u00a0000\u00a0BTU<\/div>\r\n<div class=\"field__item\">2\u00a0br\u00fbleurs en\u00a0forme de U en acier inoxydable<\/div>\r\n<div class=\"field__item\">Surface de cuisson totale de 500\u00a0po\u00b2<\/div>\r\n<div class=\"field__item\">Surface de cuisson principale de 29,5 po x 17 po<\/div>\r\n<div class=\"field__item\">Plaque de cuisson en acier inoxydable de qualit\u00e9 sup\u00e9rieure de 5 mm<\/div>\r\n<div class=\"field__item\">Boutons de commande SafetyGlow<\/div>\r\n<div class=\"field__item\">Allumage \u00e9lectronique int\u00e9gr\u00e9<\/div>\r\n<div class=\"field__item\">Couvercle amovible pratique<\/div>\r\n<div class=\"field__item\">Les boutons de commande clignotent en rouge si la flamme s&#8217;\u00e9teint alors que le gaz est allum\u00e9<\/div>\r\n<div class=\"field__item\">Meilleures performances de cuisson de sa cat\u00e9gorie\u00a0&#8211; Chaleur uniforme et r\u00e9chauffement rapide<\/div>\r\n<div class=\"field__item\">Surface de cuisson \u00e0 deux zones<\/div>\r\n<div class=\"field__item\">Convient pour 28\u00a0hamburgers<\/div>\r\n<div class=\"field__item\">Syst\u00e8me simple de r\u00e9cup\u00e9ration de la graisse<\/div>\r\n<div class=\"field__item\">Compatible avec le gril encastr\u00e9 BIG32<\/div>\r\n<\/div>\r\n<\/div>\r\n<\/div>\r\n<div><\/div>\r\n<div><\/div>\r\n<div>\r\n<table class=\"specification-table\">\r\n<tbody>\r\n<tr>\r\n<th>Garantie<\/th>\r\n<td>Garantie \u00e0 vie limit\u00e9e<sup>*<\/sup><\/td>\r\n<\/tr>\r\n<tr>\r\n<th>Type de carburant<\/th>\r\n<td>Propane et Gaz Naturel<\/td>\r\n<\/tr>\r\n<tr>\r\n<th>D\u00e9bit de chaleur<\/th>\r\n<td>24 000 BTU (7 kW)<\/td>\r\n<\/tr>\r\n<tr>\r\n<th>Surface de cuisson principale<\/th>\r\n<td>29.5 x 17 in (75 x 43 cm) \u00a0|\u00a0 28 hamburgers<\/td>\r\n<\/tr>\r\n<tr>\r\n<th>Surface de cuisson totale<\/th>\r\n<td>500 sq.in (3 225 cm\u00b2)<\/td>\r\n<\/tr>\r\n<tr>\r\n<th>R\u00f4tissoire incluse<\/th>\r\n<td>Non<\/td>\r\n<\/tr>\r\n<tr>\r\n<th>Hauteur<\/th>\r\n<td>16,50 in (41 cm) \u00a0|\u00a0 35,25 in (90 cm) avec le couvercle ouvert<\/td>\r\n<\/tr>\r\n<tr>\r\n<th>Largeur<\/th>\r\n<td>33,50 in (86 cm)<\/td>\r\n<\/tr>\r\n<tr>\r\n<th>Profondeur<\/th>\r\n<td>26 in (63 cm)<\/td>\r\n<\/tr>\r\n<tr>\r\n<th>Hauteur de la bo\u00eete<\/th>\r\n<td>19,50 in (49,53 cm)<\/td>\r\n<\/tr>\r\n<tr>\r\n<th>Largeur de la bo\u00eete<\/th>\r\n<td>29,64 in (75,29 cm)<\/td>\r\n<\/tr>\r\n<tr>\r\n<th>Profondeur de la bo\u00eete<\/th>\r\n<td>37,05 in (94,11 cm)<\/td>\r\n<\/tr>\r\n<tr>\r\n<th>Poids de la bo\u00eete<\/th>\r\n<td>108 lbs. (48,98 kg)<\/td>\r\n<\/tr>\r\n<\/tbody>\r\n<\/table>\r\n<\/div>\r\n<img fetchpriority=\"high\" decoding=\"async\" class=\"\" src=\"https:\/\/www.napoleon.com\/sites\/default\/files\/products\/BIG32FTPSS-dims-in%201.jpg\" width=\"472\" height=\"472\" \/>\t\t\t\t\t\t\t\t<\/div>\n\t\t\t\t<\/div>\n\t\t\t\t\t<\/div>\n\t\t<\/div>\n\t\t\t\t\t<\/div>\n\t\t<\/section>\n\t\t\t\t<section class=\"elementor-section elementor-top-section elementor-element elementor-element-66058a4 elementor-section-boxed elementor-section-height-default elementor-section-height-default\" data-id=\"66058a4\" data-element_type=\"section\">\n\t\t\t\t\t\t<div class=\"elementor-container elementor-column-gap-default\">\n\t\t\t\t\t<div class=\"elementor-column elementor-col-100 elementor-top-column elementor-element elementor-element-07766a5\" data-id=\"07766a5\" data-element_type=\"column\">\n\t\t\t<div class=\"elementor-widget-wrap elementor-element-populated\">\n\t\t\t\t\t\t<div class=\"elementor-element elementor-element-8664bc2 elementor-tabs-view-horizontal elementor-widget elementor-widget-tabs\" data-id=\"8664bc2\" data-element_type=\"widget\" data-widget_type=\"tabs.default\">\n\t\t\t\t<div class=\"elementor-widget-container\">\n\t\t\t\t\t\t\t<div class=\"elementor-tabs\">\n\t\t\t<div class=\"elementor-tabs-wrapper\" role=\"tablist\" >\n\t\t\t\t\t\t\t\t\t<div id=\"elementor-tab-title-1401\" class=\"elementor-tab-title elementor-tab-desktop-title\" aria-selected=\"true\" data-tab=\"1\" role=\"tab\" tabindex=\"0\" aria-controls=\"elementor-tab-content-1401\" aria-expanded=\"false\">Fichiers<\/div>\n\t\t\t\t\t\t\t<\/div>\n\t\t\t<div class=\"elementor-tabs-content-wrapper\" role=\"tablist\" aria-orientation=\"vertical\">\n\t\t\t\t\t\t\t\t\t<div class=\"elementor-tab-title elementor-tab-mobile-title\" aria-selected=\"true\" data-tab=\"1\" role=\"tab\" tabindex=\"0\" aria-controls=\"elementor-tab-content-1401\" aria-expanded=\"false\">Fichiers<\/div>\n\t\t\t\t\t<div id=\"elementor-tab-content-1401\" class=\"elementor-tab-content elementor-clearfix\" data-tab=\"1\" role=\"tabpanel\" aria-labelledby=\"elementor-tab-title-1401\" tabindex=\"0\" hidden=\"false\"><i class=\"far fa-file-pdf fa-xl\" style=\"font-size:35px\"><\/i><a href=\"https:\/\/www.belleflamme.ca\/wp-content\/uploads\/2025\/02\/N415-0804_-1.pdf\"> Manuel<\/a><\/br><\/div>\n\t\t\t\t\t\t\t<\/div>\n\t\t<\/div>\n\t\t\t\t\t\t<\/div>\n\t\t\t\t<\/div>\n\t\t\t\t\t<\/div>\n\t\t<\/div>\n\t\t\t\t\t<\/div>\n\t\t<\/section>\n\t\t\t\t<\/div>\n\t\t","protected":false},"excerpt":{"rendered":"<p>Description Transformez votre cuisine en plein air avec notre br\u00fbleur dot\u00e9 d&#8217;une plaque de cuisson int\u00e9gr\u00e9e. Fabriqu\u00e9 en acier inoxydable 304 de qualit\u00e9, ce br\u00fbleur est dot\u00e9 d&#8217;une plaque de cuisson robuste en acier inoxydable 430 et d&#8217;un couvercle amovible pratique. L&#8217;allumage se fait sans effort gr\u00e2ce au syst\u00e8me d&#8217;allumage int\u00e9gr\u00e9 \u00e0 une touche. Pour [&hellip;]<\/p>\n","protected":false},"featured_media":51560,"template":"","meta":{"inline_featured_image":false},"product_brand":[1316],"product_cat":[113,351,116],"product_tag":[],"class_list":{"0":"post-51559","1":"product","2":"type-product","3":"status-publish","4":"has-post-thumbnail","6":"product_brand-bbq-napoleon","7":"product_cat-bbq-produits-exterieurs","8":"product_cat-bbq-exterieurs","9":"product_cat-cuisine-exterieure","11":"first","12":"instock","13":"taxable","14":"shipping-taxable","15":"purchasable","16":"product-type-variable"},"yoast_head":"<!-- This site is optimized with the Yoast SEO Premium plugin v24.2 (Yoast SEO v24.2) - https:\/\/yoast.com\/wordpress\/plugins\/seo\/ -->\n<title>Br\u00fbleur au gaz avec plaque de cuisson int\u00e9gr\u00e9e de Napoleon - Groupe BelleFlamme<\/title>\n<meta name=\"description\" content=\"Br\u00fbleur au gaz avec plaque de cuisson int\u00e9gr\u00e9e de Napoleon vendu et install\u00e9 par le Groupe Belleflamme. Laval, Montr\u00e9al, Gatineau et Saint-Sauveur.\" \/>\n<meta name=\"robots\" content=\"index, follow, max-snippet:-1, max-image-preview:large, max-video-preview:-1\" \/>\n<link rel=\"canonical\" href=\"https:\/\/staging.belleflamme.ca\/fr\/produit\/bruleur-au-gaz-avec-plaque-de-cuisson-integree-de-napoleon\/\" \/>\n<meta property=\"og:locale\" content=\"fr_FR\" \/>\n<meta property=\"og:type\" content=\"article\" \/>\n<meta property=\"og:title\" content=\"Br\u00fbleur au gaz avec plaque de cuisson int\u00e9gr\u00e9e de Napoleon\" \/>\n<meta property=\"og:description\" content=\"Br\u00fbleur au gaz avec plaque de cuisson int\u00e9gr\u00e9e de Napoleon vendu et install\u00e9 par le Groupe Belleflamme. Laval, Montr\u00e9al, Gatineau et Saint-Sauveur.\" \/>\n<meta property=\"og:url\" content=\"https:\/\/staging.belleflamme.ca\/fr\/produit\/bruleur-au-gaz-avec-plaque-de-cuisson-integree-de-napoleon\/\" \/>\n<meta property=\"og:site_name\" content=\"Groupe BelleFlamme\" \/>\n<meta property=\"article:publisher\" content=\"https:\/\/www.facebook.com\/belleflamme.ca\/\" \/>\n<meta property=\"article:modified_time\" content=\"2025-02-27T19:48:05+00:00\" \/>\n<meta property=\"og:image\" content=\"https:\/\/www.belleflamme.ca\/wp-content\/uploads\/2025\/02\/Bruleur-au-gaz-avec-plaque-de-cuisson-integree-de-Napoleon.webp\" \/>\n\t<meta property=\"og:image:width\" content=\"1000\" \/>\n\t<meta property=\"og:image:height\" content=\"1000\" \/>\n\t<meta property=\"og:image:type\" content=\"image\/webp\" \/>\n<meta name=\"twitter:card\" content=\"summary_large_image\" \/>\n<meta name=\"twitter:label1\" content=\"Disponibilit\u00e9\" \/>\n\t<meta name=\"twitter:data1\" content=\"En stock\" \/>\n<script type=\"application\/ld+json\" class=\"yoast-schema-graph\">{\"@context\":\"https:\/\/schema.org\",\"@graph\":[{\"@type\":[\"WebPage\",\"ItemPage\"],\"@id\":\"https:\/\/staging.belleflamme.ca\/fr\/produit\/bruleur-au-gaz-avec-plaque-de-cuisson-integree-de-napoleon\/\",\"url\":\"https:\/\/staging.belleflamme.ca\/fr\/produit\/bruleur-au-gaz-avec-plaque-de-cuisson-integree-de-napoleon\/\",\"name\":\"Br\u00fbleur au gaz avec plaque de cuisson int\u00e9gr\u00e9e de Napoleon - Groupe BelleFlamme\",\"isPartOf\":{\"@id\":\"https:\/\/www.belleflamme.ca\/fr\/#website\"},\"primaryImageOfPage\":{\"@id\":\"https:\/\/staging.belleflamme.ca\/fr\/produit\/bruleur-au-gaz-avec-plaque-de-cuisson-integree-de-napoleon\/#primaryimage\"},\"image\":{\"@id\":\"https:\/\/staging.belleflamme.ca\/fr\/produit\/bruleur-au-gaz-avec-plaque-de-cuisson-integree-de-napoleon\/#primaryimage\"},\"thumbnailUrl\":\"https:\/\/staging.belleflamme.ca\/wp-content\/uploads\/2025\/02\/Bruleur-au-gaz-avec-plaque-de-cuisson-integree-de-Napoleon.webp\",\"datePublished\":\"2025-02-27T19:44:32+00:00\",\"dateModified\":\"2025-02-27T19:48:05+00:00\",\"description\":\"Br\u00fbleur au gaz avec plaque de cuisson int\u00e9gr\u00e9e de Napoleon vendu et install\u00e9 par le Groupe Belleflamme. Laval, Montr\u00e9al, Gatineau et Saint-Sauveur.\",\"breadcrumb\":{\"@id\":\"https:\/\/staging.belleflamme.ca\/fr\/produit\/bruleur-au-gaz-avec-plaque-de-cuisson-integree-de-napoleon\/#breadcrumb\"},\"inLanguage\":\"fr-FR\",\"potentialAction\":[{\"@type\":\"ReadAction\",\"target\":[\"https:\/\/staging.belleflamme.ca\/fr\/produit\/bruleur-au-gaz-avec-plaque-de-cuisson-integree-de-napoleon\/\"]}]},{\"@type\":\"ImageObject\",\"inLanguage\":\"fr-FR\",\"@id\":\"https:\/\/staging.belleflamme.ca\/fr\/produit\/bruleur-au-gaz-avec-plaque-de-cuisson-integree-de-napoleon\/#primaryimage\",\"url\":\"https:\/\/staging.belleflamme.ca\/wp-content\/uploads\/2025\/02\/Bruleur-au-gaz-avec-plaque-de-cuisson-integree-de-Napoleon.webp\",\"contentUrl\":\"https:\/\/staging.belleflamme.ca\/wp-content\/uploads\/2025\/02\/Bruleur-au-gaz-avec-plaque-de-cuisson-integree-de-Napoleon.webp\",\"width\":1000,\"height\":1000,\"caption\":\"Br\u00fbleur au gaz avec plaque de cuisson int\u00e9gr\u00e9e de Napoleon\"},{\"@type\":\"BreadcrumbList\",\"@id\":\"https:\/\/staging.belleflamme.ca\/fr\/produit\/bruleur-au-gaz-avec-plaque-de-cuisson-integree-de-napoleon\/#breadcrumb\",\"itemListElement\":[{\"@type\":\"ListItem\",\"position\":1,\"name\":\"Accueil\",\"item\":\"https:\/\/www.belleflamme.ca\/fr\/\"},{\"@type\":\"ListItem\",\"position\":2,\"name\":\"Boutique\",\"item\":\"https:\/\/www.belleflamme.ca\/fr\/boutique\/\"},{\"@type\":\"ListItem\",\"position\":3,\"name\":\"BBQ &amp; Produits Ext\u00e9rieurs\",\"item\":\"https:\/\/staging.belleflamme.ca\/fr\/categories\/bbq-produits-exterieurs\/\"},{\"@type\":\"ListItem\",\"position\":4,\"name\":\"Cuisine Ext\u00e9rieure\",\"item\":\"https:\/\/staging.belleflamme.ca\/fr\/categories\/bbq-produits-exterieurs\/cuisine-exterieure\/\"},{\"@type\":\"ListItem\",\"position\":5,\"name\":\"BBQ Ext\u00e9rieurs\",\"item\":\"https:\/\/staging.belleflamme.ca\/fr\/categories\/bbq-produits-exterieurs\/cuisine-exterieure\/bbq-exterieurs\/\"},{\"@type\":\"ListItem\",\"position\":6,\"name\":\"Br\u00fbleur au gaz avec plaque de cuisson int\u00e9gr\u00e9e de Napoleon\"}]},{\"@type\":\"WebSite\",\"@id\":\"https:\/\/www.belleflamme.ca\/fr\/#website\",\"url\":\"https:\/\/www.belleflamme.ca\/fr\/\",\"name\":\"Groupe Belleflamme\",\"description\":\"La m\u00e9canique du b\u00e2timent dans le sang.\",\"publisher\":{\"@id\":\"https:\/\/www.belleflamme.ca\/fr\/#organization\"},\"potentialAction\":[{\"@type\":\"SearchAction\",\"target\":{\"@type\":\"EntryPoint\",\"urlTemplate\":\"https:\/\/www.belleflamme.ca\/fr\/?s={search_term_string}\"},\"query-input\":{\"@type\":\"PropertyValueSpecification\",\"valueRequired\":true,\"valueName\":\"search_term_string\"}}],\"inLanguage\":\"fr-FR\"},{\"@type\":[\"Organization\",\"Place\"],\"@id\":\"https:\/\/www.belleflamme.ca\/fr\/#organization\",\"name\":\"Groupe Belleflamme\",\"alternateName\":\"Belleflamme\",\"url\":\"https:\/\/www.belleflamme.ca\/fr\/\",\"logo\":{\"@type\":\"ImageObject\",\"inLanguage\":\"fr-FR\",\"@id\":\"https:\/\/www.belleflamme.ca\/fr\/#\/schema\/logo\/image\/\",\"url\":\"https:\/\/staging.belleflamme.ca\/wp-content\/uploads\/2023\/01\/og-image.jpg\",\"contentUrl\":\"https:\/\/staging.belleflamme.ca\/wp-content\/uploads\/2023\/01\/og-image.jpg\",\"width\":1200,\"height\":630,\"caption\":\"Groupe Belleflamme\"},\"image\":{\"@id\":\"https:\/\/www.belleflamme.ca\/fr\/#\/schema\/logo\/image\/\"},\"sameAs\":[\"https:\/\/www.facebook.com\/belleflamme.ca\/\",\"https:\/\/www.linkedin.com\/company\/belleflamme\/\",\"https:\/\/www.pinterest.ca\/groupebelleflamme\/\",\"https:\/\/www.instagram.com\/legroupebelleflamme\/\"],\"mainEntityOfPage\":{\"@id\":\"https:\/\/staging.belleflamme.ca\/fr\/produit\/bruleur-au-gaz-avec-plaque-de-cuisson-integree-de-napoleon\/\"}}]}<\/script>\n<meta property=\"product:brand\" content=\"BBQ Napoleon\" \/>\n<meta property=\"og:availability\" content=\"instock\" \/>\n<meta property=\"product:availability\" content=\"instock\" \/>\n<meta property=\"product:condition\" content=\"new\" \/>\n<!-- \/ Yoast SEO Premium plugin. -->","yoast_head_json":{"title":"Br\u00fbleur au gaz avec plaque de cuisson int\u00e9gr\u00e9e de Napoleon - Groupe BelleFlamme","description":"Br\u00fbleur au gaz avec plaque de cuisson int\u00e9gr\u00e9e de Napoleon vendu et install\u00e9 par le Groupe Belleflamme. Laval, Montr\u00e9al, Gatineau et Saint-Sauveur.","robots":{"index":"index","follow":"follow","max-snippet":"max-snippet:-1","max-image-preview":"max-image-preview:large","max-video-preview":"max-video-preview:-1"},"canonical":"https:\/\/staging.belleflamme.ca\/fr\/produit\/bruleur-au-gaz-avec-plaque-de-cuisson-integree-de-napoleon\/","og_locale":"fr_FR","og_type":"article","og_title":"Br\u00fbleur au gaz avec plaque de cuisson int\u00e9gr\u00e9e de Napoleon","og_description":"Br\u00fbleur au gaz avec plaque de cuisson int\u00e9gr\u00e9e de Napoleon vendu et install\u00e9 par le Groupe Belleflamme. Laval, Montr\u00e9al, Gatineau et Saint-Sauveur.","og_url":"https:\/\/staging.belleflamme.ca\/fr\/produit\/bruleur-au-gaz-avec-plaque-de-cuisson-integree-de-napoleon\/","og_site_name":"Groupe BelleFlamme","article_publisher":"https:\/\/www.facebook.com\/belleflamme.ca\/","article_modified_time":"2025-02-27T19:48:05+00:00","og_image":[{"width":1000,"height":1000,"url":"https:\/\/www.belleflamme.ca\/wp-content\/uploads\/2025\/02\/Bruleur-au-gaz-avec-plaque-de-cuisson-integree-de-Napoleon.webp","type":"image\/webp"}],"twitter_card":"summary_large_image","twitter_misc":{"Disponibilit\u00e9":"En stock"},"schema":{"@context":"https:\/\/schema.org","@graph":[{"@type":["WebPage","ItemPage"],"@id":"https:\/\/staging.belleflamme.ca\/fr\/produit\/bruleur-au-gaz-avec-plaque-de-cuisson-integree-de-napoleon\/","url":"https:\/\/staging.belleflamme.ca\/fr\/produit\/bruleur-au-gaz-avec-plaque-de-cuisson-integree-de-napoleon\/","name":"Br\u00fbleur au gaz avec plaque de cuisson int\u00e9gr\u00e9e de Napoleon - Groupe BelleFlamme","isPartOf":{"@id":"https:\/\/www.belleflamme.ca\/fr\/#website"},"primaryImageOfPage":{"@id":"https:\/\/staging.belleflamme.ca\/fr\/produit\/bruleur-au-gaz-avec-plaque-de-cuisson-integree-de-napoleon\/#primaryimage"},"image":{"@id":"https:\/\/staging.belleflamme.ca\/fr\/produit\/bruleur-au-gaz-avec-plaque-de-cuisson-integree-de-napoleon\/#primaryimage"},"thumbnailUrl":"https:\/\/staging.belleflamme.ca\/wp-content\/uploads\/2025\/02\/Bruleur-au-gaz-avec-plaque-de-cuisson-integree-de-Napoleon.webp","datePublished":"2025-02-27T19:44:32+00:00","dateModified":"2025-02-27T19:48:05+00:00","description":"Br\u00fbleur au gaz avec plaque de cuisson int\u00e9gr\u00e9e de Napoleon vendu et install\u00e9 par le Groupe Belleflamme. Laval, Montr\u00e9al, Gatineau et Saint-Sauveur.","breadcrumb":{"@id":"https:\/\/staging.belleflamme.ca\/fr\/produit\/bruleur-au-gaz-avec-plaque-de-cuisson-integree-de-napoleon\/#breadcrumb"},"inLanguage":"fr-FR","potentialAction":[{"@type":"ReadAction","target":["https:\/\/staging.belleflamme.ca\/fr\/produit\/bruleur-au-gaz-avec-plaque-de-cuisson-integree-de-napoleon\/"]}]},{"@type":"ImageObject","inLanguage":"fr-FR","@id":"https:\/\/staging.belleflamme.ca\/fr\/produit\/bruleur-au-gaz-avec-plaque-de-cuisson-integree-de-napoleon\/#primaryimage","url":"https:\/\/staging.belleflamme.ca\/wp-content\/uploads\/2025\/02\/Bruleur-au-gaz-avec-plaque-de-cuisson-integree-de-Napoleon.webp","contentUrl":"https:\/\/staging.belleflamme.ca\/wp-content\/uploads\/2025\/02\/Bruleur-au-gaz-avec-plaque-de-cuisson-integree-de-Napoleon.webp","width":1000,"height":1000,"caption":"Br\u00fbleur au gaz avec plaque de cuisson int\u00e9gr\u00e9e de Napoleon"},{"@type":"BreadcrumbList","@id":"https:\/\/staging.belleflamme.ca\/fr\/produit\/bruleur-au-gaz-avec-plaque-de-cuisson-integree-de-napoleon\/#breadcrumb","itemListElement":[{"@type":"ListItem","position":1,"name":"Accueil","item":"https:\/\/www.belleflamme.ca\/fr\/"},{"@type":"ListItem","position":2,"name":"Boutique","item":"https:\/\/www.belleflamme.ca\/fr\/boutique\/"},{"@type":"ListItem","position":3,"name":"BBQ &amp; Produits Ext\u00e9rieurs","item":"https:\/\/staging.belleflamme.ca\/fr\/categories\/bbq-produits-exterieurs\/"},{"@type":"ListItem","position":4,"name":"Cuisine Ext\u00e9rieure","item":"https:\/\/staging.belleflamme.ca\/fr\/categories\/bbq-produits-exterieurs\/cuisine-exterieure\/"},{"@type":"ListItem","position":5,"name":"BBQ Ext\u00e9rieurs","item":"https:\/\/staging.belleflamme.ca\/fr\/categories\/bbq-produits-exterieurs\/cuisine-exterieure\/bbq-exterieurs\/"},{"@type":"ListItem","position":6,"name":"Br\u00fbleur au gaz avec plaque de cuisson int\u00e9gr\u00e9e de Napoleon"}]},{"@type":"WebSite","@id":"https:\/\/www.belleflamme.ca\/fr\/#website","url":"https:\/\/www.belleflamme.ca\/fr\/","name":"Groupe Belleflamme","description":"La m\u00e9canique du b\u00e2timent dans le sang.","publisher":{"@id":"https:\/\/www.belleflamme.ca\/fr\/#organization"},"potentialAction":[{"@type":"SearchAction","target":{"@type":"EntryPoint","urlTemplate":"https:\/\/www.belleflamme.ca\/fr\/?s={search_term_string}"},"query-input":{"@type":"PropertyValueSpecification","valueRequired":true,"valueName":"search_term_string"}}],"inLanguage":"fr-FR"},{"@type":["Organization","Place"],"@id":"https:\/\/www.belleflamme.ca\/fr\/#organization","name":"Groupe Belleflamme","alternateName":"Belleflamme","url":"https:\/\/www.belleflamme.ca\/fr\/","logo":{"@type":"ImageObject","inLanguage":"fr-FR","@id":"https:\/\/www.belleflamme.ca\/fr\/#\/schema\/logo\/image\/","url":"https:\/\/staging.belleflamme.ca\/wp-content\/uploads\/2023\/01\/og-image.jpg","contentUrl":"https:\/\/staging.belleflamme.ca\/wp-content\/uploads\/2023\/01\/og-image.jpg","width":1200,"height":630,"caption":"Groupe Belleflamme"},"image":{"@id":"https:\/\/www.belleflamme.ca\/fr\/#\/schema\/logo\/image\/"},"sameAs":["https:\/\/www.facebook.com\/belleflamme.ca\/","https:\/\/www.linkedin.com\/company\/belleflamme\/","https:\/\/www.pinterest.ca\/groupebelleflamme\/","https:\/\/www.instagram.com\/legroupebelleflamme\/"],"mainEntityOfPage":{"@id":"https:\/\/staging.belleflamme.ca\/fr\/produit\/bruleur-au-gaz-avec-plaque-de-cuisson-integree-de-napoleon\/"}}]},"product_brand":"BBQ Napoleon","og_availability":"instock","product_availability":"instock","product_condition":"new"},"_links":{"self":[{"href":"https:\/\/staging.belleflamme.ca\/fr\/wp-json\/wp\/v2\/product\/51559","targetHints":{"allow":["GET"]}}],"collection":[{"href":"https:\/\/staging.belleflamme.ca\/fr\/wp-json\/wp\/v2\/product"}],"about":[{"href":"https:\/\/staging.belleflamme.ca\/fr\/wp-json\/wp\/v2\/types\/product"}],"version-history":[{"count":5,"href":"https:\/\/staging.belleflamme.ca\/fr\/wp-json\/wp\/v2\/product\/51559\/revisions"}],"predecessor-version":[{"id":51573,"href":"https:\/\/staging.belleflamme.ca\/fr\/wp-json\/wp\/v2\/product\/51559\/revisions\/51573"}],"wp:featuredmedia":[{"embeddable":true,"href":"https:\/\/staging.belleflamme.ca\/fr\/wp-json\/wp\/v2\/media\/51560"}],"wp:attachment":[{"href":"https:\/\/staging.belleflamme.ca\/fr\/wp-json\/wp\/v2\/media?parent=51559"}],"wp:term":[{"taxonomy":"product_brand","embeddable":true,"href":"https:\/\/staging.belleflamme.ca\/fr\/wp-json\/wp\/v2\/product_brand?post=51559"},{"taxonomy":"product_cat","embeddable":true,"href":"https:\/\/staging.belleflamme.ca\/fr\/wp-json\/wp\/v2\/product_cat?post=51559"},{"taxonomy":"product_tag","embeddable":true,"href":"https:\/\/staging.belleflamme.ca\/fr\/wp-json\/wp\/v2\/product_tag?post=51559"}],"curies":[{"name":"wp","href":"https:\/\/api.w.org\/{rel}","templated":true}]}}