{"id":51105,"date":"2025-02-25T16:33:37","date_gmt":"2025-02-25T21:33:37","guid":{"rendered":"https:\/\/www.belleflamme.ca\/?post_type=product&#038;p=51105"},"modified":"2025-02-25T18:20:04","modified_gmt":"2025-02-25T23:20:04","slug":"foyer-electrique-et-encastrable-ue35-de-uptown","status":"publish","type":"product","link":"https:\/\/staging.belleflamme.ca\/fr\/produit\/foyer-electrique-et-encastrable-ue35-de-uptown\/","title":{"rendered":"foyer \u00e9lectrique et Encastrable UE35 de Uptown"},"content":{"rendered":"\t\t<div data-elementor-type=\"product-post\" data-elementor-id=\"51105\" class=\"elementor elementor-51105\" data-elementor-post-type=\"product\">\n\t\t\t\t\t\t<section class=\"elementor-section elementor-top-section elementor-element elementor-element-7e973259 elementor-section-boxed elementor-section-height-default elementor-section-height-default\" data-id=\"7e973259\" data-element_type=\"section\">\n\t\t\t\t\t\t<div class=\"elementor-container elementor-column-gap-default\">\n\t\t\t\t\t<div class=\"elementor-column elementor-col-100 elementor-top-column elementor-element elementor-element-4af7ec24\" data-id=\"4af7ec24\" data-element_type=\"column\">\n\t\t\t<div class=\"elementor-widget-wrap elementor-element-populated\">\n\t\t\t\t\t\t<div class=\"elementor-element elementor-element-7016c050 elementor-widget elementor-widget-text-editor\" data-id=\"7016c050\" data-element_type=\"widget\" data-widget_type=\"text-editor.default\">\n\t\t\t\t<div class=\"elementor-widget-container\">\n\t\t\t\t\t\t\t\t\t<iframe title=\"YouTube video player\" src=\"https:\/\/www.youtube.com\/embed\/P74KiR2rwLY?si=MFDLpehXVLLjnv62\" width=\"560\" height=\"315\" frameborder=\"0\" allowfullscreen=\"allowfullscreen\"><\/iframe>\r\n<div class=\"prodInfo1\">\r\n<h2 class=\"subTitle\">Caract\u00e9ristiques<\/h2>\r\n<ul class=\"featureList\">\r\n \t<li class=\"featureList\">Chauffage 120 V (pr\u00eat pour 240 V).<\/li>\r\n \t<li class=\"featureList\">Bruits de cr\u00e9pitement de feu ambiants<\/li>\r\n \t<li class=\"featureList\">Braises incandescentes<\/li>\r\n \t<li class=\"featureList\">Contr\u00f4le d&#8217;application \/ T\u00e9l\u00e9commande tactile<\/li>\r\n \t<li class=\"featureList\">Design moderne<\/li>\r\n \t<li class=\"featureList\">Grille de feu en acier<\/li>\r\n \t<li class=\"featureList\">Compatible avec les thermostats<\/li>\r\n \t<li class=\"featureList\">Garantie de 3 ans<\/li>\r\n<\/ul>\r\n<\/div>\r\n<div class=\"prodInfo1\">\r\n<h2 class=\"subTitle\">Options<\/h2>\r\n<ul class=\"featureList\">\r\n \t<li class=\"featureList\">Supports de lit de braises disponibles :\r\nSupports de lit de braises en rondins<\/li>\r\n \t<li class=\"featureList\">Ensembles de b\u00fbches disponibles :\r\nWestern Timber<\/li>\r\n \t<li class=\"featureList\">Face\/entourage disponibles :\r\nsurdimensionn\u00e9\r\nr\u00e9gulier (configuration A)\r\nr\u00e9gulier (configuration B)<\/li>\r\n<\/ul>\r\n<\/div>\r\n<div class=\"prodInfo1\">\r\n<h2 class=\"subTitle\">Sp\u00e9cifications<\/h2>\r\n<div><\/div>\r\n<div class=\"prodSpecsRow\">\r\n<div class=\"prodSpecsLeft\">Taille du verre*<\/div>\r\n<div class=\"prodSpecsRight\">41\u00a0<sup>3<\/sup>\u00a0\u2044\u00a0<sub>4<\/sub>\u00a0po L x 22\u00a0<sup>7<\/sup>\u00a0\u2044\u00a0<sub>8<\/sub>\u00a0po H<\/div>\r\n<\/div>\r\n<div class=\"prodSpecsRow\">\r\n<div class=\"prodSpecsLeft\">Dimensions*<\/div>\r\n<div class=\"prodSpecsRight\">36\u00a0<sup>5<\/sup>\u00a0\u2044\u00a0<sub>8<\/sub>\u00a0po L x 26\u00a0<sup>1<\/sup>\u00a0\u2044\u00a0<sub>4<\/sub>\u00a0po H x 12\u00a0<sup>7<\/sup>\u00a0\u2044\u00a0<sub>8<\/sub>\u00a0po P<\/div>\r\n<\/div>\r\n<div>*Arrondi; consultez le manuel ou les guides d&#8217;installation pour des mesures pr\u00e9cises. Les sp\u00e9cifications peuvent varier en fonction des options s\u00e9lectionn\u00e9es.<\/div>\r\n<\/div>\t\t\t\t\t\t\t\t<\/div>\n\t\t\t\t<\/div>\n\t\t\t\t\t<\/div>\n\t\t<\/div>\n\t\t\t\t\t<\/div>\n\t\t<\/section>\n\t\t\t\t<section class=\"elementor-section elementor-top-section elementor-element elementor-element-54967fc elementor-section-boxed elementor-section-height-default elementor-section-height-default\" data-id=\"54967fc\" data-element_type=\"section\">\n\t\t\t\t\t\t<div class=\"elementor-container elementor-column-gap-default\">\n\t\t\t\t\t<div class=\"elementor-column elementor-col-100 elementor-top-column elementor-element elementor-element-3f594fd\" data-id=\"3f594fd\" data-element_type=\"column\">\n\t\t\t<div class=\"elementor-widget-wrap elementor-element-populated\">\n\t\t\t\t\t\t<div class=\"elementor-element elementor-element-165d870 elementor-tabs-view-horizontal elementor-widget elementor-widget-tabs\" data-id=\"165d870\" data-element_type=\"widget\" data-widget_type=\"tabs.default\">\n\t\t\t\t<div class=\"elementor-widget-container\">\n\t\t\t\t\t\t\t<div class=\"elementor-tabs\">\n\t\t\t<div class=\"elementor-tabs-wrapper\" role=\"tablist\" >\n\t\t\t\t\t\t\t\t\t<div id=\"elementor-tab-title-2341\" class=\"elementor-tab-title elementor-tab-desktop-title\" aria-selected=\"true\" data-tab=\"1\" role=\"tab\" tabindex=\"0\" aria-controls=\"elementor-tab-content-2341\" aria-expanded=\"false\">Fichiers<\/div>\n\t\t\t\t\t\t\t<\/div>\n\t\t\t<div class=\"elementor-tabs-content-wrapper\" role=\"tablist\" aria-orientation=\"vertical\">\n\t\t\t\t\t\t\t\t\t<div class=\"elementor-tab-title elementor-tab-mobile-title\" aria-selected=\"true\" data-tab=\"1\" role=\"tab\" tabindex=\"0\" aria-controls=\"elementor-tab-content-2341\" aria-expanded=\"false\">Fichiers<\/div>\n\t\t\t\t\t<div id=\"elementor-tab-content-2341\" class=\"elementor-tab-content elementor-clearfix\" data-tab=\"1\" role=\"tabpanel\" aria-labelledby=\"elementor-tab-title-2341\" tabindex=\"0\" hidden=\"false\"><i class=\"far fa-file-pdf fa-xl\" style=\"font-size:35px\"><\/i><a href=\"https:\/\/www.belleflamme.ca\/wp-content\/uploads\/2025\/02\/Uptown-UE35-UE42-Brochure.pdf\"> Brochure<\/a><\/br>\n<i class=\"far fa-file-pdf fa-xl\" style=\"font-size:35px\"><\/i><a href=\"https:\/\/www.belleflamme.ca\/wp-content\/uploads\/2025\/02\/UE35-Features.pdf\"> Caract\u00e9ristiques<\/a><\/br>\n<i class=\"far fa-file-pdf fa-xl\" style=\"font-size:35px\"><\/i><a href=\"https:\/\/www.belleflamme.ca\/wp-content\/uploads\/2025\/02\/C-17105-Instruction-UE35-UE42-Owners-Manual-R1.pdf\"> Installation et Manuel<\/a><\/br><\/div>\n\t\t\t\t\t\t\t<\/div>\n\t\t<\/div>\n\t\t\t\t\t\t<\/div>\n\t\t\t\t<\/div>\n\t\t\t\t\t<\/div>\n\t\t<\/div>\n\t\t\t\t\t<\/div>\n\t\t<\/section>\n\t\t\t\t<\/div>\n\t\t","protected":false},"excerpt":{"rendered":"<p>Caract\u00e9ristiques Chauffage 120 V (pr\u00eat pour 240 V). Bruits de cr\u00e9pitement de feu ambiants Braises incandescentes Contr\u00f4le d&#8217;application \/ T\u00e9l\u00e9commande tactile Design moderne Grille de feu en acier Compatible avec les thermostats Garantie de 3 ans Options Supports de lit de braises disponibles : Supports de lit de braises en rondins Ensembles de b\u00fbches disponibles [&hellip;]<\/p>\n","protected":false},"featured_media":51106,"template":"","meta":{"inline_featured_image":false},"product_brand":[2022],"product_cat":[242,240,241,33],"product_tag":[],"class_list":{"0":"post-51105","1":"product","2":"type-product","3":"status-publish","4":"has-post-thumbnail","6":"product_brand-uptown","7":"product_cat-encastrables-electriques","8":"product_cat-foyer-electrique","9":"product_cat-poele-foyer-electrique","10":"product_cat-poeles-et-foyers","12":"first","13":"instock","14":"taxable","15":"shipping-taxable","16":"purchasable","17":"product-type-simple"},"yoast_head":"<!-- This site is optimized with the Yoast SEO Premium plugin v24.2 (Yoast SEO v24.2) - https:\/\/yoast.com\/wordpress\/plugins\/seo\/ -->\n<title>foyer \u00e9lectrique et Encastrable UE35 de Uptown - Groupe BelleFlamme<\/title>\n<meta name=\"description\" content=\"foyer \u00e9lectrique et Encastrable UE35 de Uptown vendu et install\u00e9 par le Groupe Belleflamme. Laval, Montr\u00e9al, Gatineau et Saint-Sauveur.\" \/>\n<meta name=\"robots\" content=\"index, follow, max-snippet:-1, max-image-preview:large, max-video-preview:-1\" \/>\n<link rel=\"canonical\" href=\"https:\/\/staging.belleflamme.ca\/fr\/produit\/foyer-electrique-et-encastrable-ue35-de-uptown\/\" \/>\n<meta property=\"og:locale\" content=\"fr_FR\" \/>\n<meta property=\"og:type\" content=\"article\" \/>\n<meta property=\"og:title\" content=\"foyer \u00e9lectrique et Encastrable UE35 de Uptown\" \/>\n<meta property=\"og:description\" content=\"foyer \u00e9lectrique et Encastrable UE35 de Uptown vendu et install\u00e9 par le Groupe Belleflamme. Laval, Montr\u00e9al, Gatineau et Saint-Sauveur.\" \/>\n<meta property=\"og:url\" content=\"https:\/\/staging.belleflamme.ca\/fr\/produit\/foyer-electrique-et-encastrable-ue35-de-uptown\/\" \/>\n<meta property=\"og:site_name\" content=\"Groupe BelleFlamme\" \/>\n<meta property=\"article:publisher\" content=\"https:\/\/www.facebook.com\/belleflamme.ca\/\" \/>\n<meta property=\"article:modified_time\" content=\"2025-02-25T23:20:04+00:00\" \/>\n<meta property=\"og:image\" content=\"https:\/\/www.belleflamme.ca\/wp-content\/uploads\/2025\/02\/foyer-electrique-et-Encastrable-UE35-de-Uptown.jpg\" \/>\n\t<meta property=\"og:image:width\" content=\"1440\" \/>\n\t<meta property=\"og:image:height\" content=\"961\" \/>\n\t<meta property=\"og:image:type\" content=\"image\/jpeg\" \/>\n<meta name=\"twitter:card\" content=\"summary_large_image\" \/>\n<meta name=\"twitter:label1\" content=\"Prix\" \/>\n\t<meta name=\"twitter:data1\" content=\"&#036;2,300.00\" \/>\n\t<meta name=\"twitter:label2\" content=\"Disponibilit\u00e9\" \/>\n\t<meta name=\"twitter:data2\" content=\"En stock\" \/>\n<script type=\"application\/ld+json\" class=\"yoast-schema-graph\">{\"@context\":\"https:\/\/schema.org\",\"@graph\":[{\"@type\":[\"WebPage\",\"ItemPage\"],\"@id\":\"https:\/\/staging.belleflamme.ca\/fr\/produit\/foyer-electrique-et-encastrable-ue35-de-uptown\/\",\"url\":\"https:\/\/staging.belleflamme.ca\/fr\/produit\/foyer-electrique-et-encastrable-ue35-de-uptown\/\",\"name\":\"foyer \u00e9lectrique et Encastrable UE35 de Uptown - Groupe BelleFlamme\",\"isPartOf\":{\"@id\":\"https:\/\/www.belleflamme.ca\/fr\/#website\"},\"primaryImageOfPage\":{\"@id\":\"https:\/\/staging.belleflamme.ca\/fr\/produit\/foyer-electrique-et-encastrable-ue35-de-uptown\/#primaryimage\"},\"image\":{\"@id\":\"https:\/\/staging.belleflamme.ca\/fr\/produit\/foyer-electrique-et-encastrable-ue35-de-uptown\/#primaryimage\"},\"thumbnailUrl\":\"https:\/\/staging.belleflamme.ca\/wp-content\/uploads\/2025\/02\/foyer-electrique-et-Encastrable-UE35-de-Uptown.jpg\",\"datePublished\":\"2025-02-25T21:33:37+00:00\",\"dateModified\":\"2025-02-25T23:20:04+00:00\",\"description\":\"foyer \u00e9lectrique et Encastrable UE35 de Uptown vendu et install\u00e9 par le Groupe Belleflamme. Laval, Montr\u00e9al, Gatineau et Saint-Sauveur.\",\"breadcrumb\":{\"@id\":\"https:\/\/staging.belleflamme.ca\/fr\/produit\/foyer-electrique-et-encastrable-ue35-de-uptown\/#breadcrumb\"},\"inLanguage\":\"fr-FR\",\"potentialAction\":[{\"@type\":\"ReadAction\",\"target\":[\"https:\/\/staging.belleflamme.ca\/fr\/produit\/foyer-electrique-et-encastrable-ue35-de-uptown\/\"]}]},{\"@type\":\"ImageObject\",\"inLanguage\":\"fr-FR\",\"@id\":\"https:\/\/staging.belleflamme.ca\/fr\/produit\/foyer-electrique-et-encastrable-ue35-de-uptown\/#primaryimage\",\"url\":\"https:\/\/staging.belleflamme.ca\/wp-content\/uploads\/2025\/02\/foyer-electrique-et-Encastrable-UE35-de-Uptown.jpg\",\"contentUrl\":\"https:\/\/staging.belleflamme.ca\/wp-content\/uploads\/2025\/02\/foyer-electrique-et-Encastrable-UE35-de-Uptown.jpg\",\"width\":1440,\"height\":961,\"caption\":\"foyer \u00e9lectrique et Encastrable UE35 de Uptown\"},{\"@type\":\"BreadcrumbList\",\"@id\":\"https:\/\/staging.belleflamme.ca\/fr\/produit\/foyer-electrique-et-encastrable-ue35-de-uptown\/#breadcrumb\",\"itemListElement\":[{\"@type\":\"ListItem\",\"position\":1,\"name\":\"Accueil\",\"item\":\"https:\/\/www.belleflamme.ca\/fr\/\"},{\"@type\":\"ListItem\",\"position\":2,\"name\":\"Boutique\",\"item\":\"https:\/\/www.belleflamme.ca\/fr\/boutique\/\"},{\"@type\":\"ListItem\",\"position\":3,\"name\":\"Po\u00eales &amp; Foyers\",\"item\":\"https:\/\/staging.belleflamme.ca\/fr\/categories\/poeles-et-foyers\/\"},{\"@type\":\"ListItem\",\"position\":4,\"name\":\"Po\u00eale &amp; Foyer \u00c9lectrique\",\"item\":\"https:\/\/staging.belleflamme.ca\/fr\/categories\/poeles-et-foyers\/poele-foyer-electrique\/\"},{\"@type\":\"ListItem\",\"position\":5,\"name\":\"Foyer \u00c9lectrique\",\"item\":\"https:\/\/staging.belleflamme.ca\/fr\/categories\/poeles-et-foyers\/poele-foyer-electrique\/foyer-electrique\/\"},{\"@type\":\"ListItem\",\"position\":6,\"name\":\"foyer \u00e9lectrique et Encastrable UE35 de Uptown\"}]},{\"@type\":\"WebSite\",\"@id\":\"https:\/\/www.belleflamme.ca\/fr\/#website\",\"url\":\"https:\/\/www.belleflamme.ca\/fr\/\",\"name\":\"Groupe Belleflamme\",\"description\":\"La m\u00e9canique du b\u00e2timent dans le sang.\",\"publisher\":{\"@id\":\"https:\/\/www.belleflamme.ca\/fr\/#organization\"},\"potentialAction\":[{\"@type\":\"SearchAction\",\"target\":{\"@type\":\"EntryPoint\",\"urlTemplate\":\"https:\/\/www.belleflamme.ca\/fr\/?s={search_term_string}\"},\"query-input\":{\"@type\":\"PropertyValueSpecification\",\"valueRequired\":true,\"valueName\":\"search_term_string\"}}],\"inLanguage\":\"fr-FR\"},{\"@type\":[\"Organization\",\"Place\"],\"@id\":\"https:\/\/www.belleflamme.ca\/fr\/#organization\",\"name\":\"Groupe Belleflamme\",\"alternateName\":\"Belleflamme\",\"url\":\"https:\/\/www.belleflamme.ca\/fr\/\",\"logo\":{\"@type\":\"ImageObject\",\"inLanguage\":\"fr-FR\",\"@id\":\"https:\/\/www.belleflamme.ca\/fr\/#\/schema\/logo\/image\/\",\"url\":\"https:\/\/staging.belleflamme.ca\/wp-content\/uploads\/2023\/01\/og-image.jpg\",\"contentUrl\":\"https:\/\/staging.belleflamme.ca\/wp-content\/uploads\/2023\/01\/og-image.jpg\",\"width\":1200,\"height\":630,\"caption\":\"Groupe Belleflamme\"},\"image\":{\"@id\":\"https:\/\/www.belleflamme.ca\/fr\/#\/schema\/logo\/image\/\"},\"sameAs\":[\"https:\/\/www.facebook.com\/belleflamme.ca\/\",\"https:\/\/www.linkedin.com\/company\/belleflamme\/\",\"https:\/\/www.pinterest.ca\/groupebelleflamme\/\",\"https:\/\/www.instagram.com\/legroupebelleflamme\/\"],\"mainEntityOfPage\":{\"@id\":\"https:\/\/staging.belleflamme.ca\/fr\/produit\/foyer-electrique-et-encastrable-ue35-de-uptown\/\"}}]}<\/script>\n<meta property=\"product:brand\" content=\"Uptown\" \/>\n<meta property=\"product:price:amount\" content=\"2300.00\" \/>\n<meta property=\"product:price:currency\" content=\"CAD\" \/>\n<meta property=\"og:availability\" content=\"instock\" \/>\n<meta property=\"product:availability\" content=\"instock\" \/>\n<meta property=\"product:retailer_item_id\" content=\"UE35\" \/>\n<meta property=\"product:condition\" content=\"new\" \/>\n<!-- \/ Yoast SEO Premium plugin. -->","yoast_head_json":{"title":"foyer \u00e9lectrique et Encastrable UE35 de Uptown - Groupe BelleFlamme","description":"foyer \u00e9lectrique et Encastrable UE35 de Uptown vendu et install\u00e9 par le Groupe Belleflamme. Laval, Montr\u00e9al, Gatineau et Saint-Sauveur.","robots":{"index":"index","follow":"follow","max-snippet":"max-snippet:-1","max-image-preview":"max-image-preview:large","max-video-preview":"max-video-preview:-1"},"canonical":"https:\/\/staging.belleflamme.ca\/fr\/produit\/foyer-electrique-et-encastrable-ue35-de-uptown\/","og_locale":"fr_FR","og_type":"article","og_title":"foyer \u00e9lectrique et Encastrable UE35 de Uptown","og_description":"foyer \u00e9lectrique et Encastrable UE35 de Uptown vendu et install\u00e9 par le Groupe Belleflamme. Laval, Montr\u00e9al, Gatineau et Saint-Sauveur.","og_url":"https:\/\/staging.belleflamme.ca\/fr\/produit\/foyer-electrique-et-encastrable-ue35-de-uptown\/","og_site_name":"Groupe BelleFlamme","article_publisher":"https:\/\/www.facebook.com\/belleflamme.ca\/","article_modified_time":"2025-02-25T23:20:04+00:00","og_image":[{"width":1440,"height":961,"url":"https:\/\/www.belleflamme.ca\/wp-content\/uploads\/2025\/02\/foyer-electrique-et-Encastrable-UE35-de-Uptown.jpg","type":"image\/jpeg"}],"twitter_card":"summary_large_image","twitter_misc":{"Prix":"&#36;2,300.00","Disponibilit\u00e9":"En stock"},"schema":{"@context":"https:\/\/schema.org","@graph":[{"@type":["WebPage","ItemPage"],"@id":"https:\/\/staging.belleflamme.ca\/fr\/produit\/foyer-electrique-et-encastrable-ue35-de-uptown\/","url":"https:\/\/staging.belleflamme.ca\/fr\/produit\/foyer-electrique-et-encastrable-ue35-de-uptown\/","name":"foyer \u00e9lectrique et Encastrable UE35 de Uptown - Groupe BelleFlamme","isPartOf":{"@id":"https:\/\/www.belleflamme.ca\/fr\/#website"},"primaryImageOfPage":{"@id":"https:\/\/staging.belleflamme.ca\/fr\/produit\/foyer-electrique-et-encastrable-ue35-de-uptown\/#primaryimage"},"image":{"@id":"https:\/\/staging.belleflamme.ca\/fr\/produit\/foyer-electrique-et-encastrable-ue35-de-uptown\/#primaryimage"},"thumbnailUrl":"https:\/\/staging.belleflamme.ca\/wp-content\/uploads\/2025\/02\/foyer-electrique-et-Encastrable-UE35-de-Uptown.jpg","datePublished":"2025-02-25T21:33:37+00:00","dateModified":"2025-02-25T23:20:04+00:00","description":"foyer \u00e9lectrique et Encastrable UE35 de Uptown vendu et install\u00e9 par le Groupe Belleflamme. Laval, Montr\u00e9al, Gatineau et Saint-Sauveur.","breadcrumb":{"@id":"https:\/\/staging.belleflamme.ca\/fr\/produit\/foyer-electrique-et-encastrable-ue35-de-uptown\/#breadcrumb"},"inLanguage":"fr-FR","potentialAction":[{"@type":"ReadAction","target":["https:\/\/staging.belleflamme.ca\/fr\/produit\/foyer-electrique-et-encastrable-ue35-de-uptown\/"]}]},{"@type":"ImageObject","inLanguage":"fr-FR","@id":"https:\/\/staging.belleflamme.ca\/fr\/produit\/foyer-electrique-et-encastrable-ue35-de-uptown\/#primaryimage","url":"https:\/\/staging.belleflamme.ca\/wp-content\/uploads\/2025\/02\/foyer-electrique-et-Encastrable-UE35-de-Uptown.jpg","contentUrl":"https:\/\/staging.belleflamme.ca\/wp-content\/uploads\/2025\/02\/foyer-electrique-et-Encastrable-UE35-de-Uptown.jpg","width":1440,"height":961,"caption":"foyer \u00e9lectrique et Encastrable UE35 de Uptown"},{"@type":"BreadcrumbList","@id":"https:\/\/staging.belleflamme.ca\/fr\/produit\/foyer-electrique-et-encastrable-ue35-de-uptown\/#breadcrumb","itemListElement":[{"@type":"ListItem","position":1,"name":"Accueil","item":"https:\/\/www.belleflamme.ca\/fr\/"},{"@type":"ListItem","position":2,"name":"Boutique","item":"https:\/\/www.belleflamme.ca\/fr\/boutique\/"},{"@type":"ListItem","position":3,"name":"Po\u00eales &amp; Foyers","item":"https:\/\/staging.belleflamme.ca\/fr\/categories\/poeles-et-foyers\/"},{"@type":"ListItem","position":4,"name":"Po\u00eale &amp; Foyer \u00c9lectrique","item":"https:\/\/staging.belleflamme.ca\/fr\/categories\/poeles-et-foyers\/poele-foyer-electrique\/"},{"@type":"ListItem","position":5,"name":"Foyer \u00c9lectrique","item":"https:\/\/staging.belleflamme.ca\/fr\/categories\/poeles-et-foyers\/poele-foyer-electrique\/foyer-electrique\/"},{"@type":"ListItem","position":6,"name":"foyer \u00e9lectrique et Encastrable UE35 de Uptown"}]},{"@type":"WebSite","@id":"https:\/\/www.belleflamme.ca\/fr\/#website","url":"https:\/\/www.belleflamme.ca\/fr\/","name":"Groupe Belleflamme","description":"La m\u00e9canique du b\u00e2timent dans le sang.","publisher":{"@id":"https:\/\/www.belleflamme.ca\/fr\/#organization"},"potentialAction":[{"@type":"SearchAction","target":{"@type":"EntryPoint","urlTemplate":"https:\/\/www.belleflamme.ca\/fr\/?s={search_term_string}"},"query-input":{"@type":"PropertyValueSpecification","valueRequired":true,"valueName":"search_term_string"}}],"inLanguage":"fr-FR"},{"@type":["Organization","Place"],"@id":"https:\/\/www.belleflamme.ca\/fr\/#organization","name":"Groupe Belleflamme","alternateName":"Belleflamme","url":"https:\/\/www.belleflamme.ca\/fr\/","logo":{"@type":"ImageObject","inLanguage":"fr-FR","@id":"https:\/\/www.belleflamme.ca\/fr\/#\/schema\/logo\/image\/","url":"https:\/\/staging.belleflamme.ca\/wp-content\/uploads\/2023\/01\/og-image.jpg","contentUrl":"https:\/\/staging.belleflamme.ca\/wp-content\/uploads\/2023\/01\/og-image.jpg","width":1200,"height":630,"caption":"Groupe Belleflamme"},"image":{"@id":"https:\/\/www.belleflamme.ca\/fr\/#\/schema\/logo\/image\/"},"sameAs":["https:\/\/www.facebook.com\/belleflamme.ca\/","https:\/\/www.linkedin.com\/company\/belleflamme\/","https:\/\/www.pinterest.ca\/groupebelleflamme\/","https:\/\/www.instagram.com\/legroupebelleflamme\/"],"mainEntityOfPage":{"@id":"https:\/\/staging.belleflamme.ca\/fr\/produit\/foyer-electrique-et-encastrable-ue35-de-uptown\/"}}]},"product_brand":"Uptown","product_price_amount":"2300.00","product_price_currency":"CAD","og_availability":"instock","product_availability":"instock","product_retailer_item_id":"UE35","product_condition":"new"},"_links":{"self":[{"href":"https:\/\/staging.belleflamme.ca\/fr\/wp-json\/wp\/v2\/product\/51105","targetHints":{"allow":["GET"]}}],"collection":[{"href":"https:\/\/staging.belleflamme.ca\/fr\/wp-json\/wp\/v2\/product"}],"about":[{"href":"https:\/\/staging.belleflamme.ca\/fr\/wp-json\/wp\/v2\/types\/product"}],"version-history":[{"count":7,"href":"https:\/\/staging.belleflamme.ca\/fr\/wp-json\/wp\/v2\/product\/51105\/revisions"}],"predecessor-version":[{"id":51341,"href":"https:\/\/staging.belleflamme.ca\/fr\/wp-json\/wp\/v2\/product\/51105\/revisions\/51341"}],"wp:featuredmedia":[{"embeddable":true,"href":"https:\/\/staging.belleflamme.ca\/fr\/wp-json\/wp\/v2\/media\/51106"}],"wp:attachment":[{"href":"https:\/\/staging.belleflamme.ca\/fr\/wp-json\/wp\/v2\/media?parent=51105"}],"wp:term":[{"taxonomy":"product_brand","embeddable":true,"href":"https:\/\/staging.belleflamme.ca\/fr\/wp-json\/wp\/v2\/product_brand?post=51105"},{"taxonomy":"product_cat","embeddable":true,"href":"https:\/\/staging.belleflamme.ca\/fr\/wp-json\/wp\/v2\/product_cat?post=51105"},{"taxonomy":"product_tag","embeddable":true,"href":"https:\/\/staging.belleflamme.ca\/fr\/wp-json\/wp\/v2\/product_tag?post=51105"}],"curies":[{"name":"wp","href":"https:\/\/api.w.org\/{rel}","templated":true}]}}