{"id":50220,"date":"2025-02-12T14:41:52","date_gmt":"2025-02-12T19:41:52","guid":{"rendered":"https:\/\/www.belleflamme.ca\/?post_type=product&#038;p=50220"},"modified":"2025-03-13T15:32:17","modified_gmt":"2025-03-13T19:32:17","slug":"tables-de-feux-halo-47-de-urbana","status":"publish","type":"product","link":"https:\/\/staging.belleflamme.ca\/fr\/produit\/tables-de-feux-halo-47-de-urbana\/","title":{"rendered":"Table de Feux Halo 47 de Urbana"},"content":{"rendered":"\t\t<div data-elementor-type=\"product-post\" data-elementor-id=\"50220\" class=\"elementor elementor-50220\" data-elementor-post-type=\"product\">\n\t\t\t\t\t\t<section class=\"elementor-section elementor-top-section elementor-element elementor-element-441742f4 elementor-section-boxed elementor-section-height-default elementor-section-height-default\" data-id=\"441742f4\" data-element_type=\"section\">\n\t\t\t\t\t\t<div class=\"elementor-container elementor-column-gap-default\">\n\t\t\t\t\t<div class=\"elementor-column elementor-col-100 elementor-top-column elementor-element elementor-element-408d183f\" data-id=\"408d183f\" data-element_type=\"column\">\n\t\t\t<div class=\"elementor-widget-wrap elementor-element-populated\">\n\t\t\t\t\t\t<div class=\"elementor-element elementor-element-de57091 elementor-widget elementor-widget-text-editor\" data-id=\"de57091\" data-element_type=\"widget\" data-widget_type=\"text-editor.default\">\n\t\t\t\t<div class=\"elementor-widget-container\">\n\t\t\t\t\t\t\t\t\t<iframe title=\"YouTube video player\" src=\"https:\/\/www.youtube.com\/embed\/iA2zjaUNL5g?si=KfC_9pef8hORbvsH\" width=\"560\" height=\"315\" frameborder=\"0\" allowfullscreen=\"allowfullscreen\"><\/iframe>\n<h2 class=\"subTitle\">Caract\u00e9ristiques<\/h2>\n<ul class=\"featureList\">\n \t<li class=\"featureList\">Hauteur de flamme r\u00e9glable.<\/li>\n \t<li class=\"featureList\">Ch\u00e2ssis en acier inoxydable \u00e9pais soud\u00e9 \u00e0 la main.<\/li>\n \t<li class=\"featureList\">Br\u00fbleur Spyder en acier inoxydable con\u00e7u sur mesure.<\/li>\n \t<li class=\"featureList\">Technologie de flamme propre.<\/li>\n \t<li class=\"featureList\">Syst\u00e8me de s\u00e9curit\u00e9 d&#8217;arr\u00eat automatique.<\/li>\n \t<li class=\"featureList\">Pilote \u00e0 d\u00e9marrage rapide avec allumeur \u00e0 surface chaude.<\/li>\n \t<li class=\"featureList\">Syst\u00e8me de soupape d&#8217;allumage 24V.<\/li>\n \t<li class=\"featureList\">\u00c9clairage d&#8217;accentuation LED blanc doux.<\/li>\n \t<li class=\"featureList\">Housse en tissu de haute qualit\u00e9 incluse.<\/li>\n \t<li class=\"featureList\">Pieds de nivellement r\u00e9glables int\u00e9gr\u00e9s.<\/li>\n \t<li class=\"featureList\">Dispositifs de drainage de l&#8217;eau et raccords r\u00e9sistants \u00e0 la rouille.<\/li>\n<\/ul>\n<h2 class=\"subTitle\">Options<\/h2>\n<ul class=\"featureList\">\n \t<li class=\"featureList\">Choix de mod\u00e8les de po\u00eales en verre ou \u00e0 bois.<\/li>\n \t<li class=\"featureList\">Roches de lave au charbon<\/li>\n \t<li class=\"featureList\">Support en verre noir concass\u00e9<\/li>\n \t<li class=\"featureList\">Support en verre noir diamant<\/li>\n \t<li class=\"featureList\">Ensemble de b\u00fbches fendues traditionnelles<\/li>\n \t<li class=\"featureList\">Pare-vent en verre<\/li>\n<\/ul>\n<h2 class=\"subTitle\">Sp\u00e9cifications<\/h2>\n<div class=\"prodSpecsLeft\">Puissance d&#8217;entr\u00e9e maximale en BTU (GN)<\/div>\n<div class=\"prodSpecsRight\">\n\n170 000\n\n<\/div>\n<div class=\"prodSpecsLeft\">Hauteur:<\/div>\n<div class=\"prodSpecsRight\">\n\n15\u201d (sans couvercle)\n\n<\/div>\n<div class=\"prodSpecsLeft\">Largeur x Profondeur :<\/div>\n<div class=\"prodSpecsRight\">\n\n47\u201d x 47\u201d\n\n<\/div>\n<div>Les sp\u00e9cifications peuvent varier en fonction des options s\u00e9lectionn\u00e9es.<\/div>\t\t\t\t\t\t\t\t<\/div>\n\t\t\t\t<\/div>\n\t\t\t\t\t<\/div>\n\t\t<\/div>\n\t\t\t\t\t<\/div>\n\t\t<\/section>\n\t\t\t\t<section class=\"elementor-section elementor-top-section elementor-element elementor-element-47ad124 elementor-section-boxed elementor-section-height-default elementor-section-height-default\" data-id=\"47ad124\" data-element_type=\"section\">\n\t\t\t\t\t\t<div class=\"elementor-container elementor-column-gap-default\">\n\t\t\t\t\t<div class=\"elementor-column elementor-col-100 elementor-top-column elementor-element elementor-element-96e9063\" data-id=\"96e9063\" data-element_type=\"column\">\n\t\t\t<div class=\"elementor-widget-wrap elementor-element-populated\">\n\t\t\t\t\t\t<div class=\"elementor-element elementor-element-a64a103 elementor-tabs-view-horizontal elementor-widget elementor-widget-tabs\" data-id=\"a64a103\" data-element_type=\"widget\" data-widget_type=\"tabs.default\">\n\t\t\t\t<div class=\"elementor-widget-container\">\n\t\t\t\t\t\t\t<div class=\"elementor-tabs\">\n\t\t\t<div class=\"elementor-tabs-wrapper\" role=\"tablist\" >\n\t\t\t\t\t\t\t\t\t<div id=\"elementor-tab-title-1741\" class=\"elementor-tab-title elementor-tab-desktop-title\" aria-selected=\"true\" data-tab=\"1\" role=\"tab\" tabindex=\"0\" aria-controls=\"elementor-tab-content-1741\" aria-expanded=\"false\">Fichiers<\/div>\n\t\t\t\t\t\t\t<\/div>\n\t\t\t<div class=\"elementor-tabs-content-wrapper\" role=\"tablist\" aria-orientation=\"vertical\">\n\t\t\t\t\t\t\t\t\t<div class=\"elementor-tab-title elementor-tab-mobile-title\" aria-selected=\"true\" data-tab=\"1\" role=\"tab\" tabindex=\"0\" aria-controls=\"elementor-tab-content-1741\" aria-expanded=\"false\">Fichiers<\/div>\n\t\t\t\t\t<div id=\"elementor-tab-content-1741\" class=\"elementor-tab-content elementor-clearfix\" data-tab=\"1\" role=\"tabpanel\" aria-labelledby=\"elementor-tab-title-1741\" tabindex=\"0\" hidden=\"false\"><i class=\"far fa-file-pdf fa-xl\" style=\"font-size:35px\"><\/i><a href=\"https:\/\/www.belleflamme.ca\/wp-content\/uploads\/2025\/02\/Urbana-Halo-Brochure.pdf\"> Brochure<\/a><\/br>\n<i class=\"far fa-file-pdf fa-xl\" style=\"font-size:35px\"><\/i><a href=\"https:\/\/www.belleflamme.ca\/wp-content\/uploads\/2025\/02\/HALO47R-Features.pdf\"> Caract\u00e9ristiques<\/a><\/br>\n<i class=\"far fa-file-pdf fa-xl\" style=\"font-size:35px\"><\/i><a href=\"https:\/\/www.belleflamme.ca\/wp-content\/uploads\/2025\/02\/C-17128-Halo-Fire-Pit-Installation-Manual-R01.pdf\"> Installation<\/a><\/br><\/div>\n\t\t\t\t\t\t\t<\/div>\n\t\t<\/div>\n\t\t\t\t\t\t<\/div>\n\t\t\t\t<\/div>\n\t\t\t\t\t<\/div>\n\t\t<\/div>\n\t\t\t\t\t<\/div>\n\t\t<\/section>\n\t\t\t\t<\/div>\n\t\t","protected":false},"excerpt":{"rendered":"<p>Caract\u00e9ristiques Hauteur de flamme r\u00e9glable. Ch\u00e2ssis en acier inoxydable \u00e9pais soud\u00e9 \u00e0 la main. Br\u00fbleur Spyder en acier inoxydable con\u00e7u sur mesure. Technologie de flamme propre. Syst\u00e8me de s\u00e9curit\u00e9 d&#8217;arr\u00eat automatique. Pilote \u00e0 d\u00e9marrage rapide avec allumeur \u00e0 surface chaude. Syst\u00e8me de soupape d&#8217;allumage 24V. \u00c9clairage d&#8217;accentuation LED blanc doux. Housse en tissu de haute [&hellip;]<\/p>\n","protected":false},"featured_media":50221,"template":"","meta":{"inline_featured_image":false},"product_brand":[362],"product_cat":[113,118],"product_tag":[],"class_list":{"0":"post-50220","1":"product","2":"type-product","3":"status-publish","4":"has-post-thumbnail","6":"product_brand-urbana-luxury-fireplaces","7":"product_cat-bbq-produits-exterieurs","8":"product_cat-table-de-feu","10":"first","11":"instock","12":"taxable","13":"shipping-taxable","14":"purchasable","15":"product-type-simple"},"yoast_head":"<!-- This site is optimized with the Yoast SEO Premium plugin v24.2 (Yoast SEO v24.2) - https:\/\/yoast.com\/wordpress\/plugins\/seo\/ -->\n<title>Table de Feux Halo 47 de Urbana - Groupe BelleFlamme<\/title>\n<meta name=\"description\" content=\"Table de Feux Halo 47 de Urbana vendu et install\u00e9 par le Groupe Belleflamme. Laval, Montr\u00e9al, Gatineau et Saint-Sauveur.\" \/>\n<meta name=\"robots\" content=\"index, follow, max-snippet:-1, max-image-preview:large, max-video-preview:-1\" \/>\n<link rel=\"canonical\" href=\"https:\/\/staging.belleflamme.ca\/fr\/produit\/tables-de-feux-halo-47-de-urbana\/\" \/>\n<meta property=\"og:locale\" content=\"fr_FR\" \/>\n<meta property=\"og:type\" content=\"article\" \/>\n<meta property=\"og:title\" content=\"Table de Feux Halo 47 de Urbana\" \/>\n<meta property=\"og:description\" content=\"Table de Feux Halo 47 de Urbana vendu et install\u00e9 par le Groupe Belleflamme. Laval, Montr\u00e9al, Gatineau et Saint-Sauveur.\" \/>\n<meta property=\"og:url\" content=\"https:\/\/staging.belleflamme.ca\/fr\/produit\/tables-de-feux-halo-47-de-urbana\/\" \/>\n<meta property=\"og:site_name\" content=\"Groupe BelleFlamme\" \/>\n<meta property=\"article:publisher\" content=\"https:\/\/www.facebook.com\/belleflamme.ca\/\" \/>\n<meta property=\"article:modified_time\" content=\"2025-03-13T19:32:17+00:00\" \/>\n<meta property=\"og:image\" content=\"https:\/\/www.belleflamme.ca\/wp-content\/uploads\/2025\/02\/Table-de-Feux-Halo-47-de-Urbana.jpg\" \/>\n\t<meta property=\"og:image:width\" content=\"1440\" \/>\n\t<meta property=\"og:image:height\" content=\"961\" \/>\n\t<meta property=\"og:image:type\" content=\"image\/jpeg\" \/>\n<meta name=\"twitter:card\" content=\"summary_large_image\" \/>\n<meta name=\"twitter:label1\" content=\"Prix\" \/>\n\t<meta name=\"twitter:data1\" content=\"&#036;4,650.00\" \/>\n\t<meta name=\"twitter:label2\" content=\"Disponibilit\u00e9\" \/>\n\t<meta name=\"twitter:data2\" content=\"En stock\" \/>\n<script type=\"application\/ld+json\" class=\"yoast-schema-graph\">{\"@context\":\"https:\/\/schema.org\",\"@graph\":[{\"@type\":[\"WebPage\",\"ItemPage\"],\"@id\":\"https:\/\/staging.belleflamme.ca\/fr\/produit\/tables-de-feux-halo-47-de-urbana\/\",\"url\":\"https:\/\/staging.belleflamme.ca\/fr\/produit\/tables-de-feux-halo-47-de-urbana\/\",\"name\":\"Table de Feux Halo 47 de Urbana - Groupe BelleFlamme\",\"isPartOf\":{\"@id\":\"https:\/\/www.belleflamme.ca\/fr\/#website\"},\"primaryImageOfPage\":{\"@id\":\"https:\/\/staging.belleflamme.ca\/fr\/produit\/tables-de-feux-halo-47-de-urbana\/#primaryimage\"},\"image\":{\"@id\":\"https:\/\/staging.belleflamme.ca\/fr\/produit\/tables-de-feux-halo-47-de-urbana\/#primaryimage\"},\"thumbnailUrl\":\"https:\/\/staging.belleflamme.ca\/wp-content\/uploads\/2025\/02\/Table-de-Feux-Halo-47-de-Urbana.jpg\",\"datePublished\":\"2025-02-12T19:41:52+00:00\",\"dateModified\":\"2025-03-13T19:32:17+00:00\",\"description\":\"Table de Feux Halo 47 de Urbana vendu et install\u00e9 par le Groupe Belleflamme. Laval, Montr\u00e9al, Gatineau et Saint-Sauveur.\",\"breadcrumb\":{\"@id\":\"https:\/\/staging.belleflamme.ca\/fr\/produit\/tables-de-feux-halo-47-de-urbana\/#breadcrumb\"},\"inLanguage\":\"fr-FR\",\"potentialAction\":[{\"@type\":\"ReadAction\",\"target\":[\"https:\/\/staging.belleflamme.ca\/fr\/produit\/tables-de-feux-halo-47-de-urbana\/\"]}]},{\"@type\":\"ImageObject\",\"inLanguage\":\"fr-FR\",\"@id\":\"https:\/\/staging.belleflamme.ca\/fr\/produit\/tables-de-feux-halo-47-de-urbana\/#primaryimage\",\"url\":\"https:\/\/staging.belleflamme.ca\/wp-content\/uploads\/2025\/02\/Table-de-Feux-Halo-47-de-Urbana.jpg\",\"contentUrl\":\"https:\/\/staging.belleflamme.ca\/wp-content\/uploads\/2025\/02\/Table-de-Feux-Halo-47-de-Urbana.jpg\",\"width\":1440,\"height\":961,\"caption\":\"Table de Feux Halo 47 de Urbana\"},{\"@type\":\"BreadcrumbList\",\"@id\":\"https:\/\/staging.belleflamme.ca\/fr\/produit\/tables-de-feux-halo-47-de-urbana\/#breadcrumb\",\"itemListElement\":[{\"@type\":\"ListItem\",\"position\":1,\"name\":\"Accueil\",\"item\":\"https:\/\/www.belleflamme.ca\/fr\/\"},{\"@type\":\"ListItem\",\"position\":2,\"name\":\"Boutique\",\"item\":\"https:\/\/www.belleflamme.ca\/fr\/boutique\/\"},{\"@type\":\"ListItem\",\"position\":3,\"name\":\"BBQ &amp; Produits Ext\u00e9rieurs\",\"item\":\"https:\/\/staging.belleflamme.ca\/fr\/categories\/bbq-produits-exterieurs\/\"},{\"@type\":\"ListItem\",\"position\":4,\"name\":\"Tables de Feu\",\"item\":\"https:\/\/staging.belleflamme.ca\/fr\/categories\/bbq-produits-exterieurs\/table-de-feu\/\"},{\"@type\":\"ListItem\",\"position\":5,\"name\":\"Table de Feux Halo 47 de Urbana\"}]},{\"@type\":\"WebSite\",\"@id\":\"https:\/\/www.belleflamme.ca\/fr\/#website\",\"url\":\"https:\/\/www.belleflamme.ca\/fr\/\",\"name\":\"Groupe Belleflamme\",\"description\":\"La m\u00e9canique du b\u00e2timent dans le sang.\",\"publisher\":{\"@id\":\"https:\/\/www.belleflamme.ca\/fr\/#organization\"},\"potentialAction\":[{\"@type\":\"SearchAction\",\"target\":{\"@type\":\"EntryPoint\",\"urlTemplate\":\"https:\/\/www.belleflamme.ca\/fr\/?s={search_term_string}\"},\"query-input\":{\"@type\":\"PropertyValueSpecification\",\"valueRequired\":true,\"valueName\":\"search_term_string\"}}],\"inLanguage\":\"fr-FR\"},{\"@type\":[\"Organization\",\"Place\"],\"@id\":\"https:\/\/www.belleflamme.ca\/fr\/#organization\",\"name\":\"Groupe Belleflamme\",\"alternateName\":\"Belleflamme\",\"url\":\"https:\/\/www.belleflamme.ca\/fr\/\",\"logo\":{\"@type\":\"ImageObject\",\"inLanguage\":\"fr-FR\",\"@id\":\"https:\/\/www.belleflamme.ca\/fr\/#\/schema\/logo\/image\/\",\"url\":\"https:\/\/staging.belleflamme.ca\/wp-content\/uploads\/2023\/01\/og-image.jpg\",\"contentUrl\":\"https:\/\/staging.belleflamme.ca\/wp-content\/uploads\/2023\/01\/og-image.jpg\",\"width\":1200,\"height\":630,\"caption\":\"Groupe Belleflamme\"},\"image\":{\"@id\":\"https:\/\/www.belleflamme.ca\/fr\/#\/schema\/logo\/image\/\"},\"sameAs\":[\"https:\/\/www.facebook.com\/belleflamme.ca\/\",\"https:\/\/www.linkedin.com\/company\/belleflamme\/\",\"https:\/\/www.pinterest.ca\/groupebelleflamme\/\",\"https:\/\/www.instagram.com\/legroupebelleflamme\/\"],\"mainEntityOfPage\":{\"@id\":\"https:\/\/staging.belleflamme.ca\/fr\/produit\/tables-de-feux-halo-47-de-urbana\/\"}}]}<\/script>\n<meta property=\"product:brand\" content=\"Urbana Luxury Fireplaces\" \/>\n<meta property=\"product:price:amount\" content=\"4650.00\" \/>\n<meta property=\"product:price:currency\" content=\"CAD\" \/>\n<meta property=\"og:availability\" content=\"instock\" \/>\n<meta property=\"product:availability\" content=\"instock\" \/>\n<meta property=\"product:retailer_item_id\" content=\"UFP47R-SB24\" \/>\n<meta property=\"product:condition\" content=\"new\" \/>\n<!-- \/ Yoast SEO Premium plugin. -->","yoast_head_json":{"title":"Table de Feux Halo 47 de Urbana - Groupe BelleFlamme","description":"Table de Feux Halo 47 de Urbana vendu et install\u00e9 par le Groupe Belleflamme. Laval, Montr\u00e9al, Gatineau et Saint-Sauveur.","robots":{"index":"index","follow":"follow","max-snippet":"max-snippet:-1","max-image-preview":"max-image-preview:large","max-video-preview":"max-video-preview:-1"},"canonical":"https:\/\/staging.belleflamme.ca\/fr\/produit\/tables-de-feux-halo-47-de-urbana\/","og_locale":"fr_FR","og_type":"article","og_title":"Table de Feux Halo 47 de Urbana","og_description":"Table de Feux Halo 47 de Urbana vendu et install\u00e9 par le Groupe Belleflamme. Laval, Montr\u00e9al, Gatineau et Saint-Sauveur.","og_url":"https:\/\/staging.belleflamme.ca\/fr\/produit\/tables-de-feux-halo-47-de-urbana\/","og_site_name":"Groupe BelleFlamme","article_publisher":"https:\/\/www.facebook.com\/belleflamme.ca\/","article_modified_time":"2025-03-13T19:32:17+00:00","og_image":[{"width":1440,"height":961,"url":"https:\/\/www.belleflamme.ca\/wp-content\/uploads\/2025\/02\/Table-de-Feux-Halo-47-de-Urbana.jpg","type":"image\/jpeg"}],"twitter_card":"summary_large_image","twitter_misc":{"Prix":"&#36;4,650.00","Disponibilit\u00e9":"En stock"},"schema":{"@context":"https:\/\/schema.org","@graph":[{"@type":["WebPage","ItemPage"],"@id":"https:\/\/staging.belleflamme.ca\/fr\/produit\/tables-de-feux-halo-47-de-urbana\/","url":"https:\/\/staging.belleflamme.ca\/fr\/produit\/tables-de-feux-halo-47-de-urbana\/","name":"Table de Feux Halo 47 de Urbana - Groupe BelleFlamme","isPartOf":{"@id":"https:\/\/www.belleflamme.ca\/fr\/#website"},"primaryImageOfPage":{"@id":"https:\/\/staging.belleflamme.ca\/fr\/produit\/tables-de-feux-halo-47-de-urbana\/#primaryimage"},"image":{"@id":"https:\/\/staging.belleflamme.ca\/fr\/produit\/tables-de-feux-halo-47-de-urbana\/#primaryimage"},"thumbnailUrl":"https:\/\/staging.belleflamme.ca\/wp-content\/uploads\/2025\/02\/Table-de-Feux-Halo-47-de-Urbana.jpg","datePublished":"2025-02-12T19:41:52+00:00","dateModified":"2025-03-13T19:32:17+00:00","description":"Table de Feux Halo 47 de Urbana vendu et install\u00e9 par le Groupe Belleflamme. Laval, Montr\u00e9al, Gatineau et Saint-Sauveur.","breadcrumb":{"@id":"https:\/\/staging.belleflamme.ca\/fr\/produit\/tables-de-feux-halo-47-de-urbana\/#breadcrumb"},"inLanguage":"fr-FR","potentialAction":[{"@type":"ReadAction","target":["https:\/\/staging.belleflamme.ca\/fr\/produit\/tables-de-feux-halo-47-de-urbana\/"]}]},{"@type":"ImageObject","inLanguage":"fr-FR","@id":"https:\/\/staging.belleflamme.ca\/fr\/produit\/tables-de-feux-halo-47-de-urbana\/#primaryimage","url":"https:\/\/staging.belleflamme.ca\/wp-content\/uploads\/2025\/02\/Table-de-Feux-Halo-47-de-Urbana.jpg","contentUrl":"https:\/\/staging.belleflamme.ca\/wp-content\/uploads\/2025\/02\/Table-de-Feux-Halo-47-de-Urbana.jpg","width":1440,"height":961,"caption":"Table de Feux Halo 47 de Urbana"},{"@type":"BreadcrumbList","@id":"https:\/\/staging.belleflamme.ca\/fr\/produit\/tables-de-feux-halo-47-de-urbana\/#breadcrumb","itemListElement":[{"@type":"ListItem","position":1,"name":"Accueil","item":"https:\/\/www.belleflamme.ca\/fr\/"},{"@type":"ListItem","position":2,"name":"Boutique","item":"https:\/\/www.belleflamme.ca\/fr\/boutique\/"},{"@type":"ListItem","position":3,"name":"BBQ &amp; Produits Ext\u00e9rieurs","item":"https:\/\/staging.belleflamme.ca\/fr\/categories\/bbq-produits-exterieurs\/"},{"@type":"ListItem","position":4,"name":"Tables de Feu","item":"https:\/\/staging.belleflamme.ca\/fr\/categories\/bbq-produits-exterieurs\/table-de-feu\/"},{"@type":"ListItem","position":5,"name":"Table de Feux Halo 47 de Urbana"}]},{"@type":"WebSite","@id":"https:\/\/www.belleflamme.ca\/fr\/#website","url":"https:\/\/www.belleflamme.ca\/fr\/","name":"Groupe Belleflamme","description":"La m\u00e9canique du b\u00e2timent dans le sang.","publisher":{"@id":"https:\/\/www.belleflamme.ca\/fr\/#organization"},"potentialAction":[{"@type":"SearchAction","target":{"@type":"EntryPoint","urlTemplate":"https:\/\/www.belleflamme.ca\/fr\/?s={search_term_string}"},"query-input":{"@type":"PropertyValueSpecification","valueRequired":true,"valueName":"search_term_string"}}],"inLanguage":"fr-FR"},{"@type":["Organization","Place"],"@id":"https:\/\/www.belleflamme.ca\/fr\/#organization","name":"Groupe Belleflamme","alternateName":"Belleflamme","url":"https:\/\/www.belleflamme.ca\/fr\/","logo":{"@type":"ImageObject","inLanguage":"fr-FR","@id":"https:\/\/www.belleflamme.ca\/fr\/#\/schema\/logo\/image\/","url":"https:\/\/staging.belleflamme.ca\/wp-content\/uploads\/2023\/01\/og-image.jpg","contentUrl":"https:\/\/staging.belleflamme.ca\/wp-content\/uploads\/2023\/01\/og-image.jpg","width":1200,"height":630,"caption":"Groupe Belleflamme"},"image":{"@id":"https:\/\/www.belleflamme.ca\/fr\/#\/schema\/logo\/image\/"},"sameAs":["https:\/\/www.facebook.com\/belleflamme.ca\/","https:\/\/www.linkedin.com\/company\/belleflamme\/","https:\/\/www.pinterest.ca\/groupebelleflamme\/","https:\/\/www.instagram.com\/legroupebelleflamme\/"],"mainEntityOfPage":{"@id":"https:\/\/staging.belleflamme.ca\/fr\/produit\/tables-de-feux-halo-47-de-urbana\/"}}]},"product_brand":"Urbana Luxury Fireplaces","product_price_amount":"4650.00","product_price_currency":"CAD","og_availability":"instock","product_availability":"instock","product_retailer_item_id":"UFP47R-SB24","product_condition":"new"},"_links":{"self":[{"href":"https:\/\/staging.belleflamme.ca\/fr\/wp-json\/wp\/v2\/product\/50220","targetHints":{"allow":["GET"]}}],"collection":[{"href":"https:\/\/staging.belleflamme.ca\/fr\/wp-json\/wp\/v2\/product"}],"about":[{"href":"https:\/\/staging.belleflamme.ca\/fr\/wp-json\/wp\/v2\/types\/product"}],"version-history":[{"count":8,"href":"https:\/\/staging.belleflamme.ca\/fr\/wp-json\/wp\/v2\/product\/50220\/revisions"}],"predecessor-version":[{"id":50266,"href":"https:\/\/staging.belleflamme.ca\/fr\/wp-json\/wp\/v2\/product\/50220\/revisions\/50266"}],"wp:featuredmedia":[{"embeddable":true,"href":"https:\/\/staging.belleflamme.ca\/fr\/wp-json\/wp\/v2\/media\/50221"}],"wp:attachment":[{"href":"https:\/\/staging.belleflamme.ca\/fr\/wp-json\/wp\/v2\/media?parent=50220"}],"wp:term":[{"taxonomy":"product_brand","embeddable":true,"href":"https:\/\/staging.belleflamme.ca\/fr\/wp-json\/wp\/v2\/product_brand?post=50220"},{"taxonomy":"product_cat","embeddable":true,"href":"https:\/\/staging.belleflamme.ca\/fr\/wp-json\/wp\/v2\/product_cat?post=50220"},{"taxonomy":"product_tag","embeddable":true,"href":"https:\/\/staging.belleflamme.ca\/fr\/wp-json\/wp\/v2\/product_tag?post=50220"}],"curies":[{"name":"wp","href":"https:\/\/api.w.org\/{rel}","templated":true}]}}