{"id":50091,"date":"2025-02-12T09:40:27","date_gmt":"2025-02-12T14:40:27","guid":{"rendered":"https:\/\/www.belleflamme.ca\/?post_type=product&#038;p=50091"},"modified":"2025-02-27T11:56:55","modified_gmt":"2025-02-27T16:56:55","slug":"bbq-au-gaz-rogue-525-de-napoleon-2","status":"publish","type":"product","link":"https:\/\/staging.belleflamme.ca\/fr\/produit\/bbq-au-gaz-rogue-525-de-napoleon-2\/","title":{"rendered":"BBQ au Gaz Rogue 525 de Napoleon"},"content":{"rendered":"\t\t<div data-elementor-type=\"product-post\" data-elementor-id=\"50091\" class=\"elementor elementor-50091\" data-elementor-post-type=\"product\">\n\t\t\t\t\t\t<section class=\"elementor-section elementor-top-section elementor-element elementor-element-722245a8 elementor-section-boxed elementor-section-height-default elementor-section-height-default\" data-id=\"722245a8\" data-element_type=\"section\">\n\t\t\t\t\t\t<div class=\"elementor-container elementor-column-gap-default\">\n\t\t\t\t\t<div class=\"elementor-column elementor-col-100 elementor-top-column elementor-element elementor-element-5ea54ecd\" data-id=\"5ea54ecd\" data-element_type=\"column\">\n\t\t\t<div class=\"elementor-widget-wrap elementor-element-populated\">\n\t\t\t\t\t\t<div class=\"elementor-element elementor-element-1eb3a878 elementor-widget elementor-widget-text-editor\" data-id=\"1eb3a878\" data-element_type=\"widget\" data-widget_type=\"text-editor.default\">\n\t\t\t\t<div class=\"elementor-widget-container\">\n\t\t\t\t\t\t\t\t\t<h3 class=\"title hide-item-on-mobile\">Description<\/h3>\r\n<div class=\"inner-wrapper\" data-max-height=\"360px\" data-fade=\"true\">\r\n<div class=\"clearfix text-formatted field field--name-body field--type-text-with-summary field--label-hidden field__item\">\r\n\r\nLe gril Rogue\u00ae 525 en acier inoxydable au propane et au gaz naturel de Napoleon est une am\u00e9lioration \u00e9l\u00e9gante pour votre espace de vie ext\u00e9rieur. Obtenez les meilleures marques de grillade gr\u00e2ce \u00e0 nos grilles en fonte WAVE. Les quatre br\u00fbleurs en acier inoxydable garantissent un contr\u00f4le pr\u00e9cis de la temp\u00e9rature, tandis que les diffuseurs \u00e0 deux niveaux intensifient les saveurs en vaporisant les jus de cuisson. Avec 525 po\u00b2 de surface de cuisson, pr\u00e9parez des repas savoureux pour n\u2019importe quelle occasion. Les surfaces en acier inoxydable durables et \u00e9l\u00e9gantes r\u00e9sistent aux intemp\u00e9ries et \u00e0 l\u2019usure. Man\u0153uvrez facilement le gril gr\u00e2ce aux roulettes verrouillables et \u00e9conomisez de l\u2019espace gr\u00e2ce aux tablettes lat\u00e9rales rabattables en acier inoxydable. D\u00e9couvrez la polyvalence, la qualit\u00e9 et l\u2019abordabilit\u00e9 incomparables de ce gril Rogue\u00ae au gaz de Napoleon.\r\n\r\n<\/div>\r\n<\/div>\r\n<h3 class=\"title hide-item-on-mobile\">Caract\u00e9ristiques<\/h3>\r\n<div class=\"inner-wrapper open\" data-max-height=\"360px\" data-fade=\"true\" data-height=\"456px\">\r\n<div class=\"clearfix text-formatted field field--name-field-summary-features field--type-text field--label-hidden field__items\">\r\n<div class=\"field__item\">Quatre br\u00fbleurs principaux Surface de cuisson totale\u00a0: 28\u00a03\/4\u00a0po \u00d7 18\u00a0po (79,025\u00a0cm \u00d7 45,72\u00a0cm)<\/div>\r\n<div class=\"field__item\">CONTR\u00d4LE PR\u00c9CIS DE LA CHALEUR\u00a0: Permet de griller et de r\u00f4tir avec pr\u00e9cision \u00e0 basse temp\u00e9rature ou de cuire \u00e0 feu vif pour saisir les aliments.<\/div>\r\n<div class=\"field__item\">GRILLES DE CUISSON EN FONTE\u00a0: Les grilles de cuisson en fonte \u00e9maill\u00e9e assurent un transfert de chaleur uniforme pour bien saisir les aliments. Le c\u00f4t\u00e9 invers\u00e9 des grilles cr\u00e9e de plus grandes marques de grillade et est dot\u00e9 de rainures permettant de retenir les jus de cuisson.<\/div>\r\n<div class=\"field__item\">FINI DURABLE\u00a0: Gril en acier inoxydable durable qui offre une r\u00e9sistance contre la rouille et les intemp\u00e9ries tout en demeurant \u00e9l\u00e9gant.<\/div>\r\n<div class=\"field__item\">\u00c9CONOMIE D\u2019ESPACE\u00a0: Les tablettes lat\u00e9rales rabattables permettent de ranger le gril \u00e0 l\u2019\u00e9cart ou dans des espaces restreints, ce qui est id\u00e9al pour les balcons et les petites terrasses.<\/div>\r\n<div class=\"field__item\">SYST\u00c8ME D\u2019ALLUMAGE JETFIRE\u00a0: Allumez le gril Rogue\u00ae\u00a0525 instantan\u00e9ment gr\u00e2ce au syst\u00e8me d\u2019allumage sans piles. Ce syst\u00e8me d\u2019allumage fiable allume imm\u00e9diatement les br\u00fbleurs en produisant un jet de flamme.<\/div>\r\n<div class=\"field__item\">GRILLES DE CUISSON ONDUL\u00c9ES\u00a0: Les grilles de cuisson WAVE\u1d39\u1d30 embl\u00e9matiques assurent un transfert de chaleur uniforme, emp\u00eachent les aliments de tomber dans le gril et produisent des marques de grillade exceptionnelles.<\/div>\r\n<div class=\"field__item\">PLAQUES DE BR\u00dbLEUR \u00c0 DEUX NIVEAUX\u00a0: Les plaques de br\u00fbleur \u00e0 deux niveaux en acier inoxydable vaporisent les jus de cuisson qui s\u2019\u00e9coulent, prot\u00e9geant ainsi les br\u00fbleurs tubulaires en acier inoxydable et gardant votre gril plus propre.<\/div>\r\n<div class=\"field__item\">ROULETTES VERROUILLABLES\u00a0: Roulettes verrouillables qui facilitent le d\u00e9placement et l\u2019immobilisation du gril.<\/div>\r\n<\/div>\r\n<\/div>\r\n<div><\/div>\r\n<div>\r\n<table class=\"specification-table\">\r\n<tbody>\r\n<tr>\r\n<th>Garantie<\/th>\r\n<td>Garantie de 15 ans<sup>*<\/sup><\/td>\r\n<\/tr>\r\n<tr>\r\n<th>Type de carburant<\/th>\r\n<td>Propane et Gaz Naturel<\/td>\r\n<\/tr>\r\n<tr>\r\n<th>D\u00e9bit de chaleur<\/th>\r\n<td>48 000 BTU (16,60 kW)<\/td>\r\n<\/tr>\r\n<tr>\r\n<th>Surface de cuisson principale<\/th>\r\n<td>28.75 x 18 in (73 x 46 cm) \u00a0|\u00a0 32 hamburgers<\/td>\r\n<\/tr>\r\n<tr>\r\n<th>Surface de cuisson totale<\/th>\r\n<td>711 sq.in (4 560 cm\u00b2)<\/td>\r\n<\/tr>\r\n<tr>\r\n<th>R\u00f4tissoire incluse<\/th>\r\n<td>Non<\/td>\r\n<\/tr>\r\n<tr>\r\n<th>Hauteur<\/th>\r\n<td>47,50 in (120 cm) \u00a0|\u00a0 63 in (160 cm) avec le couvercle ouvert<\/td>\r\n<\/tr>\r\n<tr>\r\n<th>Largeur<\/th>\r\n<td>56,50 in (144 cm) \u00a0|\u00a0 40,50 in (103 cm) avec la\/les tablette(s) pli\u00e9e(s)<\/td>\r\n<\/tr>\r\n<tr>\r\n<th>Profondeur<\/th>\r\n<td>24,50 in (63 cm)<\/td>\r\n<\/tr>\r\n<tr>\r\n<th>Hauteur de la bo\u00eete<\/th>\r\n<td>24 in (60,96 cm)<\/td>\r\n<\/tr>\r\n<tr>\r\n<th>Largeur de la bo\u00eete<\/th>\r\n<td>28,50 in (72,39 cm)<\/td>\r\n<\/tr>\r\n<tr>\r\n<th>Profondeur de la bo\u00eete<\/th>\r\n<td>36 in (91,44 cm)<\/td>\r\n<\/tr>\r\n<tr>\r\n<th>Poids de la bo\u00eete<\/th>\r\n<td>146 lbs. (66,21 kg)<\/td>\r\n<\/tr>\r\n<\/tbody>\r\n<\/table>\r\n<\/div>\t\t\t\t\t\t\t\t<\/div>\n\t\t\t\t<\/div>\n\t\t\t\t\t<\/div>\n\t\t<\/div>\n\t\t\t\t\t<\/div>\n\t\t<\/section>\n\t\t\t\t<section class=\"elementor-section elementor-top-section elementor-element elementor-element-d1486ce elementor-section-boxed elementor-section-height-default elementor-section-height-default\" data-id=\"d1486ce\" data-element_type=\"section\">\n\t\t\t\t\t\t<div class=\"elementor-container elementor-column-gap-default\">\n\t\t\t\t\t<div class=\"elementor-column elementor-col-100 elementor-top-column elementor-element elementor-element-55d413f\" data-id=\"55d413f\" data-element_type=\"column\">\n\t\t\t<div class=\"elementor-widget-wrap elementor-element-populated\">\n\t\t\t\t\t\t<div class=\"elementor-element elementor-element-66cc2b2 elementor-tabs-view-horizontal elementor-widget elementor-widget-tabs\" data-id=\"66cc2b2\" data-element_type=\"widget\" data-widget_type=\"tabs.default\">\n\t\t\t\t<div class=\"elementor-widget-container\">\n\t\t\t\t\t\t\t<div class=\"elementor-tabs\">\n\t\t\t<div class=\"elementor-tabs-wrapper\" role=\"tablist\" >\n\t\t\t\t\t\t\t\t\t<div id=\"elementor-tab-title-1071\" class=\"elementor-tab-title elementor-tab-desktop-title\" aria-selected=\"true\" data-tab=\"1\" role=\"tab\" tabindex=\"0\" aria-controls=\"elementor-tab-content-1071\" aria-expanded=\"false\">Fichiers<\/div>\n\t\t\t\t\t\t\t<\/div>\n\t\t\t<div class=\"elementor-tabs-content-wrapper\" role=\"tablist\" aria-orientation=\"vertical\">\n\t\t\t\t\t\t\t\t\t<div class=\"elementor-tab-title elementor-tab-mobile-title\" aria-selected=\"true\" data-tab=\"1\" role=\"tab\" tabindex=\"0\" aria-controls=\"elementor-tab-content-1071\" aria-expanded=\"false\">Fichiers<\/div>\n\t\t\t\t\t<div id=\"elementor-tab-content-1071\" class=\"elementor-tab-content elementor-clearfix\" data-tab=\"1\" role=\"tabpanel\" aria-labelledby=\"elementor-tab-title-1071\" tabindex=\"0\" hidden=\"false\"><i class=\"far fa-file-pdf fa-xl\" style=\"font-size:35px\"><\/i><a href=\"https:\/\/www.belleflamme.ca\/wp-content\/uploads\/2025\/02\/ADBRN2-ROGG-ADBRRG-Rogue-Brochure_FR_Digital-3.pdf\"> Brochure<\/a><\/br>\n<i class=\"far fa-file-pdf fa-xl\" style=\"font-size:35px\"><\/i><a href=\"https:\/\/www.belleflamme.ca\/wp-content\/uploads\/2025\/02\/Rogue-Series-Product-Manual-Nov-2024v1-4.pdf\"> Manuel<\/a><\/br>\n<i class=\"far fa-file-pdf fa-xl\" style=\"font-size:35px\"><\/i><a href=\"https:\/\/www.belleflamme.ca\/wp-content\/uploads\/2025\/02\/N415-10001903_-2_Rogue_Assembly_Guide_NA.pdf\"> Guide D&#8217;assemblage<\/a><\/br><\/div>\n\t\t\t\t\t\t\t<\/div>\n\t\t<\/div>\n\t\t\t\t\t\t<\/div>\n\t\t\t\t<\/div>\n\t\t\t\t\t<\/div>\n\t\t<\/div>\n\t\t\t\t\t<\/div>\n\t\t<\/section>\n\t\t\t\t<\/div>\n\t\t","protected":false},"excerpt":{"rendered":"<p>Description Le gril Rogue\u00ae 525 en acier inoxydable au propane et au gaz naturel de Napoleon est une am\u00e9lioration \u00e9l\u00e9gante pour votre espace de vie ext\u00e9rieur. Obtenez les meilleures marques de grillade gr\u00e2ce \u00e0 nos grilles en fonte WAVE. Les quatre br\u00fbleurs en acier inoxydable garantissent un contr\u00f4le pr\u00e9cis de la temp\u00e9rature, tandis que les [&hellip;]<\/p>\n","protected":false},"featured_media":51488,"template":"","meta":{"inline_featured_image":false},"product_brand":[1316],"product_cat":[113,114],"product_tag":[],"class_list":{"0":"post-50091","1":"product","2":"type-product","3":"status-publish","4":"has-post-thumbnail","6":"product_brand-bbq-napoleon","7":"product_cat-bbq-produits-exterieurs","8":"product_cat-bbq-au-gaz","10":"first","11":"instock","12":"taxable","13":"shipping-taxable","14":"purchasable","15":"product-type-variable"},"yoast_head":"<!-- This site is optimized with the Yoast SEO Premium plugin v24.2 (Yoast SEO v24.2) - https:\/\/yoast.com\/wordpress\/plugins\/seo\/ -->\n<title>BBQ au Gaz Rogue 525 de Napoleon - Groupe BelleFlamme<\/title>\n<meta name=\"description\" content=\"BBQ au Gaz Rogue\u00ae 525 de Napoleon vendu et install\u00e9 par le Groupe Belleflamme. Laval, Montr\u00e9al, Gatineau et Saint-Sauveur.\" \/>\n<meta name=\"robots\" content=\"index, follow, max-snippet:-1, max-image-preview:large, max-video-preview:-1\" \/>\n<link rel=\"canonical\" href=\"https:\/\/staging.belleflamme.ca\/fr\/produit\/bbq-au-gaz-rogue-525-de-napoleon-2\/\" \/>\n<meta property=\"og:locale\" content=\"fr_FR\" \/>\n<meta property=\"og:type\" content=\"article\" \/>\n<meta property=\"og:title\" content=\"BBQ au Gaz Rogue 525 de Napoleon\" \/>\n<meta property=\"og:description\" content=\"BBQ au Gaz Rogue\u00ae 525 de Napoleon vendu et install\u00e9 par le Groupe Belleflamme. Laval, Montr\u00e9al, Gatineau et Saint-Sauveur.\" \/>\n<meta property=\"og:url\" content=\"https:\/\/staging.belleflamme.ca\/fr\/produit\/bbq-au-gaz-rogue-525-de-napoleon-2\/\" \/>\n<meta property=\"og:site_name\" content=\"Groupe BelleFlamme\" \/>\n<meta property=\"article:publisher\" content=\"https:\/\/www.facebook.com\/belleflamme.ca\/\" \/>\n<meta property=\"article:modified_time\" content=\"2025-02-27T16:56:55+00:00\" \/>\n<meta property=\"og:image\" content=\"https:\/\/www.belleflamme.ca\/wp-content\/uploads\/2025\/02\/BBQ-au-Gaz-Rogue-525-de-Napoleon.webp\" \/>\n\t<meta property=\"og:image:width\" content=\"1000\" \/>\n\t<meta property=\"og:image:height\" content=\"1000\" \/>\n\t<meta property=\"og:image:type\" content=\"image\/webp\" \/>\n<meta name=\"twitter:card\" content=\"summary_large_image\" \/>\n<meta name=\"twitter:label1\" content=\"Disponibilit\u00e9\" \/>\n\t<meta name=\"twitter:data1\" content=\"En stock\" \/>\n<script type=\"application\/ld+json\" class=\"yoast-schema-graph\">{\"@context\":\"https:\/\/schema.org\",\"@graph\":[{\"@type\":[\"WebPage\",\"ItemPage\"],\"@id\":\"https:\/\/staging.belleflamme.ca\/fr\/produit\/bbq-au-gaz-rogue-525-de-napoleon-2\/\",\"url\":\"https:\/\/staging.belleflamme.ca\/fr\/produit\/bbq-au-gaz-rogue-525-de-napoleon-2\/\",\"name\":\"BBQ au Gaz Rogue 525 de Napoleon - Groupe BelleFlamme\",\"isPartOf\":{\"@id\":\"https:\/\/www.belleflamme.ca\/fr\/#website\"},\"primaryImageOfPage\":{\"@id\":\"https:\/\/staging.belleflamme.ca\/fr\/produit\/bbq-au-gaz-rogue-525-de-napoleon-2\/#primaryimage\"},\"image\":{\"@id\":\"https:\/\/staging.belleflamme.ca\/fr\/produit\/bbq-au-gaz-rogue-525-de-napoleon-2\/#primaryimage\"},\"thumbnailUrl\":\"https:\/\/staging.belleflamme.ca\/wp-content\/uploads\/2025\/02\/BBQ-au-Gaz-Rogue-525-de-Napoleon.webp\",\"datePublished\":\"2025-02-12T14:40:27+00:00\",\"dateModified\":\"2025-02-27T16:56:55+00:00\",\"description\":\"BBQ au Gaz Rogue\u00ae 525 de Napoleon vendu et install\u00e9 par le Groupe Belleflamme. Laval, Montr\u00e9al, Gatineau et Saint-Sauveur.\",\"breadcrumb\":{\"@id\":\"https:\/\/staging.belleflamme.ca\/fr\/produit\/bbq-au-gaz-rogue-525-de-napoleon-2\/#breadcrumb\"},\"inLanguage\":\"fr-FR\",\"potentialAction\":[{\"@type\":\"ReadAction\",\"target\":[\"https:\/\/staging.belleflamme.ca\/fr\/produit\/bbq-au-gaz-rogue-525-de-napoleon-2\/\"]}]},{\"@type\":\"ImageObject\",\"inLanguage\":\"fr-FR\",\"@id\":\"https:\/\/staging.belleflamme.ca\/fr\/produit\/bbq-au-gaz-rogue-525-de-napoleon-2\/#primaryimage\",\"url\":\"https:\/\/staging.belleflamme.ca\/wp-content\/uploads\/2025\/02\/BBQ-au-Gaz-Rogue-525-de-Napoleon.webp\",\"contentUrl\":\"https:\/\/staging.belleflamme.ca\/wp-content\/uploads\/2025\/02\/BBQ-au-Gaz-Rogue-525-de-Napoleon.webp\",\"width\":1000,\"height\":1000,\"caption\":\"BBQ au Gaz Rogue 525 de Napoleon\"},{\"@type\":\"BreadcrumbList\",\"@id\":\"https:\/\/staging.belleflamme.ca\/fr\/produit\/bbq-au-gaz-rogue-525-de-napoleon-2\/#breadcrumb\",\"itemListElement\":[{\"@type\":\"ListItem\",\"position\":1,\"name\":\"Accueil\",\"item\":\"https:\/\/www.belleflamme.ca\/fr\/\"},{\"@type\":\"ListItem\",\"position\":2,\"name\":\"Boutique\",\"item\":\"https:\/\/www.belleflamme.ca\/fr\/boutique\/\"},{\"@type\":\"ListItem\",\"position\":3,\"name\":\"BBQ &amp; Produits Ext\u00e9rieurs\",\"item\":\"https:\/\/staging.belleflamme.ca\/fr\/categories\/bbq-produits-exterieurs\/\"},{\"@type\":\"ListItem\",\"position\":4,\"name\":\"BBQ au Gaz\",\"item\":\"https:\/\/staging.belleflamme.ca\/fr\/categories\/bbq-produits-exterieurs\/bbq-au-gaz\/\"},{\"@type\":\"ListItem\",\"position\":5,\"name\":\"BBQ au Gaz Rogue 525 de Napoleon\"}]},{\"@type\":\"WebSite\",\"@id\":\"https:\/\/www.belleflamme.ca\/fr\/#website\",\"url\":\"https:\/\/www.belleflamme.ca\/fr\/\",\"name\":\"Groupe Belleflamme\",\"description\":\"La m\u00e9canique du b\u00e2timent dans le sang.\",\"publisher\":{\"@id\":\"https:\/\/www.belleflamme.ca\/fr\/#organization\"},\"potentialAction\":[{\"@type\":\"SearchAction\",\"target\":{\"@type\":\"EntryPoint\",\"urlTemplate\":\"https:\/\/www.belleflamme.ca\/fr\/?s={search_term_string}\"},\"query-input\":{\"@type\":\"PropertyValueSpecification\",\"valueRequired\":true,\"valueName\":\"search_term_string\"}}],\"inLanguage\":\"fr-FR\"},{\"@type\":[\"Organization\",\"Place\"],\"@id\":\"https:\/\/www.belleflamme.ca\/fr\/#organization\",\"name\":\"Groupe Belleflamme\",\"alternateName\":\"Belleflamme\",\"url\":\"https:\/\/www.belleflamme.ca\/fr\/\",\"logo\":{\"@type\":\"ImageObject\",\"inLanguage\":\"fr-FR\",\"@id\":\"https:\/\/www.belleflamme.ca\/fr\/#\/schema\/logo\/image\/\",\"url\":\"https:\/\/staging.belleflamme.ca\/wp-content\/uploads\/2023\/01\/og-image.jpg\",\"contentUrl\":\"https:\/\/staging.belleflamme.ca\/wp-content\/uploads\/2023\/01\/og-image.jpg\",\"width\":1200,\"height\":630,\"caption\":\"Groupe Belleflamme\"},\"image\":{\"@id\":\"https:\/\/www.belleflamme.ca\/fr\/#\/schema\/logo\/image\/\"},\"sameAs\":[\"https:\/\/www.facebook.com\/belleflamme.ca\/\",\"https:\/\/www.linkedin.com\/company\/belleflamme\/\",\"https:\/\/www.pinterest.ca\/groupebelleflamme\/\",\"https:\/\/www.instagram.com\/legroupebelleflamme\/\"],\"mainEntityOfPage\":{\"@id\":\"https:\/\/staging.belleflamme.ca\/fr\/produit\/bbq-au-gaz-rogue-525-de-napoleon-2\/\"}}]}<\/script>\n<meta property=\"product:brand\" content=\"BBQ Napoleon\" \/>\n<meta property=\"og:availability\" content=\"instock\" \/>\n<meta property=\"product:availability\" content=\"instock\" \/>\n<meta property=\"product:condition\" content=\"new\" \/>\n<!-- \/ Yoast SEO Premium plugin. -->","yoast_head_json":{"title":"BBQ au Gaz Rogue 525 de Napoleon - Groupe BelleFlamme","description":"BBQ au Gaz Rogue\u00ae 525 de Napoleon vendu et install\u00e9 par le Groupe Belleflamme. Laval, Montr\u00e9al, Gatineau et Saint-Sauveur.","robots":{"index":"index","follow":"follow","max-snippet":"max-snippet:-1","max-image-preview":"max-image-preview:large","max-video-preview":"max-video-preview:-1"},"canonical":"https:\/\/staging.belleflamme.ca\/fr\/produit\/bbq-au-gaz-rogue-525-de-napoleon-2\/","og_locale":"fr_FR","og_type":"article","og_title":"BBQ au Gaz Rogue 525 de Napoleon","og_description":"BBQ au Gaz Rogue\u00ae 525 de Napoleon vendu et install\u00e9 par le Groupe Belleflamme. Laval, Montr\u00e9al, Gatineau et Saint-Sauveur.","og_url":"https:\/\/staging.belleflamme.ca\/fr\/produit\/bbq-au-gaz-rogue-525-de-napoleon-2\/","og_site_name":"Groupe BelleFlamme","article_publisher":"https:\/\/www.facebook.com\/belleflamme.ca\/","article_modified_time":"2025-02-27T16:56:55+00:00","og_image":[{"width":1000,"height":1000,"url":"https:\/\/www.belleflamme.ca\/wp-content\/uploads\/2025\/02\/BBQ-au-Gaz-Rogue-525-de-Napoleon.webp","type":"image\/webp"}],"twitter_card":"summary_large_image","twitter_misc":{"Disponibilit\u00e9":"En stock"},"schema":{"@context":"https:\/\/schema.org","@graph":[{"@type":["WebPage","ItemPage"],"@id":"https:\/\/staging.belleflamme.ca\/fr\/produit\/bbq-au-gaz-rogue-525-de-napoleon-2\/","url":"https:\/\/staging.belleflamme.ca\/fr\/produit\/bbq-au-gaz-rogue-525-de-napoleon-2\/","name":"BBQ au Gaz Rogue 525 de Napoleon - Groupe BelleFlamme","isPartOf":{"@id":"https:\/\/www.belleflamme.ca\/fr\/#website"},"primaryImageOfPage":{"@id":"https:\/\/staging.belleflamme.ca\/fr\/produit\/bbq-au-gaz-rogue-525-de-napoleon-2\/#primaryimage"},"image":{"@id":"https:\/\/staging.belleflamme.ca\/fr\/produit\/bbq-au-gaz-rogue-525-de-napoleon-2\/#primaryimage"},"thumbnailUrl":"https:\/\/staging.belleflamme.ca\/wp-content\/uploads\/2025\/02\/BBQ-au-Gaz-Rogue-525-de-Napoleon.webp","datePublished":"2025-02-12T14:40:27+00:00","dateModified":"2025-02-27T16:56:55+00:00","description":"BBQ au Gaz Rogue\u00ae 525 de Napoleon vendu et install\u00e9 par le Groupe Belleflamme. Laval, Montr\u00e9al, Gatineau et Saint-Sauveur.","breadcrumb":{"@id":"https:\/\/staging.belleflamme.ca\/fr\/produit\/bbq-au-gaz-rogue-525-de-napoleon-2\/#breadcrumb"},"inLanguage":"fr-FR","potentialAction":[{"@type":"ReadAction","target":["https:\/\/staging.belleflamme.ca\/fr\/produit\/bbq-au-gaz-rogue-525-de-napoleon-2\/"]}]},{"@type":"ImageObject","inLanguage":"fr-FR","@id":"https:\/\/staging.belleflamme.ca\/fr\/produit\/bbq-au-gaz-rogue-525-de-napoleon-2\/#primaryimage","url":"https:\/\/staging.belleflamme.ca\/wp-content\/uploads\/2025\/02\/BBQ-au-Gaz-Rogue-525-de-Napoleon.webp","contentUrl":"https:\/\/staging.belleflamme.ca\/wp-content\/uploads\/2025\/02\/BBQ-au-Gaz-Rogue-525-de-Napoleon.webp","width":1000,"height":1000,"caption":"BBQ au Gaz Rogue 525 de Napoleon"},{"@type":"BreadcrumbList","@id":"https:\/\/staging.belleflamme.ca\/fr\/produit\/bbq-au-gaz-rogue-525-de-napoleon-2\/#breadcrumb","itemListElement":[{"@type":"ListItem","position":1,"name":"Accueil","item":"https:\/\/www.belleflamme.ca\/fr\/"},{"@type":"ListItem","position":2,"name":"Boutique","item":"https:\/\/www.belleflamme.ca\/fr\/boutique\/"},{"@type":"ListItem","position":3,"name":"BBQ &amp; Produits Ext\u00e9rieurs","item":"https:\/\/staging.belleflamme.ca\/fr\/categories\/bbq-produits-exterieurs\/"},{"@type":"ListItem","position":4,"name":"BBQ au Gaz","item":"https:\/\/staging.belleflamme.ca\/fr\/categories\/bbq-produits-exterieurs\/bbq-au-gaz\/"},{"@type":"ListItem","position":5,"name":"BBQ au Gaz Rogue 525 de Napoleon"}]},{"@type":"WebSite","@id":"https:\/\/www.belleflamme.ca\/fr\/#website","url":"https:\/\/www.belleflamme.ca\/fr\/","name":"Groupe Belleflamme","description":"La m\u00e9canique du b\u00e2timent dans le sang.","publisher":{"@id":"https:\/\/www.belleflamme.ca\/fr\/#organization"},"potentialAction":[{"@type":"SearchAction","target":{"@type":"EntryPoint","urlTemplate":"https:\/\/www.belleflamme.ca\/fr\/?s={search_term_string}"},"query-input":{"@type":"PropertyValueSpecification","valueRequired":true,"valueName":"search_term_string"}}],"inLanguage":"fr-FR"},{"@type":["Organization","Place"],"@id":"https:\/\/www.belleflamme.ca\/fr\/#organization","name":"Groupe Belleflamme","alternateName":"Belleflamme","url":"https:\/\/www.belleflamme.ca\/fr\/","logo":{"@type":"ImageObject","inLanguage":"fr-FR","@id":"https:\/\/www.belleflamme.ca\/fr\/#\/schema\/logo\/image\/","url":"https:\/\/staging.belleflamme.ca\/wp-content\/uploads\/2023\/01\/og-image.jpg","contentUrl":"https:\/\/staging.belleflamme.ca\/wp-content\/uploads\/2023\/01\/og-image.jpg","width":1200,"height":630,"caption":"Groupe Belleflamme"},"image":{"@id":"https:\/\/www.belleflamme.ca\/fr\/#\/schema\/logo\/image\/"},"sameAs":["https:\/\/www.facebook.com\/belleflamme.ca\/","https:\/\/www.linkedin.com\/company\/belleflamme\/","https:\/\/www.pinterest.ca\/groupebelleflamme\/","https:\/\/www.instagram.com\/legroupebelleflamme\/"],"mainEntityOfPage":{"@id":"https:\/\/staging.belleflamme.ca\/fr\/produit\/bbq-au-gaz-rogue-525-de-napoleon-2\/"}}]},"product_brand":"BBQ Napoleon","og_availability":"instock","product_availability":"instock","product_condition":"new"},"_links":{"self":[{"href":"https:\/\/staging.belleflamme.ca\/fr\/wp-json\/wp\/v2\/product\/50091","targetHints":{"allow":["GET"]}}],"collection":[{"href":"https:\/\/staging.belleflamme.ca\/fr\/wp-json\/wp\/v2\/product"}],"about":[{"href":"https:\/\/staging.belleflamme.ca\/fr\/wp-json\/wp\/v2\/types\/product"}],"version-history":[{"count":6,"href":"https:\/\/staging.belleflamme.ca\/fr\/wp-json\/wp\/v2\/product\/50091\/revisions"}],"predecessor-version":[{"id":51490,"href":"https:\/\/staging.belleflamme.ca\/fr\/wp-json\/wp\/v2\/product\/50091\/revisions\/51490"}],"wp:featuredmedia":[{"embeddable":true,"href":"https:\/\/staging.belleflamme.ca\/fr\/wp-json\/wp\/v2\/media\/51488"}],"wp:attachment":[{"href":"https:\/\/staging.belleflamme.ca\/fr\/wp-json\/wp\/v2\/media?parent=50091"}],"wp:term":[{"taxonomy":"product_brand","embeddable":true,"href":"https:\/\/staging.belleflamme.ca\/fr\/wp-json\/wp\/v2\/product_brand?post=50091"},{"taxonomy":"product_cat","embeddable":true,"href":"https:\/\/staging.belleflamme.ca\/fr\/wp-json\/wp\/v2\/product_cat?post=50091"},{"taxonomy":"product_tag","embeddable":true,"href":"https:\/\/staging.belleflamme.ca\/fr\/wp-json\/wp\/v2\/product_tag?post=50091"}],"curies":[{"name":"wp","href":"https:\/\/api.w.org\/{rel}","templated":true}]}}