{"id":50063,"date":"2025-02-12T09:25:44","date_gmt":"2025-02-12T14:25:44","guid":{"rendered":"https:\/\/www.belleflamme.ca\/?post_type=product&#038;p=50063"},"modified":"2025-02-27T11:16:08","modified_gmt":"2025-02-27T16:16:08","slug":"bbq-au-gaz-rogue-pro-s-525-rsib-de-napoleon","status":"publish","type":"product","link":"https:\/\/staging.belleflamme.ca\/fr\/produit\/bbq-au-gaz-rogue-pro-s-525-rsib-de-napoleon\/","title":{"rendered":"BBQ au Gaz Rogue PRO-S 525 RSIB de Napoleon"},"content":{"rendered":"\t\t<div data-elementor-type=\"product-post\" data-elementor-id=\"50063\" class=\"elementor elementor-50063\" data-elementor-post-type=\"product\">\n\t\t\t\t\t\t<section class=\"elementor-section elementor-top-section elementor-element elementor-element-7c14c5af elementor-section-boxed elementor-section-height-default elementor-section-height-default\" data-id=\"7c14c5af\" data-element_type=\"section\">\n\t\t\t\t\t\t<div class=\"elementor-container elementor-column-gap-default\">\n\t\t\t\t\t<div class=\"elementor-column elementor-col-100 elementor-top-column elementor-element elementor-element-59e0389e\" data-id=\"59e0389e\" data-element_type=\"column\">\n\t\t\t<div class=\"elementor-widget-wrap elementor-element-populated\">\n\t\t\t\t\t\t<div class=\"elementor-element elementor-element-672ec756 elementor-widget elementor-widget-text-editor\" data-id=\"672ec756\" data-element_type=\"widget\" data-widget_type=\"text-editor.default\">\n\t\t\t\t<div class=\"elementor-widget-container\">\n\t\t\t\t\t\t\t\t\t<h3 class=\"title hide-item-on-mobile\">Description<\/h3><div class=\"inner-wrapper open\" data-max-height=\"360px\" data-fade=\"true\" data-height=\"498px\"><div class=\"clearfix text-formatted field field--name-body field--type-text-with-summary field--label-hidden field__item\"><p>Lorsque les caract\u00e9ristiques haut de gamme s\u2019allient \u00e0 l\u2019excellence, vous obtenez le gril en acier inoxydable Rogue\u00ae PRO-S 525 au propane et au gaz naturel. Le br\u00fbleur arri\u00e8re infrarouge permet de pr\u00e9parer de succulents plats r\u00f4tis, tandis que le grand br\u00fbleur lat\u00e9ral infrarouge permet de pr\u00e9parer des sauces et des accompagnements dignes d\u2019un restaurant, ou des viandes saisies \u00e0 la perfection. Les grilles de cuisson WAVE\u1d39\u1d30 embl\u00e9matiques assurent un chauffage uniforme et emp\u00eachent les aliments de tomber dans le gril, tandis que les diffuseurs \u00e0 deux niveaux en acier inoxydable pr\u00e9servent la propret\u00e9 de votre gril en vaporisant les jus de cuisson. Les boutons de commande ergonomiques avec fonction SaftyGlow\u1d39\u1d30 s\u2019illuminent en rouge lorsqu\u2019un br\u00fbleur est allum\u00e9, assurant ainsi une utilisation simple et s\u00e9curitaire. La tablette lat\u00e9rale rabattable pratique et les roulettes facilement verrouillables assurent la commodit\u00e9. La construction durable et remarquable en acier inoxydable est facile \u00e0 entretenir et r\u00e9siste \u00e0 tous les environnements. Rehaussez votre exp\u00e9rience de cuisson \u00e0 l\u2019ext\u00e9rieur avec une qualit\u00e9 et un style sup\u00e9rieurs. D\u00e9couvrez l\u2019exp\u00e9rience de grillade ultime avec le gril Rogue\u00ae PRO-S.<\/p><h3 class=\"title hide-item-on-mobile\">Caract\u00e9ristiques<\/h3><div class=\"inner-wrapper open\" data-max-height=\"360px\" data-fade=\"true\" data-height=\"456px\"><div class=\"clearfix text-formatted field field--name-field-summary-features field--type-text field--label-hidden field__items\"><div class=\"field__item\">Quatre br\u00fbleurs principaux Br\u00fbleur arri\u00e8re infrarouge Br\u00fbleur lat\u00e9ral infrarouge Surface de cuisson principale\u00a0: 28\u00a03\/4\u00a0po \u00d7 18\u00a0po (79,025\u00a0cm \u00d7 45,72\u00a0cm)<\/div><div class=\"field__item\">FINI DURABLE\u00a0: Gril en acier inoxydable durable qui offre une r\u00e9sistance contre la rouille et les intemp\u00e9ries tout en demeurant \u00e9l\u00e9gant.<\/div><div class=\"field__item\">BR\u00dbLEUR LAT\u00c9RAL INFRAROUGE\u00a0: Faites saisir les steaks comme au restaurant sur le br\u00fbleur lat\u00e9ral infrarouge int\u00e9gr\u00e9 qui produit des temp\u00e9ratures incroyablement \u00e9lev\u00e9es. C\u2019est \u00e9galement l\u2019endroit id\u00e9al pour pr\u00e9parer des sauces et des accompagnements.<\/div><div class=\"field__item\">BR\u00dbLEUR ARRI\u00c8RE INFRAROUGE\u00a0: Le gril est dot\u00e9 d\u2019un br\u00fbleur de r\u00f4tissoire arri\u00e8re infrarouge pour pr\u00e9parer des repas parfaitement r\u00f4tis \u00e0 la broche.<\/div><div class=\"field__item\">GRILLE DE R\u00c9CHAUD\u00a0: La grille de r\u00e9chaud en acier inoxydable cr\u00e9e de l\u2019espace suppl\u00e9mentaire sur le gril et est id\u00e9ale pour les r\u00e9ceptions en permettant de griller facilement des hors-d\u2019\u0153uvre.<\/div><div class=\"field__item\">BOUTONS DE COMMANDE SAFETYGLOW\u00a0: Les boutons de commande r\u00e9tro\u00e9clair\u00e9s sont illumin\u00e9s par des DEL qui passent au rouge lorsque le gaz est ouvert, rendant ainsi la cuisson plus facile et plus s\u00e9curitaire apr\u00e8s la tomb\u00e9e de la nuit.<\/div><div class=\"field__item\">GRILLES DE CUISSON EN ACIER INOXYDABLE\u00a0: Les grilles de cuisson en inoxydable ne n\u00e9cessitent pratiquement aucun entretien.<\/div><div class=\"field__item\">CONTR\u00d4LE PR\u00c9CIS DE LA CHALEUR\u00a0: Permet de griller et de r\u00f4tir avec pr\u00e9cision \u00e0 basse temp\u00e9rature ou de cuire \u00e0 feu vif pour saisir les aliments.<\/div><div class=\"field__item\">\u00c9CONOMIE D\u2019ESPACE\u00a0: Les tablettes lat\u00e9rales rabattables permettent de ranger le gril \u00e0 l\u2019\u00e9cart ou dans des espaces restreints, ce qui est id\u00e9al pour les balcons et les petites terrasses.<\/div><div>\u00a0<\/div><\/div><\/div><\/div><\/div><div>\u00a0<\/div><div><table class=\"specification-table\"><tbody><tr><th>Garantie<\/th><td>Garantie de 15 ans<sup>*<\/sup><\/td><\/tr><tr><th>Type de carburant<\/th><td>Propane et Gaz Naturel<\/td><\/tr><tr><th>D\u00e9bit de chaleur<\/th><td>76 500 BTU (22,42 kW)<\/td><\/tr><tr><th>Surface de cuisson principale<\/th><td>28.75 x 18 in (73 x 46 cm) \u00a0|\u00a0 32 hamburgers<\/td><\/tr><tr><th>Surface de cuisson totale<\/th><td>851 sq.in (5 450 cm\u00b2)<\/td><\/tr><tr><th>R\u00f4tissoire incluse<\/th><td>Non<\/td><\/tr><tr><th>Side Burner<\/th><td><ul><li>Grand br\u00fbleur lat\u00e9ral infrarouge SIZZLE ZONE\u1d39\u1d30<\/li><\/ul><\/td><\/tr><tr><th>Hauteur<\/th><td>48,50 in (123 cm) \u00a0|\u00a0 63 in (160 cm) avec le couvercle ouvert<\/td><\/tr><tr><th>Largeur<\/th><td>60,50 in (154 cm) \u00a0|\u00a0 50 in (127 cm) avec la\/les tablette(s) pli\u00e9e(s)<\/td><\/tr><tr><th>Profondeur<\/th><td>25 in (63,50 cm)<\/td><\/tr><tr><th>Hauteur de la bo\u00eete<\/th><td>24 in (60,96 cm)<\/td><\/tr><tr><th>Largeur de la bo\u00eete<\/th><td>28,50 in (72,39 cm)<\/td><\/tr><tr><th>Profondeur de la bo\u00eete<\/th><td>36 in (91,44 cm)<\/td><\/tr><tr><th>Poids de la bo\u00eete<\/th><td>173 lbs. (78,46 kg)<\/td><\/tr><\/tbody><\/table><\/div>\t\t\t\t\t\t\t\t<\/div>\n\t\t\t\t<\/div>\n\t\t\t\t\t<\/div>\n\t\t<\/div>\n\t\t\t\t\t<\/div>\n\t\t<\/section>\n\t\t\t\t<section class=\"elementor-section elementor-top-section elementor-element elementor-element-efbf561 elementor-section-boxed elementor-section-height-default elementor-section-height-default\" data-id=\"efbf561\" data-element_type=\"section\">\n\t\t\t\t\t\t<div class=\"elementor-container elementor-column-gap-default\">\n\t\t\t\t\t<div class=\"elementor-column elementor-col-100 elementor-top-column elementor-element elementor-element-e94041f\" data-id=\"e94041f\" data-element_type=\"column\">\n\t\t\t<div class=\"elementor-widget-wrap elementor-element-populated\">\n\t\t\t\t\t\t<div class=\"elementor-element elementor-element-d66f4d7 elementor-tabs-view-horizontal elementor-widget elementor-widget-tabs\" data-id=\"d66f4d7\" data-element_type=\"widget\" data-widget_type=\"tabs.default\">\n\t\t\t\t<div class=\"elementor-widget-container\">\n\t\t\t\t\t\t\t<div class=\"elementor-tabs\">\n\t\t\t<div class=\"elementor-tabs-wrapper\" role=\"tablist\" >\n\t\t\t\t\t\t\t\t\t<div id=\"elementor-tab-title-2241\" class=\"elementor-tab-title elementor-tab-desktop-title\" aria-selected=\"true\" data-tab=\"1\" role=\"tab\" tabindex=\"0\" aria-controls=\"elementor-tab-content-2241\" aria-expanded=\"false\">Fichiers<\/div>\n\t\t\t\t\t\t\t<\/div>\n\t\t\t<div class=\"elementor-tabs-content-wrapper\" role=\"tablist\" aria-orientation=\"vertical\">\n\t\t\t\t\t\t\t\t\t<div class=\"elementor-tab-title elementor-tab-mobile-title\" aria-selected=\"true\" data-tab=\"1\" role=\"tab\" tabindex=\"0\" aria-controls=\"elementor-tab-content-2241\" aria-expanded=\"false\">Fichiers<\/div>\n\t\t\t\t\t<div id=\"elementor-tab-content-2241\" class=\"elementor-tab-content elementor-clearfix\" data-tab=\"1\" role=\"tabpanel\" aria-labelledby=\"elementor-tab-title-2241\" tabindex=\"0\" hidden=\"false\"><i class=\"far fa-file-pdf fa-xl\" style=\"font-size:35px\"><\/i><a href=\"https:\/\/www.belleflamme.ca\/wp-content\/uploads\/2025\/02\/ADBRN2-ROGG-ADBRRG-Rogue-Brochure_FR_Digital-1-1.pdf\"> Brochure<\/a><\/br>\n<i class=\"far fa-file-pdf fa-xl\" style=\"font-size:35px\"><\/i><a href=\"https:\/\/www.belleflamme.ca\/wp-content\/uploads\/2025\/02\/Rogue-Series-Product-Manual-Nov-2024v1-1-1.pdf\"> Manuel<\/a><\/br>\n<i class=\"far fa-file-pdf fa-xl\" style=\"font-size:35px\"><\/i><a href=\"https:\/\/www.belleflamme.ca\/wp-content\/uploads\/2025\/02\/N415-10001905_-2_RoguePROS_Assembly_Guide_NA-1.pdf\"> Guide D&#8217;assemblage<\/a><\/br><\/div>\n\t\t\t\t\t\t\t<\/div>\n\t\t<\/div>\n\t\t\t\t\t\t<\/div>\n\t\t\t\t<\/div>\n\t\t\t\t\t<\/div>\n\t\t<\/div>\n\t\t\t\t\t<\/div>\n\t\t<\/section>\n\t\t\t\t<\/div>\n\t\t","protected":false},"excerpt":{"rendered":"<p>Description Lorsque les caract\u00e9ristiques haut de gamme s\u2019allient \u00e0 l\u2019excellence, vous obtenez le gril en acier inoxydable Rogue\u00ae PRO-S 525 au propane et au gaz naturel. Le br\u00fbleur arri\u00e8re infrarouge permet de pr\u00e9parer de succulents plats r\u00f4tis, tandis que le grand br\u00fbleur lat\u00e9ral infrarouge permet de pr\u00e9parer des sauces et des accompagnements dignes d\u2019un restaurant, [&hellip;]<\/p>\n","protected":false},"featured_media":51433,"template":"","meta":{"inline_featured_image":false},"product_brand":[1316],"product_cat":[113,114],"product_tag":[],"class_list":{"0":"post-50063","1":"product","2":"type-product","3":"status-publish","4":"has-post-thumbnail","6":"product_brand-bbq-napoleon","7":"product_cat-bbq-produits-exterieurs","8":"product_cat-bbq-au-gaz","10":"first","11":"instock","12":"taxable","13":"shipping-taxable","14":"purchasable","15":"product-type-variable"},"yoast_head":"<!-- This site is optimized with the Yoast SEO Premium plugin v24.2 (Yoast SEO v24.2) - https:\/\/yoast.com\/wordpress\/plugins\/seo\/ -->\n<title>BBQ au Gaz Rogue PRO-S 525 RSIB de Napoleon - Groupe BelleFlamme<\/title>\n<meta name=\"description\" content=\"BBQ au Gaz Rogue\u00ae PRO-S 525 RSIB de Napoleon vendu et install\u00e9 par le Groupe Belleflamme. Laval, Montr\u00e9al, Gatineau et Saint-Sauveur.\" \/>\n<meta name=\"robots\" content=\"index, follow, max-snippet:-1, max-image-preview:large, max-video-preview:-1\" \/>\n<link rel=\"canonical\" href=\"https:\/\/staging.belleflamme.ca\/fr\/produit\/bbq-au-gaz-rogue-pro-s-525-rsib-de-napoleon\/\" \/>\n<meta property=\"og:locale\" content=\"fr_FR\" \/>\n<meta property=\"og:type\" content=\"article\" \/>\n<meta property=\"og:title\" content=\"BBQ au Gaz Rogue PRO-S 525 RSIB de Napoleon\" \/>\n<meta property=\"og:description\" content=\"BBQ au Gaz Rogue\u00ae PRO-S 525 RSIB de Napoleon vendu et install\u00e9 par le Groupe Belleflamme. Laval, Montr\u00e9al, Gatineau et Saint-Sauveur.\" \/>\n<meta property=\"og:url\" content=\"https:\/\/staging.belleflamme.ca\/fr\/produit\/bbq-au-gaz-rogue-pro-s-525-rsib-de-napoleon\/\" \/>\n<meta property=\"og:site_name\" content=\"Groupe BelleFlamme\" \/>\n<meta property=\"article:publisher\" content=\"https:\/\/www.facebook.com\/belleflamme.ca\/\" \/>\n<meta property=\"article:modified_time\" content=\"2025-02-27T16:16:08+00:00\" \/>\n<meta property=\"og:image\" content=\"https:\/\/www.belleflamme.ca\/wp-content\/uploads\/2025\/02\/BBQ-au-Gaz-Rogue-PRO-S-525-RSIB-de-Napoleon.webp\" \/>\n\t<meta property=\"og:image:width\" content=\"1000\" \/>\n\t<meta property=\"og:image:height\" content=\"1000\" \/>\n\t<meta property=\"og:image:type\" content=\"image\/webp\" \/>\n<meta name=\"twitter:card\" content=\"summary_large_image\" \/>\n<meta name=\"twitter:label1\" content=\"Disponibilit\u00e9\" \/>\n\t<meta name=\"twitter:data1\" content=\"En stock\" \/>\n<script type=\"application\/ld+json\" class=\"yoast-schema-graph\">{\"@context\":\"https:\/\/schema.org\",\"@graph\":[{\"@type\":[\"WebPage\",\"ItemPage\"],\"@id\":\"https:\/\/staging.belleflamme.ca\/fr\/produit\/bbq-au-gaz-rogue-pro-s-525-rsib-de-napoleon\/\",\"url\":\"https:\/\/staging.belleflamme.ca\/fr\/produit\/bbq-au-gaz-rogue-pro-s-525-rsib-de-napoleon\/\",\"name\":\"BBQ au Gaz Rogue PRO-S 525 RSIB de Napoleon - Groupe BelleFlamme\",\"isPartOf\":{\"@id\":\"https:\/\/www.belleflamme.ca\/fr\/#website\"},\"primaryImageOfPage\":{\"@id\":\"https:\/\/staging.belleflamme.ca\/fr\/produit\/bbq-au-gaz-rogue-pro-s-525-rsib-de-napoleon\/#primaryimage\"},\"image\":{\"@id\":\"https:\/\/staging.belleflamme.ca\/fr\/produit\/bbq-au-gaz-rogue-pro-s-525-rsib-de-napoleon\/#primaryimage\"},\"thumbnailUrl\":\"https:\/\/staging.belleflamme.ca\/wp-content\/uploads\/2025\/02\/BBQ-au-Gaz-Rogue-PRO-S-525-RSIB-de-Napoleon.webp\",\"datePublished\":\"2025-02-12T14:25:44+00:00\",\"dateModified\":\"2025-02-27T16:16:08+00:00\",\"description\":\"BBQ au Gaz Rogue\u00ae PRO-S 525 RSIB de Napoleon vendu et install\u00e9 par le Groupe Belleflamme. Laval, Montr\u00e9al, Gatineau et Saint-Sauveur.\",\"breadcrumb\":{\"@id\":\"https:\/\/staging.belleflamme.ca\/fr\/produit\/bbq-au-gaz-rogue-pro-s-525-rsib-de-napoleon\/#breadcrumb\"},\"inLanguage\":\"fr-FR\",\"potentialAction\":[{\"@type\":\"ReadAction\",\"target\":[\"https:\/\/staging.belleflamme.ca\/fr\/produit\/bbq-au-gaz-rogue-pro-s-525-rsib-de-napoleon\/\"]}]},{\"@type\":\"ImageObject\",\"inLanguage\":\"fr-FR\",\"@id\":\"https:\/\/staging.belleflamme.ca\/fr\/produit\/bbq-au-gaz-rogue-pro-s-525-rsib-de-napoleon\/#primaryimage\",\"url\":\"https:\/\/staging.belleflamme.ca\/wp-content\/uploads\/2025\/02\/BBQ-au-Gaz-Rogue-PRO-S-525-RSIB-de-Napoleon.webp\",\"contentUrl\":\"https:\/\/staging.belleflamme.ca\/wp-content\/uploads\/2025\/02\/BBQ-au-Gaz-Rogue-PRO-S-525-RSIB-de-Napoleon.webp\",\"width\":1000,\"height\":1000,\"caption\":\"BBQ au Gaz Rogue PRO-S 525 RSIB de Napoleon\"},{\"@type\":\"BreadcrumbList\",\"@id\":\"https:\/\/staging.belleflamme.ca\/fr\/produit\/bbq-au-gaz-rogue-pro-s-525-rsib-de-napoleon\/#breadcrumb\",\"itemListElement\":[{\"@type\":\"ListItem\",\"position\":1,\"name\":\"Accueil\",\"item\":\"https:\/\/www.belleflamme.ca\/fr\/\"},{\"@type\":\"ListItem\",\"position\":2,\"name\":\"Boutique\",\"item\":\"https:\/\/www.belleflamme.ca\/fr\/boutique\/\"},{\"@type\":\"ListItem\",\"position\":3,\"name\":\"BBQ &amp; Produits Ext\u00e9rieurs\",\"item\":\"https:\/\/staging.belleflamme.ca\/fr\/categories\/bbq-produits-exterieurs\/\"},{\"@type\":\"ListItem\",\"position\":4,\"name\":\"BBQ au Gaz\",\"item\":\"https:\/\/staging.belleflamme.ca\/fr\/categories\/bbq-produits-exterieurs\/bbq-au-gaz\/\"},{\"@type\":\"ListItem\",\"position\":5,\"name\":\"BBQ au Gaz Rogue PRO-S 525 RSIB de Napoleon\"}]},{\"@type\":\"WebSite\",\"@id\":\"https:\/\/www.belleflamme.ca\/fr\/#website\",\"url\":\"https:\/\/www.belleflamme.ca\/fr\/\",\"name\":\"Groupe Belleflamme\",\"description\":\"La m\u00e9canique du b\u00e2timent dans le sang.\",\"publisher\":{\"@id\":\"https:\/\/www.belleflamme.ca\/fr\/#organization\"},\"potentialAction\":[{\"@type\":\"SearchAction\",\"target\":{\"@type\":\"EntryPoint\",\"urlTemplate\":\"https:\/\/www.belleflamme.ca\/fr\/?s={search_term_string}\"},\"query-input\":{\"@type\":\"PropertyValueSpecification\",\"valueRequired\":true,\"valueName\":\"search_term_string\"}}],\"inLanguage\":\"fr-FR\"},{\"@type\":[\"Organization\",\"Place\"],\"@id\":\"https:\/\/www.belleflamme.ca\/fr\/#organization\",\"name\":\"Groupe Belleflamme\",\"alternateName\":\"Belleflamme\",\"url\":\"https:\/\/www.belleflamme.ca\/fr\/\",\"logo\":{\"@type\":\"ImageObject\",\"inLanguage\":\"fr-FR\",\"@id\":\"https:\/\/www.belleflamme.ca\/fr\/#\/schema\/logo\/image\/\",\"url\":\"https:\/\/staging.belleflamme.ca\/wp-content\/uploads\/2023\/01\/og-image.jpg\",\"contentUrl\":\"https:\/\/staging.belleflamme.ca\/wp-content\/uploads\/2023\/01\/og-image.jpg\",\"width\":1200,\"height\":630,\"caption\":\"Groupe Belleflamme\"},\"image\":{\"@id\":\"https:\/\/www.belleflamme.ca\/fr\/#\/schema\/logo\/image\/\"},\"sameAs\":[\"https:\/\/www.facebook.com\/belleflamme.ca\/\",\"https:\/\/www.linkedin.com\/company\/belleflamme\/\",\"https:\/\/www.pinterest.ca\/groupebelleflamme\/\",\"https:\/\/www.instagram.com\/legroupebelleflamme\/\"],\"mainEntityOfPage\":{\"@id\":\"https:\/\/staging.belleflamme.ca\/fr\/produit\/bbq-au-gaz-rogue-pro-s-525-rsib-de-napoleon\/\"}}]}<\/script>\n<meta property=\"product:brand\" content=\"BBQ Napoleon\" \/>\n<meta property=\"og:availability\" content=\"instock\" \/>\n<meta property=\"product:availability\" content=\"instock\" \/>\n<meta property=\"product:condition\" content=\"new\" \/>\n<!-- \/ Yoast SEO Premium plugin. -->","yoast_head_json":{"title":"BBQ au Gaz Rogue PRO-S 525 RSIB de Napoleon - Groupe BelleFlamme","description":"BBQ au Gaz Rogue\u00ae PRO-S 525 RSIB de Napoleon vendu et install\u00e9 par le Groupe Belleflamme. Laval, Montr\u00e9al, Gatineau et Saint-Sauveur.","robots":{"index":"index","follow":"follow","max-snippet":"max-snippet:-1","max-image-preview":"max-image-preview:large","max-video-preview":"max-video-preview:-1"},"canonical":"https:\/\/staging.belleflamme.ca\/fr\/produit\/bbq-au-gaz-rogue-pro-s-525-rsib-de-napoleon\/","og_locale":"fr_FR","og_type":"article","og_title":"BBQ au Gaz Rogue PRO-S 525 RSIB de Napoleon","og_description":"BBQ au Gaz Rogue\u00ae PRO-S 525 RSIB de Napoleon vendu et install\u00e9 par le Groupe Belleflamme. Laval, Montr\u00e9al, Gatineau et Saint-Sauveur.","og_url":"https:\/\/staging.belleflamme.ca\/fr\/produit\/bbq-au-gaz-rogue-pro-s-525-rsib-de-napoleon\/","og_site_name":"Groupe BelleFlamme","article_publisher":"https:\/\/www.facebook.com\/belleflamme.ca\/","article_modified_time":"2025-02-27T16:16:08+00:00","og_image":[{"width":1000,"height":1000,"url":"https:\/\/www.belleflamme.ca\/wp-content\/uploads\/2025\/02\/BBQ-au-Gaz-Rogue-PRO-S-525-RSIB-de-Napoleon.webp","type":"image\/webp"}],"twitter_card":"summary_large_image","twitter_misc":{"Disponibilit\u00e9":"En stock"},"schema":{"@context":"https:\/\/schema.org","@graph":[{"@type":["WebPage","ItemPage"],"@id":"https:\/\/staging.belleflamme.ca\/fr\/produit\/bbq-au-gaz-rogue-pro-s-525-rsib-de-napoleon\/","url":"https:\/\/staging.belleflamme.ca\/fr\/produit\/bbq-au-gaz-rogue-pro-s-525-rsib-de-napoleon\/","name":"BBQ au Gaz Rogue PRO-S 525 RSIB de Napoleon - Groupe BelleFlamme","isPartOf":{"@id":"https:\/\/www.belleflamme.ca\/fr\/#website"},"primaryImageOfPage":{"@id":"https:\/\/staging.belleflamme.ca\/fr\/produit\/bbq-au-gaz-rogue-pro-s-525-rsib-de-napoleon\/#primaryimage"},"image":{"@id":"https:\/\/staging.belleflamme.ca\/fr\/produit\/bbq-au-gaz-rogue-pro-s-525-rsib-de-napoleon\/#primaryimage"},"thumbnailUrl":"https:\/\/staging.belleflamme.ca\/wp-content\/uploads\/2025\/02\/BBQ-au-Gaz-Rogue-PRO-S-525-RSIB-de-Napoleon.webp","datePublished":"2025-02-12T14:25:44+00:00","dateModified":"2025-02-27T16:16:08+00:00","description":"BBQ au Gaz Rogue\u00ae PRO-S 525 RSIB de Napoleon vendu et install\u00e9 par le Groupe Belleflamme. Laval, Montr\u00e9al, Gatineau et Saint-Sauveur.","breadcrumb":{"@id":"https:\/\/staging.belleflamme.ca\/fr\/produit\/bbq-au-gaz-rogue-pro-s-525-rsib-de-napoleon\/#breadcrumb"},"inLanguage":"fr-FR","potentialAction":[{"@type":"ReadAction","target":["https:\/\/staging.belleflamme.ca\/fr\/produit\/bbq-au-gaz-rogue-pro-s-525-rsib-de-napoleon\/"]}]},{"@type":"ImageObject","inLanguage":"fr-FR","@id":"https:\/\/staging.belleflamme.ca\/fr\/produit\/bbq-au-gaz-rogue-pro-s-525-rsib-de-napoleon\/#primaryimage","url":"https:\/\/staging.belleflamme.ca\/wp-content\/uploads\/2025\/02\/BBQ-au-Gaz-Rogue-PRO-S-525-RSIB-de-Napoleon.webp","contentUrl":"https:\/\/staging.belleflamme.ca\/wp-content\/uploads\/2025\/02\/BBQ-au-Gaz-Rogue-PRO-S-525-RSIB-de-Napoleon.webp","width":1000,"height":1000,"caption":"BBQ au Gaz Rogue PRO-S 525 RSIB de Napoleon"},{"@type":"BreadcrumbList","@id":"https:\/\/staging.belleflamme.ca\/fr\/produit\/bbq-au-gaz-rogue-pro-s-525-rsib-de-napoleon\/#breadcrumb","itemListElement":[{"@type":"ListItem","position":1,"name":"Accueil","item":"https:\/\/www.belleflamme.ca\/fr\/"},{"@type":"ListItem","position":2,"name":"Boutique","item":"https:\/\/www.belleflamme.ca\/fr\/boutique\/"},{"@type":"ListItem","position":3,"name":"BBQ &amp; Produits Ext\u00e9rieurs","item":"https:\/\/staging.belleflamme.ca\/fr\/categories\/bbq-produits-exterieurs\/"},{"@type":"ListItem","position":4,"name":"BBQ au Gaz","item":"https:\/\/staging.belleflamme.ca\/fr\/categories\/bbq-produits-exterieurs\/bbq-au-gaz\/"},{"@type":"ListItem","position":5,"name":"BBQ au Gaz Rogue PRO-S 525 RSIB de Napoleon"}]},{"@type":"WebSite","@id":"https:\/\/www.belleflamme.ca\/fr\/#website","url":"https:\/\/www.belleflamme.ca\/fr\/","name":"Groupe Belleflamme","description":"La m\u00e9canique du b\u00e2timent dans le sang.","publisher":{"@id":"https:\/\/www.belleflamme.ca\/fr\/#organization"},"potentialAction":[{"@type":"SearchAction","target":{"@type":"EntryPoint","urlTemplate":"https:\/\/www.belleflamme.ca\/fr\/?s={search_term_string}"},"query-input":{"@type":"PropertyValueSpecification","valueRequired":true,"valueName":"search_term_string"}}],"inLanguage":"fr-FR"},{"@type":["Organization","Place"],"@id":"https:\/\/www.belleflamme.ca\/fr\/#organization","name":"Groupe Belleflamme","alternateName":"Belleflamme","url":"https:\/\/www.belleflamme.ca\/fr\/","logo":{"@type":"ImageObject","inLanguage":"fr-FR","@id":"https:\/\/www.belleflamme.ca\/fr\/#\/schema\/logo\/image\/","url":"https:\/\/staging.belleflamme.ca\/wp-content\/uploads\/2023\/01\/og-image.jpg","contentUrl":"https:\/\/staging.belleflamme.ca\/wp-content\/uploads\/2023\/01\/og-image.jpg","width":1200,"height":630,"caption":"Groupe Belleflamme"},"image":{"@id":"https:\/\/www.belleflamme.ca\/fr\/#\/schema\/logo\/image\/"},"sameAs":["https:\/\/www.facebook.com\/belleflamme.ca\/","https:\/\/www.linkedin.com\/company\/belleflamme\/","https:\/\/www.pinterest.ca\/groupebelleflamme\/","https:\/\/www.instagram.com\/legroupebelleflamme\/"],"mainEntityOfPage":{"@id":"https:\/\/staging.belleflamme.ca\/fr\/produit\/bbq-au-gaz-rogue-pro-s-525-rsib-de-napoleon\/"}}]},"product_brand":"BBQ Napoleon","og_availability":"instock","product_availability":"instock","product_condition":"new"},"_links":{"self":[{"href":"https:\/\/staging.belleflamme.ca\/fr\/wp-json\/wp\/v2\/product\/50063","targetHints":{"allow":["GET"]}}],"collection":[{"href":"https:\/\/staging.belleflamme.ca\/fr\/wp-json\/wp\/v2\/product"}],"about":[{"href":"https:\/\/staging.belleflamme.ca\/fr\/wp-json\/wp\/v2\/types\/product"}],"version-history":[{"count":5,"href":"https:\/\/staging.belleflamme.ca\/fr\/wp-json\/wp\/v2\/product\/50063\/revisions"}],"predecessor-version":[{"id":51435,"href":"https:\/\/staging.belleflamme.ca\/fr\/wp-json\/wp\/v2\/product\/50063\/revisions\/51435"}],"wp:featuredmedia":[{"embeddable":true,"href":"https:\/\/staging.belleflamme.ca\/fr\/wp-json\/wp\/v2\/media\/51433"}],"wp:attachment":[{"href":"https:\/\/staging.belleflamme.ca\/fr\/wp-json\/wp\/v2\/media?parent=50063"}],"wp:term":[{"taxonomy":"product_brand","embeddable":true,"href":"https:\/\/staging.belleflamme.ca\/fr\/wp-json\/wp\/v2\/product_brand?post=50063"},{"taxonomy":"product_cat","embeddable":true,"href":"https:\/\/staging.belleflamme.ca\/fr\/wp-json\/wp\/v2\/product_cat?post=50063"},{"taxonomy":"product_tag","embeddable":true,"href":"https:\/\/staging.belleflamme.ca\/fr\/wp-json\/wp\/v2\/product_tag?post=50063"}],"curies":[{"name":"wp","href":"https:\/\/api.w.org\/{rel}","templated":true}]}}