{"id":49888,"date":"2025-02-11T16:54:23","date_gmt":"2025-02-11T21:54:23","guid":{"rendered":"https:\/\/www.belleflamme.ca\/?post_type=product&#038;p=49888"},"modified":"2025-02-27T13:43:11","modified_gmt":"2025-02-27T18:43:11","slug":"bbq-au-gaz-phantom-prestige-500-connecte-rsib-de-napoleon","status":"publish","type":"product","link":"https:\/\/staging.belleflamme.ca\/fr\/produit\/bbq-au-gaz-phantom-prestige-500-connecte-rsib-de-napoleon\/","title":{"rendered":"BBQ au Gaz Phantom Prestige 500 connect\u00e9 RSIB de Napoleon"},"content":{"rendered":"\t\t<div data-elementor-type=\"product-post\" data-elementor-id=\"49888\" class=\"elementor elementor-49888\" data-elementor-post-type=\"product\">\n\t\t\t\t\t\t<section class=\"elementor-section elementor-top-section elementor-element elementor-element-9d31584 elementor-section-boxed elementor-section-height-default elementor-section-height-default\" data-id=\"9d31584\" data-element_type=\"section\">\n\t\t\t\t\t\t<div class=\"elementor-container elementor-column-gap-default\">\n\t\t\t\t\t<div class=\"elementor-column elementor-col-100 elementor-top-column elementor-element elementor-element-684c369\" data-id=\"684c369\" data-element_type=\"column\">\n\t\t\t<div class=\"elementor-widget-wrap elementor-element-populated\">\n\t\t\t\t\t\t<div class=\"elementor-element elementor-element-2839cba elementor-widget elementor-widget-text-editor\" data-id=\"2839cba\" data-element_type=\"widget\" data-widget_type=\"text-editor.default\">\n\t\t\t\t<div class=\"elementor-widget-container\">\n\t\t\t\t\t\t\t\t\t<h3 class=\"title hide-item-on-mobile\">Description<\/h3><div class=\"inner-wrapper open\" data-max-height=\"360px\" data-fade=\"true\" data-height=\"528px\"><div class=\"clearfix text-formatted field field--name-body field--type-text-with-summary field--label-hidden field__item\"><p>Le gril au propane Phantom Prestige 500 connect\u00e9 noir mat avec br\u00fbleurs lat\u00e9ral et arri\u00e8re infrarouges, repr\u00e9sente une v\u00e9ritable innovation dans le domaine des grils, avec une connectivit\u00e9 Wi-Fi et Bluetooth qui vous rapproche plus que jamais de votre exp\u00e9rience gastronomique. Les grilles de cuisson en inoxydable moul\u00e9 ne n\u00e9cessitent pratiquement aucun entretien et produisent des marques de grillade exceptionnelles. Surveillez les temp\u00e9ratures, r\u00e9glez des minuteries, obtenez une aide \u00e0 la cuisson et recevez des alertes de temp\u00e9rature \u00e9lev\u00e9e, le tout \u00e0 partir de votre t\u00e9l\u00e9phone intelligent. Gr\u00e2ce aux sondes de temp\u00e9rature incluses et \u00e0 l&#8217;\u00e9cran ACL int\u00e9gr\u00e9, vous saurez toujours exactement ce qui se passe \u00e0 l&#8217;int\u00e9rieur de votre gril. Un plus grand br\u00fbleur arri\u00e8re et un br\u00fbleur lat\u00e9ral infrarouges procurent une exp\u00e9rience am\u00e9lior\u00e9e. Les boutons de commande \u00e0 DEL s&#8217;illuminent lors de vos r\u00e9ceptions en soir\u00e9e et sont dot\u00e9s de la fonction SafetyGlow\u1d39\u1d30 qui fait passer les boutons au rouge pour plus de s\u00e9curit\u00e9 lorsque le gaz est allum\u00e9. La grille de r\u00e9chaud escamotable et les crochets \u00e0 ustensiles dissimul\u00e9s offrent plus d&#8217;espace de pr\u00e9paration. D\u00e9couvrez un nouveau mode de vie connect\u00e9e et faites l&#8217;exp\u00e9rience de m\u00e9thodes de cuisson uniques avec le fascinant gril Prestige\u00a0500 connect\u00e9.<\/p><h3 class=\"title hide-item-on-mobile\">Caract\u00e9ristiques<\/h3><div class=\"inner-wrapper open\" data-max-height=\"360px\" data-fade=\"true\" data-height=\"528px\"><div class=\"clearfix text-formatted field field--name-field-summary-features field--type-text field--label-hidden field__items\"><div class=\"field__item\">CONNECT\u00c9 : Connectivit\u00e9 Wi-Fi et Bluetooth, \u00e9cran ACL, alerte de temp\u00e9rature \u00e9lev\u00e9e, contr\u00f4le de la temp\u00e9rature \u00e0 distance, aide \u00e0 la cuisson et surveillance du r\u00e9servoir de combustible.<\/div><div class=\"field__item\">NOIR MAT \u00c9L\u00c9GANT : Fini noir mat durable sur toutes les surfaces, y compris les poign\u00e9es, l&#8217;insigne et les tablettes lat\u00e9rales.<\/div><div class=\"field__item\">GRANDS BR\u00dbLEURS ARRI\u00c8RE ET LAT\u00c9RAL : Le gril est dot\u00e9 d&#8217;un plus grand br\u00fbleur arri\u00e8re avec ensemble de r\u00f4tissoire robuste inclus ainsi que d&#8217;un br\u00fbleur lat\u00e9ral infrarouge de plus grande taille.<\/div><div class=\"field__item\">ENTRETIEN FACILE : Des grilles am\u00e9lior\u00e9es en acier inoxydable moul\u00e9 qui saisissent comme de la fonte et ne n\u00e9cessitent pas d&#8217;entretien, jumel\u00e9es \u00e0 un syst\u00e8me de r\u00e9cup\u00e9ration de graisse facile \u00e0 nettoyer\u00a0permettent de garder le gril propre plus longtemps.<\/div><div class=\"field__item\">SURVEILLANCE DE LA TEMP\u00c9RATURE FACILE : Sondes de temp\u00e9rature int\u00e9gr\u00e9es et prot\u00e9g\u00e9es des \u00e9l\u00e9ments.<\/div><div class=\"field__item\">LES GRILLADES SIMPLIFI\u00c9ES\u00a0: Conseils et aide \u00e0 la cuisson pour garantir que tous les plats sont cuisin\u00e9s \u00e0 la perfection.<\/div><div class=\"field__item\">PLUS D&#8217;ESPACE : 6 crochets \u00e0 ustensiles int\u00e9gr\u00e9s dissimul\u00e9s pour offrir plus d&#8217;espace sur les tablettes lat\u00e9rales pour la pr\u00e9paration.<\/div><div class=\"field__item\">PLUS D&#8217;ESPACE DE CUISSON : Le support de cuisson multifonctionnel am\u00e9lior\u00e9 est id\u00e9al pour les r\u00e9ceptions et permet de griller facilement des hors-d&#8217;\u0153uvre.<\/div><div class=\"field__item\">ROULETTES AM\u00c9LIOR\u00c9ES : Des roulettes industrielles verrouillables facilitent le mouvement et am\u00e9liorent la stabilit\u00e9.<\/div><div class=\"field__item\">SYST\u00c8ME D\u2019ALLUMAGE JETFIRE : Allumez le gril \u00e0 gaz Prestige instantan\u00e9ment gr\u00e2ce au syst\u00e8me d&#8217;allumage sans piles. Ce syst\u00e8me d\u2019allumage fiable allume imm\u00e9diatement les br\u00fbleurs en produisant un jet de flamme.<\/div><div class=\"field__item\">BOUTONS DE COMMANDE R\u00c9TRO\u00c9CLAIR\u00c9S : Les boutons de commande \u00e0 DEL facilitent la pr\u00e9paration de vos grillades en soir\u00e9e et s&#8217;illuminent en rouge gr\u00e2ce \u00e0 la fonction SafetyGlow\u1d39\u1d30 lorsque le gaz est allum\u00e9, pour plus de s\u00e9curit\u00e9.<\/div><div class=\"field__item\">GARANTIE \u00c0 VIE\u00a0: La Garantie int\u00e9grale \u00e0 vie vous offre la tranquillit\u00e9 d&#8217;esprit.<\/div><\/div><\/div><\/div><\/div><div>\u00a0<\/div><div><table class=\"specification-table\"><tbody><tr><th>Garantie<\/th><td>Garantie \u00e0 vie limit\u00e9e<sup>*<\/sup><\/td><\/tr><tr><th>Type de carburant<\/th><td>Propane<\/td><\/tr><tr><th>D\u00e9bit de chaleur<\/th><td>82 000 BTU (23,50 kW)<\/td><\/tr><tr><th>Surface de cuisson principale<\/th><td>28 x 17.75 in (71 x 46 cm) \u00a0|\u00a0 31 hamburgers<\/td><\/tr><tr><th>Surface de cuisson totale<\/th><td>883 sq.in (5 658 cm\u00b2)<\/td><\/tr><tr><th>R\u00f4tissoire incluse<\/th><td>Oui<\/td><\/tr><tr><th>Side Burner<\/th><td><ul><li>Grand br\u00fbleur lat\u00e9ral infrarouge SIZZLE ZONE\u1d39\u1d30<\/li><\/ul><\/td><\/tr><tr><th>Hauteur<\/th><td>51 in (129,50 cm) \u00a0|\u00a0 58 in (147 cm) avec le couvercle ouvert<\/td><\/tr><tr><th>Largeur<\/th><td>65,50 in (166 cm)<\/td><\/tr><tr><th>Profondeur<\/th><td>26 in (66 cm)<\/td><\/tr><tr><th>Hauteur de la bo\u00eete<\/th><td>31 in (78,74 cm)<\/td><\/tr><tr><th>Largeur de la bo\u00eete<\/th><td>31,50 in (80,01 cm)<\/td><\/tr><tr><th>Profondeur de la bo\u00eete<\/th><td>43,50 in (110,49 cm)<\/td><\/tr><tr><th>Poids de la bo\u00eete<\/th><td>215 lbs. (97,51 kg)<\/td><\/tr><\/tbody><\/table><\/div>\t\t\t\t\t\t\t\t<\/div>\n\t\t\t\t<\/div>\n\t\t\t\t\t<\/div>\n\t\t<\/div>\n\t\t\t\t\t<\/div>\n\t\t<\/section>\n\t\t\t\t<section class=\"elementor-section elementor-top-section elementor-element elementor-element-90709f2 elementor-section-boxed elementor-section-height-default elementor-section-height-default\" data-id=\"90709f2\" data-element_type=\"section\">\n\t\t\t\t\t\t<div class=\"elementor-container elementor-column-gap-default\">\n\t\t\t\t\t<div class=\"elementor-column elementor-col-100 elementor-top-column elementor-element elementor-element-e99a72a\" data-id=\"e99a72a\" data-element_type=\"column\">\n\t\t\t<div class=\"elementor-widget-wrap elementor-element-populated\">\n\t\t\t\t\t\t<div class=\"elementor-element elementor-element-060514b elementor-tabs-view-horizontal elementor-widget elementor-widget-tabs\" data-id=\"060514b\" data-element_type=\"widget\" data-widget_type=\"tabs.default\">\n\t\t\t\t<div class=\"elementor-widget-container\">\n\t\t\t\t\t\t\t<div class=\"elementor-tabs\">\n\t\t\t<div class=\"elementor-tabs-wrapper\" role=\"tablist\" >\n\t\t\t\t\t\t\t\t\t<div id=\"elementor-tab-title-6311\" class=\"elementor-tab-title elementor-tab-desktop-title\" aria-selected=\"true\" data-tab=\"1\" role=\"tab\" tabindex=\"0\" aria-controls=\"elementor-tab-content-6311\" aria-expanded=\"false\">Fichiers<\/div>\n\t\t\t\t\t\t\t<\/div>\n\t\t\t<div class=\"elementor-tabs-content-wrapper\" role=\"tablist\" aria-orientation=\"vertical\">\n\t\t\t\t\t\t\t\t\t<div class=\"elementor-tab-title elementor-tab-mobile-title\" aria-selected=\"true\" data-tab=\"1\" role=\"tab\" tabindex=\"0\" aria-controls=\"elementor-tab-content-6311\" aria-expanded=\"false\">Fichiers<\/div>\n\t\t\t\t\t<div id=\"elementor-tab-content-6311\" class=\"elementor-tab-content elementor-clearfix\" data-tab=\"1\" role=\"tabpanel\" aria-labelledby=\"elementor-tab-title-6311\" tabindex=\"0\" hidden=\"false\"><i class=\"far fa-file-pdf fa-xl\" style=\"font-size:35px\"><\/i><a href=\"https:\/\/www.belleflamme.ca\/wp-content\/uploads\/2025\/02\/ADBRN2-PPRO-FR-Prestige-Series_2024-EDM_Digital.pdf\"> Brochure<\/a><\/br>\n<i class=\"far fa-file-pdf fa-xl\" style=\"font-size:35px\"><\/i><a href=\"https:\/\/www.belleflamme.ca\/wp-content\/uploads\/2025\/02\/Prestige-Series-Product-Manual-Nov-2024v1.pdf\"> Manuel<\/a><\/br>\n<i class=\"far fa-file-pdf fa-xl\" style=\"font-size:35px\"><\/i><a href=\"https:\/\/www.belleflamme.ca\/wp-content\/uploads\/2025\/02\/N415-0801_A-0_Prestige_Assemby_Guide_NA.pdf\"> Guide D&#8217;assemblage<\/a><\/br><\/div>\n\t\t\t\t\t\t\t<\/div>\n\t\t<\/div>\n\t\t\t\t\t\t<\/div>\n\t\t\t\t<\/div>\n\t\t\t\t\t<\/div>\n\t\t<\/div>\n\t\t\t\t\t<\/div>\n\t\t<\/section>\n\t\t\t\t<\/div>\n\t\t","protected":false},"excerpt":{"rendered":"<p>Description Le gril au propane Phantom Prestige 500 connect\u00e9 noir mat avec br\u00fbleurs lat\u00e9ral et arri\u00e8re infrarouges, repr\u00e9sente une v\u00e9ritable innovation dans le domaine des grils, avec une connectivit\u00e9 Wi-Fi et Bluetooth qui vous rapproche plus que jamais de votre exp\u00e9rience gastronomique. Les grilles de cuisson en inoxydable moul\u00e9 ne n\u00e9cessitent pratiquement aucun entretien et [&hellip;]<\/p>\n","protected":false},"featured_media":51390,"template":"","meta":{"inline_featured_image":false},"product_brand":[1316],"product_cat":[113,114],"product_tag":[],"class_list":{"0":"post-49888","1":"product","2":"type-product","3":"status-publish","4":"has-post-thumbnail","6":"product_brand-bbq-napoleon","7":"product_cat-bbq-produits-exterieurs","8":"product_cat-bbq-au-gaz","10":"first","11":"instock","12":"taxable","13":"shipping-taxable","14":"purchasable","15":"product-type-variable"},"yoast_head":"<!-- This site is optimized with the Yoast SEO Premium plugin v24.2 (Yoast SEO v24.2) - https:\/\/yoast.com\/wordpress\/plugins\/seo\/ -->\n<title>BBQ au Gaz Phantom Prestige 500 connect\u00e9 RSIB de Napoleon - Groupe BelleFlamme<\/title>\n<meta name=\"description\" content=\"BBQ au Gaz Phantom Prestige\u00ae 500 connect\u00e9 RSIB de Napoleon vendu et install\u00e9 par le Groupe Belleflamme. Laval, Montr\u00e9al, Gatineau et Saint-Sauveur.\" \/>\n<meta name=\"robots\" content=\"index, follow, max-snippet:-1, max-image-preview:large, max-video-preview:-1\" \/>\n<link rel=\"canonical\" href=\"https:\/\/staging.belleflamme.ca\/fr\/produit\/bbq-au-gaz-phantom-prestige-500-connecte-rsib-de-napoleon\/\" \/>\n<meta property=\"og:locale\" content=\"fr_FR\" \/>\n<meta property=\"og:type\" content=\"article\" \/>\n<meta property=\"og:title\" content=\"BBQ au Gaz Phantom Prestige 500 connect\u00e9 RSIB de Napoleon\" \/>\n<meta property=\"og:description\" content=\"BBQ au Gaz Phantom Prestige\u00ae 500 connect\u00e9 RSIB de Napoleon vendu et install\u00e9 par le Groupe Belleflamme. Laval, Montr\u00e9al, Gatineau et Saint-Sauveur.\" \/>\n<meta property=\"og:url\" content=\"https:\/\/staging.belleflamme.ca\/fr\/produit\/bbq-au-gaz-phantom-prestige-500-connecte-rsib-de-napoleon\/\" \/>\n<meta property=\"og:site_name\" content=\"Groupe BelleFlamme\" \/>\n<meta property=\"article:publisher\" content=\"https:\/\/www.facebook.com\/belleflamme.ca\/\" \/>\n<meta property=\"article:modified_time\" content=\"2025-02-27T18:43:11+00:00\" \/>\n<meta property=\"og:image\" content=\"https:\/\/www.belleflamme.ca\/wp-content\/uploads\/2025\/02\/BBQ-au-Gaz-Phantom-Prestige\u00ae-500-connecte-RSIB-de-Napoleon.webp\" \/>\n\t<meta property=\"og:image:width\" content=\"1000\" \/>\n\t<meta property=\"og:image:height\" content=\"1000\" \/>\n\t<meta property=\"og:image:type\" content=\"image\/webp\" \/>\n<meta name=\"twitter:card\" content=\"summary_large_image\" \/>\n<meta name=\"twitter:label1\" content=\"Disponibilit\u00e9\" \/>\n\t<meta name=\"twitter:data1\" content=\"En stock\" \/>\n<script type=\"application\/ld+json\" class=\"yoast-schema-graph\">{\"@context\":\"https:\/\/schema.org\",\"@graph\":[{\"@type\":[\"WebPage\",\"ItemPage\"],\"@id\":\"https:\/\/staging.belleflamme.ca\/fr\/produit\/bbq-au-gaz-phantom-prestige-500-connecte-rsib-de-napoleon\/\",\"url\":\"https:\/\/staging.belleflamme.ca\/fr\/produit\/bbq-au-gaz-phantom-prestige-500-connecte-rsib-de-napoleon\/\",\"name\":\"BBQ au Gaz Phantom Prestige 500 connect\u00e9 RSIB de Napoleon - Groupe BelleFlamme\",\"isPartOf\":{\"@id\":\"https:\/\/www.belleflamme.ca\/fr\/#website\"},\"primaryImageOfPage\":{\"@id\":\"https:\/\/staging.belleflamme.ca\/fr\/produit\/bbq-au-gaz-phantom-prestige-500-connecte-rsib-de-napoleon\/#primaryimage\"},\"image\":{\"@id\":\"https:\/\/staging.belleflamme.ca\/fr\/produit\/bbq-au-gaz-phantom-prestige-500-connecte-rsib-de-napoleon\/#primaryimage\"},\"thumbnailUrl\":\"https:\/\/staging.belleflamme.ca\/wp-content\/uploads\/2025\/02\/BBQ-au-Gaz-Phantom-Prestige\u00ae-500-connecte-RSIB-de-Napoleon.webp\",\"datePublished\":\"2025-02-11T21:54:23+00:00\",\"dateModified\":\"2025-02-27T18:43:11+00:00\",\"description\":\"BBQ au Gaz Phantom Prestige\u00ae 500 connect\u00e9 RSIB de Napoleon vendu et install\u00e9 par le Groupe Belleflamme. Laval, Montr\u00e9al, Gatineau et Saint-Sauveur.\",\"breadcrumb\":{\"@id\":\"https:\/\/staging.belleflamme.ca\/fr\/produit\/bbq-au-gaz-phantom-prestige-500-connecte-rsib-de-napoleon\/#breadcrumb\"},\"inLanguage\":\"fr-FR\",\"potentialAction\":[{\"@type\":\"ReadAction\",\"target\":[\"https:\/\/staging.belleflamme.ca\/fr\/produit\/bbq-au-gaz-phantom-prestige-500-connecte-rsib-de-napoleon\/\"]}]},{\"@type\":\"ImageObject\",\"inLanguage\":\"fr-FR\",\"@id\":\"https:\/\/staging.belleflamme.ca\/fr\/produit\/bbq-au-gaz-phantom-prestige-500-connecte-rsib-de-napoleon\/#primaryimage\",\"url\":\"https:\/\/staging.belleflamme.ca\/wp-content\/uploads\/2025\/02\/BBQ-au-Gaz-Phantom-Prestige\u00ae-500-connecte-RSIB-de-Napoleon.webp\",\"contentUrl\":\"https:\/\/staging.belleflamme.ca\/wp-content\/uploads\/2025\/02\/BBQ-au-Gaz-Phantom-Prestige\u00ae-500-connecte-RSIB-de-Napoleon.webp\",\"width\":1000,\"height\":1000,\"caption\":\"BBQ au Gaz Phantom Prestige\u00ae 500 connect\u00e9 RSIB de Napoleon\"},{\"@type\":\"BreadcrumbList\",\"@id\":\"https:\/\/staging.belleflamme.ca\/fr\/produit\/bbq-au-gaz-phantom-prestige-500-connecte-rsib-de-napoleon\/#breadcrumb\",\"itemListElement\":[{\"@type\":\"ListItem\",\"position\":1,\"name\":\"Accueil\",\"item\":\"https:\/\/www.belleflamme.ca\/fr\/\"},{\"@type\":\"ListItem\",\"position\":2,\"name\":\"Boutique\",\"item\":\"https:\/\/www.belleflamme.ca\/fr\/boutique\/\"},{\"@type\":\"ListItem\",\"position\":3,\"name\":\"BBQ &amp; Produits Ext\u00e9rieurs\",\"item\":\"https:\/\/staging.belleflamme.ca\/fr\/categories\/bbq-produits-exterieurs\/\"},{\"@type\":\"ListItem\",\"position\":4,\"name\":\"BBQ au Gaz\",\"item\":\"https:\/\/staging.belleflamme.ca\/fr\/categories\/bbq-produits-exterieurs\/bbq-au-gaz\/\"},{\"@type\":\"ListItem\",\"position\":5,\"name\":\"BBQ au Gaz Phantom Prestige 500 connect\u00e9 RSIB de Napoleon\"}]},{\"@type\":\"WebSite\",\"@id\":\"https:\/\/www.belleflamme.ca\/fr\/#website\",\"url\":\"https:\/\/www.belleflamme.ca\/fr\/\",\"name\":\"Groupe Belleflamme\",\"description\":\"La m\u00e9canique du b\u00e2timent dans le sang.\",\"publisher\":{\"@id\":\"https:\/\/www.belleflamme.ca\/fr\/#organization\"},\"potentialAction\":[{\"@type\":\"SearchAction\",\"target\":{\"@type\":\"EntryPoint\",\"urlTemplate\":\"https:\/\/www.belleflamme.ca\/fr\/?s={search_term_string}\"},\"query-input\":{\"@type\":\"PropertyValueSpecification\",\"valueRequired\":true,\"valueName\":\"search_term_string\"}}],\"inLanguage\":\"fr-FR\"},{\"@type\":[\"Organization\",\"Place\"],\"@id\":\"https:\/\/www.belleflamme.ca\/fr\/#organization\",\"name\":\"Groupe Belleflamme\",\"alternateName\":\"Belleflamme\",\"url\":\"https:\/\/www.belleflamme.ca\/fr\/\",\"logo\":{\"@type\":\"ImageObject\",\"inLanguage\":\"fr-FR\",\"@id\":\"https:\/\/www.belleflamme.ca\/fr\/#\/schema\/logo\/image\/\",\"url\":\"https:\/\/staging.belleflamme.ca\/wp-content\/uploads\/2023\/01\/og-image.jpg\",\"contentUrl\":\"https:\/\/staging.belleflamme.ca\/wp-content\/uploads\/2023\/01\/og-image.jpg\",\"width\":1200,\"height\":630,\"caption\":\"Groupe Belleflamme\"},\"image\":{\"@id\":\"https:\/\/www.belleflamme.ca\/fr\/#\/schema\/logo\/image\/\"},\"sameAs\":[\"https:\/\/www.facebook.com\/belleflamme.ca\/\",\"https:\/\/www.linkedin.com\/company\/belleflamme\/\",\"https:\/\/www.pinterest.ca\/groupebelleflamme\/\",\"https:\/\/www.instagram.com\/legroupebelleflamme\/\"],\"mainEntityOfPage\":{\"@id\":\"https:\/\/staging.belleflamme.ca\/fr\/produit\/bbq-au-gaz-phantom-prestige-500-connecte-rsib-de-napoleon\/\"}}]}<\/script>\n<meta property=\"product:brand\" content=\"BBQ Napoleon\" \/>\n<meta property=\"og:availability\" content=\"instock\" \/>\n<meta property=\"product:availability\" content=\"instock\" \/>\n<meta property=\"product:condition\" content=\"new\" \/>\n<!-- \/ Yoast SEO Premium plugin. -->","yoast_head_json":{"title":"BBQ au Gaz Phantom Prestige 500 connect\u00e9 RSIB de Napoleon - Groupe BelleFlamme","description":"BBQ au Gaz Phantom Prestige\u00ae 500 connect\u00e9 RSIB de Napoleon vendu et install\u00e9 par le Groupe Belleflamme. Laval, Montr\u00e9al, Gatineau et Saint-Sauveur.","robots":{"index":"index","follow":"follow","max-snippet":"max-snippet:-1","max-image-preview":"max-image-preview:large","max-video-preview":"max-video-preview:-1"},"canonical":"https:\/\/staging.belleflamme.ca\/fr\/produit\/bbq-au-gaz-phantom-prestige-500-connecte-rsib-de-napoleon\/","og_locale":"fr_FR","og_type":"article","og_title":"BBQ au Gaz Phantom Prestige 500 connect\u00e9 RSIB de Napoleon","og_description":"BBQ au Gaz Phantom Prestige\u00ae 500 connect\u00e9 RSIB de Napoleon vendu et install\u00e9 par le Groupe Belleflamme. Laval, Montr\u00e9al, Gatineau et Saint-Sauveur.","og_url":"https:\/\/staging.belleflamme.ca\/fr\/produit\/bbq-au-gaz-phantom-prestige-500-connecte-rsib-de-napoleon\/","og_site_name":"Groupe BelleFlamme","article_publisher":"https:\/\/www.facebook.com\/belleflamme.ca\/","article_modified_time":"2025-02-27T18:43:11+00:00","og_image":[{"width":1000,"height":1000,"url":"https:\/\/www.belleflamme.ca\/wp-content\/uploads\/2025\/02\/BBQ-au-Gaz-Phantom-Prestige\u00ae-500-connecte-RSIB-de-Napoleon.webp","type":"image\/webp"}],"twitter_card":"summary_large_image","twitter_misc":{"Disponibilit\u00e9":"En stock"},"schema":{"@context":"https:\/\/schema.org","@graph":[{"@type":["WebPage","ItemPage"],"@id":"https:\/\/staging.belleflamme.ca\/fr\/produit\/bbq-au-gaz-phantom-prestige-500-connecte-rsib-de-napoleon\/","url":"https:\/\/staging.belleflamme.ca\/fr\/produit\/bbq-au-gaz-phantom-prestige-500-connecte-rsib-de-napoleon\/","name":"BBQ au Gaz Phantom Prestige 500 connect\u00e9 RSIB de Napoleon - Groupe BelleFlamme","isPartOf":{"@id":"https:\/\/www.belleflamme.ca\/fr\/#website"},"primaryImageOfPage":{"@id":"https:\/\/staging.belleflamme.ca\/fr\/produit\/bbq-au-gaz-phantom-prestige-500-connecte-rsib-de-napoleon\/#primaryimage"},"image":{"@id":"https:\/\/staging.belleflamme.ca\/fr\/produit\/bbq-au-gaz-phantom-prestige-500-connecte-rsib-de-napoleon\/#primaryimage"},"thumbnailUrl":"https:\/\/staging.belleflamme.ca\/wp-content\/uploads\/2025\/02\/BBQ-au-Gaz-Phantom-Prestige\u00ae-500-connecte-RSIB-de-Napoleon.webp","datePublished":"2025-02-11T21:54:23+00:00","dateModified":"2025-02-27T18:43:11+00:00","description":"BBQ au Gaz Phantom Prestige\u00ae 500 connect\u00e9 RSIB de Napoleon vendu et install\u00e9 par le Groupe Belleflamme. Laval, Montr\u00e9al, Gatineau et Saint-Sauveur.","breadcrumb":{"@id":"https:\/\/staging.belleflamme.ca\/fr\/produit\/bbq-au-gaz-phantom-prestige-500-connecte-rsib-de-napoleon\/#breadcrumb"},"inLanguage":"fr-FR","potentialAction":[{"@type":"ReadAction","target":["https:\/\/staging.belleflamme.ca\/fr\/produit\/bbq-au-gaz-phantom-prestige-500-connecte-rsib-de-napoleon\/"]}]},{"@type":"ImageObject","inLanguage":"fr-FR","@id":"https:\/\/staging.belleflamme.ca\/fr\/produit\/bbq-au-gaz-phantom-prestige-500-connecte-rsib-de-napoleon\/#primaryimage","url":"https:\/\/staging.belleflamme.ca\/wp-content\/uploads\/2025\/02\/BBQ-au-Gaz-Phantom-Prestige\u00ae-500-connecte-RSIB-de-Napoleon.webp","contentUrl":"https:\/\/staging.belleflamme.ca\/wp-content\/uploads\/2025\/02\/BBQ-au-Gaz-Phantom-Prestige\u00ae-500-connecte-RSIB-de-Napoleon.webp","width":1000,"height":1000,"caption":"BBQ au Gaz Phantom Prestige\u00ae 500 connect\u00e9 RSIB de Napoleon"},{"@type":"BreadcrumbList","@id":"https:\/\/staging.belleflamme.ca\/fr\/produit\/bbq-au-gaz-phantom-prestige-500-connecte-rsib-de-napoleon\/#breadcrumb","itemListElement":[{"@type":"ListItem","position":1,"name":"Accueil","item":"https:\/\/www.belleflamme.ca\/fr\/"},{"@type":"ListItem","position":2,"name":"Boutique","item":"https:\/\/www.belleflamme.ca\/fr\/boutique\/"},{"@type":"ListItem","position":3,"name":"BBQ &amp; Produits Ext\u00e9rieurs","item":"https:\/\/staging.belleflamme.ca\/fr\/categories\/bbq-produits-exterieurs\/"},{"@type":"ListItem","position":4,"name":"BBQ au Gaz","item":"https:\/\/staging.belleflamme.ca\/fr\/categories\/bbq-produits-exterieurs\/bbq-au-gaz\/"},{"@type":"ListItem","position":5,"name":"BBQ au Gaz Phantom Prestige 500 connect\u00e9 RSIB de Napoleon"}]},{"@type":"WebSite","@id":"https:\/\/www.belleflamme.ca\/fr\/#website","url":"https:\/\/www.belleflamme.ca\/fr\/","name":"Groupe Belleflamme","description":"La m\u00e9canique du b\u00e2timent dans le sang.","publisher":{"@id":"https:\/\/www.belleflamme.ca\/fr\/#organization"},"potentialAction":[{"@type":"SearchAction","target":{"@type":"EntryPoint","urlTemplate":"https:\/\/www.belleflamme.ca\/fr\/?s={search_term_string}"},"query-input":{"@type":"PropertyValueSpecification","valueRequired":true,"valueName":"search_term_string"}}],"inLanguage":"fr-FR"},{"@type":["Organization","Place"],"@id":"https:\/\/www.belleflamme.ca\/fr\/#organization","name":"Groupe Belleflamme","alternateName":"Belleflamme","url":"https:\/\/www.belleflamme.ca\/fr\/","logo":{"@type":"ImageObject","inLanguage":"fr-FR","@id":"https:\/\/www.belleflamme.ca\/fr\/#\/schema\/logo\/image\/","url":"https:\/\/staging.belleflamme.ca\/wp-content\/uploads\/2023\/01\/og-image.jpg","contentUrl":"https:\/\/staging.belleflamme.ca\/wp-content\/uploads\/2023\/01\/og-image.jpg","width":1200,"height":630,"caption":"Groupe Belleflamme"},"image":{"@id":"https:\/\/www.belleflamme.ca\/fr\/#\/schema\/logo\/image\/"},"sameAs":["https:\/\/www.facebook.com\/belleflamme.ca\/","https:\/\/www.linkedin.com\/company\/belleflamme\/","https:\/\/www.pinterest.ca\/groupebelleflamme\/","https:\/\/www.instagram.com\/legroupebelleflamme\/"],"mainEntityOfPage":{"@id":"https:\/\/staging.belleflamme.ca\/fr\/produit\/bbq-au-gaz-phantom-prestige-500-connecte-rsib-de-napoleon\/"}}]},"product_brand":"BBQ Napoleon","og_availability":"instock","product_availability":"instock","product_condition":"new"},"_links":{"self":[{"href":"https:\/\/staging.belleflamme.ca\/fr\/wp-json\/wp\/v2\/product\/49888","targetHints":{"allow":["GET"]}}],"collection":[{"href":"https:\/\/staging.belleflamme.ca\/fr\/wp-json\/wp\/v2\/product"}],"about":[{"href":"https:\/\/staging.belleflamme.ca\/fr\/wp-json\/wp\/v2\/types\/product"}],"version-history":[{"count":5,"href":"https:\/\/staging.belleflamme.ca\/fr\/wp-json\/wp\/v2\/product\/49888\/revisions"}],"predecessor-version":[{"id":51547,"href":"https:\/\/staging.belleflamme.ca\/fr\/wp-json\/wp\/v2\/product\/49888\/revisions\/51547"}],"wp:featuredmedia":[{"embeddable":true,"href":"https:\/\/staging.belleflamme.ca\/fr\/wp-json\/wp\/v2\/media\/51390"}],"wp:attachment":[{"href":"https:\/\/staging.belleflamme.ca\/fr\/wp-json\/wp\/v2\/media?parent=49888"}],"wp:term":[{"taxonomy":"product_brand","embeddable":true,"href":"https:\/\/staging.belleflamme.ca\/fr\/wp-json\/wp\/v2\/product_brand?post=49888"},{"taxonomy":"product_cat","embeddable":true,"href":"https:\/\/staging.belleflamme.ca\/fr\/wp-json\/wp\/v2\/product_cat?post=49888"},{"taxonomy":"product_tag","embeddable":true,"href":"https:\/\/staging.belleflamme.ca\/fr\/wp-json\/wp\/v2\/product_tag?post=49888"}],"curies":[{"name":"wp","href":"https:\/\/api.w.org\/{rel}","templated":true}]}}