{"id":49804,"date":"2025-02-11T15:34:40","date_gmt":"2025-02-11T20:34:40","guid":{"rendered":"https:\/\/www.belleflamme.ca\/?post_type=product&#038;p=49804"},"modified":"2025-02-11T15:45:40","modified_gmt":"2025-02-11T20:45:40","slug":"manteau-de-foyer-new-yorkais-de-dracme","status":"publish","type":"product","link":"https:\/\/staging.belleflamme.ca\/fr\/produit\/manteau-de-foyer-new-yorkais-de-dracme\/","title":{"rendered":"Manteau de Foyer New-Yorkais de Dracme"},"content":{"rendered":"\t\t<div data-elementor-type=\"product-post\" data-elementor-id=\"49804\" class=\"elementor elementor-49804\" data-elementor-post-type=\"product\">\n\t\t\t\t\t\t<section class=\"elementor-section elementor-top-section elementor-element elementor-element-41d29e1 elementor-section-boxed elementor-section-height-default elementor-section-height-default\" data-id=\"41d29e1\" data-element_type=\"section\">\n\t\t\t\t\t\t<div class=\"elementor-container elementor-column-gap-default\">\n\t\t\t\t\t<div class=\"elementor-column elementor-col-100 elementor-top-column elementor-element elementor-element-4af6f1a\" data-id=\"4af6f1a\" data-element_type=\"column\">\n\t\t\t<div class=\"elementor-widget-wrap elementor-element-populated\">\n\t\t\t\t\t\t<div class=\"elementor-element elementor-element-6553ed6 elementor-widget elementor-widget-text-editor\" data-id=\"6553ed6\" data-element_type=\"widget\" data-widget_type=\"text-editor.default\">\n\t\t\t\t<div class=\"elementor-widget-container\">\n\t\t\t\t\t\t\t\t\t<p>Ce manteau en pierre artisanal peut parfaitement se fondre dans un d\u00e9cor moderne. Simple et \u00e0 la fois muni de d\u00e9tails complexes, il saura rendre votre d\u00e9cor chaleureux. Ce manteau de foyer s&#8217;installe facilement. Il ne n\u00e9cessite pas de renforcement sp\u00e9cial du mur ou du sol.<\/p><h2 class=\"fw-bold\">Dimensions<\/h2><p>Tailles sur mesure \u00e9galement disponibles<\/p><p><img fetchpriority=\"high\" decoding=\"async\" class=\"size-full wp-image-49820 alignleft\" src=\"https:\/\/www.belleflamme.ca\/wp-content\/uploads\/2025\/02\/New-Yorker-spec.jpg\" alt=\"\" width=\"500\" height=\"350\" srcset=\"https:\/\/staging.belleflamme.ca\/wp-content\/uploads\/2025\/02\/New-Yorker-spec.jpg 500w, https:\/\/staging.belleflamme.ca\/wp-content\/uploads\/2025\/02\/New-Yorker-spec-300x210.jpg 300w\" sizes=\"(max-width: 500px) 100vw, 500px\" \/><\/p><table class=\"table\"><thead><tr><th scope=\"col\">\u00a0<\/th><th scope=\"col\">Dimensions standards<\/th><th scope=\"col\">Maximum personnalis\u00e9<\/th><\/tr><\/thead><tbody><tr><td><b>(A)<\/b>\u00a0Largeur totale<\/td><td>67&#8243;<\/td><td>C + 22 \u00bd&#8221;<\/td><\/tr><tr><td><b>(B)<\/b>\u00a0Hauteur totale<\/td><td>51&#8243;<\/td><td>D + 11 \u00bc&#8221;<\/td><\/tr><tr><td><b>(C)<\/b>\u00a0Largeur de l&#8217;ouverture<\/td><td>44 \u00bd&#8221;<\/td><td>50&#8243;<\/td><\/tr><tr><td><b>(D)<\/b>\u00a0Hauteur de l&#8217;ouverture<\/td><td>40&#8243;<\/td><td>64 \u00be&#8221;<\/td><\/tr><tr><td><b>(E)<\/b>\u00a0Profondeur de la tablette<\/td><td>6 \u00bd&#8221;<\/td><td>R + 5 \u00bd&#8221;<\/td><\/tr><tr><td><b>(F)<\/b>\u00a0Largeur de la patte<\/td><td>11 \u00be&#8221;<\/td><td>11 \u00be&#8221;<\/td><\/tr><tr><td><b>(G)<\/b>\u00a0Profondeur de la patte (base)<\/td><td>7&#8243;<\/td><td>R + 6&#8243;<\/td><\/tr><tr><td><b>(R)<\/b>\u00a0Retour<\/td><td>1&#8243;<\/td><td>18&#8243;<\/td><\/tr><\/tbody><\/table><h2 class=\"display-4\">Six choix de couleur<\/h2><p>Ce manteau est disponible dans l&#8217;une de nos 6 couleurs Open Cast.<\/p><p><img decoding=\"async\" class=\"alignnone size-full wp-image-49598\" src=\"https:\/\/www.belleflamme.ca\/wp-content\/uploads\/2025\/02\/2025-02-11-11_13_02-Elisabeth-Dracme.png\" alt=\"\" width=\"726\" height=\"696\" srcset=\"https:\/\/staging.belleflamme.ca\/wp-content\/uploads\/2025\/02\/2025-02-11-11_13_02-Elisabeth-Dracme.png 726w, https:\/\/staging.belleflamme.ca\/wp-content\/uploads\/2025\/02\/2025-02-11-11_13_02-Elisabeth-Dracme-300x288.png 300w\" sizes=\"(max-width: 726px) 100vw, 726px\" \/><\/p><h2>Options<\/h2><p>En option, ajoutez des panneaux de remplissage et s\u00e9lectionnez l&#8217;une de nos bases.<\/p><p><img decoding=\"async\" class=\"alignnone size-full wp-image-49602\" src=\"https:\/\/www.belleflamme.ca\/wp-content\/uploads\/2025\/02\/2025-02-11-11_15_02-Elizabeth-Dracme.png\" alt=\"\" width=\"1423\" height=\"351\" srcset=\"https:\/\/staging.belleflamme.ca\/wp-content\/uploads\/2025\/02\/2025-02-11-11_15_02-Elizabeth-Dracme.png 1423w, https:\/\/staging.belleflamme.ca\/wp-content\/uploads\/2025\/02\/2025-02-11-11_15_02-Elizabeth-Dracme-300x74.png 300w, https:\/\/staging.belleflamme.ca\/wp-content\/uploads\/2025\/02\/2025-02-11-11_15_02-Elizabeth-Dracme-1024x253.png 1024w, https:\/\/staging.belleflamme.ca\/wp-content\/uploads\/2025\/02\/2025-02-11-11_15_02-Elizabeth-Dracme-768x189.png 768w, https:\/\/staging.belleflamme.ca\/wp-content\/uploads\/2025\/02\/2025-02-11-11_15_02-Elizabeth-Dracme-900x222.png 900w\" sizes=\"(max-width: 1423px) 100vw, 1423px\" \/><\/p>\t\t\t\t\t\t\t\t<\/div>\n\t\t\t\t<\/div>\n\t\t\t\t\t<\/div>\n\t\t<\/div>\n\t\t\t\t\t<\/div>\n\t\t<\/section>\n\t\t\t\t<section class=\"elementor-section elementor-top-section elementor-element elementor-element-75a4846 elementor-section-boxed elementor-section-height-default elementor-section-height-default\" data-id=\"75a4846\" data-element_type=\"section\">\n\t\t\t\t\t\t<div class=\"elementor-container elementor-column-gap-default\">\n\t\t\t\t\t<div class=\"elementor-column elementor-col-100 elementor-top-column elementor-element elementor-element-2c557a8\" data-id=\"2c557a8\" data-element_type=\"column\">\n\t\t\t<div class=\"elementor-widget-wrap elementor-element-populated\">\n\t\t\t\t\t\t<div class=\"elementor-element elementor-element-764efcd elementor-tabs-view-horizontal elementor-widget elementor-widget-tabs\" data-id=\"764efcd\" data-element_type=\"widget\" data-widget_type=\"tabs.default\">\n\t\t\t\t<div class=\"elementor-widget-container\">\n\t\t\t\t\t\t\t<div class=\"elementor-tabs\">\n\t\t\t<div class=\"elementor-tabs-wrapper\" role=\"tablist\" >\n\t\t\t\t\t\t\t\t\t<div id=\"elementor-tab-title-1241\" class=\"elementor-tab-title elementor-tab-desktop-title\" aria-selected=\"true\" data-tab=\"1\" role=\"tab\" tabindex=\"0\" aria-controls=\"elementor-tab-content-1241\" aria-expanded=\"false\">Fichiers<\/div>\n\t\t\t\t\t\t\t<\/div>\n\t\t\t<div class=\"elementor-tabs-content-wrapper\" role=\"tablist\" aria-orientation=\"vertical\">\n\t\t\t\t\t\t\t\t\t<div class=\"elementor-tab-title elementor-tab-mobile-title\" aria-selected=\"true\" data-tab=\"1\" role=\"tab\" tabindex=\"0\" aria-controls=\"elementor-tab-content-1241\" aria-expanded=\"false\">Fichiers<\/div>\n\t\t\t\t\t<div id=\"elementor-tab-content-1241\" class=\"elementor-tab-content elementor-clearfix\" data-tab=\"1\" role=\"tabpanel\" aria-labelledby=\"elementor-tab-title-1241\" tabindex=\"0\" hidden=\"false\"><i class=\"far fa-file-pdf fa-xl\" style=\"font-size:35px\"><\/i><a href=\"https:\/\/www.belleflamme.ca\/wp-content\/uploads\/2025\/02\/Dracme-Dracme-Cast-Stone-Fireplace-Surrounds.pdf\"> Brochure<\/a><\/br>\n<i class=\"far fa-file-pdf fa-xl\" style=\"font-size:35px\"><\/i><a href=\"https:\/\/www.belleflamme.ca\/wp-content\/uploads\/2025\/02\/Grand-Alexandra-spec.pdf\"> Sp\u00e9cifications<\/a><\/br><\/div>\n\t\t\t\t\t\t\t<\/div>\n\t\t<\/div>\n\t\t\t\t\t\t<\/div>\n\t\t\t\t<\/div>\n\t\t\t\t\t<\/div>\n\t\t<\/div>\n\t\t\t\t\t<\/div>\n\t\t<\/section>\n\t\t\t\t<\/div>\n\t\t","protected":false},"excerpt":{"rendered":"<p>Ce manteau en pierre artisanal peut parfaitement se fondre dans un d\u00e9cor moderne. Simple et \u00e0 la fois muni de d\u00e9tails complexes, il saura rendre votre d\u00e9cor chaleureux. Ce manteau de foyer s&#8217;installe facilement. Il ne n\u00e9cessite pas de renforcement sp\u00e9cial du mur ou du sol. Dimensions Tailles sur mesure \u00e9galement disponibles \u00a0 Dimensions standards [&hellip;]<\/p>\n","protected":false},"featured_media":49805,"template":"","meta":{"inline_featured_image":false},"product_brand":[2014],"product_cat":[2012,45],"product_tag":[],"class_list":{"0":"post-49804","1":"product","2":"type-product","3":"status-publish","4":"has-post-thumbnail","6":"product_brand-dracme","7":"product_cat-manteaux-de-foyer","8":"product_cat-cheminees-pieces-accessoires","10":"first","11":"instock","12":"taxable","13":"shipping-taxable","14":"purchasable","15":"product-type-simple"},"yoast_head":"<!-- This site is optimized with the Yoast SEO Premium plugin v24.2 (Yoast SEO v24.2) - https:\/\/yoast.com\/wordpress\/plugins\/seo\/ -->\n<title>Manteau de Foyer New-Yorkais de Dracme - Groupe BelleFlamme<\/title>\n<meta name=\"description\" content=\"Manteau de Foyer New-Yorkais de Dracme vendu et install\u00e9 par le Groupe Belleflamme. Laval, Montr\u00e9al, Gatineau et Saint-Sauveur.\" \/>\n<meta name=\"robots\" content=\"index, follow, max-snippet:-1, max-image-preview:large, max-video-preview:-1\" \/>\n<link rel=\"canonical\" href=\"https:\/\/staging.belleflamme.ca\/fr\/produit\/manteau-de-foyer-new-yorkais-de-dracme\/\" \/>\n<meta property=\"og:locale\" content=\"fr_FR\" \/>\n<meta property=\"og:type\" content=\"article\" \/>\n<meta property=\"og:title\" content=\"Manteau de Foyer New-Yorkais de Dracme\" \/>\n<meta property=\"og:description\" content=\"Manteau de Foyer New-Yorkais de Dracme vendu et install\u00e9 par le Groupe Belleflamme. Laval, Montr\u00e9al, Gatineau et Saint-Sauveur.\" \/>\n<meta property=\"og:url\" content=\"https:\/\/staging.belleflamme.ca\/fr\/produit\/manteau-de-foyer-new-yorkais-de-dracme\/\" \/>\n<meta property=\"og:site_name\" content=\"Groupe BelleFlamme\" \/>\n<meta property=\"article:publisher\" content=\"https:\/\/www.facebook.com\/belleflamme.ca\/\" \/>\n<meta property=\"article:modified_time\" content=\"2025-02-11T20:45:40+00:00\" \/>\n<meta property=\"og:image\" content=\"https:\/\/www.belleflamme.ca\/wp-content\/uploads\/2025\/02\/Manteau-de-Foyer-New-Yorkais-de-Dracme.jpg\" \/>\n\t<meta property=\"og:image:width\" content=\"1920\" \/>\n\t<meta property=\"og:image:height\" content=\"1200\" \/>\n\t<meta property=\"og:image:type\" content=\"image\/jpeg\" \/>\n<meta name=\"twitter:card\" content=\"summary_large_image\" \/>\n<meta name=\"twitter:label1\" content=\"Prix\" \/>\n\t<meta name=\"twitter:data1\" content=\"&#036;4,250.00\" \/>\n\t<meta name=\"twitter:label2\" content=\"Disponibilit\u00e9\" \/>\n\t<meta name=\"twitter:data2\" content=\"En stock\" \/>\n<script type=\"application\/ld+json\" class=\"yoast-schema-graph\">{\"@context\":\"https:\/\/schema.org\",\"@graph\":[{\"@type\":[\"WebPage\",\"ItemPage\"],\"@id\":\"https:\/\/staging.belleflamme.ca\/fr\/produit\/manteau-de-foyer-new-yorkais-de-dracme\/\",\"url\":\"https:\/\/staging.belleflamme.ca\/fr\/produit\/manteau-de-foyer-new-yorkais-de-dracme\/\",\"name\":\"Manteau de Foyer New-Yorkais de Dracme - Groupe BelleFlamme\",\"isPartOf\":{\"@id\":\"https:\/\/www.belleflamme.ca\/fr\/#website\"},\"primaryImageOfPage\":{\"@id\":\"https:\/\/staging.belleflamme.ca\/fr\/produit\/manteau-de-foyer-new-yorkais-de-dracme\/#primaryimage\"},\"image\":{\"@id\":\"https:\/\/staging.belleflamme.ca\/fr\/produit\/manteau-de-foyer-new-yorkais-de-dracme\/#primaryimage\"},\"thumbnailUrl\":\"https:\/\/staging.belleflamme.ca\/wp-content\/uploads\/2025\/02\/Manteau-de-Foyer-New-Yorkais-de-Dracme.jpg\",\"datePublished\":\"2025-02-11T20:34:40+00:00\",\"dateModified\":\"2025-02-11T20:45:40+00:00\",\"description\":\"Manteau de Foyer New-Yorkais de Dracme vendu et install\u00e9 par le Groupe Belleflamme. Laval, Montr\u00e9al, Gatineau et Saint-Sauveur.\",\"breadcrumb\":{\"@id\":\"https:\/\/staging.belleflamme.ca\/fr\/produit\/manteau-de-foyer-new-yorkais-de-dracme\/#breadcrumb\"},\"inLanguage\":\"fr-FR\",\"potentialAction\":[{\"@type\":\"ReadAction\",\"target\":[\"https:\/\/staging.belleflamme.ca\/fr\/produit\/manteau-de-foyer-new-yorkais-de-dracme\/\"]}]},{\"@type\":\"ImageObject\",\"inLanguage\":\"fr-FR\",\"@id\":\"https:\/\/staging.belleflamme.ca\/fr\/produit\/manteau-de-foyer-new-yorkais-de-dracme\/#primaryimage\",\"url\":\"https:\/\/staging.belleflamme.ca\/wp-content\/uploads\/2025\/02\/Manteau-de-Foyer-New-Yorkais-de-Dracme.jpg\",\"contentUrl\":\"https:\/\/staging.belleflamme.ca\/wp-content\/uploads\/2025\/02\/Manteau-de-Foyer-New-Yorkais-de-Dracme.jpg\",\"width\":1920,\"height\":1200,\"caption\":\"Manteau de Foyer New-Yorkais de Dracme\"},{\"@type\":\"BreadcrumbList\",\"@id\":\"https:\/\/staging.belleflamme.ca\/fr\/produit\/manteau-de-foyer-new-yorkais-de-dracme\/#breadcrumb\",\"itemListElement\":[{\"@type\":\"ListItem\",\"position\":1,\"name\":\"Accueil\",\"item\":\"https:\/\/www.belleflamme.ca\/fr\/\"},{\"@type\":\"ListItem\",\"position\":2,\"name\":\"Boutique\",\"item\":\"https:\/\/www.belleflamme.ca\/fr\/boutique\/\"},{\"@type\":\"ListItem\",\"position\":3,\"name\":\"Chemin\u00e9es, Pi\u00e8ces &amp; Accessoires\",\"item\":\"https:\/\/staging.belleflamme.ca\/fr\/categories\/cheminees-pieces-accessoires\/\"},{\"@type\":\"ListItem\",\"position\":4,\"name\":\"Manteaux de Foyer\",\"item\":\"https:\/\/staging.belleflamme.ca\/fr\/categories\/cheminees-pieces-accessoires\/manteaux-de-foyer\/\"},{\"@type\":\"ListItem\",\"position\":5,\"name\":\"Manteau de Foyer New-Yorkais de Dracme\"}]},{\"@type\":\"WebSite\",\"@id\":\"https:\/\/www.belleflamme.ca\/fr\/#website\",\"url\":\"https:\/\/www.belleflamme.ca\/fr\/\",\"name\":\"Groupe Belleflamme\",\"description\":\"La m\u00e9canique du b\u00e2timent dans le sang.\",\"publisher\":{\"@id\":\"https:\/\/www.belleflamme.ca\/fr\/#organization\"},\"potentialAction\":[{\"@type\":\"SearchAction\",\"target\":{\"@type\":\"EntryPoint\",\"urlTemplate\":\"https:\/\/www.belleflamme.ca\/fr\/?s={search_term_string}\"},\"query-input\":{\"@type\":\"PropertyValueSpecification\",\"valueRequired\":true,\"valueName\":\"search_term_string\"}}],\"inLanguage\":\"fr-FR\"},{\"@type\":[\"Organization\",\"Place\"],\"@id\":\"https:\/\/www.belleflamme.ca\/fr\/#organization\",\"name\":\"Groupe Belleflamme\",\"alternateName\":\"Belleflamme\",\"url\":\"https:\/\/www.belleflamme.ca\/fr\/\",\"logo\":{\"@type\":\"ImageObject\",\"inLanguage\":\"fr-FR\",\"@id\":\"https:\/\/www.belleflamme.ca\/fr\/#\/schema\/logo\/image\/\",\"url\":\"https:\/\/staging.belleflamme.ca\/wp-content\/uploads\/2023\/01\/og-image.jpg\",\"contentUrl\":\"https:\/\/staging.belleflamme.ca\/wp-content\/uploads\/2023\/01\/og-image.jpg\",\"width\":1200,\"height\":630,\"caption\":\"Groupe Belleflamme\"},\"image\":{\"@id\":\"https:\/\/www.belleflamme.ca\/fr\/#\/schema\/logo\/image\/\"},\"sameAs\":[\"https:\/\/www.facebook.com\/belleflamme.ca\/\",\"https:\/\/www.linkedin.com\/company\/belleflamme\/\",\"https:\/\/www.pinterest.ca\/groupebelleflamme\/\",\"https:\/\/www.instagram.com\/legroupebelleflamme\/\"],\"mainEntityOfPage\":{\"@id\":\"https:\/\/staging.belleflamme.ca\/fr\/produit\/manteau-de-foyer-new-yorkais-de-dracme\/\"}}]}<\/script>\n<meta property=\"product:brand\" content=\"Dracme\" \/>\n<meta property=\"product:price:amount\" content=\"4250.00\" \/>\n<meta property=\"product:price:currency\" content=\"CAD\" \/>\n<meta property=\"og:availability\" content=\"instock\" \/>\n<meta property=\"product:availability\" content=\"instock\" \/>\n<meta property=\"product:retailer_item_id\" content=\"New-Yorkais\" \/>\n<meta property=\"product:condition\" content=\"new\" \/>\n<!-- \/ Yoast SEO Premium plugin. -->","yoast_head_json":{"title":"Manteau de Foyer New-Yorkais de Dracme - Groupe BelleFlamme","description":"Manteau de Foyer New-Yorkais de Dracme vendu et install\u00e9 par le Groupe Belleflamme. Laval, Montr\u00e9al, Gatineau et Saint-Sauveur.","robots":{"index":"index","follow":"follow","max-snippet":"max-snippet:-1","max-image-preview":"max-image-preview:large","max-video-preview":"max-video-preview:-1"},"canonical":"https:\/\/staging.belleflamme.ca\/fr\/produit\/manteau-de-foyer-new-yorkais-de-dracme\/","og_locale":"fr_FR","og_type":"article","og_title":"Manteau de Foyer New-Yorkais de Dracme","og_description":"Manteau de Foyer New-Yorkais de Dracme vendu et install\u00e9 par le Groupe Belleflamme. Laval, Montr\u00e9al, Gatineau et Saint-Sauveur.","og_url":"https:\/\/staging.belleflamme.ca\/fr\/produit\/manteau-de-foyer-new-yorkais-de-dracme\/","og_site_name":"Groupe BelleFlamme","article_publisher":"https:\/\/www.facebook.com\/belleflamme.ca\/","article_modified_time":"2025-02-11T20:45:40+00:00","og_image":[{"width":1920,"height":1200,"url":"https:\/\/www.belleflamme.ca\/wp-content\/uploads\/2025\/02\/Manteau-de-Foyer-New-Yorkais-de-Dracme.jpg","type":"image\/jpeg"}],"twitter_card":"summary_large_image","twitter_misc":{"Prix":"&#36;4,250.00","Disponibilit\u00e9":"En stock"},"schema":{"@context":"https:\/\/schema.org","@graph":[{"@type":["WebPage","ItemPage"],"@id":"https:\/\/staging.belleflamme.ca\/fr\/produit\/manteau-de-foyer-new-yorkais-de-dracme\/","url":"https:\/\/staging.belleflamme.ca\/fr\/produit\/manteau-de-foyer-new-yorkais-de-dracme\/","name":"Manteau de Foyer New-Yorkais de Dracme - Groupe BelleFlamme","isPartOf":{"@id":"https:\/\/www.belleflamme.ca\/fr\/#website"},"primaryImageOfPage":{"@id":"https:\/\/staging.belleflamme.ca\/fr\/produit\/manteau-de-foyer-new-yorkais-de-dracme\/#primaryimage"},"image":{"@id":"https:\/\/staging.belleflamme.ca\/fr\/produit\/manteau-de-foyer-new-yorkais-de-dracme\/#primaryimage"},"thumbnailUrl":"https:\/\/staging.belleflamme.ca\/wp-content\/uploads\/2025\/02\/Manteau-de-Foyer-New-Yorkais-de-Dracme.jpg","datePublished":"2025-02-11T20:34:40+00:00","dateModified":"2025-02-11T20:45:40+00:00","description":"Manteau de Foyer New-Yorkais de Dracme vendu et install\u00e9 par le Groupe Belleflamme. Laval, Montr\u00e9al, Gatineau et Saint-Sauveur.","breadcrumb":{"@id":"https:\/\/staging.belleflamme.ca\/fr\/produit\/manteau-de-foyer-new-yorkais-de-dracme\/#breadcrumb"},"inLanguage":"fr-FR","potentialAction":[{"@type":"ReadAction","target":["https:\/\/staging.belleflamme.ca\/fr\/produit\/manteau-de-foyer-new-yorkais-de-dracme\/"]}]},{"@type":"ImageObject","inLanguage":"fr-FR","@id":"https:\/\/staging.belleflamme.ca\/fr\/produit\/manteau-de-foyer-new-yorkais-de-dracme\/#primaryimage","url":"https:\/\/staging.belleflamme.ca\/wp-content\/uploads\/2025\/02\/Manteau-de-Foyer-New-Yorkais-de-Dracme.jpg","contentUrl":"https:\/\/staging.belleflamme.ca\/wp-content\/uploads\/2025\/02\/Manteau-de-Foyer-New-Yorkais-de-Dracme.jpg","width":1920,"height":1200,"caption":"Manteau de Foyer New-Yorkais de Dracme"},{"@type":"BreadcrumbList","@id":"https:\/\/staging.belleflamme.ca\/fr\/produit\/manteau-de-foyer-new-yorkais-de-dracme\/#breadcrumb","itemListElement":[{"@type":"ListItem","position":1,"name":"Accueil","item":"https:\/\/www.belleflamme.ca\/fr\/"},{"@type":"ListItem","position":2,"name":"Boutique","item":"https:\/\/www.belleflamme.ca\/fr\/boutique\/"},{"@type":"ListItem","position":3,"name":"Chemin\u00e9es, Pi\u00e8ces &amp; Accessoires","item":"https:\/\/staging.belleflamme.ca\/fr\/categories\/cheminees-pieces-accessoires\/"},{"@type":"ListItem","position":4,"name":"Manteaux de Foyer","item":"https:\/\/staging.belleflamme.ca\/fr\/categories\/cheminees-pieces-accessoires\/manteaux-de-foyer\/"},{"@type":"ListItem","position":5,"name":"Manteau de Foyer New-Yorkais de Dracme"}]},{"@type":"WebSite","@id":"https:\/\/www.belleflamme.ca\/fr\/#website","url":"https:\/\/www.belleflamme.ca\/fr\/","name":"Groupe Belleflamme","description":"La m\u00e9canique du b\u00e2timent dans le sang.","publisher":{"@id":"https:\/\/www.belleflamme.ca\/fr\/#organization"},"potentialAction":[{"@type":"SearchAction","target":{"@type":"EntryPoint","urlTemplate":"https:\/\/www.belleflamme.ca\/fr\/?s={search_term_string}"},"query-input":{"@type":"PropertyValueSpecification","valueRequired":true,"valueName":"search_term_string"}}],"inLanguage":"fr-FR"},{"@type":["Organization","Place"],"@id":"https:\/\/www.belleflamme.ca\/fr\/#organization","name":"Groupe Belleflamme","alternateName":"Belleflamme","url":"https:\/\/www.belleflamme.ca\/fr\/","logo":{"@type":"ImageObject","inLanguage":"fr-FR","@id":"https:\/\/www.belleflamme.ca\/fr\/#\/schema\/logo\/image\/","url":"https:\/\/staging.belleflamme.ca\/wp-content\/uploads\/2023\/01\/og-image.jpg","contentUrl":"https:\/\/staging.belleflamme.ca\/wp-content\/uploads\/2023\/01\/og-image.jpg","width":1200,"height":630,"caption":"Groupe Belleflamme"},"image":{"@id":"https:\/\/www.belleflamme.ca\/fr\/#\/schema\/logo\/image\/"},"sameAs":["https:\/\/www.facebook.com\/belleflamme.ca\/","https:\/\/www.linkedin.com\/company\/belleflamme\/","https:\/\/www.pinterest.ca\/groupebelleflamme\/","https:\/\/www.instagram.com\/legroupebelleflamme\/"],"mainEntityOfPage":{"@id":"https:\/\/staging.belleflamme.ca\/fr\/produit\/manteau-de-foyer-new-yorkais-de-dracme\/"}}]},"product_brand":"Dracme","product_price_amount":"4250.00","product_price_currency":"CAD","og_availability":"instock","product_availability":"instock","product_retailer_item_id":"New-Yorkais","product_condition":"new"},"_links":{"self":[{"href":"https:\/\/staging.belleflamme.ca\/fr\/wp-json\/wp\/v2\/product\/49804","targetHints":{"allow":["GET"]}}],"collection":[{"href":"https:\/\/staging.belleflamme.ca\/fr\/wp-json\/wp\/v2\/product"}],"about":[{"href":"https:\/\/staging.belleflamme.ca\/fr\/wp-json\/wp\/v2\/types\/product"}],"version-history":[{"count":5,"href":"https:\/\/staging.belleflamme.ca\/fr\/wp-json\/wp\/v2\/product\/49804\/revisions"}],"predecessor-version":[{"id":50469,"href":"https:\/\/staging.belleflamme.ca\/fr\/wp-json\/wp\/v2\/product\/49804\/revisions\/50469"}],"wp:featuredmedia":[{"embeddable":true,"href":"https:\/\/staging.belleflamme.ca\/fr\/wp-json\/wp\/v2\/media\/49805"}],"wp:attachment":[{"href":"https:\/\/staging.belleflamme.ca\/fr\/wp-json\/wp\/v2\/media?parent=49804"}],"wp:term":[{"taxonomy":"product_brand","embeddable":true,"href":"https:\/\/staging.belleflamme.ca\/fr\/wp-json\/wp\/v2\/product_brand?post=49804"},{"taxonomy":"product_cat","embeddable":true,"href":"https:\/\/staging.belleflamme.ca\/fr\/wp-json\/wp\/v2\/product_cat?post=49804"},{"taxonomy":"product_tag","embeddable":true,"href":"https:\/\/staging.belleflamme.ca\/fr\/wp-json\/wp\/v2\/product_tag?post=49804"}],"curies":[{"name":"wp","href":"https:\/\/api.w.org\/{rel}","templated":true}]}}