{"id":49017,"date":"2025-01-22T10:30:06","date_gmt":"2025-01-22T15:30:06","guid":{"rendered":"https:\/\/www.belleflamme.ca\/?post_type=product&#038;p=49017"},"modified":"2025-01-22T10:48:44","modified_gmt":"2025-01-22T15:48:44","slug":"foyer-electrique-lineaire-ignite-ultra-de-dimplex","status":"publish","type":"product","link":"https:\/\/staging.belleflamme.ca\/fr\/produit\/foyer-electrique-lineaire-ignite-ultra-de-dimplex\/","title":{"rendered":"Foyer \u00c9lectrique Lin\u00e9aire Ignite Ultra de Dimplex"},"content":{"rendered":"\t\t<div data-elementor-type=\"product-post\" data-elementor-id=\"49017\" class=\"elementor elementor-49017\" data-elementor-post-type=\"product\">\n\t\t\t\t\t\t<section class=\"elementor-section elementor-top-section elementor-element elementor-element-6fa92f5b elementor-section-boxed elementor-section-height-default elementor-section-height-default\" data-id=\"6fa92f5b\" data-element_type=\"section\">\n\t\t\t\t\t\t<div class=\"elementor-container elementor-column-gap-default\">\n\t\t\t\t\t<div class=\"elementor-column elementor-col-100 elementor-top-column elementor-element elementor-element-5552713\" data-id=\"5552713\" data-element_type=\"column\">\n\t\t\t<div class=\"elementor-widget-wrap elementor-element-populated\">\n\t\t\t\t\t\t<div class=\"elementor-element elementor-element-67a1d622 elementor-widget elementor-widget-text-editor\" data-id=\"67a1d622\" data-element_type=\"widget\" data-widget_type=\"text-editor.default\">\n\t\t\t\t<div class=\"elementor-widget-container\">\n\t\t\t\t\t\t\t\t\t<p>Le foyer \u00e9lectrique lin\u00e9aire ultra Ignite red\u00e9finit la vie de luxe avec deux nouvelles technologies : l&#8217;effet de flamme Dynamic-Fire et les b\u00fbches rythmiques tr\u00e8s avanc\u00e9es avec technologie de lueur interne. Le nouvel effet de flamme fascinant offre une v\u00e9ritable exp\u00e9rience de feu avec des b\u00fbches et des braises r\u00e9alistes qui pulsent en synchronisation, de nouvelles couleurs de flammes naturelles et des sons de bois cr\u00e9pitants authentiques. De plus, les nouvelles b\u00fbches Quick Connect \u00e9tonnantes sont mobiles pour un look personnalisable. Les utilisateurs profiteront d&#8217;une gamme compl\u00e8te de fonctionnalit\u00e9s haut de gamme et d&#8217;options d&#8217;installation flexibles adapt\u00e9es \u00e0 n&#8217;importe quelle conception : fa\u00e7ade, baie et coin.<\/p><ul class=\"product-details__listing\"><li>NOUVEL effet de flamme dynamique pour une exp\u00e9rience de flamme remarquablement r\u00e9aliste<\/li><li>NOUVELLE technologie de b\u00fbches \u00e0 incandescence int\u00e9rieure qui pulse au rythme des flammes et du lit de braises<\/li><li>3 options de sons de cr\u00e9pitement naturels pour am\u00e9liorer l&#8217;ambiance du feu<\/li><\/ul><h3 class=\"specs-title no-img\">Principales sp\u00e9cifications techniques<\/h3><div class=\"row\"><div class=\"col-12\"><div class=\"product-details__specifications-container\"><div class=\"container\"><div class=\"row\"><ul class=\"product-details__specifications-table--spec-list no-img\"><li class=\"product-details__specifications-table--spec-list--specs spec-margin\"><span class=\"spec-title\">Emplacement de l&#8217;\u00e9vent de chaleur\u00a0<\/span><span class=\"spec-desription\">\u00e0 l&#8217;avant<\/span><\/li><li class=\"product-details__specifications-table--spec-list--specs spec-margin\"><span class=\"spec-title\">D\u00e9cibels\u00a0<\/span><span class=\"spec-desription\">55<\/span><\/li><li class=\"product-details__specifications-table--spec-list--specs spec-margin\"><span class=\"spec-title\">Hauteur du produit (po)\u00a0<\/span><span class=\"spec-desription\">27,53<\/span><\/li><li class=\"product-details__specifications-table--spec-list--specs spec-margin\"><span class=\"spec-title\">Profondeur\/longueur du produit (po)\u00a0<\/span><span class=\"spec-desription\">15,36<\/span><\/li><li class=\"product-details__specifications-table--spec-list--specs spec-margin\"><span class=\"spec-title\">Poids du produit (kg)\u00a0<\/span><span class=\"spec-desription\"><br \/>ULT50 : \u00a041.72<br \/>ULT60 : 43.99<br \/>ULT74 : 47,17<br \/>ULT88 : 50.34<br \/>ULT100 : 53.51<br \/><\/span><\/li><li class=\"product-details__specifications-table--spec-list--specs spec-margin\"><span class=\"spec-title\">Largeur du produit (po)\u00a0<\/span><span class=\"spec-desription\"><br \/>ULT50 : 50.59<br \/>ULT60 : 60.59<br \/>ULT74 : 74,59<br \/>ULT88 : 88.59<br \/>ULT100 : 100.59<\/span><\/li><li><span class=\"spec-title\">Dimensions avant &#8211; Hauteur (po) 27.53<\/span><\/li><li class=\"product-details__specifications-table--spec-list--specs spec-margin\"><span class=\"spec-title\">Thermostat int\u00e9gr\u00e9\u00a0<\/span><span class=\"spec-desription\">Oui<\/span><\/li><li class=\"product-details__specifications-table--spec-list--specs spec-margin\"><span class=\"spec-title\">Puissance\u00a0<\/span><span class=\"spec-desription\">1500<\/span><\/li><li class=\"product-details__specifications-table--spec-list--specs spec-margin\"><span class=\"spec-title\">Tension\u00a0<\/span><span class=\"spec-desription\">120<\/span><\/li><li class=\"product-details__specifications-table--spec-list--specs spec-margin\"><span class=\"spec-title\">Garantie\u00a0<\/span><span class=\"spec-desription\">limit\u00e9e de 5 ans<\/span><\/li><li class=\"product-details__specifications-table--spec-list--specs spec-margin\"><span class=\"spec-title\">Type d&#8217;\u00e9l\u00e9ment\u00a0<\/span><span class=\"spec-desription\">C\u00e9ramique<\/span><\/li><li class=\"product-details__specifications-table--spec-list--specs spec-margin\"><span class=\"spec-title\">Taille de la pile de la t\u00e9l\u00e9commande\u00a0<\/span><span class=\"spec-desription\">AAA<\/span><\/li><li class=\"product-details__specifications-table--spec-list--specs spec-margin\"><span class=\"spec-title\">Arr\u00eat automatique\u00a0<\/span><span class=\"spec-desription\">Oui<\/span><\/li><li class=\"product-details__specifications-table--spec-list--specs spec-margin\"><span class=\"spec-title\">Type de verre avant\u00a0<\/span><span class=\"spec-desription\">tremp\u00e9<\/span><\/li><li class=\"product-details__specifications-table--spec-list--specs spec-margin\"><span class=\"spec-desription\">Technologie des piles alcalines\u00a0<\/span><span class=\"spec-title\">pour t\u00e9l\u00e9commandes<\/span><\/li><li class=\"product-details__specifications-table--spec-list--specs spec-margin\"><span class=\"spec-title\">Connexion \u00e9lectrique\u00a0<\/span><span class=\"spec-desription\">c\u00e2bl\u00e9e<\/span><\/li><li class=\"product-details__specifications-table--spec-list--specs spec-margin\"><span class=\"spec-title\">Minuterie\u00a0<\/span><span class=\"spec-desription\">Oui<\/span><\/li><li class=\"product-details__specifications-table--spec-list--specs spec-margin\"><span class=\"spec-title\">Dossier de certification de l&#8217;Agence de s\u00e9curit\u00e9\u00a0<\/span><span class=\"spec-desription\">E71416<\/span><\/li><\/ul><\/div><\/div><\/div><\/div><\/div>\t\t\t\t\t\t\t\t<\/div>\n\t\t\t\t<\/div>\n\t\t\t\t\t<\/div>\n\t\t<\/div>\n\t\t\t\t\t<\/div>\n\t\t<\/section>\n\t\t\t\t<section class=\"elementor-section elementor-top-section elementor-element elementor-element-30b6224 elementor-section-boxed elementor-section-height-default elementor-section-height-default\" data-id=\"30b6224\" data-element_type=\"section\">\n\t\t\t\t\t\t<div class=\"elementor-container elementor-column-gap-default\">\n\t\t\t\t\t<div class=\"elementor-column elementor-col-100 elementor-top-column elementor-element elementor-element-a346b12\" data-id=\"a346b12\" data-element_type=\"column\">\n\t\t\t<div class=\"elementor-widget-wrap elementor-element-populated\">\n\t\t\t\t\t\t<div class=\"elementor-element elementor-element-3202da7 elementor-tabs-view-horizontal elementor-widget elementor-widget-tabs\" data-id=\"3202da7\" data-element_type=\"widget\" data-widget_type=\"tabs.default\">\n\t\t\t\t<div class=\"elementor-widget-container\">\n\t\t\t\t\t\t\t<div class=\"elementor-tabs\">\n\t\t\t<div class=\"elementor-tabs-wrapper\" role=\"tablist\" >\n\t\t\t\t\t\t\t\t\t<div id=\"elementor-tab-title-5241\" class=\"elementor-tab-title elementor-tab-desktop-title\" aria-selected=\"true\" data-tab=\"1\" role=\"tab\" tabindex=\"0\" aria-controls=\"elementor-tab-content-5241\" aria-expanded=\"false\">Fichiers<\/div>\n\t\t\t\t\t\t\t<\/div>\n\t\t\t<div class=\"elementor-tabs-content-wrapper\" role=\"tablist\" aria-orientation=\"vertical\">\n\t\t\t\t\t\t\t\t\t<div class=\"elementor-tab-title elementor-tab-mobile-title\" aria-selected=\"true\" data-tab=\"1\" role=\"tab\" tabindex=\"0\" aria-controls=\"elementor-tab-content-5241\" aria-expanded=\"false\">Fichiers<\/div>\n\t\t\t\t\t<div id=\"elementor-tab-content-5241\" class=\"elementor-tab-content elementor-clearfix\" data-tab=\"1\" role=\"tabpanel\" aria-labelledby=\"elementor-tab-title-5241\" tabindex=\"0\" hidden=\"false\"><i class=\"far fa-file-pdf fa-xl\" style=\"font-size:35px\"><\/i><a href=\"https:\/\/www.belleflamme.ca\/wp-content\/uploads\/2025\/01\/Ultra_SS_SE-694-R01_Eng.pdf\"> Brochure<\/a><\/br>\n<i class=\"far fa-file-pdf fa-xl\" style=\"font-size:35px\"><\/i><a href=\"https:\/\/www.belleflamme.ca\/wp-content\/uploads\/2025\/01\/7216840100R01_FR-Ultra_0.pdf\"> Installation et Utilisation<\/a><\/br>\n<i class=\"far fa-file-pdf fa-xl\" style=\"font-size:35px\"><\/i><a href=\"https:\/\/www.belleflamme.ca\/wp-content\/uploads\/2025\/01\/ULT50_3P-053-R00_Eng.pdf\"> Dimensions 50<\/a><\/br>\n<i class=\"far fa-file-pdf fa-xl\" style=\"font-size:35px\"><\/i><a href=\"https:\/\/www.belleflamme.ca\/wp-content\/uploads\/2025\/01\/ULT60_3P-055-R00_Eng.pdf\"> Dimensions 60<\/a><\/br>\n<i class=\"far fa-file-pdf fa-xl\" style=\"font-size:35px\"><\/i><a href=\"https:\/\/www.belleflamme.ca\/wp-content\/uploads\/2025\/01\/ULT74_3P-056-R00_Eng.pdf\"> Dimensions 74<\/a><\/br>\n<i class=\"far fa-file-pdf fa-xl\" style=\"font-size:35px\"><\/i><a href=\"https:\/\/www.belleflamme.ca\/wp-content\/uploads\/2025\/01\/ULT100_3P-061_R00_Eng.pdf\"> Dimensions 100<\/a><\/br><\/div>\n\t\t\t\t\t\t\t<\/div>\n\t\t<\/div>\n\t\t\t\t\t\t<\/div>\n\t\t\t\t<\/div>\n\t\t\t\t\t<\/div>\n\t\t<\/div>\n\t\t\t\t\t<\/div>\n\t\t<\/section>\n\t\t\t\t<\/div>\n\t\t","protected":false},"excerpt":{"rendered":"<p>Le foyer \u00e9lectrique lin\u00e9aire ultra Ignite red\u00e9finit la vie de luxe avec deux nouvelles technologies : l&#8217;effet de flamme Dynamic-Fire et les b\u00fbches rythmiques tr\u00e8s avanc\u00e9es avec technologie de lueur interne. Le nouvel effet de flamme fascinant offre une v\u00e9ritable exp\u00e9rience de feu avec des b\u00fbches et des braises r\u00e9alistes qui pulsent en synchronisation, de [&hellip;]<\/p>\n","protected":false},"featured_media":49018,"template":"","meta":{"inline_featured_image":false},"product_brand":[232],"product_cat":[240,241,33],"product_tag":[],"class_list":{"0":"post-49017","1":"product","2":"type-product","3":"status-publish","4":"has-post-thumbnail","6":"product_brand-dimplex","7":"product_cat-foyer-electrique","8":"product_cat-poele-foyer-electrique","9":"product_cat-poeles-et-foyers","11":"first","12":"instock","13":"taxable","14":"shipping-taxable","15":"purchasable","16":"product-type-variable"},"yoast_head":"<!-- This site is optimized with the Yoast SEO Premium plugin v24.2 (Yoast SEO v24.2) - https:\/\/yoast.com\/wordpress\/plugins\/seo\/ -->\n<title>Foyer \u00c9lectrique Lin\u00e9aire Ignite Ultra de Dimplex - Groupe BelleFlamme<\/title>\n<meta name=\"description\" content=\"Foyer \u00c9lectrique Lin\u00e9aire Ignite Ultra de Dimplex vendu et install\u00e9 par le Groupe Belleflamme. Laval, Montr\u00e9al, Gatineau et Saint-Sauveur.\" \/>\n<meta name=\"robots\" content=\"index, follow, max-snippet:-1, max-image-preview:large, max-video-preview:-1\" \/>\n<link rel=\"canonical\" href=\"https:\/\/staging.belleflamme.ca\/fr\/produit\/foyer-electrique-lineaire-ignite-ultra-de-dimplex\/\" \/>\n<meta property=\"og:locale\" content=\"fr_FR\" \/>\n<meta property=\"og:type\" content=\"article\" \/>\n<meta property=\"og:title\" content=\"Foyer \u00c9lectrique Lin\u00e9aire Ignite Ultra de Dimplex\" \/>\n<meta property=\"og:description\" content=\"Foyer \u00c9lectrique Lin\u00e9aire Ignite Ultra de Dimplex vendu et install\u00e9 par le Groupe Belleflamme. Laval, Montr\u00e9al, Gatineau et Saint-Sauveur.\" \/>\n<meta property=\"og:url\" content=\"https:\/\/staging.belleflamme.ca\/fr\/produit\/foyer-electrique-lineaire-ignite-ultra-de-dimplex\/\" \/>\n<meta property=\"og:site_name\" content=\"Groupe BelleFlamme\" \/>\n<meta property=\"article:publisher\" content=\"https:\/\/www.facebook.com\/belleflamme.ca\/\" \/>\n<meta property=\"article:modified_time\" content=\"2025-01-22T15:48:44+00:00\" \/>\n<meta property=\"og:image\" content=\"https:\/\/www.belleflamme.ca\/wp-content\/uploads\/2025\/01\/Foyer-Electrique-Lineaire-Ignite-Ultra-de-Dimplex.jpg\" \/>\n\t<meta property=\"og:image:width\" content=\"2000\" \/>\n\t<meta property=\"og:image:height\" content=\"2000\" \/>\n\t<meta property=\"og:image:type\" content=\"image\/jpeg\" \/>\n<meta name=\"twitter:card\" content=\"summary_large_image\" \/>\n<meta name=\"twitter:label1\" content=\"Disponibilit\u00e9\" \/>\n\t<meta name=\"twitter:data1\" content=\"En stock\" \/>\n<script type=\"application\/ld+json\" class=\"yoast-schema-graph\">{\"@context\":\"https:\/\/schema.org\",\"@graph\":[{\"@type\":[\"WebPage\",\"ItemPage\"],\"@id\":\"https:\/\/staging.belleflamme.ca\/fr\/produit\/foyer-electrique-lineaire-ignite-ultra-de-dimplex\/\",\"url\":\"https:\/\/staging.belleflamme.ca\/fr\/produit\/foyer-electrique-lineaire-ignite-ultra-de-dimplex\/\",\"name\":\"Foyer \u00c9lectrique Lin\u00e9aire Ignite Ultra de Dimplex - Groupe BelleFlamme\",\"isPartOf\":{\"@id\":\"https:\/\/www.belleflamme.ca\/fr\/#website\"},\"primaryImageOfPage\":{\"@id\":\"https:\/\/staging.belleflamme.ca\/fr\/produit\/foyer-electrique-lineaire-ignite-ultra-de-dimplex\/#primaryimage\"},\"image\":{\"@id\":\"https:\/\/staging.belleflamme.ca\/fr\/produit\/foyer-electrique-lineaire-ignite-ultra-de-dimplex\/#primaryimage\"},\"thumbnailUrl\":\"https:\/\/staging.belleflamme.ca\/wp-content\/uploads\/2025\/01\/Foyer-Electrique-Lineaire-Ignite-Ultra-de-Dimplex.jpg\",\"datePublished\":\"2025-01-22T15:30:06+00:00\",\"dateModified\":\"2025-01-22T15:48:44+00:00\",\"description\":\"Foyer \u00c9lectrique Lin\u00e9aire Ignite Ultra de Dimplex vendu et install\u00e9 par le Groupe Belleflamme. Laval, Montr\u00e9al, Gatineau et Saint-Sauveur.\",\"breadcrumb\":{\"@id\":\"https:\/\/staging.belleflamme.ca\/fr\/produit\/foyer-electrique-lineaire-ignite-ultra-de-dimplex\/#breadcrumb\"},\"inLanguage\":\"fr-FR\",\"potentialAction\":[{\"@type\":\"ReadAction\",\"target\":[\"https:\/\/staging.belleflamme.ca\/fr\/produit\/foyer-electrique-lineaire-ignite-ultra-de-dimplex\/\"]}]},{\"@type\":\"ImageObject\",\"inLanguage\":\"fr-FR\",\"@id\":\"https:\/\/staging.belleflamme.ca\/fr\/produit\/foyer-electrique-lineaire-ignite-ultra-de-dimplex\/#primaryimage\",\"url\":\"https:\/\/staging.belleflamme.ca\/wp-content\/uploads\/2025\/01\/Foyer-Electrique-Lineaire-Ignite-Ultra-de-Dimplex.jpg\",\"contentUrl\":\"https:\/\/staging.belleflamme.ca\/wp-content\/uploads\/2025\/01\/Foyer-Electrique-Lineaire-Ignite-Ultra-de-Dimplex.jpg\",\"width\":2000,\"height\":2000,\"caption\":\"Foyer \u00c9lectrique Lin\u00e9aire Ignite Ultra de Dimplex\"},{\"@type\":\"BreadcrumbList\",\"@id\":\"https:\/\/staging.belleflamme.ca\/fr\/produit\/foyer-electrique-lineaire-ignite-ultra-de-dimplex\/#breadcrumb\",\"itemListElement\":[{\"@type\":\"ListItem\",\"position\":1,\"name\":\"Accueil\",\"item\":\"https:\/\/www.belleflamme.ca\/fr\/\"},{\"@type\":\"ListItem\",\"position\":2,\"name\":\"Boutique\",\"item\":\"https:\/\/www.belleflamme.ca\/fr\/boutique\/\"},{\"@type\":\"ListItem\",\"position\":3,\"name\":\"Po\u00eales &amp; Foyers\",\"item\":\"https:\/\/staging.belleflamme.ca\/fr\/categories\/poeles-et-foyers\/\"},{\"@type\":\"ListItem\",\"position\":4,\"name\":\"Po\u00eale &amp; Foyer \u00c9lectrique\",\"item\":\"https:\/\/staging.belleflamme.ca\/fr\/categories\/poeles-et-foyers\/poele-foyer-electrique\/\"},{\"@type\":\"ListItem\",\"position\":5,\"name\":\"Foyer \u00c9lectrique\",\"item\":\"https:\/\/staging.belleflamme.ca\/fr\/categories\/poeles-et-foyers\/poele-foyer-electrique\/foyer-electrique\/\"},{\"@type\":\"ListItem\",\"position\":6,\"name\":\"Foyer \u00c9lectrique Lin\u00e9aire Ignite Ultra de Dimplex\"}]},{\"@type\":\"WebSite\",\"@id\":\"https:\/\/www.belleflamme.ca\/fr\/#website\",\"url\":\"https:\/\/www.belleflamme.ca\/fr\/\",\"name\":\"Groupe Belleflamme\",\"description\":\"La m\u00e9canique du b\u00e2timent dans le sang.\",\"publisher\":{\"@id\":\"https:\/\/www.belleflamme.ca\/fr\/#organization\"},\"potentialAction\":[{\"@type\":\"SearchAction\",\"target\":{\"@type\":\"EntryPoint\",\"urlTemplate\":\"https:\/\/www.belleflamme.ca\/fr\/?s={search_term_string}\"},\"query-input\":{\"@type\":\"PropertyValueSpecification\",\"valueRequired\":true,\"valueName\":\"search_term_string\"}}],\"inLanguage\":\"fr-FR\"},{\"@type\":[\"Organization\",\"Place\"],\"@id\":\"https:\/\/www.belleflamme.ca\/fr\/#organization\",\"name\":\"Groupe Belleflamme\",\"alternateName\":\"Belleflamme\",\"url\":\"https:\/\/www.belleflamme.ca\/fr\/\",\"logo\":{\"@type\":\"ImageObject\",\"inLanguage\":\"fr-FR\",\"@id\":\"https:\/\/www.belleflamme.ca\/fr\/#\/schema\/logo\/image\/\",\"url\":\"https:\/\/staging.belleflamme.ca\/wp-content\/uploads\/2023\/01\/og-image.jpg\",\"contentUrl\":\"https:\/\/staging.belleflamme.ca\/wp-content\/uploads\/2023\/01\/og-image.jpg\",\"width\":1200,\"height\":630,\"caption\":\"Groupe Belleflamme\"},\"image\":{\"@id\":\"https:\/\/www.belleflamme.ca\/fr\/#\/schema\/logo\/image\/\"},\"sameAs\":[\"https:\/\/www.facebook.com\/belleflamme.ca\/\",\"https:\/\/www.linkedin.com\/company\/belleflamme\/\",\"https:\/\/www.pinterest.ca\/groupebelleflamme\/\",\"https:\/\/www.instagram.com\/legroupebelleflamme\/\"],\"mainEntityOfPage\":{\"@id\":\"https:\/\/staging.belleflamme.ca\/fr\/produit\/foyer-electrique-lineaire-ignite-ultra-de-dimplex\/\"}}]}<\/script>\n<meta property=\"product:brand\" content=\"Dimplex\" \/>\n<meta property=\"og:availability\" content=\"instock\" \/>\n<meta property=\"product:availability\" content=\"instock\" \/>\n<meta property=\"product:condition\" content=\"new\" \/>\n<!-- \/ Yoast SEO Premium plugin. -->","yoast_head_json":{"title":"Foyer \u00c9lectrique Lin\u00e9aire Ignite Ultra de Dimplex - Groupe BelleFlamme","description":"Foyer \u00c9lectrique Lin\u00e9aire Ignite Ultra de Dimplex vendu et install\u00e9 par le Groupe Belleflamme. Laval, Montr\u00e9al, Gatineau et Saint-Sauveur.","robots":{"index":"index","follow":"follow","max-snippet":"max-snippet:-1","max-image-preview":"max-image-preview:large","max-video-preview":"max-video-preview:-1"},"canonical":"https:\/\/staging.belleflamme.ca\/fr\/produit\/foyer-electrique-lineaire-ignite-ultra-de-dimplex\/","og_locale":"fr_FR","og_type":"article","og_title":"Foyer \u00c9lectrique Lin\u00e9aire Ignite Ultra de Dimplex","og_description":"Foyer \u00c9lectrique Lin\u00e9aire Ignite Ultra de Dimplex vendu et install\u00e9 par le Groupe Belleflamme. Laval, Montr\u00e9al, Gatineau et Saint-Sauveur.","og_url":"https:\/\/staging.belleflamme.ca\/fr\/produit\/foyer-electrique-lineaire-ignite-ultra-de-dimplex\/","og_site_name":"Groupe BelleFlamme","article_publisher":"https:\/\/www.facebook.com\/belleflamme.ca\/","article_modified_time":"2025-01-22T15:48:44+00:00","og_image":[{"width":2000,"height":2000,"url":"https:\/\/www.belleflamme.ca\/wp-content\/uploads\/2025\/01\/Foyer-Electrique-Lineaire-Ignite-Ultra-de-Dimplex.jpg","type":"image\/jpeg"}],"twitter_card":"summary_large_image","twitter_misc":{"Disponibilit\u00e9":"En stock"},"schema":{"@context":"https:\/\/schema.org","@graph":[{"@type":["WebPage","ItemPage"],"@id":"https:\/\/staging.belleflamme.ca\/fr\/produit\/foyer-electrique-lineaire-ignite-ultra-de-dimplex\/","url":"https:\/\/staging.belleflamme.ca\/fr\/produit\/foyer-electrique-lineaire-ignite-ultra-de-dimplex\/","name":"Foyer \u00c9lectrique Lin\u00e9aire Ignite Ultra de Dimplex - Groupe BelleFlamme","isPartOf":{"@id":"https:\/\/www.belleflamme.ca\/fr\/#website"},"primaryImageOfPage":{"@id":"https:\/\/staging.belleflamme.ca\/fr\/produit\/foyer-electrique-lineaire-ignite-ultra-de-dimplex\/#primaryimage"},"image":{"@id":"https:\/\/staging.belleflamme.ca\/fr\/produit\/foyer-electrique-lineaire-ignite-ultra-de-dimplex\/#primaryimage"},"thumbnailUrl":"https:\/\/staging.belleflamme.ca\/wp-content\/uploads\/2025\/01\/Foyer-Electrique-Lineaire-Ignite-Ultra-de-Dimplex.jpg","datePublished":"2025-01-22T15:30:06+00:00","dateModified":"2025-01-22T15:48:44+00:00","description":"Foyer \u00c9lectrique Lin\u00e9aire Ignite Ultra de Dimplex vendu et install\u00e9 par le Groupe Belleflamme. Laval, Montr\u00e9al, Gatineau et Saint-Sauveur.","breadcrumb":{"@id":"https:\/\/staging.belleflamme.ca\/fr\/produit\/foyer-electrique-lineaire-ignite-ultra-de-dimplex\/#breadcrumb"},"inLanguage":"fr-FR","potentialAction":[{"@type":"ReadAction","target":["https:\/\/staging.belleflamme.ca\/fr\/produit\/foyer-electrique-lineaire-ignite-ultra-de-dimplex\/"]}]},{"@type":"ImageObject","inLanguage":"fr-FR","@id":"https:\/\/staging.belleflamme.ca\/fr\/produit\/foyer-electrique-lineaire-ignite-ultra-de-dimplex\/#primaryimage","url":"https:\/\/staging.belleflamme.ca\/wp-content\/uploads\/2025\/01\/Foyer-Electrique-Lineaire-Ignite-Ultra-de-Dimplex.jpg","contentUrl":"https:\/\/staging.belleflamme.ca\/wp-content\/uploads\/2025\/01\/Foyer-Electrique-Lineaire-Ignite-Ultra-de-Dimplex.jpg","width":2000,"height":2000,"caption":"Foyer \u00c9lectrique Lin\u00e9aire Ignite Ultra de Dimplex"},{"@type":"BreadcrumbList","@id":"https:\/\/staging.belleflamme.ca\/fr\/produit\/foyer-electrique-lineaire-ignite-ultra-de-dimplex\/#breadcrumb","itemListElement":[{"@type":"ListItem","position":1,"name":"Accueil","item":"https:\/\/www.belleflamme.ca\/fr\/"},{"@type":"ListItem","position":2,"name":"Boutique","item":"https:\/\/www.belleflamme.ca\/fr\/boutique\/"},{"@type":"ListItem","position":3,"name":"Po\u00eales &amp; Foyers","item":"https:\/\/staging.belleflamme.ca\/fr\/categories\/poeles-et-foyers\/"},{"@type":"ListItem","position":4,"name":"Po\u00eale &amp; Foyer \u00c9lectrique","item":"https:\/\/staging.belleflamme.ca\/fr\/categories\/poeles-et-foyers\/poele-foyer-electrique\/"},{"@type":"ListItem","position":5,"name":"Foyer \u00c9lectrique","item":"https:\/\/staging.belleflamme.ca\/fr\/categories\/poeles-et-foyers\/poele-foyer-electrique\/foyer-electrique\/"},{"@type":"ListItem","position":6,"name":"Foyer \u00c9lectrique Lin\u00e9aire Ignite Ultra de Dimplex"}]},{"@type":"WebSite","@id":"https:\/\/www.belleflamme.ca\/fr\/#website","url":"https:\/\/www.belleflamme.ca\/fr\/","name":"Groupe Belleflamme","description":"La m\u00e9canique du b\u00e2timent dans le sang.","publisher":{"@id":"https:\/\/www.belleflamme.ca\/fr\/#organization"},"potentialAction":[{"@type":"SearchAction","target":{"@type":"EntryPoint","urlTemplate":"https:\/\/www.belleflamme.ca\/fr\/?s={search_term_string}"},"query-input":{"@type":"PropertyValueSpecification","valueRequired":true,"valueName":"search_term_string"}}],"inLanguage":"fr-FR"},{"@type":["Organization","Place"],"@id":"https:\/\/www.belleflamme.ca\/fr\/#organization","name":"Groupe Belleflamme","alternateName":"Belleflamme","url":"https:\/\/www.belleflamme.ca\/fr\/","logo":{"@type":"ImageObject","inLanguage":"fr-FR","@id":"https:\/\/www.belleflamme.ca\/fr\/#\/schema\/logo\/image\/","url":"https:\/\/staging.belleflamme.ca\/wp-content\/uploads\/2023\/01\/og-image.jpg","contentUrl":"https:\/\/staging.belleflamme.ca\/wp-content\/uploads\/2023\/01\/og-image.jpg","width":1200,"height":630,"caption":"Groupe Belleflamme"},"image":{"@id":"https:\/\/www.belleflamme.ca\/fr\/#\/schema\/logo\/image\/"},"sameAs":["https:\/\/www.facebook.com\/belleflamme.ca\/","https:\/\/www.linkedin.com\/company\/belleflamme\/","https:\/\/www.pinterest.ca\/groupebelleflamme\/","https:\/\/www.instagram.com\/legroupebelleflamme\/"],"mainEntityOfPage":{"@id":"https:\/\/staging.belleflamme.ca\/fr\/produit\/foyer-electrique-lineaire-ignite-ultra-de-dimplex\/"}}]},"product_brand":"Dimplex","og_availability":"instock","product_availability":"instock","product_condition":"new"},"_links":{"self":[{"href":"https:\/\/staging.belleflamme.ca\/fr\/wp-json\/wp\/v2\/product\/49017","targetHints":{"allow":["GET"]}}],"collection":[{"href":"https:\/\/staging.belleflamme.ca\/fr\/wp-json\/wp\/v2\/product"}],"about":[{"href":"https:\/\/staging.belleflamme.ca\/fr\/wp-json\/wp\/v2\/types\/product"}],"version-history":[{"count":6,"href":"https:\/\/staging.belleflamme.ca\/fr\/wp-json\/wp\/v2\/product\/49017\/revisions"}],"predecessor-version":[{"id":49045,"href":"https:\/\/staging.belleflamme.ca\/fr\/wp-json\/wp\/v2\/product\/49017\/revisions\/49045"}],"wp:featuredmedia":[{"embeddable":true,"href":"https:\/\/staging.belleflamme.ca\/fr\/wp-json\/wp\/v2\/media\/49018"}],"wp:attachment":[{"href":"https:\/\/staging.belleflamme.ca\/fr\/wp-json\/wp\/v2\/media?parent=49017"}],"wp:term":[{"taxonomy":"product_brand","embeddable":true,"href":"https:\/\/staging.belleflamme.ca\/fr\/wp-json\/wp\/v2\/product_brand?post=49017"},{"taxonomy":"product_cat","embeddable":true,"href":"https:\/\/staging.belleflamme.ca\/fr\/wp-json\/wp\/v2\/product_cat?post=49017"},{"taxonomy":"product_tag","embeddable":true,"href":"https:\/\/staging.belleflamme.ca\/fr\/wp-json\/wp\/v2\/product_tag?post=49017"}],"curies":[{"name":"wp","href":"https:\/\/api.w.org\/{rel}","templated":true}]}}