{"id":48034,"date":"2024-12-19T10:33:27","date_gmt":"2024-12-19T15:33:27","guid":{"rendered":"https:\/\/www.belleflamme.ca\/?post_type=product&#038;p=48034"},"modified":"2024-12-19T14:01:16","modified_gmt":"2024-12-19T19:01:16","slug":"poele-au-bois-7110-b-de-morso","status":"publish","type":"product","link":"https:\/\/staging.belleflamme.ca\/fr\/produit\/poele-au-bois-7110-b-de-morso\/","title":{"rendered":"Po\u00eale au bois 7110 B de Morso"},"content":{"rendered":"\t\t<div data-elementor-type=\"product-post\" data-elementor-id=\"48034\" class=\"elementor elementor-48034\" data-elementor-post-type=\"product\">\n\t\t\t\t\t\t<section class=\"elementor-section elementor-top-section elementor-element elementor-element-43ef58d6 elementor-section-boxed elementor-section-height-default elementor-section-height-default\" data-id=\"43ef58d6\" data-element_type=\"section\">\n\t\t\t\t\t\t<div class=\"elementor-container elementor-column-gap-default\">\n\t\t\t\t\t<div class=\"elementor-column elementor-col-100 elementor-top-column elementor-element elementor-element-27fd9659\" data-id=\"27fd9659\" data-element_type=\"column\">\n\t\t\t<div class=\"elementor-widget-wrap elementor-element-populated\">\n\t\t\t\t\t\t<div class=\"elementor-element elementor-element-58d11049 elementor-widget elementor-widget-text-editor\" data-id=\"58d11049\" data-element_type=\"widget\" data-widget_type=\"text-editor.default\">\n\t\t\t\t<div class=\"elementor-widget-container\">\n\t\t\t\t\t\t\t\t\t<p><span>Le Mors\u00f8 7110 B, comme tous les po\u00eales en fonte Mors\u00f8, dispose d&#8217;un tr\u00e8s grand panneau de verre sans aucune barre g\u00eanante et d&#8217;un syst\u00e8me de lavage \u00e0 l&#8217;air sup\u00e9rieur pour garder le verre propre pour une vue d\u00e9gag\u00e9e sur le feu.<\/span><\/p><p><span>Con\u00e7u avec la simplicit\u00e9 scandinave, les bords nets et les lignes droites du Mors\u00f8 7110 B sont combin\u00e9s avec des \u00e9l\u00e9ments am\u00e9ricains classiques tels que le design horizontal et les profils distincts du dessus.<\/span><\/p><h4 class=\"el-accordion-title uk-uk-h4 uk-margin-remove-bottom\"><span>Effet et capacit\u00e9<\/span><\/h4><div id=\"uk-accordion-2\" class=\"uk-accordion-content uk-margin-remove-first-child\" role=\"region\" aria-labelledby=\"uk-accordion-1\"><div id=\"jp_accordation_section_67643c14d3459\" class=\"jp_section_content\"><div class=\"uk-container\"><div class=\"uk-grid tm-grid-expand uk-child-width-1-1 uk-grid-margin\"><div class=\"uk-width-1-1\"><ul class=\"uk-list uk-list-divider\"><li class=\"el-item\"><div class=\"uk-child-width-auto uk-grid-small uk-grid\"><div class=\"uk-width-expand uk-first-column\"><div class=\"el-title uk-margin-remove\">Chaleur maximale<\/div><\/div><div><div class=\"el-content uk-panel\">36 554 BTU\/h<\/div><\/div><\/div><\/li><li class=\"el-item\"><div class=\"uk-child-width-auto uk-grid-small uk-grid\"><div class=\"uk-width-expand uk-first-column\"><div class=\"el-title uk-margin-remove\">Taille du journal<\/div><\/div><div><div class=\"el-content uk-panel\">16,5&#8243;<\/div><\/div><\/div><\/li><li class=\"el-item\"><div class=\"uk-child-width-auto uk-grid-small uk-grid\"><div class=\"uk-width-expand uk-first-column\"><div class=\"el-title uk-margin-remove\">Surface max. chauff\u00e9e<\/div><\/div><div><div class=\"el-content uk-panel\">1300 pi2<\/div><\/div><\/div><\/li><li class=\"el-item\"><div class=\"uk-child-width-auto uk-grid-small uk-grid\"><div class=\"uk-width-expand uk-first-column\"><div class=\"el-title uk-margin-remove\">Dimensions du foyer<\/div><\/div><div><div class=\"el-content uk-panel\">17 1\/2 x 9&#8243;<\/div><\/div><\/div><\/li><li class=\"el-item\"><div class=\"uk-child-width-auto uk-grid-small uk-grid\"><div class=\"uk-width-expand uk-first-column\"><div class=\"el-title uk-margin-remove\">Volume\/capacit\u00e9 du foyer<\/div><\/div><div><div class=\"el-content uk-panel\">1,04 pi3<\/div><\/div><\/div><\/li><li class=\"el-item\"><div class=\"uk-child-width-auto uk-grid-small uk-grid\"><div class=\"uk-width-expand uk-first-column\"><div class=\"el-title uk-margin-remove\">Alimentation en air ext\u00e9rieur<\/div><\/div><div><div class=\"el-content uk-panel\">Disponible<\/div><\/div><\/div><\/li><\/ul><h4 class=\"el-accordion-title uk-uk-h4 uk-margin-remove-bottom\">Propri\u00e9t\u00e9s<\/h4><div id=\"uk-accordion-4\" class=\"uk-accordion-content uk-margin-remove-first-child\" role=\"region\" aria-labelledby=\"uk-accordion-3\"><div id=\"jp_accordation_section_67643c14d349e\" class=\"jp_section_content\"><div class=\"uk-container\"><div class=\"uk-grid tm-grid-expand uk-child-width-1-1 uk-grid-margin\"><div class=\"uk-width-1-1\"><div class=\"uk-h6 uk-text-bold uk-margin-small\">Propri\u00e9t\u00e9s<\/div><ul class=\"uk-list uk-list-disc uk-list-collapse uk-margin-remove-top\"><li class=\"el-item\"><div class=\"el-content uk-panel\">Chaleur radiante<\/div><\/li><li class=\"el-item\"><div class=\"el-content uk-panel\">Air de combustion pr\u00e9chauff\u00e9<\/div><\/li><li class=\"el-item\"><div class=\"el-content uk-panel\">Alimentation en air secondaire pr\u00e9chauff\u00e9<\/div><\/li><li class=\"el-item\"><div class=\"el-content uk-panel\">Cendrier<\/div><\/li><li class=\"el-item\"><div class=\"el-content uk-panel\">Syst\u00e8me Airwash<\/div><\/li><li class=\"el-item\"><div class=\"el-content uk-panel\">Air tertiaire<\/div><\/li><\/ul><div class=\"uk-h6 uk-text-bold uk-margin-small\">Carburant<\/div><ul class=\"uk-list uk-list-disc uk-list-collapse uk-margin-remove-top\"><li class=\"el-item\"><div class=\"el-content uk-panel\">Bois<\/div><\/li><\/ul><div class=\"uk-h6 uk-text-bold uk-margin-small\">Approbations<\/div><ul class=\"uk-list uk-list-disc uk-list-collapse uk-margin-remove-top\"><li class=\"el-item\"><div class=\"el-content uk-panel\">EPA<\/div><\/li><\/ul><h4 class=\"el-accordion-title uk-uk-h4 uk-margin-remove-bottom\">Dimensions et poids<\/h4><div id=\"uk-accordion-6\" class=\"uk-accordion-content uk-margin-remove-first-child\" role=\"region\" aria-labelledby=\"uk-accordion-5\"><div id=\"jp_accordation_section_67643c14d34be\" class=\"jp_section_content\"><div class=\"uk-container\"><div class=\"uk-grid tm-grid-expand uk-child-width-1-1 uk-grid-margin\"><div class=\"uk-width-1-1\"><ul class=\"uk-list uk-list-divider\"><li class=\"el-item\"><div class=\"uk-child-width-auto uk-grid-small uk-grid\"><div class=\"uk-width-expand uk-first-column\"><div class=\"el-title uk-margin-remove\">Hauteur<\/div><\/div><div><div class=\"el-content uk-panel\">26 3\/8&#8243;<\/div><\/div><\/div><\/li><li class=\"el-item\"><div class=\"uk-child-width-auto uk-grid-small uk-grid\"><div class=\"uk-width-expand uk-first-column\"><div class=\"el-title uk-margin-remove\">Largeur<\/div><\/div><div><div class=\"el-content uk-panel\">22 5\/8&#8243;<\/div><\/div><\/div><\/li><li class=\"el-item\"><div class=\"uk-child-width-auto uk-grid-small uk-grid\"><div class=\"uk-width-expand uk-first-column\"><div class=\"el-title uk-margin-remove\">D\u00e9partement<\/div><\/div><div><div class=\"el-content uk-panel\">18 1\/2&#8243;<\/div><\/div><\/div><\/li><li class=\"el-item\"><div class=\"uk-child-width-auto uk-grid-small uk-grid\"><div class=\"uk-width-expand uk-first-column\"><div class=\"el-title uk-margin-remove\">Poids brut<\/div><\/div><div><div class=\"el-content uk-panel\">309 livres<\/div><\/div><\/div><\/li><li class=\"el-item\"><div class=\"uk-child-width-auto uk-grid-small uk-grid\"><div class=\"uk-width-expand uk-first-column\"><div class=\"el-title uk-margin-remove\">Sortie de fum\u00e9e sup\u00e9rieure<\/div><\/div><div><div class=\"el-content uk-panel\">6 pouces<\/div><\/div><\/div><\/li><li class=\"el-item\"><div class=\"uk-child-width-auto uk-grid-small uk-grid\"><div class=\"uk-width-expand uk-first-column\"><div class=\"el-title uk-margin-remove\">Sortie de fum\u00e9e arri\u00e8re<\/div><\/div><div><div class=\"el-content uk-panel\">6 pouces<\/div><\/div><\/div><div>\u00a0<\/div><\/li><\/ul><h4 class=\"el-accordion-title uk-uk-h4 uk-margin-remove-bottom\"><span>D\u00e9gagement des combustibles<\/span><\/h4><div id=\"uk-accordion-8\" class=\"uk-accordion-content uk-margin-remove-first-child\" role=\"region\" aria-labelledby=\"uk-accordion-7\"><div id=\"jp_accordation_section_67643c14d34e2\" class=\"jp_section_content\"><div class=\"uk-container\"><div class=\"uk-grid tm-grid-expand uk-child-width-1-1 uk-grid-margin\"><div class=\"uk-width-1-1\"><ul class=\"uk-list uk-list-divider\"><li class=\"el-item\"><div class=\"uk-child-width-auto uk-grid-small uk-grid\"><div class=\"uk-width-expand uk-first-column\"><div class=\"el-title uk-margin-remove\"><span>D\u00e9gagement de base \u00e0 l&#8217;aide d&#8217;un \u00e9vent sup\u00e9rieur \u00e0 paroi simple<\/span><\/div><\/div><div>\u00a0<\/div><\/div><\/li><li class=\"el-item\"><div class=\"uk-child-width-auto uk-grid-small uk-grid\"><div class=\"uk-width-expand uk-first-column\"><div class=\"el-title uk-margin-remove\"><span>Po\u00eale sur mur lat\u00e9ral<\/span><\/div><\/div><div><div class=\"el-content uk-panel\"><span>16&#8243;<\/span><\/div><\/div><\/div><\/li><li class=\"el-item\"><div class=\"uk-child-width-auto uk-grid-small uk-grid\"><div class=\"uk-width-expand uk-first-column\"><div class=\"el-title uk-margin-remove\"><span>Po\u00eale au mur arri\u00e8re<\/span><\/div><\/div><div><div class=\"el-content uk-panel\"><span>6 1\/2&#8243;<\/span><\/div><\/div><\/div><\/li><li class=\"el-item\"><div class=\"uk-child-width-auto uk-grid-small uk-grid\"><div class=\"uk-width-expand uk-first-column\"><div class=\"el-title uk-margin-remove\"><span>Du po\u00eale au coin<\/span><\/div><\/div><div><div class=\"el-content uk-panel\"><span>8 1\/2&#8243;<\/span><\/div><\/div><\/div><\/li><\/ul><\/div><\/div><\/div><\/div><\/div><\/div><\/div><\/div><\/div><\/div><\/div><\/div><\/div><\/div><\/div><\/div><\/div><\/div><\/div><\/div>\t\t\t\t\t\t\t\t<\/div>\n\t\t\t\t<\/div>\n\t\t\t\t\t<\/div>\n\t\t<\/div>\n\t\t\t\t\t<\/div>\n\t\t<\/section>\n\t\t\t\t<section class=\"elementor-section elementor-top-section elementor-element elementor-element-95f787a elementor-section-boxed elementor-section-height-default elementor-section-height-default\" data-id=\"95f787a\" data-element_type=\"section\">\n\t\t\t\t\t\t<div class=\"elementor-container elementor-column-gap-default\">\n\t\t\t\t\t<div class=\"elementor-column elementor-col-100 elementor-top-column elementor-element elementor-element-0d02520\" data-id=\"0d02520\" data-element_type=\"column\">\n\t\t\t<div class=\"elementor-widget-wrap elementor-element-populated\">\n\t\t\t\t\t\t<div class=\"elementor-element elementor-element-c14c931 elementor-tabs-view-horizontal elementor-widget elementor-widget-tabs\" data-id=\"c14c931\" data-element_type=\"widget\" data-widget_type=\"tabs.default\">\n\t\t\t\t<div class=\"elementor-widget-container\">\n\t\t\t\t\t\t\t<div class=\"elementor-tabs\">\n\t\t\t<div class=\"elementor-tabs-wrapper\" role=\"tablist\" >\n\t\t\t\t\t\t\t\t\t<div id=\"elementor-tab-title-2021\" class=\"elementor-tab-title elementor-tab-desktop-title\" aria-selected=\"true\" data-tab=\"1\" role=\"tab\" tabindex=\"0\" aria-controls=\"elementor-tab-content-2021\" aria-expanded=\"false\">Fichiers<\/div>\n\t\t\t\t\t\t\t<\/div>\n\t\t\t<div class=\"elementor-tabs-content-wrapper\" role=\"tablist\" aria-orientation=\"vertical\">\n\t\t\t\t\t\t\t\t\t<div class=\"elementor-tab-title elementor-tab-mobile-title\" aria-selected=\"true\" data-tab=\"1\" role=\"tab\" tabindex=\"0\" aria-controls=\"elementor-tab-content-2021\" aria-expanded=\"false\">Fichiers<\/div>\n\t\t\t\t\t<div id=\"elementor-tab-content-2021\" class=\"elementor-tab-content elementor-clearfix\" data-tab=\"1\" role=\"tabpanel\" aria-labelledby=\"elementor-tab-title-2021\" tabindex=\"0\" hidden=\"false\"><i class=\"far fa-file-pdf fa-xl\" style=\"font-size:35px\"><\/i><a href=\"https:\/\/www.belleflamme.ca\/wp-content\/uploads\/2024\/12\/72710600_-_7110_b_can-fr_pfs_900642880.pdf\"> Installation et Op\u00e9ration<\/a><\/br>\n<i class=\"far fa-file-pdf fa-xl\" style=\"font-size:35px\"><\/i><a href=\"https:\/\/www.belleflamme.ca\/wp-content\/uploads\/2024\/12\/7100-501_o_-_7110_samling_-_morso_7110_1319267827.pdf\"> Pi\u00e8ces<\/a><\/br>\n<i class=\"far fa-file-pdf fa-xl\" style=\"font-size:35px\"><\/i><a href=\"https:\/\/www.belleflamme.ca\/wp-content\/uploads\/2024\/12\/7100-42_-_7110_b_viking_sides_-_malskitse.pdf\"> Dimensions<\/a><\/br><\/div>\n\t\t\t\t\t\t\t<\/div>\n\t\t<\/div>\n\t\t\t\t\t\t<\/div>\n\t\t\t\t<\/div>\n\t\t\t\t\t<\/div>\n\t\t<\/div>\n\t\t\t\t\t<\/div>\n\t\t<\/section>\n\t\t\t\t<\/div>\n\t\t","protected":false},"excerpt":{"rendered":"<p>Le Mors\u00f8 7110 B, comme tous les po\u00eales en fonte Mors\u00f8, dispose d&#8217;un tr\u00e8s grand panneau de verre sans aucune barre g\u00eanante et d&#8217;un syst\u00e8me de lavage \u00e0 l&#8217;air sup\u00e9rieur pour garder le verre propre pour une vue d\u00e9gag\u00e9e sur le feu. Con\u00e7u avec la simplicit\u00e9 scandinave, les bords nets et les lignes droites du [&hellip;]<\/p>\n","protected":false},"featured_media":48035,"template":"","meta":{"inline_featured_image":false},"product_brand":[1237],"product_cat":[197,33,34],"product_tag":[],"class_list":{"0":"post-48034","1":"product","2":"type-product","3":"status-publish","4":"has-post-thumbnail","6":"product_brand-morso","7":"product_cat-poele-au-bois","8":"product_cat-poeles-et-foyers","9":"product_cat-poeles-et-foyers-au-bois","11":"first","12":"instock","13":"taxable","14":"shipping-taxable","15":"purchasable","16":"product-type-simple"},"yoast_head":"<!-- This site is optimized with the Yoast SEO Premium plugin v24.2 (Yoast SEO v24.2) - https:\/\/yoast.com\/wordpress\/plugins\/seo\/ -->\n<title>Po\u00eale au bois 7110 B de Morso - Groupe BelleFlamme<\/title>\n<meta name=\"description\" content=\"Po\u00eale au bois 7110 B de Morso vendu et install\u00e9 par le Groupe Belleflamme. Laval, Montr\u00e9al, Gatineau et Saint-Sauveur.\" \/>\n<meta name=\"robots\" content=\"index, follow, max-snippet:-1, max-image-preview:large, max-video-preview:-1\" \/>\n<link rel=\"canonical\" href=\"https:\/\/staging.belleflamme.ca\/fr\/produit\/poele-au-bois-7110-b-de-morso\/\" \/>\n<meta property=\"og:locale\" content=\"fr_FR\" \/>\n<meta property=\"og:type\" content=\"article\" \/>\n<meta property=\"og:title\" content=\"Po\u00eale au bois 7110 B de Morso\" \/>\n<meta property=\"og:description\" content=\"Po\u00eale au bois 7110 B de Morso vendu et install\u00e9 par le Groupe Belleflamme. Laval, Montr\u00e9al, Gatineau et Saint-Sauveur.\" \/>\n<meta property=\"og:url\" content=\"https:\/\/staging.belleflamme.ca\/fr\/produit\/poele-au-bois-7110-b-de-morso\/\" \/>\n<meta property=\"og:site_name\" content=\"Groupe BelleFlamme\" \/>\n<meta property=\"article:publisher\" content=\"https:\/\/www.facebook.com\/belleflamme.ca\/\" \/>\n<meta property=\"article:modified_time\" content=\"2024-12-19T19:01:16+00:00\" \/>\n<meta property=\"og:image\" content=\"https:\/\/www.belleflamme.ca\/wp-content\/uploads\/2024\/12\/Poele-au-bois-7110-B-de-Morso.png\" \/>\n\t<meta property=\"og:image:width\" content=\"900\" \/>\n\t<meta property=\"og:image:height\" content=\"900\" \/>\n\t<meta property=\"og:image:type\" content=\"image\/png\" \/>\n<meta name=\"twitter:card\" content=\"summary_large_image\" \/>\n<meta name=\"twitter:label1\" content=\"Prix\" \/>\n\t<meta name=\"twitter:data1\" content=\"&#036;3,799.00\" \/>\n\t<meta name=\"twitter:label2\" content=\"Disponibilit\u00e9\" \/>\n\t<meta name=\"twitter:data2\" content=\"En stock\" \/>\n<script type=\"application\/ld+json\" class=\"yoast-schema-graph\">{\"@context\":\"https:\/\/schema.org\",\"@graph\":[{\"@type\":[\"WebPage\",\"ItemPage\"],\"@id\":\"https:\/\/staging.belleflamme.ca\/fr\/produit\/poele-au-bois-7110-b-de-morso\/\",\"url\":\"https:\/\/staging.belleflamme.ca\/fr\/produit\/poele-au-bois-7110-b-de-morso\/\",\"name\":\"Po\u00eale au bois 7110 B de Morso - Groupe BelleFlamme\",\"isPartOf\":{\"@id\":\"https:\/\/www.belleflamme.ca\/fr\/#website\"},\"primaryImageOfPage\":{\"@id\":\"https:\/\/staging.belleflamme.ca\/fr\/produit\/poele-au-bois-7110-b-de-morso\/#primaryimage\"},\"image\":{\"@id\":\"https:\/\/staging.belleflamme.ca\/fr\/produit\/poele-au-bois-7110-b-de-morso\/#primaryimage\"},\"thumbnailUrl\":\"https:\/\/staging.belleflamme.ca\/wp-content\/uploads\/2024\/12\/Poele-au-bois-7110-B-de-Morso.png\",\"datePublished\":\"2024-12-19T15:33:27+00:00\",\"dateModified\":\"2024-12-19T19:01:16+00:00\",\"description\":\"Po\u00eale au bois 7110 B de Morso vendu et install\u00e9 par le Groupe Belleflamme. Laval, Montr\u00e9al, Gatineau et Saint-Sauveur.\",\"breadcrumb\":{\"@id\":\"https:\/\/staging.belleflamme.ca\/fr\/produit\/poele-au-bois-7110-b-de-morso\/#breadcrumb\"},\"inLanguage\":\"fr-FR\",\"potentialAction\":[{\"@type\":\"ReadAction\",\"target\":[\"https:\/\/staging.belleflamme.ca\/fr\/produit\/poele-au-bois-7110-b-de-morso\/\"]}]},{\"@type\":\"ImageObject\",\"inLanguage\":\"fr-FR\",\"@id\":\"https:\/\/staging.belleflamme.ca\/fr\/produit\/poele-au-bois-7110-b-de-morso\/#primaryimage\",\"url\":\"https:\/\/staging.belleflamme.ca\/wp-content\/uploads\/2024\/12\/Poele-au-bois-7110-B-de-Morso.png\",\"contentUrl\":\"https:\/\/staging.belleflamme.ca\/wp-content\/uploads\/2024\/12\/Poele-au-bois-7110-B-de-Morso.png\",\"width\":900,\"height\":900,\"caption\":\"Po\u00eale au bois 7110 B de Morso\"},{\"@type\":\"BreadcrumbList\",\"@id\":\"https:\/\/staging.belleflamme.ca\/fr\/produit\/poele-au-bois-7110-b-de-morso\/#breadcrumb\",\"itemListElement\":[{\"@type\":\"ListItem\",\"position\":1,\"name\":\"Accueil\",\"item\":\"https:\/\/www.belleflamme.ca\/fr\/\"},{\"@type\":\"ListItem\",\"position\":2,\"name\":\"Boutique\",\"item\":\"https:\/\/www.belleflamme.ca\/fr\/boutique\/\"},{\"@type\":\"ListItem\",\"position\":3,\"name\":\"Po\u00eales &amp; Foyers\",\"item\":\"https:\/\/staging.belleflamme.ca\/fr\/categories\/poeles-et-foyers\/\"},{\"@type\":\"ListItem\",\"position\":4,\"name\":\"Po\u00eales &amp; Foyers au Bois\",\"item\":\"https:\/\/staging.belleflamme.ca\/fr\/categories\/poeles-et-foyers\/poeles-et-foyers-au-bois\/\"},{\"@type\":\"ListItem\",\"position\":5,\"name\":\"Po\u00eale au Bois\",\"item\":\"https:\/\/staging.belleflamme.ca\/fr\/categories\/poeles-et-foyers\/poeles-et-foyers-au-bois\/poele-au-bois\/\"},{\"@type\":\"ListItem\",\"position\":6,\"name\":\"Po\u00eale au bois 7110 B de Morso\"}]},{\"@type\":\"WebSite\",\"@id\":\"https:\/\/www.belleflamme.ca\/fr\/#website\",\"url\":\"https:\/\/www.belleflamme.ca\/fr\/\",\"name\":\"Groupe Belleflamme\",\"description\":\"La m\u00e9canique du b\u00e2timent dans le sang.\",\"publisher\":{\"@id\":\"https:\/\/www.belleflamme.ca\/fr\/#organization\"},\"potentialAction\":[{\"@type\":\"SearchAction\",\"target\":{\"@type\":\"EntryPoint\",\"urlTemplate\":\"https:\/\/www.belleflamme.ca\/fr\/?s={search_term_string}\"},\"query-input\":{\"@type\":\"PropertyValueSpecification\",\"valueRequired\":true,\"valueName\":\"search_term_string\"}}],\"inLanguage\":\"fr-FR\"},{\"@type\":[\"Organization\",\"Place\"],\"@id\":\"https:\/\/www.belleflamme.ca\/fr\/#organization\",\"name\":\"Groupe Belleflamme\",\"alternateName\":\"Belleflamme\",\"url\":\"https:\/\/www.belleflamme.ca\/fr\/\",\"logo\":{\"@type\":\"ImageObject\",\"inLanguage\":\"fr-FR\",\"@id\":\"https:\/\/www.belleflamme.ca\/fr\/#\/schema\/logo\/image\/\",\"url\":\"https:\/\/staging.belleflamme.ca\/wp-content\/uploads\/2023\/01\/og-image.jpg\",\"contentUrl\":\"https:\/\/staging.belleflamme.ca\/wp-content\/uploads\/2023\/01\/og-image.jpg\",\"width\":1200,\"height\":630,\"caption\":\"Groupe Belleflamme\"},\"image\":{\"@id\":\"https:\/\/www.belleflamme.ca\/fr\/#\/schema\/logo\/image\/\"},\"sameAs\":[\"https:\/\/www.facebook.com\/belleflamme.ca\/\",\"https:\/\/www.linkedin.com\/company\/belleflamme\/\",\"https:\/\/www.pinterest.ca\/groupebelleflamme\/\",\"https:\/\/www.instagram.com\/legroupebelleflamme\/\"],\"mainEntityOfPage\":{\"@id\":\"https:\/\/staging.belleflamme.ca\/fr\/produit\/poele-au-bois-7110-b-de-morso\/\"}}]}<\/script>\n<meta property=\"product:brand\" content=\"Mors\u00f8\" \/>\n<meta property=\"product:price:amount\" content=\"3799.00\" \/>\n<meta property=\"product:price:currency\" content=\"CAD\" \/>\n<meta property=\"og:availability\" content=\"instock\" \/>\n<meta property=\"product:availability\" content=\"instock\" \/>\n<meta property=\"product:retailer_item_id\" content=\"64710221\" \/>\n<meta property=\"product:condition\" content=\"new\" \/>\n<!-- \/ Yoast SEO Premium plugin. -->","yoast_head_json":{"title":"Po\u00eale au bois 7110 B de Morso - Groupe BelleFlamme","description":"Po\u00eale au bois 7110 B de Morso vendu et install\u00e9 par le Groupe Belleflamme. Laval, Montr\u00e9al, Gatineau et Saint-Sauveur.","robots":{"index":"index","follow":"follow","max-snippet":"max-snippet:-1","max-image-preview":"max-image-preview:large","max-video-preview":"max-video-preview:-1"},"canonical":"https:\/\/staging.belleflamme.ca\/fr\/produit\/poele-au-bois-7110-b-de-morso\/","og_locale":"fr_FR","og_type":"article","og_title":"Po\u00eale au bois 7110 B de Morso","og_description":"Po\u00eale au bois 7110 B de Morso vendu et install\u00e9 par le Groupe Belleflamme. Laval, Montr\u00e9al, Gatineau et Saint-Sauveur.","og_url":"https:\/\/staging.belleflamme.ca\/fr\/produit\/poele-au-bois-7110-b-de-morso\/","og_site_name":"Groupe BelleFlamme","article_publisher":"https:\/\/www.facebook.com\/belleflamme.ca\/","article_modified_time":"2024-12-19T19:01:16+00:00","og_image":[{"width":900,"height":900,"url":"https:\/\/www.belleflamme.ca\/wp-content\/uploads\/2024\/12\/Poele-au-bois-7110-B-de-Morso.png","type":"image\/png"}],"twitter_card":"summary_large_image","twitter_misc":{"Prix":"&#36;3,799.00","Disponibilit\u00e9":"En stock"},"schema":{"@context":"https:\/\/schema.org","@graph":[{"@type":["WebPage","ItemPage"],"@id":"https:\/\/staging.belleflamme.ca\/fr\/produit\/poele-au-bois-7110-b-de-morso\/","url":"https:\/\/staging.belleflamme.ca\/fr\/produit\/poele-au-bois-7110-b-de-morso\/","name":"Po\u00eale au bois 7110 B de Morso - Groupe BelleFlamme","isPartOf":{"@id":"https:\/\/www.belleflamme.ca\/fr\/#website"},"primaryImageOfPage":{"@id":"https:\/\/staging.belleflamme.ca\/fr\/produit\/poele-au-bois-7110-b-de-morso\/#primaryimage"},"image":{"@id":"https:\/\/staging.belleflamme.ca\/fr\/produit\/poele-au-bois-7110-b-de-morso\/#primaryimage"},"thumbnailUrl":"https:\/\/staging.belleflamme.ca\/wp-content\/uploads\/2024\/12\/Poele-au-bois-7110-B-de-Morso.png","datePublished":"2024-12-19T15:33:27+00:00","dateModified":"2024-12-19T19:01:16+00:00","description":"Po\u00eale au bois 7110 B de Morso vendu et install\u00e9 par le Groupe Belleflamme. Laval, Montr\u00e9al, Gatineau et Saint-Sauveur.","breadcrumb":{"@id":"https:\/\/staging.belleflamme.ca\/fr\/produit\/poele-au-bois-7110-b-de-morso\/#breadcrumb"},"inLanguage":"fr-FR","potentialAction":[{"@type":"ReadAction","target":["https:\/\/staging.belleflamme.ca\/fr\/produit\/poele-au-bois-7110-b-de-morso\/"]}]},{"@type":"ImageObject","inLanguage":"fr-FR","@id":"https:\/\/staging.belleflamme.ca\/fr\/produit\/poele-au-bois-7110-b-de-morso\/#primaryimage","url":"https:\/\/staging.belleflamme.ca\/wp-content\/uploads\/2024\/12\/Poele-au-bois-7110-B-de-Morso.png","contentUrl":"https:\/\/staging.belleflamme.ca\/wp-content\/uploads\/2024\/12\/Poele-au-bois-7110-B-de-Morso.png","width":900,"height":900,"caption":"Po\u00eale au bois 7110 B de Morso"},{"@type":"BreadcrumbList","@id":"https:\/\/staging.belleflamme.ca\/fr\/produit\/poele-au-bois-7110-b-de-morso\/#breadcrumb","itemListElement":[{"@type":"ListItem","position":1,"name":"Accueil","item":"https:\/\/www.belleflamme.ca\/fr\/"},{"@type":"ListItem","position":2,"name":"Boutique","item":"https:\/\/www.belleflamme.ca\/fr\/boutique\/"},{"@type":"ListItem","position":3,"name":"Po\u00eales &amp; Foyers","item":"https:\/\/staging.belleflamme.ca\/fr\/categories\/poeles-et-foyers\/"},{"@type":"ListItem","position":4,"name":"Po\u00eales &amp; Foyers au Bois","item":"https:\/\/staging.belleflamme.ca\/fr\/categories\/poeles-et-foyers\/poeles-et-foyers-au-bois\/"},{"@type":"ListItem","position":5,"name":"Po\u00eale au Bois","item":"https:\/\/staging.belleflamme.ca\/fr\/categories\/poeles-et-foyers\/poeles-et-foyers-au-bois\/poele-au-bois\/"},{"@type":"ListItem","position":6,"name":"Po\u00eale au bois 7110 B de Morso"}]},{"@type":"WebSite","@id":"https:\/\/www.belleflamme.ca\/fr\/#website","url":"https:\/\/www.belleflamme.ca\/fr\/","name":"Groupe Belleflamme","description":"La m\u00e9canique du b\u00e2timent dans le sang.","publisher":{"@id":"https:\/\/www.belleflamme.ca\/fr\/#organization"},"potentialAction":[{"@type":"SearchAction","target":{"@type":"EntryPoint","urlTemplate":"https:\/\/www.belleflamme.ca\/fr\/?s={search_term_string}"},"query-input":{"@type":"PropertyValueSpecification","valueRequired":true,"valueName":"search_term_string"}}],"inLanguage":"fr-FR"},{"@type":["Organization","Place"],"@id":"https:\/\/www.belleflamme.ca\/fr\/#organization","name":"Groupe Belleflamme","alternateName":"Belleflamme","url":"https:\/\/www.belleflamme.ca\/fr\/","logo":{"@type":"ImageObject","inLanguage":"fr-FR","@id":"https:\/\/www.belleflamme.ca\/fr\/#\/schema\/logo\/image\/","url":"https:\/\/staging.belleflamme.ca\/wp-content\/uploads\/2023\/01\/og-image.jpg","contentUrl":"https:\/\/staging.belleflamme.ca\/wp-content\/uploads\/2023\/01\/og-image.jpg","width":1200,"height":630,"caption":"Groupe Belleflamme"},"image":{"@id":"https:\/\/www.belleflamme.ca\/fr\/#\/schema\/logo\/image\/"},"sameAs":["https:\/\/www.facebook.com\/belleflamme.ca\/","https:\/\/www.linkedin.com\/company\/belleflamme\/","https:\/\/www.pinterest.ca\/groupebelleflamme\/","https:\/\/www.instagram.com\/legroupebelleflamme\/"],"mainEntityOfPage":{"@id":"https:\/\/staging.belleflamme.ca\/fr\/produit\/poele-au-bois-7110-b-de-morso\/"}}]},"product_brand":"Mors\u00f8","product_price_amount":"3799.00","product_price_currency":"CAD","og_availability":"instock","product_availability":"instock","product_retailer_item_id":"64710221","product_condition":"new"},"_links":{"self":[{"href":"https:\/\/staging.belleflamme.ca\/fr\/wp-json\/wp\/v2\/product\/48034","targetHints":{"allow":["GET"]}}],"collection":[{"href":"https:\/\/staging.belleflamme.ca\/fr\/wp-json\/wp\/v2\/product"}],"about":[{"href":"https:\/\/staging.belleflamme.ca\/fr\/wp-json\/wp\/v2\/types\/product"}],"version-history":[{"count":4,"href":"https:\/\/staging.belleflamme.ca\/fr\/wp-json\/wp\/v2\/product\/48034\/revisions"}],"predecessor-version":[{"id":48048,"href":"https:\/\/staging.belleflamme.ca\/fr\/wp-json\/wp\/v2\/product\/48034\/revisions\/48048"}],"wp:featuredmedia":[{"embeddable":true,"href":"https:\/\/staging.belleflamme.ca\/fr\/wp-json\/wp\/v2\/media\/48035"}],"wp:attachment":[{"href":"https:\/\/staging.belleflamme.ca\/fr\/wp-json\/wp\/v2\/media?parent=48034"}],"wp:term":[{"taxonomy":"product_brand","embeddable":true,"href":"https:\/\/staging.belleflamme.ca\/fr\/wp-json\/wp\/v2\/product_brand?post=48034"},{"taxonomy":"product_cat","embeddable":true,"href":"https:\/\/staging.belleflamme.ca\/fr\/wp-json\/wp\/v2\/product_cat?post=48034"},{"taxonomy":"product_tag","embeddable":true,"href":"https:\/\/staging.belleflamme.ca\/fr\/wp-json\/wp\/v2\/product_tag?post=48034"}],"curies":[{"name":"wp","href":"https:\/\/api.w.org\/{rel}","templated":true}]}}