{"id":47984,"date":"2024-12-17T15:51:13","date_gmt":"2024-12-17T20:51:13","guid":{"rendered":"https:\/\/www.belleflamme.ca\/?post_type=product&#038;p=47984"},"modified":"2024-12-17T16:04:32","modified_gmt":"2024-12-17T21:04:32","slug":"thermopompe-centrale-pour-climat-froid-resolute-de-trane","status":"publish","type":"product","link":"https:\/\/staging.belleflamme.ca\/fr\/produit\/thermopompe-centrale-pour-climat-froid-resolute-de-trane\/","title":{"rendered":"Thermopompe Centrale pour climat froid Resolute de Trane"},"content":{"rendered":"\t\t<div data-elementor-type=\"product-post\" data-elementor-id=\"47984\" class=\"elementor elementor-47984\" data-elementor-post-type=\"product\">\n\t\t\t\t\t\t<section class=\"elementor-section elementor-top-section elementor-element elementor-element-9d640c0 elementor-section-boxed elementor-section-height-default elementor-section-height-default\" data-id=\"9d640c0\" data-element_type=\"section\">\n\t\t\t\t\t\t<div class=\"elementor-container elementor-column-gap-default\">\n\t\t\t\t\t<div class=\"elementor-column elementor-col-100 elementor-top-column elementor-element elementor-element-35f21885\" data-id=\"35f21885\" data-element_type=\"column\">\n\t\t\t<div class=\"elementor-widget-wrap elementor-element-populated\">\n\t\t\t\t\t\t<div class=\"elementor-element elementor-element-1397cd4e elementor-widget elementor-widget-text-editor\" data-id=\"1397cd4e\" data-element_type=\"widget\" data-widget_type=\"text-editor.default\">\n\t\t\t\t<div class=\"elementor-widget-container\">\n\t\t\t\t\t\t\t\t\t<div><img decoding=\"async\" src=\"https:\/\/live-trane-headless-cms.pantheonsite.io\/wp-content\/uploads\/2022\/03\/design-flexibility-icon.svg\" alt=\"ic\u00f4ne\" width=\"30\" height=\"30\" data-nimg=\"1\" \/><\/div><div><div class=\"flex items-center font-rich-back md:block md:mb-42\"><h3 class=\"text-charcoal pl-4 font-bold md:pl-0 md:text-28 md:mb-6\"><span>Flexibilit\u00e9 de conception<\/span><\/h3><\/div><p class=\"mb-10 text-16 md:mb-14\"><span>Comme il n&#8217;y a pas de conduits \u00e0 installer, il est facile d&#8217;ajouter une unit\u00e9 sans conduit Trane pratiquement n&#8217;importe o\u00f9. L&#8217;installation du syst\u00e8me de traitement d&#8217;air pour climat froid Resolute\u2122 est un jeu d&#8217;enfant, ce qui en fait une solution \u00e9conomique et efficace.<\/span><\/p><\/div><div><div class=\"flex items-center font-rich-back md:block md:mb-42\"><img decoding=\"async\" src=\"https:\/\/live-trane-headless-cms.pantheonsite.io\/wp-content\/uploads\/2022\/04\/lightbulb-icon.svg\" alt=\"ic\u00f4ne\" width=\"30\" height=\"30\" data-nimg=\"1\" \/><h3 class=\"text-charcoal pl-4 font-bold md:pl-0 md:text-28 md:mb-6\"><span>Efficacit\u00e9 \u00e9nerg\u00e9tique accrue<\/span><\/h3><\/div><p class=\"mb-10 text-16 md:mb-14\"><span>Avec les syst\u00e8mes sans conduits, vous n&#8217;avez pas \u00e0 vous soucier des pertes d&#8217;\u00e9nergie li\u00e9es \u00e0 l&#8217;usure ou au mauvais entretien des conduits. Cela, combin\u00e9 aux cotes SEER plus \u00e9lev\u00e9es des syst\u00e8mes Trane, pourrait vous aider \u00e0 \u00e9conomiser de l&#8217;argent sur vos factures d&#8217;\u00e9nergie mensuelles.<\/span><\/p><p><img decoding=\"async\" class=\"alignnone size-full wp-image-47234\" src=\"https:\/\/www.belleflamme.ca\/wp-content\/uploads\/2024\/12\/2024-12-11-11_40_15-45A124F9-B47B-4CA6-8CC3-7A360CCE3980.pdf.png\" alt=\"\" width=\"160\" height=\"155\" \/><\/p><\/div><div><div class=\"flex items-center font-rich-back md:block md:mb-42\"><img loading=\"lazy\" decoding=\"async\" src=\"https:\/\/live-trane-headless-cms.pantheonsite.io\/wp-content\/uploads\/2022\/04\/electricity-icon.svg\" alt=\"ic\u00f4ne\" width=\"30\" height=\"30\" data-nimg=\"1\" \/><h3 class=\"text-charcoal pl-4 font-bold md:pl-0 md:text-28 md:mb-6\"><span>Syst\u00e8me durable<\/span><\/h3><\/div><p class=\"mb-10 text-16 md:mb-14\"><span>Ce climatiseur est con\u00e7u pour durer. Dot\u00e9 d&#8217;un moteur de ventilateur \u00e0 plusieurs vitesses, d&#8217;un r\u00e9frig\u00e9rant \u00e9cologique, de serpentins en cuivre\/aluminium et plus encore, ce syst\u00e8me est durable et fiable.<\/span><\/p><\/div><div><div class=\"flex items-center font-rich-back md:block md:mb-42\"><img loading=\"lazy\" decoding=\"async\" src=\"https:\/\/live-trane-headless-cms.pantheonsite.io\/wp-content\/uploads\/2022\/03\/cloud-black-icon.svg\" alt=\"ic\u00f4ne\" width=\"30\" height=\"30\" data-nimg=\"1\" \/><h3 class=\"text-charcoal pl-4 font-bold md:pl-0 md:text-28 md:mb-6\">Adapt\u00e9 \u00e0 tous les types de temps<\/h3><\/div><p class=\"mb-10 text-16 md:mb-14\">Le syst\u00e8me de traitement d&#8217;air pour climat froid solute\u2122 est un syst\u00e8me ext\u00e9rieur capable de r\u00e9sister \u00e0 l&#8217;\u00e9preuve des intemp\u00e9ries. Ce syst\u00e8me sans conduit g\u00e8re des temp\u00e9ratures ext\u00e9rieures comprises entre -30\u25e6C et 54\u25e6C.<\/p><h2 class=\"text-22 mt-0\"><span>Sp\u00e9cifications techniques<\/span><\/h2><div class=\"grid grid-cols-2 mt-6\"><div class=\"p-3 pr-0 rounded-l bg-cultured\"><strong>Cote d&#8217;efficacit\u00e9<\/strong><\/div><div class=\"p-3 rounded-r text-right border border-cultured\"><span>Jusqu&#8217;\u00e0 20 SEER2<\/span><\/div><div>\u00a0<\/div><\/div><div class=\"grid grid-cols-2 mt-6\"><div class=\"p-3 pr-0 rounded-l bg-cultured\"><strong>HSPF2<\/strong><\/div><div class=\"p-3 rounded-r text-right border border-cultured\"><span>Jusqu&#8217;\u00e0 10,5 HSPF2<\/span><\/div><div>\u00a0<\/div><\/div><div class=\"grid grid-cols-2 mt-6\"><div class=\"p-3 pr-0 rounded-l bg-cultured\"><strong>\u00c9conomies d&#8217;\u00e9nergie<\/strong><\/div><div class=\"p-3 rounded-r text-right border border-cultured\"><span>50%<\/span><\/div><\/div><\/div><div>\u00a0<\/div><div><h3>Sp\u00e9cifications du syst\u00e8me de thermopompe pour climats froids Resolute\u2122<br \/><br \/>Caract\u00e9ristiques:<\/h3><ul><li>Technologie enti\u00e8rement \u00e9lectrique id\u00e9ale pour un confort int\u00e9rieur toute l\u2019ann\u00e9e dans toutes les r\u00e9gions du Canada<\/li><li>G\u00e8re des temp\u00e9ratures ext\u00e9rieures de -30\u25e6 Celsius \u00e0 54\u25e6 Celsius<\/li><li>Garantie enregistr\u00e9e de 10 ans sur les pi\u00e8ces et le compresseur<\/li><li>Peut \u00eatre admissible \u00e0 des rabais sur l&#8217;efficacit\u00e9 \u00e9nerg\u00e9tique<\/li><li>Produit homologu\u00e9 ENERGY STAR : Chauffage et refroidissement \u00e0 haute efficacit\u00e9<\/li><li>L&#8217;installation verticale est id\u00e9ale pour les zones \u00e0 faible encombrement<\/li><\/ul><\/div><p style=\"text-align: center;\">\u00a0<\/p><table class=\"w-full\"><thead><tr><td class=\"p-3 border \"><span>Mod\u00e8le<\/span><\/td><td class=\"p-3 border text-center\"><span>Tonnes nominales<\/span><\/td><td class=\"p-3 border text-center\"><span>Type de r\u00e9frig\u00e9rant<\/span><\/td><\/tr><\/thead><tbody><tr><td class=\"p-3 border \"><span>4MXA2024A10NUA<\/span><\/td><td class=\"p-3 border text-center\"><span>2<\/span><\/td><td class=\"p-3 border text-center\"><span>R-410A<\/span><\/td><\/tr><tr><td class=\"p-3 border \"><span>4MXA2036A10NUA<\/span><\/td><td class=\"p-3 border text-center\"><span>3<\/span><\/td><td class=\"p-3 border text-center\"><span>R-410A<\/span><\/td><\/tr><tr><td class=\"p-3 border \"><span>4MXA2048A10NUA<\/span><\/td><td class=\"p-3 border text-center\"><span>4<\/span><\/td><td class=\"p-3 border text-center\"><span>R-410A<\/span><\/td><\/tr><tr><td class=\"p-3 border \"><span>4MXA2060A10NUA<\/span><\/td><td class=\"p-3 border text-center\"><span>5<\/span><\/td><td class=\"p-3 border text-center\"><span>R-410A<\/span><\/td><\/tr><\/tbody><\/table><p>\u00a0<\/p>\t\t\t\t\t\t\t\t<\/div>\n\t\t\t\t<\/div>\n\t\t\t\t\t<\/div>\n\t\t<\/div>\n\t\t\t\t\t<\/div>\n\t\t<\/section>\n\t\t\t\t<section class=\"elementor-section elementor-top-section elementor-element elementor-element-76f0907 elementor-section-boxed elementor-section-height-default elementor-section-height-default\" data-id=\"76f0907\" data-element_type=\"section\">\n\t\t\t\t\t\t<div class=\"elementor-container elementor-column-gap-default\">\n\t\t\t\t\t<div class=\"elementor-column elementor-col-100 elementor-top-column elementor-element elementor-element-e137184\" data-id=\"e137184\" data-element_type=\"column\">\n\t\t\t<div class=\"elementor-widget-wrap elementor-element-populated\">\n\t\t\t\t\t\t<div class=\"elementor-element elementor-element-d2570d2 elementor-tabs-view-horizontal elementor-widget elementor-widget-tabs\" data-id=\"d2570d2\" data-element_type=\"widget\" data-widget_type=\"tabs.default\">\n\t\t\t\t<div class=\"elementor-widget-container\">\n\t\t\t\t\t\t\t<div class=\"elementor-tabs\">\n\t\t\t<div class=\"elementor-tabs-wrapper\" role=\"tablist\" >\n\t\t\t\t\t\t\t\t\t<div id=\"elementor-tab-title-2201\" class=\"elementor-tab-title elementor-tab-desktop-title\" aria-selected=\"true\" data-tab=\"1\" role=\"tab\" tabindex=\"0\" aria-controls=\"elementor-tab-content-2201\" aria-expanded=\"false\">Fichiers<\/div>\n\t\t\t\t\t\t\t<\/div>\n\t\t\t<div class=\"elementor-tabs-content-wrapper\" role=\"tablist\" aria-orientation=\"vertical\">\n\t\t\t\t\t\t\t\t\t<div class=\"elementor-tab-title elementor-tab-mobile-title\" aria-selected=\"true\" data-tab=\"1\" role=\"tab\" tabindex=\"0\" aria-controls=\"elementor-tab-content-2201\" aria-expanded=\"false\">Fichiers<\/div>\n\t\t\t\t\t<div id=\"elementor-tab-content-2201\" class=\"elementor-tab-content elementor-clearfix\" data-tab=\"1\" role=\"tabpanel\" aria-labelledby=\"elementor-tab-title-2201\" tabindex=\"0\" hidden=\"false\"><i class=\"far fa-file-pdf fa-xl\" style=\"font-size:35px\"><\/i><a href=\"https:\/\/www.belleflamme.ca\/wp-content\/uploads\/2024\/12\/trane-ductless-resolute-brochure-current.pdf\"> Brochure<\/a><\/br>\n<i class=\"far fa-file-pdf fa-xl\" style=\"font-size:35px\"><\/i><a href=\"https:\/\/www.belleflamme.ca\/wp-content\/uploads\/2024\/12\/MS-SVN083B-EN_07302024.pdf\"> Installation de l&#8217;inverter<\/a><\/br>\n<i class=\"far fa-file-pdf fa-xl\" style=\"font-size:35px\"><\/i><a href=\"https:\/\/www.belleflamme.ca\/wp-content\/uploads\/2024\/12\/MS-SVN084C-EN_03142023.pdf\"> Installation de la fournaise<\/a><\/br>\n<i class=\"far fa-file-pdf fa-xl\" style=\"font-size:35px\"><\/i><a href=\"https:\/\/www.belleflamme.ca\/wp-content\/uploads\/2024\/12\/32-5084-1A-AC-AH-HP.pdf\"> Guide d&#8217;utilisateur<\/a><\/br><\/div>\n\t\t\t\t\t\t\t<\/div>\n\t\t<\/div>\n\t\t\t\t\t\t<\/div>\n\t\t\t\t<\/div>\n\t\t\t\t\t<\/div>\n\t\t<\/div>\n\t\t\t\t\t<\/div>\n\t\t<\/section>\n\t\t\t\t<\/div>\n\t\t","protected":false},"excerpt":{"rendered":"<p>Flexibilit\u00e9 de conception Comme il n&#8217;y a pas de conduits \u00e0 installer, il est facile d&#8217;ajouter une unit\u00e9 sans conduit Trane pratiquement n&#8217;importe o\u00f9. L&#8217;installation du syst\u00e8me de traitement d&#8217;air pour climat froid Resolute\u2122 est un jeu d&#8217;enfant, ce qui en fait une solution \u00e9conomique et efficace. Efficacit\u00e9 \u00e9nerg\u00e9tique accrue Avec les syst\u00e8mes sans conduits, [&hellip;]<\/p>\n","protected":false},"featured_media":47978,"template":"","meta":{"inline_featured_image":false},"product_brand":[291],"product_cat":[70,71,78],"product_tag":[],"class_list":{"0":"post-47984","1":"product","2":"type-product","3":"status-publish","4":"has-post-thumbnail","6":"product_brand-trane","7":"product_cat-climatisation-chauffage","8":"product_cat-systeme-central","9":"product_cat-thermopompes-centrales","11":"first","12":"instock","13":"taxable","14":"shipping-taxable","15":"product-type-variable"},"yoast_head":"<!-- This site is optimized with the Yoast SEO Premium plugin v24.2 (Yoast SEO v24.2) - https:\/\/yoast.com\/wordpress\/plugins\/seo\/ -->\n<title>Thermopompe Centrale pour climat froid Resolute de Trane - Groupe BelleFlamme<\/title>\n<meta name=\"description\" content=\"Thermopompe Centrale pour climat froid Resolute de Trane vendu et install\u00e9 par le Groupe Belleflamme. Laval, Montr\u00e9al, Gatineau et Saint-Sauveur.\" \/>\n<meta name=\"robots\" content=\"index, follow, max-snippet:-1, max-image-preview:large, max-video-preview:-1\" \/>\n<link rel=\"canonical\" href=\"https:\/\/staging.belleflamme.ca\/fr\/produit\/thermopompe-centrale-pour-climat-froid-resolute-de-trane\/\" \/>\n<meta property=\"og:locale\" content=\"fr_FR\" \/>\n<meta property=\"og:type\" content=\"article\" \/>\n<meta property=\"og:title\" content=\"Thermopompe Centrale pour climat froid Resolute de Trane\" \/>\n<meta property=\"og:description\" content=\"Thermopompe Centrale pour climat froid Resolute de Trane vendu et install\u00e9 par le Groupe Belleflamme. Laval, Montr\u00e9al, Gatineau et Saint-Sauveur.\" \/>\n<meta property=\"og:url\" content=\"https:\/\/staging.belleflamme.ca\/fr\/produit\/thermopompe-centrale-pour-climat-froid-resolute-de-trane\/\" \/>\n<meta property=\"og:site_name\" content=\"Groupe BelleFlamme\" \/>\n<meta property=\"article:publisher\" content=\"https:\/\/www.facebook.com\/belleflamme.ca\/\" \/>\n<meta property=\"article:modified_time\" content=\"2024-12-17T21:04:32+00:00\" \/>\n<meta property=\"og:image\" content=\"https:\/\/www.belleflamme.ca\/wp-content\/uploads\/2024\/12\/Thermopompe-centrale-pour-climat-froid-Resolute.webp\" \/>\n\t<meta property=\"og:image:width\" content=\"600\" \/>\n\t<meta property=\"og:image:height\" content=\"600\" \/>\n\t<meta property=\"og:image:type\" content=\"image\/webp\" \/>\n<meta name=\"twitter:card\" content=\"summary_large_image\" \/>\n<meta name=\"twitter:label1\" content=\"Disponibilit\u00e9\" \/>\n\t<meta name=\"twitter:data1\" content=\"En stock\" \/>\n<script type=\"application\/ld+json\" class=\"yoast-schema-graph\">{\"@context\":\"https:\/\/schema.org\",\"@graph\":[{\"@type\":[\"WebPage\",\"ItemPage\"],\"@id\":\"https:\/\/staging.belleflamme.ca\/fr\/produit\/thermopompe-centrale-pour-climat-froid-resolute-de-trane\/\",\"url\":\"https:\/\/staging.belleflamme.ca\/fr\/produit\/thermopompe-centrale-pour-climat-froid-resolute-de-trane\/\",\"name\":\"Thermopompe Centrale pour climat froid Resolute de Trane - Groupe BelleFlamme\",\"isPartOf\":{\"@id\":\"https:\/\/www.belleflamme.ca\/fr\/#website\"},\"primaryImageOfPage\":{\"@id\":\"https:\/\/staging.belleflamme.ca\/fr\/produit\/thermopompe-centrale-pour-climat-froid-resolute-de-trane\/#primaryimage\"},\"image\":{\"@id\":\"https:\/\/staging.belleflamme.ca\/fr\/produit\/thermopompe-centrale-pour-climat-froid-resolute-de-trane\/#primaryimage\"},\"thumbnailUrl\":\"https:\/\/staging.belleflamme.ca\/wp-content\/uploads\/2024\/12\/Thermopompe-centrale-pour-climat-froid-Resolute.webp\",\"datePublished\":\"2024-12-17T20:51:13+00:00\",\"dateModified\":\"2024-12-17T21:04:32+00:00\",\"description\":\"Thermopompe Centrale pour climat froid Resolute de Trane vendu et install\u00e9 par le Groupe Belleflamme. Laval, Montr\u00e9al, Gatineau et Saint-Sauveur.\",\"breadcrumb\":{\"@id\":\"https:\/\/staging.belleflamme.ca\/fr\/produit\/thermopompe-centrale-pour-climat-froid-resolute-de-trane\/#breadcrumb\"},\"inLanguage\":\"fr-FR\",\"potentialAction\":[{\"@type\":\"ReadAction\",\"target\":[\"https:\/\/staging.belleflamme.ca\/fr\/produit\/thermopompe-centrale-pour-climat-froid-resolute-de-trane\/\"]}]},{\"@type\":\"ImageObject\",\"inLanguage\":\"fr-FR\",\"@id\":\"https:\/\/staging.belleflamme.ca\/fr\/produit\/thermopompe-centrale-pour-climat-froid-resolute-de-trane\/#primaryimage\",\"url\":\"https:\/\/staging.belleflamme.ca\/wp-content\/uploads\/2024\/12\/Thermopompe-centrale-pour-climat-froid-Resolute.webp\",\"contentUrl\":\"https:\/\/staging.belleflamme.ca\/wp-content\/uploads\/2024\/12\/Thermopompe-centrale-pour-climat-froid-Resolute.webp\",\"width\":600,\"height\":600,\"caption\":\"Thermopompe Centrale pour climat froid Resolute de Trane\"},{\"@type\":\"BreadcrumbList\",\"@id\":\"https:\/\/staging.belleflamme.ca\/fr\/produit\/thermopompe-centrale-pour-climat-froid-resolute-de-trane\/#breadcrumb\",\"itemListElement\":[{\"@type\":\"ListItem\",\"position\":1,\"name\":\"Accueil\",\"item\":\"https:\/\/www.belleflamme.ca\/fr\/\"},{\"@type\":\"ListItem\",\"position\":2,\"name\":\"Boutique\",\"item\":\"https:\/\/www.belleflamme.ca\/fr\/boutique\/\"},{\"@type\":\"ListItem\",\"position\":3,\"name\":\"Climatisation &amp; Chauffage\",\"item\":\"https:\/\/staging.belleflamme.ca\/fr\/categories\/climatisation-chauffage\/\"},{\"@type\":\"ListItem\",\"position\":4,\"name\":\"Thermopompe Centrale pour climat froid Resolute de Trane\"}]},{\"@type\":\"WebSite\",\"@id\":\"https:\/\/www.belleflamme.ca\/fr\/#website\",\"url\":\"https:\/\/www.belleflamme.ca\/fr\/\",\"name\":\"Groupe Belleflamme\",\"description\":\"La m\u00e9canique du b\u00e2timent dans le sang.\",\"publisher\":{\"@id\":\"https:\/\/www.belleflamme.ca\/fr\/#organization\"},\"potentialAction\":[{\"@type\":\"SearchAction\",\"target\":{\"@type\":\"EntryPoint\",\"urlTemplate\":\"https:\/\/www.belleflamme.ca\/fr\/?s={search_term_string}\"},\"query-input\":{\"@type\":\"PropertyValueSpecification\",\"valueRequired\":true,\"valueName\":\"search_term_string\"}}],\"inLanguage\":\"fr-FR\"},{\"@type\":[\"Organization\",\"Place\"],\"@id\":\"https:\/\/www.belleflamme.ca\/fr\/#organization\",\"name\":\"Groupe Belleflamme\",\"alternateName\":\"Belleflamme\",\"url\":\"https:\/\/www.belleflamme.ca\/fr\/\",\"logo\":{\"@type\":\"ImageObject\",\"inLanguage\":\"fr-FR\",\"@id\":\"https:\/\/www.belleflamme.ca\/fr\/#\/schema\/logo\/image\/\",\"url\":\"https:\/\/staging.belleflamme.ca\/wp-content\/uploads\/2023\/01\/og-image.jpg\",\"contentUrl\":\"https:\/\/staging.belleflamme.ca\/wp-content\/uploads\/2023\/01\/og-image.jpg\",\"width\":1200,\"height\":630,\"caption\":\"Groupe Belleflamme\"},\"image\":{\"@id\":\"https:\/\/www.belleflamme.ca\/fr\/#\/schema\/logo\/image\/\"},\"sameAs\":[\"https:\/\/www.facebook.com\/belleflamme.ca\/\",\"https:\/\/www.linkedin.com\/company\/belleflamme\/\",\"https:\/\/www.pinterest.ca\/groupebelleflamme\/\",\"https:\/\/www.instagram.com\/legroupebelleflamme\/\"],\"mainEntityOfPage\":{\"@id\":\"https:\/\/staging.belleflamme.ca\/fr\/produit\/thermopompe-centrale-pour-climat-froid-resolute-de-trane\/\"}}]}<\/script>\n<meta property=\"product:brand\" content=\"Trane\" \/>\n<meta property=\"og:availability\" content=\"instock\" \/>\n<meta property=\"product:availability\" content=\"instock\" \/>\n<meta property=\"product:condition\" content=\"new\" \/>\n<!-- \/ Yoast SEO Premium plugin. -->","yoast_head_json":{"title":"Thermopompe Centrale pour climat froid Resolute de Trane - Groupe BelleFlamme","description":"Thermopompe Centrale pour climat froid Resolute de Trane vendu et install\u00e9 par le Groupe Belleflamme. Laval, Montr\u00e9al, Gatineau et Saint-Sauveur.","robots":{"index":"index","follow":"follow","max-snippet":"max-snippet:-1","max-image-preview":"max-image-preview:large","max-video-preview":"max-video-preview:-1"},"canonical":"https:\/\/staging.belleflamme.ca\/fr\/produit\/thermopompe-centrale-pour-climat-froid-resolute-de-trane\/","og_locale":"fr_FR","og_type":"article","og_title":"Thermopompe Centrale pour climat froid Resolute de Trane","og_description":"Thermopompe Centrale pour climat froid Resolute de Trane vendu et install\u00e9 par le Groupe Belleflamme. Laval, Montr\u00e9al, Gatineau et Saint-Sauveur.","og_url":"https:\/\/staging.belleflamme.ca\/fr\/produit\/thermopompe-centrale-pour-climat-froid-resolute-de-trane\/","og_site_name":"Groupe BelleFlamme","article_publisher":"https:\/\/www.facebook.com\/belleflamme.ca\/","article_modified_time":"2024-12-17T21:04:32+00:00","og_image":[{"width":600,"height":600,"url":"https:\/\/www.belleflamme.ca\/wp-content\/uploads\/2024\/12\/Thermopompe-centrale-pour-climat-froid-Resolute.webp","type":"image\/webp"}],"twitter_card":"summary_large_image","twitter_misc":{"Disponibilit\u00e9":"En stock"},"schema":{"@context":"https:\/\/schema.org","@graph":[{"@type":["WebPage","ItemPage"],"@id":"https:\/\/staging.belleflamme.ca\/fr\/produit\/thermopompe-centrale-pour-climat-froid-resolute-de-trane\/","url":"https:\/\/staging.belleflamme.ca\/fr\/produit\/thermopompe-centrale-pour-climat-froid-resolute-de-trane\/","name":"Thermopompe Centrale pour climat froid Resolute de Trane - Groupe BelleFlamme","isPartOf":{"@id":"https:\/\/www.belleflamme.ca\/fr\/#website"},"primaryImageOfPage":{"@id":"https:\/\/staging.belleflamme.ca\/fr\/produit\/thermopompe-centrale-pour-climat-froid-resolute-de-trane\/#primaryimage"},"image":{"@id":"https:\/\/staging.belleflamme.ca\/fr\/produit\/thermopompe-centrale-pour-climat-froid-resolute-de-trane\/#primaryimage"},"thumbnailUrl":"https:\/\/staging.belleflamme.ca\/wp-content\/uploads\/2024\/12\/Thermopompe-centrale-pour-climat-froid-Resolute.webp","datePublished":"2024-12-17T20:51:13+00:00","dateModified":"2024-12-17T21:04:32+00:00","description":"Thermopompe Centrale pour climat froid Resolute de Trane vendu et install\u00e9 par le Groupe Belleflamme. Laval, Montr\u00e9al, Gatineau et Saint-Sauveur.","breadcrumb":{"@id":"https:\/\/staging.belleflamme.ca\/fr\/produit\/thermopompe-centrale-pour-climat-froid-resolute-de-trane\/#breadcrumb"},"inLanguage":"fr-FR","potentialAction":[{"@type":"ReadAction","target":["https:\/\/staging.belleflamme.ca\/fr\/produit\/thermopompe-centrale-pour-climat-froid-resolute-de-trane\/"]}]},{"@type":"ImageObject","inLanguage":"fr-FR","@id":"https:\/\/staging.belleflamme.ca\/fr\/produit\/thermopompe-centrale-pour-climat-froid-resolute-de-trane\/#primaryimage","url":"https:\/\/staging.belleflamme.ca\/wp-content\/uploads\/2024\/12\/Thermopompe-centrale-pour-climat-froid-Resolute.webp","contentUrl":"https:\/\/staging.belleflamme.ca\/wp-content\/uploads\/2024\/12\/Thermopompe-centrale-pour-climat-froid-Resolute.webp","width":600,"height":600,"caption":"Thermopompe Centrale pour climat froid Resolute de Trane"},{"@type":"BreadcrumbList","@id":"https:\/\/staging.belleflamme.ca\/fr\/produit\/thermopompe-centrale-pour-climat-froid-resolute-de-trane\/#breadcrumb","itemListElement":[{"@type":"ListItem","position":1,"name":"Accueil","item":"https:\/\/www.belleflamme.ca\/fr\/"},{"@type":"ListItem","position":2,"name":"Boutique","item":"https:\/\/www.belleflamme.ca\/fr\/boutique\/"},{"@type":"ListItem","position":3,"name":"Climatisation &amp; Chauffage","item":"https:\/\/staging.belleflamme.ca\/fr\/categories\/climatisation-chauffage\/"},{"@type":"ListItem","position":4,"name":"Thermopompe Centrale pour climat froid Resolute de Trane"}]},{"@type":"WebSite","@id":"https:\/\/www.belleflamme.ca\/fr\/#website","url":"https:\/\/www.belleflamme.ca\/fr\/","name":"Groupe Belleflamme","description":"La m\u00e9canique du b\u00e2timent dans le sang.","publisher":{"@id":"https:\/\/www.belleflamme.ca\/fr\/#organization"},"potentialAction":[{"@type":"SearchAction","target":{"@type":"EntryPoint","urlTemplate":"https:\/\/www.belleflamme.ca\/fr\/?s={search_term_string}"},"query-input":{"@type":"PropertyValueSpecification","valueRequired":true,"valueName":"search_term_string"}}],"inLanguage":"fr-FR"},{"@type":["Organization","Place"],"@id":"https:\/\/www.belleflamme.ca\/fr\/#organization","name":"Groupe Belleflamme","alternateName":"Belleflamme","url":"https:\/\/www.belleflamme.ca\/fr\/","logo":{"@type":"ImageObject","inLanguage":"fr-FR","@id":"https:\/\/www.belleflamme.ca\/fr\/#\/schema\/logo\/image\/","url":"https:\/\/staging.belleflamme.ca\/wp-content\/uploads\/2023\/01\/og-image.jpg","contentUrl":"https:\/\/staging.belleflamme.ca\/wp-content\/uploads\/2023\/01\/og-image.jpg","width":1200,"height":630,"caption":"Groupe Belleflamme"},"image":{"@id":"https:\/\/www.belleflamme.ca\/fr\/#\/schema\/logo\/image\/"},"sameAs":["https:\/\/www.facebook.com\/belleflamme.ca\/","https:\/\/www.linkedin.com\/company\/belleflamme\/","https:\/\/www.pinterest.ca\/groupebelleflamme\/","https:\/\/www.instagram.com\/legroupebelleflamme\/"],"mainEntityOfPage":{"@id":"https:\/\/staging.belleflamme.ca\/fr\/produit\/thermopompe-centrale-pour-climat-froid-resolute-de-trane\/"}}]},"product_brand":"Trane","og_availability":"instock","product_availability":"instock","product_condition":"new"},"_links":{"self":[{"href":"https:\/\/staging.belleflamme.ca\/fr\/wp-json\/wp\/v2\/product\/47984","targetHints":{"allow":["GET"]}}],"collection":[{"href":"https:\/\/staging.belleflamme.ca\/fr\/wp-json\/wp\/v2\/product"}],"about":[{"href":"https:\/\/staging.belleflamme.ca\/fr\/wp-json\/wp\/v2\/types\/product"}],"version-history":[{"count":7,"href":"https:\/\/staging.belleflamme.ca\/fr\/wp-json\/wp\/v2\/product\/47984\/revisions"}],"predecessor-version":[{"id":48008,"href":"https:\/\/staging.belleflamme.ca\/fr\/wp-json\/wp\/v2\/product\/47984\/revisions\/48008"}],"wp:featuredmedia":[{"embeddable":true,"href":"https:\/\/staging.belleflamme.ca\/fr\/wp-json\/wp\/v2\/media\/47978"}],"wp:attachment":[{"href":"https:\/\/staging.belleflamme.ca\/fr\/wp-json\/wp\/v2\/media?parent=47984"}],"wp:term":[{"taxonomy":"product_brand","embeddable":true,"href":"https:\/\/staging.belleflamme.ca\/fr\/wp-json\/wp\/v2\/product_brand?post=47984"},{"taxonomy":"product_cat","embeddable":true,"href":"https:\/\/staging.belleflamme.ca\/fr\/wp-json\/wp\/v2\/product_cat?post=47984"},{"taxonomy":"product_tag","embeddable":true,"href":"https:\/\/staging.belleflamme.ca\/fr\/wp-json\/wp\/v2\/product_tag?post=47984"}],"curies":[{"name":"wp","href":"https:\/\/api.w.org\/{rel}","templated":true}]}}