{"id":47947,"date":"2024-12-17T15:29:00","date_gmt":"2024-12-17T20:29:00","guid":{"rendered":"https:\/\/www.belleflamme.ca\/?post_type=product&#038;p=47947"},"modified":"2024-12-17T15:42:07","modified_gmt":"2024-12-17T20:42:07","slug":"fournaise-electrique-pour-climat-froid-resolute-de-trane","status":"publish","type":"product","link":"https:\/\/staging.belleflamme.ca\/fr\/produit\/fournaise-electrique-pour-climat-froid-resolute-de-trane\/","title":{"rendered":"Fournaise \u00c9lectrique pour climat froid Resolute de Trane"},"content":{"rendered":"\t\t<div data-elementor-type=\"product-post\" data-elementor-id=\"47947\" class=\"elementor elementor-47947\" data-elementor-post-type=\"product\">\n\t\t\t\t\t\t<section class=\"elementor-section elementor-top-section elementor-element elementor-element-7f49408 elementor-section-boxed elementor-section-height-default elementor-section-height-default\" data-id=\"7f49408\" data-element_type=\"section\">\n\t\t\t\t\t\t<div class=\"elementor-container elementor-column-gap-default\">\n\t\t\t\t\t<div class=\"elementor-column elementor-col-100 elementor-top-column elementor-element elementor-element-1d0bfc9\" data-id=\"1d0bfc9\" data-element_type=\"column\">\n\t\t\t<div class=\"elementor-widget-wrap elementor-element-populated\">\n\t\t\t\t\t\t<div class=\"elementor-element elementor-element-494b942 elementor-widget elementor-widget-text-editor\" data-id=\"494b942\" data-element_type=\"widget\" data-widget_type=\"text-editor.default\">\n\t\t\t\t<div class=\"elementor-widget-container\">\n\t\t\t\t\t\t\t\t\t<div><div class=\"flex items-center font-rich-back md:block md:mb-42\"><p><img decoding=\"async\" src=\"https:\/\/live-trane-headless-cms.pantheonsite.io\/wp-content\/uploads\/2022\/03\/design-flexibility-icon.svg\" alt=\"ic\u00f4ne\" width=\"30\" height=\"30\" data-nimg=\"1\" \/><\/p><h3 class=\"text-charcoal pl-4 font-bold md:pl-0 md:text-28 md:mb-6\">Flexibilit\u00e9 de conception<\/h3><\/div><p class=\"mb-10 text-16 md:mb-14\">Comme il n&#8217;y a pas de conduits \u00e0 installer, il est facile d&#8217;ajouter une unit\u00e9 sans conduit Trane pratiquement n&#8217;importe o\u00f9. L&#8217;installation du syst\u00e8me de traitement d&#8217;air pour climat froid Resolute\u2122 est un jeu d&#8217;enfant, ce qui en fait une solution \u00e9conomique et efficace.<\/p><\/div><div><div class=\"flex items-center font-rich-back md:block md:mb-42\"><p><img decoding=\"async\" src=\"https:\/\/live-trane-headless-cms.pantheonsite.io\/wp-content\/uploads\/2022\/04\/lightbulb-icon.svg\" alt=\"ic\u00f4ne\" width=\"30\" height=\"30\" data-nimg=\"1\" \/><\/p><h3 class=\"text-charcoal pl-4 font-bold md:pl-0 md:text-28 md:mb-6\">Efficacit\u00e9 \u00e9nerg\u00e9tique accrue<\/h3><\/div><p class=\"mb-10 text-16 md:mb-14\">Avec les syst\u00e8mes sans conduits, vous n&#8217;avez pas \u00e0 vous soucier des pertes d&#8217;\u00e9nergie li\u00e9es \u00e0 l&#8217;usure ou au mauvais entretien des conduits. Cela, combin\u00e9 aux cotes SEER plus \u00e9lev\u00e9es des syst\u00e8mes Trane, pourrait vous aider \u00e0 \u00e9conomiser de l&#8217;argent sur vos factures d&#8217;\u00e9nergie mensuelles.<\/p><\/div><div><div class=\"flex items-center font-rich-back md:block md:mb-42\"><p><img decoding=\"async\" src=\"https:\/\/live-trane-headless-cms.pantheonsite.io\/wp-content\/uploads\/2022\/04\/electricity-icon.svg\" alt=\"ic\u00f4ne\" width=\"30\" height=\"30\" data-nimg=\"1\" \/><\/p><h3 class=\"text-charcoal pl-4 font-bold md:pl-0 md:text-28 md:mb-6\">Syst\u00e8me durable<\/h3><\/div><p class=\"mb-10 text-16 md:mb-14\">Ce climatiseur est con\u00e7u pour durer. Dot\u00e9 d&#8217;un moteur de ventilateur \u00e0 plusieurs vitesses, d&#8217;un r\u00e9frig\u00e9rant \u00e9cologique, de serpentins en cuivre\/aluminium et plus encore, ce syst\u00e8me est durable et fiable.<\/p><\/div><div><div class=\"flex items-center font-rich-back md:block md:mb-42\"><p><img loading=\"lazy\" decoding=\"async\" src=\"https:\/\/live-trane-headless-cms.pantheonsite.io\/wp-content\/uploads\/2022\/03\/cloud-black-icon.svg\" alt=\"ic\u00f4ne\" width=\"30\" height=\"30\" data-nimg=\"1\" \/><\/p><h3 class=\"text-charcoal pl-4 font-bold md:pl-0 md:text-28 md:mb-6\">Adapt\u00e9 \u00e0 tous les types de temps<\/h3><\/div><p class=\"mb-10 text-16 md:mb-14\">Le syst\u00e8me de traitement d&#8217;air pour climat froid solute\u2122 est un syst\u00e8me ext\u00e9rieur capable de r\u00e9sister \u00e0 l&#8217;\u00e9preuve des intemp\u00e9ries. Ce syst\u00e8me sans conduit g\u00e8re des temp\u00e9ratures ext\u00e9rieures comprises entre -30\u25e6C et 54\u25e6C.<\/p><h3>Sp\u00e9cifications de la fournaise \u00e9lectrique pour climats froids Resolute\u2122<\/h3><p><strong>Caract\u00e9ristiques:<\/strong><\/p><ul><li>Technologie enti\u00e8rement \u00e9lectrique id\u00e9ale pour un confort int\u00e9rieur toute l\u2019ann\u00e9e dans toutes les r\u00e9gions du Canada<\/li><li>G\u00e8re des temp\u00e9ratures ext\u00e9rieures de -30\u25e6 Celsius \u00e0 54\u25e6 Celsius<\/li><li>Garantie enregistr\u00e9e de 10 ans sur les pi\u00e8ces et le compresseur<\/li><li>Peut \u00eatre admissible \u00e0 des rabais sur l&#8217;efficacit\u00e9 \u00e9nerg\u00e9tique<\/li><li>Produit homologu\u00e9 ENERGY STAR : Chauffage et refroidissement \u00e0 haute efficacit\u00e9<\/li><li>L&#8217;installation verticale est id\u00e9ale pour les zones \u00e0 faible encombrement<\/li><\/ul><p style=\"text-align: center;\"><img loading=\"lazy\" decoding=\"async\" class=\"alignnone size-full wp-image-47779\" src=\"https:\/\/www.belleflamme.ca\/wp-content\/uploads\/2024\/12\/Garantie-Belleflamme-FR-5-1.png\" alt=\"\" width=\"250\" height=\"250\" srcset=\"https:\/\/staging.belleflamme.ca\/wp-content\/uploads\/2024\/12\/Garantie-Belleflamme-FR-5-1.png 250w, https:\/\/staging.belleflamme.ca\/wp-content\/uploads\/2024\/12\/Garantie-Belleflamme-FR-5-1-150x150.png 150w, https:\/\/staging.belleflamme.ca\/wp-content\/uploads\/2024\/12\/Garantie-Belleflamme-FR-5-1-100x100.png 100w\" sizes=\"(max-width: 250px) 100vw, 250px\" \/><\/p><div class=\"pb-6\"><div class=\"\"><div class=\"border-t p-2\">\u00a0<\/div><\/div><\/div><div class=\"w-full max-w-[calc(100vw_-_3rem)] md:max-w-full overflow-x-auto\"><table class=\"w-full\"><thead><tr><td class=\"p-3 border \"><span>Mod\u00e8le<\/span><\/td><td class=\"p-3 border text-center\"><span>Tonnes nominales<\/span><\/td><td class=\"p-3 border text-center\"><span>Type de r\u00e9frig\u00e9rant<\/span><\/td><\/tr><\/thead><tbody><tr><td class=\"p-3 border \"><span>4MXA2024A10NUA<\/span><\/td><td class=\"p-3 border text-center\"><span>2<\/span><\/td><td class=\"p-3 border text-center\"><span>R-410A<\/span><\/td><\/tr><tr><td class=\"p-3 border \"><span>4MXA2036A10 NOUVEAU<\/span><\/td><td class=\"p-3 border text-center\"><span>3<\/span><\/td><td class=\"p-3 border text-center\"><span>R-410A<\/span><\/td><\/tr><tr><td class=\"p-3 border \"><span>4MXA2048A10 NOUVEAU<\/span><\/td><td class=\"p-3 border text-center\"><span>4<\/span><\/td><td class=\"p-3 border text-center\"><span>R-410A<\/span><\/td><\/tr><tr><td class=\"p-3 border \"><span>4MXA2060A10 NOUVEAU<\/span><\/td><td class=\"p-3 border text-center\"><span>5<\/span><\/td><td class=\"p-3 border text-center\"><span>R-410A<\/span><\/td><\/tr><\/tbody><\/table><p>\u00a0<\/p><\/div><\/div>\t\t\t\t\t\t\t\t<\/div>\n\t\t\t\t<\/div>\n\t\t\t\t\t<\/div>\n\t\t<\/div>\n\t\t\t\t\t<\/div>\n\t\t<\/section>\n\t\t\t\t<section class=\"elementor-section elementor-top-section elementor-element elementor-element-5254c1c elementor-section-boxed elementor-section-height-default elementor-section-height-default\" data-id=\"5254c1c\" data-element_type=\"section\">\n\t\t\t\t\t\t<div class=\"elementor-container elementor-column-gap-default\">\n\t\t\t\t\t<div class=\"elementor-column elementor-col-100 elementor-top-column elementor-element elementor-element-0bea023\" data-id=\"0bea023\" data-element_type=\"column\">\n\t\t\t<div class=\"elementor-widget-wrap elementor-element-populated\">\n\t\t\t\t\t\t<div class=\"elementor-element elementor-element-5d26b51 elementor-tabs-view-horizontal elementor-widget elementor-widget-tabs\" data-id=\"5d26b51\" data-element_type=\"widget\" data-widget_type=\"tabs.default\">\n\t\t\t\t<div class=\"elementor-widget-container\">\n\t\t\t\t\t\t\t<div class=\"elementor-tabs\">\n\t\t\t<div class=\"elementor-tabs-wrapper\" role=\"tablist\" >\n\t\t\t\t\t\t\t\t\t<div id=\"elementor-tab-title-9761\" class=\"elementor-tab-title elementor-tab-desktop-title\" aria-selected=\"true\" data-tab=\"1\" role=\"tab\" tabindex=\"0\" aria-controls=\"elementor-tab-content-9761\" aria-expanded=\"false\">Fichiers<\/div>\n\t\t\t\t\t\t\t<\/div>\n\t\t\t<div class=\"elementor-tabs-content-wrapper\" role=\"tablist\" aria-orientation=\"vertical\">\n\t\t\t\t\t\t\t\t\t<div class=\"elementor-tab-title elementor-tab-mobile-title\" aria-selected=\"true\" data-tab=\"1\" role=\"tab\" tabindex=\"0\" aria-controls=\"elementor-tab-content-9761\" aria-expanded=\"false\">Fichiers<\/div>\n\t\t\t\t\t<div id=\"elementor-tab-content-9761\" class=\"elementor-tab-content elementor-clearfix\" data-tab=\"1\" role=\"tabpanel\" aria-labelledby=\"elementor-tab-title-9761\" tabindex=\"0\" hidden=\"false\"><i class=\"far fa-file-pdf fa-xl\" style=\"font-size:35px\"><\/i><a href=\"https:\/\/www.belleflamme.ca\/wp-content\/uploads\/2024\/12\/trane-ductless-resolute-brochure-current.pdf\"> Brochure<\/a><\/br>\n<i class=\"far fa-file-pdf fa-xl\" style=\"font-size:35px\"><\/i><a href=\"https:\/\/www.belleflamme.ca\/wp-content\/uploads\/2024\/12\/MS-SVN084C-FC_08052023.pdf\"> Installation<\/a><\/br>\n<i class=\"far fa-file-pdf fa-xl\" style=\"font-size:35px\"><\/i><a href=\"https:\/\/www.belleflamme.ca\/wp-content\/uploads\/2024\/12\/32-5084-1A-AC-AH-HP.pdf\"> Guide d&#8217;utilisateur<\/a><\/br><\/div>\n\t\t\t\t\t\t\t<\/div>\n\t\t<\/div>\n\t\t\t\t\t\t<\/div>\n\t\t\t\t<\/div>\n\t\t\t\t\t<\/div>\n\t\t<\/div>\n\t\t\t\t\t<\/div>\n\t\t<\/section>\n\t\t\t\t<\/div>\n\t\t","protected":false},"excerpt":{"rendered":"<p>Flexibilit\u00e9 de conception Comme il n&#8217;y a pas de conduits \u00e0 installer, il est facile d&#8217;ajouter une unit\u00e9 sans conduit Trane pratiquement n&#8217;importe o\u00f9. L&#8217;installation du syst\u00e8me de traitement d&#8217;air pour climat froid Resolute\u2122 est un jeu d&#8217;enfant, ce qui en fait une solution \u00e9conomique et efficace. Efficacit\u00e9 \u00e9nerg\u00e9tique accrue Avec les syst\u00e8mes sans conduits, [&hellip;]<\/p>\n","protected":false},"featured_media":47948,"template":"","meta":{"inline_featured_image":false},"product_brand":[291],"product_cat":[70,76,81,71],"product_tag":[],"class_list":{"0":"post-47947","1":"product","2":"type-product","3":"status-publish","4":"has-post-thumbnail","6":"product_brand-trane","7":"product_cat-climatisation-chauffage","8":"product_cat-fournaise","9":"product_cat-fournaise-electrique","10":"product_cat-systeme-central","12":"first","13":"instock","14":"taxable","15":"shipping-taxable","16":"product-type-simple"},"yoast_head":"<!-- This site is optimized with the Yoast SEO Premium plugin v24.2 (Yoast SEO v24.2) - https:\/\/yoast.com\/wordpress\/plugins\/seo\/ -->\n<title>Fournaise \u00c9lectrique pour climat froid Resolute de Trane - Groupe BelleFlamme<\/title>\n<meta name=\"description\" content=\"Fournaise \u00c9lectrique pour climat froid Resolute de Trane vendu et install\u00e9 par le Groupe Belleflamme. Laval, Montr\u00e9al, Gatineau et Saint-Sauveur.\" \/>\n<meta name=\"robots\" content=\"index, follow, max-snippet:-1, max-image-preview:large, max-video-preview:-1\" \/>\n<link rel=\"canonical\" href=\"https:\/\/staging.belleflamme.ca\/fr\/produit\/fournaise-electrique-pour-climat-froid-resolute-de-trane\/\" \/>\n<meta property=\"og:locale\" content=\"fr_FR\" \/>\n<meta property=\"og:type\" content=\"article\" \/>\n<meta property=\"og:title\" content=\"Fournaise \u00c9lectrique pour climat froid Resolute de Trane\" \/>\n<meta property=\"og:description\" content=\"Fournaise \u00c9lectrique pour climat froid Resolute de Trane vendu et install\u00e9 par le Groupe Belleflamme. Laval, Montr\u00e9al, Gatineau et Saint-Sauveur.\" \/>\n<meta property=\"og:url\" content=\"https:\/\/staging.belleflamme.ca\/fr\/produit\/fournaise-electrique-pour-climat-froid-resolute-de-trane\/\" \/>\n<meta property=\"og:site_name\" content=\"Groupe BelleFlamme\" \/>\n<meta property=\"article:publisher\" content=\"https:\/\/www.facebook.com\/belleflamme.ca\/\" \/>\n<meta property=\"article:modified_time\" content=\"2024-12-17T20:42:07+00:00\" \/>\n<meta property=\"og:image\" content=\"https:\/\/www.belleflamme.ca\/wp-content\/uploads\/2024\/12\/Fournaise-Electrique-pour-climat-froid-Resolute-de-Trane.webp\" \/>\n\t<meta property=\"og:image:width\" content=\"600\" \/>\n\t<meta property=\"og:image:height\" content=\"600\" \/>\n\t<meta property=\"og:image:type\" content=\"image\/webp\" \/>\n<meta name=\"twitter:card\" content=\"summary_large_image\" \/>\n<meta name=\"twitter:label1\" content=\"Prix\" \/>\n\t<meta name=\"twitter:data1\" content=\"\" \/>\n\t<meta name=\"twitter:label2\" content=\"Disponibilit\u00e9\" \/>\n\t<meta name=\"twitter:data2\" content=\"En stock\" \/>\n<script type=\"application\/ld+json\" class=\"yoast-schema-graph\">{\"@context\":\"https:\/\/schema.org\",\"@graph\":[{\"@type\":[\"WebPage\",\"ItemPage\"],\"@id\":\"https:\/\/staging.belleflamme.ca\/fr\/produit\/fournaise-electrique-pour-climat-froid-resolute-de-trane\/\",\"url\":\"https:\/\/staging.belleflamme.ca\/fr\/produit\/fournaise-electrique-pour-climat-froid-resolute-de-trane\/\",\"name\":\"Fournaise \u00c9lectrique pour climat froid Resolute de Trane - Groupe BelleFlamme\",\"isPartOf\":{\"@id\":\"https:\/\/www.belleflamme.ca\/fr\/#website\"},\"primaryImageOfPage\":{\"@id\":\"https:\/\/staging.belleflamme.ca\/fr\/produit\/fournaise-electrique-pour-climat-froid-resolute-de-trane\/#primaryimage\"},\"image\":{\"@id\":\"https:\/\/staging.belleflamme.ca\/fr\/produit\/fournaise-electrique-pour-climat-froid-resolute-de-trane\/#primaryimage\"},\"thumbnailUrl\":\"https:\/\/staging.belleflamme.ca\/wp-content\/uploads\/2024\/12\/Fournaise-Electrique-pour-climat-froid-Resolute-de-Trane.webp\",\"datePublished\":\"2024-12-17T20:29:00+00:00\",\"dateModified\":\"2024-12-17T20:42:07+00:00\",\"description\":\"Fournaise \u00c9lectrique pour climat froid Resolute de Trane vendu et install\u00e9 par le Groupe Belleflamme. Laval, Montr\u00e9al, Gatineau et Saint-Sauveur.\",\"breadcrumb\":{\"@id\":\"https:\/\/staging.belleflamme.ca\/fr\/produit\/fournaise-electrique-pour-climat-froid-resolute-de-trane\/#breadcrumb\"},\"inLanguage\":\"fr-FR\",\"potentialAction\":[{\"@type\":\"ReadAction\",\"target\":[\"https:\/\/staging.belleflamme.ca\/fr\/produit\/fournaise-electrique-pour-climat-froid-resolute-de-trane\/\"]}]},{\"@type\":\"ImageObject\",\"inLanguage\":\"fr-FR\",\"@id\":\"https:\/\/staging.belleflamme.ca\/fr\/produit\/fournaise-electrique-pour-climat-froid-resolute-de-trane\/#primaryimage\",\"url\":\"https:\/\/staging.belleflamme.ca\/wp-content\/uploads\/2024\/12\/Fournaise-Electrique-pour-climat-froid-Resolute-de-Trane.webp\",\"contentUrl\":\"https:\/\/staging.belleflamme.ca\/wp-content\/uploads\/2024\/12\/Fournaise-Electrique-pour-climat-froid-Resolute-de-Trane.webp\",\"width\":600,\"height\":600,\"caption\":\"Fournaise \u00c9lectrique pour climat froid Resolute de Trane\"},{\"@type\":\"BreadcrumbList\",\"@id\":\"https:\/\/staging.belleflamme.ca\/fr\/produit\/fournaise-electrique-pour-climat-froid-resolute-de-trane\/#breadcrumb\",\"itemListElement\":[{\"@type\":\"ListItem\",\"position\":1,\"name\":\"Accueil\",\"item\":\"https:\/\/www.belleflamme.ca\/fr\/\"},{\"@type\":\"ListItem\",\"position\":2,\"name\":\"Boutique\",\"item\":\"https:\/\/www.belleflamme.ca\/fr\/boutique\/\"},{\"@type\":\"ListItem\",\"position\":3,\"name\":\"Climatisation &amp; Chauffage\",\"item\":\"https:\/\/staging.belleflamme.ca\/fr\/categories\/climatisation-chauffage\/\"},{\"@type\":\"ListItem\",\"position\":4,\"name\":\"Syst\u00e8me central\",\"item\":\"https:\/\/staging.belleflamme.ca\/fr\/categories\/climatisation-chauffage\/systeme-central\/\"},{\"@type\":\"ListItem\",\"position\":5,\"name\":\"Fournaise\",\"item\":\"https:\/\/staging.belleflamme.ca\/fr\/categories\/climatisation-chauffage\/systeme-central\/fournaise\/\"},{\"@type\":\"ListItem\",\"position\":6,\"name\":\"Fournaises \u00c9lectriques\",\"item\":\"https:\/\/staging.belleflamme.ca\/fr\/categories\/climatisation-chauffage\/systeme-central\/fournaise\/fournaise-electrique\/\"},{\"@type\":\"ListItem\",\"position\":7,\"name\":\"Fournaise \u00c9lectrique pour climat froid Resolute de Trane\"}]},{\"@type\":\"WebSite\",\"@id\":\"https:\/\/www.belleflamme.ca\/fr\/#website\",\"url\":\"https:\/\/www.belleflamme.ca\/fr\/\",\"name\":\"Groupe Belleflamme\",\"description\":\"La m\u00e9canique du b\u00e2timent dans le sang.\",\"publisher\":{\"@id\":\"https:\/\/www.belleflamme.ca\/fr\/#organization\"},\"potentialAction\":[{\"@type\":\"SearchAction\",\"target\":{\"@type\":\"EntryPoint\",\"urlTemplate\":\"https:\/\/www.belleflamme.ca\/fr\/?s={search_term_string}\"},\"query-input\":{\"@type\":\"PropertyValueSpecification\",\"valueRequired\":true,\"valueName\":\"search_term_string\"}}],\"inLanguage\":\"fr-FR\"},{\"@type\":[\"Organization\",\"Place\"],\"@id\":\"https:\/\/www.belleflamme.ca\/fr\/#organization\",\"name\":\"Groupe Belleflamme\",\"alternateName\":\"Belleflamme\",\"url\":\"https:\/\/www.belleflamme.ca\/fr\/\",\"logo\":{\"@type\":\"ImageObject\",\"inLanguage\":\"fr-FR\",\"@id\":\"https:\/\/www.belleflamme.ca\/fr\/#\/schema\/logo\/image\/\",\"url\":\"https:\/\/staging.belleflamme.ca\/wp-content\/uploads\/2023\/01\/og-image.jpg\",\"contentUrl\":\"https:\/\/staging.belleflamme.ca\/wp-content\/uploads\/2023\/01\/og-image.jpg\",\"width\":1200,\"height\":630,\"caption\":\"Groupe Belleflamme\"},\"image\":{\"@id\":\"https:\/\/www.belleflamme.ca\/fr\/#\/schema\/logo\/image\/\"},\"sameAs\":[\"https:\/\/www.facebook.com\/belleflamme.ca\/\",\"https:\/\/www.linkedin.com\/company\/belleflamme\/\",\"https:\/\/www.pinterest.ca\/groupebelleflamme\/\",\"https:\/\/www.instagram.com\/legroupebelleflamme\/\"],\"mainEntityOfPage\":{\"@id\":\"https:\/\/staging.belleflamme.ca\/fr\/produit\/fournaise-electrique-pour-climat-froid-resolute-de-trane\/\"}}]}<\/script>\n<meta property=\"product:brand\" content=\"Trane\" \/>\n<meta property=\"product:price:amount\" content=\"0.00\" \/>\n<meta property=\"product:price:currency\" content=\"CAD\" \/>\n<meta property=\"og:availability\" content=\"instock\" \/>\n<meta property=\"product:availability\" content=\"instock\" \/>\n<meta property=\"product:condition\" content=\"new\" \/>\n<!-- \/ Yoast SEO Premium plugin. -->","yoast_head_json":{"title":"Fournaise \u00c9lectrique pour climat froid Resolute de Trane - Groupe BelleFlamme","description":"Fournaise \u00c9lectrique pour climat froid Resolute de Trane vendu et install\u00e9 par le Groupe Belleflamme. Laval, Montr\u00e9al, Gatineau et Saint-Sauveur.","robots":{"index":"index","follow":"follow","max-snippet":"max-snippet:-1","max-image-preview":"max-image-preview:large","max-video-preview":"max-video-preview:-1"},"canonical":"https:\/\/staging.belleflamme.ca\/fr\/produit\/fournaise-electrique-pour-climat-froid-resolute-de-trane\/","og_locale":"fr_FR","og_type":"article","og_title":"Fournaise \u00c9lectrique pour climat froid Resolute de Trane","og_description":"Fournaise \u00c9lectrique pour climat froid Resolute de Trane vendu et install\u00e9 par le Groupe Belleflamme. Laval, Montr\u00e9al, Gatineau et Saint-Sauveur.","og_url":"https:\/\/staging.belleflamme.ca\/fr\/produit\/fournaise-electrique-pour-climat-froid-resolute-de-trane\/","og_site_name":"Groupe BelleFlamme","article_publisher":"https:\/\/www.facebook.com\/belleflamme.ca\/","article_modified_time":"2024-12-17T20:42:07+00:00","og_image":[{"width":600,"height":600,"url":"https:\/\/www.belleflamme.ca\/wp-content\/uploads\/2024\/12\/Fournaise-Electrique-pour-climat-froid-Resolute-de-Trane.webp","type":"image\/webp"}],"twitter_card":"summary_large_image","twitter_misc":{"Prix":"","Disponibilit\u00e9":"En stock"},"schema":{"@context":"https:\/\/schema.org","@graph":[{"@type":["WebPage","ItemPage"],"@id":"https:\/\/staging.belleflamme.ca\/fr\/produit\/fournaise-electrique-pour-climat-froid-resolute-de-trane\/","url":"https:\/\/staging.belleflamme.ca\/fr\/produit\/fournaise-electrique-pour-climat-froid-resolute-de-trane\/","name":"Fournaise \u00c9lectrique pour climat froid Resolute de Trane - Groupe BelleFlamme","isPartOf":{"@id":"https:\/\/www.belleflamme.ca\/fr\/#website"},"primaryImageOfPage":{"@id":"https:\/\/staging.belleflamme.ca\/fr\/produit\/fournaise-electrique-pour-climat-froid-resolute-de-trane\/#primaryimage"},"image":{"@id":"https:\/\/staging.belleflamme.ca\/fr\/produit\/fournaise-electrique-pour-climat-froid-resolute-de-trane\/#primaryimage"},"thumbnailUrl":"https:\/\/staging.belleflamme.ca\/wp-content\/uploads\/2024\/12\/Fournaise-Electrique-pour-climat-froid-Resolute-de-Trane.webp","datePublished":"2024-12-17T20:29:00+00:00","dateModified":"2024-12-17T20:42:07+00:00","description":"Fournaise \u00c9lectrique pour climat froid Resolute de Trane vendu et install\u00e9 par le Groupe Belleflamme. Laval, Montr\u00e9al, Gatineau et Saint-Sauveur.","breadcrumb":{"@id":"https:\/\/staging.belleflamme.ca\/fr\/produit\/fournaise-electrique-pour-climat-froid-resolute-de-trane\/#breadcrumb"},"inLanguage":"fr-FR","potentialAction":[{"@type":"ReadAction","target":["https:\/\/staging.belleflamme.ca\/fr\/produit\/fournaise-electrique-pour-climat-froid-resolute-de-trane\/"]}]},{"@type":"ImageObject","inLanguage":"fr-FR","@id":"https:\/\/staging.belleflamme.ca\/fr\/produit\/fournaise-electrique-pour-climat-froid-resolute-de-trane\/#primaryimage","url":"https:\/\/staging.belleflamme.ca\/wp-content\/uploads\/2024\/12\/Fournaise-Electrique-pour-climat-froid-Resolute-de-Trane.webp","contentUrl":"https:\/\/staging.belleflamme.ca\/wp-content\/uploads\/2024\/12\/Fournaise-Electrique-pour-climat-froid-Resolute-de-Trane.webp","width":600,"height":600,"caption":"Fournaise \u00c9lectrique pour climat froid Resolute de Trane"},{"@type":"BreadcrumbList","@id":"https:\/\/staging.belleflamme.ca\/fr\/produit\/fournaise-electrique-pour-climat-froid-resolute-de-trane\/#breadcrumb","itemListElement":[{"@type":"ListItem","position":1,"name":"Accueil","item":"https:\/\/www.belleflamme.ca\/fr\/"},{"@type":"ListItem","position":2,"name":"Boutique","item":"https:\/\/www.belleflamme.ca\/fr\/boutique\/"},{"@type":"ListItem","position":3,"name":"Climatisation &amp; Chauffage","item":"https:\/\/staging.belleflamme.ca\/fr\/categories\/climatisation-chauffage\/"},{"@type":"ListItem","position":4,"name":"Syst\u00e8me central","item":"https:\/\/staging.belleflamme.ca\/fr\/categories\/climatisation-chauffage\/systeme-central\/"},{"@type":"ListItem","position":5,"name":"Fournaise","item":"https:\/\/staging.belleflamme.ca\/fr\/categories\/climatisation-chauffage\/systeme-central\/fournaise\/"},{"@type":"ListItem","position":6,"name":"Fournaises \u00c9lectriques","item":"https:\/\/staging.belleflamme.ca\/fr\/categories\/climatisation-chauffage\/systeme-central\/fournaise\/fournaise-electrique\/"},{"@type":"ListItem","position":7,"name":"Fournaise \u00c9lectrique pour climat froid Resolute de Trane"}]},{"@type":"WebSite","@id":"https:\/\/www.belleflamme.ca\/fr\/#website","url":"https:\/\/www.belleflamme.ca\/fr\/","name":"Groupe Belleflamme","description":"La m\u00e9canique du b\u00e2timent dans le sang.","publisher":{"@id":"https:\/\/www.belleflamme.ca\/fr\/#organization"},"potentialAction":[{"@type":"SearchAction","target":{"@type":"EntryPoint","urlTemplate":"https:\/\/www.belleflamme.ca\/fr\/?s={search_term_string}"},"query-input":{"@type":"PropertyValueSpecification","valueRequired":true,"valueName":"search_term_string"}}],"inLanguage":"fr-FR"},{"@type":["Organization","Place"],"@id":"https:\/\/www.belleflamme.ca\/fr\/#organization","name":"Groupe Belleflamme","alternateName":"Belleflamme","url":"https:\/\/www.belleflamme.ca\/fr\/","logo":{"@type":"ImageObject","inLanguage":"fr-FR","@id":"https:\/\/www.belleflamme.ca\/fr\/#\/schema\/logo\/image\/","url":"https:\/\/staging.belleflamme.ca\/wp-content\/uploads\/2023\/01\/og-image.jpg","contentUrl":"https:\/\/staging.belleflamme.ca\/wp-content\/uploads\/2023\/01\/og-image.jpg","width":1200,"height":630,"caption":"Groupe Belleflamme"},"image":{"@id":"https:\/\/www.belleflamme.ca\/fr\/#\/schema\/logo\/image\/"},"sameAs":["https:\/\/www.facebook.com\/belleflamme.ca\/","https:\/\/www.linkedin.com\/company\/belleflamme\/","https:\/\/www.pinterest.ca\/groupebelleflamme\/","https:\/\/www.instagram.com\/legroupebelleflamme\/"],"mainEntityOfPage":{"@id":"https:\/\/staging.belleflamme.ca\/fr\/produit\/fournaise-electrique-pour-climat-froid-resolute-de-trane\/"}}]},"product_brand":"Trane","product_price_amount":"0.00","product_price_currency":"CAD","og_availability":"instock","product_availability":"instock","product_condition":"new"},"_links":{"self":[{"href":"https:\/\/staging.belleflamme.ca\/fr\/wp-json\/wp\/v2\/product\/47947","targetHints":{"allow":["GET"]}}],"collection":[{"href":"https:\/\/staging.belleflamme.ca\/fr\/wp-json\/wp\/v2\/product"}],"about":[{"href":"https:\/\/staging.belleflamme.ca\/fr\/wp-json\/wp\/v2\/types\/product"}],"version-history":[{"count":7,"href":"https:\/\/staging.belleflamme.ca\/fr\/wp-json\/wp\/v2\/product\/47947\/revisions"}],"predecessor-version":[{"id":47975,"href":"https:\/\/staging.belleflamme.ca\/fr\/wp-json\/wp\/v2\/product\/47947\/revisions\/47975"}],"wp:featuredmedia":[{"embeddable":true,"href":"https:\/\/staging.belleflamme.ca\/fr\/wp-json\/wp\/v2\/media\/47948"}],"wp:attachment":[{"href":"https:\/\/staging.belleflamme.ca\/fr\/wp-json\/wp\/v2\/media?parent=47947"}],"wp:term":[{"taxonomy":"product_brand","embeddable":true,"href":"https:\/\/staging.belleflamme.ca\/fr\/wp-json\/wp\/v2\/product_brand?post=47947"},{"taxonomy":"product_cat","embeddable":true,"href":"https:\/\/staging.belleflamme.ca\/fr\/wp-json\/wp\/v2\/product_cat?post=47947"},{"taxonomy":"product_tag","embeddable":true,"href":"https:\/\/staging.belleflamme.ca\/fr\/wp-json\/wp\/v2\/product_tag?post=47947"}],"curies":[{"name":"wp","href":"https:\/\/api.w.org\/{rel}","templated":true}]}}