{"id":47677,"date":"2024-12-13T11:45:39","date_gmt":"2024-12-13T16:45:39","guid":{"rendered":"https:\/\/www.belleflamme.ca\/?post_type=product&#038;p=47677"},"modified":"2025-03-13T10:30:00","modified_gmt":"2025-03-13T14:30:00","slug":"poeles-au-bois-skye-e700-de-charnwood","status":"publish","type":"product","link":"https:\/\/staging.belleflamme.ca\/fr\/produit\/poeles-au-bois-skye-e700-de-charnwood\/","title":{"rendered":"Po\u00eale au Bois Skye E700 de Charnwood"},"content":{"rendered":"\t\t<div data-elementor-type=\"product-post\" data-elementor-id=\"47677\" class=\"elementor elementor-47677\" data-elementor-post-type=\"product\">\n\t\t\t\t\t\t<section class=\"elementor-section elementor-top-section elementor-element elementor-element-445bc93a elementor-section-boxed elementor-section-height-default elementor-section-height-default\" data-id=\"445bc93a\" data-element_type=\"section\">\n\t\t\t\t\t\t<div class=\"elementor-container elementor-column-gap-default\">\n\t\t\t\t\t<div class=\"elementor-column elementor-col-100 elementor-top-column elementor-element elementor-element-45babf1e\" data-id=\"45babf1e\" data-element_type=\"column\">\n\t\t\t<div class=\"elementor-widget-wrap elementor-element-populated\">\n\t\t\t\t\t\t<div class=\"elementor-element elementor-element-196e282a elementor-widget elementor-widget-text-editor\" data-id=\"196e282a\" data-element_type=\"widget\" data-widget_type=\"text-editor.default\">\n\t\t\t\t<div class=\"elementor-widget-container\">\n\t\t\t\t\t\t\t\t\t<p><iframe title=\"YouTube video player\" src=\"https:\/\/www.youtube.com\/embed\/_NMQCp3eong?si=s8AVvQPdY9Qf8SgQ\" width=\"560\" height=\"315\" frameborder=\"0\" allowfullscreen=\"allowfullscreen\"><\/iframe><\/p><h3>PO\u00caLE \u00c0 COMBUSTION INTELLIGENTE<\/h3><p>L\u2019art de la combustion du bois au plus simple. Chargez, allumez et profitez de la flamme pendant que votre po\u00eale s\u2019occupe du reste.<\/p><p>Le Skye E700 est le nouveau po\u00eale intelligent de Charnwood. Avec sa technologie r\u00e9volutionnaire il est sur le point de r\u00e9volutionner la fa\u00e7on dont nous br\u00fblons le bois. Allumez le feu, fermez la porte et laissez le po\u00eale faire le reste. C\u2019est aussi simple que cela.<\/p><p>Ce po\u00eale utilise la technologie de combustion intelligente Charnwood I-Blu qui surveille en permanence la qualit\u00e9 de la combustion et optimise l\u2019efficacit\u00e9 tout en r\u00e9duisant les \u00e9missions gr\u00e2ce \u00e0 des ajustements en temps r\u00e9el. L\u2019air est introduit en quantit\u00e9 optimale, l\u00e0 o\u00f9 il faut et toujours au bon moment pour assurer une combustion optimis\u00e9e extr\u00eamement efficace et propre. Respectueux de l\u2019environnement, \u00e9conome en bois, il vous offre en plus une exceptionnelle vision de la flamme. Il est \u00e9galement labellis\u00e9 Flamme Verte, ce qui vous garantit un po\u00eale \u00e0 bois performant et de grande qualit\u00e9.<\/p><p>Le Skye E700 est fabriqu\u00e9 en Angleterre par Charnwood, une entreprise familiale qui con\u00e7oit et fabrique des po\u00eales \u00e0 bois sur l\u2019\u00eele de Wight depuis plus de 50 ans. Charnwood est r\u00e9put\u00e9 pour \u00eatre le premier fabricant de po\u00eales du Royaume-Uni, \u00e0 l\u2019avant-garde de la conception de po\u00eales et de l\u2019innovation en mati\u00e8re de combustion plus propre depuis 1972.<\/p><h3>Un po\u00eale \u00e0 r\u00e9gulation automatique parmi les plus respectueux de l&#8217;environnement<\/h3><p>Ce po\u00eale automatique a \u00e9t\u00e9 test\u00e9 par un laboratoire ind\u00e9pendant, vous garantissant des performances exceptionnelles. Le rendement tr\u00e8s \u00e9lev\u00e9 du po\u00eale vous permet d\u2019\u00e9conomiser en consommant moins de bois. Gr\u00e2ce \u00e0 sa r\u00e9gulation automatique et sa combustion optimis\u00e9e, il est aussi tr\u00e8s respectueux de l\u2019environnement en \u00e9mettant tr\u00e8s peu de particules fines. Il va bien au-del\u00e0 des exigences Eco Design 2022 d\u00e9j\u00e0 tr\u00e8s contraignantes. Il est \u00e9galement labellis\u00e9\u00a0Flamme Verte 7 \u00e9toiles. Avec le label\u00a0Flamme Verte, les performances annonc\u00e9es par les fabricants sont v\u00e9rifi\u00e9es lors de pr\u00e9l\u00e8vements de contr\u00f4le al\u00e9atoires r\u00e9alis\u00e9s par des laboratoires ind\u00e9pendants accr\u00e9dit\u00e9s.<\/p><div class=\"card-header\"><h3 class=\"card-link m-0\">Caract\u00e9ristiques<\/h3><\/div><div id=\"collapse-1\" class=\"collapse show\" data-parent=\"#accordion\"><div class=\"card-body pt-0\"><div class=\"row\"><div class=\"col-12 accordion_text\"><ul><li>Application Charnwood E-controller intuitive pour piloter le po\u00eale automatiquement<\/li><li>Flamme Verte 7 \u00e9toiles<\/li><li>Syst\u00e8me brevet\u00e9 I-Blu pour une r\u00e9gulation automatique de l\u2019arriv\u00e9e d\u2019air<\/li><li>Poign\u00e9e froide pour un rechargement et un d\u00e9cendrage en toute s\u00e9curit\u00e9<\/li><li>D\u00e9flecteur d\u00e9tachable pour ramoner la chemin\u00e9e par l\u2019int\u00e9rieur du po\u00eale<\/li><li>Buse de sortie int\u00e9gr\u00e9e pour un raccordement simple et discret<\/li><li>Balayage vitre propre<\/li><li>Garanti 10 ans<\/li><\/ul><div class=\"card-header\"><h3 class=\"card-link m-0\">Puissance et Mat\u00e9riaux<\/h3><\/div><div id=\"collapse-2\" class=\"collapse show\" data-parent=\"#accordion\"><div class=\"card-body pt-0\"><div class=\"row\"><div class=\"col-12 accordion_text\"><p>Puissance \u2013 7.4kW<\/p><p>Mat\u00e9riaux \u2013 Acier, Fonte, Briques R\u00e9fractaires, Vitre C\u00e9ramique<\/p><div class=\"card-header\"><h3 class=\"card-link m-0\">Options de personnalisation<\/h3><\/div><div id=\"collapse-3\" class=\"collapse show\" data-parent=\"#accordion\"><div class=\"card-body pt-0\"><div class=\"row\"><div class=\"col-12 accordion_text\"><ul><li>Adaptateur Vertical Arri\u00e8re<\/li><li>Sur socle bas ou sur b\u00fbcher<\/li><li>Choix de 2 Coloris<\/li><\/ul><p><img fetchpriority=\"high\" decoding=\"async\" class=\"alignnone size-full wp-image-47687\" src=\"https:\/\/www.belleflamme.ca\/wp-content\/uploads\/2024\/12\/2024-12-13-11_51_19-skyee700d.pdf.png\" alt=\"\" width=\"624\" height=\"415\" srcset=\"https:\/\/staging.belleflamme.ca\/wp-content\/uploads\/2024\/12\/2024-12-13-11_51_19-skyee700d.pdf.png 624w, https:\/\/staging.belleflamme.ca\/wp-content\/uploads\/2024\/12\/2024-12-13-11_51_19-skyee700d.pdf-300x200.png 300w\" sizes=\"(max-width: 624px) 100vw, 624px\" \/><\/p><\/div><\/div><\/div><\/div><\/div><\/div><\/div><\/div><\/div><\/div><\/div><\/div>\t\t\t\t\t\t\t\t<\/div>\n\t\t\t\t<\/div>\n\t\t\t\t\t<\/div>\n\t\t<\/div>\n\t\t\t\t\t<\/div>\n\t\t<\/section>\n\t\t\t\t<section class=\"elementor-section elementor-top-section elementor-element elementor-element-a6f274e elementor-section-boxed elementor-section-height-default elementor-section-height-default\" data-id=\"a6f274e\" data-element_type=\"section\">\n\t\t\t\t\t\t<div class=\"elementor-container elementor-column-gap-default\">\n\t\t\t\t\t<div class=\"elementor-column elementor-col-100 elementor-top-column elementor-element elementor-element-319fa2b\" data-id=\"319fa2b\" data-element_type=\"column\">\n\t\t\t<div class=\"elementor-widget-wrap elementor-element-populated\">\n\t\t\t\t\t\t<div class=\"elementor-element elementor-element-d0663c2 elementor-tabs-view-horizontal elementor-widget elementor-widget-tabs\" data-id=\"d0663c2\" data-element_type=\"widget\" data-widget_type=\"tabs.default\">\n\t\t\t\t<div class=\"elementor-widget-container\">\n\t\t\t\t\t\t\t<div class=\"elementor-tabs\">\n\t\t\t<div class=\"elementor-tabs-wrapper\" role=\"tablist\" >\n\t\t\t\t\t\t\t\t\t<div id=\"elementor-tab-title-2181\" class=\"elementor-tab-title elementor-tab-desktop-title\" aria-selected=\"true\" data-tab=\"1\" role=\"tab\" tabindex=\"0\" aria-controls=\"elementor-tab-content-2181\" aria-expanded=\"false\">Fichiers<\/div>\n\t\t\t\t\t\t\t<\/div>\n\t\t\t<div class=\"elementor-tabs-content-wrapper\" role=\"tablist\" aria-orientation=\"vertical\">\n\t\t\t\t\t\t\t\t\t<div class=\"elementor-tab-title elementor-tab-mobile-title\" aria-selected=\"true\" data-tab=\"1\" role=\"tab\" tabindex=\"0\" aria-controls=\"elementor-tab-content-2181\" aria-expanded=\"false\">Fichiers<\/div>\n\t\t\t\t\t<div id=\"elementor-tab-content-2181\" class=\"elementor-tab-content elementor-clearfix\" data-tab=\"1\" role=\"tabpanel\" aria-labelledby=\"elementor-tab-title-2181\" tabindex=\"0\" hidden=\"false\"><i class=\"far fa-file-pdf fa-xl\" style=\"font-size:35px\"><\/i><a href=\"https:\/\/www.belleflamme.ca\/wp-content\/uploads\/2024\/12\/skye-e700-D.pdf\"> Instructions<\/a><\/br>\n<i class=\"far fa-file-pdf fa-xl\" style=\"font-size:35px\"><\/i><a href=\"https:\/\/www.belleflamme.ca\/wp-content\/uploads\/2024\/12\/skyee700d.pdf\"> Sp\u00e9cifications<\/a><\/br><\/div>\n\t\t\t\t\t\t\t<\/div>\n\t\t<\/div>\n\t\t\t\t\t\t<\/div>\n\t\t\t\t<\/div>\n\t\t\t\t\t<\/div>\n\t\t<\/div>\n\t\t\t\t\t<\/div>\n\t\t<\/section>\n\t\t\t\t<\/div>\n\t\t","protected":false},"excerpt":{"rendered":"<p>PO\u00caLE \u00c0 COMBUSTION INTELLIGENTE L\u2019art de la combustion du bois au plus simple. Chargez, allumez et profitez de la flamme pendant que votre po\u00eale s\u2019occupe du reste. Le Skye E700 est le nouveau po\u00eale intelligent de Charnwood. Avec sa technologie r\u00e9volutionnaire il est sur le point de r\u00e9volutionner la fa\u00e7on dont nous br\u00fblons le bois. [&hellip;]<\/p>\n","protected":false},"featured_media":47678,"template":"","meta":{"inline_featured_image":false},"product_brand":[1989],"product_cat":[197,33,34],"product_tag":[],"class_list":{"0":"post-47677","1":"product","2":"type-product","3":"status-publish","4":"has-post-thumbnail","6":"product_brand-charnwood","7":"product_cat-poele-au-bois","8":"product_cat-poeles-et-foyers","9":"product_cat-poeles-et-foyers-au-bois","11":"first","12":"instock","13":"taxable","14":"shipping-taxable","15":"purchasable","16":"product-type-variable"},"yoast_head":"<!-- This site is optimized with the Yoast SEO Premium plugin v24.2 (Yoast SEO v24.2) - https:\/\/yoast.com\/wordpress\/plugins\/seo\/ -->\n<title>Po\u00eale au Bois Skye E700 de Charnwood - Groupe BelleFlamme<\/title>\n<meta name=\"description\" content=\"Po\u00eale au Bois Skye E700 de Charnwood vendu et install\u00e9 par le Groupe Belleflamme. Laval, Montr\u00e9al, Gatineau et Saint-Sauveur.\" \/>\n<meta name=\"robots\" content=\"index, follow, max-snippet:-1, max-image-preview:large, max-video-preview:-1\" \/>\n<link rel=\"canonical\" href=\"https:\/\/staging.belleflamme.ca\/fr\/produit\/poeles-au-bois-skye-e700-de-charnwood\/\" \/>\n<meta property=\"og:locale\" content=\"fr_FR\" \/>\n<meta property=\"og:type\" content=\"article\" \/>\n<meta property=\"og:title\" content=\"Po\u00eale au Bois Skye E700 de Charnwood\" \/>\n<meta property=\"og:description\" content=\"Po\u00eale au Bois Skye E700 de Charnwood vendu et install\u00e9 par le Groupe Belleflamme. Laval, Montr\u00e9al, Gatineau et Saint-Sauveur.\" \/>\n<meta property=\"og:url\" content=\"https:\/\/staging.belleflamme.ca\/fr\/produit\/poeles-au-bois-skye-e700-de-charnwood\/\" \/>\n<meta property=\"og:site_name\" content=\"Groupe BelleFlamme\" \/>\n<meta property=\"article:publisher\" content=\"https:\/\/www.facebook.com\/belleflamme.ca\/\" \/>\n<meta property=\"article:modified_time\" content=\"2025-03-13T14:30:00+00:00\" \/>\n<meta property=\"og:image\" content=\"https:\/\/www.belleflamme.ca\/wp-content\/uploads\/2024\/12\/Poele-au-Bois-Skye-E700-de-Charnwood.webp\" \/>\n\t<meta property=\"og:image:width\" content=\"600\" \/>\n\t<meta property=\"og:image:height\" content=\"600\" \/>\n\t<meta property=\"og:image:type\" content=\"image\/webp\" \/>\n<meta name=\"twitter:card\" content=\"summary_large_image\" \/>\n<meta name=\"twitter:label1\" content=\"Disponibilit\u00e9\" \/>\n\t<meta name=\"twitter:data1\" content=\"En stock\" \/>\n<script type=\"application\/ld+json\" class=\"yoast-schema-graph\">{\"@context\":\"https:\/\/schema.org\",\"@graph\":[{\"@type\":[\"WebPage\",\"ItemPage\"],\"@id\":\"https:\/\/staging.belleflamme.ca\/fr\/produit\/poeles-au-bois-skye-e700-de-charnwood\/\",\"url\":\"https:\/\/staging.belleflamme.ca\/fr\/produit\/poeles-au-bois-skye-e700-de-charnwood\/\",\"name\":\"Po\u00eale au Bois Skye E700 de Charnwood - Groupe BelleFlamme\",\"isPartOf\":{\"@id\":\"https:\/\/www.belleflamme.ca\/fr\/#website\"},\"primaryImageOfPage\":{\"@id\":\"https:\/\/staging.belleflamme.ca\/fr\/produit\/poeles-au-bois-skye-e700-de-charnwood\/#primaryimage\"},\"image\":{\"@id\":\"https:\/\/staging.belleflamme.ca\/fr\/produit\/poeles-au-bois-skye-e700-de-charnwood\/#primaryimage\"},\"thumbnailUrl\":\"https:\/\/staging.belleflamme.ca\/wp-content\/uploads\/2024\/12\/Poele-au-Bois-Skye-E700-de-Charnwood.webp\",\"datePublished\":\"2024-12-13T16:45:39+00:00\",\"dateModified\":\"2025-03-13T14:30:00+00:00\",\"description\":\"Po\u00eale au Bois Skye E700 de Charnwood vendu et install\u00e9 par le Groupe Belleflamme. Laval, Montr\u00e9al, Gatineau et Saint-Sauveur.\",\"breadcrumb\":{\"@id\":\"https:\/\/staging.belleflamme.ca\/fr\/produit\/poeles-au-bois-skye-e700-de-charnwood\/#breadcrumb\"},\"inLanguage\":\"fr-FR\",\"potentialAction\":[{\"@type\":\"ReadAction\",\"target\":[\"https:\/\/staging.belleflamme.ca\/fr\/produit\/poeles-au-bois-skye-e700-de-charnwood\/\"]}]},{\"@type\":\"ImageObject\",\"inLanguage\":\"fr-FR\",\"@id\":\"https:\/\/staging.belleflamme.ca\/fr\/produit\/poeles-au-bois-skye-e700-de-charnwood\/#primaryimage\",\"url\":\"https:\/\/staging.belleflamme.ca\/wp-content\/uploads\/2024\/12\/Poele-au-Bois-Skye-E700-de-Charnwood.webp\",\"contentUrl\":\"https:\/\/staging.belleflamme.ca\/wp-content\/uploads\/2024\/12\/Poele-au-Bois-Skye-E700-de-Charnwood.webp\",\"width\":600,\"height\":600,\"caption\":\"Po\u00eale au Bois Skye E700 de Charnwood\"},{\"@type\":\"BreadcrumbList\",\"@id\":\"https:\/\/staging.belleflamme.ca\/fr\/produit\/poeles-au-bois-skye-e700-de-charnwood\/#breadcrumb\",\"itemListElement\":[{\"@type\":\"ListItem\",\"position\":1,\"name\":\"Accueil\",\"item\":\"https:\/\/www.belleflamme.ca\/fr\/\"},{\"@type\":\"ListItem\",\"position\":2,\"name\":\"Boutique\",\"item\":\"https:\/\/www.belleflamme.ca\/fr\/boutique\/\"},{\"@type\":\"ListItem\",\"position\":3,\"name\":\"Po\u00eales &amp; Foyers\",\"item\":\"https:\/\/staging.belleflamme.ca\/fr\/categories\/poeles-et-foyers\/\"},{\"@type\":\"ListItem\",\"position\":4,\"name\":\"Po\u00eales &amp; Foyers au Bois\",\"item\":\"https:\/\/staging.belleflamme.ca\/fr\/categories\/poeles-et-foyers\/poeles-et-foyers-au-bois\/\"},{\"@type\":\"ListItem\",\"position\":5,\"name\":\"Po\u00eale au Bois\",\"item\":\"https:\/\/staging.belleflamme.ca\/fr\/categories\/poeles-et-foyers\/poeles-et-foyers-au-bois\/poele-au-bois\/\"},{\"@type\":\"ListItem\",\"position\":6,\"name\":\"Po\u00eale au Bois Skye E700 de Charnwood\"}]},{\"@type\":\"WebSite\",\"@id\":\"https:\/\/www.belleflamme.ca\/fr\/#website\",\"url\":\"https:\/\/www.belleflamme.ca\/fr\/\",\"name\":\"Groupe Belleflamme\",\"description\":\"La m\u00e9canique du b\u00e2timent dans le sang.\",\"publisher\":{\"@id\":\"https:\/\/www.belleflamme.ca\/fr\/#organization\"},\"potentialAction\":[{\"@type\":\"SearchAction\",\"target\":{\"@type\":\"EntryPoint\",\"urlTemplate\":\"https:\/\/www.belleflamme.ca\/fr\/?s={search_term_string}\"},\"query-input\":{\"@type\":\"PropertyValueSpecification\",\"valueRequired\":true,\"valueName\":\"search_term_string\"}}],\"inLanguage\":\"fr-FR\"},{\"@type\":[\"Organization\",\"Place\"],\"@id\":\"https:\/\/www.belleflamme.ca\/fr\/#organization\",\"name\":\"Groupe Belleflamme\",\"alternateName\":\"Belleflamme\",\"url\":\"https:\/\/www.belleflamme.ca\/fr\/\",\"logo\":{\"@type\":\"ImageObject\",\"inLanguage\":\"fr-FR\",\"@id\":\"https:\/\/www.belleflamme.ca\/fr\/#\/schema\/logo\/image\/\",\"url\":\"https:\/\/staging.belleflamme.ca\/wp-content\/uploads\/2023\/01\/og-image.jpg\",\"contentUrl\":\"https:\/\/staging.belleflamme.ca\/wp-content\/uploads\/2023\/01\/og-image.jpg\",\"width\":1200,\"height\":630,\"caption\":\"Groupe Belleflamme\"},\"image\":{\"@id\":\"https:\/\/www.belleflamme.ca\/fr\/#\/schema\/logo\/image\/\"},\"sameAs\":[\"https:\/\/www.facebook.com\/belleflamme.ca\/\",\"https:\/\/www.linkedin.com\/company\/belleflamme\/\",\"https:\/\/www.pinterest.ca\/groupebelleflamme\/\",\"https:\/\/www.instagram.com\/legroupebelleflamme\/\"],\"mainEntityOfPage\":{\"@id\":\"https:\/\/staging.belleflamme.ca\/fr\/produit\/poeles-au-bois-skye-e700-de-charnwood\/\"}}]}<\/script>\n<meta property=\"product:brand\" content=\"Charnwood\" \/>\n<meta property=\"og:availability\" content=\"instock\" \/>\n<meta property=\"product:availability\" content=\"instock\" \/>\n<meta property=\"product:condition\" content=\"new\" \/>\n<!-- \/ Yoast SEO Premium plugin. -->","yoast_head_json":{"title":"Po\u00eale au Bois Skye E700 de Charnwood - Groupe BelleFlamme","description":"Po\u00eale au Bois Skye E700 de Charnwood vendu et install\u00e9 par le Groupe Belleflamme. Laval, Montr\u00e9al, Gatineau et Saint-Sauveur.","robots":{"index":"index","follow":"follow","max-snippet":"max-snippet:-1","max-image-preview":"max-image-preview:large","max-video-preview":"max-video-preview:-1"},"canonical":"https:\/\/staging.belleflamme.ca\/fr\/produit\/poeles-au-bois-skye-e700-de-charnwood\/","og_locale":"fr_FR","og_type":"article","og_title":"Po\u00eale au Bois Skye E700 de Charnwood","og_description":"Po\u00eale au Bois Skye E700 de Charnwood vendu et install\u00e9 par le Groupe Belleflamme. Laval, Montr\u00e9al, Gatineau et Saint-Sauveur.","og_url":"https:\/\/staging.belleflamme.ca\/fr\/produit\/poeles-au-bois-skye-e700-de-charnwood\/","og_site_name":"Groupe BelleFlamme","article_publisher":"https:\/\/www.facebook.com\/belleflamme.ca\/","article_modified_time":"2025-03-13T14:30:00+00:00","og_image":[{"width":600,"height":600,"url":"https:\/\/www.belleflamme.ca\/wp-content\/uploads\/2024\/12\/Poele-au-Bois-Skye-E700-de-Charnwood.webp","type":"image\/webp"}],"twitter_card":"summary_large_image","twitter_misc":{"Disponibilit\u00e9":"En stock"},"schema":{"@context":"https:\/\/schema.org","@graph":[{"@type":["WebPage","ItemPage"],"@id":"https:\/\/staging.belleflamme.ca\/fr\/produit\/poeles-au-bois-skye-e700-de-charnwood\/","url":"https:\/\/staging.belleflamme.ca\/fr\/produit\/poeles-au-bois-skye-e700-de-charnwood\/","name":"Po\u00eale au Bois Skye E700 de Charnwood - Groupe BelleFlamme","isPartOf":{"@id":"https:\/\/www.belleflamme.ca\/fr\/#website"},"primaryImageOfPage":{"@id":"https:\/\/staging.belleflamme.ca\/fr\/produit\/poeles-au-bois-skye-e700-de-charnwood\/#primaryimage"},"image":{"@id":"https:\/\/staging.belleflamme.ca\/fr\/produit\/poeles-au-bois-skye-e700-de-charnwood\/#primaryimage"},"thumbnailUrl":"https:\/\/staging.belleflamme.ca\/wp-content\/uploads\/2024\/12\/Poele-au-Bois-Skye-E700-de-Charnwood.webp","datePublished":"2024-12-13T16:45:39+00:00","dateModified":"2025-03-13T14:30:00+00:00","description":"Po\u00eale au Bois Skye E700 de Charnwood vendu et install\u00e9 par le Groupe Belleflamme. Laval, Montr\u00e9al, Gatineau et Saint-Sauveur.","breadcrumb":{"@id":"https:\/\/staging.belleflamme.ca\/fr\/produit\/poeles-au-bois-skye-e700-de-charnwood\/#breadcrumb"},"inLanguage":"fr-FR","potentialAction":[{"@type":"ReadAction","target":["https:\/\/staging.belleflamme.ca\/fr\/produit\/poeles-au-bois-skye-e700-de-charnwood\/"]}]},{"@type":"ImageObject","inLanguage":"fr-FR","@id":"https:\/\/staging.belleflamme.ca\/fr\/produit\/poeles-au-bois-skye-e700-de-charnwood\/#primaryimage","url":"https:\/\/staging.belleflamme.ca\/wp-content\/uploads\/2024\/12\/Poele-au-Bois-Skye-E700-de-Charnwood.webp","contentUrl":"https:\/\/staging.belleflamme.ca\/wp-content\/uploads\/2024\/12\/Poele-au-Bois-Skye-E700-de-Charnwood.webp","width":600,"height":600,"caption":"Po\u00eale au Bois Skye E700 de Charnwood"},{"@type":"BreadcrumbList","@id":"https:\/\/staging.belleflamme.ca\/fr\/produit\/poeles-au-bois-skye-e700-de-charnwood\/#breadcrumb","itemListElement":[{"@type":"ListItem","position":1,"name":"Accueil","item":"https:\/\/www.belleflamme.ca\/fr\/"},{"@type":"ListItem","position":2,"name":"Boutique","item":"https:\/\/www.belleflamme.ca\/fr\/boutique\/"},{"@type":"ListItem","position":3,"name":"Po\u00eales &amp; Foyers","item":"https:\/\/staging.belleflamme.ca\/fr\/categories\/poeles-et-foyers\/"},{"@type":"ListItem","position":4,"name":"Po\u00eales &amp; Foyers au Bois","item":"https:\/\/staging.belleflamme.ca\/fr\/categories\/poeles-et-foyers\/poeles-et-foyers-au-bois\/"},{"@type":"ListItem","position":5,"name":"Po\u00eale au Bois","item":"https:\/\/staging.belleflamme.ca\/fr\/categories\/poeles-et-foyers\/poeles-et-foyers-au-bois\/poele-au-bois\/"},{"@type":"ListItem","position":6,"name":"Po\u00eale au Bois Skye E700 de Charnwood"}]},{"@type":"WebSite","@id":"https:\/\/www.belleflamme.ca\/fr\/#website","url":"https:\/\/www.belleflamme.ca\/fr\/","name":"Groupe Belleflamme","description":"La m\u00e9canique du b\u00e2timent dans le sang.","publisher":{"@id":"https:\/\/www.belleflamme.ca\/fr\/#organization"},"potentialAction":[{"@type":"SearchAction","target":{"@type":"EntryPoint","urlTemplate":"https:\/\/www.belleflamme.ca\/fr\/?s={search_term_string}"},"query-input":{"@type":"PropertyValueSpecification","valueRequired":true,"valueName":"search_term_string"}}],"inLanguage":"fr-FR"},{"@type":["Organization","Place"],"@id":"https:\/\/www.belleflamme.ca\/fr\/#organization","name":"Groupe Belleflamme","alternateName":"Belleflamme","url":"https:\/\/www.belleflamme.ca\/fr\/","logo":{"@type":"ImageObject","inLanguage":"fr-FR","@id":"https:\/\/www.belleflamme.ca\/fr\/#\/schema\/logo\/image\/","url":"https:\/\/staging.belleflamme.ca\/wp-content\/uploads\/2023\/01\/og-image.jpg","contentUrl":"https:\/\/staging.belleflamme.ca\/wp-content\/uploads\/2023\/01\/og-image.jpg","width":1200,"height":630,"caption":"Groupe Belleflamme"},"image":{"@id":"https:\/\/www.belleflamme.ca\/fr\/#\/schema\/logo\/image\/"},"sameAs":["https:\/\/www.facebook.com\/belleflamme.ca\/","https:\/\/www.linkedin.com\/company\/belleflamme\/","https:\/\/www.pinterest.ca\/groupebelleflamme\/","https:\/\/www.instagram.com\/legroupebelleflamme\/"],"mainEntityOfPage":{"@id":"https:\/\/staging.belleflamme.ca\/fr\/produit\/poeles-au-bois-skye-e700-de-charnwood\/"}}]},"product_brand":"Charnwood","og_availability":"instock","product_availability":"instock","product_condition":"new"},"_links":{"self":[{"href":"https:\/\/staging.belleflamme.ca\/fr\/wp-json\/wp\/v2\/product\/47677","targetHints":{"allow":["GET"]}}],"collection":[{"href":"https:\/\/staging.belleflamme.ca\/fr\/wp-json\/wp\/v2\/product"}],"about":[{"href":"https:\/\/staging.belleflamme.ca\/fr\/wp-json\/wp\/v2\/types\/product"}],"version-history":[{"count":8,"href":"https:\/\/staging.belleflamme.ca\/fr\/wp-json\/wp\/v2\/product\/47677\/revisions"}],"predecessor-version":[{"id":47737,"href":"https:\/\/staging.belleflamme.ca\/fr\/wp-json\/wp\/v2\/product\/47677\/revisions\/47737"}],"wp:featuredmedia":[{"embeddable":true,"href":"https:\/\/staging.belleflamme.ca\/fr\/wp-json\/wp\/v2\/media\/47678"}],"wp:attachment":[{"href":"https:\/\/staging.belleflamme.ca\/fr\/wp-json\/wp\/v2\/media?parent=47677"}],"wp:term":[{"taxonomy":"product_brand","embeddable":true,"href":"https:\/\/staging.belleflamme.ca\/fr\/wp-json\/wp\/v2\/product_brand?post=47677"},{"taxonomy":"product_cat","embeddable":true,"href":"https:\/\/staging.belleflamme.ca\/fr\/wp-json\/wp\/v2\/product_cat?post=47677"},{"taxonomy":"product_tag","embeddable":true,"href":"https:\/\/staging.belleflamme.ca\/fr\/wp-json\/wp\/v2\/product_tag?post=47677"}],"curies":[{"name":"wp","href":"https:\/\/api.w.org\/{rel}","templated":true}]}}