{"id":47648,"date":"2024-12-13T10:24:34","date_gmt":"2024-12-13T15:24:34","guid":{"rendered":"https:\/\/www.belleflamme.ca\/?post_type=product&#038;p=47648"},"modified":"2024-12-19T07:47:34","modified_gmt":"2024-12-19T12:47:34","slug":"foyer-electrique-greensmart-59-de-davinci","status":"publish","type":"product","link":"https:\/\/staging.belleflamme.ca\/fr\/produit\/foyer-electrique-greensmart-59-de-davinci\/","title":{"rendered":"Foyer \u00c9lectrique GreenSmart 59 de DaVinci"},"content":{"rendered":"\t\t<div data-elementor-type=\"product-post\" data-elementor-id=\"47648\" class=\"elementor elementor-47648\" data-elementor-post-type=\"product\">\n\t\t\t\t\t\t<section class=\"elementor-section elementor-top-section elementor-element elementor-element-609aa989 elementor-section-boxed elementor-section-height-default elementor-section-height-default\" data-id=\"609aa989\" data-element_type=\"section\">\n\t\t\t\t\t\t<div class=\"elementor-container elementor-column-gap-default\">\n\t\t\t\t\t<div class=\"elementor-column elementor-col-100 elementor-top-column elementor-element elementor-element-7049ff59\" data-id=\"7049ff59\" data-element_type=\"column\">\n\t\t\t<div class=\"elementor-widget-wrap elementor-element-populated\">\n\t\t\t\t\t\t<div class=\"elementor-element elementor-element-1fdea6dc elementor-widget elementor-widget-text-editor\" data-id=\"1fdea6dc\" data-element_type=\"widget\" data-widget_type=\"text-editor.default\">\n\t\t\t\t<div class=\"elementor-widget-container\">\n\t\t\t\t\t\t\t\t\t<div style=\"padding: 56.25% 0 0 0; position: relative;\"><iframe style=\"position: absolute; top: 0; left: 0; width: 100%; height: 100%;\" title=\"DaVinci GreenSmart Electric Fireplaces\" src=\"https:\/\/player.vimeo.com\/video\/990318005?badge=0&amp;autopause=0&amp;player_id=0&amp;app_id=58479\" frameborder=\"0\" data-ready=\"true\"><\/iframe>F<\/div><div>\u00a0<\/div><div><h3>Foyer \u00c9lectrique GreenSmart <sup>\u00a0<\/sup><span data-fusion-font=\"true\">de DaVinci Custom Fireplaces\u00a0<\/span><sup><span data-fusion-font=\"true\"><br \/><\/span><\/sup><b style=\"font-size: 16px;\"><i>Le summum des foyers \u00e9lectriques de luxe, holographiques et \u00e0 z\u00e9ro \u00e9mission.<\/i><\/b><\/h3><p>D\u00e9couvrez l&#8217;\u00a0innovation ultime en mati\u00e8re de foyers \u00e9lectriques holographiques avec nos\u00a0foyers \u00e9lectriques DaVinci GreenSmart\u2122, o\u00f9 le luxe se marie harmonieusement \u00e0\u00a0la technologie.<\/p><p>Profitez de flammes ultra-r\u00e9alistes qui prennent vie gr\u00e2ce au\u00a0reflet de flammes tridimensionnelles sur et autour\u00a0de nos b\u00fbches haute d\u00e9finition, cr\u00e9ant une\u00a0exp\u00e9rience visuelle in\u00e9gal\u00e9e.<\/p><p>Prenez le contr\u00f4le total de votre foyer avec des fonctionnalit\u00e9s intelligentes\u00a0via notre application GreenSmart\u2122, notre t\u00e9l\u00e9commande ou notre commande vocale,\u00a0vous permettant de personnaliser le style, les couleurs et\u00a0la hauteur des flammes, y compris les commandes des b\u00fbches incandescentes et\u00a0du lit de combustible vivant.<\/p><p>Gr\u00e2ce \u00e0 une puissance de chauffage r\u00e9glable, vous pouvez ajouter de la chaleur lors\u00a0des journ\u00e9es fra\u00eeches ou profiter d&#8217;un spectacle de flammes captivant sans\u00a0chaleur pour en profiter toute l&#8217;ann\u00e9e.<\/p><p>Une installation sans effort, une \u00e9l\u00e9gance polyvalente et une\u00a0exp\u00e9rience sensorielle unique font de nos foyers \u00e9lectriques GreenSmart\u00a0\u2122 la quintessence de l\u2019efficacit\u00e9 et\u00a0de la sophistication.<\/p><h3>Options de configuration<\/h3><p><strong>Simple Face<\/strong><\/p><p><img fetchpriority=\"high\" decoding=\"async\" class=\"alignnone size-full wp-image-47658\" src=\"https:\/\/www.belleflamme.ca\/wp-content\/uploads\/2024\/12\/DGSE_1Sided_Isolated_350.jpg\" alt=\"\" width=\"350\" height=\"199\" srcset=\"https:\/\/staging.belleflamme.ca\/wp-content\/uploads\/2024\/12\/DGSE_1Sided_Isolated_350.jpg 350w, https:\/\/staging.belleflamme.ca\/wp-content\/uploads\/2024\/12\/DGSE_1Sided_Isolated_350-300x171.jpg 300w\" sizes=\"(max-width: 350px) 100vw, 350px\" \/><\/p><p>S&#8217;adaptant \u00e0 n&#8217;importe quel espace de vie dans une large gamme d&#8217;applications, la configuration unilat\u00e9rale\u00a0vous offre la meilleure pr\u00e9sentation du feu par rapport \u00e0 n&#8217;importe quel autre de son genre.<\/p><p><strong>Coin droit ou gauche<\/strong><\/p><p><img decoding=\"async\" class=\"alignnone size-full wp-image-47656\" src=\"https:\/\/www.belleflamme.ca\/wp-content\/uploads\/2024\/12\/DGSE_RC_Isolated.jpg\" alt=\"\" width=\"350\" height=\"199\" srcset=\"https:\/\/staging.belleflamme.ca\/wp-content\/uploads\/2024\/12\/DGSE_RC_Isolated.jpg 350w, https:\/\/staging.belleflamme.ca\/wp-content\/uploads\/2024\/12\/DGSE_RC_Isolated-300x171.jpg 300w\" sizes=\"(max-width: 350px) 100vw, 350px\" \/> <img decoding=\"async\" class=\"alignnone size-full wp-image-47654\" src=\"https:\/\/www.belleflamme.ca\/wp-content\/uploads\/2024\/12\/DGSE_LC_Isolated.jpg\" alt=\"\" width=\"350\" height=\"199\" srcset=\"https:\/\/staging.belleflamme.ca\/wp-content\/uploads\/2024\/12\/DGSE_LC_Isolated.jpg 350w, https:\/\/staging.belleflamme.ca\/wp-content\/uploads\/2024\/12\/DGSE_LC_Isolated-300x171.jpg 300w\" sizes=\"(max-width: 350px) 100vw, 350px\" \/><\/p><p>Une configuration d&#8217;angle droit ou gauche est une pr\u00e9sentation de chemin\u00e9e unique qui non seulement enrichit l&#8217;exp\u00e9rience visuelle de la vue sur le feu, mais s&#8217;int\u00e8gre \u00e9galement parfaitement dans une myriade de contextes architecturaux.<\/p><p><strong>Baie<\/strong><\/p><p><img loading=\"lazy\" decoding=\"async\" class=\"alignnone size-full wp-image-47652\" src=\"https:\/\/www.belleflamme.ca\/wp-content\/uploads\/2024\/12\/DGSE_3Sided_Isolated.jpg\" alt=\"\" width=\"350\" height=\"199\" srcset=\"https:\/\/staging.belleflamme.ca\/wp-content\/uploads\/2024\/12\/DGSE_3Sided_Isolated.jpg 350w, https:\/\/staging.belleflamme.ca\/wp-content\/uploads\/2024\/12\/DGSE_3Sided_Isolated-300x171.jpg 300w\" sizes=\"(max-width: 350px) 100vw, 350px\" \/><\/p><p>Visible de trois c\u00f4t\u00e9s, le design de la Baie est une fen\u00eatre sur un ruban de belle flamme, attirant le regard et captivant son public.<\/p><p>Choisissez les options de couleur et l&#8217;intensit\u00e9 pour les b\u00fbches incandescentes vivantes, l&#8217;\u00e9clairage vers le bas,\u00a0le lit de combustible vivant, l&#8217;\u00e9clairage ambiant.<br \/><br \/>\u2022 Grandes b\u00fbches fendues haute d\u00e9finition<br \/>\u2022 Lit de combustible vivant en techniques mixtes tr\u00e8s d\u00e9taill\u00e9<br \/>\u2022 Plaque de chemin\u00e9e cannel\u00e9e<\/p><p><img loading=\"lazy\" decoding=\"async\" class=\"alignnone size-full wp-image-47661\" src=\"https:\/\/www.belleflamme.ca\/wp-content\/uploads\/2024\/12\/DGSE_LEDLighting.jpg\" alt=\"\" width=\"813\" height=\"472\" srcset=\"https:\/\/staging.belleflamme.ca\/wp-content\/uploads\/2024\/12\/DGSE_LEDLighting.jpg 813w, https:\/\/staging.belleflamme.ca\/wp-content\/uploads\/2024\/12\/DGSE_LEDLighting-300x174.jpg 300w, https:\/\/staging.belleflamme.ca\/wp-content\/uploads\/2024\/12\/DGSE_LEDLighting-768x446.jpg 768w\" sizes=\"(max-width: 813px) 100vw, 813px\" \/><\/p><div class=\"fusion-layout-column fusion_builder_column fusion-builder-column-76 fusion_builder_column_1_1 1_1 fusion-flex-column\"><div class=\"fusion-column-wrapper fusion-column-has-shadow fusion-flex-justify-content-flex-start fusion-content-layout-column\"><div class=\"fusion-text fusion-text-57\"><h3><span>Choix de la puissance de chauffage<\/span><\/h3><\/div><\/div><\/div><div class=\"fusion-layout-column fusion_builder_column fusion-builder-column-77 fusion_builder_column_1_1 1_1 fusion-flex-column\"><div class=\"fusion-column-wrapper fusion-column-has-shadow fusion-flex-justify-content-flex-start fusion-content-layout-column\"><div class=\"fusion-text fusion-text-58\"><p><span>120 V \u2013 4\u00a0800 BTU\/h<\/span><br \/><span>240 V \u2013 9\u00a0500 BTU\/h<\/span><\/p><\/div><\/div><\/div><div class=\"fusion-layout-column fusion_builder_column fusion-builder-column-78 fusion_builder_column_1_1 1_1 fusion-flex-column\"><div class=\"fusion-column-wrapper fusion-column-has-shadow fusion-flex-justify-content-flex-start fusion-content-layout-column\"><div class=\"fusion-text fusion-text-59\"><h3><span>Installation facile<\/span><\/h3><\/div><\/div><\/div><div class=\"fusion-layout-column fusion_builder_column fusion-builder-column-79 fusion_builder_column_1_1 1_1 fusion-flex-column\"><div class=\"fusion-column-wrapper fusion-column-has-shadow fusion-flex-justify-content-flex-start fusion-content-layout-column\"><div class=\"fusion-text fusion-text-60\"><p><span>Aucune restriction concernant les mat\u00e9riaux ou les d\u00e9gagements par rapport aux combustibles pour votre installation.<\/span><br \/><span>Vous pouvez installer votre syst\u00e8me pratiquement n&#8217;importe o\u00f9 sans ventilation requise.<\/span><\/p><\/div><\/div><\/div><div class=\"fusion-layout-column fusion_builder_column fusion-builder-column-80 fusion_builder_column_1_1 1_1 fusion-flex-column\"><div class=\"fusion-column-wrapper fusion-column-has-shadow fusion-flex-justify-content-flex-start fusion-content-layout-column\"><div class=\"fusion-text fusion-text-61\"><h3><span>Tranquillit\u00e9 d&#8217;esprit<\/span><\/h3><\/div><\/div><\/div><div class=\"fusion-layout-column fusion_builder_column fusion-builder-column-81 fusion_builder_column_1_1 1_1 fusion-flex-column\"><div class=\"fusion-column-wrapper fusion-column-has-shadow fusion-flex-justify-content-flex-start fusion-content-layout-column\"><div class=\"fusion-text fusion-text-62\"><p><span>Garantie de deux ans sur les pi\u00e8ces et la main d&#8217;\u0153uvre. Consultez\u00a0<\/span>le manuel du propri\u00e9taire<span>\u00a0pour plus de d\u00e9tails.<\/span><\/p><\/div><\/div><\/div><\/div>\t\t\t\t\t\t\t\t<\/div>\n\t\t\t\t<\/div>\n\t\t\t\t\t<\/div>\n\t\t<\/div>\n\t\t\t\t\t<\/div>\n\t\t<\/section>\n\t\t\t\t<section class=\"elementor-section elementor-top-section elementor-element elementor-element-31955c9 elementor-section-boxed elementor-section-height-default elementor-section-height-default\" data-id=\"31955c9\" data-element_type=\"section\">\n\t\t\t\t\t\t<div class=\"elementor-container elementor-column-gap-default\">\n\t\t\t\t\t<div class=\"elementor-column elementor-col-100 elementor-top-column elementor-element elementor-element-669dd26\" data-id=\"669dd26\" data-element_type=\"column\">\n\t\t\t<div class=\"elementor-widget-wrap elementor-element-populated\">\n\t\t\t\t\t\t<div class=\"elementor-element elementor-element-ffe26cd elementor-tabs-view-horizontal elementor-widget elementor-widget-tabs\" data-id=\"ffe26cd\" data-element_type=\"widget\" data-widget_type=\"tabs.default\">\n\t\t\t\t<div class=\"elementor-widget-container\">\n\t\t\t\t\t\t\t<div class=\"elementor-tabs\">\n\t\t\t<div class=\"elementor-tabs-wrapper\" role=\"tablist\" >\n\t\t\t\t\t\t\t\t\t<div id=\"elementor-tab-title-2681\" class=\"elementor-tab-title elementor-tab-desktop-title\" aria-selected=\"true\" data-tab=\"1\" role=\"tab\" tabindex=\"0\" aria-controls=\"elementor-tab-content-2681\" aria-expanded=\"false\">Fichiers<\/div>\n\t\t\t\t\t\t\t<\/div>\n\t\t\t<div class=\"elementor-tabs-content-wrapper\" role=\"tablist\" aria-orientation=\"vertical\">\n\t\t\t\t\t\t\t\t\t<div class=\"elementor-tab-title elementor-tab-mobile-title\" aria-selected=\"true\" data-tab=\"1\" role=\"tab\" tabindex=\"0\" aria-controls=\"elementor-tab-content-2681\" aria-expanded=\"false\">Fichiers<\/div>\n\t\t\t\t\t<div id=\"elementor-tab-content-2681\" class=\"elementor-tab-content elementor-clearfix\" data-tab=\"1\" role=\"tabpanel\" aria-labelledby=\"elementor-tab-title-2681\" tabindex=\"0\" hidden=\"false\"><i class=\"far fa-file-pdf fa-xl\" style=\"font-size:35px\"><\/i><a href=\"https:\/\/www.belleflamme.ca\/wp-content\/uploads\/2024\/12\/100-01597.pdf\"> Manuel<\/a><\/br><\/div>\n\t\t\t\t\t\t\t<\/div>\n\t\t<\/div>\n\t\t\t\t\t\t<\/div>\n\t\t\t\t<\/div>\n\t\t\t\t\t<\/div>\n\t\t<\/div>\n\t\t\t\t\t<\/div>\n\t\t<\/section>\n\t\t\t\t<\/div>\n\t\t","protected":false},"excerpt":{"rendered":"<p>F Foyer \u00c9lectrique GreenSmart \u00a0de DaVinci Custom Fireplaces\u00a0 Le summum des foyers \u00e9lectriques de luxe, holographiques et \u00e0 z\u00e9ro \u00e9mission. D\u00e9couvrez l&#8217;\u00a0innovation ultime en mati\u00e8re de foyers \u00e9lectriques holographiques avec nos\u00a0foyers \u00e9lectriques DaVinci GreenSmart\u2122, o\u00f9 le luxe se marie harmonieusement \u00e0\u00a0la technologie. Profitez de flammes ultra-r\u00e9alistes qui prennent vie gr\u00e2ce au\u00a0reflet de flammes tridimensionnelles sur [&hellip;]<\/p>\n","protected":false},"featured_media":47649,"template":"","meta":{"inline_featured_image":false},"product_brand":[243],"product_cat":[240,241,33],"product_tag":[],"class_list":{"0":"post-47648","1":"product","2":"type-product","3":"status-publish","4":"has-post-thumbnail","6":"product_brand-davinci","7":"product_cat-foyer-electrique","8":"product_cat-poele-foyer-electrique","9":"product_cat-poeles-et-foyers","11":"first","12":"instock","13":"taxable","14":"shipping-taxable","15":"purchasable","16":"product-type-simple"},"yoast_head":"<!-- This site is optimized with the Yoast SEO Premium plugin v24.2 (Yoast SEO v24.2) - https:\/\/yoast.com\/wordpress\/plugins\/seo\/ -->\n<title>Foyer \u00c9lectrique GreenSmart 59 de DaVinci - Groupe BelleFlamme<\/title>\n<meta name=\"description\" content=\"Foyer \u00c9lectrique GreenSmart 59 de DaVinci vendu et install\u00e9 par le Groupe Belleflamme. Laval, Montr\u00e9al, Gatineau et Saint-Sauveur.\" \/>\n<meta name=\"robots\" content=\"index, follow, max-snippet:-1, max-image-preview:large, max-video-preview:-1\" \/>\n<link rel=\"canonical\" href=\"https:\/\/staging.belleflamme.ca\/fr\/produit\/foyer-electrique-greensmart-59-de-davinci\/\" \/>\n<meta property=\"og:locale\" content=\"fr_FR\" \/>\n<meta property=\"og:type\" content=\"article\" \/>\n<meta property=\"og:title\" content=\"Foyer \u00c9lectrique GreenSmart 59 de DaVinci\" \/>\n<meta property=\"og:description\" content=\"Foyer \u00c9lectrique GreenSmart 59 de DaVinci vendu et install\u00e9 par le Groupe Belleflamme. Laval, Montr\u00e9al, Gatineau et Saint-Sauveur.\" \/>\n<meta property=\"og:url\" content=\"https:\/\/staging.belleflamme.ca\/fr\/produit\/foyer-electrique-greensmart-59-de-davinci\/\" \/>\n<meta property=\"og:site_name\" content=\"Groupe BelleFlamme\" \/>\n<meta property=\"article:publisher\" content=\"https:\/\/www.facebook.com\/belleflamme.ca\/\" \/>\n<meta property=\"article:modified_time\" content=\"2024-12-19T12:47:34+00:00\" \/>\n<meta property=\"og:image\" content=\"https:\/\/www.belleflamme.ca\/wp-content\/uploads\/2024\/12\/Foyer-Electrique-GreenSmart-59-de-DaVinci.jpg\" \/>\n\t<meta property=\"og:image:width\" content=\"800\" \/>\n\t<meta property=\"og:image:height\" content=\"600\" \/>\n\t<meta property=\"og:image:type\" content=\"image\/jpeg\" \/>\n<meta name=\"twitter:card\" content=\"summary_large_image\" \/>\n<meta name=\"twitter:label1\" content=\"Prix\" \/>\n\t<meta name=\"twitter:data1\" content=\"&#036;10,500.00\" \/>\n\t<meta name=\"twitter:label2\" content=\"Disponibilit\u00e9\" \/>\n\t<meta name=\"twitter:data2\" content=\"En stock\" \/>\n<script type=\"application\/ld+json\" class=\"yoast-schema-graph\">{\"@context\":\"https:\/\/schema.org\",\"@graph\":[{\"@type\":[\"WebPage\",\"ItemPage\"],\"@id\":\"https:\/\/staging.belleflamme.ca\/fr\/produit\/foyer-electrique-greensmart-59-de-davinci\/\",\"url\":\"https:\/\/staging.belleflamme.ca\/fr\/produit\/foyer-electrique-greensmart-59-de-davinci\/\",\"name\":\"Foyer \u00c9lectrique GreenSmart 59 de DaVinci - Groupe BelleFlamme\",\"isPartOf\":{\"@id\":\"https:\/\/www.belleflamme.ca\/fr\/#website\"},\"primaryImageOfPage\":{\"@id\":\"https:\/\/staging.belleflamme.ca\/fr\/produit\/foyer-electrique-greensmart-59-de-davinci\/#primaryimage\"},\"image\":{\"@id\":\"https:\/\/staging.belleflamme.ca\/fr\/produit\/foyer-electrique-greensmart-59-de-davinci\/#primaryimage\"},\"thumbnailUrl\":\"https:\/\/staging.belleflamme.ca\/wp-content\/uploads\/2024\/12\/Foyer-Electrique-GreenSmart-59-de-DaVinci.jpg\",\"datePublished\":\"2024-12-13T15:24:34+00:00\",\"dateModified\":\"2024-12-19T12:47:34+00:00\",\"description\":\"Foyer \u00c9lectrique GreenSmart 59 de DaVinci vendu et install\u00e9 par le Groupe Belleflamme. Laval, Montr\u00e9al, Gatineau et Saint-Sauveur.\",\"breadcrumb\":{\"@id\":\"https:\/\/staging.belleflamme.ca\/fr\/produit\/foyer-electrique-greensmart-59-de-davinci\/#breadcrumb\"},\"inLanguage\":\"fr-FR\",\"potentialAction\":[{\"@type\":\"ReadAction\",\"target\":[\"https:\/\/staging.belleflamme.ca\/fr\/produit\/foyer-electrique-greensmart-59-de-davinci\/\"]}]},{\"@type\":\"ImageObject\",\"inLanguage\":\"fr-FR\",\"@id\":\"https:\/\/staging.belleflamme.ca\/fr\/produit\/foyer-electrique-greensmart-59-de-davinci\/#primaryimage\",\"url\":\"https:\/\/staging.belleflamme.ca\/wp-content\/uploads\/2024\/12\/Foyer-Electrique-GreenSmart-59-de-DaVinci.jpg\",\"contentUrl\":\"https:\/\/staging.belleflamme.ca\/wp-content\/uploads\/2024\/12\/Foyer-Electrique-GreenSmart-59-de-DaVinci.jpg\",\"width\":800,\"height\":600,\"caption\":\"Foyer \u00c9lectrique GreenSmart 59 de DaVinci\"},{\"@type\":\"BreadcrumbList\",\"@id\":\"https:\/\/staging.belleflamme.ca\/fr\/produit\/foyer-electrique-greensmart-59-de-davinci\/#breadcrumb\",\"itemListElement\":[{\"@type\":\"ListItem\",\"position\":1,\"name\":\"Accueil\",\"item\":\"https:\/\/www.belleflamme.ca\/fr\/\"},{\"@type\":\"ListItem\",\"position\":2,\"name\":\"Boutique\",\"item\":\"https:\/\/www.belleflamme.ca\/fr\/boutique\/\"},{\"@type\":\"ListItem\",\"position\":3,\"name\":\"Po\u00eales &amp; Foyers\",\"item\":\"https:\/\/staging.belleflamme.ca\/fr\/categories\/poeles-et-foyers\/\"},{\"@type\":\"ListItem\",\"position\":4,\"name\":\"Po\u00eale &amp; Foyer \u00c9lectrique\",\"item\":\"https:\/\/staging.belleflamme.ca\/fr\/categories\/poeles-et-foyers\/poele-foyer-electrique\/\"},{\"@type\":\"ListItem\",\"position\":5,\"name\":\"Foyer \u00c9lectrique\",\"item\":\"https:\/\/staging.belleflamme.ca\/fr\/categories\/poeles-et-foyers\/poele-foyer-electrique\/foyer-electrique\/\"},{\"@type\":\"ListItem\",\"position\":6,\"name\":\"Foyer \u00c9lectrique GreenSmart 59 de DaVinci\"}]},{\"@type\":\"WebSite\",\"@id\":\"https:\/\/www.belleflamme.ca\/fr\/#website\",\"url\":\"https:\/\/www.belleflamme.ca\/fr\/\",\"name\":\"Groupe Belleflamme\",\"description\":\"La m\u00e9canique du b\u00e2timent dans le sang.\",\"publisher\":{\"@id\":\"https:\/\/www.belleflamme.ca\/fr\/#organization\"},\"potentialAction\":[{\"@type\":\"SearchAction\",\"target\":{\"@type\":\"EntryPoint\",\"urlTemplate\":\"https:\/\/www.belleflamme.ca\/fr\/?s={search_term_string}\"},\"query-input\":{\"@type\":\"PropertyValueSpecification\",\"valueRequired\":true,\"valueName\":\"search_term_string\"}}],\"inLanguage\":\"fr-FR\"},{\"@type\":[\"Organization\",\"Place\"],\"@id\":\"https:\/\/www.belleflamme.ca\/fr\/#organization\",\"name\":\"Groupe Belleflamme\",\"alternateName\":\"Belleflamme\",\"url\":\"https:\/\/www.belleflamme.ca\/fr\/\",\"logo\":{\"@type\":\"ImageObject\",\"inLanguage\":\"fr-FR\",\"@id\":\"https:\/\/www.belleflamme.ca\/fr\/#\/schema\/logo\/image\/\",\"url\":\"https:\/\/staging.belleflamme.ca\/wp-content\/uploads\/2023\/01\/og-image.jpg\",\"contentUrl\":\"https:\/\/staging.belleflamme.ca\/wp-content\/uploads\/2023\/01\/og-image.jpg\",\"width\":1200,\"height\":630,\"caption\":\"Groupe Belleflamme\"},\"image\":{\"@id\":\"https:\/\/www.belleflamme.ca\/fr\/#\/schema\/logo\/image\/\"},\"sameAs\":[\"https:\/\/www.facebook.com\/belleflamme.ca\/\",\"https:\/\/www.linkedin.com\/company\/belleflamme\/\",\"https:\/\/www.pinterest.ca\/groupebelleflamme\/\",\"https:\/\/www.instagram.com\/legroupebelleflamme\/\"],\"mainEntityOfPage\":{\"@id\":\"https:\/\/staging.belleflamme.ca\/fr\/produit\/foyer-electrique-greensmart-59-de-davinci\/\"}}]}<\/script>\n<meta property=\"product:brand\" content=\"DaVinci\" \/>\n<meta property=\"product:price:amount\" content=\"10500.00\" \/>\n<meta property=\"product:price:currency\" content=\"CAD\" \/>\n<meta property=\"og:availability\" content=\"instock\" \/>\n<meta property=\"product:availability\" content=\"instock\" \/>\n<meta property=\"product:retailer_item_id\" content=\"98500406\" \/>\n<meta property=\"product:condition\" content=\"new\" \/>\n<!-- \/ Yoast SEO Premium plugin. -->","yoast_head_json":{"title":"Foyer \u00c9lectrique GreenSmart 59 de DaVinci - Groupe BelleFlamme","description":"Foyer \u00c9lectrique GreenSmart 59 de DaVinci vendu et install\u00e9 par le Groupe Belleflamme. Laval, Montr\u00e9al, Gatineau et Saint-Sauveur.","robots":{"index":"index","follow":"follow","max-snippet":"max-snippet:-1","max-image-preview":"max-image-preview:large","max-video-preview":"max-video-preview:-1"},"canonical":"https:\/\/staging.belleflamme.ca\/fr\/produit\/foyer-electrique-greensmart-59-de-davinci\/","og_locale":"fr_FR","og_type":"article","og_title":"Foyer \u00c9lectrique GreenSmart 59 de DaVinci","og_description":"Foyer \u00c9lectrique GreenSmart 59 de DaVinci vendu et install\u00e9 par le Groupe Belleflamme. Laval, Montr\u00e9al, Gatineau et Saint-Sauveur.","og_url":"https:\/\/staging.belleflamme.ca\/fr\/produit\/foyer-electrique-greensmart-59-de-davinci\/","og_site_name":"Groupe BelleFlamme","article_publisher":"https:\/\/www.facebook.com\/belleflamme.ca\/","article_modified_time":"2024-12-19T12:47:34+00:00","og_image":[{"width":800,"height":600,"url":"https:\/\/www.belleflamme.ca\/wp-content\/uploads\/2024\/12\/Foyer-Electrique-GreenSmart-59-de-DaVinci.jpg","type":"image\/jpeg"}],"twitter_card":"summary_large_image","twitter_misc":{"Prix":"&#36;10,500.00","Disponibilit\u00e9":"En stock"},"schema":{"@context":"https:\/\/schema.org","@graph":[{"@type":["WebPage","ItemPage"],"@id":"https:\/\/staging.belleflamme.ca\/fr\/produit\/foyer-electrique-greensmart-59-de-davinci\/","url":"https:\/\/staging.belleflamme.ca\/fr\/produit\/foyer-electrique-greensmart-59-de-davinci\/","name":"Foyer \u00c9lectrique GreenSmart 59 de DaVinci - Groupe BelleFlamme","isPartOf":{"@id":"https:\/\/www.belleflamme.ca\/fr\/#website"},"primaryImageOfPage":{"@id":"https:\/\/staging.belleflamme.ca\/fr\/produit\/foyer-electrique-greensmart-59-de-davinci\/#primaryimage"},"image":{"@id":"https:\/\/staging.belleflamme.ca\/fr\/produit\/foyer-electrique-greensmart-59-de-davinci\/#primaryimage"},"thumbnailUrl":"https:\/\/staging.belleflamme.ca\/wp-content\/uploads\/2024\/12\/Foyer-Electrique-GreenSmart-59-de-DaVinci.jpg","datePublished":"2024-12-13T15:24:34+00:00","dateModified":"2024-12-19T12:47:34+00:00","description":"Foyer \u00c9lectrique GreenSmart 59 de DaVinci vendu et install\u00e9 par le Groupe Belleflamme. Laval, Montr\u00e9al, Gatineau et Saint-Sauveur.","breadcrumb":{"@id":"https:\/\/staging.belleflamme.ca\/fr\/produit\/foyer-electrique-greensmart-59-de-davinci\/#breadcrumb"},"inLanguage":"fr-FR","potentialAction":[{"@type":"ReadAction","target":["https:\/\/staging.belleflamme.ca\/fr\/produit\/foyer-electrique-greensmart-59-de-davinci\/"]}]},{"@type":"ImageObject","inLanguage":"fr-FR","@id":"https:\/\/staging.belleflamme.ca\/fr\/produit\/foyer-electrique-greensmart-59-de-davinci\/#primaryimage","url":"https:\/\/staging.belleflamme.ca\/wp-content\/uploads\/2024\/12\/Foyer-Electrique-GreenSmart-59-de-DaVinci.jpg","contentUrl":"https:\/\/staging.belleflamme.ca\/wp-content\/uploads\/2024\/12\/Foyer-Electrique-GreenSmart-59-de-DaVinci.jpg","width":800,"height":600,"caption":"Foyer \u00c9lectrique GreenSmart 59 de DaVinci"},{"@type":"BreadcrumbList","@id":"https:\/\/staging.belleflamme.ca\/fr\/produit\/foyer-electrique-greensmart-59-de-davinci\/#breadcrumb","itemListElement":[{"@type":"ListItem","position":1,"name":"Accueil","item":"https:\/\/www.belleflamme.ca\/fr\/"},{"@type":"ListItem","position":2,"name":"Boutique","item":"https:\/\/www.belleflamme.ca\/fr\/boutique\/"},{"@type":"ListItem","position":3,"name":"Po\u00eales &amp; Foyers","item":"https:\/\/staging.belleflamme.ca\/fr\/categories\/poeles-et-foyers\/"},{"@type":"ListItem","position":4,"name":"Po\u00eale &amp; Foyer \u00c9lectrique","item":"https:\/\/staging.belleflamme.ca\/fr\/categories\/poeles-et-foyers\/poele-foyer-electrique\/"},{"@type":"ListItem","position":5,"name":"Foyer \u00c9lectrique","item":"https:\/\/staging.belleflamme.ca\/fr\/categories\/poeles-et-foyers\/poele-foyer-electrique\/foyer-electrique\/"},{"@type":"ListItem","position":6,"name":"Foyer \u00c9lectrique GreenSmart 59 de DaVinci"}]},{"@type":"WebSite","@id":"https:\/\/www.belleflamme.ca\/fr\/#website","url":"https:\/\/www.belleflamme.ca\/fr\/","name":"Groupe Belleflamme","description":"La m\u00e9canique du b\u00e2timent dans le sang.","publisher":{"@id":"https:\/\/www.belleflamme.ca\/fr\/#organization"},"potentialAction":[{"@type":"SearchAction","target":{"@type":"EntryPoint","urlTemplate":"https:\/\/www.belleflamme.ca\/fr\/?s={search_term_string}"},"query-input":{"@type":"PropertyValueSpecification","valueRequired":true,"valueName":"search_term_string"}}],"inLanguage":"fr-FR"},{"@type":["Organization","Place"],"@id":"https:\/\/www.belleflamme.ca\/fr\/#organization","name":"Groupe Belleflamme","alternateName":"Belleflamme","url":"https:\/\/www.belleflamme.ca\/fr\/","logo":{"@type":"ImageObject","inLanguage":"fr-FR","@id":"https:\/\/www.belleflamme.ca\/fr\/#\/schema\/logo\/image\/","url":"https:\/\/staging.belleflamme.ca\/wp-content\/uploads\/2023\/01\/og-image.jpg","contentUrl":"https:\/\/staging.belleflamme.ca\/wp-content\/uploads\/2023\/01\/og-image.jpg","width":1200,"height":630,"caption":"Groupe Belleflamme"},"image":{"@id":"https:\/\/www.belleflamme.ca\/fr\/#\/schema\/logo\/image\/"},"sameAs":["https:\/\/www.facebook.com\/belleflamme.ca\/","https:\/\/www.linkedin.com\/company\/belleflamme\/","https:\/\/www.pinterest.ca\/groupebelleflamme\/","https:\/\/www.instagram.com\/legroupebelleflamme\/"],"mainEntityOfPage":{"@id":"https:\/\/staging.belleflamme.ca\/fr\/produit\/foyer-electrique-greensmart-59-de-davinci\/"}}]},"product_brand":"DaVinci","product_price_amount":"10500.00","product_price_currency":"CAD","og_availability":"instock","product_availability":"instock","product_retailer_item_id":"98500406","product_condition":"new"},"_links":{"self":[{"href":"https:\/\/staging.belleflamme.ca\/fr\/wp-json\/wp\/v2\/product\/47648","targetHints":{"allow":["GET"]}}],"collection":[{"href":"https:\/\/staging.belleflamme.ca\/fr\/wp-json\/wp\/v2\/product"}],"about":[{"href":"https:\/\/staging.belleflamme.ca\/fr\/wp-json\/wp\/v2\/types\/product"}],"version-history":[{"count":5,"href":"https:\/\/staging.belleflamme.ca\/fr\/wp-json\/wp\/v2\/product\/47648\/revisions"}],"predecessor-version":[{"id":47738,"href":"https:\/\/staging.belleflamme.ca\/fr\/wp-json\/wp\/v2\/product\/47648\/revisions\/47738"}],"wp:featuredmedia":[{"embeddable":true,"href":"https:\/\/staging.belleflamme.ca\/fr\/wp-json\/wp\/v2\/media\/47649"}],"wp:attachment":[{"href":"https:\/\/staging.belleflamme.ca\/fr\/wp-json\/wp\/v2\/media?parent=47648"}],"wp:term":[{"taxonomy":"product_brand","embeddable":true,"href":"https:\/\/staging.belleflamme.ca\/fr\/wp-json\/wp\/v2\/product_brand?post=47648"},{"taxonomy":"product_cat","embeddable":true,"href":"https:\/\/staging.belleflamme.ca\/fr\/wp-json\/wp\/v2\/product_cat?post=47648"},{"taxonomy":"product_tag","embeddable":true,"href":"https:\/\/staging.belleflamme.ca\/fr\/wp-json\/wp\/v2\/product_tag?post=47648"}],"curies":[{"name":"wp","href":"https:\/\/api.w.org\/{rel}","templated":true}]}}