{"id":47499,"date":"2024-12-12T09:01:42","date_gmt":"2024-12-12T14:01:42","guid":{"rendered":"https:\/\/www.belleflamme.ca\/?post_type=product&#038;p=47499"},"modified":"2024-12-12T09:15:16","modified_gmt":"2024-12-12T14:15:16","slug":"thermopompe-murale-uc21v18hp3b-de-ruud","status":"publish","type":"product","link":"https:\/\/staging.belleflamme.ca\/fr\/produit\/thermopompe-murale-uc21v18hp3b-de-ruud\/","title":{"rendered":"Thermopompe Murale UC21V18HP3B de Ruud"},"content":{"rendered":"\t\t<div data-elementor-type=\"product-post\" data-elementor-id=\"47499\" class=\"elementor elementor-47499\" data-elementor-post-type=\"product\">\n\t\t\t\t\t\t<section class=\"elementor-section elementor-top-section elementor-element elementor-element-8373893 elementor-section-boxed elementor-section-height-default elementor-section-height-default\" data-id=\"8373893\" data-element_type=\"section\">\n\t\t\t\t\t\t<div class=\"elementor-container elementor-column-gap-default\">\n\t\t\t\t\t<div class=\"elementor-column elementor-col-100 elementor-top-column elementor-element elementor-element-4f8faa18\" data-id=\"4f8faa18\" data-element_type=\"column\">\n\t\t\t<div class=\"elementor-widget-wrap elementor-element-populated\">\n\t\t\t\t\t\t<div class=\"elementor-element elementor-element-27c039a4 elementor-widget elementor-widget-text-editor\" data-id=\"27c039a4\" data-element_type=\"widget\" data-widget_type=\"text-editor.default\">\n\t\t\t\t<div class=\"elementor-widget-container\">\n\t\t\t\t\t\t\t\t\t<h3>SYST\u00c8MES BI-BLOCS (MINI-SPLITS)<\/h3><h4>CHAUFFAGE ET CLIMATISATION R\u00c9SIDENTIEL ET COMMERCIAL L\u00c9GER<\/h4><div><div>\u221a <strong>FONCTIONNEMENT SILENCIEUX<\/strong><br \/>\u00c0 VITESSE VARIABLE<br \/><br \/><\/div><div>\u221a <strong>CONTR\u00d4LE \u00c0 DISTANCE PAR<\/strong><\/div><div><strong>APPAREIL WI-FI ET INTERFACE<\/strong><\/div><div>MULTILINGUE<br \/><br \/><\/div><div>\u221a <strong>SYST\u00c8ME INTELLIGENT ET FILTRE LAVABLE<\/strong><\/div><div>MODE AUTOMATIQUE<\/div><div>R\u00c9GULATION DE L\u2019HUMIDIT\u00c9<br \/><br \/><\/div><div>\u221a<strong> PUISSANCE CHAUFFAGE ET<\/strong><\/div><div><strong>CLIMATISATION<\/strong><\/div><div>JUSQU\u2019\u00c0 12 000 ET<\/div><div>18 000 BTU\/H<\/div><\/div><h3>Description\u00a0<\/h3><p>Les syst\u00e8mes bi-blocs sans conduits (mini-splits) sont souvent install\u00e9s dans la pi\u00e8ce la plus difficile \u00e0 chauffer et \u00e0 climatiser.<br \/><br \/>\u221a Chauffage efficace: Par temps froid, la thermopompe extrait la chaleur r\u00e9siduelle de l\u2019air ext\u00e9rieur et la transf\u00e8re \u00e0 l\u2019int\u00e9rieur \u00e0 un ratio 4:1 (\u00e9nergie transf\u00e9r\u00e9e vs consomm\u00e9e).<br \/><br \/>\u221a Confort de la climatisation: En \u00e9t\u00e9, la thermopompe extrait la chaleur int\u00e9rieure et l\u2019\u00e9vacue \u00e0 l\u2019ext\u00e9rieur.<br \/><br \/>\u221a Simplicit\u00e9 d\u2019installation: Un syst\u00e8me bi-blocs am\u00e9liore le chauffage et la climatisation d\u2019une pi\u00e8ce, sans raccordement aux conduits du b\u00e2timent.<br \/><br \/>\u221a \u00c9conomies d\u2019\u00e9nergie: Les tr\u00e8s efficaces syst\u00e8mes bi-blocs sans conduits de Ruud g\u00e9n\u00e8rent d\u2019importantes \u00e9conomies d\u2019\u00e9nergie.<\/p><p>Pour chauffer une pi\u00e8ce par temps froid et la climatiser en \u00e9t\u00e9, fiez-vous \u00e0 un syst\u00e8me \u00e0<br \/>thermopompe bi-blocs et sans conduits de RuudMD pour assurer votre confort \u00e0 longueur d\u2019ann\u00e9e. Un syst\u00e8me \u201cmini-split\u201d est tr\u00e8s facile \u00e0 installer: nul besoin d\u2019installer un volumineux \u00e9vaporateur au sous-sol ou \u00e0 l\u2019ext\u00e9rieur, ni de le relier aux conduits d\u2019air de la maison. Plusieurs mod\u00e8les sont offerts, que ce soit pour une seule chambre \u00e0 coucher ou un petit restaurant. Les syst\u00e8mes bi-blocs \u00e0 thermopompe de RuudMD offrent un confort de pr\u00e9cision \u00e0 toute pi\u00e8ce et en toute saison.<\/p><p style=\"text-align: center;\"><img fetchpriority=\"high\" decoding=\"async\" class=\"alignnone size-full wp-image-47339\" src=\"https:\/\/www.belleflamme.ca\/wp-content\/uploads\/2024\/12\/Garantie-Belleflamme-FR-2-3.png\" alt=\"\" width=\"250\" height=\"250\" srcset=\"https:\/\/staging.belleflamme.ca\/wp-content\/uploads\/2024\/12\/Garantie-Belleflamme-FR-2-3.png 250w, https:\/\/staging.belleflamme.ca\/wp-content\/uploads\/2024\/12\/Garantie-Belleflamme-FR-2-3-150x150.png 150w, https:\/\/staging.belleflamme.ca\/wp-content\/uploads\/2024\/12\/Garantie-Belleflamme-FR-2-3-100x100.png 100w\" sizes=\"(max-width: 250px) 100vw, 250px\" \/><\/p><p><img decoding=\"async\" class=\"alignnone size-full wp-image-47507\" src=\"https:\/\/www.belleflamme.ca\/wp-content\/uploads\/2024\/12\/2024-12-12-09_08_05-B4E5C8B3-AF9C-41A5-9896-8A1B28679377.pdf.png\" alt=\"\" width=\"877\" height=\"937\" srcset=\"https:\/\/staging.belleflamme.ca\/wp-content\/uploads\/2024\/12\/2024-12-12-09_08_05-B4E5C8B3-AF9C-41A5-9896-8A1B28679377.pdf.png 877w, https:\/\/staging.belleflamme.ca\/wp-content\/uploads\/2024\/12\/2024-12-12-09_08_05-B4E5C8B3-AF9C-41A5-9896-8A1B28679377.pdf-281x300.png 281w, https:\/\/staging.belleflamme.ca\/wp-content\/uploads\/2024\/12\/2024-12-12-09_08_05-B4E5C8B3-AF9C-41A5-9896-8A1B28679377.pdf-768x821.png 768w\" sizes=\"(max-width: 877px) 100vw, 877px\" \/><\/p>\t\t\t\t\t\t\t\t<\/div>\n\t\t\t\t<\/div>\n\t\t\t\t\t<\/div>\n\t\t<\/div>\n\t\t\t\t\t<\/div>\n\t\t<\/section>\n\t\t\t\t<section class=\"elementor-section elementor-top-section elementor-element elementor-element-aaeea8b elementor-section-boxed elementor-section-height-default elementor-section-height-default\" data-id=\"aaeea8b\" data-element_type=\"section\">\n\t\t\t\t\t\t<div class=\"elementor-container elementor-column-gap-default\">\n\t\t\t\t\t<div class=\"elementor-column elementor-col-100 elementor-top-column elementor-element elementor-element-fee700b\" data-id=\"fee700b\" data-element_type=\"column\">\n\t\t\t<div class=\"elementor-widget-wrap elementor-element-populated\">\n\t\t\t\t\t\t<div class=\"elementor-element elementor-element-6766fa1 elementor-tabs-view-horizontal elementor-widget elementor-widget-tabs\" data-id=\"6766fa1\" data-element_type=\"widget\" data-widget_type=\"tabs.default\">\n\t\t\t\t<div class=\"elementor-widget-container\">\n\t\t\t\t\t\t\t<div class=\"elementor-tabs\">\n\t\t\t<div class=\"elementor-tabs-wrapper\" role=\"tablist\" >\n\t\t\t\t\t\t\t\t\t<div id=\"elementor-tab-title-1081\" class=\"elementor-tab-title elementor-tab-desktop-title\" aria-selected=\"true\" data-tab=\"1\" role=\"tab\" tabindex=\"0\" aria-controls=\"elementor-tab-content-1081\" aria-expanded=\"false\">Fichiers<\/div>\n\t\t\t\t\t\t\t<\/div>\n\t\t\t<div class=\"elementor-tabs-content-wrapper\" role=\"tablist\" aria-orientation=\"vertical\">\n\t\t\t\t\t\t\t\t\t<div class=\"elementor-tab-title elementor-tab-mobile-title\" aria-selected=\"true\" data-tab=\"1\" role=\"tab\" tabindex=\"0\" aria-controls=\"elementor-tab-content-1081\" aria-expanded=\"false\">Fichiers<\/div>\n\t\t\t\t\t<div id=\"elementor-tab-content-1081\" class=\"elementor-tab-content elementor-clearfix\" data-tab=\"1\" role=\"tabpanel\" aria-labelledby=\"elementor-tab-title-1081\" tabindex=\"0\" hidden=\"false\"><i class=\"far fa-file-pdf fa-xl\" style=\"font-size:35px\"><\/i><a href=\"https:\/\/www.belleflamme.ca\/wp-content\/uploads\/2024\/12\/9E3B678B-7DC6-462F-A739-429AD1DB98DD.pdf\"> Manuel de l&#8217;utilisateur<\/a><\/br>\n<i class=\"far fa-file-pdf fa-xl\" style=\"font-size:35px\"><\/i><a href=\"https:\/\/www.belleflamme.ca\/wp-content\/uploads\/2024\/12\/B4E5C8B3-AF9C-41A5-9896-8A1B28679377.pdf\"> Sp\u00e9cifications<\/a><\/br><\/div>\n\t\t\t\t\t\t\t<\/div>\n\t\t<\/div>\n\t\t\t\t\t\t<\/div>\n\t\t\t\t<\/div>\n\t\t\t\t\t<\/div>\n\t\t<\/div>\n\t\t\t\t\t<\/div>\n\t\t<\/section>\n\t\t\t\t<\/div>\n\t\t","protected":false},"excerpt":{"rendered":"<p>SYST\u00c8MES BI-BLOCS (MINI-SPLITS) CHAUFFAGE ET CLIMATISATION R\u00c9SIDENTIEL ET COMMERCIAL L\u00c9GER \u221a FONCTIONNEMENT SILENCIEUX\u00c0 VITESSE VARIABLE \u221a CONTR\u00d4LE \u00c0 DISTANCE PARAPPAREIL WI-FI ET INTERFACEMULTILINGUE \u221a SYST\u00c8ME INTELLIGENT ET FILTRE LAVABLEMODE AUTOMATIQUER\u00c9GULATION DE L\u2019HUMIDIT\u00c9 \u221a PUISSANCE CHAUFFAGE ETCLIMATISATIONJUSQU\u2019\u00c0 12 000 ET18 000 BTU\/H Description\u00a0 Les syst\u00e8mes bi-blocs sans conduits (mini-splits) sont souvent install\u00e9s dans la pi\u00e8ce la [&hellip;]<\/p>\n","protected":false},"featured_media":47501,"template":"","meta":{"inline_featured_image":false},"product_brand":[306],"product_cat":[70,72,86],"product_tag":[],"class_list":{"0":"post-47499","1":"product","2":"type-product","3":"status-publish","4":"has-post-thumbnail","6":"product_brand-ruud","7":"product_cat-climatisation-chauffage","8":"product_cat-systeme-mural","9":"product_cat-thermopompes-murales","11":"first","12":"instock","13":"taxable","14":"shipping-taxable","15":"product-type-variable"},"yoast_head":"<!-- This site is optimized with the Yoast SEO Premium plugin v24.2 (Yoast SEO v24.2) - https:\/\/yoast.com\/wordpress\/plugins\/seo\/ -->\n<title>Thermopompe Murale UC21V18HP3B de Ruud - Groupe BelleFlamme<\/title>\n<meta name=\"description\" content=\"Thermopompe Murale UC21V18HP3B de Ruud vendu et install\u00e9 par le Groupe Belleflamme. Laval, Montr\u00e9al, Gatineau et Saint-Sauveur.\" \/>\n<meta name=\"robots\" content=\"index, follow, max-snippet:-1, max-image-preview:large, max-video-preview:-1\" \/>\n<link rel=\"canonical\" href=\"https:\/\/staging.belleflamme.ca\/fr\/produit\/thermopompe-murale-uc21v18hp3b-de-ruud\/\" \/>\n<meta property=\"og:locale\" content=\"fr_FR\" \/>\n<meta property=\"og:type\" content=\"article\" \/>\n<meta property=\"og:title\" content=\"Thermopompe Murale UC21V18HP3B de Ruud\" \/>\n<meta property=\"og:description\" content=\"Thermopompe Murale UC21V18HP3B de Ruud vendu et install\u00e9 par le Groupe Belleflamme. Laval, Montr\u00e9al, Gatineau et Saint-Sauveur.\" \/>\n<meta property=\"og:url\" content=\"https:\/\/staging.belleflamme.ca\/fr\/produit\/thermopompe-murale-uc21v18hp3b-de-ruud\/\" \/>\n<meta property=\"og:site_name\" content=\"Groupe BelleFlamme\" \/>\n<meta property=\"article:publisher\" content=\"https:\/\/www.facebook.com\/belleflamme.ca\/\" \/>\n<meta property=\"article:modified_time\" content=\"2024-12-12T14:15:16+00:00\" \/>\n<meta property=\"og:image\" content=\"https:\/\/www.belleflamme.ca\/wp-content\/uploads\/2024\/12\/Thermopompe-Murale-UC21V18HP3B-de-Ruud.webp\" \/>\n\t<meta property=\"og:image:width\" content=\"600\" \/>\n\t<meta property=\"og:image:height\" content=\"600\" \/>\n\t<meta property=\"og:image:type\" content=\"image\/webp\" \/>\n<meta name=\"twitter:card\" content=\"summary_large_image\" \/>\n<meta name=\"twitter:label1\" content=\"Disponibilit\u00e9\" \/>\n\t<meta name=\"twitter:data1\" content=\"En stock\" \/>\n<script type=\"application\/ld+json\" class=\"yoast-schema-graph\">{\"@context\":\"https:\/\/schema.org\",\"@graph\":[{\"@type\":[\"WebPage\",\"ItemPage\"],\"@id\":\"https:\/\/staging.belleflamme.ca\/fr\/produit\/thermopompe-murale-uc21v18hp3b-de-ruud\/\",\"url\":\"https:\/\/staging.belleflamme.ca\/fr\/produit\/thermopompe-murale-uc21v18hp3b-de-ruud\/\",\"name\":\"Thermopompe Murale UC21V18HP3B de Ruud - Groupe BelleFlamme\",\"isPartOf\":{\"@id\":\"https:\/\/www.belleflamme.ca\/fr\/#website\"},\"primaryImageOfPage\":{\"@id\":\"https:\/\/staging.belleflamme.ca\/fr\/produit\/thermopompe-murale-uc21v18hp3b-de-ruud\/#primaryimage\"},\"image\":{\"@id\":\"https:\/\/staging.belleflamme.ca\/fr\/produit\/thermopompe-murale-uc21v18hp3b-de-ruud\/#primaryimage\"},\"thumbnailUrl\":\"https:\/\/staging.belleflamme.ca\/wp-content\/uploads\/2024\/12\/Thermopompe-Murale-UC21V18HP3B-de-Ruud.webp\",\"datePublished\":\"2024-12-12T14:01:42+00:00\",\"dateModified\":\"2024-12-12T14:15:16+00:00\",\"description\":\"Thermopompe Murale UC21V18HP3B de Ruud vendu et install\u00e9 par le Groupe Belleflamme. Laval, Montr\u00e9al, Gatineau et Saint-Sauveur.\",\"breadcrumb\":{\"@id\":\"https:\/\/staging.belleflamme.ca\/fr\/produit\/thermopompe-murale-uc21v18hp3b-de-ruud\/#breadcrumb\"},\"inLanguage\":\"fr-FR\",\"potentialAction\":[{\"@type\":\"ReadAction\",\"target\":[\"https:\/\/staging.belleflamme.ca\/fr\/produit\/thermopompe-murale-uc21v18hp3b-de-ruud\/\"]}]},{\"@type\":\"ImageObject\",\"inLanguage\":\"fr-FR\",\"@id\":\"https:\/\/staging.belleflamme.ca\/fr\/produit\/thermopompe-murale-uc21v18hp3b-de-ruud\/#primaryimage\",\"url\":\"https:\/\/staging.belleflamme.ca\/wp-content\/uploads\/2024\/12\/Thermopompe-Murale-UC21V18HP3B-de-Ruud.webp\",\"contentUrl\":\"https:\/\/staging.belleflamme.ca\/wp-content\/uploads\/2024\/12\/Thermopompe-Murale-UC21V18HP3B-de-Ruud.webp\",\"width\":600,\"height\":600,\"caption\":\"Thermopompe Murale UC21V18HP3B de Ruud\"},{\"@type\":\"BreadcrumbList\",\"@id\":\"https:\/\/staging.belleflamme.ca\/fr\/produit\/thermopompe-murale-uc21v18hp3b-de-ruud\/#breadcrumb\",\"itemListElement\":[{\"@type\":\"ListItem\",\"position\":1,\"name\":\"Accueil\",\"item\":\"https:\/\/www.belleflamme.ca\/fr\/\"},{\"@type\":\"ListItem\",\"position\":2,\"name\":\"Boutique\",\"item\":\"https:\/\/www.belleflamme.ca\/fr\/boutique\/\"},{\"@type\":\"ListItem\",\"position\":3,\"name\":\"Climatisation &amp; Chauffage\",\"item\":\"https:\/\/staging.belleflamme.ca\/fr\/categories\/climatisation-chauffage\/\"},{\"@type\":\"ListItem\",\"position\":4,\"name\":\"Syst\u00e8me Mural\",\"item\":\"https:\/\/staging.belleflamme.ca\/fr\/categories\/climatisation-chauffage\/systeme-mural\/\"},{\"@type\":\"ListItem\",\"position\":5,\"name\":\"Thermopompes Murales\",\"item\":\"https:\/\/staging.belleflamme.ca\/fr\/categories\/climatisation-chauffage\/systeme-mural\/thermopompes-murales\/\"},{\"@type\":\"ListItem\",\"position\":6,\"name\":\"Thermopompe Murale UC21V18HP3B de Ruud\"}]},{\"@type\":\"WebSite\",\"@id\":\"https:\/\/www.belleflamme.ca\/fr\/#website\",\"url\":\"https:\/\/www.belleflamme.ca\/fr\/\",\"name\":\"Groupe Belleflamme\",\"description\":\"La m\u00e9canique du b\u00e2timent dans le sang.\",\"publisher\":{\"@id\":\"https:\/\/www.belleflamme.ca\/fr\/#organization\"},\"potentialAction\":[{\"@type\":\"SearchAction\",\"target\":{\"@type\":\"EntryPoint\",\"urlTemplate\":\"https:\/\/www.belleflamme.ca\/fr\/?s={search_term_string}\"},\"query-input\":{\"@type\":\"PropertyValueSpecification\",\"valueRequired\":true,\"valueName\":\"search_term_string\"}}],\"inLanguage\":\"fr-FR\"},{\"@type\":[\"Organization\",\"Place\"],\"@id\":\"https:\/\/www.belleflamme.ca\/fr\/#organization\",\"name\":\"Groupe Belleflamme\",\"alternateName\":\"Belleflamme\",\"url\":\"https:\/\/www.belleflamme.ca\/fr\/\",\"logo\":{\"@type\":\"ImageObject\",\"inLanguage\":\"fr-FR\",\"@id\":\"https:\/\/www.belleflamme.ca\/fr\/#\/schema\/logo\/image\/\",\"url\":\"https:\/\/staging.belleflamme.ca\/wp-content\/uploads\/2023\/01\/og-image.jpg\",\"contentUrl\":\"https:\/\/staging.belleflamme.ca\/wp-content\/uploads\/2023\/01\/og-image.jpg\",\"width\":1200,\"height\":630,\"caption\":\"Groupe Belleflamme\"},\"image\":{\"@id\":\"https:\/\/www.belleflamme.ca\/fr\/#\/schema\/logo\/image\/\"},\"sameAs\":[\"https:\/\/www.facebook.com\/belleflamme.ca\/\",\"https:\/\/www.linkedin.com\/company\/belleflamme\/\",\"https:\/\/www.pinterest.ca\/groupebelleflamme\/\",\"https:\/\/www.instagram.com\/legroupebelleflamme\/\"],\"mainEntityOfPage\":{\"@id\":\"https:\/\/staging.belleflamme.ca\/fr\/produit\/thermopompe-murale-uc21v18hp3b-de-ruud\/\"}}]}<\/script>\n<meta property=\"product:brand\" content=\"Ruud\" \/>\n<meta property=\"og:availability\" content=\"instock\" \/>\n<meta property=\"product:availability\" content=\"instock\" \/>\n<meta property=\"product:condition\" content=\"new\" \/>\n<!-- \/ Yoast SEO Premium plugin. -->","yoast_head_json":{"title":"Thermopompe Murale UC21V18HP3B de Ruud - Groupe BelleFlamme","description":"Thermopompe Murale UC21V18HP3B de Ruud vendu et install\u00e9 par le Groupe Belleflamme. Laval, Montr\u00e9al, Gatineau et Saint-Sauveur.","robots":{"index":"index","follow":"follow","max-snippet":"max-snippet:-1","max-image-preview":"max-image-preview:large","max-video-preview":"max-video-preview:-1"},"canonical":"https:\/\/staging.belleflamme.ca\/fr\/produit\/thermopompe-murale-uc21v18hp3b-de-ruud\/","og_locale":"fr_FR","og_type":"article","og_title":"Thermopompe Murale UC21V18HP3B de Ruud","og_description":"Thermopompe Murale UC21V18HP3B de Ruud vendu et install\u00e9 par le Groupe Belleflamme. Laval, Montr\u00e9al, Gatineau et Saint-Sauveur.","og_url":"https:\/\/staging.belleflamme.ca\/fr\/produit\/thermopompe-murale-uc21v18hp3b-de-ruud\/","og_site_name":"Groupe BelleFlamme","article_publisher":"https:\/\/www.facebook.com\/belleflamme.ca\/","article_modified_time":"2024-12-12T14:15:16+00:00","og_image":[{"width":600,"height":600,"url":"https:\/\/www.belleflamme.ca\/wp-content\/uploads\/2024\/12\/Thermopompe-Murale-UC21V18HP3B-de-Ruud.webp","type":"image\/webp"}],"twitter_card":"summary_large_image","twitter_misc":{"Disponibilit\u00e9":"En stock"},"schema":{"@context":"https:\/\/schema.org","@graph":[{"@type":["WebPage","ItemPage"],"@id":"https:\/\/staging.belleflamme.ca\/fr\/produit\/thermopompe-murale-uc21v18hp3b-de-ruud\/","url":"https:\/\/staging.belleflamme.ca\/fr\/produit\/thermopompe-murale-uc21v18hp3b-de-ruud\/","name":"Thermopompe Murale UC21V18HP3B de Ruud - Groupe BelleFlamme","isPartOf":{"@id":"https:\/\/www.belleflamme.ca\/fr\/#website"},"primaryImageOfPage":{"@id":"https:\/\/staging.belleflamme.ca\/fr\/produit\/thermopompe-murale-uc21v18hp3b-de-ruud\/#primaryimage"},"image":{"@id":"https:\/\/staging.belleflamme.ca\/fr\/produit\/thermopompe-murale-uc21v18hp3b-de-ruud\/#primaryimage"},"thumbnailUrl":"https:\/\/staging.belleflamme.ca\/wp-content\/uploads\/2024\/12\/Thermopompe-Murale-UC21V18HP3B-de-Ruud.webp","datePublished":"2024-12-12T14:01:42+00:00","dateModified":"2024-12-12T14:15:16+00:00","description":"Thermopompe Murale UC21V18HP3B de Ruud vendu et install\u00e9 par le Groupe Belleflamme. Laval, Montr\u00e9al, Gatineau et Saint-Sauveur.","breadcrumb":{"@id":"https:\/\/staging.belleflamme.ca\/fr\/produit\/thermopompe-murale-uc21v18hp3b-de-ruud\/#breadcrumb"},"inLanguage":"fr-FR","potentialAction":[{"@type":"ReadAction","target":["https:\/\/staging.belleflamme.ca\/fr\/produit\/thermopompe-murale-uc21v18hp3b-de-ruud\/"]}]},{"@type":"ImageObject","inLanguage":"fr-FR","@id":"https:\/\/staging.belleflamme.ca\/fr\/produit\/thermopompe-murale-uc21v18hp3b-de-ruud\/#primaryimage","url":"https:\/\/staging.belleflamme.ca\/wp-content\/uploads\/2024\/12\/Thermopompe-Murale-UC21V18HP3B-de-Ruud.webp","contentUrl":"https:\/\/staging.belleflamme.ca\/wp-content\/uploads\/2024\/12\/Thermopompe-Murale-UC21V18HP3B-de-Ruud.webp","width":600,"height":600,"caption":"Thermopompe Murale UC21V18HP3B de Ruud"},{"@type":"BreadcrumbList","@id":"https:\/\/staging.belleflamme.ca\/fr\/produit\/thermopompe-murale-uc21v18hp3b-de-ruud\/#breadcrumb","itemListElement":[{"@type":"ListItem","position":1,"name":"Accueil","item":"https:\/\/www.belleflamme.ca\/fr\/"},{"@type":"ListItem","position":2,"name":"Boutique","item":"https:\/\/www.belleflamme.ca\/fr\/boutique\/"},{"@type":"ListItem","position":3,"name":"Climatisation &amp; Chauffage","item":"https:\/\/staging.belleflamme.ca\/fr\/categories\/climatisation-chauffage\/"},{"@type":"ListItem","position":4,"name":"Syst\u00e8me Mural","item":"https:\/\/staging.belleflamme.ca\/fr\/categories\/climatisation-chauffage\/systeme-mural\/"},{"@type":"ListItem","position":5,"name":"Thermopompes Murales","item":"https:\/\/staging.belleflamme.ca\/fr\/categories\/climatisation-chauffage\/systeme-mural\/thermopompes-murales\/"},{"@type":"ListItem","position":6,"name":"Thermopompe Murale UC21V18HP3B de Ruud"}]},{"@type":"WebSite","@id":"https:\/\/www.belleflamme.ca\/fr\/#website","url":"https:\/\/www.belleflamme.ca\/fr\/","name":"Groupe Belleflamme","description":"La m\u00e9canique du b\u00e2timent dans le sang.","publisher":{"@id":"https:\/\/www.belleflamme.ca\/fr\/#organization"},"potentialAction":[{"@type":"SearchAction","target":{"@type":"EntryPoint","urlTemplate":"https:\/\/www.belleflamme.ca\/fr\/?s={search_term_string}"},"query-input":{"@type":"PropertyValueSpecification","valueRequired":true,"valueName":"search_term_string"}}],"inLanguage":"fr-FR"},{"@type":["Organization","Place"],"@id":"https:\/\/www.belleflamme.ca\/fr\/#organization","name":"Groupe Belleflamme","alternateName":"Belleflamme","url":"https:\/\/www.belleflamme.ca\/fr\/","logo":{"@type":"ImageObject","inLanguage":"fr-FR","@id":"https:\/\/www.belleflamme.ca\/fr\/#\/schema\/logo\/image\/","url":"https:\/\/staging.belleflamme.ca\/wp-content\/uploads\/2023\/01\/og-image.jpg","contentUrl":"https:\/\/staging.belleflamme.ca\/wp-content\/uploads\/2023\/01\/og-image.jpg","width":1200,"height":630,"caption":"Groupe Belleflamme"},"image":{"@id":"https:\/\/www.belleflamme.ca\/fr\/#\/schema\/logo\/image\/"},"sameAs":["https:\/\/www.facebook.com\/belleflamme.ca\/","https:\/\/www.linkedin.com\/company\/belleflamme\/","https:\/\/www.pinterest.ca\/groupebelleflamme\/","https:\/\/www.instagram.com\/legroupebelleflamme\/"],"mainEntityOfPage":{"@id":"https:\/\/staging.belleflamme.ca\/fr\/produit\/thermopompe-murale-uc21v18hp3b-de-ruud\/"}}]},"product_brand":"Ruud","og_availability":"instock","product_availability":"instock","product_condition":"new"},"_links":{"self":[{"href":"https:\/\/staging.belleflamme.ca\/fr\/wp-json\/wp\/v2\/product\/47499","targetHints":{"allow":["GET"]}}],"collection":[{"href":"https:\/\/staging.belleflamme.ca\/fr\/wp-json\/wp\/v2\/product"}],"about":[{"href":"https:\/\/staging.belleflamme.ca\/fr\/wp-json\/wp\/v2\/types\/product"}],"version-history":[{"count":7,"href":"https:\/\/staging.belleflamme.ca\/fr\/wp-json\/wp\/v2\/product\/47499\/revisions"}],"predecessor-version":[{"id":47530,"href":"https:\/\/staging.belleflamme.ca\/fr\/wp-json\/wp\/v2\/product\/47499\/revisions\/47530"}],"wp:featuredmedia":[{"embeddable":true,"href":"https:\/\/staging.belleflamme.ca\/fr\/wp-json\/wp\/v2\/media\/47501"}],"wp:attachment":[{"href":"https:\/\/staging.belleflamme.ca\/fr\/wp-json\/wp\/v2\/media?parent=47499"}],"wp:term":[{"taxonomy":"product_brand","embeddable":true,"href":"https:\/\/staging.belleflamme.ca\/fr\/wp-json\/wp\/v2\/product_brand?post=47499"},{"taxonomy":"product_cat","embeddable":true,"href":"https:\/\/staging.belleflamme.ca\/fr\/wp-json\/wp\/v2\/product_cat?post=47499"},{"taxonomy":"product_tag","embeddable":true,"href":"https:\/\/staging.belleflamme.ca\/fr\/wp-json\/wp\/v2\/product_tag?post=47499"}],"curies":[{"name":"wp","href":"https:\/\/api.w.org\/{rel}","templated":true}]}}