{"id":47371,"date":"2024-12-11T14:36:49","date_gmt":"2024-12-11T19:36:49","guid":{"rendered":"https:\/\/www.belleflamme.ca\/?post_type=product&#038;p=47371"},"modified":"2024-12-11T14:57:12","modified_gmt":"2024-12-11T19:57:12","slug":"climatiseur-central-ra13nz-endeavor-line-achiever-series-de-ruud","status":"publish","type":"product","link":"https:\/\/staging.belleflamme.ca\/fr\/produit\/climatiseur-central-ra13nz-endeavor-line-achiever-series-de-ruud\/","title":{"rendered":"Climatiseur Central RA13NZ Endeavor Line Achiever Series de Ruud"},"content":{"rendered":"\t\t<div data-elementor-type=\"product-post\" data-elementor-id=\"47371\" class=\"elementor elementor-47371\" data-elementor-post-type=\"product\">\n\t\t\t\t\t\t<section class=\"elementor-section elementor-top-section elementor-element elementor-element-7bcb3a elementor-section-boxed elementor-section-height-default elementor-section-height-default\" data-id=\"7bcb3a\" data-element_type=\"section\">\n\t\t\t\t\t\t<div class=\"elementor-container elementor-column-gap-default\">\n\t\t\t\t\t<div class=\"elementor-column elementor-col-100 elementor-top-column elementor-element elementor-element-378c98e9\" data-id=\"378c98e9\" data-element_type=\"column\">\n\t\t\t<div class=\"elementor-widget-wrap elementor-element-populated\">\n\t\t\t\t\t\t<div class=\"elementor-element elementor-element-a04ff97 elementor-widget elementor-widget-text-editor\" data-id=\"a04ff97\" data-element_type=\"widget\" data-widget_type=\"text-editor.default\">\n\t\t\t\t<div class=\"elementor-widget-container\">\n\t\t\t\t\t\t\t\t\t<p>Nous sommes la seule marque \u00e0 offrir d\u2019innovantes solutions de chauffage d\u2019air et d\u2019eau sur les march\u00e9s r\u00e9sidentiels et commerciaux partout sur la plan\u00e8te. Ruud offre des solutions de confort \u00e0 la fine pointe et \u00e9conerg\u00e9tiques depuis pr\u00e8s de 100 ans.<\/p><h3>RuudMD EndeavorMC &#8211; S\u00e9rie AchieverMD<\/h3><p>Les climatiseurs Ruud Endeavor RA13NZ, s\u00e9rie Achiever, qui sont certifi\u00e9s ENERGY STAR\u00ae, constituent un excellent rapport qualit\u00e9prix et proposent un confort fiable. Leur haute efficacit\u00e9 \u00e9nerg\u00e9tique contribuera \u00e0 r\u00e9duire vos factures d\u2019\u00e9nergie tout en assurant votre tranquillit\u00e9 d\u2019esprit.<\/p><p><img decoding=\"async\" class=\"alignnone size-full wp-image-47234\" src=\"https:\/\/www.belleflamme.ca\/wp-content\/uploads\/2024\/12\/2024-12-11-11_40_15-45A124F9-B47B-4CA6-8CC3-7A360CCE3980.pdf.png\" alt=\"\" width=\"160\" height=\"155\" \/><\/p><p><strong>Cotes de climatisation:<\/strong><br \/>15.2 SEER2\/12 EER2<\/p><p><strong>Puissances nominales:<\/strong><br \/>1.5 \u00e0 5 tonnes<\/p><p><strong>Puissance de climatisation:<\/strong><br \/>17.1 \u00e0 55.5 kBTU\/h<\/p><p><strong>Interface EcoNetMD:<br \/><\/strong>Non<\/p><p><strong>Puissance sonore: <\/strong><br \/>min. 68 dB<\/p><p><strong>Type compresseur:<br \/><\/strong><span style=\"background-color: rgba(255, 255, 255, 0); color: var( --e-global-color-text ); font-family: var( --e-global-typography-text-font-family ), Sans-serif; font-size: var( --e-global-typography-text-font-size ); font-style: var( --e-global-typography-text-font-style ); font-weight: var( --e-global-typography-text-font-weight ); letter-spacing: var( --e-global-typography-text-letter-spacing ); text-transform: var( --e-global-typography-text-text-transform );\">Une Vitesse<\/span><\/p><p><strong>Diam\u00e8tre serpentin: <\/strong><br \/>7MM<\/p><h3>Installation et entretien simplifi\u00e9s avec la communication Bluetooth<\/h3><p>L\u2019interface BluetoothMD int\u00e9gr\u00e9e facilitera l\u2019installation et l\u2019entretien de votre nouveau syst\u00e8me. Simplifie et acc\u00e9l\u00e8re les travaux d\u2019installation, ce qui r\u00e9duit la dur\u00e9e et les co\u00fbts de l\u2019installation et surtout, vous profitez d\u2019une maison confortable en un rien de temps!<\/p><h3>Avantages PlusOneMD:<\/h3><ul><li>D\u00e9gagement d\u2019entretien PlusOne \u2212 27 po\u00b2 autour de la vanne d\u2019expansion<\/li><li>Trois acc\u00e8s d\u2019entretien PlusOne \u2212 Corni\u00e8res amovibles de 15 po, seulement 2 vis; panneaux grillag\u00e9s individuellement amovibles\u00a0<\/li><\/ul><h3>L\u2019innovation ax\u00e9e sur la fiabilit\u00e9<\/h3><p>Nous effectuons une \u00e9valuation multicrit\u00e8res de la<br \/>moindre composante entrant dans la composition de<br \/>chaque produit. C\u2019est notre vision 360\u00b0+1. L\u2019objectif:<br \/>que votre famille profite du confort fiable procur\u00e9 par<br \/>votre climatiseur Ruud, des ann\u00e9es durant.<\/p><p><strong>Performance et tranquillit\u00e9 d\u2019esprit<\/strong><\/p><p>Relaxez&#8230; vous serez prot\u00e9g\u00e9 par les meilleures garanties de l\u2019industrie!<\/p><p>Jusqu\u2019\u00e0 5 ans sur les pi\u00e8ces et le compresseurs<\/p><p style=\"text-align: center;\"><img fetchpriority=\"high\" decoding=\"async\" src=\"https:\/\/www.belleflamme.ca\/wp-content\/uploads\/2024\/12\/Garantie-Belleflamme-FR-2-3.png\" alt=\"\" width=\"250\" height=\"250\" \/><\/p><p><strong>Impact environnemental limit\u00e9\u00a0<\/strong><\/p><p>Le remplissage d\u2019un serpentin de 7 mm n\u00e9cessite jusqu\u2019\u00e0 15% moins de r\u00e9frig\u00e9rant2, ce qui r\u00e9duit la quantit\u00e9 de gaz \u00e0 effet de serre \u00e9mise lors d\u2019une \u00e9ventuelle fuite. Nous visons \u00e0 r\u00e9duire de 50% l\u2019utilisation de gaz \u00e0 effet de serre d\u2019ici 2025. Tout le monde y gagne!<\/p><p><strong>Un look qui inspire confiance<\/strong><\/p><p>Qu\u2019il s\u2019agisse d\u2019utiliser des lattes aux ar\u00eates adoucies pour r\u00e9duire le bruit, de robustes piliers de coins pour prot\u00e9ger les composantes internes, un bac d\u2019\u00e9gouttement en composite anticorrosion ou un enduit lustr\u00e9 \u00e0 poudre \u00e9lectrostatique, nos concepteurs cherchent \u00e0 vous offrir un produit fini \u00e0 l\u2019esth\u00e9tique soign\u00e9e.<\/p><p><strong>Fonctionnement silencieux<\/strong><\/p><p>Le confort \u00e0 la maison peut \u00eatre silencieux! Nos climatiseurs sont con\u00e7us pour amortir le bruit: tubes de r\u00e9frig\u00e9rant flexibles, pales aux formes optimis\u00e9es, bac d\u2019\u00e9gouttement en composite, et bloc compresseur et d\u2019entra\u00eenement int\u00e9grant les technologies les plus modernes.\u00a0<\/p><p><img decoding=\"async\" class=\"alignnone size-full wp-image-47383\" src=\"https:\/\/www.belleflamme.ca\/wp-content\/uploads\/2024\/12\/2024-12-11-14_41_31-A88633D2-7F96-486D-8C4A-1F316DDFC7A6.pdf.png\" alt=\"\" width=\"1128\" height=\"928\" srcset=\"https:\/\/staging.belleflamme.ca\/wp-content\/uploads\/2024\/12\/2024-12-11-14_41_31-A88633D2-7F96-486D-8C4A-1F316DDFC7A6.pdf.png 1128w, https:\/\/staging.belleflamme.ca\/wp-content\/uploads\/2024\/12\/2024-12-11-14_41_31-A88633D2-7F96-486D-8C4A-1F316DDFC7A6.pdf-300x247.png 300w, https:\/\/staging.belleflamme.ca\/wp-content\/uploads\/2024\/12\/2024-12-11-14_41_31-A88633D2-7F96-486D-8C4A-1F316DDFC7A6.pdf-1024x842.png 1024w, https:\/\/staging.belleflamme.ca\/wp-content\/uploads\/2024\/12\/2024-12-11-14_41_31-A88633D2-7F96-486D-8C4A-1F316DDFC7A6.pdf-768x632.png 768w, https:\/\/staging.belleflamme.ca\/wp-content\/uploads\/2024\/12\/2024-12-11-14_41_31-A88633D2-7F96-486D-8C4A-1F316DDFC7A6.pdf-900x740.png 900w\" sizes=\"(max-width: 1128px) 100vw, 1128px\" \/><\/p>\t\t\t\t\t\t\t\t<\/div>\n\t\t\t\t<\/div>\n\t\t\t\t\t<\/div>\n\t\t<\/div>\n\t\t\t\t\t<\/div>\n\t\t<\/section>\n\t\t\t\t<section class=\"elementor-section elementor-top-section elementor-element elementor-element-9e1830b elementor-section-boxed elementor-section-height-default elementor-section-height-default\" data-id=\"9e1830b\" data-element_type=\"section\">\n\t\t\t\t\t\t<div class=\"elementor-container elementor-column-gap-default\">\n\t\t\t\t\t<div class=\"elementor-column elementor-col-100 elementor-top-column elementor-element elementor-element-ef90daa\" data-id=\"ef90daa\" data-element_type=\"column\">\n\t\t\t<div class=\"elementor-widget-wrap elementor-element-populated\">\n\t\t\t\t\t\t<div class=\"elementor-element elementor-element-c26c44b elementor-tabs-view-horizontal elementor-widget elementor-widget-tabs\" data-id=\"c26c44b\" data-element_type=\"widget\" data-widget_type=\"tabs.default\">\n\t\t\t\t<div class=\"elementor-widget-container\">\n\t\t\t\t\t\t\t<div class=\"elementor-tabs\">\n\t\t\t<div class=\"elementor-tabs-wrapper\" role=\"tablist\" >\n\t\t\t\t\t\t\t\t\t<div id=\"elementor-tab-title-2031\" class=\"elementor-tab-title elementor-tab-desktop-title\" aria-selected=\"true\" data-tab=\"1\" role=\"tab\" tabindex=\"0\" aria-controls=\"elementor-tab-content-2031\" aria-expanded=\"false\">Fichiers<\/div>\n\t\t\t\t\t\t\t<\/div>\n\t\t\t<div class=\"elementor-tabs-content-wrapper\" role=\"tablist\" aria-orientation=\"vertical\">\n\t\t\t\t\t\t\t\t\t<div class=\"elementor-tab-title elementor-tab-mobile-title\" aria-selected=\"true\" data-tab=\"1\" role=\"tab\" tabindex=\"0\" aria-controls=\"elementor-tab-content-2031\" aria-expanded=\"false\">Fichiers<\/div>\n\t\t\t\t\t<div id=\"elementor-tab-content-2031\" class=\"elementor-tab-content elementor-clearfix\" data-tab=\"1\" role=\"tabpanel\" aria-labelledby=\"elementor-tab-title-2031\" tabindex=\"0\" hidden=\"false\"><i class=\"far fa-file-pdf fa-xl\" style=\"font-size:35px\"><\/i><a href=\"https:\/\/www.belleflamme.ca\/wp-content\/uploads\/2024\/12\/001F9BDC-638E-441B-8450-CF3A76F45D45-2.pdf\"> Brochure<\/a><\/br>\n<i class=\"far fa-file-pdf fa-xl\" style=\"font-size:35px\"><\/i><a href=\"https:\/\/www.belleflamme.ca\/wp-content\/uploads\/2024\/12\/A88633D2-7F96-486D-8C4A-1F316DDFC7A6.pdf\"> Sp\u00e9cifications<\/a><\/br>\n<i class=\"far fa-file-pdf fa-xl\" style=\"font-size:35px\"><\/i><a href=\"https:\/\/www.belleflamme.ca\/wp-content\/uploads\/2024\/12\/14BA8437-C9F1-41E7-B77D-B1F2CA68740F.pdf\"> Comparatif<\/a><\/br>\n<i class=\"far fa-file-pdf fa-xl\" style=\"font-size:35px\"><\/i><a href=\"https:\/\/www.belleflamme.ca\/wp-content\/uploads\/2024\/12\/C0CE7DB1-F5BD-4163-BD97-06F2CE71981C.pdf\"> Garantie<\/a><\/br><\/div>\n\t\t\t\t\t\t\t<\/div>\n\t\t<\/div>\n\t\t\t\t\t\t<\/div>\n\t\t\t\t<\/div>\n\t\t\t\t\t<\/div>\n\t\t<\/div>\n\t\t\t\t\t<\/div>\n\t\t<\/section>\n\t\t\t\t<\/div>\n\t\t","protected":false},"excerpt":{"rendered":"<p>Nous sommes la seule marque \u00e0 offrir d\u2019innovantes solutions de chauffage d\u2019air et d\u2019eau sur les march\u00e9s r\u00e9sidentiels et commerciaux partout sur la plan\u00e8te. Ruud offre des solutions de confort \u00e0 la fine pointe et \u00e9conerg\u00e9tiques depuis pr\u00e8s de 100 ans. RuudMD EndeavorMC &#8211; S\u00e9rie AchieverMD Les climatiseurs Ruud Endeavor RA13NZ, s\u00e9rie Achiever, qui sont [&hellip;]<\/p>\n","protected":false},"featured_media":47373,"template":"","meta":{"inline_featured_image":false},"product_brand":[306],"product_cat":[77,70,71],"product_tag":[],"class_list":{"0":"post-47371","1":"product","2":"type-product","3":"status-publish","4":"has-post-thumbnail","6":"product_brand-ruud","7":"product_cat-climatisation","8":"product_cat-climatisation-chauffage","9":"product_cat-systeme-central","11":"first","12":"instock","13":"taxable","14":"shipping-taxable","15":"product-type-variable"},"yoast_head":"<!-- This site is optimized with the Yoast SEO Premium plugin v24.2 (Yoast SEO v24.2) - https:\/\/yoast.com\/wordpress\/plugins\/seo\/ -->\n<title>Climatiseur Central RA13NZ Endeavor Line Achiever Series de Ruud - Groupe BelleFlamme<\/title>\n<meta name=\"description\" content=\"Climatiseur Central RA13NZ Endeavor Line Achiever Series de Ruud vendu et install\u00e9 par le Groupe Belleflamme. Laval, Montr\u00e9al, Gatineau et Saint-Sauveur.\" \/>\n<meta name=\"robots\" content=\"index, follow, max-snippet:-1, max-image-preview:large, max-video-preview:-1\" \/>\n<link rel=\"canonical\" href=\"https:\/\/staging.belleflamme.ca\/fr\/produit\/climatiseur-central-ra13nz-endeavor-line-achiever-series-de-ruud\/\" \/>\n<meta property=\"og:locale\" content=\"fr_FR\" \/>\n<meta property=\"og:type\" content=\"article\" \/>\n<meta property=\"og:title\" content=\"Climatiseur Central RA13NZ Endeavor Line Achiever Series de Ruud\" \/>\n<meta property=\"og:description\" content=\"Climatiseur Central RA13NZ Endeavor Line Achiever Series de Ruud vendu et install\u00e9 par le Groupe Belleflamme. Laval, Montr\u00e9al, Gatineau et Saint-Sauveur.\" \/>\n<meta property=\"og:url\" content=\"https:\/\/staging.belleflamme.ca\/fr\/produit\/climatiseur-central-ra13nz-endeavor-line-achiever-series-de-ruud\/\" \/>\n<meta property=\"og:site_name\" content=\"Groupe BelleFlamme\" \/>\n<meta property=\"article:publisher\" content=\"https:\/\/www.facebook.com\/belleflamme.ca\/\" \/>\n<meta property=\"article:modified_time\" content=\"2024-12-11T19:57:12+00:00\" \/>\n<meta property=\"og:image\" content=\"https:\/\/www.belleflamme.ca\/wp-content\/uploads\/2024\/12\/Climatiseur-Central-RA13NZ-Endeavor-Line-Achiever-Series-de-Ruud.webp\" \/>\n\t<meta property=\"og:image:width\" content=\"1000\" \/>\n\t<meta property=\"og:image:height\" content=\"1000\" \/>\n\t<meta property=\"og:image:type\" content=\"image\/webp\" \/>\n<meta name=\"twitter:card\" content=\"summary_large_image\" \/>\n<meta name=\"twitter:label1\" content=\"Disponibilit\u00e9\" \/>\n\t<meta name=\"twitter:data1\" content=\"En stock\" \/>\n<script type=\"application\/ld+json\" class=\"yoast-schema-graph\">{\"@context\":\"https:\/\/schema.org\",\"@graph\":[{\"@type\":[\"WebPage\",\"ItemPage\"],\"@id\":\"https:\/\/staging.belleflamme.ca\/fr\/produit\/climatiseur-central-ra13nz-endeavor-line-achiever-series-de-ruud\/\",\"url\":\"https:\/\/staging.belleflamme.ca\/fr\/produit\/climatiseur-central-ra13nz-endeavor-line-achiever-series-de-ruud\/\",\"name\":\"Climatiseur Central RA13NZ Endeavor Line Achiever Series de Ruud - Groupe BelleFlamme\",\"isPartOf\":{\"@id\":\"https:\/\/www.belleflamme.ca\/fr\/#website\"},\"primaryImageOfPage\":{\"@id\":\"https:\/\/staging.belleflamme.ca\/fr\/produit\/climatiseur-central-ra13nz-endeavor-line-achiever-series-de-ruud\/#primaryimage\"},\"image\":{\"@id\":\"https:\/\/staging.belleflamme.ca\/fr\/produit\/climatiseur-central-ra13nz-endeavor-line-achiever-series-de-ruud\/#primaryimage\"},\"thumbnailUrl\":\"https:\/\/staging.belleflamme.ca\/wp-content\/uploads\/2024\/12\/Climatiseur-Central-RA13NZ-Endeavor-Line-Achiever-Series-de-Ruud.webp\",\"datePublished\":\"2024-12-11T19:36:49+00:00\",\"dateModified\":\"2024-12-11T19:57:12+00:00\",\"description\":\"Climatiseur Central RA13NZ Endeavor Line Achiever Series de Ruud vendu et install\u00e9 par le Groupe Belleflamme. Laval, Montr\u00e9al, Gatineau et Saint-Sauveur.\",\"breadcrumb\":{\"@id\":\"https:\/\/staging.belleflamme.ca\/fr\/produit\/climatiseur-central-ra13nz-endeavor-line-achiever-series-de-ruud\/#breadcrumb\"},\"inLanguage\":\"fr-FR\",\"potentialAction\":[{\"@type\":\"ReadAction\",\"target\":[\"https:\/\/staging.belleflamme.ca\/fr\/produit\/climatiseur-central-ra13nz-endeavor-line-achiever-series-de-ruud\/\"]}]},{\"@type\":\"ImageObject\",\"inLanguage\":\"fr-FR\",\"@id\":\"https:\/\/staging.belleflamme.ca\/fr\/produit\/climatiseur-central-ra13nz-endeavor-line-achiever-series-de-ruud\/#primaryimage\",\"url\":\"https:\/\/staging.belleflamme.ca\/wp-content\/uploads\/2024\/12\/Climatiseur-Central-RA13NZ-Endeavor-Line-Achiever-Series-de-Ruud.webp\",\"contentUrl\":\"https:\/\/staging.belleflamme.ca\/wp-content\/uploads\/2024\/12\/Climatiseur-Central-RA13NZ-Endeavor-Line-Achiever-Series-de-Ruud.webp\",\"width\":1000,\"height\":1000,\"caption\":\"Climatiseur Central RA13NZ Endeavor Line Achiever Series de Ruud\"},{\"@type\":\"BreadcrumbList\",\"@id\":\"https:\/\/staging.belleflamme.ca\/fr\/produit\/climatiseur-central-ra13nz-endeavor-line-achiever-series-de-ruud\/#breadcrumb\",\"itemListElement\":[{\"@type\":\"ListItem\",\"position\":1,\"name\":\"Accueil\",\"item\":\"https:\/\/www.belleflamme.ca\/fr\/\"},{\"@type\":\"ListItem\",\"position\":2,\"name\":\"Boutique\",\"item\":\"https:\/\/www.belleflamme.ca\/fr\/boutique\/\"},{\"@type\":\"ListItem\",\"position\":3,\"name\":\"Climatisation &amp; Chauffage\",\"item\":\"https:\/\/staging.belleflamme.ca\/fr\/categories\/climatisation-chauffage\/\"},{\"@type\":\"ListItem\",\"position\":4,\"name\":\"Syst\u00e8me central\",\"item\":\"https:\/\/staging.belleflamme.ca\/fr\/categories\/climatisation-chauffage\/systeme-central\/\"},{\"@type\":\"ListItem\",\"position\":5,\"name\":\"Climatisation\",\"item\":\"https:\/\/staging.belleflamme.ca\/fr\/categories\/climatisation-chauffage\/systeme-central\/climatisation\/\"},{\"@type\":\"ListItem\",\"position\":6,\"name\":\"Climatiseur Central RA13NZ Endeavor Line Achiever Series de Ruud\"}]},{\"@type\":\"WebSite\",\"@id\":\"https:\/\/www.belleflamme.ca\/fr\/#website\",\"url\":\"https:\/\/www.belleflamme.ca\/fr\/\",\"name\":\"Groupe Belleflamme\",\"description\":\"La m\u00e9canique du b\u00e2timent dans le sang.\",\"publisher\":{\"@id\":\"https:\/\/www.belleflamme.ca\/fr\/#organization\"},\"potentialAction\":[{\"@type\":\"SearchAction\",\"target\":{\"@type\":\"EntryPoint\",\"urlTemplate\":\"https:\/\/www.belleflamme.ca\/fr\/?s={search_term_string}\"},\"query-input\":{\"@type\":\"PropertyValueSpecification\",\"valueRequired\":true,\"valueName\":\"search_term_string\"}}],\"inLanguage\":\"fr-FR\"},{\"@type\":[\"Organization\",\"Place\"],\"@id\":\"https:\/\/www.belleflamme.ca\/fr\/#organization\",\"name\":\"Groupe Belleflamme\",\"alternateName\":\"Belleflamme\",\"url\":\"https:\/\/www.belleflamme.ca\/fr\/\",\"logo\":{\"@type\":\"ImageObject\",\"inLanguage\":\"fr-FR\",\"@id\":\"https:\/\/www.belleflamme.ca\/fr\/#\/schema\/logo\/image\/\",\"url\":\"https:\/\/staging.belleflamme.ca\/wp-content\/uploads\/2023\/01\/og-image.jpg\",\"contentUrl\":\"https:\/\/staging.belleflamme.ca\/wp-content\/uploads\/2023\/01\/og-image.jpg\",\"width\":1200,\"height\":630,\"caption\":\"Groupe Belleflamme\"},\"image\":{\"@id\":\"https:\/\/www.belleflamme.ca\/fr\/#\/schema\/logo\/image\/\"},\"sameAs\":[\"https:\/\/www.facebook.com\/belleflamme.ca\/\",\"https:\/\/www.linkedin.com\/company\/belleflamme\/\",\"https:\/\/www.pinterest.ca\/groupebelleflamme\/\",\"https:\/\/www.instagram.com\/legroupebelleflamme\/\"],\"mainEntityOfPage\":{\"@id\":\"https:\/\/staging.belleflamme.ca\/fr\/produit\/climatiseur-central-ra13nz-endeavor-line-achiever-series-de-ruud\/\"}}]}<\/script>\n<meta property=\"product:brand\" content=\"Ruud\" \/>\n<meta property=\"og:availability\" content=\"instock\" \/>\n<meta property=\"product:availability\" content=\"instock\" \/>\n<meta property=\"product:condition\" content=\"new\" \/>\n<!-- \/ Yoast SEO Premium plugin. -->","yoast_head_json":{"title":"Climatiseur Central RA13NZ Endeavor Line Achiever Series de Ruud - Groupe BelleFlamme","description":"Climatiseur Central RA13NZ Endeavor Line Achiever Series de Ruud vendu et install\u00e9 par le Groupe Belleflamme. Laval, Montr\u00e9al, Gatineau et Saint-Sauveur.","robots":{"index":"index","follow":"follow","max-snippet":"max-snippet:-1","max-image-preview":"max-image-preview:large","max-video-preview":"max-video-preview:-1"},"canonical":"https:\/\/staging.belleflamme.ca\/fr\/produit\/climatiseur-central-ra13nz-endeavor-line-achiever-series-de-ruud\/","og_locale":"fr_FR","og_type":"article","og_title":"Climatiseur Central RA13NZ Endeavor Line Achiever Series de Ruud","og_description":"Climatiseur Central RA13NZ Endeavor Line Achiever Series de Ruud vendu et install\u00e9 par le Groupe Belleflamme. Laval, Montr\u00e9al, Gatineau et Saint-Sauveur.","og_url":"https:\/\/staging.belleflamme.ca\/fr\/produit\/climatiseur-central-ra13nz-endeavor-line-achiever-series-de-ruud\/","og_site_name":"Groupe BelleFlamme","article_publisher":"https:\/\/www.facebook.com\/belleflamme.ca\/","article_modified_time":"2024-12-11T19:57:12+00:00","og_image":[{"width":1000,"height":1000,"url":"https:\/\/www.belleflamme.ca\/wp-content\/uploads\/2024\/12\/Climatiseur-Central-RA13NZ-Endeavor-Line-Achiever-Series-de-Ruud.webp","type":"image\/webp"}],"twitter_card":"summary_large_image","twitter_misc":{"Disponibilit\u00e9":"En stock"},"schema":{"@context":"https:\/\/schema.org","@graph":[{"@type":["WebPage","ItemPage"],"@id":"https:\/\/staging.belleflamme.ca\/fr\/produit\/climatiseur-central-ra13nz-endeavor-line-achiever-series-de-ruud\/","url":"https:\/\/staging.belleflamme.ca\/fr\/produit\/climatiseur-central-ra13nz-endeavor-line-achiever-series-de-ruud\/","name":"Climatiseur Central RA13NZ Endeavor Line Achiever Series de Ruud - Groupe BelleFlamme","isPartOf":{"@id":"https:\/\/www.belleflamme.ca\/fr\/#website"},"primaryImageOfPage":{"@id":"https:\/\/staging.belleflamme.ca\/fr\/produit\/climatiseur-central-ra13nz-endeavor-line-achiever-series-de-ruud\/#primaryimage"},"image":{"@id":"https:\/\/staging.belleflamme.ca\/fr\/produit\/climatiseur-central-ra13nz-endeavor-line-achiever-series-de-ruud\/#primaryimage"},"thumbnailUrl":"https:\/\/staging.belleflamme.ca\/wp-content\/uploads\/2024\/12\/Climatiseur-Central-RA13NZ-Endeavor-Line-Achiever-Series-de-Ruud.webp","datePublished":"2024-12-11T19:36:49+00:00","dateModified":"2024-12-11T19:57:12+00:00","description":"Climatiseur Central RA13NZ Endeavor Line Achiever Series de Ruud vendu et install\u00e9 par le Groupe Belleflamme. Laval, Montr\u00e9al, Gatineau et Saint-Sauveur.","breadcrumb":{"@id":"https:\/\/staging.belleflamme.ca\/fr\/produit\/climatiseur-central-ra13nz-endeavor-line-achiever-series-de-ruud\/#breadcrumb"},"inLanguage":"fr-FR","potentialAction":[{"@type":"ReadAction","target":["https:\/\/staging.belleflamme.ca\/fr\/produit\/climatiseur-central-ra13nz-endeavor-line-achiever-series-de-ruud\/"]}]},{"@type":"ImageObject","inLanguage":"fr-FR","@id":"https:\/\/staging.belleflamme.ca\/fr\/produit\/climatiseur-central-ra13nz-endeavor-line-achiever-series-de-ruud\/#primaryimage","url":"https:\/\/staging.belleflamme.ca\/wp-content\/uploads\/2024\/12\/Climatiseur-Central-RA13NZ-Endeavor-Line-Achiever-Series-de-Ruud.webp","contentUrl":"https:\/\/staging.belleflamme.ca\/wp-content\/uploads\/2024\/12\/Climatiseur-Central-RA13NZ-Endeavor-Line-Achiever-Series-de-Ruud.webp","width":1000,"height":1000,"caption":"Climatiseur Central RA13NZ Endeavor Line Achiever Series de Ruud"},{"@type":"BreadcrumbList","@id":"https:\/\/staging.belleflamme.ca\/fr\/produit\/climatiseur-central-ra13nz-endeavor-line-achiever-series-de-ruud\/#breadcrumb","itemListElement":[{"@type":"ListItem","position":1,"name":"Accueil","item":"https:\/\/www.belleflamme.ca\/fr\/"},{"@type":"ListItem","position":2,"name":"Boutique","item":"https:\/\/www.belleflamme.ca\/fr\/boutique\/"},{"@type":"ListItem","position":3,"name":"Climatisation &amp; Chauffage","item":"https:\/\/staging.belleflamme.ca\/fr\/categories\/climatisation-chauffage\/"},{"@type":"ListItem","position":4,"name":"Syst\u00e8me central","item":"https:\/\/staging.belleflamme.ca\/fr\/categories\/climatisation-chauffage\/systeme-central\/"},{"@type":"ListItem","position":5,"name":"Climatisation","item":"https:\/\/staging.belleflamme.ca\/fr\/categories\/climatisation-chauffage\/systeme-central\/climatisation\/"},{"@type":"ListItem","position":6,"name":"Climatiseur Central RA13NZ Endeavor Line Achiever Series de Ruud"}]},{"@type":"WebSite","@id":"https:\/\/www.belleflamme.ca\/fr\/#website","url":"https:\/\/www.belleflamme.ca\/fr\/","name":"Groupe Belleflamme","description":"La m\u00e9canique du b\u00e2timent dans le sang.","publisher":{"@id":"https:\/\/www.belleflamme.ca\/fr\/#organization"},"potentialAction":[{"@type":"SearchAction","target":{"@type":"EntryPoint","urlTemplate":"https:\/\/www.belleflamme.ca\/fr\/?s={search_term_string}"},"query-input":{"@type":"PropertyValueSpecification","valueRequired":true,"valueName":"search_term_string"}}],"inLanguage":"fr-FR"},{"@type":["Organization","Place"],"@id":"https:\/\/www.belleflamme.ca\/fr\/#organization","name":"Groupe Belleflamme","alternateName":"Belleflamme","url":"https:\/\/www.belleflamme.ca\/fr\/","logo":{"@type":"ImageObject","inLanguage":"fr-FR","@id":"https:\/\/www.belleflamme.ca\/fr\/#\/schema\/logo\/image\/","url":"https:\/\/staging.belleflamme.ca\/wp-content\/uploads\/2023\/01\/og-image.jpg","contentUrl":"https:\/\/staging.belleflamme.ca\/wp-content\/uploads\/2023\/01\/og-image.jpg","width":1200,"height":630,"caption":"Groupe Belleflamme"},"image":{"@id":"https:\/\/www.belleflamme.ca\/fr\/#\/schema\/logo\/image\/"},"sameAs":["https:\/\/www.facebook.com\/belleflamme.ca\/","https:\/\/www.linkedin.com\/company\/belleflamme\/","https:\/\/www.pinterest.ca\/groupebelleflamme\/","https:\/\/www.instagram.com\/legroupebelleflamme\/"],"mainEntityOfPage":{"@id":"https:\/\/staging.belleflamme.ca\/fr\/produit\/climatiseur-central-ra13nz-endeavor-line-achiever-series-de-ruud\/"}}]},"product_brand":"Ruud","og_availability":"instock","product_availability":"instock","product_condition":"new"},"_links":{"self":[{"href":"https:\/\/staging.belleflamme.ca\/fr\/wp-json\/wp\/v2\/product\/47371","targetHints":{"allow":["GET"]}}],"collection":[{"href":"https:\/\/staging.belleflamme.ca\/fr\/wp-json\/wp\/v2\/product"}],"about":[{"href":"https:\/\/staging.belleflamme.ca\/fr\/wp-json\/wp\/v2\/types\/product"}],"version-history":[{"count":7,"href":"https:\/\/staging.belleflamme.ca\/fr\/wp-json\/wp\/v2\/product\/47371\/revisions"}],"predecessor-version":[{"id":47421,"href":"https:\/\/staging.belleflamme.ca\/fr\/wp-json\/wp\/v2\/product\/47371\/revisions\/47421"}],"wp:featuredmedia":[{"embeddable":true,"href":"https:\/\/staging.belleflamme.ca\/fr\/wp-json\/wp\/v2\/media\/47373"}],"wp:attachment":[{"href":"https:\/\/staging.belleflamme.ca\/fr\/wp-json\/wp\/v2\/media?parent=47371"}],"wp:term":[{"taxonomy":"product_brand","embeddable":true,"href":"https:\/\/staging.belleflamme.ca\/fr\/wp-json\/wp\/v2\/product_brand?post=47371"},{"taxonomy":"product_cat","embeddable":true,"href":"https:\/\/staging.belleflamme.ca\/fr\/wp-json\/wp\/v2\/product_cat?post=47371"},{"taxonomy":"product_tag","embeddable":true,"href":"https:\/\/staging.belleflamme.ca\/fr\/wp-json\/wp\/v2\/product_tag?post=47371"}],"curies":[{"name":"wp","href":"https:\/\/api.w.org\/{rel}","templated":true}]}}