{"id":47226,"date":"2024-12-11T11:33:26","date_gmt":"2024-12-11T16:33:26","guid":{"rendered":"https:\/\/www.belleflamme.ca\/?post_type=product&#038;p=47226"},"modified":"2024-12-11T12:01:23","modified_gmt":"2024-12-11T17:01:23","slug":"climatiseur-central-endeavor-ua18az-de-serie-ultra-de-ruud","status":"publish","type":"product","link":"https:\/\/staging.belleflamme.ca\/fr\/produit\/climatiseur-central-endeavor-ua18az-de-serie-ultra-de-ruud\/","title":{"rendered":"Climatiseur Central Endeavor UA18AZ de s\u00e9rie Ultra de Ruud"},"content":{"rendered":"\t\t<div data-elementor-type=\"product-post\" data-elementor-id=\"47226\" class=\"elementor elementor-47226\" data-elementor-post-type=\"product\">\n\t\t\t\t\t\t<section class=\"elementor-section elementor-top-section elementor-element elementor-element-50676af1 elementor-section-boxed elementor-section-height-default elementor-section-height-default\" data-id=\"50676af1\" data-element_type=\"section\">\n\t\t\t\t\t\t<div class=\"elementor-container elementor-column-gap-default\">\n\t\t\t\t\t<div class=\"elementor-column elementor-col-100 elementor-top-column elementor-element elementor-element-f42219f\" data-id=\"f42219f\" data-element_type=\"column\">\n\t\t\t<div class=\"elementor-widget-wrap elementor-element-populated\">\n\t\t\t\t\t\t<div class=\"elementor-element elementor-element-777c25d3 elementor-widget elementor-widget-text-editor\" data-id=\"777c25d3\" data-element_type=\"widget\" data-widget_type=\"text-editor.default\">\n\t\t\t\t<div class=\"elementor-widget-container\">\n\t\t\t\t\t\t\t\t\t<p>Nous sommes la seule marque \u00e0 offrir d\u2019innovantes solutions de chauffage d\u2019air et d\u2019eau sur les march\u00e9s r\u00e9sidentiels et commerciaux partout sur la plan\u00e8te. Ruud offre des solutions de confort \u00e0 la fine pointe et \u00e9conerg\u00e9tiques depuis pr\u00e8s de 100 ans.<\/p><p><strong>Cotes de climatisation:<\/strong><br \/>19 SEER2\/12 EER2<\/p><p><strong>Puissances nominales:<\/strong><br \/>2 \u00e0 5 tonnes<\/p><p><strong>Puissance de climatisation:<\/strong><br \/>22,8 \u00e0 54 kBTU\/h<\/p><p><strong>Interface EcoNetMD:<br \/><\/strong>Oui<\/p><p><strong>Puissance sonore2: <\/strong><br \/>min. 54 dB<\/p><p><strong>Type compresseur: <\/strong><br \/>\u00e0 onduleur (vitesse variable)<\/p><p><strong>Diam\u00e8tre serpentin: <\/strong><br \/>3\/8 po<\/p><h3>Installation et entretien simplifi\u00e9s avec la communication Bluetooth<\/h3><p>L\u2019interface BluetoothMD int\u00e9gr\u00e9e facilitera l\u2019installation et l\u2019entretien de votre nouveau syst\u00e8me. Simplifie et acc\u00e9l\u00e8re les travaux d\u2019installation, ce qui r\u00e9duit la dur\u00e9e et les co\u00fbts de l\u2019installation et surtout, vous profitez d\u2019une maison confortable en un rien de temps!<\/p><h3>Avantages PlusOneMD:<\/h3><ul><li>Diagnostic PlusOneMD \u2212 Communication Bluetooth facilite et acc\u00e9l\u00e8re l\u2019entretien<\/li><li>D\u00e9gagement d\u2019entretien PlusOne \u2212 27 po\u00b2 autour de la vanne d\u2019expansion<\/li><li>Trois acc\u00e8s d\u2019entretien PlusOne \u2212 Corni\u00e8res amovibles de 15 po, seulement 2 vis; panneaux grillag\u00e9s individuellement amovibles<\/li><\/ul><h3>RuudMD EndeavorMC &#8211; S\u00e9rie UltraMD<\/h3><p>\u00c9quip\u00e9e d\u2019une interface EcoNetMD, le climatiseur Ruud Endeavor UA18AZ de s\u00e9rie Ultra est certifi\u00e9 ENERGY STAR\u00ae: c\u2019est l\u2019une des plus \u00e9conerg\u00e9tiques offerts sur le march\u00e9: c\u2019est l\u2019un des plus \u00e9conerg\u00e9tiques offerts sur le march\u00e9.<\/p><p style=\"text-align: center;\"><img decoding=\"async\" class=\"alignnone size-full wp-image-47234 alignleft\" src=\"https:\/\/www.belleflamme.ca\/wp-content\/uploads\/2024\/12\/2024-12-11-11_40_15-45A124F9-B47B-4CA6-8CC3-7A360CCE3980.pdf.png\" alt=\"\" width=\"160\" height=\"155\" \/><\/p><h3>\u00a0<\/h3><h3>\u00a0<\/h3><h3>\u00a0<\/h3><h3>\u00a0<\/h3><h3>L\u2019innovation ax\u00e9e sur la fiabilit\u00e9<\/h3><p>Caract\u00e9ristiques brevet\u00e9es + conception 360+1: le Ruud Endeavor UA18AZ est un choix judicieux.<\/p><p><strong>Performance et tranquillit\u00e9 d\u2019esprit<\/strong><\/p><p>Relaxez&#8230; vous serez prot\u00e9g\u00e9 par les meilleures garanties de l\u2019industrie!<\/p><p>Jusqu\u2019\u00e0 10 ans sur les pi\u00e8ces et remplacement conditionnel de 10 ans.<\/p><p style=\"text-align: center;\"><img fetchpriority=\"high\" decoding=\"async\" class=\"alignnone size-full wp-image-47247\" src=\"https:\/\/www.belleflamme.ca\/wp-content\/uploads\/2024\/12\/Garantie-Belleflamme-FR-1-1.png\" alt=\"\" width=\"250\" height=\"250\" srcset=\"https:\/\/staging.belleflamme.ca\/wp-content\/uploads\/2024\/12\/Garantie-Belleflamme-FR-1-1.png 250w, https:\/\/staging.belleflamme.ca\/wp-content\/uploads\/2024\/12\/Garantie-Belleflamme-FR-1-1-150x150.png 150w, https:\/\/staging.belleflamme.ca\/wp-content\/uploads\/2024\/12\/Garantie-Belleflamme-FR-1-1-100x100.png 100w\" sizes=\"(max-width: 250px) 100vw, 250px\" \/><\/p><p><strong>\u00c9conomies d\u2019\u00e9nergie<\/strong><\/p><p>Plus la cote SEER2 et EER2 d\u2019un appareil de chauffage ou de climatisation est \u00e9lev\u00e9e, plus il est efficace et plus vous \u00e9conomiserez, mois apr\u00e8s mois. D\u2019autres facteurs, comme la combinaison et le dimensionnement des \u00e9quipements, la longueur des conduits et les d\u00e9tails d\u2019installation influent aussi sur l\u2019efficacit\u00e9 du syst\u00e8me. Faites appel \u00e0 un entrepreneur bien form\u00e9 pour choisir en toute confiance le syst\u00e8me de chauffage et de climatisation qui assurera le confort de votre maison tout en respectant votre budget.<\/p><p><strong>Comfort ultime<\/strong><\/p><p>Compresseur \u00e0 vitesse variable (\u00e0 onduleur): plage de climatisation entre 40 et 70% de la<br \/>capacit\u00e9 maximale et fonction de surclimatisation \u00e0 115% pour r\u00e9pondre avec pr\u00e9cision \u00e0 vos<br \/>besoins de confort changeants. Vous appr\u00e9cierez aussi le plein confort procur\u00e9 par la fonction<br \/>de r\u00e9gulation de l\u2019humidit\u00e9, qui d\u00e9passera sans doutes toutes vos attentes!<\/p><p><strong>Un look qui inspire confiance<\/strong><\/p><p>Qu\u2019il s\u2019agisse d\u2019utiliser des lattes aux ar\u00eates adoucies pour r\u00e9duire le bruit, de robustes piliers de coins pour prot\u00e9ger les composantes internes, un bac d\u2019\u00e9gouttement en composite anticorrosion ou un enduit lustr\u00e9 \u00e0 poudre \u00e9lectrostatique, nos concepteurs cherchent \u00e0 vous offrir un produit fini \u00e0 l\u2019esth\u00e9tique soign\u00e9e.<\/p><p><strong>Fonctionnement silencieux<\/strong><\/p><p>Le confort \u00e0 la maison peut \u00eatre silencieux! Nos climatiseurs sont con\u00e7us pour amortir le bruit: tubes de r\u00e9frig\u00e9rant flexibles, pales aux formes optimis\u00e9es, bac d\u2019\u00e9gouttement en composite, et bloc compresseur et d\u2019entra\u00eenement int\u00e9grant les technologies les plus modernes.\u00a0<\/p><p><img decoding=\"async\" class=\"alignnone size-full wp-image-47238\" src=\"https:\/\/www.belleflamme.ca\/wp-content\/uploads\/2024\/12\/2024-12-11-11_47_36-6C7A6E37-733E-4322-9ADF-F85093D36032.pdf.png\" alt=\"\" width=\"1072\" height=\"827\" srcset=\"https:\/\/staging.belleflamme.ca\/wp-content\/uploads\/2024\/12\/2024-12-11-11_47_36-6C7A6E37-733E-4322-9ADF-F85093D36032.pdf.png 1072w, https:\/\/staging.belleflamme.ca\/wp-content\/uploads\/2024\/12\/2024-12-11-11_47_36-6C7A6E37-733E-4322-9ADF-F85093D36032.pdf-300x231.png 300w, https:\/\/staging.belleflamme.ca\/wp-content\/uploads\/2024\/12\/2024-12-11-11_47_36-6C7A6E37-733E-4322-9ADF-F85093D36032.pdf-1024x790.png 1024w, https:\/\/staging.belleflamme.ca\/wp-content\/uploads\/2024\/12\/2024-12-11-11_47_36-6C7A6E37-733E-4322-9ADF-F85093D36032.pdf-768x592.png 768w, https:\/\/staging.belleflamme.ca\/wp-content\/uploads\/2024\/12\/2024-12-11-11_47_36-6C7A6E37-733E-4322-9ADF-F85093D36032.pdf-900x694.png 900w\" sizes=\"(max-width: 1072px) 100vw, 1072px\" \/><\/p>\t\t\t\t\t\t\t\t<\/div>\n\t\t\t\t<\/div>\n\t\t\t\t\t<\/div>\n\t\t<\/div>\n\t\t\t\t\t<\/div>\n\t\t<\/section>\n\t\t\t\t<section class=\"elementor-section elementor-top-section elementor-element elementor-element-a758f4b elementor-section-boxed elementor-section-height-default elementor-section-height-default\" data-id=\"a758f4b\" data-element_type=\"section\">\n\t\t\t\t\t\t<div class=\"elementor-container elementor-column-gap-default\">\n\t\t\t\t\t<div class=\"elementor-column elementor-col-100 elementor-top-column elementor-element elementor-element-1a0a4c8\" data-id=\"1a0a4c8\" data-element_type=\"column\">\n\t\t\t<div class=\"elementor-widget-wrap elementor-element-populated\">\n\t\t\t\t\t\t<div class=\"elementor-element elementor-element-c5f8c73 elementor-tabs-view-horizontal elementor-widget elementor-widget-tabs\" data-id=\"c5f8c73\" data-element_type=\"widget\" data-widget_type=\"tabs.default\">\n\t\t\t\t<div class=\"elementor-widget-container\">\n\t\t\t\t\t\t\t<div class=\"elementor-tabs\">\n\t\t\t<div class=\"elementor-tabs-wrapper\" role=\"tablist\" >\n\t\t\t\t\t\t\t\t\t<div id=\"elementor-tab-title-2071\" class=\"elementor-tab-title elementor-tab-desktop-title\" aria-selected=\"true\" data-tab=\"1\" role=\"tab\" tabindex=\"0\" aria-controls=\"elementor-tab-content-2071\" aria-expanded=\"false\">Fichiers<\/div>\n\t\t\t\t\t\t\t<\/div>\n\t\t\t<div class=\"elementor-tabs-content-wrapper\" role=\"tablist\" aria-orientation=\"vertical\">\n\t\t\t\t\t\t\t\t\t<div class=\"elementor-tab-title elementor-tab-mobile-title\" aria-selected=\"true\" data-tab=\"1\" role=\"tab\" tabindex=\"0\" aria-controls=\"elementor-tab-content-2071\" aria-expanded=\"false\">Fichiers<\/div>\n\t\t\t\t\t<div id=\"elementor-tab-content-2071\" class=\"elementor-tab-content elementor-clearfix\" data-tab=\"1\" role=\"tabpanel\" aria-labelledby=\"elementor-tab-title-2071\" tabindex=\"0\" hidden=\"false\"><i class=\"far fa-file-pdf fa-xl\" style=\"font-size: 35px;\"><\/i><a href=\"https:\/\/www.belleflamme.ca\/wp-content\/uploads\/2024\/12\/45A124F9-B47B-4CA6-8CC3-7A360CCE3980-1.pdf\"> Brochure<\/a><br\/>\n<i class=\"far fa-file-pdf fa-xl\" style=\"font-size: 35px;\"><\/i><a href=\"https:\/\/www.belleflamme.ca\/wp-content\/uploads\/2024\/12\/96B80C1E-4127-48A2-A8DB-7E8006CB8CDE-1.pdf\"> Comparatif<\/a><br\/>\n<i class=\"far fa-file-pdf fa-xl\" style=\"font-size: 35px;\"><\/i><a href=\"https:\/\/www.belleflamme.ca\/wp-content\/uploads\/2024\/12\/6C7A6E37-733E-4322-9ADF-F85093D36032-1.pdf\"> Sp\u00e9cifications<\/a><br\/>\n<i class=\"far fa-file-pdf fa-xl\" style=\"font-size: 35px;\"><\/i><a href=\"https:\/\/www.belleflamme.ca\/wp-content\/uploads\/2024\/12\/033C4C23-E03C-4995-9069-90312FC0D765-1.pdf\"> Garantie<\/a><br\/><\/div>\n\t\t\t\t\t\t\t<\/div>\n\t\t<\/div>\n\t\t\t\t\t\t<\/div>\n\t\t\t\t<\/div>\n\t\t\t\t\t<\/div>\n\t\t<\/div>\n\t\t\t\t\t<\/div>\n\t\t<\/section>\n\t\t\t\t<\/div>\n\t\t","protected":false},"excerpt":{"rendered":"<p>Nous sommes la seule marque \u00e0 offrir d\u2019innovantes solutions de chauffage d\u2019air et d\u2019eau sur les march\u00e9s r\u00e9sidentiels et commerciaux partout sur la plan\u00e8te. Ruud offre des solutions de confort \u00e0 la fine pointe et \u00e9conerg\u00e9tiques depuis pr\u00e8s de 100 ans. Cotes de climatisation:19 SEER2\/12 EER2 Puissances nominales:2 \u00e0 5 tonnes Puissance de climatisation:22,8 \u00e0 [&hellip;]<\/p>\n","protected":false},"featured_media":47227,"template":"","meta":{"inline_featured_image":false},"product_brand":[306],"product_cat":[77,70,71],"product_tag":[],"class_list":{"0":"post-47226","1":"product","2":"type-product","3":"status-publish","4":"has-post-thumbnail","6":"product_brand-ruud","7":"product_cat-climatisation","8":"product_cat-climatisation-chauffage","9":"product_cat-systeme-central","11":"first","12":"instock","13":"taxable","14":"shipping-taxable","15":"product-type-variable"},"yoast_head":"<!-- This site is optimized with the Yoast SEO Premium plugin v24.2 (Yoast SEO v24.2) - https:\/\/yoast.com\/wordpress\/plugins\/seo\/ -->\n<title>Climatiseur Central Endeavor UA18AZ de s\u00e9rie Ultra de Ruud - Groupe BelleFlamme<\/title>\n<meta name=\"description\" content=\"Climatiseur Central Endeavor UA18AZ de s\u00e9rie Ultra de Ruud vendu et install\u00e9 par le Groupe Belleflamme. Laval, Montr\u00e9al, Gatineau et Saint-Sauveur.\" \/>\n<meta name=\"robots\" content=\"index, follow, max-snippet:-1, max-image-preview:large, max-video-preview:-1\" \/>\n<link rel=\"canonical\" href=\"https:\/\/staging.belleflamme.ca\/fr\/produit\/climatiseur-central-endeavor-ua18az-de-serie-ultra-de-ruud\/\" \/>\n<meta property=\"og:locale\" content=\"fr_FR\" \/>\n<meta property=\"og:type\" content=\"article\" \/>\n<meta property=\"og:title\" content=\"Climatiseur Central Endeavor UA18AZ de s\u00e9rie Ultra de Ruud\" \/>\n<meta property=\"og:description\" content=\"Climatiseur Central Endeavor UA18AZ de s\u00e9rie Ultra de Ruud vendu et install\u00e9 par le Groupe Belleflamme. Laval, Montr\u00e9al, Gatineau et Saint-Sauveur.\" \/>\n<meta property=\"og:url\" content=\"https:\/\/staging.belleflamme.ca\/fr\/produit\/climatiseur-central-endeavor-ua18az-de-serie-ultra-de-ruud\/\" \/>\n<meta property=\"og:site_name\" content=\"Groupe BelleFlamme\" \/>\n<meta property=\"article:publisher\" content=\"https:\/\/www.facebook.com\/belleflamme.ca\/\" \/>\n<meta property=\"article:modified_time\" content=\"2024-12-11T17:01:23+00:00\" \/>\n<meta property=\"og:image\" content=\"https:\/\/www.belleflamme.ca\/wp-content\/uploads\/2024\/12\/Climatiseur-Central-Endeavor-UA18AZ-de-serie-Ultra-de-Ruud.webp\" \/>\n\t<meta property=\"og:image:width\" content=\"1000\" \/>\n\t<meta property=\"og:image:height\" content=\"1000\" \/>\n\t<meta property=\"og:image:type\" content=\"image\/webp\" \/>\n<meta name=\"twitter:card\" content=\"summary_large_image\" \/>\n<meta name=\"twitter:label1\" content=\"Disponibilit\u00e9\" \/>\n\t<meta name=\"twitter:data1\" content=\"En stock\" \/>\n<script type=\"application\/ld+json\" class=\"yoast-schema-graph\">{\"@context\":\"https:\/\/schema.org\",\"@graph\":[{\"@type\":[\"WebPage\",\"ItemPage\"],\"@id\":\"https:\/\/staging.belleflamme.ca\/fr\/produit\/climatiseur-central-endeavor-ua18az-de-serie-ultra-de-ruud\/\",\"url\":\"https:\/\/staging.belleflamme.ca\/fr\/produit\/climatiseur-central-endeavor-ua18az-de-serie-ultra-de-ruud\/\",\"name\":\"Climatiseur Central Endeavor UA18AZ de s\u00e9rie Ultra de Ruud - Groupe BelleFlamme\",\"isPartOf\":{\"@id\":\"https:\/\/www.belleflamme.ca\/fr\/#website\"},\"primaryImageOfPage\":{\"@id\":\"https:\/\/staging.belleflamme.ca\/fr\/produit\/climatiseur-central-endeavor-ua18az-de-serie-ultra-de-ruud\/#primaryimage\"},\"image\":{\"@id\":\"https:\/\/staging.belleflamme.ca\/fr\/produit\/climatiseur-central-endeavor-ua18az-de-serie-ultra-de-ruud\/#primaryimage\"},\"thumbnailUrl\":\"https:\/\/staging.belleflamme.ca\/wp-content\/uploads\/2024\/12\/Climatiseur-Central-Endeavor-UA18AZ-de-serie-Ultra-de-Ruud.webp\",\"datePublished\":\"2024-12-11T16:33:26+00:00\",\"dateModified\":\"2024-12-11T17:01:23+00:00\",\"description\":\"Climatiseur Central Endeavor UA18AZ de s\u00e9rie Ultra de Ruud vendu et install\u00e9 par le Groupe Belleflamme. Laval, Montr\u00e9al, Gatineau et Saint-Sauveur.\",\"breadcrumb\":{\"@id\":\"https:\/\/staging.belleflamme.ca\/fr\/produit\/climatiseur-central-endeavor-ua18az-de-serie-ultra-de-ruud\/#breadcrumb\"},\"inLanguage\":\"fr-FR\",\"potentialAction\":[{\"@type\":\"ReadAction\",\"target\":[\"https:\/\/staging.belleflamme.ca\/fr\/produit\/climatiseur-central-endeavor-ua18az-de-serie-ultra-de-ruud\/\"]}]},{\"@type\":\"ImageObject\",\"inLanguage\":\"fr-FR\",\"@id\":\"https:\/\/staging.belleflamme.ca\/fr\/produit\/climatiseur-central-endeavor-ua18az-de-serie-ultra-de-ruud\/#primaryimage\",\"url\":\"https:\/\/staging.belleflamme.ca\/wp-content\/uploads\/2024\/12\/Climatiseur-Central-Endeavor-UA18AZ-de-serie-Ultra-de-Ruud.webp\",\"contentUrl\":\"https:\/\/staging.belleflamme.ca\/wp-content\/uploads\/2024\/12\/Climatiseur-Central-Endeavor-UA18AZ-de-serie-Ultra-de-Ruud.webp\",\"width\":1000,\"height\":1000,\"caption\":\"Climatiseur Central Endeavor UA18AZ de s\u00e9rie Ultra de Ruud\"},{\"@type\":\"BreadcrumbList\",\"@id\":\"https:\/\/staging.belleflamme.ca\/fr\/produit\/climatiseur-central-endeavor-ua18az-de-serie-ultra-de-ruud\/#breadcrumb\",\"itemListElement\":[{\"@type\":\"ListItem\",\"position\":1,\"name\":\"Accueil\",\"item\":\"https:\/\/www.belleflamme.ca\/fr\/\"},{\"@type\":\"ListItem\",\"position\":2,\"name\":\"Boutique\",\"item\":\"https:\/\/www.belleflamme.ca\/fr\/boutique\/\"},{\"@type\":\"ListItem\",\"position\":3,\"name\":\"Climatisation &amp; Chauffage\",\"item\":\"https:\/\/staging.belleflamme.ca\/fr\/categories\/climatisation-chauffage\/\"},{\"@type\":\"ListItem\",\"position\":4,\"name\":\"Syst\u00e8me central\",\"item\":\"https:\/\/staging.belleflamme.ca\/fr\/categories\/climatisation-chauffage\/systeme-central\/\"},{\"@type\":\"ListItem\",\"position\":5,\"name\":\"Climatisation\",\"item\":\"https:\/\/staging.belleflamme.ca\/fr\/categories\/climatisation-chauffage\/systeme-central\/climatisation\/\"},{\"@type\":\"ListItem\",\"position\":6,\"name\":\"Climatiseur Central Endeavor UA18AZ de s\u00e9rie Ultra de Ruud\"}]},{\"@type\":\"WebSite\",\"@id\":\"https:\/\/www.belleflamme.ca\/fr\/#website\",\"url\":\"https:\/\/www.belleflamme.ca\/fr\/\",\"name\":\"Groupe Belleflamme\",\"description\":\"La m\u00e9canique du b\u00e2timent dans le sang.\",\"publisher\":{\"@id\":\"https:\/\/www.belleflamme.ca\/fr\/#organization\"},\"potentialAction\":[{\"@type\":\"SearchAction\",\"target\":{\"@type\":\"EntryPoint\",\"urlTemplate\":\"https:\/\/www.belleflamme.ca\/fr\/?s={search_term_string}\"},\"query-input\":{\"@type\":\"PropertyValueSpecification\",\"valueRequired\":true,\"valueName\":\"search_term_string\"}}],\"inLanguage\":\"fr-FR\"},{\"@type\":[\"Organization\",\"Place\"],\"@id\":\"https:\/\/www.belleflamme.ca\/fr\/#organization\",\"name\":\"Groupe Belleflamme\",\"alternateName\":\"Belleflamme\",\"url\":\"https:\/\/www.belleflamme.ca\/fr\/\",\"logo\":{\"@type\":\"ImageObject\",\"inLanguage\":\"fr-FR\",\"@id\":\"https:\/\/www.belleflamme.ca\/fr\/#\/schema\/logo\/image\/\",\"url\":\"https:\/\/staging.belleflamme.ca\/wp-content\/uploads\/2023\/01\/og-image.jpg\",\"contentUrl\":\"https:\/\/staging.belleflamme.ca\/wp-content\/uploads\/2023\/01\/og-image.jpg\",\"width\":1200,\"height\":630,\"caption\":\"Groupe Belleflamme\"},\"image\":{\"@id\":\"https:\/\/www.belleflamme.ca\/fr\/#\/schema\/logo\/image\/\"},\"sameAs\":[\"https:\/\/www.facebook.com\/belleflamme.ca\/\",\"https:\/\/www.linkedin.com\/company\/belleflamme\/\",\"https:\/\/www.pinterest.ca\/groupebelleflamme\/\",\"https:\/\/www.instagram.com\/legroupebelleflamme\/\"],\"mainEntityOfPage\":{\"@id\":\"https:\/\/staging.belleflamme.ca\/fr\/produit\/climatiseur-central-endeavor-ua18az-de-serie-ultra-de-ruud\/\"}}]}<\/script>\n<meta property=\"product:brand\" content=\"Ruud\" \/>\n<meta property=\"og:availability\" content=\"instock\" \/>\n<meta property=\"product:availability\" content=\"instock\" \/>\n<meta property=\"product:condition\" content=\"new\" \/>\n<!-- \/ Yoast SEO Premium plugin. -->","yoast_head_json":{"title":"Climatiseur Central Endeavor UA18AZ de s\u00e9rie Ultra de Ruud - Groupe BelleFlamme","description":"Climatiseur Central Endeavor UA18AZ de s\u00e9rie Ultra de Ruud vendu et install\u00e9 par le Groupe Belleflamme. Laval, Montr\u00e9al, Gatineau et Saint-Sauveur.","robots":{"index":"index","follow":"follow","max-snippet":"max-snippet:-1","max-image-preview":"max-image-preview:large","max-video-preview":"max-video-preview:-1"},"canonical":"https:\/\/staging.belleflamme.ca\/fr\/produit\/climatiseur-central-endeavor-ua18az-de-serie-ultra-de-ruud\/","og_locale":"fr_FR","og_type":"article","og_title":"Climatiseur Central Endeavor UA18AZ de s\u00e9rie Ultra de Ruud","og_description":"Climatiseur Central Endeavor UA18AZ de s\u00e9rie Ultra de Ruud vendu et install\u00e9 par le Groupe Belleflamme. Laval, Montr\u00e9al, Gatineau et Saint-Sauveur.","og_url":"https:\/\/staging.belleflamme.ca\/fr\/produit\/climatiseur-central-endeavor-ua18az-de-serie-ultra-de-ruud\/","og_site_name":"Groupe BelleFlamme","article_publisher":"https:\/\/www.facebook.com\/belleflamme.ca\/","article_modified_time":"2024-12-11T17:01:23+00:00","og_image":[{"width":1000,"height":1000,"url":"https:\/\/www.belleflamme.ca\/wp-content\/uploads\/2024\/12\/Climatiseur-Central-Endeavor-UA18AZ-de-serie-Ultra-de-Ruud.webp","type":"image\/webp"}],"twitter_card":"summary_large_image","twitter_misc":{"Disponibilit\u00e9":"En stock"},"schema":{"@context":"https:\/\/schema.org","@graph":[{"@type":["WebPage","ItemPage"],"@id":"https:\/\/staging.belleflamme.ca\/fr\/produit\/climatiseur-central-endeavor-ua18az-de-serie-ultra-de-ruud\/","url":"https:\/\/staging.belleflamme.ca\/fr\/produit\/climatiseur-central-endeavor-ua18az-de-serie-ultra-de-ruud\/","name":"Climatiseur Central Endeavor UA18AZ de s\u00e9rie Ultra de Ruud - Groupe BelleFlamme","isPartOf":{"@id":"https:\/\/www.belleflamme.ca\/fr\/#website"},"primaryImageOfPage":{"@id":"https:\/\/staging.belleflamme.ca\/fr\/produit\/climatiseur-central-endeavor-ua18az-de-serie-ultra-de-ruud\/#primaryimage"},"image":{"@id":"https:\/\/staging.belleflamme.ca\/fr\/produit\/climatiseur-central-endeavor-ua18az-de-serie-ultra-de-ruud\/#primaryimage"},"thumbnailUrl":"https:\/\/staging.belleflamme.ca\/wp-content\/uploads\/2024\/12\/Climatiseur-Central-Endeavor-UA18AZ-de-serie-Ultra-de-Ruud.webp","datePublished":"2024-12-11T16:33:26+00:00","dateModified":"2024-12-11T17:01:23+00:00","description":"Climatiseur Central Endeavor UA18AZ de s\u00e9rie Ultra de Ruud vendu et install\u00e9 par le Groupe Belleflamme. Laval, Montr\u00e9al, Gatineau et Saint-Sauveur.","breadcrumb":{"@id":"https:\/\/staging.belleflamme.ca\/fr\/produit\/climatiseur-central-endeavor-ua18az-de-serie-ultra-de-ruud\/#breadcrumb"},"inLanguage":"fr-FR","potentialAction":[{"@type":"ReadAction","target":["https:\/\/staging.belleflamme.ca\/fr\/produit\/climatiseur-central-endeavor-ua18az-de-serie-ultra-de-ruud\/"]}]},{"@type":"ImageObject","inLanguage":"fr-FR","@id":"https:\/\/staging.belleflamme.ca\/fr\/produit\/climatiseur-central-endeavor-ua18az-de-serie-ultra-de-ruud\/#primaryimage","url":"https:\/\/staging.belleflamme.ca\/wp-content\/uploads\/2024\/12\/Climatiseur-Central-Endeavor-UA18AZ-de-serie-Ultra-de-Ruud.webp","contentUrl":"https:\/\/staging.belleflamme.ca\/wp-content\/uploads\/2024\/12\/Climatiseur-Central-Endeavor-UA18AZ-de-serie-Ultra-de-Ruud.webp","width":1000,"height":1000,"caption":"Climatiseur Central Endeavor UA18AZ de s\u00e9rie Ultra de Ruud"},{"@type":"BreadcrumbList","@id":"https:\/\/staging.belleflamme.ca\/fr\/produit\/climatiseur-central-endeavor-ua18az-de-serie-ultra-de-ruud\/#breadcrumb","itemListElement":[{"@type":"ListItem","position":1,"name":"Accueil","item":"https:\/\/www.belleflamme.ca\/fr\/"},{"@type":"ListItem","position":2,"name":"Boutique","item":"https:\/\/www.belleflamme.ca\/fr\/boutique\/"},{"@type":"ListItem","position":3,"name":"Climatisation &amp; Chauffage","item":"https:\/\/staging.belleflamme.ca\/fr\/categories\/climatisation-chauffage\/"},{"@type":"ListItem","position":4,"name":"Syst\u00e8me central","item":"https:\/\/staging.belleflamme.ca\/fr\/categories\/climatisation-chauffage\/systeme-central\/"},{"@type":"ListItem","position":5,"name":"Climatisation","item":"https:\/\/staging.belleflamme.ca\/fr\/categories\/climatisation-chauffage\/systeme-central\/climatisation\/"},{"@type":"ListItem","position":6,"name":"Climatiseur Central Endeavor UA18AZ de s\u00e9rie Ultra de Ruud"}]},{"@type":"WebSite","@id":"https:\/\/www.belleflamme.ca\/fr\/#website","url":"https:\/\/www.belleflamme.ca\/fr\/","name":"Groupe Belleflamme","description":"La m\u00e9canique du b\u00e2timent dans le sang.","publisher":{"@id":"https:\/\/www.belleflamme.ca\/fr\/#organization"},"potentialAction":[{"@type":"SearchAction","target":{"@type":"EntryPoint","urlTemplate":"https:\/\/www.belleflamme.ca\/fr\/?s={search_term_string}"},"query-input":{"@type":"PropertyValueSpecification","valueRequired":true,"valueName":"search_term_string"}}],"inLanguage":"fr-FR"},{"@type":["Organization","Place"],"@id":"https:\/\/www.belleflamme.ca\/fr\/#organization","name":"Groupe Belleflamme","alternateName":"Belleflamme","url":"https:\/\/www.belleflamme.ca\/fr\/","logo":{"@type":"ImageObject","inLanguage":"fr-FR","@id":"https:\/\/www.belleflamme.ca\/fr\/#\/schema\/logo\/image\/","url":"https:\/\/staging.belleflamme.ca\/wp-content\/uploads\/2023\/01\/og-image.jpg","contentUrl":"https:\/\/staging.belleflamme.ca\/wp-content\/uploads\/2023\/01\/og-image.jpg","width":1200,"height":630,"caption":"Groupe Belleflamme"},"image":{"@id":"https:\/\/www.belleflamme.ca\/fr\/#\/schema\/logo\/image\/"},"sameAs":["https:\/\/www.facebook.com\/belleflamme.ca\/","https:\/\/www.linkedin.com\/company\/belleflamme\/","https:\/\/www.pinterest.ca\/groupebelleflamme\/","https:\/\/www.instagram.com\/legroupebelleflamme\/"],"mainEntityOfPage":{"@id":"https:\/\/staging.belleflamme.ca\/fr\/produit\/climatiseur-central-endeavor-ua18az-de-serie-ultra-de-ruud\/"}}]},"product_brand":"Ruud","og_availability":"instock","product_availability":"instock","product_condition":"new"},"_links":{"self":[{"href":"https:\/\/staging.belleflamme.ca\/fr\/wp-json\/wp\/v2\/product\/47226","targetHints":{"allow":["GET"]}}],"collection":[{"href":"https:\/\/staging.belleflamme.ca\/fr\/wp-json\/wp\/v2\/product"}],"about":[{"href":"https:\/\/staging.belleflamme.ca\/fr\/wp-json\/wp\/v2\/types\/product"}],"version-history":[{"count":5,"href":"https:\/\/staging.belleflamme.ca\/fr\/wp-json\/wp\/v2\/product\/47226\/revisions"}],"predecessor-version":[{"id":47337,"href":"https:\/\/staging.belleflamme.ca\/fr\/wp-json\/wp\/v2\/product\/47226\/revisions\/47337"}],"wp:featuredmedia":[{"embeddable":true,"href":"https:\/\/staging.belleflamme.ca\/fr\/wp-json\/wp\/v2\/media\/47227"}],"wp:attachment":[{"href":"https:\/\/staging.belleflamme.ca\/fr\/wp-json\/wp\/v2\/media?parent=47226"}],"wp:term":[{"taxonomy":"product_brand","embeddable":true,"href":"https:\/\/staging.belleflamme.ca\/fr\/wp-json\/wp\/v2\/product_brand?post=47226"},{"taxonomy":"product_cat","embeddable":true,"href":"https:\/\/staging.belleflamme.ca\/fr\/wp-json\/wp\/v2\/product_cat?post=47226"},{"taxonomy":"product_tag","embeddable":true,"href":"https:\/\/staging.belleflamme.ca\/fr\/wp-json\/wp\/v2\/product_tag?post=47226"}],"curies":[{"name":"wp","href":"https:\/\/api.w.org\/{rel}","templated":true}]}}