{"id":47183,"date":"2024-12-11T10:13:22","date_gmt":"2024-12-11T15:13:22","guid":{"rendered":"https:\/\/www.belleflamme.ca\/?post_type=product&#038;p=47183"},"modified":"2024-12-11T10:18:43","modified_gmt":"2024-12-11T15:18:43","slug":"climatiseur-mural-serie-vita-de-gree","status":"publish","type":"product","link":"https:\/\/staging.belleflamme.ca\/fr\/produit\/climatiseur-mural-serie-vita-de-gree\/","title":{"rendered":"Climatiseur Mural S\u00e9rie VITA de Gree"},"content":{"rendered":"\t\t<div data-elementor-type=\"product-post\" data-elementor-id=\"47183\" class=\"elementor elementor-47183\" data-elementor-post-type=\"product\">\n\t\t\t\t\t\t<section class=\"elementor-section elementor-top-section elementor-element elementor-element-28d838b0 elementor-section-boxed elementor-section-height-default elementor-section-height-default\" data-id=\"28d838b0\" data-element_type=\"section\">\n\t\t\t\t\t\t<div class=\"elementor-container elementor-column-gap-default\">\n\t\t\t\t\t<div class=\"elementor-column elementor-col-100 elementor-top-column elementor-element elementor-element-1bf1e728\" data-id=\"1bf1e728\" data-element_type=\"column\">\n\t\t\t<div class=\"elementor-widget-wrap elementor-element-populated\">\n\t\t\t\t\t\t<div class=\"elementor-element elementor-element-4576bfe6 elementor-widget elementor-widget-text-editor\" data-id=\"4576bfe6\" data-element_type=\"widget\" data-widget_type=\"text-editor.default\">\n\t\t\t\t<div class=\"elementor-widget-container\">\n\t\t\t\t\t\t\t\t\t<h4><strong>PROFITEZ DE L&#8217;ULTRA TRANQUILLIT\u00c9 DANS VOTRE MAISON<\/strong><\/h4><p><img decoding=\"async\" class=\"alignnone size-full wp-image-47193\" src=\"https:\/\/www.belleflamme.ca\/wp-content\/uploads\/2024\/12\/2024-12-11-10_14_20-GREE-BROCHURE-SIMPLE-ZONE-VITA-FR-WEB.pdf.png\" alt=\"\" width=\"148\" height=\"142\" \/><\/p><p>La toute nouvelle VITA : une pompe \u00e0 chaleur con\u00e7ue pour votre vie quotidienne. Compacte, \u00e9l\u00e9gante<br \/>et \u00e9l\u00e9gante, la s\u00e9rie VITA a \u00e9t\u00e9 d\u00e9velopp\u00e9e pour offrir un confort fiable et \u00e9conome en \u00e9nergie<br \/>pour vous et votre famille tout au long de l&#8217;ann\u00e9e.<\/p><p><img decoding=\"async\" class=\"alignnone size-full wp-image-46795\" src=\"https:\/\/www.belleflamme.ca\/wp-content\/uploads\/2024\/12\/2024-12-09-14_09_09-GREE-BROCHURE-SIMPLE-ZONE-VITA-FR-WEB.pdf.png\" alt=\"\" width=\"445\" height=\"87\" srcset=\"https:\/\/staging.belleflamme.ca\/wp-content\/uploads\/2024\/12\/2024-12-09-14_09_09-GREE-BROCHURE-SIMPLE-ZONE-VITA-FR-WEB.pdf.png 445w, https:\/\/staging.belleflamme.ca\/wp-content\/uploads\/2024\/12\/2024-12-09-14_09_09-GREE-BROCHURE-SIMPLE-ZONE-VITA-FR-WEB.pdf-300x59.png 300w\" sizes=\"(max-width: 445px) 100vw, 445px\" \/><\/p><ul><li>\u00a0<strong>CONTR\u00d4LE INTELLIGENT PAR WIFI<\/strong><em><br \/><\/em>Dot\u00e9 d&#8217;un syst\u00e8me Wi-Fi intelligent int\u00e9gr\u00e9, le VITA vous permet de commander votre \u00e9quipement via<br \/>votre t\u00e9l\u00e9phone portable ou votre tablette \u00e0 partir de n&#8217;importe quel endroit o\u00f9 vous avez un acc\u00e8s Wi-Fi gr\u00e2ce \u00e0 l&#8217;application GREE+.<\/li><\/ul><p><img fetchpriority=\"high\" decoding=\"async\" class=\"alignnone size-full wp-image-47195\" src=\"https:\/\/www.belleflamme.ca\/wp-content\/uploads\/2024\/12\/2024-12-11-10_15_24-GREE-BROCHURE-SIMPLE-ZONE-VITA-FR-WEB.pdf.png\" alt=\"\" width=\"1489\" height=\"373\" srcset=\"https:\/\/staging.belleflamme.ca\/wp-content\/uploads\/2024\/12\/2024-12-11-10_15_24-GREE-BROCHURE-SIMPLE-ZONE-VITA-FR-WEB.pdf.png 1489w, https:\/\/staging.belleflamme.ca\/wp-content\/uploads\/2024\/12\/2024-12-11-10_15_24-GREE-BROCHURE-SIMPLE-ZONE-VITA-FR-WEB.pdf-300x75.png 300w, https:\/\/staging.belleflamme.ca\/wp-content\/uploads\/2024\/12\/2024-12-11-10_15_24-GREE-BROCHURE-SIMPLE-ZONE-VITA-FR-WEB.pdf-1024x257.png 1024w, https:\/\/staging.belleflamme.ca\/wp-content\/uploads\/2024\/12\/2024-12-11-10_15_24-GREE-BROCHURE-SIMPLE-ZONE-VITA-FR-WEB.pdf-768x192.png 768w, https:\/\/staging.belleflamme.ca\/wp-content\/uploads\/2024\/12\/2024-12-11-10_15_24-GREE-BROCHURE-SIMPLE-ZONE-VITA-FR-WEB.pdf-900x225.png 900w\" sizes=\"(max-width: 1489px) 100vw, 1489px\" \/><\/p><p><strong>Caract\u00e9ristiques principales :<\/strong><\/p><p>\u25a0 G10 Technologie Inverter<br \/>\u25a0 Connectivit\u00e9 Wi-Fi<br \/>\u25a0 Contr\u00f4le pr\u00e9cis du d\u00e9bit d&#8217;air<br \/>\u25a0 D\u00e9marrage \u00e0 basse tension<br \/>\u25a0 Ailettes avec rev\u00eatement anticorrosion<br \/>\u25a0 Vitesse de ventilation multiple<br \/>\u25a0 Affichage LED r\u00e9glable<br \/>\u25a0 Filtres \u00e0 poussi\u00e8re lavables<br \/>\u25a0 Armoire en acier de forte \u00e9paisseur<br \/>\u25a0 R\u00e9frig\u00e9rant \u00e9cologique R410A<br \/>\u25a0 T\u00e9l\u00e9commande (incluse)<br \/>\u25a0 Contr\u00f4leur c\u00e2bl\u00e9 (en option)<\/p><p style=\"text-align: center;\"><img loading=\"lazy\" decoding=\"async\" class=\"alignnone size-full wp-image-46816\" src=\"https:\/\/www.belleflamme.ca\/wp-content\/uploads\/2024\/12\/Garantie-Belleflamme-FR-5.png\" alt=\"\" width=\"250\" height=\"250\" srcset=\"https:\/\/staging.belleflamme.ca\/wp-content\/uploads\/2024\/12\/Garantie-Belleflamme-FR-5.png 250w, https:\/\/staging.belleflamme.ca\/wp-content\/uploads\/2024\/12\/Garantie-Belleflamme-FR-5-150x150.png 150w, https:\/\/staging.belleflamme.ca\/wp-content\/uploads\/2024\/12\/Garantie-Belleflamme-FR-5-100x100.png 100w\" sizes=\"(max-width: 250px) 100vw, 250px\" \/><\/p><p><img loading=\"lazy\" decoding=\"async\" class=\"alignnone size-full wp-image-47199\" src=\"https:\/\/www.belleflamme.ca\/wp-content\/uploads\/2024\/12\/2024-12-11-10_16_59-GREE-BROCHURE-SIMPLE-ZONE-VITA-EN-WEB.pdf.png\" alt=\"\" width=\"1783\" height=\"504\" srcset=\"https:\/\/staging.belleflamme.ca\/wp-content\/uploads\/2024\/12\/2024-12-11-10_16_59-GREE-BROCHURE-SIMPLE-ZONE-VITA-EN-WEB.pdf.png 1783w, https:\/\/staging.belleflamme.ca\/wp-content\/uploads\/2024\/12\/2024-12-11-10_16_59-GREE-BROCHURE-SIMPLE-ZONE-VITA-EN-WEB.pdf-300x85.png 300w, https:\/\/staging.belleflamme.ca\/wp-content\/uploads\/2024\/12\/2024-12-11-10_16_59-GREE-BROCHURE-SIMPLE-ZONE-VITA-EN-WEB.pdf-1024x289.png 1024w, https:\/\/staging.belleflamme.ca\/wp-content\/uploads\/2024\/12\/2024-12-11-10_16_59-GREE-BROCHURE-SIMPLE-ZONE-VITA-EN-WEB.pdf-768x217.png 768w, https:\/\/staging.belleflamme.ca\/wp-content\/uploads\/2024\/12\/2024-12-11-10_16_59-GREE-BROCHURE-SIMPLE-ZONE-VITA-EN-WEB.pdf-1536x434.png 1536w, https:\/\/staging.belleflamme.ca\/wp-content\/uploads\/2024\/12\/2024-12-11-10_16_59-GREE-BROCHURE-SIMPLE-ZONE-VITA-EN-WEB.pdf-900x254.png 900w\" sizes=\"(max-width: 1783px) 100vw, 1783px\" \/><\/p>\t\t\t\t\t\t\t\t<\/div>\n\t\t\t\t<\/div>\n\t\t\t\t\t<\/div>\n\t\t<\/div>\n\t\t\t\t\t<\/div>\n\t\t<\/section>\n\t\t\t\t<section class=\"elementor-section elementor-top-section elementor-element elementor-element-a651c74 elementor-section-boxed elementor-section-height-default elementor-section-height-default\" data-id=\"a651c74\" data-element_type=\"section\">\n\t\t\t\t\t\t<div class=\"elementor-container elementor-column-gap-default\">\n\t\t\t\t\t<div class=\"elementor-column elementor-col-100 elementor-top-column elementor-element elementor-element-a57175c\" data-id=\"a57175c\" data-element_type=\"column\">\n\t\t\t<div class=\"elementor-widget-wrap elementor-element-populated\">\n\t\t\t\t\t\t<div class=\"elementor-element elementor-element-64cc229 elementor-tabs-view-horizontal elementor-widget elementor-widget-tabs\" data-id=\"64cc229\" data-element_type=\"widget\" data-widget_type=\"tabs.default\">\n\t\t\t\t<div class=\"elementor-widget-container\">\n\t\t\t\t\t\t\t<div class=\"elementor-tabs\">\n\t\t\t<div class=\"elementor-tabs-wrapper\" role=\"tablist\" >\n\t\t\t\t\t\t\t\t\t<div id=\"elementor-tab-title-1051\" class=\"elementor-tab-title elementor-tab-desktop-title\" aria-selected=\"true\" data-tab=\"1\" role=\"tab\" tabindex=\"0\" aria-controls=\"elementor-tab-content-1051\" aria-expanded=\"false\">Fichiers<\/div>\n\t\t\t\t\t\t\t<\/div>\n\t\t\t<div class=\"elementor-tabs-content-wrapper\" role=\"tablist\" aria-orientation=\"vertical\">\n\t\t\t\t\t\t\t\t\t<div class=\"elementor-tab-title elementor-tab-mobile-title\" aria-selected=\"true\" data-tab=\"1\" role=\"tab\" tabindex=\"0\" aria-controls=\"elementor-tab-content-1051\" aria-expanded=\"false\">Fichiers<\/div>\n\t\t\t\t\t<div id=\"elementor-tab-content-1051\" class=\"elementor-tab-content elementor-clearfix\" data-tab=\"1\" role=\"tabpanel\" aria-labelledby=\"elementor-tab-title-1051\" tabindex=\"0\" hidden=\"false\"><i class=\"far fa-file-pdf fa-xl\" style=\"font-size:35px\"><\/i><a href=\"https:\/\/www.belleflamme.ca\/wp-content\/uploads\/2024\/12\/GREE-BROCHURE-SIMPLE-ZONE-VITA-EN-WEB-2.pdf\"> Brochure<\/a><\/br>\n<i class=\"far fa-file-pdf fa-xl\" style=\"font-size:35px\"><\/i><a href=\"https:\/\/www.belleflamme.ca\/wp-content\/uploads\/2024\/12\/GREE-USER-MANUAL-VITA-EN-WEB-1.pdf\"> Manuel de l&#8217;utilisateur<\/a><\/br><\/div>\n\t\t\t\t\t\t\t<\/div>\n\t\t<\/div>\n\t\t\t\t\t\t<\/div>\n\t\t\t\t<\/div>\n\t\t\t\t\t<\/div>\n\t\t<\/div>\n\t\t\t\t\t<\/div>\n\t\t<\/section>\n\t\t\t\t<\/div>\n\t\t","protected":false},"excerpt":{"rendered":"<p>PROFITEZ DE L&#8217;ULTRA TRANQUILLIT\u00c9 DANS VOTRE MAISON La toute nouvelle VITA : une pompe \u00e0 chaleur con\u00e7ue pour votre vie quotidienne. Compacte, \u00e9l\u00e9ganteet \u00e9l\u00e9gante, la s\u00e9rie VITA a \u00e9t\u00e9 d\u00e9velopp\u00e9e pour offrir un confort fiable et \u00e9conome en \u00e9nergiepour vous et votre famille tout au long de l&#8217;ann\u00e9e. \u00a0CONTR\u00d4LE INTELLIGENT PAR WIFIDot\u00e9 d&#8217;un syst\u00e8me Wi-Fi [&hellip;]<\/p>\n","protected":false},"featured_media":47184,"template":"","meta":{"inline_featured_image":false},"product_brand":[1964],"product_cat":[85,72],"product_tag":[],"class_list":{"0":"post-47183","1":"product","2":"type-product","3":"status-publish","4":"has-post-thumbnail","6":"product_brand-gree","7":"product_cat-climatisation-murale","8":"product_cat-systeme-mural","10":"first","11":"instock","12":"taxable","13":"shipping-taxable","14":"product-type-variable"},"yoast_head":"<!-- This site is optimized with the Yoast SEO Premium plugin v24.2 (Yoast SEO v24.2) - https:\/\/yoast.com\/wordpress\/plugins\/seo\/ -->\n<title>Climatiseur Mural S\u00e9rie VITA de Gree - Groupe BelleFlamme<\/title>\n<meta name=\"description\" content=\"Climatiseur Mural S\u00e9rie VITA de Gree vendu et install\u00e9 par le Groupe Belleflamme. Laval, Montr\u00e9al, Gatineau et Saint-Sauveur.\" \/>\n<meta name=\"robots\" content=\"index, follow, max-snippet:-1, max-image-preview:large, max-video-preview:-1\" \/>\n<link rel=\"canonical\" href=\"https:\/\/staging.belleflamme.ca\/fr\/produit\/climatiseur-mural-serie-vita-de-gree\/\" \/>\n<meta property=\"og:locale\" content=\"fr_FR\" \/>\n<meta property=\"og:type\" content=\"article\" \/>\n<meta property=\"og:title\" content=\"Climatiseur Mural S\u00e9rie VITA de Gree\" \/>\n<meta property=\"og:description\" content=\"Climatiseur Mural S\u00e9rie VITA de Gree vendu et install\u00e9 par le Groupe Belleflamme. Laval, Montr\u00e9al, Gatineau et Saint-Sauveur.\" \/>\n<meta property=\"og:url\" content=\"https:\/\/staging.belleflamme.ca\/fr\/produit\/climatiseur-mural-serie-vita-de-gree\/\" \/>\n<meta property=\"og:site_name\" content=\"Groupe BelleFlamme\" \/>\n<meta property=\"article:publisher\" content=\"https:\/\/www.facebook.com\/belleflamme.ca\/\" \/>\n<meta property=\"article:modified_time\" content=\"2024-12-11T15:18:43+00:00\" \/>\n<meta property=\"og:image\" content=\"https:\/\/www.belleflamme.ca\/wp-content\/uploads\/2024\/12\/Climatiseur-Mural-Serie-VITA-de-Gree.webp\" \/>\n\t<meta property=\"og:image:width\" content=\"1000\" \/>\n\t<meta property=\"og:image:height\" content=\"1000\" \/>\n\t<meta property=\"og:image:type\" content=\"image\/webp\" \/>\n<meta name=\"twitter:card\" content=\"summary_large_image\" \/>\n<meta name=\"twitter:label1\" content=\"Disponibilit\u00e9\" \/>\n\t<meta name=\"twitter:data1\" content=\"En stock\" \/>\n<script type=\"application\/ld+json\" class=\"yoast-schema-graph\">{\"@context\":\"https:\/\/schema.org\",\"@graph\":[{\"@type\":[\"WebPage\",\"ItemPage\"],\"@id\":\"https:\/\/staging.belleflamme.ca\/fr\/produit\/climatiseur-mural-serie-vita-de-gree\/\",\"url\":\"https:\/\/staging.belleflamme.ca\/fr\/produit\/climatiseur-mural-serie-vita-de-gree\/\",\"name\":\"Climatiseur Mural S\u00e9rie VITA de Gree - Groupe BelleFlamme\",\"isPartOf\":{\"@id\":\"https:\/\/www.belleflamme.ca\/fr\/#website\"},\"primaryImageOfPage\":{\"@id\":\"https:\/\/staging.belleflamme.ca\/fr\/produit\/climatiseur-mural-serie-vita-de-gree\/#primaryimage\"},\"image\":{\"@id\":\"https:\/\/staging.belleflamme.ca\/fr\/produit\/climatiseur-mural-serie-vita-de-gree\/#primaryimage\"},\"thumbnailUrl\":\"https:\/\/staging.belleflamme.ca\/wp-content\/uploads\/2024\/12\/Climatiseur-Mural-Serie-VITA-de-Gree.webp\",\"datePublished\":\"2024-12-11T15:13:22+00:00\",\"dateModified\":\"2024-12-11T15:18:43+00:00\",\"description\":\"Climatiseur Mural S\u00e9rie VITA de Gree vendu et install\u00e9 par le Groupe Belleflamme. Laval, Montr\u00e9al, Gatineau et Saint-Sauveur.\",\"breadcrumb\":{\"@id\":\"https:\/\/staging.belleflamme.ca\/fr\/produit\/climatiseur-mural-serie-vita-de-gree\/#breadcrumb\"},\"inLanguage\":\"fr-FR\",\"potentialAction\":[{\"@type\":\"ReadAction\",\"target\":[\"https:\/\/staging.belleflamme.ca\/fr\/produit\/climatiseur-mural-serie-vita-de-gree\/\"]}]},{\"@type\":\"ImageObject\",\"inLanguage\":\"fr-FR\",\"@id\":\"https:\/\/staging.belleflamme.ca\/fr\/produit\/climatiseur-mural-serie-vita-de-gree\/#primaryimage\",\"url\":\"https:\/\/staging.belleflamme.ca\/wp-content\/uploads\/2024\/12\/Climatiseur-Mural-Serie-VITA-de-Gree.webp\",\"contentUrl\":\"https:\/\/staging.belleflamme.ca\/wp-content\/uploads\/2024\/12\/Climatiseur-Mural-Serie-VITA-de-Gree.webp\",\"width\":1000,\"height\":1000,\"caption\":\"Climatiseur Mural S\u00e9rie VITA de Gree\"},{\"@type\":\"BreadcrumbList\",\"@id\":\"https:\/\/staging.belleflamme.ca\/fr\/produit\/climatiseur-mural-serie-vita-de-gree\/#breadcrumb\",\"itemListElement\":[{\"@type\":\"ListItem\",\"position\":1,\"name\":\"Accueil\",\"item\":\"https:\/\/www.belleflamme.ca\/fr\/\"},{\"@type\":\"ListItem\",\"position\":2,\"name\":\"Boutique\",\"item\":\"https:\/\/www.belleflamme.ca\/fr\/boutique\/\"},{\"@type\":\"ListItem\",\"position\":3,\"name\":\"Climatisation &amp; Chauffage\",\"item\":\"https:\/\/staging.belleflamme.ca\/fr\/categories\/climatisation-chauffage\/\"},{\"@type\":\"ListItem\",\"position\":4,\"name\":\"Syst\u00e8me Mural\",\"item\":\"https:\/\/staging.belleflamme.ca\/fr\/categories\/climatisation-chauffage\/systeme-mural\/\"},{\"@type\":\"ListItem\",\"position\":5,\"name\":\"Climatisation murale\",\"item\":\"https:\/\/staging.belleflamme.ca\/fr\/categories\/climatisation-chauffage\/systeme-mural\/climatisation-murale\/\"},{\"@type\":\"ListItem\",\"position\":6,\"name\":\"Climatiseur Mural S\u00e9rie VITA de Gree\"}]},{\"@type\":\"WebSite\",\"@id\":\"https:\/\/www.belleflamme.ca\/fr\/#website\",\"url\":\"https:\/\/www.belleflamme.ca\/fr\/\",\"name\":\"Groupe Belleflamme\",\"description\":\"La m\u00e9canique du b\u00e2timent dans le sang.\",\"publisher\":{\"@id\":\"https:\/\/www.belleflamme.ca\/fr\/#organization\"},\"potentialAction\":[{\"@type\":\"SearchAction\",\"target\":{\"@type\":\"EntryPoint\",\"urlTemplate\":\"https:\/\/www.belleflamme.ca\/fr\/?s={search_term_string}\"},\"query-input\":{\"@type\":\"PropertyValueSpecification\",\"valueRequired\":true,\"valueName\":\"search_term_string\"}}],\"inLanguage\":\"fr-FR\"},{\"@type\":[\"Organization\",\"Place\"],\"@id\":\"https:\/\/www.belleflamme.ca\/fr\/#organization\",\"name\":\"Groupe Belleflamme\",\"alternateName\":\"Belleflamme\",\"url\":\"https:\/\/www.belleflamme.ca\/fr\/\",\"logo\":{\"@type\":\"ImageObject\",\"inLanguage\":\"fr-FR\",\"@id\":\"https:\/\/www.belleflamme.ca\/fr\/#\/schema\/logo\/image\/\",\"url\":\"https:\/\/staging.belleflamme.ca\/wp-content\/uploads\/2023\/01\/og-image.jpg\",\"contentUrl\":\"https:\/\/staging.belleflamme.ca\/wp-content\/uploads\/2023\/01\/og-image.jpg\",\"width\":1200,\"height\":630,\"caption\":\"Groupe Belleflamme\"},\"image\":{\"@id\":\"https:\/\/www.belleflamme.ca\/fr\/#\/schema\/logo\/image\/\"},\"sameAs\":[\"https:\/\/www.facebook.com\/belleflamme.ca\/\",\"https:\/\/www.linkedin.com\/company\/belleflamme\/\",\"https:\/\/www.pinterest.ca\/groupebelleflamme\/\",\"https:\/\/www.instagram.com\/legroupebelleflamme\/\"],\"mainEntityOfPage\":{\"@id\":\"https:\/\/staging.belleflamme.ca\/fr\/produit\/climatiseur-mural-serie-vita-de-gree\/\"}}]}<\/script>\n<meta property=\"product:brand\" content=\"Gree\" \/>\n<meta property=\"og:availability\" content=\"instock\" \/>\n<meta property=\"product:availability\" content=\"instock\" \/>\n<meta property=\"product:condition\" content=\"new\" \/>\n<!-- \/ Yoast SEO Premium plugin. -->","yoast_head_json":{"title":"Climatiseur Mural S\u00e9rie VITA de Gree - Groupe BelleFlamme","description":"Climatiseur Mural S\u00e9rie VITA de Gree vendu et install\u00e9 par le Groupe Belleflamme. Laval, Montr\u00e9al, Gatineau et Saint-Sauveur.","robots":{"index":"index","follow":"follow","max-snippet":"max-snippet:-1","max-image-preview":"max-image-preview:large","max-video-preview":"max-video-preview:-1"},"canonical":"https:\/\/staging.belleflamme.ca\/fr\/produit\/climatiseur-mural-serie-vita-de-gree\/","og_locale":"fr_FR","og_type":"article","og_title":"Climatiseur Mural S\u00e9rie VITA de Gree","og_description":"Climatiseur Mural S\u00e9rie VITA de Gree vendu et install\u00e9 par le Groupe Belleflamme. Laval, Montr\u00e9al, Gatineau et Saint-Sauveur.","og_url":"https:\/\/staging.belleflamme.ca\/fr\/produit\/climatiseur-mural-serie-vita-de-gree\/","og_site_name":"Groupe BelleFlamme","article_publisher":"https:\/\/www.facebook.com\/belleflamme.ca\/","article_modified_time":"2024-12-11T15:18:43+00:00","og_image":[{"width":1000,"height":1000,"url":"https:\/\/www.belleflamme.ca\/wp-content\/uploads\/2024\/12\/Climatiseur-Mural-Serie-VITA-de-Gree.webp","type":"image\/webp"}],"twitter_card":"summary_large_image","twitter_misc":{"Disponibilit\u00e9":"En stock"},"schema":{"@context":"https:\/\/schema.org","@graph":[{"@type":["WebPage","ItemPage"],"@id":"https:\/\/staging.belleflamme.ca\/fr\/produit\/climatiseur-mural-serie-vita-de-gree\/","url":"https:\/\/staging.belleflamme.ca\/fr\/produit\/climatiseur-mural-serie-vita-de-gree\/","name":"Climatiseur Mural S\u00e9rie VITA de Gree - Groupe BelleFlamme","isPartOf":{"@id":"https:\/\/www.belleflamme.ca\/fr\/#website"},"primaryImageOfPage":{"@id":"https:\/\/staging.belleflamme.ca\/fr\/produit\/climatiseur-mural-serie-vita-de-gree\/#primaryimage"},"image":{"@id":"https:\/\/staging.belleflamme.ca\/fr\/produit\/climatiseur-mural-serie-vita-de-gree\/#primaryimage"},"thumbnailUrl":"https:\/\/staging.belleflamme.ca\/wp-content\/uploads\/2024\/12\/Climatiseur-Mural-Serie-VITA-de-Gree.webp","datePublished":"2024-12-11T15:13:22+00:00","dateModified":"2024-12-11T15:18:43+00:00","description":"Climatiseur Mural S\u00e9rie VITA de Gree vendu et install\u00e9 par le Groupe Belleflamme. Laval, Montr\u00e9al, Gatineau et Saint-Sauveur.","breadcrumb":{"@id":"https:\/\/staging.belleflamme.ca\/fr\/produit\/climatiseur-mural-serie-vita-de-gree\/#breadcrumb"},"inLanguage":"fr-FR","potentialAction":[{"@type":"ReadAction","target":["https:\/\/staging.belleflamme.ca\/fr\/produit\/climatiseur-mural-serie-vita-de-gree\/"]}]},{"@type":"ImageObject","inLanguage":"fr-FR","@id":"https:\/\/staging.belleflamme.ca\/fr\/produit\/climatiseur-mural-serie-vita-de-gree\/#primaryimage","url":"https:\/\/staging.belleflamme.ca\/wp-content\/uploads\/2024\/12\/Climatiseur-Mural-Serie-VITA-de-Gree.webp","contentUrl":"https:\/\/staging.belleflamme.ca\/wp-content\/uploads\/2024\/12\/Climatiseur-Mural-Serie-VITA-de-Gree.webp","width":1000,"height":1000,"caption":"Climatiseur Mural S\u00e9rie VITA de Gree"},{"@type":"BreadcrumbList","@id":"https:\/\/staging.belleflamme.ca\/fr\/produit\/climatiseur-mural-serie-vita-de-gree\/#breadcrumb","itemListElement":[{"@type":"ListItem","position":1,"name":"Accueil","item":"https:\/\/www.belleflamme.ca\/fr\/"},{"@type":"ListItem","position":2,"name":"Boutique","item":"https:\/\/www.belleflamme.ca\/fr\/boutique\/"},{"@type":"ListItem","position":3,"name":"Climatisation &amp; Chauffage","item":"https:\/\/staging.belleflamme.ca\/fr\/categories\/climatisation-chauffage\/"},{"@type":"ListItem","position":4,"name":"Syst\u00e8me Mural","item":"https:\/\/staging.belleflamme.ca\/fr\/categories\/climatisation-chauffage\/systeme-mural\/"},{"@type":"ListItem","position":5,"name":"Climatisation murale","item":"https:\/\/staging.belleflamme.ca\/fr\/categories\/climatisation-chauffage\/systeme-mural\/climatisation-murale\/"},{"@type":"ListItem","position":6,"name":"Climatiseur Mural S\u00e9rie VITA de Gree"}]},{"@type":"WebSite","@id":"https:\/\/www.belleflamme.ca\/fr\/#website","url":"https:\/\/www.belleflamme.ca\/fr\/","name":"Groupe Belleflamme","description":"La m\u00e9canique du b\u00e2timent dans le sang.","publisher":{"@id":"https:\/\/www.belleflamme.ca\/fr\/#organization"},"potentialAction":[{"@type":"SearchAction","target":{"@type":"EntryPoint","urlTemplate":"https:\/\/www.belleflamme.ca\/fr\/?s={search_term_string}"},"query-input":{"@type":"PropertyValueSpecification","valueRequired":true,"valueName":"search_term_string"}}],"inLanguage":"fr-FR"},{"@type":["Organization","Place"],"@id":"https:\/\/www.belleflamme.ca\/fr\/#organization","name":"Groupe Belleflamme","alternateName":"Belleflamme","url":"https:\/\/www.belleflamme.ca\/fr\/","logo":{"@type":"ImageObject","inLanguage":"fr-FR","@id":"https:\/\/www.belleflamme.ca\/fr\/#\/schema\/logo\/image\/","url":"https:\/\/staging.belleflamme.ca\/wp-content\/uploads\/2023\/01\/og-image.jpg","contentUrl":"https:\/\/staging.belleflamme.ca\/wp-content\/uploads\/2023\/01\/og-image.jpg","width":1200,"height":630,"caption":"Groupe Belleflamme"},"image":{"@id":"https:\/\/www.belleflamme.ca\/fr\/#\/schema\/logo\/image\/"},"sameAs":["https:\/\/www.facebook.com\/belleflamme.ca\/","https:\/\/www.linkedin.com\/company\/belleflamme\/","https:\/\/www.pinterest.ca\/groupebelleflamme\/","https:\/\/www.instagram.com\/legroupebelleflamme\/"],"mainEntityOfPage":{"@id":"https:\/\/staging.belleflamme.ca\/fr\/produit\/climatiseur-mural-serie-vita-de-gree\/"}}]},"product_brand":"Gree","og_availability":"instock","product_availability":"instock","product_condition":"new"},"_links":{"self":[{"href":"https:\/\/staging.belleflamme.ca\/fr\/wp-json\/wp\/v2\/product\/47183","targetHints":{"allow":["GET"]}}],"collection":[{"href":"https:\/\/staging.belleflamme.ca\/fr\/wp-json\/wp\/v2\/product"}],"about":[{"href":"https:\/\/staging.belleflamme.ca\/fr\/wp-json\/wp\/v2\/types\/product"}],"version-history":[{"count":4,"href":"https:\/\/staging.belleflamme.ca\/fr\/wp-json\/wp\/v2\/product\/47183\/revisions"}],"predecessor-version":[{"id":47211,"href":"https:\/\/staging.belleflamme.ca\/fr\/wp-json\/wp\/v2\/product\/47183\/revisions\/47211"}],"wp:featuredmedia":[{"embeddable":true,"href":"https:\/\/staging.belleflamme.ca\/fr\/wp-json\/wp\/v2\/media\/47184"}],"wp:attachment":[{"href":"https:\/\/staging.belleflamme.ca\/fr\/wp-json\/wp\/v2\/media?parent=47183"}],"wp:term":[{"taxonomy":"product_brand","embeddable":true,"href":"https:\/\/staging.belleflamme.ca\/fr\/wp-json\/wp\/v2\/product_brand?post=47183"},{"taxonomy":"product_cat","embeddable":true,"href":"https:\/\/staging.belleflamme.ca\/fr\/wp-json\/wp\/v2\/product_cat?post=47183"},{"taxonomy":"product_tag","embeddable":true,"href":"https:\/\/staging.belleflamme.ca\/fr\/wp-json\/wp\/v2\/product_tag?post=47183"}],"curies":[{"name":"wp","href":"https:\/\/api.w.org\/{rel}","templated":true}]}}