{"id":47147,"date":"2024-12-11T09:56:50","date_gmt":"2024-12-11T14:56:50","guid":{"rendered":"https:\/\/www.belleflamme.ca\/?post_type=product&#038;p=47147"},"modified":"2024-12-11T10:01:47","modified_gmt":"2024-12-11T15:01:47","slug":"unite-de-toit-thermopompe-de-gree","status":"publish","type":"product","link":"https:\/\/staging.belleflamme.ca\/fr\/produit\/unite-de-toit-thermopompe-de-gree\/","title":{"rendered":"Unit\u00e9 de toit Thermopompe de Gree"},"content":{"rendered":"\t\t<div data-elementor-type=\"product-post\" data-elementor-id=\"47147\" class=\"elementor elementor-47147\" data-elementor-post-type=\"product\">\n\t\t\t\t\t\t<section class=\"elementor-section elementor-top-section elementor-element elementor-element-30bbcb4b elementor-section-boxed elementor-section-height-default elementor-section-height-default\" data-id=\"30bbcb4b\" data-element_type=\"section\">\n\t\t\t\t\t\t<div class=\"elementor-container elementor-column-gap-default\">\n\t\t\t\t\t<div class=\"elementor-column elementor-col-100 elementor-top-column elementor-element elementor-element-7f1bce5b\" data-id=\"7f1bce5b\" data-element_type=\"column\">\n\t\t\t<div class=\"elementor-widget-wrap elementor-element-populated\">\n\t\t\t\t\t\t<div class=\"elementor-element elementor-element-42fa721 elementor-widget elementor-widget-text-editor\" data-id=\"42fa721\" data-element_type=\"widget\" data-widget_type=\"text-editor.default\">\n\t\t\t\t<div class=\"elementor-widget-container\">\n\t\t\t\t\t\t\t\t\t<h4><strong>UNE EFFICACIT\u00c9 \u00c9NERG\u00c9TIQUE IN\u00c9GAL\u00c9E EN MATI\u00c8RE DE CHAUFFAGE<\/strong><\/h4><p><img fetchpriority=\"high\" decoding=\"async\" class=\"alignnone size-full wp-image-47157\" src=\"https:\/\/www.belleflamme.ca\/wp-content\/uploads\/2024\/12\/2024-12-11-09_57_35-GREE-BROCHURE-MONOBLOC-ROOFTOP-EN-WEB.pdf.png\" alt=\"\" width=\"395\" height=\"192\" srcset=\"https:\/\/staging.belleflamme.ca\/wp-content\/uploads\/2024\/12\/2024-12-11-09_57_35-GREE-BROCHURE-MONOBLOC-ROOFTOP-EN-WEB.pdf.png 395w, https:\/\/staging.belleflamme.ca\/wp-content\/uploads\/2024\/12\/2024-12-11-09_57_35-GREE-BROCHURE-MONOBLOC-ROOFTOP-EN-WEB.pdf-300x146.png 300w\" sizes=\"(max-width: 395px) 100vw, 395px\" \/><\/p><p>La pompe \u00e0 chaleur de toit Ultra-Heat adopte une compression \u00e0 deux \u00e9tages, \u00e0 deux cylindres et des technologies d&#8217;injection de gaz chauds<br \/>pour atteindre des performances de chauffage sans pr\u00e9c\u00e9dent \u00e0 des temp\u00e9ratures ext\u00e9rieures froides<br \/>.<\/p><p><img decoding=\"async\" class=\"alignnone size-full wp-image-46978\" src=\"https:\/\/www.belleflamme.ca\/wp-content\/uploads\/2024\/12\/2024-12-10-11_47_30-GREE-BROCHURE-SIMPLE-ZONE-LOMO23-EN-WEB.pdf.png\" alt=\"\" width=\"611\" height=\"118\" srcset=\"https:\/\/staging.belleflamme.ca\/wp-content\/uploads\/2024\/12\/2024-12-10-11_47_30-GREE-BROCHURE-SIMPLE-ZONE-LOMO23-EN-WEB.pdf.png 611w, https:\/\/staging.belleflamme.ca\/wp-content\/uploads\/2024\/12\/2024-12-10-11_47_30-GREE-BROCHURE-SIMPLE-ZONE-LOMO23-EN-WEB.pdf-300x58.png 300w\" sizes=\"(max-width: 611px) 100vw, 611px\" \/><\/p><ul><li>\u00a0<strong>CONNEXION UNIVERSELLE DU CONTR\u00d4LE<\/strong><br \/>La thermopompe GREE Rooftop permet deux m\u00e9thodes de contr\u00f4le de la temp\u00e9rature : la communication bifilaire<br \/>sans \u00e9lectrodes avec le contr\u00f4leur GREE inclus, et la connexion standard<br \/>24 V. La distance de communication entre le contr\u00f4leur et la thermopompe peut atteindre 98,5 pieds. La distance de communication entre le contr\u00f4leur<br \/>et la thermopompe peut atteindre 98,5 pieds. Il n&#8217;y a donc aucune limite \u00e0 la distance \u00e0 laquelle vous pouvez<br \/>contr\u00f4ler cette thermopompe \u00e0 haute efficacit\u00e9.<\/li><\/ul><div><img decoding=\"async\" class=\"alignnone size-full wp-image-47159\" src=\"https:\/\/www.belleflamme.ca\/wp-content\/uploads\/2024\/12\/2024-12-11-09_58_43-GREE-BROCHURE-MONOBLOC-ROOFTOP-FR-WEB.pdf.png\" alt=\"\" width=\"1494\" height=\"253\" srcset=\"https:\/\/staging.belleflamme.ca\/wp-content\/uploads\/2024\/12\/2024-12-11-09_58_43-GREE-BROCHURE-MONOBLOC-ROOFTOP-FR-WEB.pdf.png 1494w, https:\/\/staging.belleflamme.ca\/wp-content\/uploads\/2024\/12\/2024-12-11-09_58_43-GREE-BROCHURE-MONOBLOC-ROOFTOP-FR-WEB.pdf-300x51.png 300w, https:\/\/staging.belleflamme.ca\/wp-content\/uploads\/2024\/12\/2024-12-11-09_58_43-GREE-BROCHURE-MONOBLOC-ROOFTOP-FR-WEB.pdf-1024x173.png 1024w, https:\/\/staging.belleflamme.ca\/wp-content\/uploads\/2024\/12\/2024-12-11-09_58_43-GREE-BROCHURE-MONOBLOC-ROOFTOP-FR-WEB.pdf-768x130.png 768w, https:\/\/staging.belleflamme.ca\/wp-content\/uploads\/2024\/12\/2024-12-11-09_58_43-GREE-BROCHURE-MONOBLOC-ROOFTOP-FR-WEB.pdf-900x152.png 900w\" sizes=\"(max-width: 1494px) 100vw, 1494px\" \/><\/div><p><strong>Caract\u00e9ristiques principales :<\/strong><\/p><p>\u25a0 Technologie Ultra Heat<br \/>\u25a0 Technologie G10 Inverter<br \/>\u25a0 Technologie de d\u00e9givrage intelligent<br \/>\u25a0 Communication standard 24 V<br \/>\u25a0 Chauffage \u00e9lectrique auxiliaire en option<br \/>\u25a0 R\u00e9frig\u00e9rant \u00e9cologique R410A<br \/>\u25a0 Thermostat \u00e0 fil (inclus)<\/p><p style=\"text-align: center;\"><img loading=\"lazy\" decoding=\"async\" class=\"alignnone size-full wp-image-46816\" src=\"https:\/\/www.belleflamme.ca\/wp-content\/uploads\/2024\/12\/Garantie-Belleflamme-FR-5.png\" alt=\"\" width=\"250\" height=\"250\" srcset=\"https:\/\/staging.belleflamme.ca\/wp-content\/uploads\/2024\/12\/Garantie-Belleflamme-FR-5.png 250w, https:\/\/staging.belleflamme.ca\/wp-content\/uploads\/2024\/12\/Garantie-Belleflamme-FR-5-150x150.png 150w, https:\/\/staging.belleflamme.ca\/wp-content\/uploads\/2024\/12\/Garantie-Belleflamme-FR-5-100x100.png 100w\" sizes=\"(max-width: 250px) 100vw, 250px\" \/><\/p><p><img loading=\"lazy\" decoding=\"async\" class=\"alignnone size-full wp-image-47161\" src=\"https:\/\/www.belleflamme.ca\/wp-content\/uploads\/2024\/12\/GREE-RTU-SPECS.png\" alt=\"\" width=\"2251\" height=\"1593\" srcset=\"https:\/\/staging.belleflamme.ca\/wp-content\/uploads\/2024\/12\/GREE-RTU-SPECS.png 2251w, https:\/\/staging.belleflamme.ca\/wp-content\/uploads\/2024\/12\/GREE-RTU-SPECS-300x212.png 300w, https:\/\/staging.belleflamme.ca\/wp-content\/uploads\/2024\/12\/GREE-RTU-SPECS-1024x725.png 1024w, https:\/\/staging.belleflamme.ca\/wp-content\/uploads\/2024\/12\/GREE-RTU-SPECS-768x544.png 768w, https:\/\/staging.belleflamme.ca\/wp-content\/uploads\/2024\/12\/GREE-RTU-SPECS-1536x1087.png 1536w, https:\/\/staging.belleflamme.ca\/wp-content\/uploads\/2024\/12\/GREE-RTU-SPECS-2048x1449.png 2048w, https:\/\/staging.belleflamme.ca\/wp-content\/uploads\/2024\/12\/GREE-RTU-SPECS-900x637.png 900w\" sizes=\"(max-width: 2251px) 100vw, 2251px\" \/><\/p><p>\u00a0<\/p><p>\u00a0<\/p>\t\t\t\t\t\t\t\t<\/div>\n\t\t\t\t<\/div>\n\t\t\t\t\t<\/div>\n\t\t<\/div>\n\t\t\t\t\t<\/div>\n\t\t<\/section>\n\t\t\t\t<section class=\"elementor-section elementor-top-section elementor-element elementor-element-4cb7d6c elementor-section-boxed elementor-section-height-default elementor-section-height-default\" data-id=\"4cb7d6c\" data-element_type=\"section\">\n\t\t\t\t\t\t<div class=\"elementor-container elementor-column-gap-default\">\n\t\t\t\t\t<div class=\"elementor-column elementor-col-100 elementor-top-column elementor-element elementor-element-6a6f49a\" data-id=\"6a6f49a\" data-element_type=\"column\">\n\t\t\t<div class=\"elementor-widget-wrap elementor-element-populated\">\n\t\t\t\t\t\t<div class=\"elementor-element elementor-element-759f0c8 elementor-tabs-view-horizontal elementor-widget elementor-widget-tabs\" data-id=\"759f0c8\" data-element_type=\"widget\" data-widget_type=\"tabs.default\">\n\t\t\t\t<div class=\"elementor-widget-container\">\n\t\t\t\t\t\t\t<div class=\"elementor-tabs\">\n\t\t\t<div class=\"elementor-tabs-wrapper\" role=\"tablist\" >\n\t\t\t\t\t\t\t\t\t<div id=\"elementor-tab-title-1231\" class=\"elementor-tab-title elementor-tab-desktop-title\" aria-selected=\"true\" data-tab=\"1\" role=\"tab\" tabindex=\"0\" aria-controls=\"elementor-tab-content-1231\" aria-expanded=\"false\">Fichiers<\/div>\n\t\t\t\t\t\t\t<\/div>\n\t\t\t<div class=\"elementor-tabs-content-wrapper\" role=\"tablist\" aria-orientation=\"vertical\">\n\t\t\t\t\t\t\t\t\t<div class=\"elementor-tab-title elementor-tab-mobile-title\" aria-selected=\"true\" data-tab=\"1\" role=\"tab\" tabindex=\"0\" aria-controls=\"elementor-tab-content-1231\" aria-expanded=\"false\">Fichiers<\/div>\n\t\t\t\t\t<div id=\"elementor-tab-content-1231\" class=\"elementor-tab-content elementor-clearfix\" data-tab=\"1\" role=\"tabpanel\" aria-labelledby=\"elementor-tab-title-1231\" tabindex=\"0\" hidden=\"false\"><i class=\"far fa-file-pdf fa-xl\" style=\"font-size:35px\"><\/i><a href=\"https:\/\/www.belleflamme.ca\/wp-content\/uploads\/2024\/12\/GREE-BROCHURE-MONOBLOC-ROOFTOP-FR-WEB.pdf\"> Brochure<\/a><\/br><\/div>\n\t\t\t\t\t\t\t<\/div>\n\t\t<\/div>\n\t\t\t\t\t\t<\/div>\n\t\t\t\t<\/div>\n\t\t\t\t\t<\/div>\n\t\t<\/div>\n\t\t\t\t\t<\/div>\n\t\t<\/section>\n\t\t\t\t<\/div>\n\t\t","protected":false},"excerpt":{"rendered":"<p>UNE EFFICACIT\u00c9 \u00c9NERG\u00c9TIQUE IN\u00c9GAL\u00c9E EN MATI\u00c8RE DE CHAUFFAGE La pompe \u00e0 chaleur de toit Ultra-Heat adopte une compression \u00e0 deux \u00e9tages, \u00e0 deux cylindres et des technologies d&#8217;injection de gaz chaudspour atteindre des performances de chauffage sans pr\u00e9c\u00e9dent \u00e0 des temp\u00e9ratures ext\u00e9rieures froides. \u00a0CONNEXION UNIVERSELLE DU CONTR\u00d4LELa thermopompe GREE Rooftop permet deux m\u00e9thodes de contr\u00f4le [&hellip;]<\/p>\n","protected":false},"featured_media":47150,"template":"","meta":{"inline_featured_image":false},"product_brand":[1964],"product_cat":[70,71,78],"product_tag":[],"class_list":{"0":"post-47147","1":"product","2":"type-product","3":"status-publish","4":"has-post-thumbnail","6":"product_brand-gree","7":"product_cat-climatisation-chauffage","8":"product_cat-systeme-central","9":"product_cat-thermopompes-centrales","11":"first","12":"instock","13":"taxable","14":"shipping-taxable","15":"product-type-variable"},"yoast_head":"<!-- This site is optimized with the Yoast SEO Premium plugin v24.2 (Yoast SEO v24.2) - https:\/\/yoast.com\/wordpress\/plugins\/seo\/ -->\n<title>Unit\u00e9 de toit Thermopompe de Gree - Groupe BelleFlamme<\/title>\n<meta name=\"description\" content=\"Unit\u00e9 de toit Thermopompe de Gree vendu et install\u00e9 par le Groupe Belleflamme. Laval, Montr\u00e9al, Gatineau et Saint-Sauveur.\" \/>\n<meta name=\"robots\" content=\"index, follow, max-snippet:-1, max-image-preview:large, max-video-preview:-1\" \/>\n<link rel=\"canonical\" href=\"https:\/\/staging.belleflamme.ca\/fr\/produit\/unite-de-toit-thermopompe-de-gree\/\" \/>\n<meta property=\"og:locale\" content=\"fr_FR\" \/>\n<meta property=\"og:type\" content=\"article\" \/>\n<meta property=\"og:title\" content=\"Unit\u00e9 de toit Thermopompe de Gree\" \/>\n<meta property=\"og:description\" content=\"Unit\u00e9 de toit Thermopompe de Gree vendu et install\u00e9 par le Groupe Belleflamme. Laval, Montr\u00e9al, Gatineau et Saint-Sauveur.\" \/>\n<meta property=\"og:url\" content=\"https:\/\/staging.belleflamme.ca\/fr\/produit\/unite-de-toit-thermopompe-de-gree\/\" \/>\n<meta property=\"og:site_name\" content=\"Groupe BelleFlamme\" \/>\n<meta property=\"article:publisher\" content=\"https:\/\/www.facebook.com\/belleflamme.ca\/\" \/>\n<meta property=\"article:modified_time\" content=\"2024-12-11T15:01:47+00:00\" \/>\n<meta property=\"og:image\" content=\"https:\/\/www.belleflamme.ca\/wp-content\/uploads\/2024\/12\/Unite-de-toit-Thermopompe-de-Gree.webp\" \/>\n\t<meta property=\"og:image:width\" content=\"1000\" \/>\n\t<meta property=\"og:image:height\" content=\"1000\" \/>\n\t<meta property=\"og:image:type\" content=\"image\/webp\" \/>\n<meta name=\"twitter:card\" content=\"summary_large_image\" \/>\n<meta name=\"twitter:label1\" content=\"Disponibilit\u00e9\" \/>\n\t<meta name=\"twitter:data1\" content=\"En stock\" \/>\n<script type=\"application\/ld+json\" class=\"yoast-schema-graph\">{\"@context\":\"https:\/\/schema.org\",\"@graph\":[{\"@type\":[\"WebPage\",\"ItemPage\"],\"@id\":\"https:\/\/staging.belleflamme.ca\/fr\/produit\/unite-de-toit-thermopompe-de-gree\/\",\"url\":\"https:\/\/staging.belleflamme.ca\/fr\/produit\/unite-de-toit-thermopompe-de-gree\/\",\"name\":\"Unit\u00e9 de toit Thermopompe de Gree - Groupe BelleFlamme\",\"isPartOf\":{\"@id\":\"https:\/\/www.belleflamme.ca\/fr\/#website\"},\"primaryImageOfPage\":{\"@id\":\"https:\/\/staging.belleflamme.ca\/fr\/produit\/unite-de-toit-thermopompe-de-gree\/#primaryimage\"},\"image\":{\"@id\":\"https:\/\/staging.belleflamme.ca\/fr\/produit\/unite-de-toit-thermopompe-de-gree\/#primaryimage\"},\"thumbnailUrl\":\"https:\/\/staging.belleflamme.ca\/wp-content\/uploads\/2024\/12\/Unite-de-toit-Thermopompe-de-Gree.webp\",\"datePublished\":\"2024-12-11T14:56:50+00:00\",\"dateModified\":\"2024-12-11T15:01:47+00:00\",\"description\":\"Unit\u00e9 de toit Thermopompe de Gree vendu et install\u00e9 par le Groupe Belleflamme. Laval, Montr\u00e9al, Gatineau et Saint-Sauveur.\",\"breadcrumb\":{\"@id\":\"https:\/\/staging.belleflamme.ca\/fr\/produit\/unite-de-toit-thermopompe-de-gree\/#breadcrumb\"},\"inLanguage\":\"fr-FR\",\"potentialAction\":[{\"@type\":\"ReadAction\",\"target\":[\"https:\/\/staging.belleflamme.ca\/fr\/produit\/unite-de-toit-thermopompe-de-gree\/\"]}]},{\"@type\":\"ImageObject\",\"inLanguage\":\"fr-FR\",\"@id\":\"https:\/\/staging.belleflamme.ca\/fr\/produit\/unite-de-toit-thermopompe-de-gree\/#primaryimage\",\"url\":\"https:\/\/staging.belleflamme.ca\/wp-content\/uploads\/2024\/12\/Unite-de-toit-Thermopompe-de-Gree.webp\",\"contentUrl\":\"https:\/\/staging.belleflamme.ca\/wp-content\/uploads\/2024\/12\/Unite-de-toit-Thermopompe-de-Gree.webp\",\"width\":1000,\"height\":1000,\"caption\":\"Unit\u00e9 de toit Thermopompe de Gree\"},{\"@type\":\"BreadcrumbList\",\"@id\":\"https:\/\/staging.belleflamme.ca\/fr\/produit\/unite-de-toit-thermopompe-de-gree\/#breadcrumb\",\"itemListElement\":[{\"@type\":\"ListItem\",\"position\":1,\"name\":\"Accueil\",\"item\":\"https:\/\/www.belleflamme.ca\/fr\/\"},{\"@type\":\"ListItem\",\"position\":2,\"name\":\"Boutique\",\"item\":\"https:\/\/www.belleflamme.ca\/fr\/boutique\/\"},{\"@type\":\"ListItem\",\"position\":3,\"name\":\"Climatisation &amp; Chauffage\",\"item\":\"https:\/\/staging.belleflamme.ca\/fr\/categories\/climatisation-chauffage\/\"},{\"@type\":\"ListItem\",\"position\":4,\"name\":\"Syst\u00e8me central\",\"item\":\"https:\/\/staging.belleflamme.ca\/fr\/categories\/climatisation-chauffage\/systeme-central\/\"},{\"@type\":\"ListItem\",\"position\":5,\"name\":\"Thermopompes Centrales\",\"item\":\"https:\/\/staging.belleflamme.ca\/fr\/categories\/climatisation-chauffage\/systeme-central\/thermopompes-centrales\/\"},{\"@type\":\"ListItem\",\"position\":6,\"name\":\"Unit\u00e9 de toit Thermopompe de Gree\"}]},{\"@type\":\"WebSite\",\"@id\":\"https:\/\/www.belleflamme.ca\/fr\/#website\",\"url\":\"https:\/\/www.belleflamme.ca\/fr\/\",\"name\":\"Groupe Belleflamme\",\"description\":\"La m\u00e9canique du b\u00e2timent dans le sang.\",\"publisher\":{\"@id\":\"https:\/\/www.belleflamme.ca\/fr\/#organization\"},\"potentialAction\":[{\"@type\":\"SearchAction\",\"target\":{\"@type\":\"EntryPoint\",\"urlTemplate\":\"https:\/\/www.belleflamme.ca\/fr\/?s={search_term_string}\"},\"query-input\":{\"@type\":\"PropertyValueSpecification\",\"valueRequired\":true,\"valueName\":\"search_term_string\"}}],\"inLanguage\":\"fr-FR\"},{\"@type\":[\"Organization\",\"Place\"],\"@id\":\"https:\/\/www.belleflamme.ca\/fr\/#organization\",\"name\":\"Groupe Belleflamme\",\"alternateName\":\"Belleflamme\",\"url\":\"https:\/\/www.belleflamme.ca\/fr\/\",\"logo\":{\"@type\":\"ImageObject\",\"inLanguage\":\"fr-FR\",\"@id\":\"https:\/\/www.belleflamme.ca\/fr\/#\/schema\/logo\/image\/\",\"url\":\"https:\/\/staging.belleflamme.ca\/wp-content\/uploads\/2023\/01\/og-image.jpg\",\"contentUrl\":\"https:\/\/staging.belleflamme.ca\/wp-content\/uploads\/2023\/01\/og-image.jpg\",\"width\":1200,\"height\":630,\"caption\":\"Groupe Belleflamme\"},\"image\":{\"@id\":\"https:\/\/www.belleflamme.ca\/fr\/#\/schema\/logo\/image\/\"},\"sameAs\":[\"https:\/\/www.facebook.com\/belleflamme.ca\/\",\"https:\/\/www.linkedin.com\/company\/belleflamme\/\",\"https:\/\/www.pinterest.ca\/groupebelleflamme\/\",\"https:\/\/www.instagram.com\/legroupebelleflamme\/\"],\"mainEntityOfPage\":{\"@id\":\"https:\/\/staging.belleflamme.ca\/fr\/produit\/unite-de-toit-thermopompe-de-gree\/\"}}]}<\/script>\n<meta property=\"product:brand\" content=\"Gree\" \/>\n<meta property=\"og:availability\" content=\"instock\" \/>\n<meta property=\"product:availability\" content=\"instock\" \/>\n<meta property=\"product:condition\" content=\"new\" \/>\n<!-- \/ Yoast SEO Premium plugin. -->","yoast_head_json":{"title":"Unit\u00e9 de toit Thermopompe de Gree - Groupe BelleFlamme","description":"Unit\u00e9 de toit Thermopompe de Gree vendu et install\u00e9 par le Groupe Belleflamme. Laval, Montr\u00e9al, Gatineau et Saint-Sauveur.","robots":{"index":"index","follow":"follow","max-snippet":"max-snippet:-1","max-image-preview":"max-image-preview:large","max-video-preview":"max-video-preview:-1"},"canonical":"https:\/\/staging.belleflamme.ca\/fr\/produit\/unite-de-toit-thermopompe-de-gree\/","og_locale":"fr_FR","og_type":"article","og_title":"Unit\u00e9 de toit Thermopompe de Gree","og_description":"Unit\u00e9 de toit Thermopompe de Gree vendu et install\u00e9 par le Groupe Belleflamme. Laval, Montr\u00e9al, Gatineau et Saint-Sauveur.","og_url":"https:\/\/staging.belleflamme.ca\/fr\/produit\/unite-de-toit-thermopompe-de-gree\/","og_site_name":"Groupe BelleFlamme","article_publisher":"https:\/\/www.facebook.com\/belleflamme.ca\/","article_modified_time":"2024-12-11T15:01:47+00:00","og_image":[{"width":1000,"height":1000,"url":"https:\/\/www.belleflamme.ca\/wp-content\/uploads\/2024\/12\/Unite-de-toit-Thermopompe-de-Gree.webp","type":"image\/webp"}],"twitter_card":"summary_large_image","twitter_misc":{"Disponibilit\u00e9":"En stock"},"schema":{"@context":"https:\/\/schema.org","@graph":[{"@type":["WebPage","ItemPage"],"@id":"https:\/\/staging.belleflamme.ca\/fr\/produit\/unite-de-toit-thermopompe-de-gree\/","url":"https:\/\/staging.belleflamme.ca\/fr\/produit\/unite-de-toit-thermopompe-de-gree\/","name":"Unit\u00e9 de toit Thermopompe de Gree - Groupe BelleFlamme","isPartOf":{"@id":"https:\/\/www.belleflamme.ca\/fr\/#website"},"primaryImageOfPage":{"@id":"https:\/\/staging.belleflamme.ca\/fr\/produit\/unite-de-toit-thermopompe-de-gree\/#primaryimage"},"image":{"@id":"https:\/\/staging.belleflamme.ca\/fr\/produit\/unite-de-toit-thermopompe-de-gree\/#primaryimage"},"thumbnailUrl":"https:\/\/staging.belleflamme.ca\/wp-content\/uploads\/2024\/12\/Unite-de-toit-Thermopompe-de-Gree.webp","datePublished":"2024-12-11T14:56:50+00:00","dateModified":"2024-12-11T15:01:47+00:00","description":"Unit\u00e9 de toit Thermopompe de Gree vendu et install\u00e9 par le Groupe Belleflamme. Laval, Montr\u00e9al, Gatineau et Saint-Sauveur.","breadcrumb":{"@id":"https:\/\/staging.belleflamme.ca\/fr\/produit\/unite-de-toit-thermopompe-de-gree\/#breadcrumb"},"inLanguage":"fr-FR","potentialAction":[{"@type":"ReadAction","target":["https:\/\/staging.belleflamme.ca\/fr\/produit\/unite-de-toit-thermopompe-de-gree\/"]}]},{"@type":"ImageObject","inLanguage":"fr-FR","@id":"https:\/\/staging.belleflamme.ca\/fr\/produit\/unite-de-toit-thermopompe-de-gree\/#primaryimage","url":"https:\/\/staging.belleflamme.ca\/wp-content\/uploads\/2024\/12\/Unite-de-toit-Thermopompe-de-Gree.webp","contentUrl":"https:\/\/staging.belleflamme.ca\/wp-content\/uploads\/2024\/12\/Unite-de-toit-Thermopompe-de-Gree.webp","width":1000,"height":1000,"caption":"Unit\u00e9 de toit Thermopompe de Gree"},{"@type":"BreadcrumbList","@id":"https:\/\/staging.belleflamme.ca\/fr\/produit\/unite-de-toit-thermopompe-de-gree\/#breadcrumb","itemListElement":[{"@type":"ListItem","position":1,"name":"Accueil","item":"https:\/\/www.belleflamme.ca\/fr\/"},{"@type":"ListItem","position":2,"name":"Boutique","item":"https:\/\/www.belleflamme.ca\/fr\/boutique\/"},{"@type":"ListItem","position":3,"name":"Climatisation &amp; Chauffage","item":"https:\/\/staging.belleflamme.ca\/fr\/categories\/climatisation-chauffage\/"},{"@type":"ListItem","position":4,"name":"Syst\u00e8me central","item":"https:\/\/staging.belleflamme.ca\/fr\/categories\/climatisation-chauffage\/systeme-central\/"},{"@type":"ListItem","position":5,"name":"Thermopompes Centrales","item":"https:\/\/staging.belleflamme.ca\/fr\/categories\/climatisation-chauffage\/systeme-central\/thermopompes-centrales\/"},{"@type":"ListItem","position":6,"name":"Unit\u00e9 de toit Thermopompe de Gree"}]},{"@type":"WebSite","@id":"https:\/\/www.belleflamme.ca\/fr\/#website","url":"https:\/\/www.belleflamme.ca\/fr\/","name":"Groupe Belleflamme","description":"La m\u00e9canique du b\u00e2timent dans le sang.","publisher":{"@id":"https:\/\/www.belleflamme.ca\/fr\/#organization"},"potentialAction":[{"@type":"SearchAction","target":{"@type":"EntryPoint","urlTemplate":"https:\/\/www.belleflamme.ca\/fr\/?s={search_term_string}"},"query-input":{"@type":"PropertyValueSpecification","valueRequired":true,"valueName":"search_term_string"}}],"inLanguage":"fr-FR"},{"@type":["Organization","Place"],"@id":"https:\/\/www.belleflamme.ca\/fr\/#organization","name":"Groupe Belleflamme","alternateName":"Belleflamme","url":"https:\/\/www.belleflamme.ca\/fr\/","logo":{"@type":"ImageObject","inLanguage":"fr-FR","@id":"https:\/\/www.belleflamme.ca\/fr\/#\/schema\/logo\/image\/","url":"https:\/\/staging.belleflamme.ca\/wp-content\/uploads\/2023\/01\/og-image.jpg","contentUrl":"https:\/\/staging.belleflamme.ca\/wp-content\/uploads\/2023\/01\/og-image.jpg","width":1200,"height":630,"caption":"Groupe Belleflamme"},"image":{"@id":"https:\/\/www.belleflamme.ca\/fr\/#\/schema\/logo\/image\/"},"sameAs":["https:\/\/www.facebook.com\/belleflamme.ca\/","https:\/\/www.linkedin.com\/company\/belleflamme\/","https:\/\/www.pinterest.ca\/groupebelleflamme\/","https:\/\/www.instagram.com\/legroupebelleflamme\/"],"mainEntityOfPage":{"@id":"https:\/\/staging.belleflamme.ca\/fr\/produit\/unite-de-toit-thermopompe-de-gree\/"}}]},"product_brand":"Gree","og_availability":"instock","product_availability":"instock","product_condition":"new"},"_links":{"self":[{"href":"https:\/\/staging.belleflamme.ca\/fr\/wp-json\/wp\/v2\/product\/47147","targetHints":{"allow":["GET"]}}],"collection":[{"href":"https:\/\/staging.belleflamme.ca\/fr\/wp-json\/wp\/v2\/product"}],"about":[{"href":"https:\/\/staging.belleflamme.ca\/fr\/wp-json\/wp\/v2\/types\/product"}],"version-history":[{"count":4,"href":"https:\/\/staging.belleflamme.ca\/fr\/wp-json\/wp\/v2\/product\/47147\/revisions"}],"predecessor-version":[{"id":47170,"href":"https:\/\/staging.belleflamme.ca\/fr\/wp-json\/wp\/v2\/product\/47147\/revisions\/47170"}],"wp:featuredmedia":[{"embeddable":true,"href":"https:\/\/staging.belleflamme.ca\/fr\/wp-json\/wp\/v2\/media\/47150"}],"wp:attachment":[{"href":"https:\/\/staging.belleflamme.ca\/fr\/wp-json\/wp\/v2\/media?parent=47147"}],"wp:term":[{"taxonomy":"product_brand","embeddable":true,"href":"https:\/\/staging.belleflamme.ca\/fr\/wp-json\/wp\/v2\/product_brand?post=47147"},{"taxonomy":"product_cat","embeddable":true,"href":"https:\/\/staging.belleflamme.ca\/fr\/wp-json\/wp\/v2\/product_cat?post=47147"},{"taxonomy":"product_tag","embeddable":true,"href":"https:\/\/staging.belleflamme.ca\/fr\/wp-json\/wp\/v2\/product_tag?post=47147"}],"curies":[{"name":"wp","href":"https:\/\/api.w.org\/{rel}","templated":true}]}}