{"id":47106,"date":"2024-12-11T09:38:02","date_gmt":"2024-12-11T14:38:02","guid":{"rendered":"https:\/\/www.belleflamme.ca\/?post_type=product&#038;p=47106"},"modified":"2024-12-11T09:44:36","modified_gmt":"2024-12-11T14:44:36","slug":"thermopompe-centrale-serie-unix-de-gree","status":"publish","type":"product","link":"https:\/\/staging.belleflamme.ca\/fr\/produit\/thermopompe-centrale-serie-unix-de-gree\/","title":{"rendered":"Thermopompe Centrale S\u00e9rie Unix de Gree"},"content":{"rendered":"\t\t<div data-elementor-type=\"product-post\" data-elementor-id=\"47106\" class=\"elementor elementor-47106\" data-elementor-post-type=\"product\">\n\t\t\t\t\t\t<section class=\"elementor-section elementor-top-section elementor-element elementor-element-25521ef6 elementor-section-boxed elementor-section-height-default elementor-section-height-default\" data-id=\"25521ef6\" data-element_type=\"section\">\n\t\t\t\t\t\t<div class=\"elementor-container elementor-column-gap-default\">\n\t\t\t\t\t<div class=\"elementor-column elementor-col-100 elementor-top-column elementor-element elementor-element-744eb805\" data-id=\"744eb805\" data-element_type=\"column\">\n\t\t\t<div class=\"elementor-widget-wrap elementor-element-populated\">\n\t\t\t\t\t\t<div class=\"elementor-element elementor-element-1b17d460 elementor-widget elementor-widget-text-editor\" data-id=\"1b17d460\" data-element_type=\"widget\" data-widget_type=\"text-editor.default\">\n\t\t\t\t<div class=\"elementor-widget-container\">\n\t\t\t\t\t\t\t\t\t<p><iframe title=\"YouTube video player\" src=\"https:\/\/www.youtube.com\/embed\/QmupHEgV-DI?si=nT3H7LnrQ1NeCREy\" width=\"560\" height=\"315\" frameborder=\"0\" allowfullscreen=\"allowfullscreen\"><\/iframe><\/p><h4><strong>FREINER LE CHANGEMENT CLIMATIQUE GR\u00c2CE \u00c0 UN CHAUFFAGE \u00c9CONOME EN \u00c9NERGIE<\/strong><\/h4><p><img fetchpriority=\"high\" decoding=\"async\" class=\"alignnone size-full wp-image-47114\" src=\"https:\/\/www.belleflamme.ca\/wp-content\/uploads\/2024\/12\/2024-12-11-09_39_33-GREE-BROCHURE-SYSTEME-CENTRAL-UNIX-FR-WEB.pdf.png\" alt=\"\" width=\"365\" height=\"179\" srcset=\"https:\/\/staging.belleflamme.ca\/wp-content\/uploads\/2024\/12\/2024-12-11-09_39_33-GREE-BROCHURE-SYSTEME-CENTRAL-UNIX-FR-WEB.pdf.png 365w, https:\/\/staging.belleflamme.ca\/wp-content\/uploads\/2024\/12\/2024-12-11-09_39_33-GREE-BROCHURE-SYSTEME-CENTRAL-UNIX-FR-WEB.pdf-300x147.png 300w\" sizes=\"(max-width: 365px) 100vw, 365px\" \/><\/p><p>Le d\u00e9fi des thermopompes a longtemps \u00e9t\u00e9 leur efficacit\u00e9 par temps tr\u00e8s froid.<br \/>La thermopompe centrale Unix utilise une technologie de pointe d\u00e9velopp\u00e9e par GREE pour<br \/>fournir une puissante capacit\u00e9 de chauffage \u00e0 des temp\u00e9ratures ext\u00e9rieures aussi basses que -30 \u00b0C. Parfait<br \/>pour nos rudes hivers canadiens !<\/p><p><img decoding=\"async\" class=\"alignnone size-full wp-image-46978\" src=\"https:\/\/www.belleflamme.ca\/wp-content\/uploads\/2024\/12\/2024-12-10-11_47_30-GREE-BROCHURE-SIMPLE-ZONE-LOMO23-EN-WEB.pdf.png\" alt=\"\" width=\"611\" height=\"118\" srcset=\"https:\/\/staging.belleflamme.ca\/wp-content\/uploads\/2024\/12\/2024-12-10-11_47_30-GREE-BROCHURE-SIMPLE-ZONE-LOMO23-EN-WEB.pdf.png 611w, https:\/\/staging.belleflamme.ca\/wp-content\/uploads\/2024\/12\/2024-12-10-11_47_30-GREE-BROCHURE-SIMPLE-ZONE-LOMO23-EN-WEB.pdf-300x58.png 300w\" sizes=\"(max-width: 611px) 100vw, 611px\" \/><\/p><ul><li>FLEXIBILIT\u00c9 D&#8217;INSTALLATION<br \/>A) Installer un kit GREE complet, ou<br \/>B) Moderniser avec une unit\u00e9 int\u00e9rieure tierce, ou avec une chaudi\u00e8re combin\u00e9e \u00e0 un serpentin<br \/>, pour r\u00e9duire les co\u00fbts de main d&#8217;\u0153uvre et d&#8217;\u00e9quipement.<\/li><\/ul><p><img decoding=\"async\" class=\"alignnone size-full wp-image-47116\" src=\"https:\/\/www.belleflamme.ca\/wp-content\/uploads\/2024\/12\/2024-12-11-09_41_01-GREE-BROCHURE-SYSTEME-CENTRAL-UNIX-FR-WEB.pdf.png\" alt=\"\" width=\"834\" height=\"317\" srcset=\"https:\/\/staging.belleflamme.ca\/wp-content\/uploads\/2024\/12\/2024-12-11-09_41_01-GREE-BROCHURE-SYSTEME-CENTRAL-UNIX-FR-WEB.pdf.png 834w, https:\/\/staging.belleflamme.ca\/wp-content\/uploads\/2024\/12\/2024-12-11-09_41_01-GREE-BROCHURE-SYSTEME-CENTRAL-UNIX-FR-WEB.pdf-300x114.png 300w, https:\/\/staging.belleflamme.ca\/wp-content\/uploads\/2024\/12\/2024-12-11-09_41_01-GREE-BROCHURE-SYSTEME-CENTRAL-UNIX-FR-WEB.pdf-768x292.png 768w\" sizes=\"(max-width: 834px) 100vw, 834px\" \/><\/p><ul><li>COMMUNICATION STANDARD 24V<br \/>Le syst\u00e8me de communication de la s\u00e9rie Unix est compatible avec la plupart des thermostats c\u00e2bl\u00e9s standard 24V<br \/>du march\u00e9.<\/li><\/ul><p><img loading=\"lazy\" decoding=\"async\" class=\"alignnone size-full wp-image-47118\" src=\"https:\/\/www.belleflamme.ca\/wp-content\/uploads\/2024\/12\/2024-12-11-09_41_40-GREE-BROCHURE-SYSTEME-CENTRAL-UNIX-FR-WEB.pdf.png\" alt=\"\" width=\"1770\" height=\"279\" srcset=\"https:\/\/staging.belleflamme.ca\/wp-content\/uploads\/2024\/12\/2024-12-11-09_41_40-GREE-BROCHURE-SYSTEME-CENTRAL-UNIX-FR-WEB.pdf.png 1770w, https:\/\/staging.belleflamme.ca\/wp-content\/uploads\/2024\/12\/2024-12-11-09_41_40-GREE-BROCHURE-SYSTEME-CENTRAL-UNIX-FR-WEB.pdf-300x47.png 300w, https:\/\/staging.belleflamme.ca\/wp-content\/uploads\/2024\/12\/2024-12-11-09_41_40-GREE-BROCHURE-SYSTEME-CENTRAL-UNIX-FR-WEB.pdf-1024x161.png 1024w, https:\/\/staging.belleflamme.ca\/wp-content\/uploads\/2024\/12\/2024-12-11-09_41_40-GREE-BROCHURE-SYSTEME-CENTRAL-UNIX-FR-WEB.pdf-768x121.png 768w, https:\/\/staging.belleflamme.ca\/wp-content\/uploads\/2024\/12\/2024-12-11-09_41_40-GREE-BROCHURE-SYSTEME-CENTRAL-UNIX-FR-WEB.pdf-1536x242.png 1536w, https:\/\/staging.belleflamme.ca\/wp-content\/uploads\/2024\/12\/2024-12-11-09_41_40-GREE-BROCHURE-SYSTEME-CENTRAL-UNIX-FR-WEB.pdf-900x142.png 900w\" sizes=\"(max-width: 1770px) 100vw, 1770px\" \/><\/p><p style=\"text-align: center;\"><img loading=\"lazy\" decoding=\"async\" class=\"alignnone size-full wp-image-46816\" src=\"https:\/\/www.belleflamme.ca\/wp-content\/uploads\/2024\/12\/Garantie-Belleflamme-FR-5.png\" alt=\"\" width=\"250\" height=\"250\" srcset=\"https:\/\/staging.belleflamme.ca\/wp-content\/uploads\/2024\/12\/Garantie-Belleflamme-FR-5.png 250w, https:\/\/staging.belleflamme.ca\/wp-content\/uploads\/2024\/12\/Garantie-Belleflamme-FR-5-150x150.png 150w, https:\/\/staging.belleflamme.ca\/wp-content\/uploads\/2024\/12\/Garantie-Belleflamme-FR-5-100x100.png 100w\" sizes=\"(max-width: 250px) 100vw, 250px\" \/><\/p><p><img loading=\"lazy\" decoding=\"async\" class=\"alignnone size-full wp-image-47122\" src=\"https:\/\/www.belleflamme.ca\/wp-content\/uploads\/2024\/12\/GREE-UNIX-AH-SPECS.webp\" alt=\"\" width=\"2255\" height=\"2443\" srcset=\"https:\/\/staging.belleflamme.ca\/wp-content\/uploads\/2024\/12\/GREE-UNIX-AH-SPECS.webp 2255w, https:\/\/staging.belleflamme.ca\/wp-content\/uploads\/2024\/12\/GREE-UNIX-AH-SPECS-277x300.webp 277w, https:\/\/staging.belleflamme.ca\/wp-content\/uploads\/2024\/12\/GREE-UNIX-AH-SPECS-945x1024.webp 945w, https:\/\/staging.belleflamme.ca\/wp-content\/uploads\/2024\/12\/GREE-UNIX-AH-SPECS-768x832.webp 768w, https:\/\/staging.belleflamme.ca\/wp-content\/uploads\/2024\/12\/GREE-UNIX-AH-SPECS-1418x1536.webp 1418w, https:\/\/staging.belleflamme.ca\/wp-content\/uploads\/2024\/12\/GREE-UNIX-AH-SPECS-1890x2048.webp 1890w, https:\/\/staging.belleflamme.ca\/wp-content\/uploads\/2024\/12\/GREE-UNIX-AH-SPECS-900x975.webp 900w\" sizes=\"(max-width: 2255px) 100vw, 2255px\" \/> <img loading=\"lazy\" decoding=\"async\" class=\"alignnone size-full wp-image-47120\" src=\"https:\/\/www.belleflamme.ca\/wp-content\/uploads\/2024\/12\/GREE-UNIX-CC-SPECS.webp\" alt=\"\" width=\"2252\" height=\"1911\" srcset=\"https:\/\/staging.belleflamme.ca\/wp-content\/uploads\/2024\/12\/GREE-UNIX-CC-SPECS.webp 2252w, https:\/\/staging.belleflamme.ca\/wp-content\/uploads\/2024\/12\/GREE-UNIX-CC-SPECS-300x255.webp 300w, https:\/\/staging.belleflamme.ca\/wp-content\/uploads\/2024\/12\/GREE-UNIX-CC-SPECS-1024x869.webp 1024w, https:\/\/staging.belleflamme.ca\/wp-content\/uploads\/2024\/12\/GREE-UNIX-CC-SPECS-768x652.webp 768w, https:\/\/staging.belleflamme.ca\/wp-content\/uploads\/2024\/12\/GREE-UNIX-CC-SPECS-1536x1303.webp 1536w, https:\/\/staging.belleflamme.ca\/wp-content\/uploads\/2024\/12\/GREE-UNIX-CC-SPECS-2048x1738.webp 2048w, https:\/\/staging.belleflamme.ca\/wp-content\/uploads\/2024\/12\/GREE-UNIX-CC-SPECS-900x764.webp 900w\" sizes=\"(max-width: 2252px) 100vw, 2252px\" \/><\/p>\t\t\t\t\t\t\t\t<\/div>\n\t\t\t\t<\/div>\n\t\t\t\t\t<\/div>\n\t\t<\/div>\n\t\t\t\t\t<\/div>\n\t\t<\/section>\n\t\t\t\t<section class=\"elementor-section elementor-top-section elementor-element elementor-element-aa0b2e5 elementor-section-boxed elementor-section-height-default elementor-section-height-default\" data-id=\"aa0b2e5\" data-element_type=\"section\">\n\t\t\t\t\t\t<div class=\"elementor-container elementor-column-gap-default\">\n\t\t\t\t\t<div class=\"elementor-column elementor-col-100 elementor-top-column elementor-element elementor-element-d1aa202\" data-id=\"d1aa202\" data-element_type=\"column\">\n\t\t\t<div class=\"elementor-widget-wrap elementor-element-populated\">\n\t\t\t\t\t\t<div class=\"elementor-element elementor-element-c9ae800 elementor-tabs-view-horizontal elementor-widget elementor-widget-tabs\" data-id=\"c9ae800\" data-element_type=\"widget\" data-widget_type=\"tabs.default\">\n\t\t\t\t<div class=\"elementor-widget-container\">\n\t\t\t\t\t\t\t<div class=\"elementor-tabs\">\n\t\t\t<div class=\"elementor-tabs-wrapper\" role=\"tablist\" >\n\t\t\t\t\t\t\t\t\t<div id=\"elementor-tab-title-2111\" class=\"elementor-tab-title elementor-tab-desktop-title\" aria-selected=\"true\" data-tab=\"1\" role=\"tab\" tabindex=\"0\" aria-controls=\"elementor-tab-content-2111\" aria-expanded=\"false\">Fichiers<\/div>\n\t\t\t\t\t\t\t<\/div>\n\t\t\t<div class=\"elementor-tabs-content-wrapper\" role=\"tablist\" aria-orientation=\"vertical\">\n\t\t\t\t\t\t\t\t\t<div class=\"elementor-tab-title elementor-tab-mobile-title\" aria-selected=\"true\" data-tab=\"1\" role=\"tab\" tabindex=\"0\" aria-controls=\"elementor-tab-content-2111\" aria-expanded=\"false\">Fichiers<\/div>\n\t\t\t\t\t<div id=\"elementor-tab-content-2111\" class=\"elementor-tab-content elementor-clearfix\" data-tab=\"1\" role=\"tabpanel\" aria-labelledby=\"elementor-tab-title-2111\" tabindex=\"0\" hidden=\"false\"><i class=\"far fa-file-pdf fa-xl\" style=\"font-size:35px\"><\/i><a href=\"https:\/\/www.belleflamme.ca\/wp-content\/uploads\/2024\/12\/GREE-BROCHURE-SYSTEME-CENTRAL-UNIX-FR-WEB.pdf\"> Brochure<\/a><\/br>\n<i class=\"far fa-file-pdf fa-xl\" style=\"font-size:35px\"><\/i><a href=\"https:\/\/www.belleflamme.ca\/wp-content\/uploads\/2024\/12\/GREE-USER-MANUAL-UNIX-FR.pdf\"> Manuel de l&#8217;utilisateur<\/a><\/br><\/div>\n\t\t\t\t\t\t\t<\/div>\n\t\t<\/div>\n\t\t\t\t\t\t<\/div>\n\t\t\t\t<\/div>\n\t\t\t\t\t<\/div>\n\t\t<\/div>\n\t\t\t\t\t<\/div>\n\t\t<\/section>\n\t\t\t\t<\/div>\n\t\t","protected":false},"excerpt":{"rendered":"<p>FREINER LE CHANGEMENT CLIMATIQUE GR\u00c2CE \u00c0 UN CHAUFFAGE \u00c9CONOME EN \u00c9NERGIE Le d\u00e9fi des thermopompes a longtemps \u00e9t\u00e9 leur efficacit\u00e9 par temps tr\u00e8s froid.La thermopompe centrale Unix utilise une technologie de pointe d\u00e9velopp\u00e9e par GREE pourfournir une puissante capacit\u00e9 de chauffage \u00e0 des temp\u00e9ratures ext\u00e9rieures aussi basses que -30 \u00b0C. Parfaitpour nos rudes hivers canadiens [&hellip;]<\/p>\n","protected":false},"featured_media":47107,"template":"","meta":{"inline_featured_image":false},"product_brand":[1964],"product_cat":[70,71,78],"product_tag":[],"class_list":{"0":"post-47106","1":"product","2":"type-product","3":"status-publish","4":"has-post-thumbnail","6":"product_brand-gree","7":"product_cat-climatisation-chauffage","8":"product_cat-systeme-central","9":"product_cat-thermopompes-centrales","11":"first","12":"instock","13":"taxable","14":"shipping-taxable","15":"product-type-variable"},"yoast_head":"<!-- This site is optimized with the Yoast SEO Premium plugin v24.2 (Yoast SEO v24.2) - https:\/\/yoast.com\/wordpress\/plugins\/seo\/ -->\n<title>Thermopompe Centrale S\u00e9rie Unix de Gree - Groupe BelleFlamme<\/title>\n<meta name=\"description\" content=\"Thermopompe Centrale S\u00e9rie Unix de Gree vendu et install\u00e9 par le Groupe Belleflamme. Laval, Montr\u00e9al, Gatineau et Saint-Sauveur.\" \/>\n<meta name=\"robots\" content=\"index, follow, max-snippet:-1, max-image-preview:large, max-video-preview:-1\" \/>\n<link rel=\"canonical\" href=\"https:\/\/staging.belleflamme.ca\/fr\/produit\/thermopompe-centrale-serie-unix-de-gree\/\" \/>\n<meta property=\"og:locale\" content=\"fr_FR\" \/>\n<meta property=\"og:type\" content=\"article\" \/>\n<meta property=\"og:title\" content=\"Thermopompe Centrale S\u00e9rie Unix de Gree\" \/>\n<meta property=\"og:description\" content=\"Thermopompe Centrale S\u00e9rie Unix de Gree vendu et install\u00e9 par le Groupe Belleflamme. Laval, Montr\u00e9al, Gatineau et Saint-Sauveur.\" \/>\n<meta property=\"og:url\" content=\"https:\/\/staging.belleflamme.ca\/fr\/produit\/thermopompe-centrale-serie-unix-de-gree\/\" \/>\n<meta property=\"og:site_name\" content=\"Groupe BelleFlamme\" \/>\n<meta property=\"article:publisher\" content=\"https:\/\/www.facebook.com\/belleflamme.ca\/\" \/>\n<meta property=\"article:modified_time\" content=\"2024-12-11T14:44:36+00:00\" \/>\n<meta property=\"og:image\" content=\"https:\/\/www.belleflamme.ca\/wp-content\/uploads\/2024\/12\/Thermopompe-Centrale-Serie-Unix-de-Gree.webp\" \/>\n\t<meta property=\"og:image:width\" content=\"1000\" \/>\n\t<meta property=\"og:image:height\" content=\"1000\" \/>\n\t<meta property=\"og:image:type\" content=\"image\/webp\" \/>\n<meta name=\"twitter:card\" content=\"summary_large_image\" \/>\n<meta name=\"twitter:label1\" content=\"Disponibilit\u00e9\" \/>\n\t<meta name=\"twitter:data1\" content=\"En stock\" \/>\n<script type=\"application\/ld+json\" class=\"yoast-schema-graph\">{\"@context\":\"https:\/\/schema.org\",\"@graph\":[{\"@type\":[\"WebPage\",\"ItemPage\"],\"@id\":\"https:\/\/staging.belleflamme.ca\/fr\/produit\/thermopompe-centrale-serie-unix-de-gree\/\",\"url\":\"https:\/\/staging.belleflamme.ca\/fr\/produit\/thermopompe-centrale-serie-unix-de-gree\/\",\"name\":\"Thermopompe Centrale S\u00e9rie Unix de Gree - Groupe BelleFlamme\",\"isPartOf\":{\"@id\":\"https:\/\/www.belleflamme.ca\/fr\/#website\"},\"primaryImageOfPage\":{\"@id\":\"https:\/\/staging.belleflamme.ca\/fr\/produit\/thermopompe-centrale-serie-unix-de-gree\/#primaryimage\"},\"image\":{\"@id\":\"https:\/\/staging.belleflamme.ca\/fr\/produit\/thermopompe-centrale-serie-unix-de-gree\/#primaryimage\"},\"thumbnailUrl\":\"https:\/\/staging.belleflamme.ca\/wp-content\/uploads\/2024\/12\/Thermopompe-Centrale-Serie-Unix-de-Gree.webp\",\"datePublished\":\"2024-12-11T14:38:02+00:00\",\"dateModified\":\"2024-12-11T14:44:36+00:00\",\"description\":\"Thermopompe Centrale S\u00e9rie Unix de Gree vendu et install\u00e9 par le Groupe Belleflamme. Laval, Montr\u00e9al, Gatineau et Saint-Sauveur.\",\"breadcrumb\":{\"@id\":\"https:\/\/staging.belleflamme.ca\/fr\/produit\/thermopompe-centrale-serie-unix-de-gree\/#breadcrumb\"},\"inLanguage\":\"fr-FR\",\"potentialAction\":[{\"@type\":\"ReadAction\",\"target\":[\"https:\/\/staging.belleflamme.ca\/fr\/produit\/thermopompe-centrale-serie-unix-de-gree\/\"]}]},{\"@type\":\"ImageObject\",\"inLanguage\":\"fr-FR\",\"@id\":\"https:\/\/staging.belleflamme.ca\/fr\/produit\/thermopompe-centrale-serie-unix-de-gree\/#primaryimage\",\"url\":\"https:\/\/staging.belleflamme.ca\/wp-content\/uploads\/2024\/12\/Thermopompe-Centrale-Serie-Unix-de-Gree.webp\",\"contentUrl\":\"https:\/\/staging.belleflamme.ca\/wp-content\/uploads\/2024\/12\/Thermopompe-Centrale-Serie-Unix-de-Gree.webp\",\"width\":1000,\"height\":1000,\"caption\":\"Thermopompe Centrale S\u00e9rie Unix de Gree\"},{\"@type\":\"BreadcrumbList\",\"@id\":\"https:\/\/staging.belleflamme.ca\/fr\/produit\/thermopompe-centrale-serie-unix-de-gree\/#breadcrumb\",\"itemListElement\":[{\"@type\":\"ListItem\",\"position\":1,\"name\":\"Accueil\",\"item\":\"https:\/\/www.belleflamme.ca\/fr\/\"},{\"@type\":\"ListItem\",\"position\":2,\"name\":\"Boutique\",\"item\":\"https:\/\/www.belleflamme.ca\/fr\/boutique\/\"},{\"@type\":\"ListItem\",\"position\":3,\"name\":\"Climatisation &amp; Chauffage\",\"item\":\"https:\/\/staging.belleflamme.ca\/fr\/categories\/climatisation-chauffage\/\"},{\"@type\":\"ListItem\",\"position\":4,\"name\":\"Syst\u00e8me central\",\"item\":\"https:\/\/staging.belleflamme.ca\/fr\/categories\/climatisation-chauffage\/systeme-central\/\"},{\"@type\":\"ListItem\",\"position\":5,\"name\":\"Thermopompes Centrales\",\"item\":\"https:\/\/staging.belleflamme.ca\/fr\/categories\/climatisation-chauffage\/systeme-central\/thermopompes-centrales\/\"},{\"@type\":\"ListItem\",\"position\":6,\"name\":\"Thermopompe Centrale S\u00e9rie Unix de Gree\"}]},{\"@type\":\"WebSite\",\"@id\":\"https:\/\/www.belleflamme.ca\/fr\/#website\",\"url\":\"https:\/\/www.belleflamme.ca\/fr\/\",\"name\":\"Groupe Belleflamme\",\"description\":\"La m\u00e9canique du b\u00e2timent dans le sang.\",\"publisher\":{\"@id\":\"https:\/\/www.belleflamme.ca\/fr\/#organization\"},\"potentialAction\":[{\"@type\":\"SearchAction\",\"target\":{\"@type\":\"EntryPoint\",\"urlTemplate\":\"https:\/\/www.belleflamme.ca\/fr\/?s={search_term_string}\"},\"query-input\":{\"@type\":\"PropertyValueSpecification\",\"valueRequired\":true,\"valueName\":\"search_term_string\"}}],\"inLanguage\":\"fr-FR\"},{\"@type\":[\"Organization\",\"Place\"],\"@id\":\"https:\/\/www.belleflamme.ca\/fr\/#organization\",\"name\":\"Groupe Belleflamme\",\"alternateName\":\"Belleflamme\",\"url\":\"https:\/\/www.belleflamme.ca\/fr\/\",\"logo\":{\"@type\":\"ImageObject\",\"inLanguage\":\"fr-FR\",\"@id\":\"https:\/\/www.belleflamme.ca\/fr\/#\/schema\/logo\/image\/\",\"url\":\"https:\/\/staging.belleflamme.ca\/wp-content\/uploads\/2023\/01\/og-image.jpg\",\"contentUrl\":\"https:\/\/staging.belleflamme.ca\/wp-content\/uploads\/2023\/01\/og-image.jpg\",\"width\":1200,\"height\":630,\"caption\":\"Groupe Belleflamme\"},\"image\":{\"@id\":\"https:\/\/www.belleflamme.ca\/fr\/#\/schema\/logo\/image\/\"},\"sameAs\":[\"https:\/\/www.facebook.com\/belleflamme.ca\/\",\"https:\/\/www.linkedin.com\/company\/belleflamme\/\",\"https:\/\/www.pinterest.ca\/groupebelleflamme\/\",\"https:\/\/www.instagram.com\/legroupebelleflamme\/\"],\"mainEntityOfPage\":{\"@id\":\"https:\/\/staging.belleflamme.ca\/fr\/produit\/thermopompe-centrale-serie-unix-de-gree\/\"}}]}<\/script>\n<meta property=\"product:brand\" content=\"Gree\" \/>\n<meta property=\"og:availability\" content=\"instock\" \/>\n<meta property=\"product:availability\" content=\"instock\" \/>\n<meta property=\"product:condition\" content=\"new\" \/>\n<!-- \/ Yoast SEO Premium plugin. -->","yoast_head_json":{"title":"Thermopompe Centrale S\u00e9rie Unix de Gree - Groupe BelleFlamme","description":"Thermopompe Centrale S\u00e9rie Unix de Gree vendu et install\u00e9 par le Groupe Belleflamme. Laval, Montr\u00e9al, Gatineau et Saint-Sauveur.","robots":{"index":"index","follow":"follow","max-snippet":"max-snippet:-1","max-image-preview":"max-image-preview:large","max-video-preview":"max-video-preview:-1"},"canonical":"https:\/\/staging.belleflamme.ca\/fr\/produit\/thermopompe-centrale-serie-unix-de-gree\/","og_locale":"fr_FR","og_type":"article","og_title":"Thermopompe Centrale S\u00e9rie Unix de Gree","og_description":"Thermopompe Centrale S\u00e9rie Unix de Gree vendu et install\u00e9 par le Groupe Belleflamme. Laval, Montr\u00e9al, Gatineau et Saint-Sauveur.","og_url":"https:\/\/staging.belleflamme.ca\/fr\/produit\/thermopompe-centrale-serie-unix-de-gree\/","og_site_name":"Groupe BelleFlamme","article_publisher":"https:\/\/www.facebook.com\/belleflamme.ca\/","article_modified_time":"2024-12-11T14:44:36+00:00","og_image":[{"width":1000,"height":1000,"url":"https:\/\/www.belleflamme.ca\/wp-content\/uploads\/2024\/12\/Thermopompe-Centrale-Serie-Unix-de-Gree.webp","type":"image\/webp"}],"twitter_card":"summary_large_image","twitter_misc":{"Disponibilit\u00e9":"En stock"},"schema":{"@context":"https:\/\/schema.org","@graph":[{"@type":["WebPage","ItemPage"],"@id":"https:\/\/staging.belleflamme.ca\/fr\/produit\/thermopompe-centrale-serie-unix-de-gree\/","url":"https:\/\/staging.belleflamme.ca\/fr\/produit\/thermopompe-centrale-serie-unix-de-gree\/","name":"Thermopompe Centrale S\u00e9rie Unix de Gree - Groupe BelleFlamme","isPartOf":{"@id":"https:\/\/www.belleflamme.ca\/fr\/#website"},"primaryImageOfPage":{"@id":"https:\/\/staging.belleflamme.ca\/fr\/produit\/thermopompe-centrale-serie-unix-de-gree\/#primaryimage"},"image":{"@id":"https:\/\/staging.belleflamme.ca\/fr\/produit\/thermopompe-centrale-serie-unix-de-gree\/#primaryimage"},"thumbnailUrl":"https:\/\/staging.belleflamme.ca\/wp-content\/uploads\/2024\/12\/Thermopompe-Centrale-Serie-Unix-de-Gree.webp","datePublished":"2024-12-11T14:38:02+00:00","dateModified":"2024-12-11T14:44:36+00:00","description":"Thermopompe Centrale S\u00e9rie Unix de Gree vendu et install\u00e9 par le Groupe Belleflamme. Laval, Montr\u00e9al, Gatineau et Saint-Sauveur.","breadcrumb":{"@id":"https:\/\/staging.belleflamme.ca\/fr\/produit\/thermopompe-centrale-serie-unix-de-gree\/#breadcrumb"},"inLanguage":"fr-FR","potentialAction":[{"@type":"ReadAction","target":["https:\/\/staging.belleflamme.ca\/fr\/produit\/thermopompe-centrale-serie-unix-de-gree\/"]}]},{"@type":"ImageObject","inLanguage":"fr-FR","@id":"https:\/\/staging.belleflamme.ca\/fr\/produit\/thermopompe-centrale-serie-unix-de-gree\/#primaryimage","url":"https:\/\/staging.belleflamme.ca\/wp-content\/uploads\/2024\/12\/Thermopompe-Centrale-Serie-Unix-de-Gree.webp","contentUrl":"https:\/\/staging.belleflamme.ca\/wp-content\/uploads\/2024\/12\/Thermopompe-Centrale-Serie-Unix-de-Gree.webp","width":1000,"height":1000,"caption":"Thermopompe Centrale S\u00e9rie Unix de Gree"},{"@type":"BreadcrumbList","@id":"https:\/\/staging.belleflamme.ca\/fr\/produit\/thermopompe-centrale-serie-unix-de-gree\/#breadcrumb","itemListElement":[{"@type":"ListItem","position":1,"name":"Accueil","item":"https:\/\/www.belleflamme.ca\/fr\/"},{"@type":"ListItem","position":2,"name":"Boutique","item":"https:\/\/www.belleflamme.ca\/fr\/boutique\/"},{"@type":"ListItem","position":3,"name":"Climatisation &amp; Chauffage","item":"https:\/\/staging.belleflamme.ca\/fr\/categories\/climatisation-chauffage\/"},{"@type":"ListItem","position":4,"name":"Syst\u00e8me central","item":"https:\/\/staging.belleflamme.ca\/fr\/categories\/climatisation-chauffage\/systeme-central\/"},{"@type":"ListItem","position":5,"name":"Thermopompes Centrales","item":"https:\/\/staging.belleflamme.ca\/fr\/categories\/climatisation-chauffage\/systeme-central\/thermopompes-centrales\/"},{"@type":"ListItem","position":6,"name":"Thermopompe Centrale S\u00e9rie Unix de Gree"}]},{"@type":"WebSite","@id":"https:\/\/www.belleflamme.ca\/fr\/#website","url":"https:\/\/www.belleflamme.ca\/fr\/","name":"Groupe Belleflamme","description":"La m\u00e9canique du b\u00e2timent dans le sang.","publisher":{"@id":"https:\/\/www.belleflamme.ca\/fr\/#organization"},"potentialAction":[{"@type":"SearchAction","target":{"@type":"EntryPoint","urlTemplate":"https:\/\/www.belleflamme.ca\/fr\/?s={search_term_string}"},"query-input":{"@type":"PropertyValueSpecification","valueRequired":true,"valueName":"search_term_string"}}],"inLanguage":"fr-FR"},{"@type":["Organization","Place"],"@id":"https:\/\/www.belleflamme.ca\/fr\/#organization","name":"Groupe Belleflamme","alternateName":"Belleflamme","url":"https:\/\/www.belleflamme.ca\/fr\/","logo":{"@type":"ImageObject","inLanguage":"fr-FR","@id":"https:\/\/www.belleflamme.ca\/fr\/#\/schema\/logo\/image\/","url":"https:\/\/staging.belleflamme.ca\/wp-content\/uploads\/2023\/01\/og-image.jpg","contentUrl":"https:\/\/staging.belleflamme.ca\/wp-content\/uploads\/2023\/01\/og-image.jpg","width":1200,"height":630,"caption":"Groupe Belleflamme"},"image":{"@id":"https:\/\/www.belleflamme.ca\/fr\/#\/schema\/logo\/image\/"},"sameAs":["https:\/\/www.facebook.com\/belleflamme.ca\/","https:\/\/www.linkedin.com\/company\/belleflamme\/","https:\/\/www.pinterest.ca\/groupebelleflamme\/","https:\/\/www.instagram.com\/legroupebelleflamme\/"],"mainEntityOfPage":{"@id":"https:\/\/staging.belleflamme.ca\/fr\/produit\/thermopompe-centrale-serie-unix-de-gree\/"}}]},"product_brand":"Gree","og_availability":"instock","product_availability":"instock","product_condition":"new"},"_links":{"self":[{"href":"https:\/\/staging.belleflamme.ca\/fr\/wp-json\/wp\/v2\/product\/47106","targetHints":{"allow":["GET"]}}],"collection":[{"href":"https:\/\/staging.belleflamme.ca\/fr\/wp-json\/wp\/v2\/product"}],"about":[{"href":"https:\/\/staging.belleflamme.ca\/fr\/wp-json\/wp\/v2\/types\/product"}],"version-history":[{"count":4,"href":"https:\/\/staging.belleflamme.ca\/fr\/wp-json\/wp\/v2\/product\/47106\/revisions"}],"predecessor-version":[{"id":47134,"href":"https:\/\/staging.belleflamme.ca\/fr\/wp-json\/wp\/v2\/product\/47106\/revisions\/47134"}],"wp:featuredmedia":[{"embeddable":true,"href":"https:\/\/staging.belleflamme.ca\/fr\/wp-json\/wp\/v2\/media\/47107"}],"wp:attachment":[{"href":"https:\/\/staging.belleflamme.ca\/fr\/wp-json\/wp\/v2\/media?parent=47106"}],"wp:term":[{"taxonomy":"product_brand","embeddable":true,"href":"https:\/\/staging.belleflamme.ca\/fr\/wp-json\/wp\/v2\/product_brand?post=47106"},{"taxonomy":"product_cat","embeddable":true,"href":"https:\/\/staging.belleflamme.ca\/fr\/wp-json\/wp\/v2\/product_cat?post=47106"},{"taxonomy":"product_tag","embeddable":true,"href":"https:\/\/staging.belleflamme.ca\/fr\/wp-json\/wp\/v2\/product_tag?post=47106"}],"curies":[{"name":"wp","href":"https:\/\/api.w.org\/{rel}","templated":true}]}}