{"id":47055,"date":"2024-12-11T09:11:14","date_gmt":"2024-12-11T14:11:14","guid":{"rendered":"https:\/\/www.belleflamme.ca\/?post_type=product&#038;p=47055"},"modified":"2024-12-11T09:24:13","modified_gmt":"2024-12-11T14:24:13","slug":"thermopompe-murale-multi-zone-free-match-extreme-series-de-gree","status":"publish","type":"product","link":"https:\/\/staging.belleflamme.ca\/fr\/produit\/thermopompe-murale-multi-zone-free-match-extreme-series-de-gree\/","title":{"rendered":"Thermopompe Murale Multi-Zone Free Match Extreme Series de Gree"},"content":{"rendered":"\t\t<div data-elementor-type=\"product-post\" data-elementor-id=\"47055\" class=\"elementor elementor-47055\" data-elementor-post-type=\"product\">\n\t\t\t\t\t\t<section class=\"elementor-section elementor-top-section elementor-element elementor-element-44d73268 elementor-section-boxed elementor-section-height-default elementor-section-height-default\" data-id=\"44d73268\" data-element_type=\"section\">\n\t\t\t\t\t\t<div class=\"elementor-container elementor-column-gap-default\">\n\t\t\t\t\t<div class=\"elementor-column elementor-col-100 elementor-top-column elementor-element elementor-element-709943c4\" data-id=\"709943c4\" data-element_type=\"column\">\n\t\t\t<div class=\"elementor-widget-wrap elementor-element-populated\">\n\t\t\t\t\t\t<div class=\"elementor-element elementor-element-752fc056 elementor-widget elementor-widget-text-editor\" data-id=\"752fc056\" data-element_type=\"widget\" data-widget_type=\"text-editor.default\">\n\t\t\t\t<div class=\"elementor-widget-container\">\n\t\t\t\t\t\t\t\t\t<h4 style=\"text-align: center;\"><strong>DES PERFORMANCES OPTIMALES DANS LES CLIMATS LES PLUS RUDES<\/strong><\/h4><p><img fetchpriority=\"high\" decoding=\"async\" src=\"https:\/\/www.belleflamme.ca\/wp-content\/uploads\/2024\/12\/2024-12-11-09_11_53-GREE-BROCHURE-MULTI-ZONE-FREEMATCH-EXTREME-EN-WEB.pdf.png\" alt=\"\" width=\"377\" height=\"181\" \/><\/p><p>Utilisant des technologies de pointe, les pompes \u00e0 chaleur Free Match Extreme \u00e0 haut rendement offrent \u00e0<br \/>\u00e0 la fois un chauffage et un refroidissement &#8220;ULTRA&#8221; puissants dans deux ou trois zones distinctes. Chaque unit\u00e9 int\u00e9rieure<br \/>peut \u00eatre contr\u00f4l\u00e9e ind\u00e9pendamment afin de fournir la bonne temp\u00e9rature pour chaque zone.<\/p><h3>UNIT\u00c9S INT\u00c9RIEURES\u00a0<\/h3><p>Afin de vous permettre de concevoir votre solution de confort sur mesure, le syst\u00e8me de chauffage et de refroidissement Free Match Extreme peut combiner jusqu\u2019\u00e0 5 unit\u00e9s int\u00e9rieures parmi un assortiment d\u2019unit\u00e9s murales, de mini-consoles, de conduits gainables et de cassettes \u00e0 plafond.<\/p><p><strong>S\u00c9RIE LOMO 23<\/strong><\/p><p><img decoding=\"async\" class=\"alignnone size-full wp-image-47090\" src=\"https:\/\/www.belleflamme.ca\/wp-content\/uploads\/2024\/12\/2024-12-11-09_17_58-GREE-BROCHURE-MULTI-ZONE-FREEMATCH-EXTREME-FR-WEB.pdf.png\" alt=\"\" width=\"492\" height=\"139\" srcset=\"https:\/\/staging.belleflamme.ca\/wp-content\/uploads\/2024\/12\/2024-12-11-09_17_58-GREE-BROCHURE-MULTI-ZONE-FREEMATCH-EXTREME-FR-WEB.pdf.png 492w, https:\/\/staging.belleflamme.ca\/wp-content\/uploads\/2024\/12\/2024-12-11-09_17_58-GREE-BROCHURE-MULTI-ZONE-FREEMATCH-EXTREME-FR-WEB.pdf-300x85.png 300w\" sizes=\"(max-width: 492px) 100vw, 492px\" \/><br \/>Mince et \u00e9l\u00e9gante, cette unit\u00e9 int\u00e9rieure apporte de nouvelles performances et un style spectaculaire dans chaque pi\u00e8ce.<\/p><p><strong>S\u00c9RIE CROSSOVER<\/strong><\/p><p><img decoding=\"async\" class=\"alignnone size-full wp-image-47088\" src=\"https:\/\/www.belleflamme.ca\/wp-content\/uploads\/2024\/12\/2024-12-11-09_18_13-GREE-BROCHURE-MULTI-ZONE-FREEMATCH-EXTREME-FR-WEB.pdf.png\" alt=\"\" width=\"512\" height=\"125\" srcset=\"https:\/\/staging.belleflamme.ca\/wp-content\/uploads\/2024\/12\/2024-12-11-09_18_13-GREE-BROCHURE-MULTI-ZONE-FREEMATCH-EXTREME-FR-WEB.pdf.png 512w, https:\/\/staging.belleflamme.ca\/wp-content\/uploads\/2024\/12\/2024-12-11-09_18_13-GREE-BROCHURE-MULTI-ZONE-FREEMATCH-EXTREME-FR-WEB.pdf-300x73.png 300w\" sizes=\"(max-width: 512px) 100vw, 512px\" \/><br \/>\u00c9tant l\u2019une des seules thermopompes permettant de chauffer \u00e0 des temp\u00e9ratures extr\u00eames, elle est votre allier pour faire face \u00e0 nos climats froids canadiens.<\/p><p><strong>S\u00c9RIE EXTREME<\/strong><\/p><p><img loading=\"lazy\" decoding=\"async\" class=\"alignnone size-full wp-image-47086\" src=\"https:\/\/www.belleflamme.ca\/wp-content\/uploads\/2024\/12\/2024-12-11-09_18_25-GREE-BROCHURE-MULTI-ZONE-FREEMATCH-EXTREME-FR-WEB.pdf.png\" alt=\"\" width=\"481\" height=\"128\" srcset=\"https:\/\/staging.belleflamme.ca\/wp-content\/uploads\/2024\/12\/2024-12-11-09_18_25-GREE-BROCHURE-MULTI-ZONE-FREEMATCH-EXTREME-FR-WEB.pdf.png 481w, https:\/\/staging.belleflamme.ca\/wp-content\/uploads\/2024\/12\/2024-12-11-09_18_25-GREE-BROCHURE-MULTI-ZONE-FREEMATCH-EXTREME-FR-WEB.pdf-300x80.png 300w\" sizes=\"(max-width: 481px) 100vw, 481px\" \/><br \/>Cette unit\u00e9 murale sans conduit a un design compact qui se marie bien avec n\u2019importe quel d\u00e9cor, l\u2019option parfaite pour vos besoins \u00e0 la maison ou au bureau.<\/p><p><strong>MINI-CONSOLE DE PLANCHER<\/strong><\/p><p><img loading=\"lazy\" decoding=\"async\" class=\"alignnone size-full wp-image-47084\" src=\"https:\/\/www.belleflamme.ca\/wp-content\/uploads\/2024\/12\/2024-12-11-09_18_48-GREE-BROCHURE-MULTI-ZONE-FREEMATCH-EXTREME-FR-WEB.pdf.png\" alt=\"\" width=\"477\" height=\"243\" srcset=\"https:\/\/staging.belleflamme.ca\/wp-content\/uploads\/2024\/12\/2024-12-11-09_18_48-GREE-BROCHURE-MULTI-ZONE-FREEMATCH-EXTREME-FR-WEB.pdf.png 477w, https:\/\/staging.belleflamme.ca\/wp-content\/uploads\/2024\/12\/2024-12-11-09_18_48-GREE-BROCHURE-MULTI-ZONE-FREEMATCH-EXTREME-FR-WEB.pdf-300x153.png 300w\" sizes=\"(max-width: 477px) 100vw, 477px\" \/><\/p><p>La mini-console est esth\u00e9tiquement agr\u00e9able et de la taille id\u00e9ale pour n\u2019importe quelle pi\u00e8ce. Elle peut \u00eatre install\u00e9e \u00e0 15cm (6 pouces) du sol et son panneau avant permet d\u2019acc\u00e9der au filtre pour faciliter le nettoyage.<\/p><p>CASSETTE DE PLAFOND<\/p><p><img loading=\"lazy\" decoding=\"async\" class=\"alignnone size-full wp-image-47082\" src=\"https:\/\/www.belleflamme.ca\/wp-content\/uploads\/2024\/12\/2024-12-11-09_19_00-GREE-BROCHURE-MULTI-ZONE-FREEMATCH-EXTREME-FR-WEB.pdf.png\" alt=\"\" width=\"467\" height=\"241\" srcset=\"https:\/\/staging.belleflamme.ca\/wp-content\/uploads\/2024\/12\/2024-12-11-09_19_00-GREE-BROCHURE-MULTI-ZONE-FREEMATCH-EXTREME-FR-WEB.pdf.png 467w, https:\/\/staging.belleflamme.ca\/wp-content\/uploads\/2024\/12\/2024-12-11-09_19_00-GREE-BROCHURE-MULTI-ZONE-FREEMATCH-EXTREME-FR-WEB.pdf-300x155.png 300w\" sizes=\"(max-width: 467px) 100vw, 467px\" \/><br \/>La cassette de plafond offre des performances discr\u00e8tes gr\u00e2ce \u00e0 une conception innovante. Elle convient \u00e0 toutes les pi\u00e8ces et peut \u00eatre facilement install\u00e9e dans les plafonds, laissant seulement une grille d\u00e9corative visible.<\/p><p>CONDUIT GAINABLE<\/p><p><img loading=\"lazy\" decoding=\"async\" class=\"alignnone size-full wp-image-47080\" src=\"https:\/\/www.belleflamme.ca\/wp-content\/uploads\/2024\/12\/2024-12-11-09_19_11-GREE-BROCHURE-MULTI-ZONE-FREEMATCH-EXTREME-FR-WEB.pdf.png\" alt=\"\" width=\"469\" height=\"240\" srcset=\"https:\/\/staging.belleflamme.ca\/wp-content\/uploads\/2024\/12\/2024-12-11-09_19_11-GREE-BROCHURE-MULTI-ZONE-FREEMATCH-EXTREME-FR-WEB.pdf.png 469w, https:\/\/staging.belleflamme.ca\/wp-content\/uploads\/2024\/12\/2024-12-11-09_19_11-GREE-BROCHURE-MULTI-ZONE-FREEMATCH-EXTREME-FR-WEB.pdf-300x154.png 300w\" sizes=\"(max-width: 469px) 100vw, 469px\" \/><br \/>Le conduit gainable (\u00e0 haute ou basse statique) offre une solution extr\u00eamement discr\u00e8te et compacte. En outre, cette unit\u00e9 int\u00e9rieure permet de lib\u00e9rer un maximum d\u2019espace pour minimiser l\u2019impact sur le d\u00e9coration.<\/p><p><img loading=\"lazy\" decoding=\"async\" src=\"https:\/\/www.belleflamme.ca\/wp-content\/uploads\/2024\/12\/2024-12-10-11_47_30-GREE-BROCHURE-SIMPLE-ZONE-LOMO23-EN-WEB.pdf.png\" alt=\"\" width=\"611\" height=\"118\" \/><\/p><ul><li>\u00a0<strong>IDEAL POUR LE CLIMAT CANADIEN<\/strong><br \/>Chaque serpentin des unit\u00e9s de condensation ext\u00e9rieures Free Match Extreme est recouvert d&#8217;un rev\u00eatement r\u00e9sistant \u00e0 la corrosion<br \/>afin de garantir une efficacit\u00e9 \u00e9nerg\u00e9tique optimale dans les climats les plus extr\u00eames.<\/li><\/ul><p><img loading=\"lazy\" decoding=\"async\" src=\"https:\/\/www.belleflamme.ca\/wp-content\/uploads\/2024\/12\/2024-12-11-09_13_30-GREE-BROCHURE-MULTI-ZONE-FREEMATCH-EXTREME-FR-WEB.pdf.png\" alt=\"\" width=\"1726\" height=\"438\" \/><\/p><p style=\"text-align: center;\"><img loading=\"lazy\" decoding=\"async\" src=\"https:\/\/www.belleflamme.ca\/wp-content\/uploads\/2024\/12\/Garantie-Belleflamme-FR-5.png\" alt=\"\" width=\"250\" height=\"250\" \/><\/p><p><img loading=\"lazy\" decoding=\"async\" src=\"https:\/\/www.belleflamme.ca\/wp-content\/uploads\/2024\/12\/GREE-FREEMATCH-EXTREME-SPECS.webp\" alt=\"\" width=\"2251\" height=\"1331\" \/><\/p><div style=\"text-align: center;\">\u00a0<\/div>\t\t\t\t\t\t\t\t<\/div>\n\t\t\t\t<\/div>\n\t\t\t\t\t<\/div>\n\t\t<\/div>\n\t\t\t\t\t<\/div>\n\t\t<\/section>\n\t\t\t\t<section class=\"elementor-section elementor-top-section elementor-element elementor-element-fcb18b3 elementor-section-boxed elementor-section-height-default elementor-section-height-default\" data-id=\"fcb18b3\" data-element_type=\"section\">\n\t\t\t\t\t\t<div class=\"elementor-container elementor-column-gap-default\">\n\t\t\t\t\t<div class=\"elementor-column elementor-col-100 elementor-top-column elementor-element elementor-element-a9d2e8a\" data-id=\"a9d2e8a\" data-element_type=\"column\">\n\t\t\t<div class=\"elementor-widget-wrap elementor-element-populated\">\n\t\t\t\t\t\t<div class=\"elementor-element elementor-element-65ce3f3 elementor-tabs-view-horizontal elementor-widget elementor-widget-tabs\" data-id=\"65ce3f3\" data-element_type=\"widget\" data-widget_type=\"tabs.default\">\n\t\t\t\t<div class=\"elementor-widget-container\">\n\t\t\t\t\t\t\t<div class=\"elementor-tabs\">\n\t\t\t<div class=\"elementor-tabs-wrapper\" role=\"tablist\" >\n\t\t\t\t\t\t\t\t\t<div id=\"elementor-tab-title-1061\" class=\"elementor-tab-title elementor-tab-desktop-title\" aria-selected=\"true\" data-tab=\"1\" role=\"tab\" tabindex=\"0\" aria-controls=\"elementor-tab-content-1061\" aria-expanded=\"false\">Fichiers<\/div>\n\t\t\t\t\t\t\t<\/div>\n\t\t\t<div class=\"elementor-tabs-content-wrapper\" role=\"tablist\" aria-orientation=\"vertical\">\n\t\t\t\t\t\t\t\t\t<div class=\"elementor-tab-title elementor-tab-mobile-title\" aria-selected=\"true\" data-tab=\"1\" role=\"tab\" tabindex=\"0\" aria-controls=\"elementor-tab-content-1061\" aria-expanded=\"false\">Fichiers<\/div>\n\t\t\t\t\t<div id=\"elementor-tab-content-1061\" class=\"elementor-tab-content elementor-clearfix\" data-tab=\"1\" role=\"tabpanel\" aria-labelledby=\"elementor-tab-title-1061\" tabindex=\"0\" hidden=\"false\"><i class=\"far fa-file-pdf fa-xl\" style=\"font-size:35px\"><\/i><a href=\"https:\/\/www.belleflamme.ca\/wp-content\/uploads\/2024\/12\/GREE-BROCHURE-MULTI-ZONE-FREEMATCH-EXTREME-FR-WEB.pdf\"> Brochure<\/a><\/br><\/div>\n\t\t\t\t\t\t\t<\/div>\n\t\t<\/div>\n\t\t\t\t\t\t<\/div>\n\t\t\t\t<\/div>\n\t\t\t\t\t<\/div>\n\t\t<\/div>\n\t\t\t\t\t<\/div>\n\t\t<\/section>\n\t\t\t\t<\/div>\n\t\t","protected":false},"excerpt":{"rendered":"<p>DES PERFORMANCES OPTIMALES DANS LES CLIMATS LES PLUS RUDES Utilisant des technologies de pointe, les pompes \u00e0 chaleur Free Match Extreme \u00e0 haut rendement offrent \u00e0\u00e0 la fois un chauffage et un refroidissement &#8220;ULTRA&#8221; puissants dans deux ou trois zones distinctes. Chaque unit\u00e9 int\u00e9rieurepeut \u00eatre contr\u00f4l\u00e9e ind\u00e9pendamment afin de fournir la bonne temp\u00e9rature pour chaque [&hellip;]<\/p>\n","protected":false},"featured_media":47057,"template":"","meta":{"inline_featured_image":false},"product_brand":[1964],"product_cat":[70,312,313],"product_tag":[],"class_list":{"0":"post-47055","1":"product","2":"type-product","3":"status-publish","4":"has-post-thumbnail","6":"product_brand-gree","7":"product_cat-climatisation-chauffage","8":"product_cat-systeme-mutli-zones","9":"product_cat-thermopompes-multi-zones","11":"first","12":"instock","13":"taxable","14":"shipping-taxable","15":"product-type-variable"},"yoast_head":"<!-- This site is optimized with the Yoast SEO Premium plugin v24.2 (Yoast SEO v24.2) - https:\/\/yoast.com\/wordpress\/plugins\/seo\/ -->\n<title>Thermopompe Murale Multi-Zone Free Match Extreme Series de Gree - Groupe BelleFlamme<\/title>\n<meta name=\"description\" content=\"Thermopompe Murale Multi-Zone Free Match Extreme Series de Gree vendu et install\u00e9 par le Groupe Belleflamme. Laval, Montr\u00e9al, Gatineau et Saint-Sauveur.\" \/>\n<meta name=\"robots\" content=\"index, follow, max-snippet:-1, max-image-preview:large, max-video-preview:-1\" \/>\n<link rel=\"canonical\" href=\"https:\/\/staging.belleflamme.ca\/fr\/produit\/thermopompe-murale-multi-zone-free-match-extreme-series-de-gree\/\" \/>\n<meta property=\"og:locale\" content=\"fr_FR\" \/>\n<meta property=\"og:type\" content=\"article\" \/>\n<meta property=\"og:title\" content=\"Thermopompe Murale Multi-Zone Free Match Extreme Series de Gree\" \/>\n<meta property=\"og:description\" content=\"Thermopompe Murale Multi-Zone Free Match Extreme Series de Gree vendu et install\u00e9 par le Groupe Belleflamme. Laval, Montr\u00e9al, Gatineau et Saint-Sauveur.\" \/>\n<meta property=\"og:url\" content=\"https:\/\/staging.belleflamme.ca\/fr\/produit\/thermopompe-murale-multi-zone-free-match-extreme-series-de-gree\/\" \/>\n<meta property=\"og:site_name\" content=\"Groupe BelleFlamme\" \/>\n<meta property=\"article:publisher\" content=\"https:\/\/www.facebook.com\/belleflamme.ca\/\" \/>\n<meta property=\"article:modified_time\" content=\"2024-12-11T14:24:13+00:00\" \/>\n<meta property=\"og:image\" content=\"https:\/\/www.belleflamme.ca\/wp-content\/uploads\/2024\/12\/Thermopompe-Murale-Multi-Zone-Free-Match-Extreme-Series-de-Gree.webp\" \/>\n\t<meta property=\"og:image:width\" content=\"1000\" \/>\n\t<meta property=\"og:image:height\" content=\"1000\" \/>\n\t<meta property=\"og:image:type\" content=\"image\/webp\" \/>\n<meta name=\"twitter:card\" content=\"summary_large_image\" \/>\n<meta name=\"twitter:label1\" content=\"Disponibilit\u00e9\" \/>\n\t<meta name=\"twitter:data1\" content=\"En stock\" \/>\n<script type=\"application\/ld+json\" class=\"yoast-schema-graph\">{\"@context\":\"https:\/\/schema.org\",\"@graph\":[{\"@type\":[\"WebPage\",\"ItemPage\"],\"@id\":\"https:\/\/staging.belleflamme.ca\/fr\/produit\/thermopompe-murale-multi-zone-free-match-extreme-series-de-gree\/\",\"url\":\"https:\/\/staging.belleflamme.ca\/fr\/produit\/thermopompe-murale-multi-zone-free-match-extreme-series-de-gree\/\",\"name\":\"Thermopompe Murale Multi-Zone Free Match Extreme Series de Gree - Groupe BelleFlamme\",\"isPartOf\":{\"@id\":\"https:\/\/www.belleflamme.ca\/fr\/#website\"},\"primaryImageOfPage\":{\"@id\":\"https:\/\/staging.belleflamme.ca\/fr\/produit\/thermopompe-murale-multi-zone-free-match-extreme-series-de-gree\/#primaryimage\"},\"image\":{\"@id\":\"https:\/\/staging.belleflamme.ca\/fr\/produit\/thermopompe-murale-multi-zone-free-match-extreme-series-de-gree\/#primaryimage\"},\"thumbnailUrl\":\"https:\/\/staging.belleflamme.ca\/wp-content\/uploads\/2024\/12\/Thermopompe-Murale-Multi-Zone-Free-Match-Extreme-Series-de-Gree.webp\",\"datePublished\":\"2024-12-11T14:11:14+00:00\",\"dateModified\":\"2024-12-11T14:24:13+00:00\",\"description\":\"Thermopompe Murale Multi-Zone Free Match Extreme Series de Gree vendu et install\u00e9 par le Groupe Belleflamme. Laval, Montr\u00e9al, Gatineau et Saint-Sauveur.\",\"breadcrumb\":{\"@id\":\"https:\/\/staging.belleflamme.ca\/fr\/produit\/thermopompe-murale-multi-zone-free-match-extreme-series-de-gree\/#breadcrumb\"},\"inLanguage\":\"fr-FR\",\"potentialAction\":[{\"@type\":\"ReadAction\",\"target\":[\"https:\/\/staging.belleflamme.ca\/fr\/produit\/thermopompe-murale-multi-zone-free-match-extreme-series-de-gree\/\"]}]},{\"@type\":\"ImageObject\",\"inLanguage\":\"fr-FR\",\"@id\":\"https:\/\/staging.belleflamme.ca\/fr\/produit\/thermopompe-murale-multi-zone-free-match-extreme-series-de-gree\/#primaryimage\",\"url\":\"https:\/\/staging.belleflamme.ca\/wp-content\/uploads\/2024\/12\/Thermopompe-Murale-Multi-Zone-Free-Match-Extreme-Series-de-Gree.webp\",\"contentUrl\":\"https:\/\/staging.belleflamme.ca\/wp-content\/uploads\/2024\/12\/Thermopompe-Murale-Multi-Zone-Free-Match-Extreme-Series-de-Gree.webp\",\"width\":1000,\"height\":1000,\"caption\":\"Thermopompe Murale Multi-Zone Free Match Extreme Series de Gree\"},{\"@type\":\"BreadcrumbList\",\"@id\":\"https:\/\/staging.belleflamme.ca\/fr\/produit\/thermopompe-murale-multi-zone-free-match-extreme-series-de-gree\/#breadcrumb\",\"itemListElement\":[{\"@type\":\"ListItem\",\"position\":1,\"name\":\"Accueil\",\"item\":\"https:\/\/www.belleflamme.ca\/fr\/\"},{\"@type\":\"ListItem\",\"position\":2,\"name\":\"Boutique\",\"item\":\"https:\/\/www.belleflamme.ca\/fr\/boutique\/\"},{\"@type\":\"ListItem\",\"position\":3,\"name\":\"Climatisation &amp; Chauffage\",\"item\":\"https:\/\/staging.belleflamme.ca\/fr\/categories\/climatisation-chauffage\/\"},{\"@type\":\"ListItem\",\"position\":4,\"name\":\"Syst\u00e8me Multi-Zone\",\"item\":\"https:\/\/staging.belleflamme.ca\/fr\/categories\/climatisation-chauffage\/systeme-mutli-zones\/\"},{\"@type\":\"ListItem\",\"position\":5,\"name\":\"Thermopompes Multi-Zones\",\"item\":\"https:\/\/staging.belleflamme.ca\/fr\/categories\/climatisation-chauffage\/systeme-mutli-zones\/thermopompes-multi-zones\/\"},{\"@type\":\"ListItem\",\"position\":6,\"name\":\"Thermopompe Murale Multi-Zone Free Match Extreme Series de Gree\"}]},{\"@type\":\"WebSite\",\"@id\":\"https:\/\/www.belleflamme.ca\/fr\/#website\",\"url\":\"https:\/\/www.belleflamme.ca\/fr\/\",\"name\":\"Groupe Belleflamme\",\"description\":\"La m\u00e9canique du b\u00e2timent dans le sang.\",\"publisher\":{\"@id\":\"https:\/\/www.belleflamme.ca\/fr\/#organization\"},\"potentialAction\":[{\"@type\":\"SearchAction\",\"target\":{\"@type\":\"EntryPoint\",\"urlTemplate\":\"https:\/\/www.belleflamme.ca\/fr\/?s={search_term_string}\"},\"query-input\":{\"@type\":\"PropertyValueSpecification\",\"valueRequired\":true,\"valueName\":\"search_term_string\"}}],\"inLanguage\":\"fr-FR\"},{\"@type\":[\"Organization\",\"Place\"],\"@id\":\"https:\/\/www.belleflamme.ca\/fr\/#organization\",\"name\":\"Groupe Belleflamme\",\"alternateName\":\"Belleflamme\",\"url\":\"https:\/\/www.belleflamme.ca\/fr\/\",\"logo\":{\"@type\":\"ImageObject\",\"inLanguage\":\"fr-FR\",\"@id\":\"https:\/\/www.belleflamme.ca\/fr\/#\/schema\/logo\/image\/\",\"url\":\"https:\/\/staging.belleflamme.ca\/wp-content\/uploads\/2023\/01\/og-image.jpg\",\"contentUrl\":\"https:\/\/staging.belleflamme.ca\/wp-content\/uploads\/2023\/01\/og-image.jpg\",\"width\":1200,\"height\":630,\"caption\":\"Groupe Belleflamme\"},\"image\":{\"@id\":\"https:\/\/www.belleflamme.ca\/fr\/#\/schema\/logo\/image\/\"},\"sameAs\":[\"https:\/\/www.facebook.com\/belleflamme.ca\/\",\"https:\/\/www.linkedin.com\/company\/belleflamme\/\",\"https:\/\/www.pinterest.ca\/groupebelleflamme\/\",\"https:\/\/www.instagram.com\/legroupebelleflamme\/\"],\"mainEntityOfPage\":{\"@id\":\"https:\/\/staging.belleflamme.ca\/fr\/produit\/thermopompe-murale-multi-zone-free-match-extreme-series-de-gree\/\"}}]}<\/script>\n<meta property=\"product:brand\" content=\"Gree\" \/>\n<meta property=\"og:availability\" content=\"instock\" \/>\n<meta property=\"product:availability\" content=\"instock\" \/>\n<meta property=\"product:condition\" content=\"new\" \/>\n<!-- \/ Yoast SEO Premium plugin. -->","yoast_head_json":{"title":"Thermopompe Murale Multi-Zone Free Match Extreme Series de Gree - Groupe BelleFlamme","description":"Thermopompe Murale Multi-Zone Free Match Extreme Series de Gree vendu et install\u00e9 par le Groupe Belleflamme. Laval, Montr\u00e9al, Gatineau et Saint-Sauveur.","robots":{"index":"index","follow":"follow","max-snippet":"max-snippet:-1","max-image-preview":"max-image-preview:large","max-video-preview":"max-video-preview:-1"},"canonical":"https:\/\/staging.belleflamme.ca\/fr\/produit\/thermopompe-murale-multi-zone-free-match-extreme-series-de-gree\/","og_locale":"fr_FR","og_type":"article","og_title":"Thermopompe Murale Multi-Zone Free Match Extreme Series de Gree","og_description":"Thermopompe Murale Multi-Zone Free Match Extreme Series de Gree vendu et install\u00e9 par le Groupe Belleflamme. Laval, Montr\u00e9al, Gatineau et Saint-Sauveur.","og_url":"https:\/\/staging.belleflamme.ca\/fr\/produit\/thermopompe-murale-multi-zone-free-match-extreme-series-de-gree\/","og_site_name":"Groupe BelleFlamme","article_publisher":"https:\/\/www.facebook.com\/belleflamme.ca\/","article_modified_time":"2024-12-11T14:24:13+00:00","og_image":[{"width":1000,"height":1000,"url":"https:\/\/www.belleflamme.ca\/wp-content\/uploads\/2024\/12\/Thermopompe-Murale-Multi-Zone-Free-Match-Extreme-Series-de-Gree.webp","type":"image\/webp"}],"twitter_card":"summary_large_image","twitter_misc":{"Disponibilit\u00e9":"En stock"},"schema":{"@context":"https:\/\/schema.org","@graph":[{"@type":["WebPage","ItemPage"],"@id":"https:\/\/staging.belleflamme.ca\/fr\/produit\/thermopompe-murale-multi-zone-free-match-extreme-series-de-gree\/","url":"https:\/\/staging.belleflamme.ca\/fr\/produit\/thermopompe-murale-multi-zone-free-match-extreme-series-de-gree\/","name":"Thermopompe Murale Multi-Zone Free Match Extreme Series de Gree - Groupe BelleFlamme","isPartOf":{"@id":"https:\/\/www.belleflamme.ca\/fr\/#website"},"primaryImageOfPage":{"@id":"https:\/\/staging.belleflamme.ca\/fr\/produit\/thermopompe-murale-multi-zone-free-match-extreme-series-de-gree\/#primaryimage"},"image":{"@id":"https:\/\/staging.belleflamme.ca\/fr\/produit\/thermopompe-murale-multi-zone-free-match-extreme-series-de-gree\/#primaryimage"},"thumbnailUrl":"https:\/\/staging.belleflamme.ca\/wp-content\/uploads\/2024\/12\/Thermopompe-Murale-Multi-Zone-Free-Match-Extreme-Series-de-Gree.webp","datePublished":"2024-12-11T14:11:14+00:00","dateModified":"2024-12-11T14:24:13+00:00","description":"Thermopompe Murale Multi-Zone Free Match Extreme Series de Gree vendu et install\u00e9 par le Groupe Belleflamme. Laval, Montr\u00e9al, Gatineau et Saint-Sauveur.","breadcrumb":{"@id":"https:\/\/staging.belleflamme.ca\/fr\/produit\/thermopompe-murale-multi-zone-free-match-extreme-series-de-gree\/#breadcrumb"},"inLanguage":"fr-FR","potentialAction":[{"@type":"ReadAction","target":["https:\/\/staging.belleflamme.ca\/fr\/produit\/thermopompe-murale-multi-zone-free-match-extreme-series-de-gree\/"]}]},{"@type":"ImageObject","inLanguage":"fr-FR","@id":"https:\/\/staging.belleflamme.ca\/fr\/produit\/thermopompe-murale-multi-zone-free-match-extreme-series-de-gree\/#primaryimage","url":"https:\/\/staging.belleflamme.ca\/wp-content\/uploads\/2024\/12\/Thermopompe-Murale-Multi-Zone-Free-Match-Extreme-Series-de-Gree.webp","contentUrl":"https:\/\/staging.belleflamme.ca\/wp-content\/uploads\/2024\/12\/Thermopompe-Murale-Multi-Zone-Free-Match-Extreme-Series-de-Gree.webp","width":1000,"height":1000,"caption":"Thermopompe Murale Multi-Zone Free Match Extreme Series de Gree"},{"@type":"BreadcrumbList","@id":"https:\/\/staging.belleflamme.ca\/fr\/produit\/thermopompe-murale-multi-zone-free-match-extreme-series-de-gree\/#breadcrumb","itemListElement":[{"@type":"ListItem","position":1,"name":"Accueil","item":"https:\/\/www.belleflamme.ca\/fr\/"},{"@type":"ListItem","position":2,"name":"Boutique","item":"https:\/\/www.belleflamme.ca\/fr\/boutique\/"},{"@type":"ListItem","position":3,"name":"Climatisation &amp; Chauffage","item":"https:\/\/staging.belleflamme.ca\/fr\/categories\/climatisation-chauffage\/"},{"@type":"ListItem","position":4,"name":"Syst\u00e8me Multi-Zone","item":"https:\/\/staging.belleflamme.ca\/fr\/categories\/climatisation-chauffage\/systeme-mutli-zones\/"},{"@type":"ListItem","position":5,"name":"Thermopompes Multi-Zones","item":"https:\/\/staging.belleflamme.ca\/fr\/categories\/climatisation-chauffage\/systeme-mutli-zones\/thermopompes-multi-zones\/"},{"@type":"ListItem","position":6,"name":"Thermopompe Murale Multi-Zone Free Match Extreme Series de Gree"}]},{"@type":"WebSite","@id":"https:\/\/www.belleflamme.ca\/fr\/#website","url":"https:\/\/www.belleflamme.ca\/fr\/","name":"Groupe Belleflamme","description":"La m\u00e9canique du b\u00e2timent dans le sang.","publisher":{"@id":"https:\/\/www.belleflamme.ca\/fr\/#organization"},"potentialAction":[{"@type":"SearchAction","target":{"@type":"EntryPoint","urlTemplate":"https:\/\/www.belleflamme.ca\/fr\/?s={search_term_string}"},"query-input":{"@type":"PropertyValueSpecification","valueRequired":true,"valueName":"search_term_string"}}],"inLanguage":"fr-FR"},{"@type":["Organization","Place"],"@id":"https:\/\/www.belleflamme.ca\/fr\/#organization","name":"Groupe Belleflamme","alternateName":"Belleflamme","url":"https:\/\/www.belleflamme.ca\/fr\/","logo":{"@type":"ImageObject","inLanguage":"fr-FR","@id":"https:\/\/www.belleflamme.ca\/fr\/#\/schema\/logo\/image\/","url":"https:\/\/staging.belleflamme.ca\/wp-content\/uploads\/2023\/01\/og-image.jpg","contentUrl":"https:\/\/staging.belleflamme.ca\/wp-content\/uploads\/2023\/01\/og-image.jpg","width":1200,"height":630,"caption":"Groupe Belleflamme"},"image":{"@id":"https:\/\/www.belleflamme.ca\/fr\/#\/schema\/logo\/image\/"},"sameAs":["https:\/\/www.facebook.com\/belleflamme.ca\/","https:\/\/www.linkedin.com\/company\/belleflamme\/","https:\/\/www.pinterest.ca\/groupebelleflamme\/","https:\/\/www.instagram.com\/legroupebelleflamme\/"],"mainEntityOfPage":{"@id":"https:\/\/staging.belleflamme.ca\/fr\/produit\/thermopompe-murale-multi-zone-free-match-extreme-series-de-gree\/"}}]},"product_brand":"Gree","og_availability":"instock","product_availability":"instock","product_condition":"new"},"_links":{"self":[{"href":"https:\/\/staging.belleflamme.ca\/fr\/wp-json\/wp\/v2\/product\/47055","targetHints":{"allow":["GET"]}}],"collection":[{"href":"https:\/\/staging.belleflamme.ca\/fr\/wp-json\/wp\/v2\/product"}],"about":[{"href":"https:\/\/staging.belleflamme.ca\/fr\/wp-json\/wp\/v2\/types\/product"}],"version-history":[{"count":9,"href":"https:\/\/staging.belleflamme.ca\/fr\/wp-json\/wp\/v2\/product\/47055\/revisions"}],"predecessor-version":[{"id":47297,"href":"https:\/\/staging.belleflamme.ca\/fr\/wp-json\/wp\/v2\/product\/47055\/revisions\/47297"}],"wp:featuredmedia":[{"embeddable":true,"href":"https:\/\/staging.belleflamme.ca\/fr\/wp-json\/wp\/v2\/media\/47057"}],"wp:attachment":[{"href":"https:\/\/staging.belleflamme.ca\/fr\/wp-json\/wp\/v2\/media?parent=47055"}],"wp:term":[{"taxonomy":"product_brand","embeddable":true,"href":"https:\/\/staging.belleflamme.ca\/fr\/wp-json\/wp\/v2\/product_brand?post=47055"},{"taxonomy":"product_cat","embeddable":true,"href":"https:\/\/staging.belleflamme.ca\/fr\/wp-json\/wp\/v2\/product_cat?post=47055"},{"taxonomy":"product_tag","embeddable":true,"href":"https:\/\/staging.belleflamme.ca\/fr\/wp-json\/wp\/v2\/product_tag?post=47055"}],"curies":[{"name":"wp","href":"https:\/\/api.w.org\/{rel}","templated":true}]}}