{"id":46965,"date":"2024-12-10T11:45:42","date_gmt":"2024-12-10T16:45:42","guid":{"rendered":"https:\/\/www.belleflamme.ca\/?post_type=product&#038;p=46965"},"modified":"2024-12-10T11:51:15","modified_gmt":"2024-12-10T16:51:15","slug":"thermopompe-murale-serie-lomo-23-de-gree","status":"publish","type":"product","link":"https:\/\/staging.belleflamme.ca\/fr\/produit\/thermopompe-murale-serie-lomo-23-de-gree\/","title":{"rendered":"Thermopompe Murale S\u00e9rie LOMO 23 de Gree"},"content":{"rendered":"\t\t<div data-elementor-type=\"product-post\" data-elementor-id=\"46965\" class=\"elementor elementor-46965\" data-elementor-post-type=\"product\">\n\t\t\t\t\t\t<section class=\"elementor-section elementor-top-section elementor-element elementor-element-6219f3ed elementor-section-boxed elementor-section-height-default elementor-section-height-default\" data-id=\"6219f3ed\" data-element_type=\"section\">\n\t\t\t\t\t\t<div class=\"elementor-container elementor-column-gap-default\">\n\t\t\t\t\t<div class=\"elementor-column elementor-col-100 elementor-top-column elementor-element elementor-element-47362b38\" data-id=\"47362b38\" data-element_type=\"column\">\n\t\t\t<div class=\"elementor-widget-wrap elementor-element-populated\">\n\t\t\t\t\t\t<div class=\"elementor-element elementor-element-c7dfd64 elementor-widget elementor-widget-text-editor\" data-id=\"c7dfd64\" data-element_type=\"widget\" data-widget_type=\"text-editor.default\">\n\t\t\t\t<div class=\"elementor-widget-container\">\n\t\t\t\t\t\t\t\t\t<h4><strong>\u00a0ABORDABLE ET EFFICACE POUR S&#8217;ADAPTER \u00c0 VOTRE STYLE DE VIE<\/strong><\/h4><p><img fetchpriority=\"high\" decoding=\"async\" class=\"alignnone size-full wp-image-46974\" src=\"https:\/\/www.belleflamme.ca\/wp-content\/uploads\/2024\/12\/2024-12-10-11_46_23-GREE-BROCHURE-SIMPLE-ZONE-LOMO23-EN-WEB.pdf.png\" alt=\"\" width=\"358\" height=\"184\" srcset=\"https:\/\/staging.belleflamme.ca\/wp-content\/uploads\/2024\/12\/2024-12-10-11_46_23-GREE-BROCHURE-SIMPLE-ZONE-LOMO23-EN-WEB.pdf.png 358w, https:\/\/staging.belleflamme.ca\/wp-content\/uploads\/2024\/12\/2024-12-10-11_46_23-GREE-BROCHURE-SIMPLE-ZONE-LOMO23-EN-WEB.pdf-300x154.png 300w\" sizes=\"(max-width: 358px) 100vw, 358px\" \/><\/p><p>La s\u00e9rie LOMO 23 apporte des performances spectaculaires et du style \u00e0 n&#8217;importe quelle pi\u00e8ce. Con\u00e7ue pour<br \/>r\u00e9pondre aux conditions particuli\u00e8res du climat canadien, elle offre un confort douillet m\u00eame par grand froid<br \/>, \u00e0 des temp\u00e9ratures aussi basses que -25 \u00b0C, sans compromettre la performance du chauffage et,<br \/>surtout, votre bien-\u00eatre.<\/p><p>\u00a0<\/p><ul><li>\u00a0<strong>TECHNOLOGIE D&#8217;INVERSEUR G10 \u00c0 HAUTE EFFICACIT\u00c9<\/strong><br \/>Contrairement aux syst\u00e8mes marche\/arr\u00eat conventionnels, cette technologie garantit que le syst\u00e8me<br \/>atteindra la temp\u00e9rature souhait\u00e9e plus rapidement et maintiendra des niveaux de confort constants, ce qui se traduit<br \/>par une plus grande efficacit\u00e9 et des \u00e9conomies d&#8217;\u00e9nergie significatives.<\/li><\/ul><div><img decoding=\"async\" class=\"alignnone size-full wp-image-46978\" src=\"https:\/\/www.belleflamme.ca\/wp-content\/uploads\/2024\/12\/2024-12-10-11_47_30-GREE-BROCHURE-SIMPLE-ZONE-LOMO23-EN-WEB.pdf.png\" alt=\"\" width=\"611\" height=\"118\" srcset=\"https:\/\/staging.belleflamme.ca\/wp-content\/uploads\/2024\/12\/2024-12-10-11_47_30-GREE-BROCHURE-SIMPLE-ZONE-LOMO23-EN-WEB.pdf.png 611w, https:\/\/staging.belleflamme.ca\/wp-content\/uploads\/2024\/12\/2024-12-10-11_47_30-GREE-BROCHURE-SIMPLE-ZONE-LOMO23-EN-WEB.pdf-300x58.png 300w\" sizes=\"(max-width: 611px) 100vw, 611px\" \/><\/div><p><strong>Caract\u00e9ristiques principales :<\/strong><\/p><p>G10 Technologie Inverter<br \/>\u25a0 Certifi\u00e9 Energy Star \u00ae<br \/>\u25a0 Kit Wi-Fi en option<br \/>\u25a0 Contr\u00f4le pr\u00e9cis du d\u00e9bit d&#8217;air<br \/>\u25a0 D\u00e9marrage \u00e0 basse tension<br \/>\u25a0 Ailettes avec rev\u00eatement anticorrosion<br \/>\u25a0 Contr\u00f4le des lamelles verticales et horizontales<br \/>\u25a0 Vitesse de ventilation multiple<br \/>\u25a0 Affichage LED r\u00e9glable<br \/>\u25a0 Filtres \u00e0 poussi\u00e8re lavables<br \/>\u25a0 Armoire en acier de forte \u00e9paisseur<br \/>\u25a0 R\u00e9frig\u00e9rant R410A \u00e9cologique<br \/>\u25a0 T\u00e9l\u00e9commande (incluse)<br \/>\u25a0 Contr\u00f4leur c\u00e2bl\u00e9 (en option)<\/p><p><img decoding=\"async\" class=\"alignnone size-full wp-image-46980\" src=\"https:\/\/www.belleflamme.ca\/wp-content\/uploads\/2024\/12\/2024-12-10-11_48_17-GREE-BROCHURE-SIMPLE-ZONE-LOMO23-FR-WEB.pdf.png\" alt=\"\" width=\"1759\" height=\"446\" srcset=\"https:\/\/staging.belleflamme.ca\/wp-content\/uploads\/2024\/12\/2024-12-10-11_48_17-GREE-BROCHURE-SIMPLE-ZONE-LOMO23-FR-WEB.pdf.png 1759w, https:\/\/staging.belleflamme.ca\/wp-content\/uploads\/2024\/12\/2024-12-10-11_48_17-GREE-BROCHURE-SIMPLE-ZONE-LOMO23-FR-WEB.pdf-300x76.png 300w, https:\/\/staging.belleflamme.ca\/wp-content\/uploads\/2024\/12\/2024-12-10-11_48_17-GREE-BROCHURE-SIMPLE-ZONE-LOMO23-FR-WEB.pdf-1024x260.png 1024w, https:\/\/staging.belleflamme.ca\/wp-content\/uploads\/2024\/12\/2024-12-10-11_48_17-GREE-BROCHURE-SIMPLE-ZONE-LOMO23-FR-WEB.pdf-768x195.png 768w, https:\/\/staging.belleflamme.ca\/wp-content\/uploads\/2024\/12\/2024-12-10-11_48_17-GREE-BROCHURE-SIMPLE-ZONE-LOMO23-FR-WEB.pdf-1536x389.png 1536w, https:\/\/staging.belleflamme.ca\/wp-content\/uploads\/2024\/12\/2024-12-10-11_48_17-GREE-BROCHURE-SIMPLE-ZONE-LOMO23-FR-WEB.pdf-900x228.png 900w\" sizes=\"(max-width: 1759px) 100vw, 1759px\" \/><\/p><p style=\"text-align: center;\"><img loading=\"lazy\" decoding=\"async\" class=\"alignnone size-full wp-image-46816\" src=\"https:\/\/www.belleflamme.ca\/wp-content\/uploads\/2024\/12\/Garantie-Belleflamme-FR-5.png\" alt=\"\" width=\"250\" height=\"250\" srcset=\"https:\/\/staging.belleflamme.ca\/wp-content\/uploads\/2024\/12\/Garantie-Belleflamme-FR-5.png 250w, https:\/\/staging.belleflamme.ca\/wp-content\/uploads\/2024\/12\/Garantie-Belleflamme-FR-5-150x150.png 150w, https:\/\/staging.belleflamme.ca\/wp-content\/uploads\/2024\/12\/Garantie-Belleflamme-FR-5-100x100.png 100w\" sizes=\"(max-width: 250px) 100vw, 250px\" \/><\/p><p><img loading=\"lazy\" decoding=\"async\" class=\"alignnone size-full wp-image-46982\" src=\"https:\/\/www.belleflamme.ca\/wp-content\/uploads\/2024\/12\/GREE-LOMO23-SPECS.webp\" alt=\"\" width=\"2260\" height=\"1912\" srcset=\"https:\/\/staging.belleflamme.ca\/wp-content\/uploads\/2024\/12\/GREE-LOMO23-SPECS.webp 2260w, https:\/\/staging.belleflamme.ca\/wp-content\/uploads\/2024\/12\/GREE-LOMO23-SPECS-300x254.webp 300w, https:\/\/staging.belleflamme.ca\/wp-content\/uploads\/2024\/12\/GREE-LOMO23-SPECS-1024x866.webp 1024w, https:\/\/staging.belleflamme.ca\/wp-content\/uploads\/2024\/12\/GREE-LOMO23-SPECS-768x650.webp 768w, https:\/\/staging.belleflamme.ca\/wp-content\/uploads\/2024\/12\/GREE-LOMO23-SPECS-1536x1299.webp 1536w, https:\/\/staging.belleflamme.ca\/wp-content\/uploads\/2024\/12\/GREE-LOMO23-SPECS-2048x1733.webp 2048w, https:\/\/staging.belleflamme.ca\/wp-content\/uploads\/2024\/12\/GREE-LOMO23-SPECS-900x761.webp 900w\" sizes=\"(max-width: 2260px) 100vw, 2260px\" \/><\/p><p>\u00a0<\/p>\t\t\t\t\t\t\t\t<\/div>\n\t\t\t\t<\/div>\n\t\t\t\t\t<\/div>\n\t\t<\/div>\n\t\t\t\t\t<\/div>\n\t\t<\/section>\n\t\t\t\t<section class=\"elementor-section elementor-top-section elementor-element elementor-element-0f63162 elementor-section-boxed elementor-section-height-default elementor-section-height-default\" data-id=\"0f63162\" data-element_type=\"section\">\n\t\t\t\t\t\t<div class=\"elementor-container elementor-column-gap-default\">\n\t\t\t\t\t<div class=\"elementor-column elementor-col-100 elementor-top-column elementor-element elementor-element-3eb145d\" data-id=\"3eb145d\" data-element_type=\"column\">\n\t\t\t<div class=\"elementor-widget-wrap elementor-element-populated\">\n\t\t\t\t\t\t<div class=\"elementor-element elementor-element-44f9625 elementor-tabs-view-horizontal elementor-widget elementor-widget-tabs\" data-id=\"44f9625\" data-element_type=\"widget\" data-widget_type=\"tabs.default\">\n\t\t\t\t<div class=\"elementor-widget-container\">\n\t\t\t\t\t\t\t<div class=\"elementor-tabs\">\n\t\t\t<div class=\"elementor-tabs-wrapper\" role=\"tablist\" >\n\t\t\t\t\t\t\t\t\t<div id=\"elementor-tab-title-7231\" class=\"elementor-tab-title elementor-tab-desktop-title\" aria-selected=\"true\" data-tab=\"1\" role=\"tab\" tabindex=\"0\" aria-controls=\"elementor-tab-content-7231\" aria-expanded=\"false\">Fichiers<\/div>\n\t\t\t\t\t\t\t<\/div>\n\t\t\t<div class=\"elementor-tabs-content-wrapper\" role=\"tablist\" aria-orientation=\"vertical\">\n\t\t\t\t\t\t\t\t\t<div class=\"elementor-tab-title elementor-tab-mobile-title\" aria-selected=\"true\" data-tab=\"1\" role=\"tab\" tabindex=\"0\" aria-controls=\"elementor-tab-content-7231\" aria-expanded=\"false\">Fichiers<\/div>\n\t\t\t\t\t<div id=\"elementor-tab-content-7231\" class=\"elementor-tab-content elementor-clearfix\" data-tab=\"1\" role=\"tabpanel\" aria-labelledby=\"elementor-tab-title-7231\" tabindex=\"0\" hidden=\"false\"><i class=\"far fa-file-pdf fa-xl\" style=\"font-size:35px\"><\/i><a href=\"https:\/\/www.belleflamme.ca\/wp-content\/uploads\/2024\/12\/GREE-BROCHURE-SIMPLE-ZONE-LOMO23-FR-WEB.pdf\"> Brochure<\/a><\/br>\n<i class=\"far fa-file-pdf fa-xl\" style=\"font-size:35px\"><\/i><a href=\"https:\/\/www.belleflamme.ca\/wp-content\/uploads\/2024\/12\/GREE-USER-MANUAL-LOMO23-FR-WEB.pdf\"> Manuel de l&#8217;utilisateur<\/a><\/br><\/div>\n\t\t\t\t\t\t\t<\/div>\n\t\t<\/div>\n\t\t\t\t\t\t<\/div>\n\t\t\t\t<\/div>\n\t\t\t\t\t<\/div>\n\t\t<\/div>\n\t\t\t\t\t<\/div>\n\t\t<\/section>\n\t\t\t\t<\/div>\n\t\t","protected":false},"excerpt":{"rendered":"<p>\u00a0ABORDABLE ET EFFICACE POUR S&#8217;ADAPTER \u00c0 VOTRE STYLE DE VIE La s\u00e9rie LOMO 23 apporte des performances spectaculaires et du style \u00e0 n&#8217;importe quelle pi\u00e8ce. Con\u00e7ue pourr\u00e9pondre aux conditions particuli\u00e8res du climat canadien, elle offre un confort douillet m\u00eame par grand froid, \u00e0 des temp\u00e9ratures aussi basses que -25 \u00b0C, sans compromettre la performance du [&hellip;]<\/p>\n","protected":false},"featured_media":46966,"template":"","meta":{"inline_featured_image":false},"product_brand":[1964],"product_cat":[70,72,86],"product_tag":[],"class_list":{"0":"post-46965","1":"product","2":"type-product","3":"status-publish","4":"has-post-thumbnail","6":"product_brand-gree","7":"product_cat-climatisation-chauffage","8":"product_cat-systeme-mural","9":"product_cat-thermopompes-murales","11":"first","12":"instock","13":"taxable","14":"shipping-taxable","15":"product-type-variable"},"yoast_head":"<!-- This site is optimized with the Yoast SEO Premium plugin v24.2 (Yoast SEO v24.2) - https:\/\/yoast.com\/wordpress\/plugins\/seo\/ -->\n<title>Thermopompe Murale S\u00e9rie LOMO 23 de Gree - Groupe BelleFlamme<\/title>\n<meta name=\"description\" content=\"Thermopompe Murale S\u00e9rie LOMO 23 de Gree vendu et install\u00e9 par le Groupe Belleflamme. Laval, Montr\u00e9al, Gatineau et Saint-Sauveur.\" \/>\n<meta name=\"robots\" content=\"index, follow, max-snippet:-1, max-image-preview:large, max-video-preview:-1\" \/>\n<link rel=\"canonical\" href=\"https:\/\/staging.belleflamme.ca\/fr\/produit\/thermopompe-murale-serie-lomo-23-de-gree\/\" \/>\n<meta property=\"og:locale\" content=\"fr_FR\" \/>\n<meta property=\"og:type\" content=\"article\" \/>\n<meta property=\"og:title\" content=\"Thermopompe Murale S\u00e9rie LOMO 23 de Gree\" \/>\n<meta property=\"og:description\" content=\"Thermopompe Murale S\u00e9rie LOMO 23 de Gree vendu et install\u00e9 par le Groupe Belleflamme. Laval, Montr\u00e9al, Gatineau et Saint-Sauveur.\" \/>\n<meta property=\"og:url\" content=\"https:\/\/staging.belleflamme.ca\/fr\/produit\/thermopompe-murale-serie-lomo-23-de-gree\/\" \/>\n<meta property=\"og:site_name\" content=\"Groupe BelleFlamme\" \/>\n<meta property=\"article:publisher\" content=\"https:\/\/www.facebook.com\/belleflamme.ca\/\" \/>\n<meta property=\"article:modified_time\" content=\"2024-12-10T16:51:15+00:00\" \/>\n<meta property=\"og:image\" content=\"https:\/\/www.belleflamme.ca\/wp-content\/uploads\/2024\/12\/Thermopompe-Murale-Serie-LOMO-23-de-Gree.webp\" \/>\n\t<meta property=\"og:image:width\" content=\"1000\" \/>\n\t<meta property=\"og:image:height\" content=\"1000\" \/>\n\t<meta property=\"og:image:type\" content=\"image\/webp\" \/>\n<meta name=\"twitter:card\" content=\"summary_large_image\" \/>\n<meta name=\"twitter:label1\" content=\"Disponibilit\u00e9\" \/>\n\t<meta name=\"twitter:data1\" content=\"En stock\" \/>\n<script type=\"application\/ld+json\" class=\"yoast-schema-graph\">{\"@context\":\"https:\/\/schema.org\",\"@graph\":[{\"@type\":[\"WebPage\",\"ItemPage\"],\"@id\":\"https:\/\/staging.belleflamme.ca\/fr\/produit\/thermopompe-murale-serie-lomo-23-de-gree\/\",\"url\":\"https:\/\/staging.belleflamme.ca\/fr\/produit\/thermopompe-murale-serie-lomo-23-de-gree\/\",\"name\":\"Thermopompe Murale S\u00e9rie LOMO 23 de Gree - Groupe BelleFlamme\",\"isPartOf\":{\"@id\":\"https:\/\/www.belleflamme.ca\/fr\/#website\"},\"primaryImageOfPage\":{\"@id\":\"https:\/\/staging.belleflamme.ca\/fr\/produit\/thermopompe-murale-serie-lomo-23-de-gree\/#primaryimage\"},\"image\":{\"@id\":\"https:\/\/staging.belleflamme.ca\/fr\/produit\/thermopompe-murale-serie-lomo-23-de-gree\/#primaryimage\"},\"thumbnailUrl\":\"https:\/\/staging.belleflamme.ca\/wp-content\/uploads\/2024\/12\/Thermopompe-Murale-Serie-LOMO-23-de-Gree.webp\",\"datePublished\":\"2024-12-10T16:45:42+00:00\",\"dateModified\":\"2024-12-10T16:51:15+00:00\",\"description\":\"Thermopompe Murale S\u00e9rie LOMO 23 de Gree vendu et install\u00e9 par le Groupe Belleflamme. Laval, Montr\u00e9al, Gatineau et Saint-Sauveur.\",\"breadcrumb\":{\"@id\":\"https:\/\/staging.belleflamme.ca\/fr\/produit\/thermopompe-murale-serie-lomo-23-de-gree\/#breadcrumb\"},\"inLanguage\":\"fr-FR\",\"potentialAction\":[{\"@type\":\"ReadAction\",\"target\":[\"https:\/\/staging.belleflamme.ca\/fr\/produit\/thermopompe-murale-serie-lomo-23-de-gree\/\"]}]},{\"@type\":\"ImageObject\",\"inLanguage\":\"fr-FR\",\"@id\":\"https:\/\/staging.belleflamme.ca\/fr\/produit\/thermopompe-murale-serie-lomo-23-de-gree\/#primaryimage\",\"url\":\"https:\/\/staging.belleflamme.ca\/wp-content\/uploads\/2024\/12\/Thermopompe-Murale-Serie-LOMO-23-de-Gree.webp\",\"contentUrl\":\"https:\/\/staging.belleflamme.ca\/wp-content\/uploads\/2024\/12\/Thermopompe-Murale-Serie-LOMO-23-de-Gree.webp\",\"width\":1000,\"height\":1000,\"caption\":\"Thermopompe Murale S\u00e9rie LOMO 23 de Gree\"},{\"@type\":\"BreadcrumbList\",\"@id\":\"https:\/\/staging.belleflamme.ca\/fr\/produit\/thermopompe-murale-serie-lomo-23-de-gree\/#breadcrumb\",\"itemListElement\":[{\"@type\":\"ListItem\",\"position\":1,\"name\":\"Accueil\",\"item\":\"https:\/\/www.belleflamme.ca\/fr\/\"},{\"@type\":\"ListItem\",\"position\":2,\"name\":\"Boutique\",\"item\":\"https:\/\/www.belleflamme.ca\/fr\/boutique\/\"},{\"@type\":\"ListItem\",\"position\":3,\"name\":\"Climatisation &amp; Chauffage\",\"item\":\"https:\/\/staging.belleflamme.ca\/fr\/categories\/climatisation-chauffage\/\"},{\"@type\":\"ListItem\",\"position\":4,\"name\":\"Syst\u00e8me Mural\",\"item\":\"https:\/\/staging.belleflamme.ca\/fr\/categories\/climatisation-chauffage\/systeme-mural\/\"},{\"@type\":\"ListItem\",\"position\":5,\"name\":\"Thermopompes Murales\",\"item\":\"https:\/\/staging.belleflamme.ca\/fr\/categories\/climatisation-chauffage\/systeme-mural\/thermopompes-murales\/\"},{\"@type\":\"ListItem\",\"position\":6,\"name\":\"Thermopompe Murale S\u00e9rie LOMO 23 de Gree\"}]},{\"@type\":\"WebSite\",\"@id\":\"https:\/\/www.belleflamme.ca\/fr\/#website\",\"url\":\"https:\/\/www.belleflamme.ca\/fr\/\",\"name\":\"Groupe Belleflamme\",\"description\":\"La m\u00e9canique du b\u00e2timent dans le sang.\",\"publisher\":{\"@id\":\"https:\/\/www.belleflamme.ca\/fr\/#organization\"},\"potentialAction\":[{\"@type\":\"SearchAction\",\"target\":{\"@type\":\"EntryPoint\",\"urlTemplate\":\"https:\/\/www.belleflamme.ca\/fr\/?s={search_term_string}\"},\"query-input\":{\"@type\":\"PropertyValueSpecification\",\"valueRequired\":true,\"valueName\":\"search_term_string\"}}],\"inLanguage\":\"fr-FR\"},{\"@type\":[\"Organization\",\"Place\"],\"@id\":\"https:\/\/www.belleflamme.ca\/fr\/#organization\",\"name\":\"Groupe Belleflamme\",\"alternateName\":\"Belleflamme\",\"url\":\"https:\/\/www.belleflamme.ca\/fr\/\",\"logo\":{\"@type\":\"ImageObject\",\"inLanguage\":\"fr-FR\",\"@id\":\"https:\/\/www.belleflamme.ca\/fr\/#\/schema\/logo\/image\/\",\"url\":\"https:\/\/staging.belleflamme.ca\/wp-content\/uploads\/2023\/01\/og-image.jpg\",\"contentUrl\":\"https:\/\/staging.belleflamme.ca\/wp-content\/uploads\/2023\/01\/og-image.jpg\",\"width\":1200,\"height\":630,\"caption\":\"Groupe Belleflamme\"},\"image\":{\"@id\":\"https:\/\/www.belleflamme.ca\/fr\/#\/schema\/logo\/image\/\"},\"sameAs\":[\"https:\/\/www.facebook.com\/belleflamme.ca\/\",\"https:\/\/www.linkedin.com\/company\/belleflamme\/\",\"https:\/\/www.pinterest.ca\/groupebelleflamme\/\",\"https:\/\/www.instagram.com\/legroupebelleflamme\/\"],\"mainEntityOfPage\":{\"@id\":\"https:\/\/staging.belleflamme.ca\/fr\/produit\/thermopompe-murale-serie-lomo-23-de-gree\/\"}}]}<\/script>\n<meta property=\"product:brand\" content=\"Gree\" \/>\n<meta property=\"og:availability\" content=\"instock\" \/>\n<meta property=\"product:availability\" content=\"instock\" \/>\n<meta property=\"product:condition\" content=\"new\" \/>\n<!-- \/ Yoast SEO Premium plugin. -->","yoast_head_json":{"title":"Thermopompe Murale S\u00e9rie LOMO 23 de Gree - Groupe BelleFlamme","description":"Thermopompe Murale S\u00e9rie LOMO 23 de Gree vendu et install\u00e9 par le Groupe Belleflamme. Laval, Montr\u00e9al, Gatineau et Saint-Sauveur.","robots":{"index":"index","follow":"follow","max-snippet":"max-snippet:-1","max-image-preview":"max-image-preview:large","max-video-preview":"max-video-preview:-1"},"canonical":"https:\/\/staging.belleflamme.ca\/fr\/produit\/thermopompe-murale-serie-lomo-23-de-gree\/","og_locale":"fr_FR","og_type":"article","og_title":"Thermopompe Murale S\u00e9rie LOMO 23 de Gree","og_description":"Thermopompe Murale S\u00e9rie LOMO 23 de Gree vendu et install\u00e9 par le Groupe Belleflamme. Laval, Montr\u00e9al, Gatineau et Saint-Sauveur.","og_url":"https:\/\/staging.belleflamme.ca\/fr\/produit\/thermopompe-murale-serie-lomo-23-de-gree\/","og_site_name":"Groupe BelleFlamme","article_publisher":"https:\/\/www.facebook.com\/belleflamme.ca\/","article_modified_time":"2024-12-10T16:51:15+00:00","og_image":[{"width":1000,"height":1000,"url":"https:\/\/www.belleflamme.ca\/wp-content\/uploads\/2024\/12\/Thermopompe-Murale-Serie-LOMO-23-de-Gree.webp","type":"image\/webp"}],"twitter_card":"summary_large_image","twitter_misc":{"Disponibilit\u00e9":"En stock"},"schema":{"@context":"https:\/\/schema.org","@graph":[{"@type":["WebPage","ItemPage"],"@id":"https:\/\/staging.belleflamme.ca\/fr\/produit\/thermopompe-murale-serie-lomo-23-de-gree\/","url":"https:\/\/staging.belleflamme.ca\/fr\/produit\/thermopompe-murale-serie-lomo-23-de-gree\/","name":"Thermopompe Murale S\u00e9rie LOMO 23 de Gree - Groupe BelleFlamme","isPartOf":{"@id":"https:\/\/www.belleflamme.ca\/fr\/#website"},"primaryImageOfPage":{"@id":"https:\/\/staging.belleflamme.ca\/fr\/produit\/thermopompe-murale-serie-lomo-23-de-gree\/#primaryimage"},"image":{"@id":"https:\/\/staging.belleflamme.ca\/fr\/produit\/thermopompe-murale-serie-lomo-23-de-gree\/#primaryimage"},"thumbnailUrl":"https:\/\/staging.belleflamme.ca\/wp-content\/uploads\/2024\/12\/Thermopompe-Murale-Serie-LOMO-23-de-Gree.webp","datePublished":"2024-12-10T16:45:42+00:00","dateModified":"2024-12-10T16:51:15+00:00","description":"Thermopompe Murale S\u00e9rie LOMO 23 de Gree vendu et install\u00e9 par le Groupe Belleflamme. Laval, Montr\u00e9al, Gatineau et Saint-Sauveur.","breadcrumb":{"@id":"https:\/\/staging.belleflamme.ca\/fr\/produit\/thermopompe-murale-serie-lomo-23-de-gree\/#breadcrumb"},"inLanguage":"fr-FR","potentialAction":[{"@type":"ReadAction","target":["https:\/\/staging.belleflamme.ca\/fr\/produit\/thermopompe-murale-serie-lomo-23-de-gree\/"]}]},{"@type":"ImageObject","inLanguage":"fr-FR","@id":"https:\/\/staging.belleflamme.ca\/fr\/produit\/thermopompe-murale-serie-lomo-23-de-gree\/#primaryimage","url":"https:\/\/staging.belleflamme.ca\/wp-content\/uploads\/2024\/12\/Thermopompe-Murale-Serie-LOMO-23-de-Gree.webp","contentUrl":"https:\/\/staging.belleflamme.ca\/wp-content\/uploads\/2024\/12\/Thermopompe-Murale-Serie-LOMO-23-de-Gree.webp","width":1000,"height":1000,"caption":"Thermopompe Murale S\u00e9rie LOMO 23 de Gree"},{"@type":"BreadcrumbList","@id":"https:\/\/staging.belleflamme.ca\/fr\/produit\/thermopompe-murale-serie-lomo-23-de-gree\/#breadcrumb","itemListElement":[{"@type":"ListItem","position":1,"name":"Accueil","item":"https:\/\/www.belleflamme.ca\/fr\/"},{"@type":"ListItem","position":2,"name":"Boutique","item":"https:\/\/www.belleflamme.ca\/fr\/boutique\/"},{"@type":"ListItem","position":3,"name":"Climatisation &amp; Chauffage","item":"https:\/\/staging.belleflamme.ca\/fr\/categories\/climatisation-chauffage\/"},{"@type":"ListItem","position":4,"name":"Syst\u00e8me Mural","item":"https:\/\/staging.belleflamme.ca\/fr\/categories\/climatisation-chauffage\/systeme-mural\/"},{"@type":"ListItem","position":5,"name":"Thermopompes Murales","item":"https:\/\/staging.belleflamme.ca\/fr\/categories\/climatisation-chauffage\/systeme-mural\/thermopompes-murales\/"},{"@type":"ListItem","position":6,"name":"Thermopompe Murale S\u00e9rie LOMO 23 de Gree"}]},{"@type":"WebSite","@id":"https:\/\/www.belleflamme.ca\/fr\/#website","url":"https:\/\/www.belleflamme.ca\/fr\/","name":"Groupe Belleflamme","description":"La m\u00e9canique du b\u00e2timent dans le sang.","publisher":{"@id":"https:\/\/www.belleflamme.ca\/fr\/#organization"},"potentialAction":[{"@type":"SearchAction","target":{"@type":"EntryPoint","urlTemplate":"https:\/\/www.belleflamme.ca\/fr\/?s={search_term_string}"},"query-input":{"@type":"PropertyValueSpecification","valueRequired":true,"valueName":"search_term_string"}}],"inLanguage":"fr-FR"},{"@type":["Organization","Place"],"@id":"https:\/\/www.belleflamme.ca\/fr\/#organization","name":"Groupe Belleflamme","alternateName":"Belleflamme","url":"https:\/\/www.belleflamme.ca\/fr\/","logo":{"@type":"ImageObject","inLanguage":"fr-FR","@id":"https:\/\/www.belleflamme.ca\/fr\/#\/schema\/logo\/image\/","url":"https:\/\/staging.belleflamme.ca\/wp-content\/uploads\/2023\/01\/og-image.jpg","contentUrl":"https:\/\/staging.belleflamme.ca\/wp-content\/uploads\/2023\/01\/og-image.jpg","width":1200,"height":630,"caption":"Groupe Belleflamme"},"image":{"@id":"https:\/\/www.belleflamme.ca\/fr\/#\/schema\/logo\/image\/"},"sameAs":["https:\/\/www.facebook.com\/belleflamme.ca\/","https:\/\/www.linkedin.com\/company\/belleflamme\/","https:\/\/www.pinterest.ca\/groupebelleflamme\/","https:\/\/www.instagram.com\/legroupebelleflamme\/"],"mainEntityOfPage":{"@id":"https:\/\/staging.belleflamme.ca\/fr\/produit\/thermopompe-murale-serie-lomo-23-de-gree\/"}}]},"product_brand":"Gree","og_availability":"instock","product_availability":"instock","product_condition":"new"},"_links":{"self":[{"href":"https:\/\/staging.belleflamme.ca\/fr\/wp-json\/wp\/v2\/product\/46965","targetHints":{"allow":["GET"]}}],"collection":[{"href":"https:\/\/staging.belleflamme.ca\/fr\/wp-json\/wp\/v2\/product"}],"about":[{"href":"https:\/\/staging.belleflamme.ca\/fr\/wp-json\/wp\/v2\/types\/product"}],"version-history":[{"count":4,"href":"https:\/\/staging.belleflamme.ca\/fr\/wp-json\/wp\/v2\/product\/46965\/revisions"}],"predecessor-version":[{"id":46994,"href":"https:\/\/staging.belleflamme.ca\/fr\/wp-json\/wp\/v2\/product\/46965\/revisions\/46994"}],"wp:featuredmedia":[{"embeddable":true,"href":"https:\/\/staging.belleflamme.ca\/fr\/wp-json\/wp\/v2\/media\/46966"}],"wp:attachment":[{"href":"https:\/\/staging.belleflamme.ca\/fr\/wp-json\/wp\/v2\/media?parent=46965"}],"wp:term":[{"taxonomy":"product_brand","embeddable":true,"href":"https:\/\/staging.belleflamme.ca\/fr\/wp-json\/wp\/v2\/product_brand?post=46965"},{"taxonomy":"product_cat","embeddable":true,"href":"https:\/\/staging.belleflamme.ca\/fr\/wp-json\/wp\/v2\/product_cat?post=46965"},{"taxonomy":"product_tag","embeddable":true,"href":"https:\/\/staging.belleflamme.ca\/fr\/wp-json\/wp\/v2\/product_tag?post=46965"}],"curies":[{"name":"wp","href":"https:\/\/api.w.org\/{rel}","templated":true}]}}