{"id":46903,"date":"2024-12-10T11:12:58","date_gmt":"2024-12-10T16:12:58","guid":{"rendered":"https:\/\/www.belleflamme.ca\/?post_type=product&#038;p=46903"},"modified":"2024-12-10T11:21:15","modified_gmt":"2024-12-10T16:21:15","slug":"thermopompe-murale-serie-extreme-de-gree","status":"publish","type":"product","link":"https:\/\/staging.belleflamme.ca\/fr\/produit\/thermopompe-murale-serie-extreme-de-gree\/","title":{"rendered":"Thermopompe Murale S\u00e9rie Extr\u00eame de Gree"},"content":{"rendered":"\t\t<div data-elementor-type=\"product-post\" data-elementor-id=\"46903\" class=\"elementor elementor-46903\" data-elementor-post-type=\"product\">\n\t\t\t\t\t\t<section class=\"elementor-section elementor-top-section elementor-element elementor-element-3522a705 elementor-section-boxed elementor-section-height-default elementor-section-height-default\" data-id=\"3522a705\" data-element_type=\"section\">\n\t\t\t\t\t\t<div class=\"elementor-container elementor-column-gap-default\">\n\t\t\t\t\t<div class=\"elementor-column elementor-col-100 elementor-top-column elementor-element elementor-element-5dbcfecf\" data-id=\"5dbcfecf\" data-element_type=\"column\">\n\t\t\t<div class=\"elementor-widget-wrap elementor-element-populated\">\n\t\t\t\t\t\t<div class=\"elementor-element elementor-element-68dbb739 elementor-widget elementor-widget-text-editor\" data-id=\"68dbb739\" data-element_type=\"widget\" data-widget_type=\"text-editor.default\">\n\t\t\t\t<div class=\"elementor-widget-container\">\n\t\t\t\t\t\t\t\t\t<h4><strong>LA TOUTE NOUVELLE EXTREME, TOUT SIMPLEMENT LA MEILLEURE<\/strong><\/h4><p><img fetchpriority=\"high\" decoding=\"async\" class=\"alignnone size-full wp-image-46913\" src=\"https:\/\/www.belleflamme.ca\/wp-content\/uploads\/2024\/12\/2024-12-10-11_17_12-GREE-BROCHURE-SIMPLE-ZONE-EXTREME-FR-WEB.pdf.png\" alt=\"\" width=\"377\" height=\"183\" srcset=\"https:\/\/staging.belleflamme.ca\/wp-content\/uploads\/2024\/12\/2024-12-10-11_17_12-GREE-BROCHURE-SIMPLE-ZONE-EXTREME-FR-WEB.pdf.png 377w, https:\/\/staging.belleflamme.ca\/wp-content\/uploads\/2024\/12\/2024-12-10-11_17_12-GREE-BROCHURE-SIMPLE-ZONE-EXTREME-FR-WEB.pdf-300x146.png 300w\" sizes=\"(max-width: 377px) 100vw, 377px\" \/><\/p><p>La s\u00e9rie Extreme offre des performances avanc\u00e9es avec une efficacit\u00e9 de pointe<br \/>de 27 SEER2 en mode refroidissement et de 11 HSPF2 en mode chauffage. Sa conception silencieuse<br \/>combin\u00e9e \u00e0 son efficacit\u00e9 \u00e9nerg\u00e9tique in\u00e9gal\u00e9e fait de la s\u00e9rie Extreme le choix id\u00e9al<br \/>pour toute maison ou bureau.<\/p><p><img decoding=\"async\" class=\"alignnone size-full wp-image-46795\" src=\"https:\/\/www.belleflamme.ca\/wp-content\/uploads\/2024\/12\/2024-12-09-14_09_09-GREE-BROCHURE-SIMPLE-ZONE-VITA-FR-WEB.pdf.png\" alt=\"\" width=\"445\" height=\"87\" srcset=\"https:\/\/staging.belleflamme.ca\/wp-content\/uploads\/2024\/12\/2024-12-09-14_09_09-GREE-BROCHURE-SIMPLE-ZONE-VITA-FR-WEB.pdf.png 445w, https:\/\/staging.belleflamme.ca\/wp-content\/uploads\/2024\/12\/2024-12-09-14_09_09-GREE-BROCHURE-SIMPLE-ZONE-VITA-FR-WEB.pdf-300x59.png 300w\" sizes=\"(max-width: 445px) 100vw, 445px\" \/><\/p><ul><li>\u00a0<strong>CONTR\u00d4LE SMART WIFI<\/strong><br \/>Dot\u00e9 d&#8217;un syst\u00e8me Wi-Fi intelligent int\u00e9gr\u00e9, l&#8217;Extreme vous permet de faire fonctionner votre \u00e9quipement<br \/>\u00e0 partir de votre t\u00e9l\u00e9phone portable ou de votre tablette, o\u00f9 que vous ayez un acc\u00e8s Wi-Fi<br \/>en utilisant l&#8217;application GREE+.<\/li><\/ul><p><img decoding=\"async\" class=\"alignnone size-full wp-image-46915\" src=\"https:\/\/www.belleflamme.ca\/wp-content\/uploads\/2024\/12\/2024-12-10-11_18_40-GREE-BROCHURE-SIMPLE-ZONE-EXTREME-FR-WEB.pdf.png\" alt=\"\" width=\"1740\" height=\"426\" srcset=\"https:\/\/staging.belleflamme.ca\/wp-content\/uploads\/2024\/12\/2024-12-10-11_18_40-GREE-BROCHURE-SIMPLE-ZONE-EXTREME-FR-WEB.pdf.png 1740w, https:\/\/staging.belleflamme.ca\/wp-content\/uploads\/2024\/12\/2024-12-10-11_18_40-GREE-BROCHURE-SIMPLE-ZONE-EXTREME-FR-WEB.pdf-300x73.png 300w, https:\/\/staging.belleflamme.ca\/wp-content\/uploads\/2024\/12\/2024-12-10-11_18_40-GREE-BROCHURE-SIMPLE-ZONE-EXTREME-FR-WEB.pdf-1024x251.png 1024w, https:\/\/staging.belleflamme.ca\/wp-content\/uploads\/2024\/12\/2024-12-10-11_18_40-GREE-BROCHURE-SIMPLE-ZONE-EXTREME-FR-WEB.pdf-768x188.png 768w, https:\/\/staging.belleflamme.ca\/wp-content\/uploads\/2024\/12\/2024-12-10-11_18_40-GREE-BROCHURE-SIMPLE-ZONE-EXTREME-FR-WEB.pdf-1536x376.png 1536w, https:\/\/staging.belleflamme.ca\/wp-content\/uploads\/2024\/12\/2024-12-10-11_18_40-GREE-BROCHURE-SIMPLE-ZONE-EXTREME-FR-WEB.pdf-900x220.png 900w\" sizes=\"(max-width: 1740px) 100vw, 1740px\" \/><\/p><p style=\"text-align: center;\"><img loading=\"lazy\" decoding=\"async\" class=\"alignnone size-full wp-image-46816\" src=\"https:\/\/www.belleflamme.ca\/wp-content\/uploads\/2024\/12\/Garantie-Belleflamme-FR-5.png\" alt=\"\" width=\"250\" height=\"250\" srcset=\"https:\/\/staging.belleflamme.ca\/wp-content\/uploads\/2024\/12\/Garantie-Belleflamme-FR-5.png 250w, https:\/\/staging.belleflamme.ca\/wp-content\/uploads\/2024\/12\/Garantie-Belleflamme-FR-5-150x150.png 150w, https:\/\/staging.belleflamme.ca\/wp-content\/uploads\/2024\/12\/Garantie-Belleflamme-FR-5-100x100.png 100w\" sizes=\"(max-width: 250px) 100vw, 250px\" \/><\/p><p><strong>Caract\u00e9ristiques principales :<\/strong><\/p><p>\u25a0 Technologie Ultra Heat<br \/>\u25a0 Technologie G10 Inverter<br \/>\u25a0 Certifi\u00e9 Energy Star \u00ae<br \/>\u25a0 Contr\u00f4le Wi-Fi par appareil mobile (GREE+ ap)<br \/>\u25a0 Contr\u00f4le pr\u00e9cis du d\u00e9bit d&#8217;air<br \/>\u25a0 D\u00e9marrage \u00e0 basse tension<br \/>\u25a0 Contr\u00f4le des persiennes verticales et horizontales<br \/>\u25a0 Ailettes avec rev\u00eatement anticorrosion<br \/>\u25a0 Vitesse de ventilation multiple<br \/>\u25a0 Affichage LED r\u00e9glable<br \/>\u25a0 Filtres \u00e0 poussi\u00e8re lavables<br \/>\u25a0 Armoire en acier de forte \u00e9paisseur<br \/>\u25a0 Compresseur \u00e0 vitesse variable \u00e0 deux \u00e9tages<br \/>\u25a0 R\u00e9frig\u00e9rant \u00e9cologique R410A<br \/>\u25a0 T\u00e9l\u00e9commande (incluse)<br \/>\u25a0 Contr\u00f4leur c\u00e2bl\u00e9 (en option)<\/p><p><img loading=\"lazy\" decoding=\"async\" class=\"alignnone size-full wp-image-46917\" src=\"https:\/\/www.belleflamme.ca\/wp-content\/uploads\/2024\/12\/GREE-EXTREME-SPECS.webp\" alt=\"\" width=\"2251\" height=\"1861\" srcset=\"https:\/\/staging.belleflamme.ca\/wp-content\/uploads\/2024\/12\/GREE-EXTREME-SPECS.webp 2251w, https:\/\/staging.belleflamme.ca\/wp-content\/uploads\/2024\/12\/GREE-EXTREME-SPECS-300x248.webp 300w, https:\/\/staging.belleflamme.ca\/wp-content\/uploads\/2024\/12\/GREE-EXTREME-SPECS-1024x847.webp 1024w, https:\/\/staging.belleflamme.ca\/wp-content\/uploads\/2024\/12\/GREE-EXTREME-SPECS-768x635.webp 768w, https:\/\/staging.belleflamme.ca\/wp-content\/uploads\/2024\/12\/GREE-EXTREME-SPECS-1536x1270.webp 1536w, https:\/\/staging.belleflamme.ca\/wp-content\/uploads\/2024\/12\/GREE-EXTREME-SPECS-2048x1693.webp 2048w, https:\/\/staging.belleflamme.ca\/wp-content\/uploads\/2024\/12\/GREE-EXTREME-SPECS-900x744.webp 900w\" sizes=\"(max-width: 2251px) 100vw, 2251px\" \/><\/p>\t\t\t\t\t\t\t\t<\/div>\n\t\t\t\t<\/div>\n\t\t\t\t\t<\/div>\n\t\t<\/div>\n\t\t\t\t\t<\/div>\n\t\t<\/section>\n\t\t\t\t<section class=\"elementor-section elementor-top-section elementor-element elementor-element-196a696 elementor-section-boxed elementor-section-height-default elementor-section-height-default\" data-id=\"196a696\" data-element_type=\"section\">\n\t\t\t\t\t\t<div class=\"elementor-container elementor-column-gap-default\">\n\t\t\t\t\t<div class=\"elementor-column elementor-col-100 elementor-top-column elementor-element elementor-element-4febd3b\" data-id=\"4febd3b\" data-element_type=\"column\">\n\t\t\t<div class=\"elementor-widget-wrap elementor-element-populated\">\n\t\t\t\t\t\t<div class=\"elementor-element elementor-element-c5bb1c7 elementor-tabs-view-horizontal elementor-widget elementor-widget-tabs\" data-id=\"c5bb1c7\" data-element_type=\"widget\" data-widget_type=\"tabs.default\">\n\t\t\t\t<div class=\"elementor-widget-container\">\n\t\t\t\t\t\t\t<div class=\"elementor-tabs\">\n\t\t\t<div class=\"elementor-tabs-wrapper\" role=\"tablist\" >\n\t\t\t\t\t\t\t\t\t<div id=\"elementor-tab-title-2071\" class=\"elementor-tab-title elementor-tab-desktop-title\" aria-selected=\"true\" data-tab=\"1\" role=\"tab\" tabindex=\"0\" aria-controls=\"elementor-tab-content-2071\" aria-expanded=\"false\">Fichiers<\/div>\n\t\t\t\t\t\t\t<\/div>\n\t\t\t<div class=\"elementor-tabs-content-wrapper\" role=\"tablist\" aria-orientation=\"vertical\">\n\t\t\t\t\t\t\t\t\t<div class=\"elementor-tab-title elementor-tab-mobile-title\" aria-selected=\"true\" data-tab=\"1\" role=\"tab\" tabindex=\"0\" aria-controls=\"elementor-tab-content-2071\" aria-expanded=\"false\">Fichiers<\/div>\n\t\t\t\t\t<div id=\"elementor-tab-content-2071\" class=\"elementor-tab-content elementor-clearfix\" data-tab=\"1\" role=\"tabpanel\" aria-labelledby=\"elementor-tab-title-2071\" tabindex=\"0\" hidden=\"false\"><i class=\"far fa-file-pdf fa-xl\" style=\"font-size:35px\"><\/i><a href=\"https:\/\/www.belleflamme.ca\/wp-content\/uploads\/2024\/12\/GREE-BROCHURE-SIMPLE-ZONE-EXTREME-FR-WEB.pdf\"> Brochure<\/a><\/br>\n<i class=\"far fa-file-pdf fa-xl\" style=\"font-size:35px\"><\/i><a href=\"https:\/\/www.belleflamme.ca\/wp-content\/uploads\/2024\/12\/GREE-USER-MANUAL-EXTREME-FR.pdf\"> Manuel de l&#8217;utilisateur<\/a><\/br><\/div>\n\t\t\t\t\t\t\t<\/div>\n\t\t<\/div>\n\t\t\t\t\t\t<\/div>\n\t\t\t\t<\/div>\n\t\t\t\t\t<\/div>\n\t\t<\/div>\n\t\t\t\t\t<\/div>\n\t\t<\/section>\n\t\t\t\t<\/div>\n\t\t","protected":false},"excerpt":{"rendered":"<p>LA TOUTE NOUVELLE EXTREME, TOUT SIMPLEMENT LA MEILLEURE La s\u00e9rie Extreme offre des performances avanc\u00e9es avec une efficacit\u00e9 de pointede 27 SEER2 en mode refroidissement et de 11 HSPF2 en mode chauffage. Sa conception silencieusecombin\u00e9e \u00e0 son efficacit\u00e9 \u00e9nerg\u00e9tique in\u00e9gal\u00e9e fait de la s\u00e9rie Extreme le choix id\u00e9alpour toute maison ou bureau. \u00a0CONTR\u00d4LE SMART WIFIDot\u00e9 [&hellip;]<\/p>\n","protected":false},"featured_media":46904,"template":"","meta":{"inline_featured_image":false},"product_brand":[1964],"product_cat":[70,72,86],"product_tag":[],"class_list":{"0":"post-46903","1":"product","2":"type-product","3":"status-publish","4":"has-post-thumbnail","6":"product_brand-gree","7":"product_cat-climatisation-chauffage","8":"product_cat-systeme-mural","9":"product_cat-thermopompes-murales","11":"first","12":"instock","13":"taxable","14":"shipping-taxable","15":"product-type-variable"},"yoast_head":"<!-- This site is optimized with the Yoast SEO Premium plugin v24.2 (Yoast SEO v24.2) - https:\/\/yoast.com\/wordpress\/plugins\/seo\/ -->\n<title>Thermopompe Murale S\u00e9rie Extr\u00eame de Gree - Groupe BelleFlamme<\/title>\n<meta name=\"description\" content=\"Thermopompe Murale S\u00e9rie Extr\u00eame de Gree vendu et install\u00e9 par le Groupe Belleflamme. Laval, Montr\u00e9al, Gatineau et Saint-Sauveur.\" \/>\n<meta name=\"robots\" content=\"index, follow, max-snippet:-1, max-image-preview:large, max-video-preview:-1\" \/>\n<link rel=\"canonical\" href=\"https:\/\/staging.belleflamme.ca\/fr\/produit\/thermopompe-murale-serie-extreme-de-gree\/\" \/>\n<meta property=\"og:locale\" content=\"fr_FR\" \/>\n<meta property=\"og:type\" content=\"article\" \/>\n<meta property=\"og:title\" content=\"Thermopompe Murale S\u00e9rie Extr\u00eame de Gree\" \/>\n<meta property=\"og:description\" content=\"Thermopompe Murale S\u00e9rie Extr\u00eame de Gree vendu et install\u00e9 par le Groupe Belleflamme. Laval, Montr\u00e9al, Gatineau et Saint-Sauveur.\" \/>\n<meta property=\"og:url\" content=\"https:\/\/staging.belleflamme.ca\/fr\/produit\/thermopompe-murale-serie-extreme-de-gree\/\" \/>\n<meta property=\"og:site_name\" content=\"Groupe BelleFlamme\" \/>\n<meta property=\"article:publisher\" content=\"https:\/\/www.facebook.com\/belleflamme.ca\/\" \/>\n<meta property=\"article:modified_time\" content=\"2024-12-10T16:21:15+00:00\" \/>\n<meta property=\"og:image\" content=\"https:\/\/www.belleflamme.ca\/wp-content\/uploads\/2024\/12\/Thermopompe-Murale-Serie-Extreme-de-Gree.webp\" \/>\n\t<meta property=\"og:image:width\" content=\"1000\" \/>\n\t<meta property=\"og:image:height\" content=\"1000\" \/>\n\t<meta property=\"og:image:type\" content=\"image\/webp\" \/>\n<meta name=\"twitter:card\" content=\"summary_large_image\" \/>\n<meta name=\"twitter:label1\" content=\"Disponibilit\u00e9\" \/>\n\t<meta name=\"twitter:data1\" content=\"En stock\" \/>\n<script type=\"application\/ld+json\" class=\"yoast-schema-graph\">{\"@context\":\"https:\/\/schema.org\",\"@graph\":[{\"@type\":[\"WebPage\",\"ItemPage\"],\"@id\":\"https:\/\/staging.belleflamme.ca\/fr\/produit\/thermopompe-murale-serie-extreme-de-gree\/\",\"url\":\"https:\/\/staging.belleflamme.ca\/fr\/produit\/thermopompe-murale-serie-extreme-de-gree\/\",\"name\":\"Thermopompe Murale S\u00e9rie Extr\u00eame de Gree - Groupe BelleFlamme\",\"isPartOf\":{\"@id\":\"https:\/\/www.belleflamme.ca\/fr\/#website\"},\"primaryImageOfPage\":{\"@id\":\"https:\/\/staging.belleflamme.ca\/fr\/produit\/thermopompe-murale-serie-extreme-de-gree\/#primaryimage\"},\"image\":{\"@id\":\"https:\/\/staging.belleflamme.ca\/fr\/produit\/thermopompe-murale-serie-extreme-de-gree\/#primaryimage\"},\"thumbnailUrl\":\"https:\/\/staging.belleflamme.ca\/wp-content\/uploads\/2024\/12\/Thermopompe-Murale-Serie-Extreme-de-Gree.webp\",\"datePublished\":\"2024-12-10T16:12:58+00:00\",\"dateModified\":\"2024-12-10T16:21:15+00:00\",\"description\":\"Thermopompe Murale S\u00e9rie Extr\u00eame de Gree vendu et install\u00e9 par le Groupe Belleflamme. Laval, Montr\u00e9al, Gatineau et Saint-Sauveur.\",\"breadcrumb\":{\"@id\":\"https:\/\/staging.belleflamme.ca\/fr\/produit\/thermopompe-murale-serie-extreme-de-gree\/#breadcrumb\"},\"inLanguage\":\"fr-FR\",\"potentialAction\":[{\"@type\":\"ReadAction\",\"target\":[\"https:\/\/staging.belleflamme.ca\/fr\/produit\/thermopompe-murale-serie-extreme-de-gree\/\"]}]},{\"@type\":\"ImageObject\",\"inLanguage\":\"fr-FR\",\"@id\":\"https:\/\/staging.belleflamme.ca\/fr\/produit\/thermopompe-murale-serie-extreme-de-gree\/#primaryimage\",\"url\":\"https:\/\/staging.belleflamme.ca\/wp-content\/uploads\/2024\/12\/Thermopompe-Murale-Serie-Extreme-de-Gree.webp\",\"contentUrl\":\"https:\/\/staging.belleflamme.ca\/wp-content\/uploads\/2024\/12\/Thermopompe-Murale-Serie-Extreme-de-Gree.webp\",\"width\":1000,\"height\":1000,\"caption\":\"Thermopompe Murale S\u00e9rie Extr\u00eame de Gree\"},{\"@type\":\"BreadcrumbList\",\"@id\":\"https:\/\/staging.belleflamme.ca\/fr\/produit\/thermopompe-murale-serie-extreme-de-gree\/#breadcrumb\",\"itemListElement\":[{\"@type\":\"ListItem\",\"position\":1,\"name\":\"Accueil\",\"item\":\"https:\/\/www.belleflamme.ca\/fr\/\"},{\"@type\":\"ListItem\",\"position\":2,\"name\":\"Boutique\",\"item\":\"https:\/\/www.belleflamme.ca\/fr\/boutique\/\"},{\"@type\":\"ListItem\",\"position\":3,\"name\":\"Climatisation &amp; Chauffage\",\"item\":\"https:\/\/staging.belleflamme.ca\/fr\/categories\/climatisation-chauffage\/\"},{\"@type\":\"ListItem\",\"position\":4,\"name\":\"Syst\u00e8me Mural\",\"item\":\"https:\/\/staging.belleflamme.ca\/fr\/categories\/climatisation-chauffage\/systeme-mural\/\"},{\"@type\":\"ListItem\",\"position\":5,\"name\":\"Thermopompes Murales\",\"item\":\"https:\/\/staging.belleflamme.ca\/fr\/categories\/climatisation-chauffage\/systeme-mural\/thermopompes-murales\/\"},{\"@type\":\"ListItem\",\"position\":6,\"name\":\"Thermopompe Murale S\u00e9rie Extr\u00eame de Gree\"}]},{\"@type\":\"WebSite\",\"@id\":\"https:\/\/www.belleflamme.ca\/fr\/#website\",\"url\":\"https:\/\/www.belleflamme.ca\/fr\/\",\"name\":\"Groupe Belleflamme\",\"description\":\"La m\u00e9canique du b\u00e2timent dans le sang.\",\"publisher\":{\"@id\":\"https:\/\/www.belleflamme.ca\/fr\/#organization\"},\"potentialAction\":[{\"@type\":\"SearchAction\",\"target\":{\"@type\":\"EntryPoint\",\"urlTemplate\":\"https:\/\/www.belleflamme.ca\/fr\/?s={search_term_string}\"},\"query-input\":{\"@type\":\"PropertyValueSpecification\",\"valueRequired\":true,\"valueName\":\"search_term_string\"}}],\"inLanguage\":\"fr-FR\"},{\"@type\":[\"Organization\",\"Place\"],\"@id\":\"https:\/\/www.belleflamme.ca\/fr\/#organization\",\"name\":\"Groupe Belleflamme\",\"alternateName\":\"Belleflamme\",\"url\":\"https:\/\/www.belleflamme.ca\/fr\/\",\"logo\":{\"@type\":\"ImageObject\",\"inLanguage\":\"fr-FR\",\"@id\":\"https:\/\/www.belleflamme.ca\/fr\/#\/schema\/logo\/image\/\",\"url\":\"https:\/\/staging.belleflamme.ca\/wp-content\/uploads\/2023\/01\/og-image.jpg\",\"contentUrl\":\"https:\/\/staging.belleflamme.ca\/wp-content\/uploads\/2023\/01\/og-image.jpg\",\"width\":1200,\"height\":630,\"caption\":\"Groupe Belleflamme\"},\"image\":{\"@id\":\"https:\/\/www.belleflamme.ca\/fr\/#\/schema\/logo\/image\/\"},\"sameAs\":[\"https:\/\/www.facebook.com\/belleflamme.ca\/\",\"https:\/\/www.linkedin.com\/company\/belleflamme\/\",\"https:\/\/www.pinterest.ca\/groupebelleflamme\/\",\"https:\/\/www.instagram.com\/legroupebelleflamme\/\"],\"mainEntityOfPage\":{\"@id\":\"https:\/\/staging.belleflamme.ca\/fr\/produit\/thermopompe-murale-serie-extreme-de-gree\/\"}}]}<\/script>\n<meta property=\"product:brand\" content=\"Gree\" \/>\n<meta property=\"og:availability\" content=\"instock\" \/>\n<meta property=\"product:availability\" content=\"instock\" \/>\n<meta property=\"product:condition\" content=\"new\" \/>\n<!-- \/ Yoast SEO Premium plugin. -->","yoast_head_json":{"title":"Thermopompe Murale S\u00e9rie Extr\u00eame de Gree - Groupe BelleFlamme","description":"Thermopompe Murale S\u00e9rie Extr\u00eame de Gree vendu et install\u00e9 par le Groupe Belleflamme. Laval, Montr\u00e9al, Gatineau et Saint-Sauveur.","robots":{"index":"index","follow":"follow","max-snippet":"max-snippet:-1","max-image-preview":"max-image-preview:large","max-video-preview":"max-video-preview:-1"},"canonical":"https:\/\/staging.belleflamme.ca\/fr\/produit\/thermopompe-murale-serie-extreme-de-gree\/","og_locale":"fr_FR","og_type":"article","og_title":"Thermopompe Murale S\u00e9rie Extr\u00eame de Gree","og_description":"Thermopompe Murale S\u00e9rie Extr\u00eame de Gree vendu et install\u00e9 par le Groupe Belleflamme. Laval, Montr\u00e9al, Gatineau et Saint-Sauveur.","og_url":"https:\/\/staging.belleflamme.ca\/fr\/produit\/thermopompe-murale-serie-extreme-de-gree\/","og_site_name":"Groupe BelleFlamme","article_publisher":"https:\/\/www.facebook.com\/belleflamme.ca\/","article_modified_time":"2024-12-10T16:21:15+00:00","og_image":[{"width":1000,"height":1000,"url":"https:\/\/www.belleflamme.ca\/wp-content\/uploads\/2024\/12\/Thermopompe-Murale-Serie-Extreme-de-Gree.webp","type":"image\/webp"}],"twitter_card":"summary_large_image","twitter_misc":{"Disponibilit\u00e9":"En stock"},"schema":{"@context":"https:\/\/schema.org","@graph":[{"@type":["WebPage","ItemPage"],"@id":"https:\/\/staging.belleflamme.ca\/fr\/produit\/thermopompe-murale-serie-extreme-de-gree\/","url":"https:\/\/staging.belleflamme.ca\/fr\/produit\/thermopompe-murale-serie-extreme-de-gree\/","name":"Thermopompe Murale S\u00e9rie Extr\u00eame de Gree - Groupe BelleFlamme","isPartOf":{"@id":"https:\/\/www.belleflamme.ca\/fr\/#website"},"primaryImageOfPage":{"@id":"https:\/\/staging.belleflamme.ca\/fr\/produit\/thermopompe-murale-serie-extreme-de-gree\/#primaryimage"},"image":{"@id":"https:\/\/staging.belleflamme.ca\/fr\/produit\/thermopompe-murale-serie-extreme-de-gree\/#primaryimage"},"thumbnailUrl":"https:\/\/staging.belleflamme.ca\/wp-content\/uploads\/2024\/12\/Thermopompe-Murale-Serie-Extreme-de-Gree.webp","datePublished":"2024-12-10T16:12:58+00:00","dateModified":"2024-12-10T16:21:15+00:00","description":"Thermopompe Murale S\u00e9rie Extr\u00eame de Gree vendu et install\u00e9 par le Groupe Belleflamme. Laval, Montr\u00e9al, Gatineau et Saint-Sauveur.","breadcrumb":{"@id":"https:\/\/staging.belleflamme.ca\/fr\/produit\/thermopompe-murale-serie-extreme-de-gree\/#breadcrumb"},"inLanguage":"fr-FR","potentialAction":[{"@type":"ReadAction","target":["https:\/\/staging.belleflamme.ca\/fr\/produit\/thermopompe-murale-serie-extreme-de-gree\/"]}]},{"@type":"ImageObject","inLanguage":"fr-FR","@id":"https:\/\/staging.belleflamme.ca\/fr\/produit\/thermopompe-murale-serie-extreme-de-gree\/#primaryimage","url":"https:\/\/staging.belleflamme.ca\/wp-content\/uploads\/2024\/12\/Thermopompe-Murale-Serie-Extreme-de-Gree.webp","contentUrl":"https:\/\/staging.belleflamme.ca\/wp-content\/uploads\/2024\/12\/Thermopompe-Murale-Serie-Extreme-de-Gree.webp","width":1000,"height":1000,"caption":"Thermopompe Murale S\u00e9rie Extr\u00eame de Gree"},{"@type":"BreadcrumbList","@id":"https:\/\/staging.belleflamme.ca\/fr\/produit\/thermopompe-murale-serie-extreme-de-gree\/#breadcrumb","itemListElement":[{"@type":"ListItem","position":1,"name":"Accueil","item":"https:\/\/www.belleflamme.ca\/fr\/"},{"@type":"ListItem","position":2,"name":"Boutique","item":"https:\/\/www.belleflamme.ca\/fr\/boutique\/"},{"@type":"ListItem","position":3,"name":"Climatisation &amp; Chauffage","item":"https:\/\/staging.belleflamme.ca\/fr\/categories\/climatisation-chauffage\/"},{"@type":"ListItem","position":4,"name":"Syst\u00e8me Mural","item":"https:\/\/staging.belleflamme.ca\/fr\/categories\/climatisation-chauffage\/systeme-mural\/"},{"@type":"ListItem","position":5,"name":"Thermopompes Murales","item":"https:\/\/staging.belleflamme.ca\/fr\/categories\/climatisation-chauffage\/systeme-mural\/thermopompes-murales\/"},{"@type":"ListItem","position":6,"name":"Thermopompe Murale S\u00e9rie Extr\u00eame de Gree"}]},{"@type":"WebSite","@id":"https:\/\/www.belleflamme.ca\/fr\/#website","url":"https:\/\/www.belleflamme.ca\/fr\/","name":"Groupe Belleflamme","description":"La m\u00e9canique du b\u00e2timent dans le sang.","publisher":{"@id":"https:\/\/www.belleflamme.ca\/fr\/#organization"},"potentialAction":[{"@type":"SearchAction","target":{"@type":"EntryPoint","urlTemplate":"https:\/\/www.belleflamme.ca\/fr\/?s={search_term_string}"},"query-input":{"@type":"PropertyValueSpecification","valueRequired":true,"valueName":"search_term_string"}}],"inLanguage":"fr-FR"},{"@type":["Organization","Place"],"@id":"https:\/\/www.belleflamme.ca\/fr\/#organization","name":"Groupe Belleflamme","alternateName":"Belleflamme","url":"https:\/\/www.belleflamme.ca\/fr\/","logo":{"@type":"ImageObject","inLanguage":"fr-FR","@id":"https:\/\/www.belleflamme.ca\/fr\/#\/schema\/logo\/image\/","url":"https:\/\/staging.belleflamme.ca\/wp-content\/uploads\/2023\/01\/og-image.jpg","contentUrl":"https:\/\/staging.belleflamme.ca\/wp-content\/uploads\/2023\/01\/og-image.jpg","width":1200,"height":630,"caption":"Groupe Belleflamme"},"image":{"@id":"https:\/\/www.belleflamme.ca\/fr\/#\/schema\/logo\/image\/"},"sameAs":["https:\/\/www.facebook.com\/belleflamme.ca\/","https:\/\/www.linkedin.com\/company\/belleflamme\/","https:\/\/www.pinterest.ca\/groupebelleflamme\/","https:\/\/www.instagram.com\/legroupebelleflamme\/"],"mainEntityOfPage":{"@id":"https:\/\/staging.belleflamme.ca\/fr\/produit\/thermopompe-murale-serie-extreme-de-gree\/"}}]},"product_brand":"Gree","og_availability":"instock","product_availability":"instock","product_condition":"new"},"_links":{"self":[{"href":"https:\/\/staging.belleflamme.ca\/fr\/wp-json\/wp\/v2\/product\/46903","targetHints":{"allow":["GET"]}}],"collection":[{"href":"https:\/\/staging.belleflamme.ca\/fr\/wp-json\/wp\/v2\/product"}],"about":[{"href":"https:\/\/staging.belleflamme.ca\/fr\/wp-json\/wp\/v2\/types\/product"}],"version-history":[{"count":4,"href":"https:\/\/staging.belleflamme.ca\/fr\/wp-json\/wp\/v2\/product\/46903\/revisions"}],"predecessor-version":[{"id":46929,"href":"https:\/\/staging.belleflamme.ca\/fr\/wp-json\/wp\/v2\/product\/46903\/revisions\/46929"}],"wp:featuredmedia":[{"embeddable":true,"href":"https:\/\/staging.belleflamme.ca\/fr\/wp-json\/wp\/v2\/media\/46904"}],"wp:attachment":[{"href":"https:\/\/staging.belleflamme.ca\/fr\/wp-json\/wp\/v2\/media?parent=46903"}],"wp:term":[{"taxonomy":"product_brand","embeddable":true,"href":"https:\/\/staging.belleflamme.ca\/fr\/wp-json\/wp\/v2\/product_brand?post=46903"},{"taxonomy":"product_cat","embeddable":true,"href":"https:\/\/staging.belleflamme.ca\/fr\/wp-json\/wp\/v2\/product_cat?post=46903"},{"taxonomy":"product_tag","embeddable":true,"href":"https:\/\/staging.belleflamme.ca\/fr\/wp-json\/wp\/v2\/product_tag?post=46903"}],"curies":[{"name":"wp","href":"https:\/\/api.w.org\/{rel}","templated":true}]}}