{"id":46838,"date":"2024-12-10T10:45:33","date_gmt":"2024-12-10T15:45:33","guid":{"rendered":"https:\/\/www.belleflamme.ca\/?post_type=product&#038;p=46838"},"modified":"2024-12-10T11:00:48","modified_gmt":"2024-12-10T16:00:48","slug":"thermopompe-murale-serie-crossover-de-gree","status":"publish","type":"product","link":"https:\/\/staging.belleflamme.ca\/fr\/produit\/thermopompe-murale-serie-crossover-de-gree\/","title":{"rendered":"Thermopompe Murale S\u00e9rie Crossover de Gree"},"content":{"rendered":"\t\t<div data-elementor-type=\"product-post\" data-elementor-id=\"46838\" class=\"elementor elementor-46838\" data-elementor-post-type=\"product\">\n\t\t\t\t\t\t<section class=\"elementor-section elementor-top-section elementor-element elementor-element-7001b15a elementor-section-boxed elementor-section-height-default elementor-section-height-default\" data-id=\"7001b15a\" data-element_type=\"section\">\n\t\t\t\t\t\t<div class=\"elementor-container elementor-column-gap-default\">\n\t\t\t\t\t<div class=\"elementor-column elementor-col-100 elementor-top-column elementor-element elementor-element-401f056e\" data-id=\"401f056e\" data-element_type=\"column\">\n\t\t\t<div class=\"elementor-widget-wrap elementor-element-populated\">\n\t\t\t\t\t\t<div class=\"elementor-element elementor-element-70cf7c11 elementor-widget elementor-widget-text-editor\" data-id=\"70cf7c11\" data-element_type=\"widget\" data-widget_type=\"text-editor.default\">\n\t\t\t\t<div class=\"elementor-widget-container\">\n\t\t\t\t\t\t\t\t\t<h2>SYST\u00c8ME SIMPLE ZONE CROSSOVER<\/h2><p><img decoding=\"async\" class=\"alignnone wp-image-46848\" src=\"https:\/\/www.belleflamme.ca\/wp-content\/uploads\/2024\/12\/2024-12-10-10_47_11-GREE-BROCHURE-SIMPLE-ZONE-CROSSOVER-FR-WEB.pdf.png\" alt=\"\" width=\"273\" height=\"130\" srcset=\"https:\/\/staging.belleflamme.ca\/wp-content\/uploads\/2024\/12\/2024-12-10-10_47_11-GREE-BROCHURE-SIMPLE-ZONE-CROSSOVER-FR-WEB.pdf.png 568w, https:\/\/staging.belleflamme.ca\/wp-content\/uploads\/2024\/12\/2024-12-10-10_47_11-GREE-BROCHURE-SIMPLE-ZONE-CROSSOVER-FR-WEB.pdf-300x143.png 300w\" sizes=\"(max-width: 273px) 100vw, 273px\" \/><\/p><h4><strong>FLEXIBILIT\u00c9, EFFICACIT\u00c9 ET FIABILIT\u00c9 \u00c0 VOTRE SERVICE<\/strong><\/h4><p>La s\u00e9rie Crossover est la premi\u00e8re ligne de produits GREE qui permet l&#8217;installation d&#8217;une seule zone r\u00e9sidentielle<br \/>avec diff\u00e9rents types d&#8217;unit\u00e9s int\u00e9rieures, offrant ainsi une vari\u00e9t\u00e9 de solutions pour votre maison ou votre bureau<\/p><p style=\"text-align: center;\"><br \/><img fetchpriority=\"high\" decoding=\"async\" class=\"alignnone size-full wp-image-46881\" src=\"https:\/\/www.belleflamme.ca\/wp-content\/uploads\/2024\/12\/2024-12-10-10_55_39-GREE-BROCHURE-SIMPLE-ZONE-CROSSOVER-FR-WEB.pdf.png\" alt=\"\" width=\"635\" height=\"419\" srcset=\"https:\/\/staging.belleflamme.ca\/wp-content\/uploads\/2024\/12\/2024-12-10-10_55_39-GREE-BROCHURE-SIMPLE-ZONE-CROSSOVER-FR-WEB.pdf.png 635w, https:\/\/staging.belleflamme.ca\/wp-content\/uploads\/2024\/12\/2024-12-10-10_55_39-GREE-BROCHURE-SIMPLE-ZONE-CROSSOVER-FR-WEB.pdf-300x198.png 300w\" sizes=\"(max-width: 635px) 100vw, 635px\" \/>.<img decoding=\"async\" class=\"alignnone size-full wp-image-46795\" src=\"https:\/\/www.belleflamme.ca\/wp-content\/uploads\/2024\/12\/2024-12-09-14_09_09-GREE-BROCHURE-SIMPLE-ZONE-VITA-FR-WEB.pdf.png\" alt=\"\" width=\"445\" height=\"87\" srcset=\"https:\/\/staging.belleflamme.ca\/wp-content\/uploads\/2024\/12\/2024-12-09-14_09_09-GREE-BROCHURE-SIMPLE-ZONE-VITA-FR-WEB.pdf.png 445w, https:\/\/staging.belleflamme.ca\/wp-content\/uploads\/2024\/12\/2024-12-09-14_09_09-GREE-BROCHURE-SIMPLE-ZONE-VITA-FR-WEB.pdf-300x59.png 300w\" sizes=\"(max-width: 445px) 100vw, 445px\" \/><\/p><ul><li>\u00a0<strong>CHAUFFAGE JUSQU&#8217;\u00c0 -30\u00b0C ET REFROIDISSEMENT JUSQU&#8217;\u00c0 -29\u00b0C<\/strong><em><br \/><\/em>La s\u00e9rie Crossover est l&#8217;une des seules pompes \u00e0 chaleur capables de chauffer ou de refroidir \u00e0 des temp\u00e9ratures aussi extr\u00eames (<br \/>). Elle est con\u00e7ue pour \u00eatre votre alli\u00e9e dans les climats froids du Canada (<br \/>). Elle repr\u00e9sente la solution id\u00e9ale pour vos applications<br \/>r\u00e9sidentielles, commerciales ou m\u00eame pour les salles de serveurs.<\/li><\/ul><p><img loading=\"lazy\" decoding=\"async\" class=\"alignnone size-full wp-image-46850\" src=\"https:\/\/www.belleflamme.ca\/wp-content\/uploads\/2024\/12\/2024-12-10-10_48_19-GREE-BROCHURE-SIMPLE-ZONE-CROSSOVER-FR-WEB.pdf.png\" alt=\"\" width=\"1439\" height=\"337\" srcset=\"https:\/\/staging.belleflamme.ca\/wp-content\/uploads\/2024\/12\/2024-12-10-10_48_19-GREE-BROCHURE-SIMPLE-ZONE-CROSSOVER-FR-WEB.pdf.png 1439w, https:\/\/staging.belleflamme.ca\/wp-content\/uploads\/2024\/12\/2024-12-10-10_48_19-GREE-BROCHURE-SIMPLE-ZONE-CROSSOVER-FR-WEB.pdf-300x70.png 300w, https:\/\/staging.belleflamme.ca\/wp-content\/uploads\/2024\/12\/2024-12-10-10_48_19-GREE-BROCHURE-SIMPLE-ZONE-CROSSOVER-FR-WEB.pdf-1024x240.png 1024w, https:\/\/staging.belleflamme.ca\/wp-content\/uploads\/2024\/12\/2024-12-10-10_48_19-GREE-BROCHURE-SIMPLE-ZONE-CROSSOVER-FR-WEB.pdf-768x180.png 768w, https:\/\/staging.belleflamme.ca\/wp-content\/uploads\/2024\/12\/2024-12-10-10_48_19-GREE-BROCHURE-SIMPLE-ZONE-CROSSOVER-FR-WEB.pdf-900x211.png 900w\" sizes=\"(max-width: 1439px) 100vw, 1439px\" \/><\/p><p style=\"text-align: center;\"><img loading=\"lazy\" decoding=\"async\" class=\"alignnone size-full wp-image-46816\" src=\"https:\/\/www.belleflamme.ca\/wp-content\/uploads\/2024\/12\/Garantie-Belleflamme-FR-5.png\" alt=\"\" width=\"250\" height=\"250\" srcset=\"https:\/\/staging.belleflamme.ca\/wp-content\/uploads\/2024\/12\/Garantie-Belleflamme-FR-5.png 250w, https:\/\/staging.belleflamme.ca\/wp-content\/uploads\/2024\/12\/Garantie-Belleflamme-FR-5-150x150.png 150w, https:\/\/staging.belleflamme.ca\/wp-content\/uploads\/2024\/12\/Garantie-Belleflamme-FR-5-100x100.png 100w\" sizes=\"(max-width: 250px) 100vw, 250px\" \/><\/p><p><strong>Caract\u00e9ristiques principales :<\/strong><\/p><p>\u25a0 G10 Technologie Inverter<br \/>\u25a0 Contr\u00f4le Wi-Fi<br \/>\u25a0 Contr\u00f4le pr\u00e9cis du d\u00e9bit d&#8217;air<br \/>\u25a0 D\u00e9marrage \u00e0 basse tension<br \/>\u25a0 Ailettes avec rev\u00eatement anticorrosion<br \/>\u25a0 Vitesse de ventilation multiple<br \/>\u25a0 Affichage LED r\u00e9glable<br \/>\u25a0 Filtres \u00e0 poussi\u00e8re lavables<br \/>\u25a0 Armoire en acier de forte \u00e9paisseur<br \/>\u25a0 R\u00e9frig\u00e9rant \u00e9cologique R410A<br \/>\u25a0 T\u00e9l\u00e9commande (incluse)<br \/>\u25a0 Contr\u00f4leur c\u00e2bl\u00e9 (en option)<\/p><div style=\"text-align: left;\"><img loading=\"lazy\" decoding=\"async\" class=\"alignnone size-full wp-image-46852\" src=\"https:\/\/www.belleflamme.ca\/wp-content\/uploads\/2024\/12\/GREE-CROSSOVER-HEAD-KIT-SPECS.webp\" alt=\"\" width=\"2251\" height=\"2274\" srcset=\"https:\/\/staging.belleflamme.ca\/wp-content\/uploads\/2024\/12\/GREE-CROSSOVER-HEAD-KIT-SPECS.webp 2251w, https:\/\/staging.belleflamme.ca\/wp-content\/uploads\/2024\/12\/GREE-CROSSOVER-HEAD-KIT-SPECS-297x300.webp 297w, https:\/\/staging.belleflamme.ca\/wp-content\/uploads\/2024\/12\/GREE-CROSSOVER-HEAD-KIT-SPECS-1014x1024.webp 1014w, https:\/\/staging.belleflamme.ca\/wp-content\/uploads\/2024\/12\/GREE-CROSSOVER-HEAD-KIT-SPECS-768x776.webp 768w, https:\/\/staging.belleflamme.ca\/wp-content\/uploads\/2024\/12\/GREE-CROSSOVER-HEAD-KIT-SPECS-1520x1536.webp 1520w, https:\/\/staging.belleflamme.ca\/wp-content\/uploads\/2024\/12\/GREE-CROSSOVER-HEAD-KIT-SPECS-2027x2048.webp 2027w, https:\/\/staging.belleflamme.ca\/wp-content\/uploads\/2024\/12\/GREE-CROSSOVER-HEAD-KIT-SPECS-900x909.webp 900w, https:\/\/staging.belleflamme.ca\/wp-content\/uploads\/2024\/12\/GREE-CROSSOVER-HEAD-KIT-SPECS-100x100.webp 100w\" sizes=\"(max-width: 2251px) 100vw, 2251px\" \/><\/div>\t\t\t\t\t\t\t\t<\/div>\n\t\t\t\t<\/div>\n\t\t\t\t\t<\/div>\n\t\t<\/div>\n\t\t\t\t\t<\/div>\n\t\t<\/section>\n\t\t\t\t<section class=\"elementor-section elementor-top-section elementor-element elementor-element-891bfe8 elementor-section-boxed elementor-section-height-default elementor-section-height-default\" data-id=\"891bfe8\" data-element_type=\"section\">\n\t\t\t\t\t\t<div class=\"elementor-container elementor-column-gap-default\">\n\t\t\t\t\t<div class=\"elementor-column elementor-col-100 elementor-top-column elementor-element elementor-element-6b4b8cb\" data-id=\"6b4b8cb\" data-element_type=\"column\">\n\t\t\t<div class=\"elementor-widget-wrap elementor-element-populated\">\n\t\t\t\t\t\t<div class=\"elementor-element elementor-element-6a982a8 elementor-tabs-view-horizontal elementor-widget elementor-widget-tabs\" data-id=\"6a982a8\" data-element_type=\"widget\" data-widget_type=\"tabs.default\">\n\t\t\t\t<div class=\"elementor-widget-container\">\n\t\t\t\t\t\t\t<div class=\"elementor-tabs\">\n\t\t\t<div class=\"elementor-tabs-wrapper\" role=\"tablist\" >\n\t\t\t\t\t\t\t\t\t<div id=\"elementor-tab-title-1111\" class=\"elementor-tab-title elementor-tab-desktop-title\" aria-selected=\"true\" data-tab=\"1\" role=\"tab\" tabindex=\"0\" aria-controls=\"elementor-tab-content-1111\" aria-expanded=\"false\">Fichiers<\/div>\n\t\t\t\t\t\t\t<\/div>\n\t\t\t<div class=\"elementor-tabs-content-wrapper\" role=\"tablist\" aria-orientation=\"vertical\">\n\t\t\t\t\t\t\t\t\t<div class=\"elementor-tab-title elementor-tab-mobile-title\" aria-selected=\"true\" data-tab=\"1\" role=\"tab\" tabindex=\"0\" aria-controls=\"elementor-tab-content-1111\" aria-expanded=\"false\">Fichiers<\/div>\n\t\t\t\t\t<div id=\"elementor-tab-content-1111\" class=\"elementor-tab-content elementor-clearfix\" data-tab=\"1\" role=\"tabpanel\" aria-labelledby=\"elementor-tab-title-1111\" tabindex=\"0\" hidden=\"false\"><i class=\"far fa-file-pdf fa-xl\" style=\"font-size:35px\"><\/i><a href=\"https:\/\/www.belleflamme.ca\/wp-content\/uploads\/2024\/12\/GREE-BROCHURE-SIMPLE-ZONE-CROSSOVER-FR-WEB-1.pdf\"> Brochure<\/a><\/br>\n<i class=\"far fa-file-pdf fa-xl\" style=\"font-size:35px\"><\/i><a href=\"https:\/\/www.belleflamme.ca\/wp-content\/uploads\/2024\/12\/GREE-USER-MANUAL-CROSSOVER-FR-WEB.pdf\"> Manuel de l&#8217;utilisateur<\/a><\/br><\/div>\n\t\t\t\t\t\t\t<\/div>\n\t\t<\/div>\n\t\t\t\t\t\t<\/div>\n\t\t\t\t<\/div>\n\t\t\t\t\t<\/div>\n\t\t<\/div>\n\t\t\t\t\t<\/div>\n\t\t<\/section>\n\t\t\t\t<\/div>\n\t\t","protected":false},"excerpt":{"rendered":"<p>SYST\u00c8ME SIMPLE ZONE CROSSOVER FLEXIBILIT\u00c9, EFFICACIT\u00c9 ET FIABILIT\u00c9 \u00c0 VOTRE SERVICE La s\u00e9rie Crossover est la premi\u00e8re ligne de produits GREE qui permet l&#8217;installation d&#8217;une seule zone r\u00e9sidentielle avec diff\u00e9rents types d&#8217;unit\u00e9s int\u00e9rieures, offrant ainsi une vari\u00e9t\u00e9 de solutions pour votre maison ou votre bureau . \u00a0CHAUFFAGE JUSQU&#8217;\u00c0 -30\u00b0C ET REFROIDISSEMENT JUSQU&#8217;\u00c0 -29\u00b0C La s\u00e9rie [&hellip;]<\/p>\n","protected":false},"featured_media":46886,"template":"","meta":{"inline_featured_image":false},"product_brand":[1964],"product_cat":[70,72,86],"product_tag":[],"class_list":{"0":"post-46838","1":"product","2":"type-product","3":"status-publish","4":"has-post-thumbnail","6":"product_brand-gree","7":"product_cat-climatisation-chauffage","8":"product_cat-systeme-mural","9":"product_cat-thermopompes-murales","11":"first","12":"instock","13":"taxable","14":"shipping-taxable","15":"product-type-variable"},"yoast_head":"<!-- This site is optimized with the Yoast SEO Premium plugin v24.2 (Yoast SEO v24.2) - https:\/\/yoast.com\/wordpress\/plugins\/seo\/ -->\n<title>Thermopompe Murale S\u00e9rie Crossover de Gree - Groupe BelleFlamme<\/title>\n<meta name=\"description\" content=\"Thermopompe Murale S\u00e9rie Crossover de Gree vendu et install\u00e9 par le Groupe Belleflamme. Laval, Montr\u00e9al, Gatineau et Saint-Sauveur.\" \/>\n<meta name=\"robots\" content=\"index, follow, max-snippet:-1, max-image-preview:large, max-video-preview:-1\" \/>\n<link rel=\"canonical\" href=\"https:\/\/staging.belleflamme.ca\/fr\/produit\/thermopompe-murale-serie-crossover-de-gree\/\" \/>\n<meta property=\"og:locale\" content=\"fr_FR\" \/>\n<meta property=\"og:type\" content=\"article\" \/>\n<meta property=\"og:title\" content=\"Thermopompe Murale S\u00e9rie Crossover de Gree\" \/>\n<meta property=\"og:description\" content=\"Thermopompe Murale S\u00e9rie Crossover de Gree vendu et install\u00e9 par le Groupe Belleflamme. Laval, Montr\u00e9al, Gatineau et Saint-Sauveur.\" \/>\n<meta property=\"og:url\" content=\"https:\/\/staging.belleflamme.ca\/fr\/produit\/thermopompe-murale-serie-crossover-de-gree\/\" \/>\n<meta property=\"og:site_name\" content=\"Groupe BelleFlamme\" \/>\n<meta property=\"article:publisher\" content=\"https:\/\/www.facebook.com\/belleflamme.ca\/\" \/>\n<meta property=\"article:modified_time\" content=\"2024-12-10T16:00:48+00:00\" \/>\n<meta property=\"og:image\" content=\"https:\/\/www.belleflamme.ca\/wp-content\/uploads\/2024\/12\/Thermopompe-Murale-Serie-Crossover-de-Gree-1.webp\" \/>\n\t<meta property=\"og:image:width\" content=\"1000\" \/>\n\t<meta property=\"og:image:height\" content=\"1000\" \/>\n\t<meta property=\"og:image:type\" content=\"image\/webp\" \/>\n<meta name=\"twitter:card\" content=\"summary_large_image\" \/>\n<meta name=\"twitter:label1\" content=\"Disponibilit\u00e9\" \/>\n\t<meta name=\"twitter:data1\" content=\"En stock\" \/>\n<script type=\"application\/ld+json\" class=\"yoast-schema-graph\">{\"@context\":\"https:\/\/schema.org\",\"@graph\":[{\"@type\":[\"WebPage\",\"ItemPage\"],\"@id\":\"https:\/\/staging.belleflamme.ca\/fr\/produit\/thermopompe-murale-serie-crossover-de-gree\/\",\"url\":\"https:\/\/staging.belleflamme.ca\/fr\/produit\/thermopompe-murale-serie-crossover-de-gree\/\",\"name\":\"Thermopompe Murale S\u00e9rie Crossover de Gree - Groupe BelleFlamme\",\"isPartOf\":{\"@id\":\"https:\/\/www.belleflamme.ca\/fr\/#website\"},\"primaryImageOfPage\":{\"@id\":\"https:\/\/staging.belleflamme.ca\/fr\/produit\/thermopompe-murale-serie-crossover-de-gree\/#primaryimage\"},\"image\":{\"@id\":\"https:\/\/staging.belleflamme.ca\/fr\/produit\/thermopompe-murale-serie-crossover-de-gree\/#primaryimage\"},\"thumbnailUrl\":\"https:\/\/staging.belleflamme.ca\/wp-content\/uploads\/2024\/12\/Thermopompe-Murale-Serie-Crossover-de-Gree-1.webp\",\"datePublished\":\"2024-12-10T15:45:33+00:00\",\"dateModified\":\"2024-12-10T16:00:48+00:00\",\"description\":\"Thermopompe Murale S\u00e9rie Crossover de Gree vendu et install\u00e9 par le Groupe Belleflamme. Laval, Montr\u00e9al, Gatineau et Saint-Sauveur.\",\"breadcrumb\":{\"@id\":\"https:\/\/staging.belleflamme.ca\/fr\/produit\/thermopompe-murale-serie-crossover-de-gree\/#breadcrumb\"},\"inLanguage\":\"fr-FR\",\"potentialAction\":[{\"@type\":\"ReadAction\",\"target\":[\"https:\/\/staging.belleflamme.ca\/fr\/produit\/thermopompe-murale-serie-crossover-de-gree\/\"]}]},{\"@type\":\"ImageObject\",\"inLanguage\":\"fr-FR\",\"@id\":\"https:\/\/staging.belleflamme.ca\/fr\/produit\/thermopompe-murale-serie-crossover-de-gree\/#primaryimage\",\"url\":\"https:\/\/staging.belleflamme.ca\/wp-content\/uploads\/2024\/12\/Thermopompe-Murale-Serie-Crossover-de-Gree-1.webp\",\"contentUrl\":\"https:\/\/staging.belleflamme.ca\/wp-content\/uploads\/2024\/12\/Thermopompe-Murale-Serie-Crossover-de-Gree-1.webp\",\"width\":1000,\"height\":1000,\"caption\":\"Thermopompe Murale S\u00e9rie Crossover de Gree\"},{\"@type\":\"BreadcrumbList\",\"@id\":\"https:\/\/staging.belleflamme.ca\/fr\/produit\/thermopompe-murale-serie-crossover-de-gree\/#breadcrumb\",\"itemListElement\":[{\"@type\":\"ListItem\",\"position\":1,\"name\":\"Accueil\",\"item\":\"https:\/\/www.belleflamme.ca\/fr\/\"},{\"@type\":\"ListItem\",\"position\":2,\"name\":\"Boutique\",\"item\":\"https:\/\/www.belleflamme.ca\/fr\/boutique\/\"},{\"@type\":\"ListItem\",\"position\":3,\"name\":\"Climatisation &amp; Chauffage\",\"item\":\"https:\/\/staging.belleflamme.ca\/fr\/categories\/climatisation-chauffage\/\"},{\"@type\":\"ListItem\",\"position\":4,\"name\":\"Syst\u00e8me Mural\",\"item\":\"https:\/\/staging.belleflamme.ca\/fr\/categories\/climatisation-chauffage\/systeme-mural\/\"},{\"@type\":\"ListItem\",\"position\":5,\"name\":\"Thermopompes Murales\",\"item\":\"https:\/\/staging.belleflamme.ca\/fr\/categories\/climatisation-chauffage\/systeme-mural\/thermopompes-murales\/\"},{\"@type\":\"ListItem\",\"position\":6,\"name\":\"Thermopompe Murale S\u00e9rie Crossover de Gree\"}]},{\"@type\":\"WebSite\",\"@id\":\"https:\/\/www.belleflamme.ca\/fr\/#website\",\"url\":\"https:\/\/www.belleflamme.ca\/fr\/\",\"name\":\"Groupe Belleflamme\",\"description\":\"La m\u00e9canique du b\u00e2timent dans le sang.\",\"publisher\":{\"@id\":\"https:\/\/www.belleflamme.ca\/fr\/#organization\"},\"potentialAction\":[{\"@type\":\"SearchAction\",\"target\":{\"@type\":\"EntryPoint\",\"urlTemplate\":\"https:\/\/www.belleflamme.ca\/fr\/?s={search_term_string}\"},\"query-input\":{\"@type\":\"PropertyValueSpecification\",\"valueRequired\":true,\"valueName\":\"search_term_string\"}}],\"inLanguage\":\"fr-FR\"},{\"@type\":[\"Organization\",\"Place\"],\"@id\":\"https:\/\/www.belleflamme.ca\/fr\/#organization\",\"name\":\"Groupe Belleflamme\",\"alternateName\":\"Belleflamme\",\"url\":\"https:\/\/www.belleflamme.ca\/fr\/\",\"logo\":{\"@type\":\"ImageObject\",\"inLanguage\":\"fr-FR\",\"@id\":\"https:\/\/www.belleflamme.ca\/fr\/#\/schema\/logo\/image\/\",\"url\":\"https:\/\/staging.belleflamme.ca\/wp-content\/uploads\/2023\/01\/og-image.jpg\",\"contentUrl\":\"https:\/\/staging.belleflamme.ca\/wp-content\/uploads\/2023\/01\/og-image.jpg\",\"width\":1200,\"height\":630,\"caption\":\"Groupe Belleflamme\"},\"image\":{\"@id\":\"https:\/\/www.belleflamme.ca\/fr\/#\/schema\/logo\/image\/\"},\"sameAs\":[\"https:\/\/www.facebook.com\/belleflamme.ca\/\",\"https:\/\/www.linkedin.com\/company\/belleflamme\/\",\"https:\/\/www.pinterest.ca\/groupebelleflamme\/\",\"https:\/\/www.instagram.com\/legroupebelleflamme\/\"],\"mainEntityOfPage\":{\"@id\":\"https:\/\/staging.belleflamme.ca\/fr\/produit\/thermopompe-murale-serie-crossover-de-gree\/\"}}]}<\/script>\n<meta property=\"product:brand\" content=\"Gree\" \/>\n<meta property=\"og:availability\" content=\"instock\" \/>\n<meta property=\"product:availability\" content=\"instock\" \/>\n<meta property=\"product:condition\" content=\"new\" \/>\n<!-- \/ Yoast SEO Premium plugin. -->","yoast_head_json":{"title":"Thermopompe Murale S\u00e9rie Crossover de Gree - Groupe BelleFlamme","description":"Thermopompe Murale S\u00e9rie Crossover de Gree vendu et install\u00e9 par le Groupe Belleflamme. Laval, Montr\u00e9al, Gatineau et Saint-Sauveur.","robots":{"index":"index","follow":"follow","max-snippet":"max-snippet:-1","max-image-preview":"max-image-preview:large","max-video-preview":"max-video-preview:-1"},"canonical":"https:\/\/staging.belleflamme.ca\/fr\/produit\/thermopompe-murale-serie-crossover-de-gree\/","og_locale":"fr_FR","og_type":"article","og_title":"Thermopompe Murale S\u00e9rie Crossover de Gree","og_description":"Thermopompe Murale S\u00e9rie Crossover de Gree vendu et install\u00e9 par le Groupe Belleflamme. Laval, Montr\u00e9al, Gatineau et Saint-Sauveur.","og_url":"https:\/\/staging.belleflamme.ca\/fr\/produit\/thermopompe-murale-serie-crossover-de-gree\/","og_site_name":"Groupe BelleFlamme","article_publisher":"https:\/\/www.facebook.com\/belleflamme.ca\/","article_modified_time":"2024-12-10T16:00:48+00:00","og_image":[{"width":1000,"height":1000,"url":"https:\/\/www.belleflamme.ca\/wp-content\/uploads\/2024\/12\/Thermopompe-Murale-Serie-Crossover-de-Gree-1.webp","type":"image\/webp"}],"twitter_card":"summary_large_image","twitter_misc":{"Disponibilit\u00e9":"En stock"},"schema":{"@context":"https:\/\/schema.org","@graph":[{"@type":["WebPage","ItemPage"],"@id":"https:\/\/staging.belleflamme.ca\/fr\/produit\/thermopompe-murale-serie-crossover-de-gree\/","url":"https:\/\/staging.belleflamme.ca\/fr\/produit\/thermopompe-murale-serie-crossover-de-gree\/","name":"Thermopompe Murale S\u00e9rie Crossover de Gree - Groupe BelleFlamme","isPartOf":{"@id":"https:\/\/www.belleflamme.ca\/fr\/#website"},"primaryImageOfPage":{"@id":"https:\/\/staging.belleflamme.ca\/fr\/produit\/thermopompe-murale-serie-crossover-de-gree\/#primaryimage"},"image":{"@id":"https:\/\/staging.belleflamme.ca\/fr\/produit\/thermopompe-murale-serie-crossover-de-gree\/#primaryimage"},"thumbnailUrl":"https:\/\/staging.belleflamme.ca\/wp-content\/uploads\/2024\/12\/Thermopompe-Murale-Serie-Crossover-de-Gree-1.webp","datePublished":"2024-12-10T15:45:33+00:00","dateModified":"2024-12-10T16:00:48+00:00","description":"Thermopompe Murale S\u00e9rie Crossover de Gree vendu et install\u00e9 par le Groupe Belleflamme. Laval, Montr\u00e9al, Gatineau et Saint-Sauveur.","breadcrumb":{"@id":"https:\/\/staging.belleflamme.ca\/fr\/produit\/thermopompe-murale-serie-crossover-de-gree\/#breadcrumb"},"inLanguage":"fr-FR","potentialAction":[{"@type":"ReadAction","target":["https:\/\/staging.belleflamme.ca\/fr\/produit\/thermopompe-murale-serie-crossover-de-gree\/"]}]},{"@type":"ImageObject","inLanguage":"fr-FR","@id":"https:\/\/staging.belleflamme.ca\/fr\/produit\/thermopompe-murale-serie-crossover-de-gree\/#primaryimage","url":"https:\/\/staging.belleflamme.ca\/wp-content\/uploads\/2024\/12\/Thermopompe-Murale-Serie-Crossover-de-Gree-1.webp","contentUrl":"https:\/\/staging.belleflamme.ca\/wp-content\/uploads\/2024\/12\/Thermopompe-Murale-Serie-Crossover-de-Gree-1.webp","width":1000,"height":1000,"caption":"Thermopompe Murale S\u00e9rie Crossover de Gree"},{"@type":"BreadcrumbList","@id":"https:\/\/staging.belleflamme.ca\/fr\/produit\/thermopompe-murale-serie-crossover-de-gree\/#breadcrumb","itemListElement":[{"@type":"ListItem","position":1,"name":"Accueil","item":"https:\/\/www.belleflamme.ca\/fr\/"},{"@type":"ListItem","position":2,"name":"Boutique","item":"https:\/\/www.belleflamme.ca\/fr\/boutique\/"},{"@type":"ListItem","position":3,"name":"Climatisation &amp; Chauffage","item":"https:\/\/staging.belleflamme.ca\/fr\/categories\/climatisation-chauffage\/"},{"@type":"ListItem","position":4,"name":"Syst\u00e8me Mural","item":"https:\/\/staging.belleflamme.ca\/fr\/categories\/climatisation-chauffage\/systeme-mural\/"},{"@type":"ListItem","position":5,"name":"Thermopompes Murales","item":"https:\/\/staging.belleflamme.ca\/fr\/categories\/climatisation-chauffage\/systeme-mural\/thermopompes-murales\/"},{"@type":"ListItem","position":6,"name":"Thermopompe Murale S\u00e9rie Crossover de Gree"}]},{"@type":"WebSite","@id":"https:\/\/www.belleflamme.ca\/fr\/#website","url":"https:\/\/www.belleflamme.ca\/fr\/","name":"Groupe Belleflamme","description":"La m\u00e9canique du b\u00e2timent dans le sang.","publisher":{"@id":"https:\/\/www.belleflamme.ca\/fr\/#organization"},"potentialAction":[{"@type":"SearchAction","target":{"@type":"EntryPoint","urlTemplate":"https:\/\/www.belleflamme.ca\/fr\/?s={search_term_string}"},"query-input":{"@type":"PropertyValueSpecification","valueRequired":true,"valueName":"search_term_string"}}],"inLanguage":"fr-FR"},{"@type":["Organization","Place"],"@id":"https:\/\/www.belleflamme.ca\/fr\/#organization","name":"Groupe Belleflamme","alternateName":"Belleflamme","url":"https:\/\/www.belleflamme.ca\/fr\/","logo":{"@type":"ImageObject","inLanguage":"fr-FR","@id":"https:\/\/www.belleflamme.ca\/fr\/#\/schema\/logo\/image\/","url":"https:\/\/staging.belleflamme.ca\/wp-content\/uploads\/2023\/01\/og-image.jpg","contentUrl":"https:\/\/staging.belleflamme.ca\/wp-content\/uploads\/2023\/01\/og-image.jpg","width":1200,"height":630,"caption":"Groupe Belleflamme"},"image":{"@id":"https:\/\/www.belleflamme.ca\/fr\/#\/schema\/logo\/image\/"},"sameAs":["https:\/\/www.facebook.com\/belleflamme.ca\/","https:\/\/www.linkedin.com\/company\/belleflamme\/","https:\/\/www.pinterest.ca\/groupebelleflamme\/","https:\/\/www.instagram.com\/legroupebelleflamme\/"],"mainEntityOfPage":{"@id":"https:\/\/staging.belleflamme.ca\/fr\/produit\/thermopompe-murale-serie-crossover-de-gree\/"}}]},"product_brand":"Gree","og_availability":"instock","product_availability":"instock","product_condition":"new"},"_links":{"self":[{"href":"https:\/\/staging.belleflamme.ca\/fr\/wp-json\/wp\/v2\/product\/46838","targetHints":{"allow":["GET"]}}],"collection":[{"href":"https:\/\/staging.belleflamme.ca\/fr\/wp-json\/wp\/v2\/product"}],"about":[{"href":"https:\/\/staging.belleflamme.ca\/fr\/wp-json\/wp\/v2\/types\/product"}],"version-history":[{"count":8,"href":"https:\/\/staging.belleflamme.ca\/fr\/wp-json\/wp\/v2\/product\/46838\/revisions"}],"predecessor-version":[{"id":46888,"href":"https:\/\/staging.belleflamme.ca\/fr\/wp-json\/wp\/v2\/product\/46838\/revisions\/46888"}],"wp:featuredmedia":[{"embeddable":true,"href":"https:\/\/staging.belleflamme.ca\/fr\/wp-json\/wp\/v2\/media\/46886"}],"wp:attachment":[{"href":"https:\/\/staging.belleflamme.ca\/fr\/wp-json\/wp\/v2\/media?parent=46838"}],"wp:term":[{"taxonomy":"product_brand","embeddable":true,"href":"https:\/\/staging.belleflamme.ca\/fr\/wp-json\/wp\/v2\/product_brand?post=46838"},{"taxonomy":"product_cat","embeddable":true,"href":"https:\/\/staging.belleflamme.ca\/fr\/wp-json\/wp\/v2\/product_cat?post=46838"},{"taxonomy":"product_tag","embeddable":true,"href":"https:\/\/staging.belleflamme.ca\/fr\/wp-json\/wp\/v2\/product_tag?post=46838"}],"curies":[{"name":"wp","href":"https:\/\/api.w.org\/{rel}","templated":true}]}}