{"id":46400,"date":"2024-12-06T12:06:33","date_gmt":"2024-12-06T17:06:33","guid":{"rendered":"https:\/\/www.belleflamme.ca\/?post_type=product&#038;p=46400"},"modified":"2024-12-06T12:12:35","modified_gmt":"2024-12-06T17:12:35","slug":"thermopompe-centrale-xr16-de-trane","status":"publish","type":"product","link":"https:\/\/staging.belleflamme.ca\/fr\/produit\/thermopompe-centrale-xr16-de-trane\/","title":{"rendered":"Thermopompe Centrale XR16 de Trane"},"content":{"rendered":"\t\t<div data-elementor-type=\"product-post\" data-elementor-id=\"46400\" class=\"elementor elementor-46400\" data-elementor-post-type=\"product\">\n\t\t\t\t\t\t<section class=\"elementor-section elementor-top-section elementor-element elementor-element-5e5eddae elementor-section-boxed elementor-section-height-default elementor-section-height-default\" data-id=\"5e5eddae\" data-element_type=\"section\">\n\t\t\t\t\t\t<div class=\"elementor-container elementor-column-gap-default\">\n\t\t\t\t\t<div class=\"elementor-column elementor-col-100 elementor-top-column elementor-element elementor-element-561cf6e3\" data-id=\"561cf6e3\" data-element_type=\"column\">\n\t\t\t<div class=\"elementor-widget-wrap elementor-element-populated\">\n\t\t\t\t\t\t<div class=\"elementor-element elementor-element-40c8a471 elementor-widget elementor-widget-text-editor\" data-id=\"40c8a471\" data-element_type=\"widget\" data-widget_type=\"text-editor.default\">\n\t\t\t\t<div class=\"elementor-widget-container\">\n\t\t\t\t\t\t\t\t\t<h2><span class=\"text-white font-bold text-3xl pb-8 font-Inter\">Choisissez votre vitesse<\/span><\/h2><p class=\"text-white font-medium text-22\">Les thermopompes \u00e0 deux stage fonctionnent \u00e0 deux vitesses pour assurer le confort de votre maison tout au long de l&#8217;ann\u00e9e. Nos unit\u00e9s \u00e0 deux vitesses offrent un excellent m\u00e9lange de valeur, de confort et d&#8217;efficacit\u00e9.<\/p><h2><span class=\"text-white font-bold text-3xl pb-8 font-Inter\">L&#8217;avantage du double carburant<\/span><\/h2><p class=\"text-white font-medium text-22\">Associez votre fournaise \u00e0 une thermopompe pour profiter des avantages d\u2019un syst\u00e8me hybride. Votre thermopompe chauffe votre maison pendant la majeure partie de l\u2019ann\u00e9e et votre fournaise au mazout intervient lorsque la temp\u00e9rature devient trop froide. Ensemble, elles vous offrent un confort fiable qui pourrait r\u00e9duire vos co\u00fbts \u00e9nerg\u00e9tiques.<\/p><h2><span class=\"text-white font-bold text-3xl pb-8 font-Inter\">Un syst\u00e8me sur lequel vous pouvez compter<\/span><\/h2><p class=\"text-white font-medium text-22\">Les produits Trane sont soumis \u00e0 16 semaines de tests extr\u00eames. S&#8217;ils \u00e9chouent \u00e0 nos tests, ils ne sont pas mis en production. Chaque pompe \u00e0 chaleur est con\u00e7ue pour offrir un confort total sur lequel vous pouvez compter.<\/p><h2><span class=\"text-white font-bold text-3xl pb-8 font-Inter\">Economisez de l&#8217;\u00e9nergie \u00e0 la maison<\/span><\/h2><p class=\"text-white font-medium text-22\">Les indices SEER2 de 16,2 et HSPF2 de 8,1 du XR16 font de cet appareil un excellent choix pour \u00e9conomiser de l&#8217;\u00e9nergie et r\u00e9duire votre consommation d&#8217;\u00e9nergie mensuelle.<\/p><h3 class=\"text-[28px] font-Inter\">Sp\u00e9cifications de la pompe \u00e0 chaleur XR16<\/h3><div class=\"font-Lato font-400 [&amp;_p]:text-18\"><p>Chaque thermopompe Trane est \u00e9quip\u00e9e de composants de haute qualit\u00e9. Chacun d&#8217;entre eux contribue \u00e0 garantir que votre unit\u00e9 offrira \u00e0 votre famille un confort total sur lequel elle pourra compter.<\/p><\/div><div class=\"flex flex-col gap-0 lg:gap-x-10 mt-4 mb-8 lg:mt-6 lg:mb-10 lg:flex-row w-full justify-between\"><ul class=\"mb-0\"><li class=\"mb-8 last:mb-0\">Compresseur Climatuff\u2122 \u00e0 deux \u00e9tages<\/li><li class=\"mb-8 last:mb-0\">Panneaux persiennes en acier galvanis\u00e9<\/li><li class=\"mb-8 last:mb-0\">Peinture en poudre cuite<\/li><li class=\"mb-8 last:mb-0\">Fixations Weatherguard\u2122 r\u00e9sistantes \u00e0 la corrosion<\/li><li class=\"mb-8 last:mb-0\">Bobine ext\u00e9rieure Spine Fin\u2122<\/li><li class=\"mb-8 last:mb-0\">Base antirouille DuraTuff\u2122<\/li><li class=\"mb-8 last:mb-0\">Isolant acoustique sur compresseurs (sur certains mod\u00e8les)<\/li><\/ul><\/div><div class=\"flex flex-col mr-14\"><p class=\"text-[#FF3D00] font-Lato my-0 font-600\"><strong>Cote d&#8217;efficacit\u00e9<\/strong><\/p><div class=\"font-Lato lg:font-Inter text-32 font-700 mt-2\">Jusqu&#8217;\u00e0 16,2 SEER2<\/div><\/div><div class=\"flex flex-col mr-14\"><p class=\"text-[#FF3D00] font-Lato my-0 font-600\"><strong>HSPF2<\/strong><\/p><div class=\"font-Lato lg:font-Inter text-32 font-700 mt-2\">Jusqu&#8217;\u00e0 8.1 HSPF2<\/div><\/div><div class=\"flex flex-col mr-14\"><p class=\"text-[#FF3D00] font-Lato my-0 font-600\"><strong>Niveau de bruit<\/strong><\/p><div class=\"font-Lato lg:font-Inter text-32 font-700 mt-2\">72-74<\/div><\/div><div class=\"flex flex-col mr-14\"><p class=\"text-[#FF3D00] font-Lato my-0 font-600\"><strong>Stage de Ventilation<\/strong><\/p><div class=\"font-Lato lg:font-Inter text-32 font-700 mt-2\">Deux<\/div><\/div><div class=\"flex flex-col mr-14\"><p class=\"text-[#FF3D00] font-Lato my-0 font-600\"><strong>\u00c9conomies d&#8217;\u00e9nergie<\/strong><\/p><div class=\"font-Lato lg:font-Inter text-32 font-700 mt-2\">42%<\/div><\/div><div>\u00a0<\/div><div><div class=\"mb-3 font-semibold text-16 font-Lato\"><strong>Certifi\u00e9 ENERGY STAR\u00ae<\/strong><\/div><div class=\"mb-6 font-Lato text-14\">Ce produit r\u00e9pond aux exigences ENERGY STAR\u00ae lorsque les composants de bobine appropri\u00e9s sont utilis\u00e9s. Demandez plus de d\u00e9tails \u00e0 votre revendeur.<\/div><\/div><div><img decoding=\"async\" class=\"alignnone size-full wp-image-46110\" src=\"https:\/\/www.belleflamme.ca\/wp-content\/uploads\/2024\/12\/logo-Energy-Star-logo-1-1-1.png\" alt=\"\" width=\"100\" height=\"100\" \/><\/div><div>\u00a0<\/div><div style=\"text-align: center;\"><img fetchpriority=\"high\" decoding=\"async\" class=\"alignnone size-full wp-image-46185\" src=\"https:\/\/www.belleflamme.ca\/wp-content\/uploads\/2024\/12\/Garantie-Belleflamme-FR-4-1.png\" alt=\"\" width=\"250\" height=\"250\" srcset=\"https:\/\/staging.belleflamme.ca\/wp-content\/uploads\/2024\/12\/Garantie-Belleflamme-FR-4-1.png 250w, https:\/\/staging.belleflamme.ca\/wp-content\/uploads\/2024\/12\/Garantie-Belleflamme-FR-4-1-150x150.png 150w, https:\/\/staging.belleflamme.ca\/wp-content\/uploads\/2024\/12\/Garantie-Belleflamme-FR-4-1-100x100.png 100w\" sizes=\"(max-width: 250px) 100vw, 250px\" \/><\/div><div>\u00a0<\/div><div><table class=\"w-full mx-4 lg:mx-0\"><thead><tr><td class=\"border border-tundora-gray px-16 py-3 lg:p-6 bg-tundora-gray font-Inter font-semibold text-lg text-white \">Mod\u00e8le<\/td><td class=\"border border-tundora-gray px-16 py-3 lg:p-6 bg-tundora-gray font-Inter font-semibold text-lg text-white text-center\">Tonnes nominales<\/td><td class=\"border border-tundora-gray px-16 py-3 lg:p-6 bg-tundora-gray font-Inter font-semibold text-lg text-white text-center\">Hauteur (IN.)<\/td><td class=\"border border-tundora-gray px-16 py-3 lg:p-6 bg-tundora-gray font-Inter font-semibold text-lg text-white text-center\">Largeur (PO.)<\/td><td class=\"border border-tundora-gray px-16 py-3 lg:p-6 bg-tundora-gray font-Inter font-semibold text-lg text-white text-center\">Profondeur (IN.)<\/td><td class=\"border border-tundora-gray px-16 py-3 lg:p-6 bg-tundora-gray font-Inter font-semibold text-lg text-white text-center\">Type de r\u00e9frig\u00e9rant<\/td><td class=\"border border-tundora-gray px-16 py-3 lg:p-6 bg-tundora-gray font-Inter font-semibold text-lg text-white text-center\">\u00a0<\/td><\/tr><\/thead><tbody><tr class=\"false\"><td class=\"px-16 py-6 lg:p-6 \">4TWR6024N1000A<\/td><td class=\"px-16 py-6 lg:p-6 text-center\">3<\/td><td class=\"px-16 py-6 lg:p-6 text-center\">45&#8243;<\/td><td class=\"px-16 py-6 lg:p-6 text-center\">37&#8243;<\/td><td class=\"px-16 py-6 lg:p-6 text-center\">34&#8243;<\/td><td class=\"px-16 py-6 lg:p-6 text-center\">R-410A<\/td><td class=\"px-16 py-6 lg:p-6 text-center\">\u00a0<\/td><\/tr><tr class=\"bg-white-smoke\"><td class=\"px-16 py-6 lg:p-6 \">4TWR6036N1000A<\/td><td class=\"px-16 py-6 lg:p-6 text-center\">3<\/td><td class=\"px-16 py-6 lg:p-6 text-center\">45&#8243;<\/td><td class=\"px-16 py-6 lg:p-6 text-center\">37&#8243;<\/td><td class=\"px-16 py-6 lg:p-6 text-center\">34&#8243;<\/td><td class=\"px-16 py-6 lg:p-6 text-center\">R-410A<\/td><td class=\"px-16 py-6 lg:p-6 text-center\">\u00a0<\/td><\/tr><tr class=\"false\"><td class=\"px-16 py-6 lg:p-6 \">4TWR6048N1000A<\/td><td class=\"px-16 py-6 lg:p-6 text-center\">4<\/td><td class=\"px-16 py-6 lg:p-6 text-center\">45&#8243;<\/td><td class=\"px-16 py-6 lg:p-6 text-center\">37&#8243;<\/td><td class=\"px-16 py-6 lg:p-6 text-center\">34&#8243;<\/td><td class=\"px-16 py-6 lg:p-6 text-center\">R-410A<\/td><td class=\"px-16 py-6 lg:p-6 text-center\">\u00a0<\/td><\/tr><tr class=\"bg-white-smoke\"><td class=\"px-16 py-6 lg:p-6 \">4TWR6060N1000A<\/td><td class=\"px-16 py-6 lg:p-6 text-center\">5<\/td><td class=\"px-16 py-6 lg:p-6 text-center\">45&#8243;<\/td><td class=\"px-16 py-6 lg:p-6 text-center\">37&#8243;<\/td><td class=\"px-16 py-6 lg:p-6 text-center\">34&#8243;<\/td><td class=\"px-16 py-6 lg:p-6 text-center\">R-410A<\/td><td class=\"px-16 py-6 lg:p-6 text-center\">\u00a0<\/td><\/tr><\/tbody><\/table><p><img decoding=\"async\" class=\"alignnone size-full wp-image-46413\" src=\"https:\/\/www.belleflamme.ca\/wp-content\/uploads\/2024\/12\/2024-12-06-12_10_26-22-1865-1K-EN.png\" alt=\"\" width=\"690\" height=\"755\" srcset=\"https:\/\/staging.belleflamme.ca\/wp-content\/uploads\/2024\/12\/2024-12-06-12_10_26-22-1865-1K-EN.png 690w, https:\/\/staging.belleflamme.ca\/wp-content\/uploads\/2024\/12\/2024-12-06-12_10_26-22-1865-1K-EN-274x300.png 274w\" sizes=\"(max-width: 690px) 100vw, 690px\" \/><\/p><\/div>\t\t\t\t\t\t\t\t<\/div>\n\t\t\t\t<\/div>\n\t\t\t\t\t<\/div>\n\t\t<\/div>\n\t\t\t\t\t<\/div>\n\t\t<\/section>\n\t\t\t\t<section class=\"elementor-section elementor-top-section elementor-element elementor-element-e5bbad5 elementor-section-boxed elementor-section-height-default elementor-section-height-default\" data-id=\"e5bbad5\" data-element_type=\"section\">\n\t\t\t\t\t\t<div class=\"elementor-container elementor-column-gap-default\">\n\t\t\t\t\t<div class=\"elementor-column elementor-col-100 elementor-top-column elementor-element elementor-element-a1ddb1e\" data-id=\"a1ddb1e\" data-element_type=\"column\">\n\t\t\t<div class=\"elementor-widget-wrap elementor-element-populated\">\n\t\t\t\t\t\t<div class=\"elementor-element elementor-element-f81d064 elementor-tabs-view-horizontal elementor-widget elementor-widget-tabs\" data-id=\"f81d064\" data-element_type=\"widget\" data-widget_type=\"tabs.default\">\n\t\t\t\t<div class=\"elementor-widget-container\">\n\t\t\t\t\t\t\t<div class=\"elementor-tabs\">\n\t\t\t<div class=\"elementor-tabs-wrapper\" role=\"tablist\" >\n\t\t\t\t\t\t\t\t\t<div id=\"elementor-tab-title-2601\" class=\"elementor-tab-title elementor-tab-desktop-title\" aria-selected=\"true\" data-tab=\"1\" role=\"tab\" tabindex=\"0\" aria-controls=\"elementor-tab-content-2601\" aria-expanded=\"false\">Fichiers<\/div>\n\t\t\t\t\t\t\t<\/div>\n\t\t\t<div class=\"elementor-tabs-content-wrapper\" role=\"tablist\" aria-orientation=\"vertical\">\n\t\t\t\t\t\t\t\t\t<div class=\"elementor-tab-title elementor-tab-mobile-title\" aria-selected=\"true\" data-tab=\"1\" role=\"tab\" tabindex=\"0\" aria-controls=\"elementor-tab-content-2601\" aria-expanded=\"false\">Fichiers<\/div>\n\t\t\t\t\t<div id=\"elementor-tab-content-2601\" class=\"elementor-tab-content elementor-clearfix\" data-tab=\"1\" role=\"tabpanel\" aria-labelledby=\"elementor-tab-title-2601\" tabindex=\"0\" hidden=\"false\"><i class=\"far fa-file-pdf fa-xl\" style=\"font-size:35px\"><\/i><a href=\"https:\/\/www.belleflamme.ca\/wp-content\/uploads\/2024\/12\/TT_72-1209-R-37_TR_HeatPump_Brochure_proof_053024-1.pdf\"> Brochure<\/a><\/br>\n<i class=\"far fa-file-pdf fa-xl\" style=\"font-size:35px\"><\/i><a href=\"https:\/\/www.belleflamme.ca\/wp-content\/uploads\/2024\/12\/22-1865-1K-EN_01102023.pdf\"> Sp\u00e9cifications<\/a><\/br>\n<i class=\"far fa-file-pdf fa-xl\" style=\"font-size:35px\"><\/i><a href=\"https:\/\/www.belleflamme.ca\/wp-content\/uploads\/2024\/12\/18-AC104D1-1C-FC_02012016.pdf\"> Installation<\/a><\/br>\n<i class=\"far fa-file-pdf fa-xl\" style=\"font-size:35px\"><\/i><a href=\"https:\/\/www.belleflamme.ca\/wp-content\/uploads\/2024\/12\/32-5084-1B-EN_05212024-2-1.pdf\"> Manuel de l&#8217;utilisateur<\/a><\/br><\/div>\n\t\t\t\t\t\t\t<\/div>\n\t\t<\/div>\n\t\t\t\t\t\t<\/div>\n\t\t\t\t<\/div>\n\t\t\t\t\t<\/div>\n\t\t<\/div>\n\t\t\t\t\t<\/div>\n\t\t<\/section>\n\t\t\t\t<\/div>\n\t\t","protected":false},"excerpt":{"rendered":"<p>Choisissez votre vitesse Les thermopompes \u00e0 deux stage fonctionnent \u00e0 deux vitesses pour assurer le confort de votre maison tout au long de l&#8217;ann\u00e9e. Nos unit\u00e9s \u00e0 deux vitesses offrent un excellent m\u00e9lange de valeur, de confort et d&#8217;efficacit\u00e9. L&#8217;avantage du double carburant Associez votre fournaise \u00e0 une thermopompe pour profiter des avantages d\u2019un syst\u00e8me [&hellip;]<\/p>\n","protected":false},"featured_media":45859,"template":"","meta":{"inline_featured_image":false},"product_brand":[291],"product_cat":[70,78],"product_tag":[],"class_list":{"0":"post-46400","1":"product","2":"type-product","3":"status-publish","4":"has-post-thumbnail","6":"product_brand-trane","7":"product_cat-climatisation-chauffage","8":"product_cat-thermopompes-centrales","10":"first","11":"instock","12":"taxable","13":"shipping-taxable","14":"product-type-variable"},"yoast_head":"<!-- This site is optimized with the Yoast SEO Premium plugin v24.2 (Yoast SEO v24.2) - https:\/\/yoast.com\/wordpress\/plugins\/seo\/ -->\n<title>Thermopompe Centrale XR16 de Trane - Groupe BelleFlamme<\/title>\n<meta name=\"description\" content=\"Thermopompe Centrale XR16 de Trane vendu et install\u00e9 par le Groupe Belleflamme. Laval, Montr\u00e9al, Gatineau et Saint-Sauveur.\" \/>\n<meta name=\"robots\" content=\"index, follow, max-snippet:-1, max-image-preview:large, max-video-preview:-1\" \/>\n<link rel=\"canonical\" href=\"https:\/\/staging.belleflamme.ca\/fr\/produit\/thermopompe-centrale-xr16-de-trane\/\" \/>\n<meta property=\"og:locale\" content=\"fr_FR\" \/>\n<meta property=\"og:type\" content=\"article\" \/>\n<meta property=\"og:title\" content=\"Thermopompe Centrale XR16 de Trane\" \/>\n<meta property=\"og:description\" content=\"Thermopompe Centrale XR16 de Trane vendu et install\u00e9 par le Groupe Belleflamme. Laval, Montr\u00e9al, Gatineau et Saint-Sauveur.\" \/>\n<meta property=\"og:url\" content=\"https:\/\/staging.belleflamme.ca\/fr\/produit\/thermopompe-centrale-xr16-de-trane\/\" \/>\n<meta property=\"og:site_name\" content=\"Groupe BelleFlamme\" \/>\n<meta property=\"article:publisher\" content=\"https:\/\/www.facebook.com\/belleflamme.ca\/\" \/>\n<meta property=\"article:modified_time\" content=\"2024-12-06T17:12:35+00:00\" \/>\n<meta property=\"og:image\" content=\"https:\/\/www.belleflamme.ca\/wp-content\/uploads\/2024\/12\/Climatiseur-a-un-stage-13-de-Trane.webp\" \/>\n\t<meta property=\"og:image:width\" content=\"600\" \/>\n\t<meta property=\"og:image:height\" content=\"600\" \/>\n\t<meta property=\"og:image:type\" content=\"image\/webp\" \/>\n<meta name=\"twitter:card\" content=\"summary_large_image\" \/>\n<meta name=\"twitter:label1\" content=\"Disponibilit\u00e9\" \/>\n\t<meta name=\"twitter:data1\" content=\"En stock\" \/>\n<script type=\"application\/ld+json\" class=\"yoast-schema-graph\">{\"@context\":\"https:\/\/schema.org\",\"@graph\":[{\"@type\":[\"WebPage\",\"ItemPage\"],\"@id\":\"https:\/\/staging.belleflamme.ca\/fr\/produit\/thermopompe-centrale-xr16-de-trane\/\",\"url\":\"https:\/\/staging.belleflamme.ca\/fr\/produit\/thermopompe-centrale-xr16-de-trane\/\",\"name\":\"Thermopompe Centrale XR16 de Trane - Groupe BelleFlamme\",\"isPartOf\":{\"@id\":\"https:\/\/www.belleflamme.ca\/fr\/#website\"},\"primaryImageOfPage\":{\"@id\":\"https:\/\/staging.belleflamme.ca\/fr\/produit\/thermopompe-centrale-xr16-de-trane\/#primaryimage\"},\"image\":{\"@id\":\"https:\/\/staging.belleflamme.ca\/fr\/produit\/thermopompe-centrale-xr16-de-trane\/#primaryimage\"},\"thumbnailUrl\":\"https:\/\/staging.belleflamme.ca\/wp-content\/uploads\/2024\/12\/Climatiseur-a-un-stage-13-de-Trane.webp\",\"datePublished\":\"2024-12-06T17:06:33+00:00\",\"dateModified\":\"2024-12-06T17:12:35+00:00\",\"description\":\"Thermopompe Centrale XR16 de Trane vendu et install\u00e9 par le Groupe Belleflamme. Laval, Montr\u00e9al, Gatineau et Saint-Sauveur.\",\"breadcrumb\":{\"@id\":\"https:\/\/staging.belleflamme.ca\/fr\/produit\/thermopompe-centrale-xr16-de-trane\/#breadcrumb\"},\"inLanguage\":\"fr-FR\",\"potentialAction\":[{\"@type\":\"ReadAction\",\"target\":[\"https:\/\/staging.belleflamme.ca\/fr\/produit\/thermopompe-centrale-xr16-de-trane\/\"]}]},{\"@type\":\"ImageObject\",\"inLanguage\":\"fr-FR\",\"@id\":\"https:\/\/staging.belleflamme.ca\/fr\/produit\/thermopompe-centrale-xr16-de-trane\/#primaryimage\",\"url\":\"https:\/\/staging.belleflamme.ca\/wp-content\/uploads\/2024\/12\/Climatiseur-a-un-stage-13-de-Trane.webp\",\"contentUrl\":\"https:\/\/staging.belleflamme.ca\/wp-content\/uploads\/2024\/12\/Climatiseur-a-un-stage-13-de-Trane.webp\",\"width\":600,\"height\":600,\"caption\":\"Climatiseur \u00e0 un stage 13 de Trane\"},{\"@type\":\"BreadcrumbList\",\"@id\":\"https:\/\/staging.belleflamme.ca\/fr\/produit\/thermopompe-centrale-xr16-de-trane\/#breadcrumb\",\"itemListElement\":[{\"@type\":\"ListItem\",\"position\":1,\"name\":\"Accueil\",\"item\":\"https:\/\/www.belleflamme.ca\/fr\/\"},{\"@type\":\"ListItem\",\"position\":2,\"name\":\"Boutique\",\"item\":\"https:\/\/www.belleflamme.ca\/fr\/boutique\/\"},{\"@type\":\"ListItem\",\"position\":3,\"name\":\"Climatisation &amp; Chauffage\",\"item\":\"https:\/\/staging.belleflamme.ca\/fr\/categories\/climatisation-chauffage\/\"},{\"@type\":\"ListItem\",\"position\":4,\"name\":\"Syst\u00e8me central\",\"item\":\"https:\/\/staging.belleflamme.ca\/fr\/categories\/climatisation-chauffage\/systeme-central\/\"},{\"@type\":\"ListItem\",\"position\":5,\"name\":\"Thermopompes Centrales\",\"item\":\"https:\/\/staging.belleflamme.ca\/fr\/categories\/climatisation-chauffage\/systeme-central\/thermopompes-centrales\/\"},{\"@type\":\"ListItem\",\"position\":6,\"name\":\"Thermopompe Centrale XR16 de Trane\"}]},{\"@type\":\"WebSite\",\"@id\":\"https:\/\/www.belleflamme.ca\/fr\/#website\",\"url\":\"https:\/\/www.belleflamme.ca\/fr\/\",\"name\":\"Groupe Belleflamme\",\"description\":\"La m\u00e9canique du b\u00e2timent dans le sang.\",\"publisher\":{\"@id\":\"https:\/\/www.belleflamme.ca\/fr\/#organization\"},\"potentialAction\":[{\"@type\":\"SearchAction\",\"target\":{\"@type\":\"EntryPoint\",\"urlTemplate\":\"https:\/\/www.belleflamme.ca\/fr\/?s={search_term_string}\"},\"query-input\":{\"@type\":\"PropertyValueSpecification\",\"valueRequired\":true,\"valueName\":\"search_term_string\"}}],\"inLanguage\":\"fr-FR\"},{\"@type\":[\"Organization\",\"Place\"],\"@id\":\"https:\/\/www.belleflamme.ca\/fr\/#organization\",\"name\":\"Groupe Belleflamme\",\"alternateName\":\"Belleflamme\",\"url\":\"https:\/\/www.belleflamme.ca\/fr\/\",\"logo\":{\"@type\":\"ImageObject\",\"inLanguage\":\"fr-FR\",\"@id\":\"https:\/\/www.belleflamme.ca\/fr\/#\/schema\/logo\/image\/\",\"url\":\"https:\/\/staging.belleflamme.ca\/wp-content\/uploads\/2023\/01\/og-image.jpg\",\"contentUrl\":\"https:\/\/staging.belleflamme.ca\/wp-content\/uploads\/2023\/01\/og-image.jpg\",\"width\":1200,\"height\":630,\"caption\":\"Groupe Belleflamme\"},\"image\":{\"@id\":\"https:\/\/www.belleflamme.ca\/fr\/#\/schema\/logo\/image\/\"},\"sameAs\":[\"https:\/\/www.facebook.com\/belleflamme.ca\/\",\"https:\/\/www.linkedin.com\/company\/belleflamme\/\",\"https:\/\/www.pinterest.ca\/groupebelleflamme\/\",\"https:\/\/www.instagram.com\/legroupebelleflamme\/\"],\"mainEntityOfPage\":{\"@id\":\"https:\/\/staging.belleflamme.ca\/fr\/produit\/thermopompe-centrale-xr16-de-trane\/\"}}]}<\/script>\n<meta property=\"product:brand\" content=\"Trane\" \/>\n<meta property=\"og:availability\" content=\"instock\" \/>\n<meta property=\"product:availability\" content=\"instock\" \/>\n<meta property=\"product:condition\" content=\"new\" \/>\n<!-- \/ Yoast SEO Premium plugin. -->","yoast_head_json":{"title":"Thermopompe Centrale XR16 de Trane - Groupe BelleFlamme","description":"Thermopompe Centrale XR16 de Trane vendu et install\u00e9 par le Groupe Belleflamme. Laval, Montr\u00e9al, Gatineau et Saint-Sauveur.","robots":{"index":"index","follow":"follow","max-snippet":"max-snippet:-1","max-image-preview":"max-image-preview:large","max-video-preview":"max-video-preview:-1"},"canonical":"https:\/\/staging.belleflamme.ca\/fr\/produit\/thermopompe-centrale-xr16-de-trane\/","og_locale":"fr_FR","og_type":"article","og_title":"Thermopompe Centrale XR16 de Trane","og_description":"Thermopompe Centrale XR16 de Trane vendu et install\u00e9 par le Groupe Belleflamme. Laval, Montr\u00e9al, Gatineau et Saint-Sauveur.","og_url":"https:\/\/staging.belleflamme.ca\/fr\/produit\/thermopompe-centrale-xr16-de-trane\/","og_site_name":"Groupe BelleFlamme","article_publisher":"https:\/\/www.facebook.com\/belleflamme.ca\/","article_modified_time":"2024-12-06T17:12:35+00:00","og_image":[{"width":600,"height":600,"url":"https:\/\/www.belleflamme.ca\/wp-content\/uploads\/2024\/12\/Climatiseur-a-un-stage-13-de-Trane.webp","type":"image\/webp"}],"twitter_card":"summary_large_image","twitter_misc":{"Disponibilit\u00e9":"En stock"},"schema":{"@context":"https:\/\/schema.org","@graph":[{"@type":["WebPage","ItemPage"],"@id":"https:\/\/staging.belleflamme.ca\/fr\/produit\/thermopompe-centrale-xr16-de-trane\/","url":"https:\/\/staging.belleflamme.ca\/fr\/produit\/thermopompe-centrale-xr16-de-trane\/","name":"Thermopompe Centrale XR16 de Trane - Groupe BelleFlamme","isPartOf":{"@id":"https:\/\/www.belleflamme.ca\/fr\/#website"},"primaryImageOfPage":{"@id":"https:\/\/staging.belleflamme.ca\/fr\/produit\/thermopompe-centrale-xr16-de-trane\/#primaryimage"},"image":{"@id":"https:\/\/staging.belleflamme.ca\/fr\/produit\/thermopompe-centrale-xr16-de-trane\/#primaryimage"},"thumbnailUrl":"https:\/\/staging.belleflamme.ca\/wp-content\/uploads\/2024\/12\/Climatiseur-a-un-stage-13-de-Trane.webp","datePublished":"2024-12-06T17:06:33+00:00","dateModified":"2024-12-06T17:12:35+00:00","description":"Thermopompe Centrale XR16 de Trane vendu et install\u00e9 par le Groupe Belleflamme. Laval, Montr\u00e9al, Gatineau et Saint-Sauveur.","breadcrumb":{"@id":"https:\/\/staging.belleflamme.ca\/fr\/produit\/thermopompe-centrale-xr16-de-trane\/#breadcrumb"},"inLanguage":"fr-FR","potentialAction":[{"@type":"ReadAction","target":["https:\/\/staging.belleflamme.ca\/fr\/produit\/thermopompe-centrale-xr16-de-trane\/"]}]},{"@type":"ImageObject","inLanguage":"fr-FR","@id":"https:\/\/staging.belleflamme.ca\/fr\/produit\/thermopompe-centrale-xr16-de-trane\/#primaryimage","url":"https:\/\/staging.belleflamme.ca\/wp-content\/uploads\/2024\/12\/Climatiseur-a-un-stage-13-de-Trane.webp","contentUrl":"https:\/\/staging.belleflamme.ca\/wp-content\/uploads\/2024\/12\/Climatiseur-a-un-stage-13-de-Trane.webp","width":600,"height":600,"caption":"Climatiseur \u00e0 un stage 13 de Trane"},{"@type":"BreadcrumbList","@id":"https:\/\/staging.belleflamme.ca\/fr\/produit\/thermopompe-centrale-xr16-de-trane\/#breadcrumb","itemListElement":[{"@type":"ListItem","position":1,"name":"Accueil","item":"https:\/\/www.belleflamme.ca\/fr\/"},{"@type":"ListItem","position":2,"name":"Boutique","item":"https:\/\/www.belleflamme.ca\/fr\/boutique\/"},{"@type":"ListItem","position":3,"name":"Climatisation &amp; Chauffage","item":"https:\/\/staging.belleflamme.ca\/fr\/categories\/climatisation-chauffage\/"},{"@type":"ListItem","position":4,"name":"Syst\u00e8me central","item":"https:\/\/staging.belleflamme.ca\/fr\/categories\/climatisation-chauffage\/systeme-central\/"},{"@type":"ListItem","position":5,"name":"Thermopompes Centrales","item":"https:\/\/staging.belleflamme.ca\/fr\/categories\/climatisation-chauffage\/systeme-central\/thermopompes-centrales\/"},{"@type":"ListItem","position":6,"name":"Thermopompe Centrale XR16 de Trane"}]},{"@type":"WebSite","@id":"https:\/\/www.belleflamme.ca\/fr\/#website","url":"https:\/\/www.belleflamme.ca\/fr\/","name":"Groupe Belleflamme","description":"La m\u00e9canique du b\u00e2timent dans le sang.","publisher":{"@id":"https:\/\/www.belleflamme.ca\/fr\/#organization"},"potentialAction":[{"@type":"SearchAction","target":{"@type":"EntryPoint","urlTemplate":"https:\/\/www.belleflamme.ca\/fr\/?s={search_term_string}"},"query-input":{"@type":"PropertyValueSpecification","valueRequired":true,"valueName":"search_term_string"}}],"inLanguage":"fr-FR"},{"@type":["Organization","Place"],"@id":"https:\/\/www.belleflamme.ca\/fr\/#organization","name":"Groupe Belleflamme","alternateName":"Belleflamme","url":"https:\/\/www.belleflamme.ca\/fr\/","logo":{"@type":"ImageObject","inLanguage":"fr-FR","@id":"https:\/\/www.belleflamme.ca\/fr\/#\/schema\/logo\/image\/","url":"https:\/\/staging.belleflamme.ca\/wp-content\/uploads\/2023\/01\/og-image.jpg","contentUrl":"https:\/\/staging.belleflamme.ca\/wp-content\/uploads\/2023\/01\/og-image.jpg","width":1200,"height":630,"caption":"Groupe Belleflamme"},"image":{"@id":"https:\/\/www.belleflamme.ca\/fr\/#\/schema\/logo\/image\/"},"sameAs":["https:\/\/www.facebook.com\/belleflamme.ca\/","https:\/\/www.linkedin.com\/company\/belleflamme\/","https:\/\/www.pinterest.ca\/groupebelleflamme\/","https:\/\/www.instagram.com\/legroupebelleflamme\/"],"mainEntityOfPage":{"@id":"https:\/\/staging.belleflamme.ca\/fr\/produit\/thermopompe-centrale-xr16-de-trane\/"}}]},"product_brand":"Trane","og_availability":"instock","product_availability":"instock","product_condition":"new"},"_links":{"self":[{"href":"https:\/\/staging.belleflamme.ca\/fr\/wp-json\/wp\/v2\/product\/46400","targetHints":{"allow":["GET"]}}],"collection":[{"href":"https:\/\/staging.belleflamme.ca\/fr\/wp-json\/wp\/v2\/product"}],"about":[{"href":"https:\/\/staging.belleflamme.ca\/fr\/wp-json\/wp\/v2\/types\/product"}],"version-history":[{"count":4,"href":"https:\/\/staging.belleflamme.ca\/fr\/wp-json\/wp\/v2\/product\/46400\/revisions"}],"predecessor-version":[{"id":46417,"href":"https:\/\/staging.belleflamme.ca\/fr\/wp-json\/wp\/v2\/product\/46400\/revisions\/46417"}],"wp:featuredmedia":[{"embeddable":true,"href":"https:\/\/staging.belleflamme.ca\/fr\/wp-json\/wp\/v2\/media\/45859"}],"wp:attachment":[{"href":"https:\/\/staging.belleflamme.ca\/fr\/wp-json\/wp\/v2\/media?parent=46400"}],"wp:term":[{"taxonomy":"product_brand","embeddable":true,"href":"https:\/\/staging.belleflamme.ca\/fr\/wp-json\/wp\/v2\/product_brand?post=46400"},{"taxonomy":"product_cat","embeddable":true,"href":"https:\/\/staging.belleflamme.ca\/fr\/wp-json\/wp\/v2\/product_cat?post=46400"},{"taxonomy":"product_tag","embeddable":true,"href":"https:\/\/staging.belleflamme.ca\/fr\/wp-json\/wp\/v2\/product_tag?post=46400"}],"curies":[{"name":"wp","href":"https:\/\/api.w.org\/{rel}","templated":true}]}}