{"id":4491,"date":"2023-02-15T16:32:53","date_gmt":"2023-02-15T21:32:53","guid":{"rendered":"https:\/\/www.belleflamme.ca\/product\/thermopompe-inverter-magic-system\/"},"modified":"2024-12-12T12:13:34","modified_gmt":"2024-12-12T17:13:34","slug":"thermopompe-inverter-magic-system-de-direct-air","status":"publish","type":"product","link":"https:\/\/staging.belleflamme.ca\/fr\/produit\/thermopompe-inverter-magic-system-de-direct-air\/","title":{"rendered":"Thermopompe Inverter Magic Pro System de Direct Air"},"content":{"rendered":"\t\t<div data-elementor-type=\"product-post\" data-elementor-id=\"4491\" class=\"elementor elementor-4491\" data-elementor-post-type=\"product\">\n\t\t\t\t\t\t<section class=\"elementor-section elementor-top-section elementor-element elementor-element-4f3c7356 elementor-section-boxed elementor-section-height-default elementor-section-height-default\" data-id=\"4f3c7356\" data-element_type=\"section\">\n\t\t\t\t\t\t<div class=\"elementor-container elementor-column-gap-default\">\n\t\t\t\t\t<div class=\"elementor-column elementor-col-100 elementor-top-column elementor-element elementor-element-3810ff07\" data-id=\"3810ff07\" data-element_type=\"column\">\n\t\t\t<div class=\"elementor-widget-wrap elementor-element-populated\">\n\t\t\t\t\t\t<div class=\"elementor-element elementor-element-24c8b278 elementor-widget elementor-widget-text-editor\" data-id=\"24c8b278\" data-element_type=\"widget\" data-widget_type=\"text-editor.default\">\n\t\t\t\t<div class=\"elementor-widget-container\">\n\t\t\t\t\t\t\t\t\t<h2>D\u00e9charge lat\u00e9rale Thermopompe de l\u2019onduleur<\/h2><div style=\"text-align: center;\"><img decoding=\"async\" class=\"alignnone size-full wp-image-44248\" src=\"https:\/\/www.belleflamme.ca\/wp-content\/uploads\/2024\/11\/2024-11-28-11_53_03-Magic-Pro-System-20-SEER-Direct-Air-_-Comfort-at-its-Best.png\" alt=\"\" width=\"122\" height=\"141\" \/><\/div><h3>Jusqu\u2019\u00e0 20 SEER et 10 HSPF<\/h3><h4>Disponible en mod\u00e8les de 1\u00bd, 2, 2\u00bd, 3, et 4 tonnes<\/h4><p>Thermopompe Direct Air Magic Pro peuvent \u00eatre associ\u00e9es au syst\u00e8me de traitement d\u2019air Magic Pro, ou \u00e0 un four existant et \u00e0 une bobine d\u2019\u00e9vaporateur, ce qui vous permet d\u2019\u00e9conomiser du temps et de l\u2019argent.<\/p><p>La taille compacte de l&#8217;LT est sp\u00e9cialement con\u00e7ue pour s&#8217;ajuster \u00e0 n&#8217;importe quel environnement unique, qu&#8217;il soit domestique ou professionnel.<\/p><p style=\"text-align: center;\"><img fetchpriority=\"high\" decoding=\"async\" class=\"alignnone size-full wp-image-44131\" src=\"https:\/\/www.belleflamme.ca\/wp-content\/uploads\/2024\/11\/2024-11-28-09_22_44-23-SEER-HeatPump-Direct-Air-_-Comfort-at-its-Best.png\" alt=\"\" width=\"679\" height=\"147\" srcset=\"https:\/\/staging.belleflamme.ca\/wp-content\/uploads\/2024\/11\/2024-11-28-09_22_44-23-SEER-HeatPump-Direct-Air-_-Comfort-at-its-Best.png 679w, https:\/\/staging.belleflamme.ca\/wp-content\/uploads\/2024\/11\/2024-11-28-09_22_44-23-SEER-HeatPump-Direct-Air-_-Comfort-at-its-Best-300x65.png 300w\" sizes=\"(max-width: 679px) 100vw, 679px\" \/><\/p><div class=\"elementor-element elementor-element-a54a5fe e-con-full e-flex e-con e-child\" data-id=\"a54a5fe\" data-element_type=\"container\"><div class=\"elementor-element elementor-element-e1cdcda elementor-widget elementor-widget-text-editor\" data-id=\"e1cdcda\" data-element_type=\"widget\" data-widget_type=\"text-editor.default\"><div class=\"elementor-widget-container\"><ul><li>Puissance de chauffage de 100% \u00e0 -15 \u00b0C<\/li><li>Capacit\u00e9s de chauffage \u00e0 deux combustibles<\/li><li>Contr\u00f4le avanc\u00e9 de l\u2019onduleur<\/li><li>Syst\u00e8me de contr\u00f4le adaptatif et diagnostic intelligent<\/li><\/ul><\/div><\/div><h3>Technologie Inverter pour une consommation d\u2019\u00e9nergie r\u00e9duite<\/h3><h3>Explication des points forts de l&#8217;onduleur modulant en fonction des besoins r\u00e9els de l&#8217;espace de vie, ce qui permet de r\u00e9duire la consommation d&#8217;\u00e9nergie et les niveaux de bruit.<\/h3><h4>PUISSANCE DE CHAUFFAGE DE 100% \u00c0 -15 \u00b0C<br \/>PUISSANCE DE CHAUFFAGE DE 75% \u00c0 -25 \u00b0C<\/h4><h3>Compatible avec toute unit\u00e9 de traitement d\u2019air pr\u00e9existante.<\/h3><p>Direct Air Magic Pro s&#8217;adapte parfaitement \u00e0 tous les appareils de traitement d&#8217;air existants, ce qui garantit une installation facile et des performances optimales.<\/p><p>Optimisez votre syst\u00e8me CVAC sans effort pour une efficacit\u00e9 \u00e9nerg\u00e9tique et des performances accrues.<\/p><h3>Capacit\u00e9 \u00e0 deux combustibles avec four \u00e0 gaz<\/h3><p>Le syst\u00e8me Direct Air Magic Pro est \u00e9quip\u00e9 d\u2019une double capacit\u00e9 de carburant lorsqu\u2019il est associ\u00e9 \u00e0 un four \u00e0 gaz. Cette fonctionnalit\u00e9 permet une int\u00e9gration transparente et un fonctionnement efficace, offrant polyvalence et flexibilit\u00e9 dans les options de chauffage.<\/p><p>En combinant le syst\u00e8me Direct Air Magic Pro avec un four \u00e0 gaz, vous pouvez optimiser la consommation d\u2019\u00e9nergie et atteindre des niveaux de confort optimaux tout au long de l\u2019ann\u00e9e. D\u00e9couvrez les avantages de la capacit\u00e9 \u00e0 double combustible pour une performance et une rentabilit\u00e9 accrues de votre syst\u00e8me CVAC.<\/p><\/div><h3>Optimisation de l&#8217;efficacit\u00e9 de l&#8217;onduleur gr\u00e2ce \u00e0 un contr\u00f4le avanc\u00e9<\/h3><p>Le syst\u00e8me Direct Air Magic Pro est dot\u00e9 d\u2019une technologie de contr\u00f4le d\u2019onduleur avanc\u00e9e, offrant un fonctionnement pr\u00e9cis et efficace pour vos besoins CVAC. Avec ce syst\u00e8me de contr\u00f4le avanc\u00e9, Thermopompe peut moduler en fonction des exigences r\u00e9elles de votre espace de vie, assurant une consommation d\u2019\u00e9nergie optimale et r\u00e9duisant les niveaux de bruit des unit\u00e9s int\u00e9rieures et ext\u00e9rieures. Le contr\u00f4le de l\u2019onduleur permet des ajustements de temp\u00e9rature sans faille, offrant un confort constant tout en maximisant les \u00e9conomies d\u2019\u00e9nergie.<\/p><p>Profitez d\u2019une efficacit\u00e9 et d\u2019un confort accrus avec la technologie avanc\u00e9e de contr\u00f4le de l\u2019onduleur du syst\u00e8me Direct Air Magic Pro.<\/p><p>Le syst\u00e8me de Thermopompe Direct Air Magic Pro int\u00e8gre un diagnostic intelligent et un syst\u00e8me de contr\u00f4le adaptatif pour des performances et une efficacit\u00e9 am\u00e9lior\u00e9es.<\/p><p style=\"text-align: center;\"><img decoding=\"async\" class=\"alignnone size-full wp-image-44227\" src=\"https:\/\/www.belleflamme.ca\/wp-content\/uploads\/2024\/11\/Garantie-Belleflamme-FR-10-ans.png\" alt=\"\" width=\"250\" height=\"250\" srcset=\"https:\/\/staging.belleflamme.ca\/wp-content\/uploads\/2024\/11\/Garantie-Belleflamme-FR-10-ans.png 250w, https:\/\/staging.belleflamme.ca\/wp-content\/uploads\/2024\/11\/Garantie-Belleflamme-FR-10-ans-150x150.png 150w, https:\/\/staging.belleflamme.ca\/wp-content\/uploads\/2024\/11\/Garantie-Belleflamme-FR-10-ans-100x100.png 100w\" sizes=\"(max-width: 250px) 100vw, 250px\" \/><\/p><h3 style=\"text-align: center;\">Sp\u00e9cifications et Mod\u00e8les<\/h3><p>\u00a0<\/p><p><img loading=\"lazy\" decoding=\"async\" class=\"alignnone size-full wp-image-37998\" src=\"https:\/\/www.belleflamme.ca\/wp-content\/uploads\/2024\/05\/2024-05-14-15_20_59-Systeme-Magic-Pro-20-SEER-\u2013-Air-direct.png\" alt=\"\" width=\"716\" height=\"810\" srcset=\"https:\/\/staging.belleflamme.ca\/wp-content\/uploads\/2024\/05\/2024-05-14-15_20_59-Systeme-Magic-Pro-20-SEER-\u2013-Air-direct.png 716w, https:\/\/staging.belleflamme.ca\/wp-content\/uploads\/2024\/05\/2024-05-14-15_20_59-Systeme-Magic-Pro-20-SEER-\u2013-Air-direct-265x300.png 265w\" sizes=\"(max-width: 716px) 100vw, 716px\" \/><\/p>\t\t\t\t\t\t\t\t<\/div>\n\t\t\t\t<\/div>\n\t\t\t\t\t<\/div>\n\t\t<\/div>\n\t\t\t\t\t<\/div>\n\t\t<\/section>\n\t\t\t\t<section class=\"elementor-section elementor-top-section elementor-element elementor-element-dc558c8 elementor-section-boxed elementor-section-height-default elementor-section-height-default\" data-id=\"dc558c8\" data-element_type=\"section\">\n\t\t\t\t\t\t<div class=\"elementor-container elementor-column-gap-default\">\n\t\t\t\t\t<div class=\"elementor-column elementor-col-100 elementor-top-column elementor-element elementor-element-442a54a\" data-id=\"442a54a\" data-element_type=\"column\">\n\t\t\t<div class=\"elementor-widget-wrap elementor-element-populated\">\n\t\t\t\t\t\t<div class=\"elementor-element elementor-element-b2c00e0 elementor-tabs-view-horizontal elementor-widget elementor-widget-tabs\" data-id=\"b2c00e0\" data-element_type=\"widget\" data-widget_type=\"tabs.default\">\n\t\t\t\t<div class=\"elementor-widget-container\">\n\t\t\t\t\t\t\t<div class=\"elementor-tabs\">\n\t\t\t<div class=\"elementor-tabs-wrapper\" role=\"tablist\" >\n\t\t\t\t\t\t\t\t\t<div id=\"elementor-tab-title-1871\" class=\"elementor-tab-title elementor-tab-desktop-title\" aria-selected=\"true\" data-tab=\"1\" role=\"tab\" tabindex=\"0\" aria-controls=\"elementor-tab-content-1871\" aria-expanded=\"false\">Fichiers<\/div>\n\t\t\t\t\t\t\t<\/div>\n\t\t\t<div class=\"elementor-tabs-content-wrapper\" role=\"tablist\" aria-orientation=\"vertical\">\n\t\t\t\t\t\t\t\t\t<div class=\"elementor-tab-title elementor-tab-mobile-title\" aria-selected=\"true\" data-tab=\"1\" role=\"tab\" tabindex=\"0\" aria-controls=\"elementor-tab-content-1871\" aria-expanded=\"false\">Fichiers<\/div>\n\t\t\t\t\t<div id=\"elementor-tab-content-1871\" class=\"elementor-tab-content elementor-clearfix\" data-tab=\"1\" role=\"tabpanel\" aria-labelledby=\"elementor-tab-title-1871\" tabindex=\"0\" hidden=\"false\"><i class=\"far fa-file-pdf fa-xl\" style=\"font-size:35px\"><\/i><a href=\"https:\/\/www.belleflamme.ca\/wp-content\/uploads\/2024\/05\/63208_DirectAir___MagicProSystem___Brochure_web____en__20230314.pdf\"> Brochure<\/a><\/br><\/div>\n\t\t\t\t\t\t\t<\/div>\n\t\t<\/div>\n\t\t\t\t\t\t<\/div>\n\t\t\t\t<\/div>\n\t\t\t\t\t<\/div>\n\t\t<\/div>\n\t\t\t\t\t<\/div>\n\t\t<\/section>\n\t\t\t\t<\/div>\n\t\t","protected":false},"excerpt":{"rendered":"<p>D\u00e9charge lat\u00e9rale Thermopompe de l\u2019onduleur Jusqu\u2019\u00e0 20 SEER et 10 HSPF Disponible en mod\u00e8les de 1\u00bd, 2, 2\u00bd, 3, et 4 tonnes Thermopompe Direct Air Magic Pro peuvent \u00eatre associ\u00e9es au syst\u00e8me de traitement d\u2019air Magic Pro, ou \u00e0 un four existant et \u00e0 une bobine d\u2019\u00e9vaporateur, ce qui vous permet d\u2019\u00e9conomiser du temps et [&hellip;]<\/p>\n","protected":false},"featured_media":47621,"template":"","meta":{"inline_featured_image":false},"product_brand":[292],"product_cat":[70,71,78],"product_tag":[],"class_list":{"0":"post-4491","1":"product","2":"type-product","3":"status-publish","4":"has-post-thumbnail","6":"product_brand-direct-air","7":"product_cat-climatisation-chauffage","8":"product_cat-systeme-central","9":"product_cat-thermopompes-centrales","11":"first","12":"instock","13":"taxable","14":"shipping-taxable","15":"product-type-variable"},"yoast_head":"<!-- This site is optimized with the Yoast SEO Premium plugin v24.2 (Yoast SEO v24.2) - https:\/\/yoast.com\/wordpress\/plugins\/seo\/ -->\n<title>Thermopompe Inverter Magic Pro System de Direct Air - Groupe BelleFlamme<\/title>\n<meta name=\"description\" content=\"Thermopompe Inverter Magic System de Direct Air vendu et install\u00e9 par le Groupe Belleflamme. Laval, Montr\u00e9al, Gatineau et Saint-Sauveur.\" \/>\n<meta name=\"robots\" content=\"index, follow, max-snippet:-1, max-image-preview:large, max-video-preview:-1\" \/>\n<link rel=\"canonical\" href=\"https:\/\/staging.belleflamme.ca\/fr\/produit\/thermopompe-inverter-magic-system-de-direct-air\/\" \/>\n<meta property=\"og:locale\" content=\"fr_FR\" \/>\n<meta property=\"og:type\" content=\"article\" \/>\n<meta property=\"og:title\" content=\"Thermopompe Inverter Magic Pro System de Direct Air\" \/>\n<meta property=\"og:description\" content=\"Thermopompe Inverter Magic System de Direct Air vendu et install\u00e9 par le Groupe Belleflamme. Laval, Montr\u00e9al, Gatineau et Saint-Sauveur.\" \/>\n<meta property=\"og:url\" content=\"https:\/\/staging.belleflamme.ca\/fr\/produit\/thermopompe-inverter-magic-system-de-direct-air\/\" \/>\n<meta property=\"og:site_name\" content=\"Groupe BelleFlamme\" \/>\n<meta property=\"article:publisher\" content=\"https:\/\/www.facebook.com\/belleflamme.ca\/\" \/>\n<meta property=\"article:modified_time\" content=\"2024-12-12T17:13:34+00:00\" \/>\n<meta property=\"og:image\" content=\"https:\/\/www.belleflamme.ca\/wp-content\/uploads\/2023\/02\/Thermopompe-Inverter-Magic-Pro-System-de-Direct-Air.webp\" \/>\n\t<meta property=\"og:image:width\" content=\"600\" \/>\n\t<meta property=\"og:image:height\" content=\"600\" \/>\n\t<meta property=\"og:image:type\" content=\"image\/webp\" \/>\n<meta name=\"twitter:card\" content=\"summary_large_image\" \/>\n<meta name=\"twitter:label1\" content=\"Disponibilit\u00e9\" \/>\n\t<meta name=\"twitter:data1\" content=\"En stock\" \/>\n<script type=\"application\/ld+json\" class=\"yoast-schema-graph\">{\"@context\":\"https:\/\/schema.org\",\"@graph\":[{\"@type\":[\"WebPage\",\"ItemPage\"],\"@id\":\"https:\/\/staging.belleflamme.ca\/fr\/produit\/thermopompe-inverter-magic-system-de-direct-air\/\",\"url\":\"https:\/\/staging.belleflamme.ca\/fr\/produit\/thermopompe-inverter-magic-system-de-direct-air\/\",\"name\":\"Thermopompe Inverter Magic Pro System de Direct Air - Groupe BelleFlamme\",\"isPartOf\":{\"@id\":\"https:\/\/www.belleflamme.ca\/fr\/#website\"},\"primaryImageOfPage\":{\"@id\":\"https:\/\/staging.belleflamme.ca\/fr\/produit\/thermopompe-inverter-magic-system-de-direct-air\/#primaryimage\"},\"image\":{\"@id\":\"https:\/\/staging.belleflamme.ca\/fr\/produit\/thermopompe-inverter-magic-system-de-direct-air\/#primaryimage\"},\"thumbnailUrl\":\"https:\/\/staging.belleflamme.ca\/wp-content\/uploads\/2023\/02\/Thermopompe-Inverter-Magic-Pro-System-de-Direct-Air.webp\",\"datePublished\":\"2023-02-15T21:32:53+00:00\",\"dateModified\":\"2024-12-12T17:13:34+00:00\",\"description\":\"Thermopompe Inverter Magic System de Direct Air vendu et install\u00e9 par le Groupe Belleflamme. Laval, Montr\u00e9al, Gatineau et Saint-Sauveur.\",\"breadcrumb\":{\"@id\":\"https:\/\/staging.belleflamme.ca\/fr\/produit\/thermopompe-inverter-magic-system-de-direct-air\/#breadcrumb\"},\"inLanguage\":\"fr-FR\",\"potentialAction\":[{\"@type\":\"ReadAction\",\"target\":[\"https:\/\/staging.belleflamme.ca\/fr\/produit\/thermopompe-inverter-magic-system-de-direct-air\/\"]}]},{\"@type\":\"ImageObject\",\"inLanguage\":\"fr-FR\",\"@id\":\"https:\/\/staging.belleflamme.ca\/fr\/produit\/thermopompe-inverter-magic-system-de-direct-air\/#primaryimage\",\"url\":\"https:\/\/staging.belleflamme.ca\/wp-content\/uploads\/2023\/02\/Thermopompe-Inverter-Magic-Pro-System-de-Direct-Air.webp\",\"contentUrl\":\"https:\/\/staging.belleflamme.ca\/wp-content\/uploads\/2023\/02\/Thermopompe-Inverter-Magic-Pro-System-de-Direct-Air.webp\",\"width\":600,\"height\":600,\"caption\":\"Thermopompe Inverter Magic Pro System de Direct Air\"},{\"@type\":\"BreadcrumbList\",\"@id\":\"https:\/\/staging.belleflamme.ca\/fr\/produit\/thermopompe-inverter-magic-system-de-direct-air\/#breadcrumb\",\"itemListElement\":[{\"@type\":\"ListItem\",\"position\":1,\"name\":\"Accueil\",\"item\":\"https:\/\/www.belleflamme.ca\/fr\/\"},{\"@type\":\"ListItem\",\"position\":2,\"name\":\"Boutique\",\"item\":\"https:\/\/www.belleflamme.ca\/fr\/boutique\/\"},{\"@type\":\"ListItem\",\"position\":3,\"name\":\"Climatisation &amp; Chauffage\",\"item\":\"https:\/\/staging.belleflamme.ca\/fr\/categories\/climatisation-chauffage\/\"},{\"@type\":\"ListItem\",\"position\":4,\"name\":\"Syst\u00e8me central\",\"item\":\"https:\/\/staging.belleflamme.ca\/fr\/categories\/climatisation-chauffage\/systeme-central\/\"},{\"@type\":\"ListItem\",\"position\":5,\"name\":\"Thermopompes Centrales\",\"item\":\"https:\/\/staging.belleflamme.ca\/fr\/categories\/climatisation-chauffage\/systeme-central\/thermopompes-centrales\/\"},{\"@type\":\"ListItem\",\"position\":6,\"name\":\"Thermopompe Inverter Magic Pro System de Direct Air\"}]},{\"@type\":\"WebSite\",\"@id\":\"https:\/\/www.belleflamme.ca\/fr\/#website\",\"url\":\"https:\/\/www.belleflamme.ca\/fr\/\",\"name\":\"Groupe Belleflamme\",\"description\":\"La m\u00e9canique du b\u00e2timent dans le sang.\",\"publisher\":{\"@id\":\"https:\/\/www.belleflamme.ca\/fr\/#organization\"},\"potentialAction\":[{\"@type\":\"SearchAction\",\"target\":{\"@type\":\"EntryPoint\",\"urlTemplate\":\"https:\/\/www.belleflamme.ca\/fr\/?s={search_term_string}\"},\"query-input\":{\"@type\":\"PropertyValueSpecification\",\"valueRequired\":true,\"valueName\":\"search_term_string\"}}],\"inLanguage\":\"fr-FR\"},{\"@type\":[\"Organization\",\"Place\"],\"@id\":\"https:\/\/www.belleflamme.ca\/fr\/#organization\",\"name\":\"Groupe Belleflamme\",\"alternateName\":\"Belleflamme\",\"url\":\"https:\/\/www.belleflamme.ca\/fr\/\",\"logo\":{\"@type\":\"ImageObject\",\"inLanguage\":\"fr-FR\",\"@id\":\"https:\/\/www.belleflamme.ca\/fr\/#\/schema\/logo\/image\/\",\"url\":\"https:\/\/staging.belleflamme.ca\/wp-content\/uploads\/2023\/01\/og-image.jpg\",\"contentUrl\":\"https:\/\/staging.belleflamme.ca\/wp-content\/uploads\/2023\/01\/og-image.jpg\",\"width\":1200,\"height\":630,\"caption\":\"Groupe Belleflamme\"},\"image\":{\"@id\":\"https:\/\/www.belleflamme.ca\/fr\/#\/schema\/logo\/image\/\"},\"sameAs\":[\"https:\/\/www.facebook.com\/belleflamme.ca\/\",\"https:\/\/www.linkedin.com\/company\/belleflamme\/\",\"https:\/\/www.pinterest.ca\/groupebelleflamme\/\",\"https:\/\/www.instagram.com\/legroupebelleflamme\/\"],\"mainEntityOfPage\":{\"@id\":\"https:\/\/staging.belleflamme.ca\/fr\/produit\/thermopompe-inverter-magic-system-de-direct-air\/\"}}]}<\/script>\n<meta property=\"product:brand\" content=\"Direct Air\" \/>\n<meta property=\"og:availability\" content=\"instock\" \/>\n<meta property=\"product:availability\" content=\"instock\" \/>\n<meta property=\"product:condition\" content=\"new\" \/>\n<!-- \/ Yoast SEO Premium plugin. -->","yoast_head_json":{"title":"Thermopompe Inverter Magic Pro System de Direct Air - Groupe BelleFlamme","description":"Thermopompe Inverter Magic System de Direct Air vendu et install\u00e9 par le Groupe Belleflamme. Laval, Montr\u00e9al, Gatineau et Saint-Sauveur.","robots":{"index":"index","follow":"follow","max-snippet":"max-snippet:-1","max-image-preview":"max-image-preview:large","max-video-preview":"max-video-preview:-1"},"canonical":"https:\/\/staging.belleflamme.ca\/fr\/produit\/thermopompe-inverter-magic-system-de-direct-air\/","og_locale":"fr_FR","og_type":"article","og_title":"Thermopompe Inverter Magic Pro System de Direct Air","og_description":"Thermopompe Inverter Magic System de Direct Air vendu et install\u00e9 par le Groupe Belleflamme. Laval, Montr\u00e9al, Gatineau et Saint-Sauveur.","og_url":"https:\/\/staging.belleflamme.ca\/fr\/produit\/thermopompe-inverter-magic-system-de-direct-air\/","og_site_name":"Groupe BelleFlamme","article_publisher":"https:\/\/www.facebook.com\/belleflamme.ca\/","article_modified_time":"2024-12-12T17:13:34+00:00","og_image":[{"width":600,"height":600,"url":"https:\/\/www.belleflamme.ca\/wp-content\/uploads\/2023\/02\/Thermopompe-Inverter-Magic-Pro-System-de-Direct-Air.webp","type":"image\/webp"}],"twitter_card":"summary_large_image","twitter_misc":{"Disponibilit\u00e9":"En stock"},"schema":{"@context":"https:\/\/schema.org","@graph":[{"@type":["WebPage","ItemPage"],"@id":"https:\/\/staging.belleflamme.ca\/fr\/produit\/thermopompe-inverter-magic-system-de-direct-air\/","url":"https:\/\/staging.belleflamme.ca\/fr\/produit\/thermopompe-inverter-magic-system-de-direct-air\/","name":"Thermopompe Inverter Magic Pro System de Direct Air - Groupe BelleFlamme","isPartOf":{"@id":"https:\/\/www.belleflamme.ca\/fr\/#website"},"primaryImageOfPage":{"@id":"https:\/\/staging.belleflamme.ca\/fr\/produit\/thermopompe-inverter-magic-system-de-direct-air\/#primaryimage"},"image":{"@id":"https:\/\/staging.belleflamme.ca\/fr\/produit\/thermopompe-inverter-magic-system-de-direct-air\/#primaryimage"},"thumbnailUrl":"https:\/\/staging.belleflamme.ca\/wp-content\/uploads\/2023\/02\/Thermopompe-Inverter-Magic-Pro-System-de-Direct-Air.webp","datePublished":"2023-02-15T21:32:53+00:00","dateModified":"2024-12-12T17:13:34+00:00","description":"Thermopompe Inverter Magic System de Direct Air vendu et install\u00e9 par le Groupe Belleflamme. Laval, Montr\u00e9al, Gatineau et Saint-Sauveur.","breadcrumb":{"@id":"https:\/\/staging.belleflamme.ca\/fr\/produit\/thermopompe-inverter-magic-system-de-direct-air\/#breadcrumb"},"inLanguage":"fr-FR","potentialAction":[{"@type":"ReadAction","target":["https:\/\/staging.belleflamme.ca\/fr\/produit\/thermopompe-inverter-magic-system-de-direct-air\/"]}]},{"@type":"ImageObject","inLanguage":"fr-FR","@id":"https:\/\/staging.belleflamme.ca\/fr\/produit\/thermopompe-inverter-magic-system-de-direct-air\/#primaryimage","url":"https:\/\/staging.belleflamme.ca\/wp-content\/uploads\/2023\/02\/Thermopompe-Inverter-Magic-Pro-System-de-Direct-Air.webp","contentUrl":"https:\/\/staging.belleflamme.ca\/wp-content\/uploads\/2023\/02\/Thermopompe-Inverter-Magic-Pro-System-de-Direct-Air.webp","width":600,"height":600,"caption":"Thermopompe Inverter Magic Pro System de Direct Air"},{"@type":"BreadcrumbList","@id":"https:\/\/staging.belleflamme.ca\/fr\/produit\/thermopompe-inverter-magic-system-de-direct-air\/#breadcrumb","itemListElement":[{"@type":"ListItem","position":1,"name":"Accueil","item":"https:\/\/www.belleflamme.ca\/fr\/"},{"@type":"ListItem","position":2,"name":"Boutique","item":"https:\/\/www.belleflamme.ca\/fr\/boutique\/"},{"@type":"ListItem","position":3,"name":"Climatisation &amp; Chauffage","item":"https:\/\/staging.belleflamme.ca\/fr\/categories\/climatisation-chauffage\/"},{"@type":"ListItem","position":4,"name":"Syst\u00e8me central","item":"https:\/\/staging.belleflamme.ca\/fr\/categories\/climatisation-chauffage\/systeme-central\/"},{"@type":"ListItem","position":5,"name":"Thermopompes Centrales","item":"https:\/\/staging.belleflamme.ca\/fr\/categories\/climatisation-chauffage\/systeme-central\/thermopompes-centrales\/"},{"@type":"ListItem","position":6,"name":"Thermopompe Inverter Magic Pro System de Direct Air"}]},{"@type":"WebSite","@id":"https:\/\/www.belleflamme.ca\/fr\/#website","url":"https:\/\/www.belleflamme.ca\/fr\/","name":"Groupe Belleflamme","description":"La m\u00e9canique du b\u00e2timent dans le sang.","publisher":{"@id":"https:\/\/www.belleflamme.ca\/fr\/#organization"},"potentialAction":[{"@type":"SearchAction","target":{"@type":"EntryPoint","urlTemplate":"https:\/\/www.belleflamme.ca\/fr\/?s={search_term_string}"},"query-input":{"@type":"PropertyValueSpecification","valueRequired":true,"valueName":"search_term_string"}}],"inLanguage":"fr-FR"},{"@type":["Organization","Place"],"@id":"https:\/\/www.belleflamme.ca\/fr\/#organization","name":"Groupe Belleflamme","alternateName":"Belleflamme","url":"https:\/\/www.belleflamme.ca\/fr\/","logo":{"@type":"ImageObject","inLanguage":"fr-FR","@id":"https:\/\/www.belleflamme.ca\/fr\/#\/schema\/logo\/image\/","url":"https:\/\/staging.belleflamme.ca\/wp-content\/uploads\/2023\/01\/og-image.jpg","contentUrl":"https:\/\/staging.belleflamme.ca\/wp-content\/uploads\/2023\/01\/og-image.jpg","width":1200,"height":630,"caption":"Groupe Belleflamme"},"image":{"@id":"https:\/\/www.belleflamme.ca\/fr\/#\/schema\/logo\/image\/"},"sameAs":["https:\/\/www.facebook.com\/belleflamme.ca\/","https:\/\/www.linkedin.com\/company\/belleflamme\/","https:\/\/www.pinterest.ca\/groupebelleflamme\/","https:\/\/www.instagram.com\/legroupebelleflamme\/"],"mainEntityOfPage":{"@id":"https:\/\/staging.belleflamme.ca\/fr\/produit\/thermopompe-inverter-magic-system-de-direct-air\/"}}]},"product_brand":"Direct Air","og_availability":"instock","product_availability":"instock","product_condition":"new"},"_links":{"self":[{"href":"https:\/\/staging.belleflamme.ca\/fr\/wp-json\/wp\/v2\/product\/4491","targetHints":{"allow":["GET"]}}],"collection":[{"href":"https:\/\/staging.belleflamme.ca\/fr\/wp-json\/wp\/v2\/product"}],"about":[{"href":"https:\/\/staging.belleflamme.ca\/fr\/wp-json\/wp\/v2\/types\/product"}],"version-history":[{"count":12,"href":"https:\/\/staging.belleflamme.ca\/fr\/wp-json\/wp\/v2\/product\/4491\/revisions"}],"predecessor-version":[{"id":44252,"href":"https:\/\/staging.belleflamme.ca\/fr\/wp-json\/wp\/v2\/product\/4491\/revisions\/44252"}],"wp:featuredmedia":[{"embeddable":true,"href":"https:\/\/staging.belleflamme.ca\/fr\/wp-json\/wp\/v2\/media\/47621"}],"wp:attachment":[{"href":"https:\/\/staging.belleflamme.ca\/fr\/wp-json\/wp\/v2\/media?parent=4491"}],"wp:term":[{"taxonomy":"product_brand","embeddable":true,"href":"https:\/\/staging.belleflamme.ca\/fr\/wp-json\/wp\/v2\/product_brand?post=4491"},{"taxonomy":"product_cat","embeddable":true,"href":"https:\/\/staging.belleflamme.ca\/fr\/wp-json\/wp\/v2\/product_cat?post=4491"},{"taxonomy":"product_tag","embeddable":true,"href":"https:\/\/staging.belleflamme.ca\/fr\/wp-json\/wp\/v2\/product_tag?post=4491"}],"curies":[{"name":"wp","href":"https:\/\/api.w.org\/{rel}","templated":true}]}}