{"id":44858,"date":"2024-12-03T11:46:43","date_gmt":"2024-12-03T16:46:43","guid":{"rendered":"https:\/\/www.belleflamme.ca\/?post_type=product&#038;p=44858"},"modified":"2024-12-03T13:15:10","modified_gmt":"2024-12-03T18:15:10","slug":"thermopompe-murale-4txk6-de-trane","status":"publish","type":"product","link":"https:\/\/staging.belleflamme.ca\/fr\/produit\/thermopompe-murale-4txk6-de-trane\/","title":{"rendered":"Thermopompe Murale 4TXK6 de Trane"},"content":{"rendered":"\t\t<div data-elementor-type=\"product-post\" data-elementor-id=\"44858\" class=\"elementor elementor-44858\" data-elementor-post-type=\"product\">\n\t\t\t\t\t\t<section class=\"elementor-section elementor-top-section elementor-element elementor-element-134a1c3d elementor-section-boxed elementor-section-height-default elementor-section-height-default\" data-id=\"134a1c3d\" data-element_type=\"section\">\n\t\t\t\t\t\t<div class=\"elementor-container elementor-column-gap-default\">\n\t\t\t\t\t<div class=\"elementor-column elementor-col-100 elementor-top-column elementor-element elementor-element-6772b3f8\" data-id=\"6772b3f8\" data-element_type=\"column\">\n\t\t\t<div class=\"elementor-widget-wrap elementor-element-populated\">\n\t\t\t\t\t\t<div class=\"elementor-element elementor-element-56b6630e elementor-widget elementor-widget-text-editor\" data-id=\"56b6630e\" data-element_type=\"widget\" data-widget_type=\"text-editor.default\">\n\t\t\t\t<div class=\"elementor-widget-container\">\n\t\t\t\t\t\t\t\t\t<h2>Syst\u00e8me Split (R-410A, 60 Hz) 16 SEER, <br \/>Syst\u00e8me Inverter &#8211; 9 000 \u00e0 24 000 BTU\/h<\/h2><p>Quels que soient leurs besoins sp\u00e9cifiques en mati\u00e8re de chauffage et de refroidissement, les gens font confiance \u00e0 Trane pour fournir des solutions fiables et efficaces. Les syst\u00e8mes sans conduits Trane vous permettent de cr\u00e9er un environnement int\u00e9rieur confortable dans les espaces o\u00f9 l&#8217;ajout de conduits peut \u00eatre peu pratique ou trop co\u00fbteux, ou pas aussi efficace qu&#8217;une option sans conduit. R\u00e9novez une maison qui n&#8217;a pas de syst\u00e8me de conduits ou dont le syst\u00e8me central est d\u00e9j\u00e0 \u00e0 pleine capacit\u00e9. Apportez un confort efficace et \u00e9conomique aux nouvelles pi\u00e8ces ajout\u00e9es. Fournissez un chauffage et un refroidissement ponctuels qui fonctionnent ind\u00e9pendamment du syst\u00e8me central. Utilisez l&#8217;efficacit\u00e9 sans conduit pour les nouveaux projets de construction o\u00f9 les syst\u00e8mes sans conduits sont plus judicieux qu&#8217;un syst\u00e8me de conduits traditionnel. Faciles \u00e0 installer, les syst\u00e8mes sans conduits Trane offrent une flexibilit\u00e9 de conception et offrent efficacit\u00e9 et \u00e9conomie avec deux composants simples &#8211; une unit\u00e9 ext\u00e9rieure et une ou plusieurs unit\u00e9s int\u00e9rieures \u00e9l\u00e9gantes et discr\u00e8tes. Le tout construit avec la fiabilit\u00e9 l\u00e9gendaire et la pens\u00e9e innovante de Trane.<\/p><div><div class=\"flex items-center font-rich-back md:block md:mb-42\"><p><img decoding=\"async\" src=\"https:\/\/live-trane-headless-cms.pantheonsite.io\/wp-content\/uploads\/2022\/03\/design-flexibility-icon.svg\" alt=\"ic\u00f4ne\" width=\"30\" height=\"30\" data-nimg=\"1\" \/><\/p><h3 class=\"text-charcoal pl-4 font-bold md:pl-0 md:text-28 md:mb-6\">Flexibilit\u00e9 de conception<\/h3><\/div><p class=\"mb-10 text-16 md:mb-14\">Comme il n&#8217;y a pas de conduits \u00e0 installer, il est facile d&#8217;ajouter une unit\u00e9 sans conduit Trane pratiquement n&#8217;importe o\u00f9. Avec la pompe \u00e0 chaleur monozone &#8211; 4TXK6, l&#8217;installation ext\u00e9rieure est un jeu d&#8217;enfant, ce qui en fait une solution de refroidissement \u00e9conomique et efficace.<\/p><p>\u00a0<\/p><\/div><div><div class=\"flex items-center font-rich-back md:block md:mb-42\"><p><img decoding=\"async\" src=\"https:\/\/live-trane-headless-cms.pantheonsite.io\/wp-content\/uploads\/2022\/04\/electricity-icon.svg\" alt=\"ic\u00f4ne\" width=\"30\" height=\"30\" data-nimg=\"1\" \/><\/p><h3 class=\"text-charcoal pl-4 font-bold md:pl-0 md:text-28 md:mb-6\">Syst\u00e8me durable<\/h3><\/div><p class=\"mb-10 text-16 md:mb-14\">Ce syst\u00e8me ext\u00e9rieur sans conduit est con\u00e7u pour durer. Avec une nouvelle grille robuste en acier galvanis\u00e9 \u00e0 chaud, un d\u00e9givrage automatique, un traitement anticorrosion et bien plus encore, vous pouvez \u00eatre s\u00fbr que votre syst\u00e8me Trane peut r\u00e9sister aux \u00e9l\u00e9ments.<\/p><\/div><div><div class=\"flex items-center font-rich-back md:block md:mb-42\"><p><img decoding=\"async\" src=\"https:\/\/live-trane-headless-cms.pantheonsite.io\/wp-content\/uploads\/2022\/03\/speaker-icon.svg\" alt=\"ic\u00f4ne\" width=\"30\" height=\"30\" data-nimg=\"1\" \/><\/p><h3 class=\"text-charcoal pl-4 font-bold md:pl-0 md:text-28 md:mb-6\">Performance silencieuse<\/h3><\/div><p class=\"mb-10 text-16 md:mb-14\">La pompe \u00e0 chaleur \u00e0 zone unique &#8211; 4TXK6 est con\u00e7ue avec des bouches d&#8217;a\u00e9ration qui r\u00e9duisent le bruit, ce qui vous laisse avec un syst\u00e8me qui fonctionne \u00e0 un niveau silencieux.<\/p><\/div><div><div class=\"flex items-center font-rich-back md:block md:mb-42\"><p><img loading=\"lazy\" decoding=\"async\" src=\"https:\/\/live-trane-headless-cms.pantheonsite.io\/wp-content\/uploads\/2022\/04\/fresh-star-icon.svg\" alt=\"ic\u00f4ne\" width=\"30\" height=\"30\" data-nimg=\"1\" \/><\/p><h3 class=\"text-charcoal pl-4 font-bold md:pl-0 md:text-28 md:mb-6\">Efficacit\u00e9 \u00e9nerg\u00e9tique accrue<\/h3><\/div><p class=\"mb-10 text-16 md:mb-14\">Avec les syst\u00e8mes sans conduits, vous n&#8217;avez pas \u00e0 vous soucier des pertes d&#8217;\u00e9nergie li\u00e9es \u00e0 l&#8217;usure ou au mauvais entretien des conduits. Cela, combin\u00e9 aux cotes SEER plus \u00e9lev\u00e9es des syst\u00e8mes Trane, pourrait vous aider \u00e0 \u00e9conomiser de l&#8217;argent sur vos factures d&#8217;\u00e9nergie mensuelles.<\/p><\/div><h2>Sp\u00e9cifications de la pompe \u00e0 chaleur \u00e0 zone unique \u2013 4TXK6<\/h2><p>Chaque syst\u00e8me split sans conduit Trane se compose d&#8217;une unit\u00e9 int\u00e9rieure et d&#8217;une unit\u00e9 ext\u00e9rieure. Les unit\u00e9s ext\u00e9rieures Trane sont dot\u00e9es des caract\u00e9ristiques suivantes :<\/p><ul><li>La nouvelle grille robuste en acier galvanis\u00e9 \u00e0 chaud \u00e9vite les dommages et n&#8217;a aucun effet n\u00e9gatif sur le flux d&#8217;air.<\/li><li>Le d\u00e9givrage automatique am\u00e9liore l&#8217;efficacit\u00e9 de l&#8217;unit\u00e9 de chauffage et de refroidissement sans conduit et vous aide \u00e0 \u00e9conomiser de l&#8217;\u00e9nergie.<\/li><li>Un traitement anticorrosion sp\u00e9cial augmente la durabilit\u00e9 et garantit une efficacit\u00e9 continue.<\/li><li>Le compresseur sans balais offre un meilleur \u00e9quilibre, une consommation d&#8217;\u00e9nergie plus faible et une efficacit\u00e9 sup\u00e9rieure.<\/li><li>Le compresseur arr\u00eate ou retarde son fonctionnement en cas de conflit.<\/li><\/ul><p>\u00a0<\/p><p style=\"text-align: center;\"><img loading=\"lazy\" decoding=\"async\" class=\"alignnone size-full wp-image-44976\" src=\"https:\/\/www.belleflamme.ca\/wp-content\/uploads\/2024\/12\/Garantie-Belleflamme-FR-2-1.png\" alt=\"\" width=\"250\" height=\"250\" srcset=\"https:\/\/staging.belleflamme.ca\/wp-content\/uploads\/2024\/12\/Garantie-Belleflamme-FR-2-1.png 250w, https:\/\/staging.belleflamme.ca\/wp-content\/uploads\/2024\/12\/Garantie-Belleflamme-FR-2-1-150x150.png 150w, https:\/\/staging.belleflamme.ca\/wp-content\/uploads\/2024\/12\/Garantie-Belleflamme-FR-2-1-100x100.png 100w\" sizes=\"(max-width: 250px) 100vw, 250px\" \/><\/p><p>\u00a0<\/p><table class=\"w-full\"><thead><tr><td class=\"p-3 border \">Mod\u00e8le<\/td><\/tr><\/thead><tbody><tr><td class=\"p-3 border \">4TXK6509A10N0BA<\/td><\/tr><tr><td class=\"p-3 border \">4TXK6512A10N0BA<\/td><\/tr><tr><td class=\"p-3 border \">4TXK6518A10N0BA<\/td><\/tr><tr><td class=\"p-3 border \">4TXK6524A10N0BA<\/td><\/tr><\/tbody><\/table><p style=\"text-align: center;\"><img loading=\"lazy\" decoding=\"async\" class=\"alignnone size-full wp-image-44867\" src=\"https:\/\/www.belleflamme.ca\/wp-content\/uploads\/2024\/12\/2024-12-03-11_51_34-22-1869-05_10012014.PDF.png\" alt=\"\" width=\"729\" height=\"1005\" srcset=\"https:\/\/staging.belleflamme.ca\/wp-content\/uploads\/2024\/12\/2024-12-03-11_51_34-22-1869-05_10012014.PDF.png 729w, https:\/\/staging.belleflamme.ca\/wp-content\/uploads\/2024\/12\/2024-12-03-11_51_34-22-1869-05_10012014.PDF-218x300.png 218w\" sizes=\"(max-width: 729px) 100vw, 729px\" \/> <img loading=\"lazy\" decoding=\"async\" class=\"alignnone size-full wp-image-44869\" src=\"https:\/\/www.belleflamme.ca\/wp-content\/uploads\/2024\/12\/2024-12-03-11_51_17-22-1869-05_10012014.PDF.png\" alt=\"\" width=\"725\" height=\"1005\" srcset=\"https:\/\/staging.belleflamme.ca\/wp-content\/uploads\/2024\/12\/2024-12-03-11_51_17-22-1869-05_10012014.PDF.png 725w, https:\/\/staging.belleflamme.ca\/wp-content\/uploads\/2024\/12\/2024-12-03-11_51_17-22-1869-05_10012014.PDF-216x300.png 216w\" sizes=\"(max-width: 725px) 100vw, 725px\" \/><\/p>\t\t\t\t\t\t\t\t<\/div>\n\t\t\t\t<\/div>\n\t\t\t\t\t<\/div>\n\t\t<\/div>\n\t\t\t\t\t<\/div>\n\t\t<\/section>\n\t\t\t\t<section class=\"elementor-section elementor-top-section elementor-element elementor-element-c636fd8 elementor-section-boxed elementor-section-height-default elementor-section-height-default\" data-id=\"c636fd8\" data-element_type=\"section\">\n\t\t\t\t\t\t<div class=\"elementor-container elementor-column-gap-default\">\n\t\t\t\t\t<div class=\"elementor-column elementor-col-100 elementor-top-column elementor-element elementor-element-a5169cf\" data-id=\"a5169cf\" data-element_type=\"column\">\n\t\t\t<div class=\"elementor-widget-wrap elementor-element-populated\">\n\t\t\t\t\t\t<div class=\"elementor-element elementor-element-d2a53db elementor-tabs-view-horizontal elementor-widget elementor-widget-tabs\" data-id=\"d2a53db\" data-element_type=\"widget\" data-widget_type=\"tabs.default\">\n\t\t\t\t<div class=\"elementor-widget-container\">\n\t\t\t\t\t\t\t<div class=\"elementor-tabs\">\n\t\t\t<div class=\"elementor-tabs-wrapper\" role=\"tablist\" >\n\t\t\t\t\t\t\t\t\t<div id=\"elementor-tab-title-2201\" class=\"elementor-tab-title elementor-tab-desktop-title\" aria-selected=\"true\" data-tab=\"1\" role=\"tab\" tabindex=\"0\" aria-controls=\"elementor-tab-content-2201\" aria-expanded=\"false\">Fichiers<\/div>\n\t\t\t\t\t\t\t<\/div>\n\t\t\t<div class=\"elementor-tabs-content-wrapper\" role=\"tablist\" aria-orientation=\"vertical\">\n\t\t\t\t\t\t\t\t\t<div class=\"elementor-tab-title elementor-tab-mobile-title\" aria-selected=\"true\" data-tab=\"1\" role=\"tab\" tabindex=\"0\" aria-controls=\"elementor-tab-content-2201\" aria-expanded=\"false\">Fichiers<\/div>\n\t\t\t\t\t<div id=\"elementor-tab-content-2201\" class=\"elementor-tab-content elementor-clearfix\" data-tab=\"1\" role=\"tabpanel\" aria-labelledby=\"elementor-tab-title-2201\" tabindex=\"0\" hidden=\"false\"><i class=\"far fa-file-pdf fa-xl\" style=\"font-size:35px\"><\/i><a href=\"https:\/\/www.belleflamme.ca\/wp-content\/uploads\/2024\/12\/trane-ductless-standard-brochure-current-1.pdf\"> Brochure<\/a><\/br>\n<i class=\"far fa-file-pdf fa-xl\" style=\"font-size:35px\"><\/i><a href=\"https:\/\/www.belleflamme.ca\/wp-content\/uploads\/2024\/12\/22-1869-05_10012014.pdf\"> Sp\u00e9cifications<\/a><\/br>\n<i class=\"far fa-file-pdf fa-xl\" style=\"font-size:35px\"><\/i><a href=\"https:\/\/www.belleflamme.ca\/wp-content\/uploads\/2024\/12\/MS-SVN22A-FC_09012013.pdf\"> Installation<\/a><\/br>\n<i class=\"far fa-file-pdf fa-xl\" style=\"font-size:35px\"><\/i><a href=\"https:\/\/www.belleflamme.ca\/wp-content\/uploads\/2024\/12\/32-5084-1B-EN_05212024-1-1.pdf\"> Manuel d&#8217;utilisation<\/a><\/br><\/div>\n\t\t\t\t\t\t\t<\/div>\n\t\t<\/div>\n\t\t\t\t\t\t<\/div>\n\t\t\t\t<\/div>\n\t\t\t\t\t<\/div>\n\t\t<\/div>\n\t\t\t\t\t<\/div>\n\t\t<\/section>\n\t\t\t\t<\/div>\n\t\t","protected":false},"excerpt":{"rendered":"<p>Syst\u00e8me Split (R-410A, 60 Hz) 16 SEER, Syst\u00e8me Inverter &#8211; 9 000 \u00e0 24 000 BTU\/h Quels que soient leurs besoins sp\u00e9cifiques en mati\u00e8re de chauffage et de refroidissement, les gens font confiance \u00e0 Trane pour fournir des solutions fiables et efficaces. Les syst\u00e8mes sans conduits Trane vous permettent de cr\u00e9er un environnement int\u00e9rieur confortable [&hellip;]<\/p>\n","protected":false},"featured_media":44859,"template":"","meta":{"inline_featured_image":false},"product_brand":[291],"product_cat":[70,72,86],"product_tag":[],"class_list":{"0":"post-44858","1":"product","2":"type-product","3":"status-publish","4":"has-post-thumbnail","6":"product_brand-trane","7":"product_cat-climatisation-chauffage","8":"product_cat-systeme-mural","9":"product_cat-thermopompes-murales","11":"first","12":"instock","13":"taxable","14":"shipping-taxable","15":"product-type-variable"},"yoast_head":"<!-- This site is optimized with the Yoast SEO Premium plugin v24.2 (Yoast SEO v24.2) - https:\/\/yoast.com\/wordpress\/plugins\/seo\/ -->\n<title>Thermopompe Murale 4TXK6 de Trane - Groupe BelleFlamme<\/title>\n<meta name=\"description\" content=\"Thermopompe Murale 4TXK6 de Trane vendu et install\u00e9 par le Groupe Belleflamme. Laval, Montr\u00e9al, Gatineau et Saint-Sauveur.\" \/>\n<meta name=\"robots\" content=\"index, follow, max-snippet:-1, max-image-preview:large, max-video-preview:-1\" \/>\n<link rel=\"canonical\" href=\"https:\/\/staging.belleflamme.ca\/fr\/produit\/thermopompe-murale-4txk6-de-trane\/\" \/>\n<meta property=\"og:locale\" content=\"fr_FR\" \/>\n<meta property=\"og:type\" content=\"article\" \/>\n<meta property=\"og:title\" content=\"Thermopompe Murale 4TXK6 de Trane\" \/>\n<meta property=\"og:description\" content=\"Thermopompe Murale 4TXK6 de Trane vendu et install\u00e9 par le Groupe Belleflamme. Laval, Montr\u00e9al, Gatineau et Saint-Sauveur.\" \/>\n<meta property=\"og:url\" content=\"https:\/\/staging.belleflamme.ca\/fr\/produit\/thermopompe-murale-4txk6-de-trane\/\" \/>\n<meta property=\"og:site_name\" content=\"Groupe BelleFlamme\" \/>\n<meta property=\"article:publisher\" content=\"https:\/\/www.facebook.com\/belleflamme.ca\/\" \/>\n<meta property=\"article:modified_time\" content=\"2024-12-03T18:15:10+00:00\" \/>\n<meta property=\"og:image\" content=\"https:\/\/www.belleflamme.ca\/wp-content\/uploads\/2024\/12\/Thermopompe-Murale-4TXK6-de-Trane.webp\" \/>\n\t<meta property=\"og:image:width\" content=\"600\" \/>\n\t<meta property=\"og:image:height\" content=\"600\" \/>\n\t<meta property=\"og:image:type\" content=\"image\/webp\" \/>\n<meta name=\"twitter:card\" content=\"summary_large_image\" \/>\n<meta name=\"twitter:label1\" content=\"Disponibilit\u00e9\" \/>\n\t<meta name=\"twitter:data1\" content=\"En stock\" \/>\n<script type=\"application\/ld+json\" class=\"yoast-schema-graph\">{\"@context\":\"https:\/\/schema.org\",\"@graph\":[{\"@type\":[\"WebPage\",\"ItemPage\"],\"@id\":\"https:\/\/staging.belleflamme.ca\/fr\/produit\/thermopompe-murale-4txk6-de-trane\/\",\"url\":\"https:\/\/staging.belleflamme.ca\/fr\/produit\/thermopompe-murale-4txk6-de-trane\/\",\"name\":\"Thermopompe Murale 4TXK6 de Trane - Groupe BelleFlamme\",\"isPartOf\":{\"@id\":\"https:\/\/www.belleflamme.ca\/fr\/#website\"},\"primaryImageOfPage\":{\"@id\":\"https:\/\/staging.belleflamme.ca\/fr\/produit\/thermopompe-murale-4txk6-de-trane\/#primaryimage\"},\"image\":{\"@id\":\"https:\/\/staging.belleflamme.ca\/fr\/produit\/thermopompe-murale-4txk6-de-trane\/#primaryimage\"},\"thumbnailUrl\":\"https:\/\/staging.belleflamme.ca\/wp-content\/uploads\/2024\/12\/Thermopompe-Murale-4TXK6-de-Trane.webp\",\"datePublished\":\"2024-12-03T16:46:43+00:00\",\"dateModified\":\"2024-12-03T18:15:10+00:00\",\"description\":\"Thermopompe Murale 4TXK6 de Trane vendu et install\u00e9 par le Groupe Belleflamme. Laval, Montr\u00e9al, Gatineau et Saint-Sauveur.\",\"breadcrumb\":{\"@id\":\"https:\/\/staging.belleflamme.ca\/fr\/produit\/thermopompe-murale-4txk6-de-trane\/#breadcrumb\"},\"inLanguage\":\"fr-FR\",\"potentialAction\":[{\"@type\":\"ReadAction\",\"target\":[\"https:\/\/staging.belleflamme.ca\/fr\/produit\/thermopompe-murale-4txk6-de-trane\/\"]}]},{\"@type\":\"ImageObject\",\"inLanguage\":\"fr-FR\",\"@id\":\"https:\/\/staging.belleflamme.ca\/fr\/produit\/thermopompe-murale-4txk6-de-trane\/#primaryimage\",\"url\":\"https:\/\/staging.belleflamme.ca\/wp-content\/uploads\/2024\/12\/Thermopompe-Murale-4TXK6-de-Trane.webp\",\"contentUrl\":\"https:\/\/staging.belleflamme.ca\/wp-content\/uploads\/2024\/12\/Thermopompe-Murale-4TXK6-de-Trane.webp\",\"width\":600,\"height\":600,\"caption\":\"Thermopompe Murale 4TXK6 de Trane\"},{\"@type\":\"BreadcrumbList\",\"@id\":\"https:\/\/staging.belleflamme.ca\/fr\/produit\/thermopompe-murale-4txk6-de-trane\/#breadcrumb\",\"itemListElement\":[{\"@type\":\"ListItem\",\"position\":1,\"name\":\"Accueil\",\"item\":\"https:\/\/www.belleflamme.ca\/fr\/\"},{\"@type\":\"ListItem\",\"position\":2,\"name\":\"Boutique\",\"item\":\"https:\/\/www.belleflamme.ca\/fr\/boutique\/\"},{\"@type\":\"ListItem\",\"position\":3,\"name\":\"Climatisation &amp; Chauffage\",\"item\":\"https:\/\/staging.belleflamme.ca\/fr\/categories\/climatisation-chauffage\/\"},{\"@type\":\"ListItem\",\"position\":4,\"name\":\"Syst\u00e8me Mural\",\"item\":\"https:\/\/staging.belleflamme.ca\/fr\/categories\/climatisation-chauffage\/systeme-mural\/\"},{\"@type\":\"ListItem\",\"position\":5,\"name\":\"Thermopompes Murales\",\"item\":\"https:\/\/staging.belleflamme.ca\/fr\/categories\/climatisation-chauffage\/systeme-mural\/thermopompes-murales\/\"},{\"@type\":\"ListItem\",\"position\":6,\"name\":\"Thermopompe Murale 4TXK6 de Trane\"}]},{\"@type\":\"WebSite\",\"@id\":\"https:\/\/www.belleflamme.ca\/fr\/#website\",\"url\":\"https:\/\/www.belleflamme.ca\/fr\/\",\"name\":\"Groupe Belleflamme\",\"description\":\"La m\u00e9canique du b\u00e2timent dans le sang.\",\"publisher\":{\"@id\":\"https:\/\/www.belleflamme.ca\/fr\/#organization\"},\"potentialAction\":[{\"@type\":\"SearchAction\",\"target\":{\"@type\":\"EntryPoint\",\"urlTemplate\":\"https:\/\/www.belleflamme.ca\/fr\/?s={search_term_string}\"},\"query-input\":{\"@type\":\"PropertyValueSpecification\",\"valueRequired\":true,\"valueName\":\"search_term_string\"}}],\"inLanguage\":\"fr-FR\"},{\"@type\":[\"Organization\",\"Place\"],\"@id\":\"https:\/\/www.belleflamme.ca\/fr\/#organization\",\"name\":\"Groupe Belleflamme\",\"alternateName\":\"Belleflamme\",\"url\":\"https:\/\/www.belleflamme.ca\/fr\/\",\"logo\":{\"@type\":\"ImageObject\",\"inLanguage\":\"fr-FR\",\"@id\":\"https:\/\/www.belleflamme.ca\/fr\/#\/schema\/logo\/image\/\",\"url\":\"https:\/\/staging.belleflamme.ca\/wp-content\/uploads\/2023\/01\/og-image.jpg\",\"contentUrl\":\"https:\/\/staging.belleflamme.ca\/wp-content\/uploads\/2023\/01\/og-image.jpg\",\"width\":1200,\"height\":630,\"caption\":\"Groupe Belleflamme\"},\"image\":{\"@id\":\"https:\/\/www.belleflamme.ca\/fr\/#\/schema\/logo\/image\/\"},\"sameAs\":[\"https:\/\/www.facebook.com\/belleflamme.ca\/\",\"https:\/\/www.linkedin.com\/company\/belleflamme\/\",\"https:\/\/www.pinterest.ca\/groupebelleflamme\/\",\"https:\/\/www.instagram.com\/legroupebelleflamme\/\"],\"mainEntityOfPage\":{\"@id\":\"https:\/\/staging.belleflamme.ca\/fr\/produit\/thermopompe-murale-4txk6-de-trane\/\"}}]}<\/script>\n<meta property=\"product:brand\" content=\"Trane\" \/>\n<meta property=\"og:availability\" content=\"instock\" \/>\n<meta property=\"product:availability\" content=\"instock\" \/>\n<meta property=\"product:condition\" content=\"new\" \/>\n<!-- \/ Yoast SEO Premium plugin. -->","yoast_head_json":{"title":"Thermopompe Murale 4TXK6 de Trane - Groupe BelleFlamme","description":"Thermopompe Murale 4TXK6 de Trane vendu et install\u00e9 par le Groupe Belleflamme. Laval, Montr\u00e9al, Gatineau et Saint-Sauveur.","robots":{"index":"index","follow":"follow","max-snippet":"max-snippet:-1","max-image-preview":"max-image-preview:large","max-video-preview":"max-video-preview:-1"},"canonical":"https:\/\/staging.belleflamme.ca\/fr\/produit\/thermopompe-murale-4txk6-de-trane\/","og_locale":"fr_FR","og_type":"article","og_title":"Thermopompe Murale 4TXK6 de Trane","og_description":"Thermopompe Murale 4TXK6 de Trane vendu et install\u00e9 par le Groupe Belleflamme. Laval, Montr\u00e9al, Gatineau et Saint-Sauveur.","og_url":"https:\/\/staging.belleflamme.ca\/fr\/produit\/thermopompe-murale-4txk6-de-trane\/","og_site_name":"Groupe BelleFlamme","article_publisher":"https:\/\/www.facebook.com\/belleflamme.ca\/","article_modified_time":"2024-12-03T18:15:10+00:00","og_image":[{"width":600,"height":600,"url":"https:\/\/www.belleflamme.ca\/wp-content\/uploads\/2024\/12\/Thermopompe-Murale-4TXK6-de-Trane.webp","type":"image\/webp"}],"twitter_card":"summary_large_image","twitter_misc":{"Disponibilit\u00e9":"En stock"},"schema":{"@context":"https:\/\/schema.org","@graph":[{"@type":["WebPage","ItemPage"],"@id":"https:\/\/staging.belleflamme.ca\/fr\/produit\/thermopompe-murale-4txk6-de-trane\/","url":"https:\/\/staging.belleflamme.ca\/fr\/produit\/thermopompe-murale-4txk6-de-trane\/","name":"Thermopompe Murale 4TXK6 de Trane - Groupe BelleFlamme","isPartOf":{"@id":"https:\/\/www.belleflamme.ca\/fr\/#website"},"primaryImageOfPage":{"@id":"https:\/\/staging.belleflamme.ca\/fr\/produit\/thermopompe-murale-4txk6-de-trane\/#primaryimage"},"image":{"@id":"https:\/\/staging.belleflamme.ca\/fr\/produit\/thermopompe-murale-4txk6-de-trane\/#primaryimage"},"thumbnailUrl":"https:\/\/staging.belleflamme.ca\/wp-content\/uploads\/2024\/12\/Thermopompe-Murale-4TXK6-de-Trane.webp","datePublished":"2024-12-03T16:46:43+00:00","dateModified":"2024-12-03T18:15:10+00:00","description":"Thermopompe Murale 4TXK6 de Trane vendu et install\u00e9 par le Groupe Belleflamme. Laval, Montr\u00e9al, Gatineau et Saint-Sauveur.","breadcrumb":{"@id":"https:\/\/staging.belleflamme.ca\/fr\/produit\/thermopompe-murale-4txk6-de-trane\/#breadcrumb"},"inLanguage":"fr-FR","potentialAction":[{"@type":"ReadAction","target":["https:\/\/staging.belleflamme.ca\/fr\/produit\/thermopompe-murale-4txk6-de-trane\/"]}]},{"@type":"ImageObject","inLanguage":"fr-FR","@id":"https:\/\/staging.belleflamme.ca\/fr\/produit\/thermopompe-murale-4txk6-de-trane\/#primaryimage","url":"https:\/\/staging.belleflamme.ca\/wp-content\/uploads\/2024\/12\/Thermopompe-Murale-4TXK6-de-Trane.webp","contentUrl":"https:\/\/staging.belleflamme.ca\/wp-content\/uploads\/2024\/12\/Thermopompe-Murale-4TXK6-de-Trane.webp","width":600,"height":600,"caption":"Thermopompe Murale 4TXK6 de Trane"},{"@type":"BreadcrumbList","@id":"https:\/\/staging.belleflamme.ca\/fr\/produit\/thermopompe-murale-4txk6-de-trane\/#breadcrumb","itemListElement":[{"@type":"ListItem","position":1,"name":"Accueil","item":"https:\/\/www.belleflamme.ca\/fr\/"},{"@type":"ListItem","position":2,"name":"Boutique","item":"https:\/\/www.belleflamme.ca\/fr\/boutique\/"},{"@type":"ListItem","position":3,"name":"Climatisation &amp; Chauffage","item":"https:\/\/staging.belleflamme.ca\/fr\/categories\/climatisation-chauffage\/"},{"@type":"ListItem","position":4,"name":"Syst\u00e8me Mural","item":"https:\/\/staging.belleflamme.ca\/fr\/categories\/climatisation-chauffage\/systeme-mural\/"},{"@type":"ListItem","position":5,"name":"Thermopompes Murales","item":"https:\/\/staging.belleflamme.ca\/fr\/categories\/climatisation-chauffage\/systeme-mural\/thermopompes-murales\/"},{"@type":"ListItem","position":6,"name":"Thermopompe Murale 4TXK6 de Trane"}]},{"@type":"WebSite","@id":"https:\/\/www.belleflamme.ca\/fr\/#website","url":"https:\/\/www.belleflamme.ca\/fr\/","name":"Groupe Belleflamme","description":"La m\u00e9canique du b\u00e2timent dans le sang.","publisher":{"@id":"https:\/\/www.belleflamme.ca\/fr\/#organization"},"potentialAction":[{"@type":"SearchAction","target":{"@type":"EntryPoint","urlTemplate":"https:\/\/www.belleflamme.ca\/fr\/?s={search_term_string}"},"query-input":{"@type":"PropertyValueSpecification","valueRequired":true,"valueName":"search_term_string"}}],"inLanguage":"fr-FR"},{"@type":["Organization","Place"],"@id":"https:\/\/www.belleflamme.ca\/fr\/#organization","name":"Groupe Belleflamme","alternateName":"Belleflamme","url":"https:\/\/www.belleflamme.ca\/fr\/","logo":{"@type":"ImageObject","inLanguage":"fr-FR","@id":"https:\/\/www.belleflamme.ca\/fr\/#\/schema\/logo\/image\/","url":"https:\/\/staging.belleflamme.ca\/wp-content\/uploads\/2023\/01\/og-image.jpg","contentUrl":"https:\/\/staging.belleflamme.ca\/wp-content\/uploads\/2023\/01\/og-image.jpg","width":1200,"height":630,"caption":"Groupe Belleflamme"},"image":{"@id":"https:\/\/www.belleflamme.ca\/fr\/#\/schema\/logo\/image\/"},"sameAs":["https:\/\/www.facebook.com\/belleflamme.ca\/","https:\/\/www.linkedin.com\/company\/belleflamme\/","https:\/\/www.pinterest.ca\/groupebelleflamme\/","https:\/\/www.instagram.com\/legroupebelleflamme\/"],"mainEntityOfPage":{"@id":"https:\/\/staging.belleflamme.ca\/fr\/produit\/thermopompe-murale-4txk6-de-trane\/"}}]},"product_brand":"Trane","og_availability":"instock","product_availability":"instock","product_condition":"new"},"_links":{"self":[{"href":"https:\/\/staging.belleflamme.ca\/fr\/wp-json\/wp\/v2\/product\/44858","targetHints":{"allow":["GET"]}}],"collection":[{"href":"https:\/\/staging.belleflamme.ca\/fr\/wp-json\/wp\/v2\/product"}],"about":[{"href":"https:\/\/staging.belleflamme.ca\/fr\/wp-json\/wp\/v2\/types\/product"}],"version-history":[{"count":10,"href":"https:\/\/staging.belleflamme.ca\/fr\/wp-json\/wp\/v2\/product\/44858\/revisions"}],"predecessor-version":[{"id":44994,"href":"https:\/\/staging.belleflamme.ca\/fr\/wp-json\/wp\/v2\/product\/44858\/revisions\/44994"}],"wp:featuredmedia":[{"embeddable":true,"href":"https:\/\/staging.belleflamme.ca\/fr\/wp-json\/wp\/v2\/media\/44859"}],"wp:attachment":[{"href":"https:\/\/staging.belleflamme.ca\/fr\/wp-json\/wp\/v2\/media?parent=44858"}],"wp:term":[{"taxonomy":"product_brand","embeddable":true,"href":"https:\/\/staging.belleflamme.ca\/fr\/wp-json\/wp\/v2\/product_brand?post=44858"},{"taxonomy":"product_cat","embeddable":true,"href":"https:\/\/staging.belleflamme.ca\/fr\/wp-json\/wp\/v2\/product_cat?post=44858"},{"taxonomy":"product_tag","embeddable":true,"href":"https:\/\/staging.belleflamme.ca\/fr\/wp-json\/wp\/v2\/product_tag?post=44858"}],"curies":[{"name":"wp","href":"https:\/\/api.w.org\/{rel}","templated":true}]}}