{"id":4478,"date":"2023-02-15T16:32:34","date_gmt":"2023-02-15T21:32:34","guid":{"rendered":"https:\/\/www.belleflamme.ca\/product\/thermopompe-murale-serie-23-seer\/"},"modified":"2024-11-28T09:28:03","modified_gmt":"2024-11-28T14:28:03","slug":"thermopompe-murale-serie-23-seer","status":"publish","type":"product","link":"https:\/\/staging.belleflamme.ca\/fr\/produit\/thermopompe-murale-serie-23-seer\/","title":{"rendered":"Thermopompe murale S\u00e9rie 23 SEER de Direct Air"},"content":{"rendered":"\t\t<div data-elementor-type=\"product-post\" data-elementor-id=\"4478\" class=\"elementor elementor-4478\" data-elementor-post-type=\"product\">\n\t\t\t\t\t\t<section class=\"elementor-section elementor-top-section elementor-element elementor-element-701035e1 elementor-section-boxed elementor-section-height-default elementor-section-height-default\" data-id=\"701035e1\" data-element_type=\"section\">\n\t\t\t\t\t\t<div class=\"elementor-container elementor-column-gap-default\">\n\t\t\t\t\t<div class=\"elementor-column elementor-col-100 elementor-top-column elementor-element elementor-element-6d48cdd2\" data-id=\"6d48cdd2\" data-element_type=\"column\">\n\t\t\t<div class=\"elementor-widget-wrap elementor-element-populated\">\n\t\t\t\t\t\t<div class=\"elementor-element elementor-element-5c2be0a4 elementor-widget elementor-widget-text-editor\" data-id=\"5c2be0a4\" data-element_type=\"widget\" data-widget_type=\"text-editor.default\">\n\t\t\t\t<div class=\"elementor-widget-container\">\n\t\t\t\t\t\t\t\t\t<h2 style=\"text-align: center;\">Syst\u00e8me de climatisation Direct Air 23 SEER sans conduit<\/h2><h3>Jusqu\u2019\u00e0 9,5 HSPF, onduleur<\/h3><p>Voici Thermopompe r\u00e9volutionnaire de la s\u00e9rie DIRH, con\u00e7ue pour exceller m\u00eame dans les climats les plus froids, en chauffant efficacement jusqu\u2019\u00e0 -20 \u00b0C. Cette centrale de confort garantit chaleur et confort tout au long des mois d\u2019hiver, vous assurant de rester \u00e0 l\u2019aise, peu importe \u00e0 quel point le mercure baisse.<\/p><p>Il est temps d\u2019\u00e9lever votre environnement. Il est temps pour Direct Air.<\/p><p><img fetchpriority=\"high\" decoding=\"async\" class=\"alignnone size-full wp-image-44131\" src=\"https:\/\/www.belleflamme.ca\/wp-content\/uploads\/2024\/11\/2024-11-28-09_22_44-23-SEER-HeatPump-Direct-Air-_-Comfort-at-its-Best.png\" alt=\"\" width=\"679\" height=\"147\" srcset=\"https:\/\/staging.belleflamme.ca\/wp-content\/uploads\/2024\/11\/2024-11-28-09_22_44-23-SEER-HeatPump-Direct-Air-_-Comfort-at-its-Best.png 679w, https:\/\/staging.belleflamme.ca\/wp-content\/uploads\/2024\/11\/2024-11-28-09_22_44-23-SEER-HeatPump-Direct-Air-_-Comfort-at-its-Best-300x65.png 300w\" sizes=\"(max-width: 679px) 100vw, 679px\" \/><\/p><div class=\"elementor-element elementor-element-3dfe5c7 e-con-full e-flex e-con e-child\" data-id=\"3dfe5c7\" data-element_type=\"container\"><div class=\"elementor-element elementor-element-9ed581f elementor-widget elementor-widget-text-editor\" data-id=\"9ed581f\" data-element_type=\"widget\" data-widget_type=\"text-editor.default\"><div class=\"elementor-widget-container\"><ul><li>\u00c9conome en \u00e9nergie<\/li><li>Mode de D\u00e9shumidification<\/li><li>Mode silencieux<\/li><li>Mode de Ventilation<\/li><\/ul><\/div><\/div><\/div><h3>Maximiser L&#8217;efficacit\u00e9<\/h3><p>La capacit\u00e9 des onduleurs \u00e0 \u00e9conomiser de l&#8217;\u00e9nergie<\/p><p>Profitez d\u2019une efficacit\u00e9 \u00e9nerg\u00e9tique in\u00e9gal\u00e9e gr\u00e2ce \u00e0 notre technologie d\u2019onduleur avanc\u00e9e, offrant des performances optimales tout en minimisant la consommation d\u2019\u00e9nergie.<\/p><h3>Lib\u00e9rez le confort de pr\u00e9cision avec notre Thermopompe 100% modulante<\/h3><p>\u00c9levez le contr\u00f4le climatique de votre maison \u00e0 de nouveaux sommets avec notre unit\u00e9 de pompe \u00e0 chaleur modulante \u00e0 100%. Con\u00e7u pour une pr\u00e9cision et une efficacit\u00e9 in\u00e9gal\u00e9es, ce syst\u00e8me avanc\u00e9 s\u2019adapte parfaitement \u00e0 vos besoins de confort, offrant une chaleur constante en hiver et une fra\u00eecheur rafra\u00eechissante en \u00e9t\u00e9.<\/p><p>Profitez d\u2019un confort et d\u2019\u00e9conomies d\u2019\u00e9nergie in\u00e9gal\u00e9s \u00e0 chaque cycle, car l\u2019unit\u00e9 ajuste intelligemment sa sortie pour r\u00e9pondre aux exigences exactes de chauffage ou de refroidissement de votre espace, assurant un confort et des performances optimaux toute l\u2019ann\u00e9e.<\/p><h3>Utilisez notre Thermopompe sans conduit 23 SEER comme d\u00e9shumidificateur<\/h3><p>Avec sa technologie avanc\u00e9e et son contr\u00f4le de pr\u00e9cision, cette Thermopompe fournit non seulement un chauffage et un refroidissement exceptionnels, mais offre \u00e9galement un mode de d\u00e9shumidification d\u00e9di\u00e9.<\/p><p>Dites adieu \u00e0 l\u2019exc\u00e8s d\u2019humidit\u00e9 dans l\u2019air car cette fonction \u00e9limine efficacement l\u2019humidit\u00e9, cr\u00e9ant un environnement int\u00e9rieur confortable et sain.<\/p><h3>Rem\u00e9dier au froid extr\u00eame en utilisant nos Thermopompe<\/h3><p>Profitez d\u2019un confort in\u00e9gal\u00e9 en hiver gr\u00e2ce \u00e0 nos Thermopompe con\u00e7ues pour chauffer votre espace m\u00eame dans des conditions de froid extr\u00eame, atteignant des temp\u00e9ratures aussi basses que -20 \u00b0C.<\/p><p>Que ce soit par temps froid ou glacial, nos Thermopompe assurent que votre maison reste chaude et confortable, offrant des performances de chauffage fiables lorsque vous en avez le plus besoin. Dites adieu aux hivers froids et profitez de la chaleur et du confort que nos Thermopompe offrent, faisant de chaque saison une exp\u00e9rience confortable pour vous et votre famille.<\/p><h3>Smart Comfort Control avec Thermopompe programmable<\/h3><p>Prenez le contr\u00f4le de votre climat int\u00e9rieur comme jamais auparavant avec notre Thermopompe programmable, con\u00e7ue pour offrir une commodit\u00e9 et une efficacit\u00e9 in\u00e9gal\u00e9es. Avec des r\u00e9glages programmables, vous pouvez personnaliser les niveaux de temp\u00e9rature en fonction de votre horaire, assurant un confort optimal tout en maximisant les \u00e9conomies d\u2019\u00e9nergie.<\/p><p>Que vous pr\u00e9f\u00e9riez r\u00e9gler diff\u00e9rentes temp\u00e9ratures pour le jour et la nuit ou r\u00e9gler les param\u00e8tres \u00e0 distance \u00e0 l\u2019aide d\u2019une technologie intelligente, notre pompe \u00e0 chaleur programmable s\u2019adapte parfaitement \u00e0 votre style de vie.<\/p><p style=\"text-align: center;\"><img decoding=\"async\" class=\"alignnone size-full wp-image-43976\" src=\"https:\/\/www.belleflamme.ca\/wp-content\/uploads\/2024\/11\/Garantie-Belleflamme-FR-1.png\" alt=\"\" width=\"250\" height=\"250\" srcset=\"https:\/\/staging.belleflamme.ca\/wp-content\/uploads\/2024\/11\/Garantie-Belleflamme-FR-1.png 250w, https:\/\/staging.belleflamme.ca\/wp-content\/uploads\/2024\/11\/Garantie-Belleflamme-FR-1-150x150.png 150w, https:\/\/staging.belleflamme.ca\/wp-content\/uploads\/2024\/11\/Garantie-Belleflamme-FR-1-100x100.png 100w\" sizes=\"(max-width: 250px) 100vw, 250px\" \/><\/p><h2 class=\"elementor-heading-title elementor-size-default\" style=\"border: 0px; font-size: 39px; outline: 0px; vertical-align: baseline; clear: none; color: var(--ast-global-color-2); line-height: 66px; letter-spacing: 0.1px; word-spacing: 1px; text-align: center; background-color: #ffffff;\">Sp\u00e9cifications et Mod\u00e8les<\/h2><p>\u00a0<\/p><p><img decoding=\"async\" class=\"alignnone size-full wp-image-37720\" src=\"https:\/\/www.belleflamme.ca\/wp-content\/uploads\/2024\/05\/2024-05-14-11_24_07-Thermopompe-23-SEER-\u2013-Air-direct.png\" alt=\"\" width=\"716\" height=\"790\" srcset=\"https:\/\/staging.belleflamme.ca\/wp-content\/uploads\/2024\/05\/2024-05-14-11_24_07-Thermopompe-23-SEER-\u2013-Air-direct.png 716w, https:\/\/staging.belleflamme.ca\/wp-content\/uploads\/2024\/05\/2024-05-14-11_24_07-Thermopompe-23-SEER-\u2013-Air-direct-272x300.png 272w\" sizes=\"(max-width: 716px) 100vw, 716px\" \/><\/p>\t\t\t\t\t\t\t\t<\/div>\n\t\t\t\t<\/div>\n\t\t\t\t\t<\/div>\n\t\t<\/div>\n\t\t\t\t\t<\/div>\n\t\t<\/section>\n\t\t\t\t<\/div>\n\t\t","protected":false},"excerpt":{"rendered":"<p>Syst\u00e8me de climatisation Direct Air 23 SEER sans conduit Jusqu\u2019\u00e0 9,5 HSPF, onduleur Voici Thermopompe r\u00e9volutionnaire de la s\u00e9rie DIRH, con\u00e7ue pour exceller m\u00eame dans les climats les plus froids, en chauffant efficacement jusqu\u2019\u00e0 -20 \u00b0C. Cette centrale de confort garantit chaleur et confort tout au long des mois d\u2019hiver, vous assurant de rester \u00e0 [&hellip;]<\/p>\n","protected":false},"featured_media":44136,"template":"","meta":{"inline_featured_image":false},"product_brand":[292],"product_cat":[70,72,86],"product_tag":[],"class_list":{"0":"post-4478","1":"product","2":"type-product","3":"status-publish","4":"has-post-thumbnail","6":"product_brand-direct-air","7":"product_cat-climatisation-chauffage","8":"product_cat-systeme-mural","9":"product_cat-thermopompes-murales","11":"first","12":"instock","13":"taxable","14":"shipping-taxable","15":"product-type-variable"},"yoast_head":"<!-- This site is optimized with the Yoast SEO Premium plugin v24.2 (Yoast SEO v24.2) - https:\/\/yoast.com\/wordpress\/plugins\/seo\/ -->\n<title>Thermopompe murale S\u00e9rie 23 SEER de Direct Air - Groupe BelleFlamme<\/title>\n<meta name=\"description\" content=\"Thermopompe murale S\u00e9rie 23 SEER de Direct Air vendu et install\u00e9 par le Groupe Belleflamme. Laval, Montr\u00e9al, Gatineau et Saint-Sauveur.\" \/>\n<meta name=\"robots\" content=\"index, follow, max-snippet:-1, max-image-preview:large, max-video-preview:-1\" \/>\n<link rel=\"canonical\" href=\"https:\/\/staging.belleflamme.ca\/fr\/produit\/thermopompe-murale-serie-23-seer\/\" \/>\n<meta property=\"og:locale\" content=\"fr_FR\" \/>\n<meta property=\"og:type\" content=\"article\" \/>\n<meta property=\"og:title\" content=\"Thermopompe murale S\u00e9rie 23 SEER de Direct Air\" \/>\n<meta property=\"og:description\" content=\"Thermopompe murale S\u00e9rie 23 SEER de Direct Air vendu et install\u00e9 par le Groupe Belleflamme. Laval, Montr\u00e9al, Gatineau et Saint-Sauveur.\" \/>\n<meta property=\"og:url\" content=\"https:\/\/staging.belleflamme.ca\/fr\/produit\/thermopompe-murale-serie-23-seer\/\" \/>\n<meta property=\"og:site_name\" content=\"Groupe BelleFlamme\" \/>\n<meta property=\"article:publisher\" content=\"https:\/\/www.facebook.com\/belleflamme.ca\/\" \/>\n<meta property=\"article:modified_time\" content=\"2024-11-28T14:28:03+00:00\" \/>\n<meta property=\"og:image\" content=\"https:\/\/www.belleflamme.ca\/wp-content\/uploads\/2023\/02\/Thermopompe-Murale-Heat-Extreme-de-Direct-Air.webp\" \/>\n\t<meta property=\"og:image:width\" content=\"600\" \/>\n\t<meta property=\"og:image:height\" content=\"600\" \/>\n\t<meta property=\"og:image:type\" content=\"image\/webp\" \/>\n<meta name=\"twitter:card\" content=\"summary_large_image\" \/>\n<meta name=\"twitter:label1\" content=\"Disponibilit\u00e9\" \/>\n\t<meta name=\"twitter:data1\" content=\"En stock\" \/>\n<script type=\"application\/ld+json\" class=\"yoast-schema-graph\">{\"@context\":\"https:\/\/schema.org\",\"@graph\":[{\"@type\":[\"WebPage\",\"ItemPage\"],\"@id\":\"https:\/\/staging.belleflamme.ca\/fr\/produit\/thermopompe-murale-serie-23-seer\/\",\"url\":\"https:\/\/staging.belleflamme.ca\/fr\/produit\/thermopompe-murale-serie-23-seer\/\",\"name\":\"Thermopompe murale S\u00e9rie 23 SEER de Direct Air - Groupe BelleFlamme\",\"isPartOf\":{\"@id\":\"https:\/\/www.belleflamme.ca\/fr\/#website\"},\"primaryImageOfPage\":{\"@id\":\"https:\/\/staging.belleflamme.ca\/fr\/produit\/thermopompe-murale-serie-23-seer\/#primaryimage\"},\"image\":{\"@id\":\"https:\/\/staging.belleflamme.ca\/fr\/produit\/thermopompe-murale-serie-23-seer\/#primaryimage\"},\"thumbnailUrl\":\"https:\/\/staging.belleflamme.ca\/wp-content\/uploads\/2023\/02\/Thermopompe-Murale-Heat-Extreme-de-Direct-Air.webp\",\"datePublished\":\"2023-02-15T21:32:34+00:00\",\"dateModified\":\"2024-11-28T14:28:03+00:00\",\"description\":\"Thermopompe murale S\u00e9rie 23 SEER de Direct Air vendu et install\u00e9 par le Groupe Belleflamme. Laval, Montr\u00e9al, Gatineau et Saint-Sauveur.\",\"breadcrumb\":{\"@id\":\"https:\/\/staging.belleflamme.ca\/fr\/produit\/thermopompe-murale-serie-23-seer\/#breadcrumb\"},\"inLanguage\":\"fr-FR\",\"potentialAction\":[{\"@type\":\"ReadAction\",\"target\":[\"https:\/\/staging.belleflamme.ca\/fr\/produit\/thermopompe-murale-serie-23-seer\/\"]}]},{\"@type\":\"ImageObject\",\"inLanguage\":\"fr-FR\",\"@id\":\"https:\/\/staging.belleflamme.ca\/fr\/produit\/thermopompe-murale-serie-23-seer\/#primaryimage\",\"url\":\"https:\/\/staging.belleflamme.ca\/wp-content\/uploads\/2023\/02\/Thermopompe-Murale-Heat-Extreme-de-Direct-Air.webp\",\"contentUrl\":\"https:\/\/staging.belleflamme.ca\/wp-content\/uploads\/2023\/02\/Thermopompe-Murale-Heat-Extreme-de-Direct-Air.webp\",\"width\":600,\"height\":600,\"caption\":\"Thermopompe Murale Heat Extreme de Direct Air\"},{\"@type\":\"BreadcrumbList\",\"@id\":\"https:\/\/staging.belleflamme.ca\/fr\/produit\/thermopompe-murale-serie-23-seer\/#breadcrumb\",\"itemListElement\":[{\"@type\":\"ListItem\",\"position\":1,\"name\":\"Accueil\",\"item\":\"https:\/\/www.belleflamme.ca\/fr\/\"},{\"@type\":\"ListItem\",\"position\":2,\"name\":\"Boutique\",\"item\":\"https:\/\/www.belleflamme.ca\/fr\/boutique\/\"},{\"@type\":\"ListItem\",\"position\":3,\"name\":\"Climatisation &amp; Chauffage\",\"item\":\"https:\/\/staging.belleflamme.ca\/fr\/categories\/climatisation-chauffage\/\"},{\"@type\":\"ListItem\",\"position\":4,\"name\":\"Syst\u00e8me Mural\",\"item\":\"https:\/\/staging.belleflamme.ca\/fr\/categories\/climatisation-chauffage\/systeme-mural\/\"},{\"@type\":\"ListItem\",\"position\":5,\"name\":\"Thermopompes Murales\",\"item\":\"https:\/\/staging.belleflamme.ca\/fr\/categories\/climatisation-chauffage\/systeme-mural\/thermopompes-murales\/\"},{\"@type\":\"ListItem\",\"position\":6,\"name\":\"Thermopompe murale S\u00e9rie 23 SEER de Direct Air\"}]},{\"@type\":\"WebSite\",\"@id\":\"https:\/\/www.belleflamme.ca\/fr\/#website\",\"url\":\"https:\/\/www.belleflamme.ca\/fr\/\",\"name\":\"Groupe Belleflamme\",\"description\":\"La m\u00e9canique du b\u00e2timent dans le sang.\",\"publisher\":{\"@id\":\"https:\/\/www.belleflamme.ca\/fr\/#organization\"},\"potentialAction\":[{\"@type\":\"SearchAction\",\"target\":{\"@type\":\"EntryPoint\",\"urlTemplate\":\"https:\/\/www.belleflamme.ca\/fr\/?s={search_term_string}\"},\"query-input\":{\"@type\":\"PropertyValueSpecification\",\"valueRequired\":true,\"valueName\":\"search_term_string\"}}],\"inLanguage\":\"fr-FR\"},{\"@type\":[\"Organization\",\"Place\"],\"@id\":\"https:\/\/www.belleflamme.ca\/fr\/#organization\",\"name\":\"Groupe Belleflamme\",\"alternateName\":\"Belleflamme\",\"url\":\"https:\/\/www.belleflamme.ca\/fr\/\",\"logo\":{\"@type\":\"ImageObject\",\"inLanguage\":\"fr-FR\",\"@id\":\"https:\/\/www.belleflamme.ca\/fr\/#\/schema\/logo\/image\/\",\"url\":\"https:\/\/staging.belleflamme.ca\/wp-content\/uploads\/2023\/01\/og-image.jpg\",\"contentUrl\":\"https:\/\/staging.belleflamme.ca\/wp-content\/uploads\/2023\/01\/og-image.jpg\",\"width\":1200,\"height\":630,\"caption\":\"Groupe Belleflamme\"},\"image\":{\"@id\":\"https:\/\/www.belleflamme.ca\/fr\/#\/schema\/logo\/image\/\"},\"sameAs\":[\"https:\/\/www.facebook.com\/belleflamme.ca\/\",\"https:\/\/www.linkedin.com\/company\/belleflamme\/\",\"https:\/\/www.pinterest.ca\/groupebelleflamme\/\",\"https:\/\/www.instagram.com\/legroupebelleflamme\/\"],\"mainEntityOfPage\":{\"@id\":\"https:\/\/staging.belleflamme.ca\/fr\/produit\/thermopompe-murale-serie-23-seer\/\"}}]}<\/script>\n<meta property=\"product:brand\" content=\"Direct Air\" \/>\n<meta property=\"og:availability\" content=\"instock\" \/>\n<meta property=\"product:availability\" content=\"instock\" \/>\n<meta property=\"product:condition\" content=\"new\" \/>\n<!-- \/ Yoast SEO Premium plugin. -->","yoast_head_json":{"title":"Thermopompe murale S\u00e9rie 23 SEER de Direct Air - Groupe BelleFlamme","description":"Thermopompe murale S\u00e9rie 23 SEER de Direct Air vendu et install\u00e9 par le Groupe Belleflamme. Laval, Montr\u00e9al, Gatineau et Saint-Sauveur.","robots":{"index":"index","follow":"follow","max-snippet":"max-snippet:-1","max-image-preview":"max-image-preview:large","max-video-preview":"max-video-preview:-1"},"canonical":"https:\/\/staging.belleflamme.ca\/fr\/produit\/thermopompe-murale-serie-23-seer\/","og_locale":"fr_FR","og_type":"article","og_title":"Thermopompe murale S\u00e9rie 23 SEER de Direct Air","og_description":"Thermopompe murale S\u00e9rie 23 SEER de Direct Air vendu et install\u00e9 par le Groupe Belleflamme. Laval, Montr\u00e9al, Gatineau et Saint-Sauveur.","og_url":"https:\/\/staging.belleflamme.ca\/fr\/produit\/thermopompe-murale-serie-23-seer\/","og_site_name":"Groupe BelleFlamme","article_publisher":"https:\/\/www.facebook.com\/belleflamme.ca\/","article_modified_time":"2024-11-28T14:28:03+00:00","og_image":[{"width":600,"height":600,"url":"https:\/\/www.belleflamme.ca\/wp-content\/uploads\/2023\/02\/Thermopompe-Murale-Heat-Extreme-de-Direct-Air.webp","type":"image\/webp"}],"twitter_card":"summary_large_image","twitter_misc":{"Disponibilit\u00e9":"En stock"},"schema":{"@context":"https:\/\/schema.org","@graph":[{"@type":["WebPage","ItemPage"],"@id":"https:\/\/staging.belleflamme.ca\/fr\/produit\/thermopompe-murale-serie-23-seer\/","url":"https:\/\/staging.belleflamme.ca\/fr\/produit\/thermopompe-murale-serie-23-seer\/","name":"Thermopompe murale S\u00e9rie 23 SEER de Direct Air - Groupe BelleFlamme","isPartOf":{"@id":"https:\/\/www.belleflamme.ca\/fr\/#website"},"primaryImageOfPage":{"@id":"https:\/\/staging.belleflamme.ca\/fr\/produit\/thermopompe-murale-serie-23-seer\/#primaryimage"},"image":{"@id":"https:\/\/staging.belleflamme.ca\/fr\/produit\/thermopompe-murale-serie-23-seer\/#primaryimage"},"thumbnailUrl":"https:\/\/staging.belleflamme.ca\/wp-content\/uploads\/2023\/02\/Thermopompe-Murale-Heat-Extreme-de-Direct-Air.webp","datePublished":"2023-02-15T21:32:34+00:00","dateModified":"2024-11-28T14:28:03+00:00","description":"Thermopompe murale S\u00e9rie 23 SEER de Direct Air vendu et install\u00e9 par le Groupe Belleflamme. Laval, Montr\u00e9al, Gatineau et Saint-Sauveur.","breadcrumb":{"@id":"https:\/\/staging.belleflamme.ca\/fr\/produit\/thermopompe-murale-serie-23-seer\/#breadcrumb"},"inLanguage":"fr-FR","potentialAction":[{"@type":"ReadAction","target":["https:\/\/staging.belleflamme.ca\/fr\/produit\/thermopompe-murale-serie-23-seer\/"]}]},{"@type":"ImageObject","inLanguage":"fr-FR","@id":"https:\/\/staging.belleflamme.ca\/fr\/produit\/thermopompe-murale-serie-23-seer\/#primaryimage","url":"https:\/\/staging.belleflamme.ca\/wp-content\/uploads\/2023\/02\/Thermopompe-Murale-Heat-Extreme-de-Direct-Air.webp","contentUrl":"https:\/\/staging.belleflamme.ca\/wp-content\/uploads\/2023\/02\/Thermopompe-Murale-Heat-Extreme-de-Direct-Air.webp","width":600,"height":600,"caption":"Thermopompe Murale Heat Extreme de Direct Air"},{"@type":"BreadcrumbList","@id":"https:\/\/staging.belleflamme.ca\/fr\/produit\/thermopompe-murale-serie-23-seer\/#breadcrumb","itemListElement":[{"@type":"ListItem","position":1,"name":"Accueil","item":"https:\/\/www.belleflamme.ca\/fr\/"},{"@type":"ListItem","position":2,"name":"Boutique","item":"https:\/\/www.belleflamme.ca\/fr\/boutique\/"},{"@type":"ListItem","position":3,"name":"Climatisation &amp; Chauffage","item":"https:\/\/staging.belleflamme.ca\/fr\/categories\/climatisation-chauffage\/"},{"@type":"ListItem","position":4,"name":"Syst\u00e8me Mural","item":"https:\/\/staging.belleflamme.ca\/fr\/categories\/climatisation-chauffage\/systeme-mural\/"},{"@type":"ListItem","position":5,"name":"Thermopompes Murales","item":"https:\/\/staging.belleflamme.ca\/fr\/categories\/climatisation-chauffage\/systeme-mural\/thermopompes-murales\/"},{"@type":"ListItem","position":6,"name":"Thermopompe murale S\u00e9rie 23 SEER de Direct Air"}]},{"@type":"WebSite","@id":"https:\/\/www.belleflamme.ca\/fr\/#website","url":"https:\/\/www.belleflamme.ca\/fr\/","name":"Groupe Belleflamme","description":"La m\u00e9canique du b\u00e2timent dans le sang.","publisher":{"@id":"https:\/\/www.belleflamme.ca\/fr\/#organization"},"potentialAction":[{"@type":"SearchAction","target":{"@type":"EntryPoint","urlTemplate":"https:\/\/www.belleflamme.ca\/fr\/?s={search_term_string}"},"query-input":{"@type":"PropertyValueSpecification","valueRequired":true,"valueName":"search_term_string"}}],"inLanguage":"fr-FR"},{"@type":["Organization","Place"],"@id":"https:\/\/www.belleflamme.ca\/fr\/#organization","name":"Groupe Belleflamme","alternateName":"Belleflamme","url":"https:\/\/www.belleflamme.ca\/fr\/","logo":{"@type":"ImageObject","inLanguage":"fr-FR","@id":"https:\/\/www.belleflamme.ca\/fr\/#\/schema\/logo\/image\/","url":"https:\/\/staging.belleflamme.ca\/wp-content\/uploads\/2023\/01\/og-image.jpg","contentUrl":"https:\/\/staging.belleflamme.ca\/wp-content\/uploads\/2023\/01\/og-image.jpg","width":1200,"height":630,"caption":"Groupe Belleflamme"},"image":{"@id":"https:\/\/www.belleflamme.ca\/fr\/#\/schema\/logo\/image\/"},"sameAs":["https:\/\/www.facebook.com\/belleflamme.ca\/","https:\/\/www.linkedin.com\/company\/belleflamme\/","https:\/\/www.pinterest.ca\/groupebelleflamme\/","https:\/\/www.instagram.com\/legroupebelleflamme\/"],"mainEntityOfPage":{"@id":"https:\/\/staging.belleflamme.ca\/fr\/produit\/thermopompe-murale-serie-23-seer\/"}}]},"product_brand":"Direct Air","og_availability":"instock","product_availability":"instock","product_condition":"new"},"_links":{"self":[{"href":"https:\/\/staging.belleflamme.ca\/fr\/wp-json\/wp\/v2\/product\/4478","targetHints":{"allow":["GET"]}}],"collection":[{"href":"https:\/\/staging.belleflamme.ca\/fr\/wp-json\/wp\/v2\/product"}],"about":[{"href":"https:\/\/staging.belleflamme.ca\/fr\/wp-json\/wp\/v2\/types\/product"}],"version-history":[{"count":26,"href":"https:\/\/staging.belleflamme.ca\/fr\/wp-json\/wp\/v2\/product\/4478\/revisions"}],"predecessor-version":[{"id":44138,"href":"https:\/\/staging.belleflamme.ca\/fr\/wp-json\/wp\/v2\/product\/4478\/revisions\/44138"}],"wp:featuredmedia":[{"embeddable":true,"href":"https:\/\/staging.belleflamme.ca\/fr\/wp-json\/wp\/v2\/media\/44136"}],"wp:attachment":[{"href":"https:\/\/staging.belleflamme.ca\/fr\/wp-json\/wp\/v2\/media?parent=4478"}],"wp:term":[{"taxonomy":"product_brand","embeddable":true,"href":"https:\/\/staging.belleflamme.ca\/fr\/wp-json\/wp\/v2\/product_brand?post=4478"},{"taxonomy":"product_cat","embeddable":true,"href":"https:\/\/staging.belleflamme.ca\/fr\/wp-json\/wp\/v2\/product_cat?post=4478"},{"taxonomy":"product_tag","embeddable":true,"href":"https:\/\/staging.belleflamme.ca\/fr\/wp-json\/wp\/v2\/product_tag?post=4478"}],"curies":[{"name":"wp","href":"https:\/\/api.w.org\/{rel}","templated":true}]}}