{"id":44705,"date":"2024-12-03T10:13:54","date_gmt":"2024-12-03T15:13:54","guid":{"rendered":"https:\/\/www.belleflamme.ca\/?post_type=product&#038;p=44705"},"modified":"2024-12-03T13:28:29","modified_gmt":"2024-12-03T18:28:29","slug":"climatiseur-mural-4tyk17-de-trane","status":"publish","type":"product","link":"https:\/\/staging.belleflamme.ca\/fr\/produit\/climatiseur-mural-4tyk17-de-trane\/","title":{"rendered":"Climatiseur Mural 4TYK17 de Trane"},"content":{"rendered":"\t\t<div data-elementor-type=\"product-post\" data-elementor-id=\"44705\" class=\"elementor elementor-44705\" data-elementor-post-type=\"product\">\n\t\t\t\t\t\t<section class=\"elementor-section elementor-top-section elementor-element elementor-element-6a542959 elementor-section-boxed elementor-section-height-default elementor-section-height-default\" data-id=\"6a542959\" data-element_type=\"section\">\n\t\t\t\t\t\t<div class=\"elementor-container elementor-column-gap-default\">\n\t\t\t\t\t<div class=\"elementor-column elementor-col-100 elementor-top-column elementor-element elementor-element-4c333914\" data-id=\"4c333914\" data-element_type=\"column\">\n\t\t\t<div class=\"elementor-widget-wrap elementor-element-populated\">\n\t\t\t\t\t\t<div class=\"elementor-element elementor-element-366e6710 elementor-widget elementor-widget-text-editor\" data-id=\"366e6710\" data-element_type=\"widget\" data-widget_type=\"text-editor.default\">\n\t\t\t\t<div class=\"elementor-widget-container\">\n\t\t\t\t\t\t\t\t\t<h2>Syst\u00e8me Split (R-410A, 60 Hz) 17 SEER,<br \/>Syst\u00e8me Inverter &#8211; 9\u00a0000 \u00e0 24\u00a0000 BTU\/h<\/h2><p>Quels que soient leurs besoins sp\u00e9cifiques en chauffage et en climatisation, les gens font confiance \u00e0 Trane pour fournir des solutions fiables et efficaces. Les syst\u00e8mes sans conduits Trane vous permettent de cr\u00e9er un environnement int\u00e9rieur confortable dans les espaces o\u00f9 l&#8217;ajout de conduits peut \u00eatre peu pratique ou trop co\u00fbteux, ou pas aussi efficace qu&#8217;une option sans conduit. R\u00e9novez une maison qui n&#8217;a pas de syst\u00e8me de conduits ou dont le syst\u00e8me central est d\u00e9j\u00e0 \u00e0 pleine capacit\u00e9. Apportez un confort efficace et \u00e9conomique aux nouvelles pi\u00e8ces ajout\u00e9es. Fournissez un chauffage et une climatisation ponctuels qui fonctionnent ind\u00e9pendamment du syst\u00e8me central. Utilisez l&#8217;efficacit\u00e9 sans conduit pour les nouveaux projets de construction o\u00f9 les syst\u00e8mes sans conduits sont plus judicieux qu&#8217;un syst\u00e8me traditionnel avec conduits. Les syst\u00e8mes sans conduits Trane faciles \u00e0 installer offrent une flexibilit\u00e9 de conception et offrent efficacit\u00e9 et \u00e9conomie avec deux composants simples &#8211; une unit\u00e9 ext\u00e9rieure et une ou plusieurs unit\u00e9s int\u00e9rieures \u00e9l\u00e9gantes et discr\u00e8tes. Tous construits avec la fiabilit\u00e9 l\u00e9gendaire et la pens\u00e9e innovante de Trane.<\/p><p><img decoding=\"async\" src=\"https:\/\/live-trane-headless-cms.pantheonsite.io\/wp-content\/uploads\/2022\/03\/design-flexibility-icon.svg\" alt=\"ic\u00f4ne\" width=\"30\" height=\"30\" data-nimg=\"1\" \/><\/p><h3>Flexibilit\u00e9 de conception<\/h3><p>Comme il n&#8217;y a pas de conduits \u00e0 installer, il est facile d&#8217;ajouter une unit\u00e9 sans conduit Trane pratiquement n&#8217;importe o\u00f9. L&#8217;installation du climatiseur monozone 4TYK17 est un jeu d&#8217;enfant, ce qui en fait une solution \u00e9conomique et efficace.<\/p><p><img decoding=\"async\" src=\"https:\/\/live-trane-headless-cms.pantheonsite.io\/wp-content\/uploads\/2022\/03\/speaker-icon.svg\" alt=\"ic\u00f4ne\" width=\"30\" height=\"30\" data-nimg=\"1\" \/><\/p><h3>Performance silencieuse<\/h3><p>Les bouches d&#8217;a\u00e9ration sp\u00e9cialement con\u00e7ues r\u00e9duisent efficacement le bruit pour offrir un confort silencieux et un fonctionnement silencieux.<\/p><p><img decoding=\"async\" src=\"https:\/\/live-trane-headless-cms.pantheonsite.io\/wp-content\/uploads\/2022\/04\/fresh-star-icon.svg\" alt=\"ic\u00f4ne\" width=\"30\" height=\"30\" data-nimg=\"1\" \/><\/p><h3>Efficacit\u00e9 \u00e9nerg\u00e9tique accrue<\/h3><p>Avec les syst\u00e8mes sans conduits, vous n&#8217;avez pas \u00e0 vous soucier des pertes d&#8217;\u00e9nergie li\u00e9es \u00e0 l&#8217;usure ou au mauvais entretien des conduits. Cela, combin\u00e9 aux cotes SEER plus \u00e9lev\u00e9es des syst\u00e8mes Trane, pourrait vous aider \u00e0 \u00e9conomiser de l&#8217;argent sur vos factures d&#8217;\u00e9nergie mensuelles.<\/p><p><img loading=\"lazy\" decoding=\"async\" src=\"https:\/\/live-trane-headless-cms.pantheonsite.io\/wp-content\/uploads\/2022\/04\/dollar-sign-icon.svg\" alt=\"ic\u00f4ne\" width=\"30\" height=\"30\" data-nimg=\"1\" \/><\/p><h3>Maximiser les \u00e9conomies d&#8217;\u00e9nergie<\/h3><p>En vous concentrant sur le chauffage et la climatisation d\u2019une seule pi\u00e8ce ou d\u2019un seul espace, vous pouvez \u00e9conomiser de l\u2019\u00e9nergie et r\u00e9duire vos factures d\u2019\u00e9nergie mensuelles.<\/p><h3>Sp\u00e9cifications du climatiseur monozone 4TYK17<\/h3><p><strong>Chaque unit\u00e9 sans conduit Trane se compose d&#8217;une unit\u00e9 int\u00e9rieure et d&#8217;une unit\u00e9 ext\u00e9rieure. Les unit\u00e9s ext\u00e9rieures Trane sont dot\u00e9es des caract\u00e9ristiques suivantes :<\/strong><\/p><p>Technologie d&#8217;onduleur \u00e0 vitesse variable<br \/>Minimise les fluctuations de la temp\u00e9rature ambiante en permettant au compresseur de s&#8217;ajuster en continu pour r\u00e9pondre \u00e0 votre r\u00e9glage de confort.<\/p><p><strong>Efficacit\u00e9 \u00e9nerg\u00e9tique<\/strong><br \/>Jusqu&#8217;\u00e0 35 % plus efficace qu&#8217;un compresseur classique \u00e0 vitesse unique.<\/p><p><strong>D\u00e9givrage intelligent<\/strong><br \/>Am\u00e9liore automatiquement l&#8217;efficacit\u00e9 de chauffage du syst\u00e8me et vous aide \u00e0 \u00e9conomiser de l&#8217;\u00e9nergie<\/p><p><strong>Bobine anticorrosion<\/strong><br \/>Le traitement sp\u00e9cial anticorrosion Blue Fin augmente la durabilit\u00e9 et maintient l&#8217;efficacit\u00e9. (De s\u00e9rie sur tous les mod\u00e8les de pompes \u00e0 chaleur.)<\/p><p><strong>Compresseur sans balais<\/strong><br \/>Le compresseur rotatif double sans balais \u00e0 courant continu offre un meilleur \u00e9quilibre, une consommation d&#8217;\u00e9nergie plus faible et une efficacit\u00e9 plus \u00e9lev\u00e9e.<\/p><p><strong>Protection du compresseur<\/strong><br \/>Arr\u00eate ou retarde le fonctionnement du compresseur en cas de conflits.<\/p><p><strong>Grille robuste<\/strong><br \/>L&#8217;acier galvanis\u00e9 \u00e0 chaud robuste emp\u00eache les dommages et permet une circulation d&#8217;air sans obstruction.<\/p><p style=\"text-align: center;\"><img loading=\"lazy\" decoding=\"async\" class=\"alignnone size-full wp-image-44976\" src=\"https:\/\/www.belleflamme.ca\/wp-content\/uploads\/2024\/12\/Garantie-Belleflamme-FR-2-1.png\" alt=\"\" width=\"250\" height=\"250\" srcset=\"https:\/\/staging.belleflamme.ca\/wp-content\/uploads\/2024\/12\/Garantie-Belleflamme-FR-2-1.png 250w, https:\/\/staging.belleflamme.ca\/wp-content\/uploads\/2024\/12\/Garantie-Belleflamme-FR-2-1-150x150.png 150w, https:\/\/staging.belleflamme.ca\/wp-content\/uploads\/2024\/12\/Garantie-Belleflamme-FR-2-1-100x100.png 100w\" sizes=\"(max-width: 250px) 100vw, 250px\" \/><\/p><table><thead><tr><td>Mod\u00e8le<\/td><td>Hauteur (IN.)<\/td><td>Largeur (PO.)<\/td><td>Profondeur (IN.)<\/td><\/tr><\/thead><tbody><tr><td>4TYK1709A10N0A<\/td><td>21-54\/64<\/td><td>28-52\/64<\/td><td>12-63\/64<\/td><\/tr><tr><td>4TYK1712A10N0A<\/td><td>21,66<\/td><td>28,81<\/td><td>12,98<\/td><\/tr><tr><td>4TYK1718A10N0A<\/td><td>21-54\/64<\/td><td>31-37\/64<\/td><td>13-50\/64<\/td><\/tr><tr><td>4TYK1724A10N0A<\/td><td>25-63\/64<\/td><td>37-46\/64<\/td><td>15-53\/64<\/td><\/tr><\/tbody><\/table><p style=\"text-align: center;\"><img loading=\"lazy\" decoding=\"async\" src=\"https:\/\/www.belleflamme.ca\/wp-content\/uploads\/2024\/12\/2024-12-03-10_10_24-22-1967-1A-EN_05202022.PDF.png\" alt=\"\" width=\"706\" height=\"934\" \/><\/p><p style=\"text-align: center;\"><img loading=\"lazy\" decoding=\"async\" src=\"https:\/\/www.belleflamme.ca\/wp-content\/uploads\/2024\/12\/2024-12-03-10_13_01-22-1967-1A-EN_05202022.PDF.png\" alt=\"\" width=\"707\" height=\"917\" \/><\/p>\t\t\t\t\t\t\t\t<\/div>\n\t\t\t\t<\/div>\n\t\t\t\t\t<\/div>\n\t\t<\/div>\n\t\t\t\t\t<\/div>\n\t\t<\/section>\n\t\t\t\t<section class=\"elementor-section elementor-top-section elementor-element elementor-element-d3f2620 elementor-section-boxed elementor-section-height-default elementor-section-height-default\" data-id=\"d3f2620\" data-element_type=\"section\">\n\t\t\t\t\t\t<div class=\"elementor-container elementor-column-gap-default\">\n\t\t\t\t\t<div class=\"elementor-column elementor-col-100 elementor-top-column elementor-element elementor-element-99283ef\" data-id=\"99283ef\" data-element_type=\"column\">\n\t\t\t<div class=\"elementor-widget-wrap elementor-element-populated\">\n\t\t\t\t\t\t<div class=\"elementor-element elementor-element-48eca80 elementor-tabs-view-horizontal elementor-widget elementor-widget-tabs\" data-id=\"48eca80\" data-element_type=\"widget\" data-widget_type=\"tabs.default\">\n\t\t\t\t<div class=\"elementor-widget-container\">\n\t\t\t\t\t\t\t<div class=\"elementor-tabs\">\n\t\t\t<div class=\"elementor-tabs-wrapper\" role=\"tablist\" >\n\t\t\t\t\t\t\t\t\t<div id=\"elementor-tab-title-7641\" class=\"elementor-tab-title elementor-tab-desktop-title\" aria-selected=\"true\" data-tab=\"1\" role=\"tab\" tabindex=\"0\" aria-controls=\"elementor-tab-content-7641\" aria-expanded=\"false\">Fichiers<\/div>\n\t\t\t\t\t\t\t<\/div>\n\t\t\t<div class=\"elementor-tabs-content-wrapper\" role=\"tablist\" aria-orientation=\"vertical\">\n\t\t\t\t\t\t\t\t\t<div class=\"elementor-tab-title elementor-tab-mobile-title\" aria-selected=\"true\" data-tab=\"1\" role=\"tab\" tabindex=\"0\" aria-controls=\"elementor-tab-content-7641\" aria-expanded=\"false\">Fichiers<\/div>\n\t\t\t\t\t<div id=\"elementor-tab-content-7641\" class=\"elementor-tab-content elementor-clearfix\" data-tab=\"1\" role=\"tabpanel\" aria-labelledby=\"elementor-tab-title-7641\" tabindex=\"0\" hidden=\"false\"><i class=\"far fa-file-pdf fa-xl\" style=\"font-size:35px\"><\/i><a href=\"https:\/\/www.belleflamme.ca\/wp-content\/uploads\/2024\/12\/trane-ductless-standard-brochure-current-1.pdf\"> Brochure<\/a><\/br>\n<i class=\"far fa-file-pdf fa-xl\" style=\"font-size:35px\"><\/i><a href=\"https:\/\/www.belleflamme.ca\/wp-content\/uploads\/2024\/12\/32-5084-1B-EN_05212024-1-1.pdf\"> Manuel d&#8217;utilisation<\/a><\/br>\n<i class=\"far fa-file-pdf fa-xl\" style=\"font-size:35px\"><\/i><a href=\"https:\/\/www.belleflamme.ca\/wp-content\/uploads\/2024\/12\/22-1967-1A-EN_05202022.pdf\"> Sp\u00e9cification<\/a><\/br>\n<i class=\"far fa-file-pdf fa-xl\" style=\"font-size:35px\"><\/i><a href=\"https:\/\/www.belleflamme.ca\/wp-content\/uploads\/2024\/12\/MS-SVN081B-FC_03162023-2.pdf\"> Installation<\/a><\/br><\/div>\n\t\t\t\t\t\t\t<\/div>\n\t\t<\/div>\n\t\t\t\t\t\t<\/div>\n\t\t\t\t<\/div>\n\t\t\t\t\t<\/div>\n\t\t<\/div>\n\t\t\t\t\t<\/div>\n\t\t<\/section>\n\t\t\t\t<\/div>\n\t\t","protected":false},"excerpt":{"rendered":"<p>Syst\u00e8me Split (R-410A, 60 Hz) 17 SEER,Syst\u00e8me Inverter &#8211; 9\u00a0000 \u00e0 24\u00a0000 BTU\/h Quels que soient leurs besoins sp\u00e9cifiques en chauffage et en climatisation, les gens font confiance \u00e0 Trane pour fournir des solutions fiables et efficaces. Les syst\u00e8mes sans conduits Trane vous permettent de cr\u00e9er un environnement int\u00e9rieur confortable dans les espaces o\u00f9 l&#8217;ajout [&hellip;]<\/p>\n","protected":false},"featured_media":44706,"template":"","meta":{"inline_featured_image":false},"product_brand":[291],"product_cat":[70,85,72],"product_tag":[],"class_list":{"0":"post-44705","1":"product","2":"type-product","3":"status-publish","4":"has-post-thumbnail","6":"product_brand-trane","7":"product_cat-climatisation-chauffage","8":"product_cat-climatisation-murale","9":"product_cat-systeme-mural","11":"first","12":"instock","13":"taxable","14":"shipping-taxable","15":"product-type-variable"},"yoast_head":"<!-- This site is optimized with the Yoast SEO Premium plugin v24.2 (Yoast SEO v24.2) - https:\/\/yoast.com\/wordpress\/plugins\/seo\/ -->\n<title>Climatiseur Mural 4TYK17 de Trane - Groupe BelleFlamme<\/title>\n<meta name=\"description\" content=\"Air Climatis\u00e9 Murale 4TYK17 de Trane vendu et install\u00e9 par le Groupe Belleflamme. Laval, Montr\u00e9al, Gatineau et Saint-Sauveur.\" \/>\n<meta name=\"robots\" content=\"index, follow, max-snippet:-1, max-image-preview:large, max-video-preview:-1\" \/>\n<link rel=\"canonical\" href=\"https:\/\/staging.belleflamme.ca\/fr\/produit\/climatiseur-mural-4tyk17-de-trane\/\" \/>\n<meta property=\"og:locale\" content=\"fr_FR\" \/>\n<meta property=\"og:type\" content=\"article\" \/>\n<meta property=\"og:title\" content=\"Climatiseur Mural 4TYK17 de Trane\" \/>\n<meta property=\"og:description\" content=\"Air Climatis\u00e9 Murale 4TYK17 de Trane vendu et install\u00e9 par le Groupe Belleflamme. Laval, Montr\u00e9al, Gatineau et Saint-Sauveur.\" \/>\n<meta property=\"og:url\" content=\"https:\/\/staging.belleflamme.ca\/fr\/produit\/climatiseur-mural-4tyk17-de-trane\/\" \/>\n<meta property=\"og:site_name\" content=\"Groupe BelleFlamme\" \/>\n<meta property=\"article:publisher\" content=\"https:\/\/www.facebook.com\/belleflamme.ca\/\" \/>\n<meta property=\"article:modified_time\" content=\"2024-12-03T18:28:29+00:00\" \/>\n<meta property=\"og:image\" content=\"https:\/\/www.belleflamme.ca\/wp-content\/uploads\/2024\/12\/Air-Climatise-Murale-4TYK17-de-Trane.webp\" \/>\n\t<meta property=\"og:image:width\" content=\"600\" \/>\n\t<meta property=\"og:image:height\" content=\"600\" \/>\n\t<meta property=\"og:image:type\" content=\"image\/webp\" \/>\n<meta name=\"twitter:card\" content=\"summary_large_image\" \/>\n<meta name=\"twitter:label1\" content=\"Disponibilit\u00e9\" \/>\n\t<meta name=\"twitter:data1\" content=\"En stock\" \/>\n<script type=\"application\/ld+json\" class=\"yoast-schema-graph\">{\"@context\":\"https:\/\/schema.org\",\"@graph\":[{\"@type\":[\"WebPage\",\"ItemPage\"],\"@id\":\"https:\/\/staging.belleflamme.ca\/fr\/produit\/climatiseur-mural-4tyk17-de-trane\/\",\"url\":\"https:\/\/staging.belleflamme.ca\/fr\/produit\/climatiseur-mural-4tyk17-de-trane\/\",\"name\":\"Climatiseur Mural 4TYK17 de Trane - Groupe BelleFlamme\",\"isPartOf\":{\"@id\":\"https:\/\/www.belleflamme.ca\/fr\/#website\"},\"primaryImageOfPage\":{\"@id\":\"https:\/\/staging.belleflamme.ca\/fr\/produit\/climatiseur-mural-4tyk17-de-trane\/#primaryimage\"},\"image\":{\"@id\":\"https:\/\/staging.belleflamme.ca\/fr\/produit\/climatiseur-mural-4tyk17-de-trane\/#primaryimage\"},\"thumbnailUrl\":\"https:\/\/staging.belleflamme.ca\/wp-content\/uploads\/2024\/12\/Air-Climatise-Murale-4TYK17-de-Trane.webp\",\"datePublished\":\"2024-12-03T15:13:54+00:00\",\"dateModified\":\"2024-12-03T18:28:29+00:00\",\"description\":\"Air Climatis\u00e9 Murale 4TYK17 de Trane vendu et install\u00e9 par le Groupe Belleflamme. Laval, Montr\u00e9al, Gatineau et Saint-Sauveur.\",\"breadcrumb\":{\"@id\":\"https:\/\/staging.belleflamme.ca\/fr\/produit\/climatiseur-mural-4tyk17-de-trane\/#breadcrumb\"},\"inLanguage\":\"fr-FR\",\"potentialAction\":[{\"@type\":\"ReadAction\",\"target\":[\"https:\/\/staging.belleflamme.ca\/fr\/produit\/climatiseur-mural-4tyk17-de-trane\/\"]}]},{\"@type\":\"ImageObject\",\"inLanguage\":\"fr-FR\",\"@id\":\"https:\/\/staging.belleflamme.ca\/fr\/produit\/climatiseur-mural-4tyk17-de-trane\/#primaryimage\",\"url\":\"https:\/\/staging.belleflamme.ca\/wp-content\/uploads\/2024\/12\/Air-Climatise-Murale-4TYK17-de-Trane.webp\",\"contentUrl\":\"https:\/\/staging.belleflamme.ca\/wp-content\/uploads\/2024\/12\/Air-Climatise-Murale-4TYK17-de-Trane.webp\",\"width\":600,\"height\":600,\"caption\":\"Air Climatis\u00e9 Murale 4TYK17 de Trane\"},{\"@type\":\"BreadcrumbList\",\"@id\":\"https:\/\/staging.belleflamme.ca\/fr\/produit\/climatiseur-mural-4tyk17-de-trane\/#breadcrumb\",\"itemListElement\":[{\"@type\":\"ListItem\",\"position\":1,\"name\":\"Accueil\",\"item\":\"https:\/\/www.belleflamme.ca\/fr\/\"},{\"@type\":\"ListItem\",\"position\":2,\"name\":\"Boutique\",\"item\":\"https:\/\/www.belleflamme.ca\/fr\/boutique\/\"},{\"@type\":\"ListItem\",\"position\":3,\"name\":\"Climatisation &amp; Chauffage\",\"item\":\"https:\/\/staging.belleflamme.ca\/fr\/categories\/climatisation-chauffage\/\"},{\"@type\":\"ListItem\",\"position\":4,\"name\":\"Syst\u00e8me Mural\",\"item\":\"https:\/\/staging.belleflamme.ca\/fr\/categories\/climatisation-chauffage\/systeme-mural\/\"},{\"@type\":\"ListItem\",\"position\":5,\"name\":\"Climatisation murale\",\"item\":\"https:\/\/staging.belleflamme.ca\/fr\/categories\/climatisation-chauffage\/systeme-mural\/climatisation-murale\/\"},{\"@type\":\"ListItem\",\"position\":6,\"name\":\"Climatiseur Mural 4TYK17 de Trane\"}]},{\"@type\":\"WebSite\",\"@id\":\"https:\/\/www.belleflamme.ca\/fr\/#website\",\"url\":\"https:\/\/www.belleflamme.ca\/fr\/\",\"name\":\"Groupe Belleflamme\",\"description\":\"La m\u00e9canique du b\u00e2timent dans le sang.\",\"publisher\":{\"@id\":\"https:\/\/www.belleflamme.ca\/fr\/#organization\"},\"potentialAction\":[{\"@type\":\"SearchAction\",\"target\":{\"@type\":\"EntryPoint\",\"urlTemplate\":\"https:\/\/www.belleflamme.ca\/fr\/?s={search_term_string}\"},\"query-input\":{\"@type\":\"PropertyValueSpecification\",\"valueRequired\":true,\"valueName\":\"search_term_string\"}}],\"inLanguage\":\"fr-FR\"},{\"@type\":[\"Organization\",\"Place\"],\"@id\":\"https:\/\/www.belleflamme.ca\/fr\/#organization\",\"name\":\"Groupe Belleflamme\",\"alternateName\":\"Belleflamme\",\"url\":\"https:\/\/www.belleflamme.ca\/fr\/\",\"logo\":{\"@type\":\"ImageObject\",\"inLanguage\":\"fr-FR\",\"@id\":\"https:\/\/www.belleflamme.ca\/fr\/#\/schema\/logo\/image\/\",\"url\":\"https:\/\/staging.belleflamme.ca\/wp-content\/uploads\/2023\/01\/og-image.jpg\",\"contentUrl\":\"https:\/\/staging.belleflamme.ca\/wp-content\/uploads\/2023\/01\/og-image.jpg\",\"width\":1200,\"height\":630,\"caption\":\"Groupe Belleflamme\"},\"image\":{\"@id\":\"https:\/\/www.belleflamme.ca\/fr\/#\/schema\/logo\/image\/\"},\"sameAs\":[\"https:\/\/www.facebook.com\/belleflamme.ca\/\",\"https:\/\/www.linkedin.com\/company\/belleflamme\/\",\"https:\/\/www.pinterest.ca\/groupebelleflamme\/\",\"https:\/\/www.instagram.com\/legroupebelleflamme\/\"],\"mainEntityOfPage\":{\"@id\":\"https:\/\/staging.belleflamme.ca\/fr\/produit\/climatiseur-mural-4tyk17-de-trane\/\"}}]}<\/script>\n<meta property=\"product:brand\" content=\"Trane\" \/>\n<meta property=\"og:availability\" content=\"instock\" \/>\n<meta property=\"product:availability\" content=\"instock\" \/>\n<meta property=\"product:condition\" content=\"new\" \/>\n<!-- \/ Yoast SEO Premium plugin. -->","yoast_head_json":{"title":"Climatiseur Mural 4TYK17 de Trane - Groupe BelleFlamme","description":"Air Climatis\u00e9 Murale 4TYK17 de Trane vendu et install\u00e9 par le Groupe Belleflamme. Laval, Montr\u00e9al, Gatineau et Saint-Sauveur.","robots":{"index":"index","follow":"follow","max-snippet":"max-snippet:-1","max-image-preview":"max-image-preview:large","max-video-preview":"max-video-preview:-1"},"canonical":"https:\/\/staging.belleflamme.ca\/fr\/produit\/climatiseur-mural-4tyk17-de-trane\/","og_locale":"fr_FR","og_type":"article","og_title":"Climatiseur Mural 4TYK17 de Trane","og_description":"Air Climatis\u00e9 Murale 4TYK17 de Trane vendu et install\u00e9 par le Groupe Belleflamme. Laval, Montr\u00e9al, Gatineau et Saint-Sauveur.","og_url":"https:\/\/staging.belleflamme.ca\/fr\/produit\/climatiseur-mural-4tyk17-de-trane\/","og_site_name":"Groupe BelleFlamme","article_publisher":"https:\/\/www.facebook.com\/belleflamme.ca\/","article_modified_time":"2024-12-03T18:28:29+00:00","og_image":[{"width":600,"height":600,"url":"https:\/\/www.belleflamme.ca\/wp-content\/uploads\/2024\/12\/Air-Climatise-Murale-4TYK17-de-Trane.webp","type":"image\/webp"}],"twitter_card":"summary_large_image","twitter_misc":{"Disponibilit\u00e9":"En stock"},"schema":{"@context":"https:\/\/schema.org","@graph":[{"@type":["WebPage","ItemPage"],"@id":"https:\/\/staging.belleflamme.ca\/fr\/produit\/climatiseur-mural-4tyk17-de-trane\/","url":"https:\/\/staging.belleflamme.ca\/fr\/produit\/climatiseur-mural-4tyk17-de-trane\/","name":"Climatiseur Mural 4TYK17 de Trane - Groupe BelleFlamme","isPartOf":{"@id":"https:\/\/www.belleflamme.ca\/fr\/#website"},"primaryImageOfPage":{"@id":"https:\/\/staging.belleflamme.ca\/fr\/produit\/climatiseur-mural-4tyk17-de-trane\/#primaryimage"},"image":{"@id":"https:\/\/staging.belleflamme.ca\/fr\/produit\/climatiseur-mural-4tyk17-de-trane\/#primaryimage"},"thumbnailUrl":"https:\/\/staging.belleflamme.ca\/wp-content\/uploads\/2024\/12\/Air-Climatise-Murale-4TYK17-de-Trane.webp","datePublished":"2024-12-03T15:13:54+00:00","dateModified":"2024-12-03T18:28:29+00:00","description":"Air Climatis\u00e9 Murale 4TYK17 de Trane vendu et install\u00e9 par le Groupe Belleflamme. Laval, Montr\u00e9al, Gatineau et Saint-Sauveur.","breadcrumb":{"@id":"https:\/\/staging.belleflamme.ca\/fr\/produit\/climatiseur-mural-4tyk17-de-trane\/#breadcrumb"},"inLanguage":"fr-FR","potentialAction":[{"@type":"ReadAction","target":["https:\/\/staging.belleflamme.ca\/fr\/produit\/climatiseur-mural-4tyk17-de-trane\/"]}]},{"@type":"ImageObject","inLanguage":"fr-FR","@id":"https:\/\/staging.belleflamme.ca\/fr\/produit\/climatiseur-mural-4tyk17-de-trane\/#primaryimage","url":"https:\/\/staging.belleflamme.ca\/wp-content\/uploads\/2024\/12\/Air-Climatise-Murale-4TYK17-de-Trane.webp","contentUrl":"https:\/\/staging.belleflamme.ca\/wp-content\/uploads\/2024\/12\/Air-Climatise-Murale-4TYK17-de-Trane.webp","width":600,"height":600,"caption":"Air Climatis\u00e9 Murale 4TYK17 de Trane"},{"@type":"BreadcrumbList","@id":"https:\/\/staging.belleflamme.ca\/fr\/produit\/climatiseur-mural-4tyk17-de-trane\/#breadcrumb","itemListElement":[{"@type":"ListItem","position":1,"name":"Accueil","item":"https:\/\/www.belleflamme.ca\/fr\/"},{"@type":"ListItem","position":2,"name":"Boutique","item":"https:\/\/www.belleflamme.ca\/fr\/boutique\/"},{"@type":"ListItem","position":3,"name":"Climatisation &amp; Chauffage","item":"https:\/\/staging.belleflamme.ca\/fr\/categories\/climatisation-chauffage\/"},{"@type":"ListItem","position":4,"name":"Syst\u00e8me Mural","item":"https:\/\/staging.belleflamme.ca\/fr\/categories\/climatisation-chauffage\/systeme-mural\/"},{"@type":"ListItem","position":5,"name":"Climatisation murale","item":"https:\/\/staging.belleflamme.ca\/fr\/categories\/climatisation-chauffage\/systeme-mural\/climatisation-murale\/"},{"@type":"ListItem","position":6,"name":"Climatiseur Mural 4TYK17 de Trane"}]},{"@type":"WebSite","@id":"https:\/\/www.belleflamme.ca\/fr\/#website","url":"https:\/\/www.belleflamme.ca\/fr\/","name":"Groupe Belleflamme","description":"La m\u00e9canique du b\u00e2timent dans le sang.","publisher":{"@id":"https:\/\/www.belleflamme.ca\/fr\/#organization"},"potentialAction":[{"@type":"SearchAction","target":{"@type":"EntryPoint","urlTemplate":"https:\/\/www.belleflamme.ca\/fr\/?s={search_term_string}"},"query-input":{"@type":"PropertyValueSpecification","valueRequired":true,"valueName":"search_term_string"}}],"inLanguage":"fr-FR"},{"@type":["Organization","Place"],"@id":"https:\/\/www.belleflamme.ca\/fr\/#organization","name":"Groupe Belleflamme","alternateName":"Belleflamme","url":"https:\/\/www.belleflamme.ca\/fr\/","logo":{"@type":"ImageObject","inLanguage":"fr-FR","@id":"https:\/\/www.belleflamme.ca\/fr\/#\/schema\/logo\/image\/","url":"https:\/\/staging.belleflamme.ca\/wp-content\/uploads\/2023\/01\/og-image.jpg","contentUrl":"https:\/\/staging.belleflamme.ca\/wp-content\/uploads\/2023\/01\/og-image.jpg","width":1200,"height":630,"caption":"Groupe Belleflamme"},"image":{"@id":"https:\/\/www.belleflamme.ca\/fr\/#\/schema\/logo\/image\/"},"sameAs":["https:\/\/www.facebook.com\/belleflamme.ca\/","https:\/\/www.linkedin.com\/company\/belleflamme\/","https:\/\/www.pinterest.ca\/groupebelleflamme\/","https:\/\/www.instagram.com\/legroupebelleflamme\/"],"mainEntityOfPage":{"@id":"https:\/\/staging.belleflamme.ca\/fr\/produit\/climatiseur-mural-4tyk17-de-trane\/"}}]},"product_brand":"Trane","og_availability":"instock","product_availability":"instock","product_condition":"new"},"_links":{"self":[{"href":"https:\/\/staging.belleflamme.ca\/fr\/wp-json\/wp\/v2\/product\/44705","targetHints":{"allow":["GET"]}}],"collection":[{"href":"https:\/\/staging.belleflamme.ca\/fr\/wp-json\/wp\/v2\/product"}],"about":[{"href":"https:\/\/staging.belleflamme.ca\/fr\/wp-json\/wp\/v2\/types\/product"}],"version-history":[{"count":20,"href":"https:\/\/staging.belleflamme.ca\/fr\/wp-json\/wp\/v2\/product\/44705\/revisions"}],"predecessor-version":[{"id":45031,"href":"https:\/\/staging.belleflamme.ca\/fr\/wp-json\/wp\/v2\/product\/44705\/revisions\/45031"}],"wp:featuredmedia":[{"embeddable":true,"href":"https:\/\/staging.belleflamme.ca\/fr\/wp-json\/wp\/v2\/media\/44706"}],"wp:attachment":[{"href":"https:\/\/staging.belleflamme.ca\/fr\/wp-json\/wp\/v2\/media?parent=44705"}],"wp:term":[{"taxonomy":"product_brand","embeddable":true,"href":"https:\/\/staging.belleflamme.ca\/fr\/wp-json\/wp\/v2\/product_brand?post=44705"},{"taxonomy":"product_cat","embeddable":true,"href":"https:\/\/staging.belleflamme.ca\/fr\/wp-json\/wp\/v2\/product_cat?post=44705"},{"taxonomy":"product_tag","embeddable":true,"href":"https:\/\/staging.belleflamme.ca\/fr\/wp-json\/wp\/v2\/product_tag?post=44705"}],"curies":[{"name":"wp","href":"https:\/\/api.w.org\/{rel}","templated":true}]}}