{"id":4463,"date":"2023-02-15T16:32:21","date_gmt":"2023-02-15T21:32:21","guid":{"rendered":"https:\/\/www.belleflamme.ca\/product\/fournaise-au-gaz-xc95m-modulant\/"},"modified":"2024-12-04T12:05:41","modified_gmt":"2024-12-04T17:05:41","slug":"fournaise-au-gaz-xc95m-modulant","status":"publish","type":"product","link":"https:\/\/staging.belleflamme.ca\/fr\/produit\/fournaise-au-gaz-xc95m-modulant\/","title":{"rendered":"Fournaise au gaz \u00e0 vitesse variable modulante 96 de Trane"},"content":{"rendered":"\t\t<div data-elementor-type=\"product-post\" data-elementor-id=\"4463\" class=\"elementor elementor-4463\" data-elementor-post-type=\"product\">\n\t\t\t\t\t\t<section class=\"elementor-section elementor-top-section elementor-element elementor-element-43914a1e elementor-section-boxed elementor-section-height-default elementor-section-height-default\" data-id=\"43914a1e\" data-element_type=\"section\">\n\t\t\t\t\t\t<div class=\"elementor-container elementor-column-gap-default\">\n\t\t\t\t\t<div class=\"elementor-column elementor-col-100 elementor-top-column elementor-element elementor-element-60f0e77c\" data-id=\"60f0e77c\" data-element_type=\"column\">\n\t\t\t<div class=\"elementor-widget-wrap elementor-element-populated\">\n\t\t\t\t\t\t<div class=\"elementor-element elementor-element-49ee3234 elementor-widget elementor-widget-text-editor\" data-id=\"49ee3234\" data-element_type=\"widget\" data-widget_type=\"text-editor.default\">\n\t\t\t\t<div class=\"elementor-widget-container\">\n\t\t\t\t\t\t\t\t\t<h2>Con\u00e7u pour l&#8217;efficacit\u00e9<\/h2><p>Profitez des avantages d&#8217;une fournaise \u00e0 gaz con\u00e7u pour fonctionner de mani\u00e8re optimale sans gaspiller d&#8217;\u00e9nergie. Le four \u00e0 gaz \u00e0 vitesse variable modulante 96 a un indice AFUE allant jusqu&#8217;\u00e0 97,3 %, ce qui signifie que la majeure partie de son combustible devient de la chaleur utilisable pour votre maison.<\/p><h2>Coh\u00e9rent et pr\u00e9cis<\/h2><p>Obtenez une chaleur continue tout au long de l\u2019hiver gr\u00e2ce \u00e0 un moteur de ventilateur \u00e0 vitesse variable.<\/p><h2 class=\"flex-1 w-fit text-left\"><span class=\"text-white font-bold text-3xl pb-8 font-Inter\"><span>Confort tranquille<\/span><\/span><\/h2><div class=\"flex-1 w-fit text-left\"><p>Ressentez les effets de votre fournaise \u00e0 haut rendement sans avoir \u00e0 l&#8217;entendre. La fournaise au gaz \u00e0 vitesse variable modulante 96 comprend une armoire isol\u00e9e qui contribue \u00e0 assurer un fonctionnement silencieux.<\/p><h2><span class=\"text-white font-bold text-3xl pb-8 font-Inter\">Obtenez le meilleur des deux mondes avec un syst\u00e8me hybride<\/span><\/h2><p class=\"text-white font-medium text-22\">Associez votre fournaise au gaz \u00e0 une thermopompe pour profiter des avantages d\u2019un syst\u00e8me hybride. Votre thermopompe chauffe principalement votre maison et votre fournaise intervient lorsque la temp\u00e9rature devient trop froide. Ensemble, elles vous offrent un confort fiable qui pourrait r\u00e9duire vos co\u00fbts \u00e9nerg\u00e9tiques.<\/p><h3 class=\"text-[28px] font-Inter\">96 Sp\u00e9cifications du four \u00e0 gaz \u00e0 vitesse variable modulante<\/h3><div class=\"font-Lato font-400 [&amp;_p]:text-18\"><p>Chaque fournaise Trane est \u00e9quip\u00e9e de composants de haute qualit\u00e9. Chacun d&#8217;entre eux contribue \u00e0 garantir qu&#8217;\u00e0 chaque fois, votre appareil offrira un confort total sur lequel votre famille pourra compter. La\u00a0<strong>fournaise au gaz \u00e0 vitesse variable modulante 96<\/strong>\u00a0comprend :<\/p><\/div><div class=\"flex flex-col gap-0 lg:gap-x-10 mt-4 mb-8 lg:mt-6 lg:mb-10 lg:flex-row w-full justify-between\"><ul class=\"mb-0\"><li class=\"mb-8 last:mb-0\">Capacit\u00e9 de communication ComfortLink\u2122 II<\/li><li class=\"mb-8 last:mb-0\">Interface utilisateur communicante<\/li><li class=\"mb-8 last:mb-0\">Moteur de ventilateur \u00e0 vitesse variable<\/li><li class=\"mb-8 last:mb-0\">Le four \u00e0 gaz enti\u00e8rement modulant offre une meilleure efficacit\u00e9 \u00e9nerg\u00e9tique et un contr\u00f4le ultime du confort<\/li><li class=\"mb-8 last:mb-0\">Armoire \u00e9paisse peinte en poudre bicolore<\/li><li class=\"mb-8 last:mb-0\">D\u00e9shumidification accrue avec Comfort-R\u2122<\/li><li class=\"mb-8 last:mb-0\">Allumeur de surface chaude durable en nitrure de silicium<\/li><li class=\"mb-8 last:mb-0\">Br\u00fbleurs multi-ports \u00e0 allumage par injection<\/li><li class=\"mb-8 last:mb-0\">\u00c9changeur de chaleur primaire monobloc en acier aluminis\u00e9<\/li><li class=\"mb-8 last:mb-0\">Fusible 24 volts pour prot\u00e9ger les commandes<\/li><li class=\"mb-8 last:mb-0\">Armoire isol\u00e9e pour un fonctionnement silencieux<\/li><li class=\"mb-8 last:mb-0\">Compatible avec ERV, humidificateur et purificateur d&#8217;air<\/li><li class=\"mb-8 last:mb-0\">Ce produit \u00e9tait auparavant connu sous le nom de four \u00e0 gaz XC95m<\/li><\/ul><div class=\"flex flex-col mr-14\"><p class=\"text-[#FF3D00] font-Lato my-0 font-600\"><strong>\u00c9tapes de chauffage<\/strong><\/p><div class=\"font-Lato lg:font-Inter text-32 font-700 mt-2\"><span>Modulant<\/span><\/div><\/div><div class=\"flex flex-col mr-14\"><p class=\"text-[#FF3D00] font-Lato my-0 font-600\"><strong>L&#8217;AFUE<\/strong><\/p><div class=\"font-Lato lg:font-Inter text-32 font-700 mt-2\"><span>97%<\/span><\/div><\/div><div class=\"flex flex-col mr-14\"><p class=\"text-[#FF3D00] font-Lato my-0 font-600\"><strong>Certifi\u00e9 ENERGY STAR\u00ae<\/strong><\/p><div class=\"font-Lato lg:font-Inter text-32 font-700 mt-2\"><img decoding=\"async\" class=\"alignnone size-full wp-image-45177\" src=\"https:\/\/www.belleflamme.ca\/wp-content\/uploads\/2024\/12\/logo-Energy-Star-logo-1.png\" alt=\"\" width=\"100\" height=\"100\" \/><\/div><\/div><\/div><div>\u00a0<\/div><div style=\"text-align: center;\"><img fetchpriority=\"high\" decoding=\"async\" class=\"alignnone size-full wp-image-45185\" src=\"https:\/\/www.belleflamme.ca\/wp-content\/uploads\/2024\/12\/Garantie-Belleflamme-FR-2-2.png\" alt=\"\" width=\"250\" height=\"250\" srcset=\"https:\/\/staging.belleflamme.ca\/wp-content\/uploads\/2024\/12\/Garantie-Belleflamme-FR-2-2.png 250w, https:\/\/staging.belleflamme.ca\/wp-content\/uploads\/2024\/12\/Garantie-Belleflamme-FR-2-2-150x150.png 150w, https:\/\/staging.belleflamme.ca\/wp-content\/uploads\/2024\/12\/Garantie-Belleflamme-FR-2-2-100x100.png 100w\" sizes=\"(max-width: 250px) 100vw, 250px\" \/> <img decoding=\"async\" class=\"alignnone size-full wp-image-45183\" src=\"https:\/\/www.belleflamme.ca\/wp-content\/uploads\/2024\/12\/Garantie-Belleflamme-FR-3-1.png\" alt=\"\" width=\"250\" height=\"250\" srcset=\"https:\/\/staging.belleflamme.ca\/wp-content\/uploads\/2024\/12\/Garantie-Belleflamme-FR-3-1.png 250w, https:\/\/staging.belleflamme.ca\/wp-content\/uploads\/2024\/12\/Garantie-Belleflamme-FR-3-1-150x150.png 150w, https:\/\/staging.belleflamme.ca\/wp-content\/uploads\/2024\/12\/Garantie-Belleflamme-FR-3-1-100x100.png 100w\" sizes=\"(max-width: 250px) 100vw, 250px\" \/><\/div><\/div><div>\u00a0<\/div><div style=\"text-align: center;\"><img loading=\"lazy\" decoding=\"async\" class=\"alignnone size-full wp-image-45234\" src=\"https:\/\/www.belleflamme.ca\/wp-content\/uploads\/2024\/12\/2024-12-04-12_03_43-22-1840-16A-EN.png\" alt=\"\" width=\"686\" height=\"712\" srcset=\"https:\/\/staging.belleflamme.ca\/wp-content\/uploads\/2024\/12\/2024-12-04-12_03_43-22-1840-16A-EN.png 686w, https:\/\/staging.belleflamme.ca\/wp-content\/uploads\/2024\/12\/2024-12-04-12_03_43-22-1840-16A-EN-289x300.png 289w\" sizes=\"(max-width: 686px) 100vw, 686px\" \/> <img loading=\"lazy\" decoding=\"async\" class=\"alignnone size-full wp-image-45236\" src=\"https:\/\/www.belleflamme.ca\/wp-content\/uploads\/2024\/12\/2024-12-04-12_03_26-22-1840-16A-EN.png\" alt=\"\" width=\"690\" height=\"703\" srcset=\"https:\/\/staging.belleflamme.ca\/wp-content\/uploads\/2024\/12\/2024-12-04-12_03_26-22-1840-16A-EN.png 690w, https:\/\/staging.belleflamme.ca\/wp-content\/uploads\/2024\/12\/2024-12-04-12_03_26-22-1840-16A-EN-294x300.png 294w\" sizes=\"(max-width: 690px) 100vw, 690px\" \/><\/div><div>\u00a0<\/div>\t\t\t\t\t\t\t\t<\/div>\n\t\t\t\t<\/div>\n\t\t\t\t\t<\/div>\n\t\t<\/div>\n\t\t\t\t\t<\/div>\n\t\t<\/section>\n\t\t\t\t<section class=\"elementor-section elementor-top-section elementor-element elementor-element-aaac82f elementor-section-boxed elementor-section-height-default elementor-section-height-default\" data-id=\"aaac82f\" data-element_type=\"section\">\n\t\t\t\t\t\t<div class=\"elementor-container elementor-column-gap-default\">\n\t\t\t\t\t<div class=\"elementor-column elementor-col-100 elementor-top-column elementor-element elementor-element-8e23b45\" data-id=\"8e23b45\" data-element_type=\"column\">\n\t\t\t<div class=\"elementor-widget-wrap elementor-element-populated\">\n\t\t\t\t\t\t<div class=\"elementor-element elementor-element-8918afd elementor-tabs-view-horizontal elementor-widget elementor-widget-tabs\" data-id=\"8918afd\" data-element_type=\"widget\" data-widget_type=\"tabs.default\">\n\t\t\t\t<div class=\"elementor-widget-container\">\n\t\t\t\t\t\t\t<div class=\"elementor-tabs\">\n\t\t\t<div class=\"elementor-tabs-wrapper\" role=\"tablist\" >\n\t\t\t\t\t\t\t\t\t<div id=\"elementor-tab-title-1431\" class=\"elementor-tab-title elementor-tab-desktop-title\" aria-selected=\"true\" data-tab=\"1\" role=\"tab\" tabindex=\"0\" aria-controls=\"elementor-tab-content-1431\" aria-expanded=\"false\">Fichiers<\/div>\n\t\t\t\t\t\t\t<\/div>\n\t\t\t<div class=\"elementor-tabs-content-wrapper\" role=\"tablist\" aria-orientation=\"vertical\">\n\t\t\t\t\t\t\t\t\t<div class=\"elementor-tab-title elementor-tab-mobile-title\" aria-selected=\"true\" data-tab=\"1\" role=\"tab\" tabindex=\"0\" aria-controls=\"elementor-tab-content-1431\" aria-expanded=\"false\">Fichiers<\/div>\n\t\t\t\t\t<div id=\"elementor-tab-content-1431\" class=\"elementor-tab-content elementor-clearfix\" data-tab=\"1\" role=\"tabpanel\" aria-labelledby=\"elementor-tab-title-1431\" tabindex=\"0\" hidden=\"false\"><i class=\"far fa-file-pdf fa-xl\" style=\"font-size:35px\"><\/i><a href=\"https:\/\/www.belleflamme.ca\/wp-content\/uploads\/2024\/12\/TT_72-1340-10_TR-92-96-Gas-Furnaces-Brochure_proof_052924-1.pdf\"> Brochure<\/a><\/br>\n<i class=\"far fa-file-pdf fa-xl\" style=\"font-size:35px\"><\/i><a href=\"https:\/\/www.belleflamme.ca\/wp-content\/uploads\/2024\/12\/22-1840-16A-EN_04062020.pdf\"> Sp\u00e9cifications<\/a><\/br>\n<i class=\"far fa-file-pdf fa-xl\" style=\"font-size:35px\"><\/i><a href=\"https:\/\/www.belleflamme.ca\/wp-content\/uploads\/2024\/12\/18-CD30D1-18-FC_05012019.pdf\"> Installation<\/a><\/br>\n<i class=\"far fa-file-pdf fa-xl\" style=\"font-size:35px\"><\/i><a href=\"https:\/\/www.belleflamme.ca\/wp-content\/uploads\/2024\/12\/32-5083-1C-EN_05212024-1.pdf\"> Manuel de l&#8217;utilisateur<\/a><\/br><\/div>\n\t\t\t\t\t\t\t<\/div>\n\t\t<\/div>\n\t\t\t\t\t\t<\/div>\n\t\t\t\t<\/div>\n\t\t\t\t\t<\/div>\n\t\t<\/div>\n\t\t\t\t\t<\/div>\n\t\t<\/section>\n\t\t\t\t<\/div>\n\t\t","protected":false},"excerpt":{"rendered":"<p>Con\u00e7u pour l&#8217;efficacit\u00e9 Profitez des avantages d&#8217;une fournaise \u00e0 gaz con\u00e7u pour fonctionner de mani\u00e8re optimale sans gaspiller d&#8217;\u00e9nergie. Le four \u00e0 gaz \u00e0 vitesse variable modulante 96 a un indice AFUE allant jusqu&#8217;\u00e0 97,3 %, ce qui signifie que la majeure partie de son combustible devient de la chaleur utilisable pour votre maison. Coh\u00e9rent [&hellip;]<\/p>\n","protected":false},"featured_media":5061,"template":"","meta":{"inline_featured_image":false},"product_brand":[291],"product_cat":[70,76,80,71],"product_tag":[],"class_list":{"0":"post-4463","1":"product","2":"type-product","3":"status-publish","4":"has-post-thumbnail","6":"product_brand-trane","7":"product_cat-climatisation-chauffage","8":"product_cat-fournaise","9":"product_cat-fournaises-aux-gaz","10":"product_cat-systeme-central","12":"first","13":"instock","14":"taxable","15":"shipping-taxable","16":"product-type-variable"},"yoast_head":"<!-- This site is optimized with the Yoast SEO Premium plugin v24.2 (Yoast SEO v24.2) - https:\/\/yoast.com\/wordpress\/plugins\/seo\/ -->\n<title>Fournaise au gaz \u00e0 vitesse variable modulante 96 de Trane - Groupe BelleFlamme<\/title>\n<meta name=\"description\" content=\"Fournaise au gaz \u00e0 vitesse variable modulante 96 de Trane vendu et install\u00e9 par le Groupe Belleflamme. Laval, Montr\u00e9al, Gatineau et Saint-Sauveur.\" \/>\n<meta name=\"robots\" content=\"index, follow, max-snippet:-1, max-image-preview:large, max-video-preview:-1\" \/>\n<link rel=\"canonical\" href=\"https:\/\/staging.belleflamme.ca\/fr\/produit\/fournaise-au-gaz-xc95m-modulant\/\" \/>\n<meta property=\"og:locale\" content=\"fr_FR\" \/>\n<meta property=\"og:type\" content=\"article\" \/>\n<meta property=\"og:title\" content=\"Fournaise au gaz \u00e0 vitesse variable modulante 96 de Trane\" \/>\n<meta property=\"og:description\" content=\"Fournaise au gaz \u00e0 vitesse variable modulante 96 de Trane vendu et install\u00e9 par le Groupe Belleflamme. Laval, Montr\u00e9al, Gatineau et Saint-Sauveur.\" \/>\n<meta property=\"og:url\" content=\"https:\/\/staging.belleflamme.ca\/fr\/produit\/fournaise-au-gaz-xc95m-modulant\/\" \/>\n<meta property=\"og:site_name\" content=\"Groupe BelleFlamme\" \/>\n<meta property=\"article:publisher\" content=\"https:\/\/www.facebook.com\/belleflamme.ca\/\" \/>\n<meta property=\"article:modified_time\" content=\"2024-12-04T17:05:41+00:00\" \/>\n<meta property=\"og:image\" content=\"https:\/\/www.belleflamme.ca\/wp-content\/uploads\/2023\/02\/XC95m-fournaise-trane.webp\" \/>\n\t<meta property=\"og:image:width\" content=\"600\" \/>\n\t<meta property=\"og:image:height\" content=\"600\" \/>\n\t<meta property=\"og:image:type\" content=\"image\/webp\" \/>\n<meta name=\"twitter:card\" content=\"summary_large_image\" \/>\n<meta name=\"twitter:label1\" content=\"Disponibilit\u00e9\" \/>\n\t<meta name=\"twitter:data1\" content=\"En stock\" \/>\n<script type=\"application\/ld+json\" class=\"yoast-schema-graph\">{\"@context\":\"https:\/\/schema.org\",\"@graph\":[{\"@type\":[\"WebPage\",\"ItemPage\"],\"@id\":\"https:\/\/staging.belleflamme.ca\/fr\/produit\/fournaise-au-gaz-xc95m-modulant\/\",\"url\":\"https:\/\/staging.belleflamme.ca\/fr\/produit\/fournaise-au-gaz-xc95m-modulant\/\",\"name\":\"Fournaise au gaz \u00e0 vitesse variable modulante 96 de Trane - Groupe BelleFlamme\",\"isPartOf\":{\"@id\":\"https:\/\/www.belleflamme.ca\/fr\/#website\"},\"primaryImageOfPage\":{\"@id\":\"https:\/\/staging.belleflamme.ca\/fr\/produit\/fournaise-au-gaz-xc95m-modulant\/#primaryimage\"},\"image\":{\"@id\":\"https:\/\/staging.belleflamme.ca\/fr\/produit\/fournaise-au-gaz-xc95m-modulant\/#primaryimage\"},\"thumbnailUrl\":\"https:\/\/staging.belleflamme.ca\/wp-content\/uploads\/2023\/02\/XC95m-fournaise-trane.webp\",\"datePublished\":\"2023-02-15T21:32:21+00:00\",\"dateModified\":\"2024-12-04T17:05:41+00:00\",\"description\":\"Fournaise au gaz \u00e0 vitesse variable modulante 96 de Trane vendu et install\u00e9 par le Groupe Belleflamme. Laval, Montr\u00e9al, Gatineau et Saint-Sauveur.\",\"breadcrumb\":{\"@id\":\"https:\/\/staging.belleflamme.ca\/fr\/produit\/fournaise-au-gaz-xc95m-modulant\/#breadcrumb\"},\"inLanguage\":\"fr-FR\",\"potentialAction\":[{\"@type\":\"ReadAction\",\"target\":[\"https:\/\/staging.belleflamme.ca\/fr\/produit\/fournaise-au-gaz-xc95m-modulant\/\"]}]},{\"@type\":\"ImageObject\",\"inLanguage\":\"fr-FR\",\"@id\":\"https:\/\/staging.belleflamme.ca\/fr\/produit\/fournaise-au-gaz-xc95m-modulant\/#primaryimage\",\"url\":\"https:\/\/staging.belleflamme.ca\/wp-content\/uploads\/2023\/02\/XC95m-fournaise-trane.webp\",\"contentUrl\":\"https:\/\/staging.belleflamme.ca\/wp-content\/uploads\/2023\/02\/XC95m-fournaise-trane.webp\",\"width\":600,\"height\":600,\"caption\":\"XC95m fournaise trane\"},{\"@type\":\"BreadcrumbList\",\"@id\":\"https:\/\/staging.belleflamme.ca\/fr\/produit\/fournaise-au-gaz-xc95m-modulant\/#breadcrumb\",\"itemListElement\":[{\"@type\":\"ListItem\",\"position\":1,\"name\":\"Accueil\",\"item\":\"https:\/\/www.belleflamme.ca\/fr\/\"},{\"@type\":\"ListItem\",\"position\":2,\"name\":\"Boutique\",\"item\":\"https:\/\/www.belleflamme.ca\/fr\/boutique\/\"},{\"@type\":\"ListItem\",\"position\":3,\"name\":\"Climatisation &amp; Chauffage\",\"item\":\"https:\/\/staging.belleflamme.ca\/fr\/categories\/climatisation-chauffage\/\"},{\"@type\":\"ListItem\",\"position\":4,\"name\":\"Syst\u00e8me central\",\"item\":\"https:\/\/staging.belleflamme.ca\/fr\/categories\/climatisation-chauffage\/systeme-central\/\"},{\"@type\":\"ListItem\",\"position\":5,\"name\":\"Fournaise\",\"item\":\"https:\/\/staging.belleflamme.ca\/fr\/categories\/climatisation-chauffage\/systeme-central\/fournaise\/\"},{\"@type\":\"ListItem\",\"position\":6,\"name\":\"Fournaises au Gaz\",\"item\":\"https:\/\/staging.belleflamme.ca\/fr\/categories\/climatisation-chauffage\/systeme-central\/fournaise\/fournaises-aux-gaz\/\"},{\"@type\":\"ListItem\",\"position\":7,\"name\":\"Fournaise au gaz \u00e0 vitesse variable modulante 96 de Trane\"}]},{\"@type\":\"WebSite\",\"@id\":\"https:\/\/www.belleflamme.ca\/fr\/#website\",\"url\":\"https:\/\/www.belleflamme.ca\/fr\/\",\"name\":\"Groupe Belleflamme\",\"description\":\"La m\u00e9canique du b\u00e2timent dans le sang.\",\"publisher\":{\"@id\":\"https:\/\/www.belleflamme.ca\/fr\/#organization\"},\"potentialAction\":[{\"@type\":\"SearchAction\",\"target\":{\"@type\":\"EntryPoint\",\"urlTemplate\":\"https:\/\/www.belleflamme.ca\/fr\/?s={search_term_string}\"},\"query-input\":{\"@type\":\"PropertyValueSpecification\",\"valueRequired\":true,\"valueName\":\"search_term_string\"}}],\"inLanguage\":\"fr-FR\"},{\"@type\":[\"Organization\",\"Place\"],\"@id\":\"https:\/\/www.belleflamme.ca\/fr\/#organization\",\"name\":\"Groupe Belleflamme\",\"alternateName\":\"Belleflamme\",\"url\":\"https:\/\/www.belleflamme.ca\/fr\/\",\"logo\":{\"@type\":\"ImageObject\",\"inLanguage\":\"fr-FR\",\"@id\":\"https:\/\/www.belleflamme.ca\/fr\/#\/schema\/logo\/image\/\",\"url\":\"https:\/\/staging.belleflamme.ca\/wp-content\/uploads\/2023\/01\/og-image.jpg\",\"contentUrl\":\"https:\/\/staging.belleflamme.ca\/wp-content\/uploads\/2023\/01\/og-image.jpg\",\"width\":1200,\"height\":630,\"caption\":\"Groupe Belleflamme\"},\"image\":{\"@id\":\"https:\/\/www.belleflamme.ca\/fr\/#\/schema\/logo\/image\/\"},\"sameAs\":[\"https:\/\/www.facebook.com\/belleflamme.ca\/\",\"https:\/\/www.linkedin.com\/company\/belleflamme\/\",\"https:\/\/www.pinterest.ca\/groupebelleflamme\/\",\"https:\/\/www.instagram.com\/legroupebelleflamme\/\"],\"mainEntityOfPage\":{\"@id\":\"https:\/\/staging.belleflamme.ca\/fr\/produit\/fournaise-au-gaz-xc95m-modulant\/\"}}]}<\/script>\n<meta property=\"product:brand\" content=\"Trane\" \/>\n<meta property=\"og:availability\" content=\"instock\" \/>\n<meta property=\"product:availability\" content=\"instock\" \/>\n<meta property=\"product:condition\" content=\"new\" \/>\n<!-- \/ Yoast SEO Premium plugin. -->","yoast_head_json":{"title":"Fournaise au gaz \u00e0 vitesse variable modulante 96 de Trane - Groupe BelleFlamme","description":"Fournaise au gaz \u00e0 vitesse variable modulante 96 de Trane vendu et install\u00e9 par le Groupe Belleflamme. Laval, Montr\u00e9al, Gatineau et Saint-Sauveur.","robots":{"index":"index","follow":"follow","max-snippet":"max-snippet:-1","max-image-preview":"max-image-preview:large","max-video-preview":"max-video-preview:-1"},"canonical":"https:\/\/staging.belleflamme.ca\/fr\/produit\/fournaise-au-gaz-xc95m-modulant\/","og_locale":"fr_FR","og_type":"article","og_title":"Fournaise au gaz \u00e0 vitesse variable modulante 96 de Trane","og_description":"Fournaise au gaz \u00e0 vitesse variable modulante 96 de Trane vendu et install\u00e9 par le Groupe Belleflamme. Laval, Montr\u00e9al, Gatineau et Saint-Sauveur.","og_url":"https:\/\/staging.belleflamme.ca\/fr\/produit\/fournaise-au-gaz-xc95m-modulant\/","og_site_name":"Groupe BelleFlamme","article_publisher":"https:\/\/www.facebook.com\/belleflamme.ca\/","article_modified_time":"2024-12-04T17:05:41+00:00","og_image":[{"width":600,"height":600,"url":"https:\/\/www.belleflamme.ca\/wp-content\/uploads\/2023\/02\/XC95m-fournaise-trane.webp","type":"image\/webp"}],"twitter_card":"summary_large_image","twitter_misc":{"Disponibilit\u00e9":"En stock"},"schema":{"@context":"https:\/\/schema.org","@graph":[{"@type":["WebPage","ItemPage"],"@id":"https:\/\/staging.belleflamme.ca\/fr\/produit\/fournaise-au-gaz-xc95m-modulant\/","url":"https:\/\/staging.belleflamme.ca\/fr\/produit\/fournaise-au-gaz-xc95m-modulant\/","name":"Fournaise au gaz \u00e0 vitesse variable modulante 96 de Trane - Groupe BelleFlamme","isPartOf":{"@id":"https:\/\/www.belleflamme.ca\/fr\/#website"},"primaryImageOfPage":{"@id":"https:\/\/staging.belleflamme.ca\/fr\/produit\/fournaise-au-gaz-xc95m-modulant\/#primaryimage"},"image":{"@id":"https:\/\/staging.belleflamme.ca\/fr\/produit\/fournaise-au-gaz-xc95m-modulant\/#primaryimage"},"thumbnailUrl":"https:\/\/staging.belleflamme.ca\/wp-content\/uploads\/2023\/02\/XC95m-fournaise-trane.webp","datePublished":"2023-02-15T21:32:21+00:00","dateModified":"2024-12-04T17:05:41+00:00","description":"Fournaise au gaz \u00e0 vitesse variable modulante 96 de Trane vendu et install\u00e9 par le Groupe Belleflamme. Laval, Montr\u00e9al, Gatineau et Saint-Sauveur.","breadcrumb":{"@id":"https:\/\/staging.belleflamme.ca\/fr\/produit\/fournaise-au-gaz-xc95m-modulant\/#breadcrumb"},"inLanguage":"fr-FR","potentialAction":[{"@type":"ReadAction","target":["https:\/\/staging.belleflamme.ca\/fr\/produit\/fournaise-au-gaz-xc95m-modulant\/"]}]},{"@type":"ImageObject","inLanguage":"fr-FR","@id":"https:\/\/staging.belleflamme.ca\/fr\/produit\/fournaise-au-gaz-xc95m-modulant\/#primaryimage","url":"https:\/\/staging.belleflamme.ca\/wp-content\/uploads\/2023\/02\/XC95m-fournaise-trane.webp","contentUrl":"https:\/\/staging.belleflamme.ca\/wp-content\/uploads\/2023\/02\/XC95m-fournaise-trane.webp","width":600,"height":600,"caption":"XC95m fournaise trane"},{"@type":"BreadcrumbList","@id":"https:\/\/staging.belleflamme.ca\/fr\/produit\/fournaise-au-gaz-xc95m-modulant\/#breadcrumb","itemListElement":[{"@type":"ListItem","position":1,"name":"Accueil","item":"https:\/\/www.belleflamme.ca\/fr\/"},{"@type":"ListItem","position":2,"name":"Boutique","item":"https:\/\/www.belleflamme.ca\/fr\/boutique\/"},{"@type":"ListItem","position":3,"name":"Climatisation &amp; Chauffage","item":"https:\/\/staging.belleflamme.ca\/fr\/categories\/climatisation-chauffage\/"},{"@type":"ListItem","position":4,"name":"Syst\u00e8me central","item":"https:\/\/staging.belleflamme.ca\/fr\/categories\/climatisation-chauffage\/systeme-central\/"},{"@type":"ListItem","position":5,"name":"Fournaise","item":"https:\/\/staging.belleflamme.ca\/fr\/categories\/climatisation-chauffage\/systeme-central\/fournaise\/"},{"@type":"ListItem","position":6,"name":"Fournaises au Gaz","item":"https:\/\/staging.belleflamme.ca\/fr\/categories\/climatisation-chauffage\/systeme-central\/fournaise\/fournaises-aux-gaz\/"},{"@type":"ListItem","position":7,"name":"Fournaise au gaz \u00e0 vitesse variable modulante 96 de Trane"}]},{"@type":"WebSite","@id":"https:\/\/www.belleflamme.ca\/fr\/#website","url":"https:\/\/www.belleflamme.ca\/fr\/","name":"Groupe Belleflamme","description":"La m\u00e9canique du b\u00e2timent dans le sang.","publisher":{"@id":"https:\/\/www.belleflamme.ca\/fr\/#organization"},"potentialAction":[{"@type":"SearchAction","target":{"@type":"EntryPoint","urlTemplate":"https:\/\/www.belleflamme.ca\/fr\/?s={search_term_string}"},"query-input":{"@type":"PropertyValueSpecification","valueRequired":true,"valueName":"search_term_string"}}],"inLanguage":"fr-FR"},{"@type":["Organization","Place"],"@id":"https:\/\/www.belleflamme.ca\/fr\/#organization","name":"Groupe Belleflamme","alternateName":"Belleflamme","url":"https:\/\/www.belleflamme.ca\/fr\/","logo":{"@type":"ImageObject","inLanguage":"fr-FR","@id":"https:\/\/www.belleflamme.ca\/fr\/#\/schema\/logo\/image\/","url":"https:\/\/staging.belleflamme.ca\/wp-content\/uploads\/2023\/01\/og-image.jpg","contentUrl":"https:\/\/staging.belleflamme.ca\/wp-content\/uploads\/2023\/01\/og-image.jpg","width":1200,"height":630,"caption":"Groupe Belleflamme"},"image":{"@id":"https:\/\/www.belleflamme.ca\/fr\/#\/schema\/logo\/image\/"},"sameAs":["https:\/\/www.facebook.com\/belleflamme.ca\/","https:\/\/www.linkedin.com\/company\/belleflamme\/","https:\/\/www.pinterest.ca\/groupebelleflamme\/","https:\/\/www.instagram.com\/legroupebelleflamme\/"],"mainEntityOfPage":{"@id":"https:\/\/staging.belleflamme.ca\/fr\/produit\/fournaise-au-gaz-xc95m-modulant\/"}}]},"product_brand":"Trane","og_availability":"instock","product_availability":"instock","product_condition":"new"},"_links":{"self":[{"href":"https:\/\/staging.belleflamme.ca\/fr\/wp-json\/wp\/v2\/product\/4463","targetHints":{"allow":["GET"]}}],"collection":[{"href":"https:\/\/staging.belleflamme.ca\/fr\/wp-json\/wp\/v2\/product"}],"about":[{"href":"https:\/\/staging.belleflamme.ca\/fr\/wp-json\/wp\/v2\/types\/product"}],"version-history":[{"count":8,"href":"https:\/\/staging.belleflamme.ca\/fr\/wp-json\/wp\/v2\/product\/4463\/revisions"}],"predecessor-version":[{"id":45246,"href":"https:\/\/staging.belleflamme.ca\/fr\/wp-json\/wp\/v2\/product\/4463\/revisions\/45246"}],"wp:featuredmedia":[{"embeddable":true,"href":"https:\/\/staging.belleflamme.ca\/fr\/wp-json\/wp\/v2\/media\/5061"}],"wp:attachment":[{"href":"https:\/\/staging.belleflamme.ca\/fr\/wp-json\/wp\/v2\/media?parent=4463"}],"wp:term":[{"taxonomy":"product_brand","embeddable":true,"href":"https:\/\/staging.belleflamme.ca\/fr\/wp-json\/wp\/v2\/product_brand?post=4463"},{"taxonomy":"product_cat","embeddable":true,"href":"https:\/\/staging.belleflamme.ca\/fr\/wp-json\/wp\/v2\/product_cat?post=4463"},{"taxonomy":"product_tag","embeddable":true,"href":"https:\/\/staging.belleflamme.ca\/fr\/wp-json\/wp\/v2\/product_tag?post=4463"}],"curies":[{"name":"wp","href":"https:\/\/api.w.org\/{rel}","templated":true}]}}